{"id":100021,"date":"2025-04-17T14:24:42","date_gmt":"2025-04-17T11:24:42","guid":{"rendered":"https:\/\/www.lilleliis.com\/?page_id=100021"},"modified":"2025-04-17T14:26:44","modified_gmt":"2025-04-17T11:26:44","slug":"lihtne-heegeldatud-lill","status":"publish","type":"page","link":"https:\/\/www.lilleliis.com\/et\/amigurumi-mustrid\/lihtne-heegeldatud-lill\/","title":{"rendered":"Lihtne heegeldatud lill"},"content":{"rendered":"  <div id=\"page-header-978645687\" class=\"page-header-wrapper\">\n  <div class=\"page-title dark divided-title\">\n\n        <div class=\"page-title-bg\">\n      <div class=\"title-bg fill bg-fill\"\n        data-parallax-container=\".page-title\"\n        data-parallax-background\n        data-parallax=\"-\">\n      <\/div>\n      <div class=\"title-overlay fill\"><\/div>\n    <\/div>\n    \n    <div class=\"page-title-inner container align-center text-center flex-row-col medium-flex-wrap\" >\n              <div class=\"title-wrapper uppercase is-large flex-col\">\n          <h1 class=\"entry-title mb-0\">\n            Lihtne heegeldatud lill          <\/h1>\n        <\/div>\n                <div class=\"page-title-sub op-7 flex-col\">\n          <p class=\"lead\">Tasuta \u00f5petus \u00a9 Mari-Liis Lille<\/p>\n        <\/div>\n                    <div class=\"title-content flex-col\">\n        <div class=\"title-share pt-half pb-half\"><div class=\"social-icons share-icons share-row relative icon-style-outline\" ><a href=\"https:\/\/www.facebook.com\/sharer.php?u=https:\/\/www.lilleliis.com\/et\/amigurumi-mustrid\/lihtne-heegeldatud-lill\/\" data-label=\"Facebook\" onclick=\"window.open(this.href,this.title,'width=500,height=500,top=300px,left=300px'); return false;\" target=\"_blank\" class=\"icon button circle is-outline tooltip facebook\" title=\"Share on Facebook\" aria-label=\"Share on Facebook\" rel=\"noopener nofollow\"><i class=\"icon-facebook\" aria-hidden=\"true\"><\/i><\/a><a href=\"mailto:?subject=Lihtne%20heegeldatud%20lill&body=Check%20this%20out%3A%20https%3A%2F%2Fwww.lilleliis.com%2Fet%2Famigurumi-mustrid%2Flihtne-heegeldatud-lill%2F\" class=\"icon button circle is-outline tooltip email\" title=\"Email to a Friend\" aria-label=\"Email to a Friend\" rel=\"nofollow\"><i class=\"icon-envelop\" aria-hidden=\"true\"><\/i><\/a><a href=\"https:\/\/pinterest.com\/pin\/create\/button?url=https:\/\/www.lilleliis.com\/et\/amigurumi-mustrid\/lihtne-heegeldatud-lill\/&media=https:\/\/www.lilleliis.com\/wp-content\/uploads\/2025\/04\/simple-crochet-flower-800x800.jpg&description=Lihtne%20heegeldatud%20lill\" onclick=\"window.open(this.href,this.title,'width=500,height=500,top=300px,left=300px'); return false;\" target=\"_blank\" class=\"icon button circle is-outline tooltip pinterest\" title=\"Pin on Pinterest\" aria-label=\"Pin on Pinterest\" rel=\"noopener nofollow\"><i class=\"icon-pinterest\" aria-hidden=\"true\"><\/i><\/a><\/div><\/div>      <\/div>\n    <\/div>\n\n     \n<style>\n#page-header-978645687 .page-title-inner {\n  min-height: 400px;\n}\n#page-header-978645687 .title-bg {\n  background-image: url(https:\/\/www.lilleliis.com\/wp-content\/uploads\/2025\/04\/simple-crochet-flower-free-pattern5.jpg);\n}\n<\/style>\n  <\/div>\n  <div class=\"container header-wrapper-divider\"><hr\/><\/div>  <\/div>\n  \n<p data-start=\"75\" data-end=\"263\">Lihtne heegeldatud lill, et kaunistada amigurumi kaisukaid. Lilleke j\u00e4nku peas v\u00f5i nuku kleidil muudab ta veelgi armsamaks.<\/p>\n<p class=\"\" data-start=\"75\" data-end=\"263\">Lille on imelihtne heegeldada. Ainult m\u00f5ne minutiga v\u00f5id valmistada terve hulga \u00f5isi.<\/p>\n<p class=\"\" data-start=\"265\" data-end=\"346\">Kasuta kahte v\u00e4rvitooni: \u00fcks lille s\u00fcdamikuks ja teine \u00f5ielehtedeks. K\u00fclge \u00f5mblemiseks v\u00f5id j\u00e4tta pika jupi esimesest toonist v\u00f5i kasutada \u00f5mblemiseks veel kolmandat tooni l\u00f5nga.<\/p>\n  <div class=\"banner-grid-wrapper\">\n  <div id=\"banner-grid-731995020\" class=\"banner-grid row row-grid row-small\" data-packery-options=\"\">\n                      \n<div class=\"col grid-col large-6 grid-col-1\" ><div class=\"col-inner\">\n\t<div class=\"img has-hover x md-x lg-x y md-y lg-y\" id=\"image_755578783\">\n\t\t<a class=\"image-lightbox lightbox-gallery\" title=\"\" href=\"https:\/\/www.lilleliis.com\/wp-content\/uploads\/2025\/04\/simple-crochet-flower-free-pattern2-533x800.jpg\">\t\t\t\t\t\t<div class=\"img-inner dark\" >\n\t\t\t<img loading=\"lazy\" decoding=\"async\" width=\"533\" height=\"800\" src=\"https:\/\/www.lilleliis.com\/wp-content\/uploads\/2025\/04\/simple-crochet-flower-free-pattern2-533x800.jpg\" class=\"attachment-large size-large\" alt=\"Lihtne heegeldatud lill tasuta \u00f5petus\" srcset=\"https:\/\/www.lilleliis.com\/wp-content\/uploads\/2025\/04\/simple-crochet-flower-free-pattern2-533x800.jpg 533w, https:\/\/www.lilleliis.com\/wp-content\/uploads\/2025\/04\/simple-crochet-flower-free-pattern2-267x400.jpg 267w, https:\/\/www.lilleliis.com\/wp-content\/uploads\/2025\/04\/simple-crochet-flower-free-pattern2-768x1152.jpg 768w, https:\/\/www.lilleliis.com\/wp-content\/uploads\/2025\/04\/simple-crochet-flower-free-pattern2-510x765.jpg 510w, https:\/\/www.lilleliis.com\/wp-content\/uploads\/2025\/04\/simple-crochet-flower-free-pattern2.jpg 1000w\" sizes=\"auto, (max-width: 533px) 100vw, 533px\" \/>\t\t\t\t\t\t\n\t\t\t\t\t<\/div>\n\t\t\t\t\t\t<\/a>\t\t\n<style>\n#image_755578783 {\n  width: 100%;\n}\n<\/style>\n\t<\/div>\n\t\n<\/div><\/div>\n<div class=\"col grid-col large-3 grid-col-1\" ><div class=\"col-inner\">\n\t<div class=\"img has-hover x md-x lg-x y md-y lg-y\" id=\"image_1909151839\">\n\t\t<a class=\"image-lightbox lightbox-gallery\" title=\"\" href=\"https:\/\/www.lilleliis.com\/wp-content\/uploads\/2025\/04\/simple-crochet-flower-free-pattern1-533x800.jpg\">\t\t\t\t\t\t<div class=\"img-inner dark\" >\n\t\t\t<img loading=\"lazy\" decoding=\"async\" width=\"533\" height=\"800\" src=\"https:\/\/www.lilleliis.com\/wp-content\/uploads\/2025\/04\/simple-crochet-flower-free-pattern1-533x800.jpg\" class=\"attachment-large size-large\" alt=\"Lihtne heegeldatud lill tasuta \u00f5petus\" srcset=\"https:\/\/www.lilleliis.com\/wp-content\/uploads\/2025\/04\/simple-crochet-flower-free-pattern1-533x800.jpg 533w, https:\/\/www.lilleliis.com\/wp-content\/uploads\/2025\/04\/simple-crochet-flower-free-pattern1-267x400.jpg 267w, https:\/\/www.lilleliis.com\/wp-content\/uploads\/2025\/04\/simple-crochet-flower-free-pattern1-768x1152.jpg 768w, https:\/\/www.lilleliis.com\/wp-content\/uploads\/2025\/04\/simple-crochet-flower-free-pattern1-510x765.jpg 510w, https:\/\/www.lilleliis.com\/wp-content\/uploads\/2025\/04\/simple-crochet-flower-free-pattern1.jpg 1000w\" sizes=\"auto, (max-width: 533px) 100vw, 533px\" \/>\t\t\t\t\t\t\n\t\t\t\t\t<\/div>\n\t\t\t\t\t\t<\/a>\t\t\n<style>\n#image_1909151839 {\n  width: 100%;\n}\n<\/style>\n\t<\/div>\n\t\n<\/div><\/div>\n<div class=\"col grid-col large-3 grid-col-1-2\" ><div class=\"col-inner\">\n\t<div class=\"img has-hover x md-x lg-x y md-y lg-y\" id=\"image_1314022357\">\n\t\t<a class=\"image-lightbox lightbox-gallery\" title=\"\" href=\"https:\/\/www.lilleliis.com\/wp-content\/uploads\/2025\/04\/simple-crochet-flower-free-pattern9-533x800.jpg\">\t\t\t\t\t\t<div class=\"img-inner dark\" >\n\t\t\t<img loading=\"lazy\" decoding=\"async\" width=\"533\" height=\"800\" src=\"https:\/\/www.lilleliis.com\/wp-content\/uploads\/2025\/04\/simple-crochet-flower-free-pattern9-533x800.jpg\" class=\"attachment-large size-large\" alt=\"Lihtne heegeldatud lill tasuta \u00f5petus\" srcset=\"https:\/\/www.lilleliis.com\/wp-content\/uploads\/2025\/04\/simple-crochet-flower-free-pattern9-533x800.jpg 533w, https:\/\/www.lilleliis.com\/wp-content\/uploads\/2025\/04\/simple-crochet-flower-free-pattern9-267x400.jpg 267w, https:\/\/www.lilleliis.com\/wp-content\/uploads\/2025\/04\/simple-crochet-flower-free-pattern9-768x1152.jpg 768w, https:\/\/www.lilleliis.com\/wp-content\/uploads\/2025\/04\/simple-crochet-flower-free-pattern9-510x765.jpg 510w, https:\/\/www.lilleliis.com\/wp-content\/uploads\/2025\/04\/simple-crochet-flower-free-pattern9.jpg 1000w\" sizes=\"auto, (max-width: 533px) 100vw, 533px\" \/>\t\t\t\t\t\t\n\t\t\t\t\t<\/div>\n\t\t\t\t\t\t<\/a>\t\t\n<style>\n#image_1314022357 {\n  width: 100%;\n}\n<\/style>\n\t<\/div>\n\t\n<\/div><\/div>\n<div class=\"col grid-col large-3 grid-col-1-2\" ><div class=\"col-inner\">\n\t<div class=\"img has-hover x md-x lg-x y md-y lg-y\" id=\"image_2135982129\">\n\t\t<a class=\"image-lightbox lightbox-gallery\" title=\"\" href=\"https:\/\/www.lilleliis.com\/wp-content\/uploads\/2025\/04\/simple-crochet-flower-free-pattern11-533x800.jpg\">\t\t\t\t\t\t<div class=\"img-inner dark\" >\n\t\t\t<img loading=\"lazy\" decoding=\"async\" width=\"533\" height=\"800\" src=\"https:\/\/www.lilleliis.com\/wp-content\/uploads\/2025\/04\/simple-crochet-flower-free-pattern11-533x800.jpg\" class=\"attachment-large size-large\" alt=\"Lihtne heegeldatud lill tasuta \u00f5petus\" srcset=\"https:\/\/www.lilleliis.com\/wp-content\/uploads\/2025\/04\/simple-crochet-flower-free-pattern11-533x800.jpg 533w, https:\/\/www.lilleliis.com\/wp-content\/uploads\/2025\/04\/simple-crochet-flower-free-pattern11-267x400.jpg 267w, https:\/\/www.lilleliis.com\/wp-content\/uploads\/2025\/04\/simple-crochet-flower-free-pattern11-768x1152.jpg 768w, https:\/\/www.lilleliis.com\/wp-content\/uploads\/2025\/04\/simple-crochet-flower-free-pattern11-510x765.jpg 510w, https:\/\/www.lilleliis.com\/wp-content\/uploads\/2025\/04\/simple-crochet-flower-free-pattern11.jpg 1000w\" sizes=\"auto, (max-width: 533px) 100vw, 533px\" \/>\t\t\t\t\t\t\n\t\t\t\t\t<\/div>\n\t\t\t\t\t\t<\/a>\t\t\n<style>\n#image_2135982129 {\n  width: 100%;\n}\n<\/style>\n\t<\/div>\n\t\n<\/div><\/div>\n            <\/div>\n    <style>\n    #banner-grid-731995020 .grid-col-1{height: 600px}\n    #banner-grid-731995020 .grid-col-1-2{height: 300px}\n    #banner-grid-731995020 .grid-col-1-3{height:200px}\n    #banner-grid-731995020 .grid-col-2-3{height: 400px}\n    #banner-grid-731995020 .grid-col-1-4{height: 150px}\n    #banner-grid-731995020 .grid-col-3-4{height: 450px}\n\n\n    \n    \n\n  <\/style>\n    <\/div>\n  \n<div class=\"message-box relative\" style=\"padding-top:15px;padding-bottom:15px;\"><div class=\"message-box-bg-image bg-fill fill\" ><\/div><div class=\"message-box-bg-overlay bg-fill fill\" ><\/div><div class=\"container relative\"><div class=\"inner last-reset\">\n<div class=\"row align-middle align-center\"  id=\"row-1195576420\">\n\n\t<div id=\"col-4724403\" class=\"col medium-9 small-12 large-9\"  >\n\t\t\t\t<div class=\"col-inner\"  >\n\t\t\t\n\t\t\t\n<h6>K\u00d5IK LILLELIISI T\u00d6\u00d6D ON ORIGINAALLOOMING. DISAINIDE KUJUNDAMISELE, \u00d5PETUSTE KIRJUTAMISELE, PILDISTAMISELE JA S\u00d5BRALIKU TEENINDUSE PAKKUMISELE KULUB PALJU AEGA JA ENERGIAT. SEEP\u00c4RAST OLEKS MUL HEA MEEL, KUI VASTUTASUKS \u00d5PETUSE KASUTAMISE EEST LISAKSID TOODETELE V\u00d5I FOTODELE (BLOGIS, FACEBOOKIS V\u00d5I KUS IGANES MUJAL) VIITE MINU KODULEHELE.<\/h6>\n<h6>\u00a9 COPYRIGHT \u2013 VALMIS TOODETE M\u00dc\u00dcMINE ON LUBATUD, KUID ENNE LOE L\u00c4HEMALT TINGIMUSTEST.<\/h6>\n\t\t<\/div>\n\t\t\t\t\t<\/div>\n\n\t\n\n\t<div id=\"col-1589786221\" class=\"col medium-2 small-12 large-2\"  >\n\t\t\t\t<div class=\"col-inner text-center\"  >\n\t\t\t\n\t\t\t\n<a href=\"https:\/\/www.lilleliis.com\/et\/autorioigused\/\" class=\"button white is-outline\" style=\"border-radius:99px;\">\n\t\t<span>loe l\u00e4hemalt<\/span>\n\t<\/a>\n\n\t\t<\/div>\n\t\t\t\t\t<\/div>\n\n\t\n<\/div>\n<\/div><\/div><\/div>\n\t<div id=\"gap-82213352\" class=\"gap-element clearfix\" style=\"display:block; height:auto;\">\n\t\t\n<style>\n#gap-82213352 {\n  padding-top: 30px;\n}\n<\/style>\n\t<\/div>\n\t\n<div class=\"row row-dashed\"  id=\"row-1451251345\">\n\n\t<div id=\"col-74926645\" class=\"col medium-6 small-12 large-6\"  >\n\t\t\t\t<div class=\"col-inner\"  >\n\t\t\t\n\t\t\t\n<p><strong>Vaja l\u00e4heb:<\/strong><\/p>\n<ul>\n<li>kahes toonis v\u00e4ikest kogust puuvillast l\u00f5nga, nt\u00a0<a href=\"https:\/\/www.lilleliis.com\/et\/toode\/scheepjes-catona\/\">Scheepjes Catona<\/a> v\u00f5i <a href=\"https:\/\/www.lilleliis.com\/et\/toode\/schachenmayr-catania\/\">Schachenmayr Catania<\/a> (50 g \/ 125 m)<\/li>\n<li>2.5 mm heegeln\u00f5ela<\/li>\n<\/ul>\n\t\t<\/div>\n\t\t\t\t\t<\/div>\n\n\t\n\n\t<div id=\"col-913252859\" class=\"col medium-6 small-12 large-6\"  >\n\t\t\t\t<div class=\"col-inner\"  >\n\t\t\t\n\t\t\t\n<p><b>Raskusaste:<\/b> lihtne<\/p>\n<p><strong>Silmused ja tingm\u00e4rgid:<\/strong><\/p>\n<p>v\u00f5luring, aassilmus (aass), ahelsilmus (ah), kinnissilmus (ks), poolsammas (ps), \u00fchekordne sammas (s)<\/p>\n\t\t<\/div>\n\t\t\t\t\t<\/div>\n\n\t\n<\/div>\n<div class=\"container section-title-container\" ><h3 class=\"section-title section-title-bold\"><b aria-hidden=\"true\"><\/b><span class=\"section-title-main\" >lille\u00f5is<\/span><b aria-hidden=\"true\"><\/b><\/h3><\/div>\n<p>Esimene rida heegelda esimese valitud tooniga. V\u00e4rv vaheta \u00e4ra enne, kui alustad teist rida.<\/p>\n<p><span style=\"font-family: arial, sans-serif;\"><span lang=\"ET\">1: Heegelda 10 ks v\u00f5luringi, aass esimesse ks-sse [10]<\/span><\/span><\/p>\n<p><span lang=\"ET\"><span style=\"font-family: arial, sans-serif;\">2: (1 ah, 1 ps ja 1 s samasse ks-sse, 1 s ja 1 ps j\u00e4rgmisse ks-sse, aass j\u00e4rgmisse ks-sse) 5 x. Tekib viis \u00f5ielehte.<\/span><\/span><\/p>\n\t<div class=\"img has-hover x md-x lg-x y md-y lg-y\" id=\"image_813481123\">\n\t\t\t\t\t\t\t\t<div class=\"img-inner dark\" >\n\t\t\t<img loading=\"lazy\" decoding=\"async\" width=\"534\" height=\"800\" src=\"https:\/\/www.lilleliis.com\/wp-content\/uploads\/2025\/04\/simple-crochet-flower-free-pattern-5-534x800.jpg\" class=\"attachment-large size-large\" alt=\"Lihtne heegeldatud lill tasuta \u00f5petus\" srcset=\"https:\/\/www.lilleliis.com\/wp-content\/uploads\/2025\/04\/simple-crochet-flower-free-pattern-5-534x800.jpg 534w, https:\/\/www.lilleliis.com\/wp-content\/uploads\/2025\/04\/simple-crochet-flower-free-pattern-5-267x400.jpg 267w, https:\/\/www.lilleliis.com\/wp-content\/uploads\/2025\/04\/simple-crochet-flower-free-pattern-5-510x765.jpg 510w, https:\/\/www.lilleliis.com\/wp-content\/uploads\/2025\/04\/simple-crochet-flower-free-pattern-5.jpg 735w\" sizes=\"auto, (max-width: 534px) 100vw, 534px\" \/>\t\t\t\t\t\t\n\t\t\t\t\t<\/div>\n\t\t\t\t\t\t\t\t\n<style>\n#image_813481123 {\n  width: 100%;\n}\n<\/style>\n\t<\/div>\n\t\n","protected":false},"excerpt":{"rendered":"<p>Lihtne heegeldatud lill, et kaunistada amigurumi kaisukaid. Lilleke j\u00e4nku peas v\u00f5i nuku kleidil muudab ta veelgi armsamaks. Lille on imelihtne heegeldada. Ainult m\u00f5ne minutiga v\u00f5id valmistada terve hulga \u00f5isi. Kasuta kahte v\u00e4rvitooni: \u00fcks lille s\u00fcdamikuks ja teine \u00f5ielehtedeks. K\u00fclge \u00f5mblemiseks v\u00f5id j\u00e4tta pika jupi esimesest toonist v\u00f5i kasutada \u00f5mblemiseks veel kolmandat tooni l\u00f5nga. Esimene rida [&#8230;]\n","protected":false},"author":3,"featured_media":99984,"parent":31200,"menu_order":0,"comment_status":"closed","ping_status":"closed","template":"","meta":{"footnotes":""},"class_list":["post-100021","page","type-page","status-publish","has-post-thumbnail","hentry"],"yoast_head":"<!-- This site is optimized with the Yoast SEO plugin v27.3 - https:\/\/yoast.com\/product\/yoast-seo-wordpress\/ -->\n<title>Lihtne heegeldatud lill | Tasuta \u00f5petus | lilleliis<\/title>\n<meta name=\"description\" content=\"Lihtne heegeldatud lill, et kaunistada amigurumi kaisukaid. Lille on imelihtne heegeldada. Ainult m\u00f5ne minutiga v\u00f5id valmistada terve hulga \u00f5isi.\" \/>\n<meta name=\"robots\" content=\"index, follow, max-snippet:-1, max-image-preview:large, max-video-preview:-1\" \/>\n<link rel=\"canonical\" href=\"https:\/\/www.lilleliis.com\/et\/amigurumi-mustrid\/lihtne-heegeldatud-lill\/\" \/>\n<meta property=\"og:locale\" content=\"et_EE\" \/>\n<meta property=\"og:type\" content=\"article\" \/>\n<meta property=\"og:title\" content=\"Lihtne heegeldatud lill | Tasuta \u00f5petus | lilleliis\" \/>\n<meta property=\"og:description\" content=\"Lihtne heegeldatud lill, et kaunistada amigurumi kaisukaid. Lille on imelihtne heegeldada. Ainult m\u00f5ne minutiga v\u00f5id valmistada terve hulga \u00f5isi.\" \/>\n<meta property=\"og:url\" content=\"https:\/\/www.lilleliis.com\/et\/amigurumi-mustrid\/lihtne-heegeldatud-lill\/\" \/>\n<meta property=\"og:site_name\" content=\"lilleliis\" \/>\n<meta property=\"article:publisher\" content=\"https:\/\/www.facebook.com\/lilleliis-283266335035799\/\" \/>\n<meta property=\"article:modified_time\" content=\"2025-04-17T11:26:44+00:00\" \/>\n<meta property=\"og:image\" content=\"https:\/\/www.lilleliis.com\/wp-content\/uploads\/2025\/04\/simple-crochet-flower.jpg\" \/>\n\t<meta property=\"og:image:width\" content=\"1000\" \/>\n\t<meta property=\"og:image:height\" content=\"1000\" \/>\n\t<meta property=\"og:image:type\" content=\"image\/jpeg\" \/>\n<meta name=\"twitter:card\" content=\"summary_large_image\" \/>\n<meta name=\"twitter:label1\" content=\"Est. reading time\" \/>\n\t<meta name=\"twitter:data1\" content=\"2 minutes\" \/>\n<script type=\"application\/ld+json\" class=\"yoast-schema-graph\">{\"@context\":\"https:\\\/\\\/schema.org\",\"@graph\":[{\"@type\":\"WebPage\",\"@id\":\"https:\\\/\\\/www.lilleliis.com\\\/et\\\/amigurumi-mustrid\\\/lihtne-heegeldatud-lill\\\/\",\"url\":\"https:\\\/\\\/www.lilleliis.com\\\/et\\\/amigurumi-mustrid\\\/lihtne-heegeldatud-lill\\\/\",\"name\":\"Lihtne heegeldatud lill | Tasuta \u00f5petus | lilleliis\",\"isPartOf\":{\"@id\":\"https:\\\/\\\/www.lilleliis.com\\\/et\\\/#website\"},\"primaryImageOfPage\":{\"@id\":\"https:\\\/\\\/www.lilleliis.com\\\/et\\\/amigurumi-mustrid\\\/lihtne-heegeldatud-lill\\\/#primaryimage\"},\"image\":{\"@id\":\"https:\\\/\\\/www.lilleliis.com\\\/et\\\/amigurumi-mustrid\\\/lihtne-heegeldatud-lill\\\/#primaryimage\"},\"thumbnailUrl\":\"https:\\\/\\\/www.lilleliis.com\\\/wp-content\\\/uploads\\\/2025\\\/04\\\/simple-crochet-flower.jpg\",\"datePublished\":\"2025-04-17T11:24:42+00:00\",\"dateModified\":\"2025-04-17T11:26:44+00:00\",\"description\":\"Lihtne heegeldatud lill, et kaunistada amigurumi kaisukaid. Lille on imelihtne heegeldada. Ainult m\u00f5ne minutiga v\u00f5id valmistada terve hulga \u00f5isi.\",\"breadcrumb\":{\"@id\":\"https:\\\/\\\/www.lilleliis.com\\\/et\\\/amigurumi-mustrid\\\/lihtne-heegeldatud-lill\\\/#breadcrumb\"},\"inLanguage\":\"et\",\"potentialAction\":[{\"@type\":\"ReadAction\",\"target\":[\"https:\\\/\\\/www.lilleliis.com\\\/et\\\/amigurumi-mustrid\\\/lihtne-heegeldatud-lill\\\/\"]}]},{\"@type\":\"ImageObject\",\"inLanguage\":\"et\",\"@id\":\"https:\\\/\\\/www.lilleliis.com\\\/et\\\/amigurumi-mustrid\\\/lihtne-heegeldatud-lill\\\/#primaryimage\",\"url\":\"https:\\\/\\\/www.lilleliis.com\\\/wp-content\\\/uploads\\\/2025\\\/04\\\/simple-crochet-flower.jpg\",\"contentUrl\":\"https:\\\/\\\/www.lilleliis.com\\\/wp-content\\\/uploads\\\/2025\\\/04\\\/simple-crochet-flower.jpg\",\"width\":1000,\"height\":1000,\"caption\":\"Lihtne heegeldatud lill\"},{\"@type\":\"BreadcrumbList\",\"@id\":\"https:\\\/\\\/www.lilleliis.com\\\/et\\\/amigurumi-mustrid\\\/lihtne-heegeldatud-lill\\\/#breadcrumb\",\"itemListElement\":[{\"@type\":\"ListItem\",\"position\":1,\"name\":\"Home\",\"item\":\"https:\\\/\\\/www.lilleliis.com\\\/et\\\/\"},{\"@type\":\"ListItem\",\"position\":2,\"name\":\"Tasuta mustrid\",\"item\":\"https:\\\/\\\/www.lilleliis.com\\\/et\\\/amigurumi-crochet-freebies\\\/\"},{\"@type\":\"ListItem\",\"position\":3,\"name\":\"Lihtne heegeldatud lill\"}]},{\"@type\":\"WebSite\",\"@id\":\"https:\\\/\\\/www.lilleliis.com\\\/et\\\/#website\",\"url\":\"https:\\\/\\\/www.lilleliis.com\\\/et\\\/\",\"name\":\"lilleliis\",\"description\":\"Amigurumi m\u00e4nguasjad ja mustrid\",\"potentialAction\":[{\"@type\":\"SearchAction\",\"target\":{\"@type\":\"EntryPoint\",\"urlTemplate\":\"https:\\\/\\\/www.lilleliis.com\\\/et\\\/?s={search_term_string}\"},\"query-input\":{\"@type\":\"PropertyValueSpecification\",\"valueRequired\":true,\"valueName\":\"search_term_string\"}}],\"inLanguage\":\"et\"}]}<\/script>\n<!-- \/ Yoast SEO plugin. -->","yoast_head_json":{"title":"Lihtne heegeldatud lill | Tasuta \u00f5petus | lilleliis","description":"Lihtne heegeldatud lill, et kaunistada amigurumi kaisukaid. Lille on imelihtne heegeldada. Ainult m\u00f5ne minutiga v\u00f5id valmistada terve hulga \u00f5isi.","robots":{"index":"index","follow":"follow","max-snippet":"max-snippet:-1","max-image-preview":"max-image-preview:large","max-video-preview":"max-video-preview:-1"},"canonical":"https:\/\/www.lilleliis.com\/et\/amigurumi-mustrid\/lihtne-heegeldatud-lill\/","og_locale":"et_EE","og_type":"article","og_title":"Lihtne heegeldatud lill | Tasuta \u00f5petus | lilleliis","og_description":"Lihtne heegeldatud lill, et kaunistada amigurumi kaisukaid. Lille on imelihtne heegeldada. Ainult m\u00f5ne minutiga v\u00f5id valmistada terve hulga \u00f5isi.","og_url":"https:\/\/www.lilleliis.com\/et\/amigurumi-mustrid\/lihtne-heegeldatud-lill\/","og_site_name":"lilleliis","article_publisher":"https:\/\/www.facebook.com\/lilleliis-283266335035799\/","article_modified_time":"2025-04-17T11:26:44+00:00","og_image":[{"width":1000,"height":1000,"url":"https:\/\/www.lilleliis.com\/wp-content\/uploads\/2025\/04\/simple-crochet-flower.jpg","type":"image\/jpeg"}],"twitter_card":"summary_large_image","twitter_misc":{"Est. reading time":"2 minutes"},"schema":{"@context":"https:\/\/schema.org","@graph":[{"@type":"WebPage","@id":"https:\/\/www.lilleliis.com\/et\/amigurumi-mustrid\/lihtne-heegeldatud-lill\/","url":"https:\/\/www.lilleliis.com\/et\/amigurumi-mustrid\/lihtne-heegeldatud-lill\/","name":"Lihtne heegeldatud lill | Tasuta \u00f5petus | lilleliis","isPartOf":{"@id":"https:\/\/www.lilleliis.com\/et\/#website"},"primaryImageOfPage":{"@id":"https:\/\/www.lilleliis.com\/et\/amigurumi-mustrid\/lihtne-heegeldatud-lill\/#primaryimage"},"image":{"@id":"https:\/\/www.lilleliis.com\/et\/amigurumi-mustrid\/lihtne-heegeldatud-lill\/#primaryimage"},"thumbnailUrl":"https:\/\/www.lilleliis.com\/wp-content\/uploads\/2025\/04\/simple-crochet-flower.jpg","datePublished":"2025-04-17T11:24:42+00:00","dateModified":"2025-04-17T11:26:44+00:00","description":"Lihtne heegeldatud lill, et kaunistada amigurumi kaisukaid. Lille on imelihtne heegeldada. Ainult m\u00f5ne minutiga v\u00f5id valmistada terve hulga \u00f5isi.","breadcrumb":{"@id":"https:\/\/www.lilleliis.com\/et\/amigurumi-mustrid\/lihtne-heegeldatud-lill\/#breadcrumb"},"inLanguage":"et","potentialAction":[{"@type":"ReadAction","target":["https:\/\/www.lilleliis.com\/et\/amigurumi-mustrid\/lihtne-heegeldatud-lill\/"]}]},{"@type":"ImageObject","inLanguage":"et","@id":"https:\/\/www.lilleliis.com\/et\/amigurumi-mustrid\/lihtne-heegeldatud-lill\/#primaryimage","url":"https:\/\/www.lilleliis.com\/wp-content\/uploads\/2025\/04\/simple-crochet-flower.jpg","contentUrl":"https:\/\/www.lilleliis.com\/wp-content\/uploads\/2025\/04\/simple-crochet-flower.jpg","width":1000,"height":1000,"caption":"Lihtne heegeldatud lill"},{"@type":"BreadcrumbList","@id":"https:\/\/www.lilleliis.com\/et\/amigurumi-mustrid\/lihtne-heegeldatud-lill\/#breadcrumb","itemListElement":[{"@type":"ListItem","position":1,"name":"Home","item":"https:\/\/www.lilleliis.com\/et\/"},{"@type":"ListItem","position":2,"name":"Tasuta mustrid","item":"https:\/\/www.lilleliis.com\/et\/amigurumi-crochet-freebies\/"},{"@type":"ListItem","position":3,"name":"Lihtne heegeldatud lill"}]},{"@type":"WebSite","@id":"https:\/\/www.lilleliis.com\/et\/#website","url":"https:\/\/www.lilleliis.com\/et\/","name":"lilleliis","description":"Amigurumi m\u00e4nguasjad ja mustrid","potentialAction":[{"@type":"SearchAction","target":{"@type":"EntryPoint","urlTemplate":"https:\/\/www.lilleliis.com\/et\/?s={search_term_string}"},"query-input":{"@type":"PropertyValueSpecification","valueRequired":true,"valueName":"search_term_string"}}],"inLanguage":"et"}]}},"_links":{"self":[{"href":"https:\/\/www.lilleliis.com\/et\/wp-json\/wp\/v2\/pages\/100021","targetHints":{"allow":["GET"]}}],"collection":[{"href":"https:\/\/www.lilleliis.com\/et\/wp-json\/wp\/v2\/pages"}],"about":[{"href":"https:\/\/www.lilleliis.com\/et\/wp-json\/wp\/v2\/types\/page"}],"author":[{"embeddable":true,"href":"https:\/\/www.lilleliis.com\/et\/wp-json\/wp\/v2\/users\/3"}],"replies":[{"embeddable":true,"href":"https:\/\/www.lilleliis.com\/et\/wp-json\/wp\/v2\/comments?post=100021"}],"version-history":[{"count":6,"href":"https:\/\/www.lilleliis.com\/et\/wp-json\/wp\/v2\/pages\/100021\/revisions"}],"predecessor-version":[{"id":100027,"href":"https:\/\/www.lilleliis.com\/et\/wp-json\/wp\/v2\/pages\/100021\/revisions\/100027"}],"up":[{"embeddable":true,"href":"https:\/\/www.lilleliis.com\/et\/wp-json\/wp\/v2\/pages\/31200"}],"wp:featuredmedia":[{"embeddable":true,"href":"https:\/\/www.lilleliis.com\/et\/wp-json\/wp\/v2\/media\/99984"}],"wp:attachment":[{"href":"https:\/\/www.lilleliis.com\/et\/wp-json\/wp\/v2\/media?parent=100021"}],"curies":[{"name":"wp","href":"https:\/\/api.w.org\/{rel}","templated":true}]}}