{"id":1533,"date":"2013-04-10T22:35:19","date_gmt":"2013-04-10T19:35:19","guid":{"rendered":"http:\/\/lilleliis.com\/?page_id=1533"},"modified":"2026-02-13T09:09:44","modified_gmt":"2026-02-13T07:09:44","slug":"lilleliis","status":"publish","type":"page","link":"https:\/\/www.lilleliis.com\/et\/lilleliis\/","title":{"rendered":"Minust"},"content":{"rendered":"<div class=\"row align-middle align-center\"  id=\"row-205615056\">\n\n\t<div id=\"col-322012571\" class=\"col medium-6 small-12 large-6\"  >\n\t\t\t\t<div class=\"col-inner\"  >\n\t\t\t\n\t\t\t\n\t<div class=\"img has-hover x md-x lg-x y md-y lg-y\" id=\"image_378422408\">\n\t\t\t\t\t\t\t\t<div class=\"img-inner dark\" >\n\t\t\t<img loading=\"lazy\" decoding=\"async\" width=\"1020\" height=\"680\" src=\"https:\/\/www.lilleliis.com\/wp-content\/uploads\/2026\/02\/amigurumi-crochet-pattern-by-mari-liis-lille-1200x800.jpg\" class=\"attachment-large size-large\" alt=\"mari-liis lille heegeldatud amigurumi m\u00e4nguasjad\" srcset=\"https:\/\/www.lilleliis.com\/wp-content\/uploads\/2026\/02\/amigurumi-crochet-pattern-by-mari-liis-lille-1200x800.jpg 1200w, https:\/\/www.lilleliis.com\/wp-content\/uploads\/2026\/02\/amigurumi-crochet-pattern-by-mari-liis-lille-600x400.jpg 600w, https:\/\/www.lilleliis.com\/wp-content\/uploads\/2026\/02\/amigurumi-crochet-pattern-by-mari-liis-lille-768x512.jpg 768w, https:\/\/www.lilleliis.com\/wp-content\/uploads\/2026\/02\/amigurumi-crochet-pattern-by-mari-liis-lille-510x340.jpg 510w, https:\/\/www.lilleliis.com\/wp-content\/uploads\/2026\/02\/amigurumi-crochet-pattern-by-mari-liis-lille.jpg 1500w\" sizes=\"auto, (max-width: 1020px) 100vw, 1020px\" \/>\t\t\t\t\t\t\n\t\t\t\t\t\t\t<div class=\"caption\">Foto: Annika Metsla<\/div>\n\t\t\t\t\t<\/div>\n\t\t\t\t\t\t\t\t\n<style>\n#image_378422408 {\n  width: 100%;\n}\n<\/style>\n\t<\/div>\n\t\n\t\t<\/div>\n\t\t\t\t\t<\/div>\n\n\t\n\n\t<div id=\"col-455311570\" class=\"col medium-6 small-12 large-6\"  >\n\t\t\t\t<div class=\"col-inner\"  >\n\t\t\t\n\t\t\t\n\t<div id=\"text-1719754011\" class=\"text\">\n\t\t\n<h2 style=\"font-weight: 400;\">Mari-Liis &#8211; lilleliisi looja<\/h2>\n<p style=\"font-weight: 400;\">Mina olen Mari-Liis &#8211; lilleliisi v\u00e4simatu mootor ja amigurumi f\u00e4nn juba enam kui 16 aastat.<\/p>\n<p style=\"font-weight: 400;\">Olen heegeldanud sadu m\u00e4nguasju ning kirjutanud nende valmistamise \u00f5petusi, mida on kasutanud k\u00fcmned tuhanded inimesed \u00fcle maailma.<\/p>\n<p style=\"font-weight: 400;\">Minu soov on muuta maailm l\u00e4bi k\u00e4sit\u00f6\u00f6 natuke helgemaks paigaks. Usun, et isetehtud m\u00e4nguasjades on imelist v\u00e4ge, mille tegija poetab sinna juba t\u00f6\u00f6 k\u00e4igus. Ema valmistatud lelu aitab lapsel tunda ennast turvaliselt ja hoitult.<\/p>\n\t\t\n<style>\n#text-1719754011 {\n  text-align: left;\n}\n<\/style>\n\t<\/div>\n\t\n\t\t<\/div>\n\t\t\t\t\t<\/div>\n\n\t\n<\/div>\n<div class=\"text-center\"><div class=\"is-divider divider clearfix\" style=\"margin-top:20px;margin-bottom:20px;max-width:1000px;height:1px;\"><\/div><\/div>\n<h2 style=\"font-weight: 400;\">Kuidas k\u00f5ik algas<\/h2>\n<p style=\"font-weight: 400;\">Suure osa oma elust tegelesin klaverim\u00e4nguga, juba alates kuuendast eluaastast. Tee muusika juurest k\u00e4sit\u00f6\u00f6 juurde oli nagu ilus unen\u00e4gu.<\/p>\n<p style=\"font-weight: 400;\">Peamiseks algt\u00f5ukeks said lapsed &#8211; nendega kodus olles tekkis korraga nii vaba aeg kui ka soov teha midagi oma k\u00e4tega. Proovisin \u00f5mblemist ja kudumist, kuni \u00fchel talve\u00f5htul t\u00f5in huvi p\u00e4rast koju heegeln\u00f5ela ja lihtsate heegeldatud motiivide raamatu. Sealt algas kirg. Avastasin amigurumi ja tundsin lakkamatut soovi luua.<\/p>\n<p style=\"font-weight: 400;\">M\u00e4nguasjade valmistamine oli armastus esimesest hetkest. P\u00e4rast esimesi katsetusi internetist leitud \u00f5petuste j\u00e4rgi hakkasin ise v\u00e4lja m\u00f5tlema ja disainima. Nii s\u00fcndiski lilleliis.<\/p>\n<div class=\"text-center\"><div class=\"is-divider divider clearfix\" style=\"margin-top:20px;margin-bottom:20px;max-width:1000px;height:1px;\"><\/div><\/div>\n<h2 style=\"font-weight: 400;\">\u00d5petused ja raamatud<\/h2>\n<p style=\"font-weight: 400;\">Alates 2011. aastast olen avaldanud m\u00e4nguasjade heegeldamise \u00f5petusi oma veebilehel ja e-poes, hiljem ka raamatutes. Neid on lisaks eesti ja inglise keelele t\u00f5lgitud enam kui viieteistk\u00fcmnesse keelde.<\/p>\n<p style=\"font-weight: 400;\">Koost\u00f6\u00f6s kirjastusega Varrak on ilmunud neli mustriraamatut:<\/p>\n<p style=\"font-weight: 400;\">&#8220;V\u00f5luv\u00e4ega m\u00e4nguasjad&#8221; (2014)<\/p>\n<p style=\"font-weight: 400;\">&#8220;Kaisuloomakirg&#8221; (2016)<\/p>\n<p style=\"font-weight: 400;\">&#8220;Imeline nukumaailm&#8221; (2019)<\/p>\n<p style=\"font-weight: 400;\">&#8220;Unustamatud lapsep\u00f5lvelelud&#8221; (2024)<\/p>\n<p style=\"font-weight: 400;\">Raamatuid on t\u00f5lgitud inglise, hollandi, hispaania, korea ja ungari keelde ning need on leidnud kodu heegeldajate riiulitel \u00fcle maailma.<\/p>\n\t<div id=\"gap-389021571\" class=\"gap-element clearfix\" style=\"display:block; height:auto;\">\n\t\t\n<style>\n#gap-389021571 {\n  padding-top: 20px;\n}\n<\/style>\n\t<\/div>\n\t\n<div class=\"text-center\"><div class=\"is-divider divider clearfix\" style=\"margin-top:20px;margin-bottom:20px;max-width:1000px;height:1px;\"><\/div><\/div>\n<div class=\"row row-full-width align-middle align-center\"  id=\"row-160707829\">\n\n\t<div id=\"col-526124103\" class=\"col medium-4 small-12 large-4 col-divided\"  data-animate=\"fadeInLeft\">\n\t\t\t\t<div class=\"col-inner text-center\"  >\n\t\t\t\n\t\t\t\n<h2 class=\"uppercase\" style=\"text-align: center;\"><span data-text-color=\"primary\">16+<\/span><\/h2>\n<h2 class=\"uppercase\" style=\"text-align: center;\"><span data-text-color=\"primary\">AASTAT KOGEMUST<\/span><\/h2>\n\t\t<\/div>\n\t\t\t\t\t<\/div>\n\n\t\n\n\t<div id=\"col-1802915788\" class=\"col medium-4 small-12 large-4 col-divided\"  data-animate=\"fadeInLeft\">\n\t\t\t\t<div class=\"col-inner\"  >\n\t\t\t\n\t\t\t\n<h2 class=\"uppercase\" style=\"text-align: center;\"><span data-text-color=\"primary\">160+<\/span><\/h2>\n<h2 class=\"uppercase\" style=\"text-align: center;\"><span data-text-color=\"primary\">MUSTRIT<\/span><\/h2>\n\t\t<\/div>\n\t\t\t\t\t<\/div>\n\n\t\n\n\t<div id=\"col-1497943752\" class=\"col medium-4 small-12 large-4\"  data-animate=\"fadeInLeft\">\n\t\t\t\t<div class=\"col-inner\"  >\n\t\t\t\n\t\t\t\n<h2 class=\"uppercase\" style=\"text-align: center;\"><span data-text-color=\"primary\">4<\/span><\/h2>\n<h2 class=\"uppercase\" style=\"text-align: center;\"><span data-text-color=\"primary\">RAAMATUT<\/span><\/h2>\n\t\t<\/div>\n\t\t\t\t\t<\/div>\n\n\t\n<\/div>\n<div class=\"text-center\"><div class=\"is-divider divider clearfix\" style=\"margin-top:20px;margin-bottom:20px;max-width:1000px;height:1px;\"><\/div><\/div>\n\t<div id=\"gap-1105118174\" class=\"gap-element clearfix\" style=\"display:block; height:auto;\">\n\t\t\n<style>\n#gap-1105118174 {\n  padding-top: 30px;\n}\n<\/style>\n\t<\/div>\n\t\n<h2 style=\"font-weight: 400;\">Miks ma seda teen<\/h2>\n<p data-start=\"114\" data-end=\"371\">Usun siiralt, et k\u00e4sit\u00f6\u00f6 tegemine aitab leida rahu ja tasakaalu. See rahulik, mooorne tegevus vaigistab m\u00f5tted ja laseb muredel taanduda. Olen seda ise kogenud emaduse v\u00e4ljakutseterohketel aastatel, mil heegeldamisest sai minu jaoks nii eneseteostus kui ka tugipunkt.<\/p>\n<p data-start=\"373\" data-end=\"492\">T\u00e4na soovin oma \u00f5petuste kaudu pakkuda teistelegi heegeldamist kui kodust teraapiat &#8211; hetke iseendale keset kiiret elu.<\/p>\n<p data-start=\"494\" data-end=\"630\">Suur r\u00f5\u00f5m on teadmine, et minu mustrite j\u00e4rgi valmivad m\u00e4nguasjad saavad osaks kellegi lapsep\u00f5lvest, tuues sinna turvatunnet ja helgust.<\/p>\n<p data-start=\"632\" data-end=\"797\">Selle eest, et olen t\u00e4naseks siia j\u00f5udnud, t\u00e4nan eelk\u00f5ige oma lapsi &#8211; minu suurimaid innustajaid &#8211; ning abikaasat, kes ei pane pahaks, et ma siiani nukkudega m\u00e4ngin.<\/p>\n<p data-start=\"799\" data-end=\"882\">Ait\u00e4h k\u00f5igile, kelle head s\u00f5nad ja toetus on aidanud mul sellel teel edasi liikuda.<\/p>\n<div class=\"row row-full-width row-dashed\"  id=\"row-900392184\">\n\n\t<div id=\"col-2092856296\" class=\"col medium-4 small-12 large-4\"  data-animate=\"fadeInLeft\">\n\t\t\t\t<div class=\"col-inner\"  >\n\t\t\t\n\t\t\t\n\n  <div class=\"banner has-hover\" id=\"banner-1582614100\">\n          <div class=\"banner-inner fill\">\n        <div class=\"banner-bg fill\" >\n            <img loading=\"lazy\" decoding=\"async\" width=\"800\" height=\"800\" src=\"https:\/\/www.lilleliis.com\/wp-content\/uploads\/2022\/03\/cuddly-amigurumi-toys-by-lilleliis-800x800.jpg\" class=\"bg attachment-large size-large\" alt=\"\" \/>                        <div class=\"overlay\"><\/div>            \n                    <\/div>\n\t\t\n        <div class=\"banner-layers container\">\n            <a class=\"fill\" href=\"https:\/\/www.lilleliis.com\/et\/kasitooraamatud\/\"><div class=\"fill banner-link\"><\/div><\/a>            \n   <div id=\"text-box-582228392\" class=\"text-box banner-layer x50 md-x50 lg-x50 y50 md-y50 lg-y50 res-text\">\n                                <div class=\"text-box-content text dark\">\n              \n              <div class=\"text-inner text-center\">\n                  \n\t<div id=\"text-2239441351\" class=\"text\">\n\t\t\n<h1 style=\"text-align: center;\">raamatud<\/h1>\n\t\t\n<style>\n#text-2239441351 {\n  text-align: center;\n}\n<\/style>\n\t<\/div>\n\t\n              <\/div>\n           <\/div>\n                            \n<style>\n#text-box-582228392 {\n  width: 67%;\n}\n#text-box-582228392 .text-box-content {\n  font-size: 100%;\n}\n@media (min-width:550px) {\n  #text-box-582228392 {\n    width: 60%;\n  }\n}\n<\/style>\n    <\/div>\n \n        <\/div>\n      <\/div>\n\n            \n<style>\n#banner-1582614100 {\n  padding-top: 99.99%;\n}\n#banner-1582614100 .overlay {\n  background-color: rgba(0, 0, 0, 0.2);\n}\n<\/style>\n  <\/div>\n\n\n\t\t<\/div>\n\t\t\t\t\t<\/div>\n\n\t\n\n\t<div id=\"col-2145505776\" class=\"col medium-4 small-12 large-4\"  data-animate=\"fadeInLeft\">\n\t\t\t\t<div class=\"col-inner\"  >\n\t\t\t\n\t\t\t\n\n  <div class=\"banner has-hover\" id=\"banner-2007087168\">\n          <div class=\"banner-inner fill\">\n        <div class=\"banner-bg fill\" >\n            <img loading=\"lazy\" decoding=\"async\" width=\"800\" height=\"800\" src=\"https:\/\/www.lilleliis.com\/wp-content\/uploads\/2021\/04\/DSC_5845-800x800.jpg\" class=\"bg attachment-large size-large\" alt=\"patterns mustrid\" \/>                        <div class=\"overlay\"><\/div>            \n                    <\/div>\n\t\t\n        <div class=\"banner-layers container\">\n            <a class=\"fill\" href=\"https:\/\/www.lilleliis.com\/et\/tootekategooria\/amigurumi-opetused\/\"><div class=\"fill banner-link\"><\/div><\/a>            \n   <div id=\"text-box-1111231674\" class=\"text-box banner-layer x50 md-x50 lg-x50 y50 md-y50 lg-y50 res-text\">\n                                <div class=\"text-box-content text dark\">\n              \n              <div class=\"text-inner text-center\">\n                  \n\t<div id=\"text-749218811\" class=\"text\">\n\t\t\n<h1 style=\"text-align: center;\">\u00f5petused<\/h1>\n\t\t\n<style>\n#text-749218811 {\n  text-align: center;\n}\n<\/style>\n\t<\/div>\n\t\n              <\/div>\n           <\/div>\n                            \n<style>\n#text-box-1111231674 {\n  width: 67%;\n}\n#text-box-1111231674 .text-box-content {\n  font-size: 100%;\n}\n@media (min-width:550px) {\n  #text-box-1111231674 {\n    width: 60%;\n  }\n}\n<\/style>\n    <\/div>\n \n        <\/div>\n      <\/div>\n\n            \n<style>\n#banner-2007087168 {\n  padding-top: 99.99%;\n}\n#banner-2007087168 .overlay {\n  background-color: rgba(0, 0, 0, 0.2);\n}\n<\/style>\n  <\/div>\n\n\n\t\t<\/div>\n\t\t\t\t\t<\/div>\n\n\t\n\n\t<div id=\"col-463340796\" class=\"col medium-4 small-12 large-4\"  data-animate=\"fadeInLeft\">\n\t\t\t\t<div class=\"col-inner\"  >\n\t\t\t\n\t\t\t\n\n  <div class=\"banner has-hover\" id=\"banner-2030609251\">\n          <div class=\"banner-inner fill\">\n        <div class=\"banner-bg fill\" >\n            <img loading=\"lazy\" decoding=\"async\" width=\"1020\" height=\"680\" src=\"https:\/\/www.lilleliis.com\/wp-content\/uploads\/2022\/03\/mariliislille-1200x800.jpg\" class=\"bg attachment-large size-large\" alt=\"cuddly amigurumi toys\" \/>                        <div class=\"overlay\"><\/div>            \n                    <\/div>\n\t\t\n        <div class=\"banner-layers container\">\n            <a class=\"fill\" href=\"https:\/\/www.lilleliis.com\/et\/tootekategooria\/heegeldatud-manguasjad\/\"><div class=\"fill banner-link\"><\/div><\/a>            \n   <div id=\"text-box-815869440\" class=\"text-box banner-layer x50 md-x50 lg-x50 y50 md-y50 lg-y50 res-text\">\n                                <div class=\"text-box-content text dark\">\n              \n              <div class=\"text-inner text-center\">\n                  \n\t<div id=\"text-1562645704\" class=\"text\">\n\t\t\n<h1 style=\"text-align: center;\">m\u00e4nguasjad<\/h1>\n\t\t\n<style>\n#text-1562645704 {\n  text-align: center;\n}\n<\/style>\n\t<\/div>\n\t\n              <\/div>\n           <\/div>\n                            \n<style>\n#text-box-815869440 {\n  width: 80%;\n}\n#text-box-815869440 .text-box-content {\n  font-size: 100%;\n}\n@media (min-width:550px) {\n  #text-box-815869440 {\n    width: 60%;\n  }\n}\n<\/style>\n    <\/div>\n \n        <\/div>\n      <\/div>\n\n            \n<style>\n#banner-2030609251 {\n  padding-top: 99.99%;\n}\n#banner-2030609251 .overlay {\n  background-color: rgba(0, 0, 0, 0.2);\n}\n<\/style>\n  <\/div>\n\n\n\t\t<\/div>\n\t\t\t\t\t<\/div>\n\n\t\n<\/div>\n\t<div id=\"gap-709946044\" class=\"gap-element clearfix\" style=\"display:block; height:auto;\">\n\t\t\n<style>\n#gap-709946044 {\n  padding-top: 20px;\n}\n<\/style>\n\t<\/div>\n\t\n<p>Loe loomise ja loovuse teemalist artiklit Mari-Liisiga Loovgraafi kodulehel &#8211; <a href=\"https:\/\/loovgraaf.com\/manguasjadisainer-mari-liis-lille-loovus-saab-avalduda-siis-kui-inimene-ei-karda-et-ta-midagi-valesti-teeb\/\" target=\"_blank\" rel=\"noopener\">Loovus saab avalduda siis, kui inimene ei karda, et ta midagi valesti teeb<\/a> (2021)<\/p>\n\n","protected":false},"excerpt":{"rendered":"<p>Kuidas k\u00f5ik algas Suure osa oma elust tegelesin klaverim\u00e4nguga, juba alates kuuendast eluaastast. Tee muusika juurest k\u00e4sit\u00f6\u00f6 juurde oli nagu ilus unen\u00e4gu. Peamiseks algt\u00f5ukeks said lapsed &#8211; nendega kodus olles tekkis korraga nii vaba aeg kui ka soov teha midagi oma k\u00e4tega. Proovisin \u00f5mblemist ja kudumist, kuni \u00fchel talve\u00f5htul t\u00f5in huvi p\u00e4rast koju heegeln\u00f5ela ja [&#8230;]\n","protected":false},"author":3,"featured_media":7088,"parent":0,"menu_order":0,"comment_status":"closed","ping_status":"closed","template":"","meta":{"footnotes":""},"class_list":["post-1533","page","type-page","status-publish","has-post-thumbnail","hentry"],"yoast_head":"<!-- This site is optimized with the Yoast SEO plugin v27.3 - https:\/\/yoast.com\/product\/yoast-seo-wordpress\/ -->\n<title>Mari-Liis \u2013 amigurumi m\u00e4nguasjade disainer ja lilleliis looja<\/title>\n<meta name=\"description\" content=\"Tutvu Mari-Liisiga \u2013 lilleliisi br\u00e4ndi looja ja amigurumi disaineriga. Heegeldatud m\u00e4nguasjade raamatute ja mustrite autor aastast 2009.\" \/>\n<meta name=\"robots\" content=\"index, follow, max-snippet:-1, max-image-preview:large, max-video-preview:-1\" \/>\n<link rel=\"canonical\" href=\"https:\/\/www.lilleliis.com\/et\/lilleliis\/\" \/>\n<meta property=\"og:locale\" content=\"et_EE\" \/>\n<meta property=\"og:type\" content=\"article\" \/>\n<meta property=\"og:title\" content=\"Mari-Liis \u2013 amigurumi m\u00e4nguasjade disainer ja lilleliis looja\" \/>\n<meta property=\"og:description\" content=\"Tutvu Mari-Liisiga \u2013 lilleliisi br\u00e4ndi looja ja amigurumi disaineriga. Heegeldatud m\u00e4nguasjade raamatute ja mustrite autor aastast 2009.\" \/>\n<meta property=\"og:url\" content=\"https:\/\/www.lilleliis.com\/et\/lilleliis\/\" \/>\n<meta property=\"og:site_name\" content=\"lilleliis\" \/>\n<meta property=\"article:publisher\" content=\"https:\/\/www.facebook.com\/lilleliis-283266335035799\/\" \/>\n<meta property=\"article:modified_time\" content=\"2026-02-13T07:09:44+00:00\" \/>\n<meta name=\"twitter:card\" content=\"summary_large_image\" \/>\n<meta name=\"twitter:label1\" content=\"Est. reading time\" \/>\n\t<meta name=\"twitter:data1\" content=\"3 minutes\" \/>\n<script type=\"application\/ld+json\" class=\"yoast-schema-graph\">{\"@context\":\"https:\\\/\\\/schema.org\",\"@graph\":[{\"@type\":\"WebPage\",\"@id\":\"https:\\\/\\\/www.lilleliis.com\\\/et\\\/lilleliis\\\/\",\"url\":\"https:\\\/\\\/www.lilleliis.com\\\/et\\\/lilleliis\\\/\",\"name\":\"Mari-Liis \u2013 amigurumi m\u00e4nguasjade disainer ja lilleliis looja\",\"isPartOf\":{\"@id\":\"https:\\\/\\\/www.lilleliis.com\\\/et\\\/#website\"},\"primaryImageOfPage\":{\"@id\":\"https:\\\/\\\/www.lilleliis.com\\\/et\\\/lilleliis\\\/#primaryimage\"},\"image\":{\"@id\":\"https:\\\/\\\/www.lilleliis.com\\\/et\\\/lilleliis\\\/#primaryimage\"},\"thumbnailUrl\":\"\",\"datePublished\":\"2013-04-10T19:35:19+00:00\",\"dateModified\":\"2026-02-13T07:09:44+00:00\",\"description\":\"Tutvu Mari-Liisiga \u2013 lilleliisi br\u00e4ndi looja ja amigurumi disaineriga. Heegeldatud m\u00e4nguasjade raamatute ja mustrite autor aastast 2009.\",\"breadcrumb\":{\"@id\":\"https:\\\/\\\/www.lilleliis.com\\\/et\\\/lilleliis\\\/#breadcrumb\"},\"inLanguage\":\"et\",\"potentialAction\":[{\"@type\":\"ReadAction\",\"target\":[\"https:\\\/\\\/www.lilleliis.com\\\/et\\\/lilleliis\\\/\"]}]},{\"@type\":\"ImageObject\",\"inLanguage\":\"et\",\"@id\":\"https:\\\/\\\/www.lilleliis.com\\\/et\\\/lilleliis\\\/#primaryimage\",\"url\":\"\",\"contentUrl\":\"\"},{\"@type\":\"BreadcrumbList\",\"@id\":\"https:\\\/\\\/www.lilleliis.com\\\/et\\\/lilleliis\\\/#breadcrumb\",\"itemListElement\":[{\"@type\":\"ListItem\",\"position\":1,\"name\":\"Home\",\"item\":\"https:\\\/\\\/www.lilleliis.com\\\/et\\\/\"},{\"@type\":\"ListItem\",\"position\":2,\"name\":\"Minust\"}]},{\"@type\":\"WebSite\",\"@id\":\"https:\\\/\\\/www.lilleliis.com\\\/et\\\/#website\",\"url\":\"https:\\\/\\\/www.lilleliis.com\\\/et\\\/\",\"name\":\"lilleliis\",\"description\":\"Amigurumi m\u00e4nguasjad ja mustrid\",\"potentialAction\":[{\"@type\":\"SearchAction\",\"target\":{\"@type\":\"EntryPoint\",\"urlTemplate\":\"https:\\\/\\\/www.lilleliis.com\\\/et\\\/?s={search_term_string}\"},\"query-input\":{\"@type\":\"PropertyValueSpecification\",\"valueRequired\":true,\"valueName\":\"search_term_string\"}}],\"inLanguage\":\"et\"}]}<\/script>\n<!-- \/ Yoast SEO plugin. -->","yoast_head_json":{"title":"Mari-Liis \u2013 amigurumi m\u00e4nguasjade disainer ja lilleliis looja","description":"Tutvu Mari-Liisiga \u2013 lilleliisi br\u00e4ndi looja ja amigurumi disaineriga. Heegeldatud m\u00e4nguasjade raamatute ja mustrite autor aastast 2009.","robots":{"index":"index","follow":"follow","max-snippet":"max-snippet:-1","max-image-preview":"max-image-preview:large","max-video-preview":"max-video-preview:-1"},"canonical":"https:\/\/www.lilleliis.com\/et\/lilleliis\/","og_locale":"et_EE","og_type":"article","og_title":"Mari-Liis \u2013 amigurumi m\u00e4nguasjade disainer ja lilleliis looja","og_description":"Tutvu Mari-Liisiga \u2013 lilleliisi br\u00e4ndi looja ja amigurumi disaineriga. Heegeldatud m\u00e4nguasjade raamatute ja mustrite autor aastast 2009.","og_url":"https:\/\/www.lilleliis.com\/et\/lilleliis\/","og_site_name":"lilleliis","article_publisher":"https:\/\/www.facebook.com\/lilleliis-283266335035799\/","article_modified_time":"2026-02-13T07:09:44+00:00","twitter_card":"summary_large_image","twitter_misc":{"Est. reading time":"3 minutes"},"schema":{"@context":"https:\/\/schema.org","@graph":[{"@type":"WebPage","@id":"https:\/\/www.lilleliis.com\/et\/lilleliis\/","url":"https:\/\/www.lilleliis.com\/et\/lilleliis\/","name":"Mari-Liis \u2013 amigurumi m\u00e4nguasjade disainer ja lilleliis looja","isPartOf":{"@id":"https:\/\/www.lilleliis.com\/et\/#website"},"primaryImageOfPage":{"@id":"https:\/\/www.lilleliis.com\/et\/lilleliis\/#primaryimage"},"image":{"@id":"https:\/\/www.lilleliis.com\/et\/lilleliis\/#primaryimage"},"thumbnailUrl":"","datePublished":"2013-04-10T19:35:19+00:00","dateModified":"2026-02-13T07:09:44+00:00","description":"Tutvu Mari-Liisiga \u2013 lilleliisi br\u00e4ndi looja ja amigurumi disaineriga. Heegeldatud m\u00e4nguasjade raamatute ja mustrite autor aastast 2009.","breadcrumb":{"@id":"https:\/\/www.lilleliis.com\/et\/lilleliis\/#breadcrumb"},"inLanguage":"et","potentialAction":[{"@type":"ReadAction","target":["https:\/\/www.lilleliis.com\/et\/lilleliis\/"]}]},{"@type":"ImageObject","inLanguage":"et","@id":"https:\/\/www.lilleliis.com\/et\/lilleliis\/#primaryimage","url":"","contentUrl":""},{"@type":"BreadcrumbList","@id":"https:\/\/www.lilleliis.com\/et\/lilleliis\/#breadcrumb","itemListElement":[{"@type":"ListItem","position":1,"name":"Home","item":"https:\/\/www.lilleliis.com\/et\/"},{"@type":"ListItem","position":2,"name":"Minust"}]},{"@type":"WebSite","@id":"https:\/\/www.lilleliis.com\/et\/#website","url":"https:\/\/www.lilleliis.com\/et\/","name":"lilleliis","description":"Amigurumi m\u00e4nguasjad ja mustrid","potentialAction":[{"@type":"SearchAction","target":{"@type":"EntryPoint","urlTemplate":"https:\/\/www.lilleliis.com\/et\/?s={search_term_string}"},"query-input":{"@type":"PropertyValueSpecification","valueRequired":true,"valueName":"search_term_string"}}],"inLanguage":"et"}]}},"_links":{"self":[{"href":"https:\/\/www.lilleliis.com\/et\/wp-json\/wp\/v2\/pages\/1533","targetHints":{"allow":["GET"]}}],"collection":[{"href":"https:\/\/www.lilleliis.com\/et\/wp-json\/wp\/v2\/pages"}],"about":[{"href":"https:\/\/www.lilleliis.com\/et\/wp-json\/wp\/v2\/types\/page"}],"author":[{"embeddable":true,"href":"https:\/\/www.lilleliis.com\/et\/wp-json\/wp\/v2\/users\/3"}],"replies":[{"embeddable":true,"href":"https:\/\/www.lilleliis.com\/et\/wp-json\/wp\/v2\/comments?post=1533"}],"version-history":[{"count":133,"href":"https:\/\/www.lilleliis.com\/et\/wp-json\/wp\/v2\/pages\/1533\/revisions"}],"predecessor-version":[{"id":104694,"href":"https:\/\/www.lilleliis.com\/et\/wp-json\/wp\/v2\/pages\/1533\/revisions\/104694"}],"wp:featuredmedia":[{"embeddable":true,"href":"https:\/\/www.lilleliis.com\/et\/wp-json\/"}],"wp:attachment":[{"href":"https:\/\/www.lilleliis.com\/et\/wp-json\/wp\/v2\/media?parent=1533"}],"curies":[{"name":"wp","href":"https:\/\/api.w.org\/{rel}","templated":true}]}}