{"id":194,"date":"2013-02-17T15:48:27","date_gmt":"2013-02-17T13:48:27","guid":{"rendered":"http:\/\/lilleliis.com\/?page_id=194"},"modified":"2020-06-16T13:08:52","modified_gmt":"2020-06-16T10:08:52","slug":"kasutus-ja-privaatsustingimused","status":"publish","type":"page","link":"https:\/\/www.lilleliis.com\/et\/kasutus-ja-privaatsustingimused\/","title":{"rendered":"Kasutus- ja privaatsustingimused"},"content":{"rendered":"<div class=\"wpb-content-wrapper\">[vc_row][vc_column][vc_column_text]\n<h2>E-poe kasutustingimused<\/h2>\n<p>By lilleliis O\u00dc, registrikoodiga 12251925, Kressi tee 7, Tallinn, Harju maakond, 11913 (edaspidi Poe haldaja) ja klient, kes vormistab By lilleliis O\u00dc hallatavas <a href=\"https:\/\/www.lilleliis.com\/et\/shop\/\" target=\"_blank\" rel=\"noopener noreferrer\">e-poes<\/a> tellimuse ja identifitseerib end sisestades tellimusele oma isikuandmed (edaspidi Klient), on kokku leppinud j\u00e4rgnevates tingimustes.<\/p>\n<h3>\u00dclds\u00e4tted<\/h3>\n<p>Lepingupooled juhinduvad omavaheliste suhete reguleerimisel Eesti Vabariigi seadustest ja muudest \u00f5igusaktidest ning Kasutuslepingus kokkulepitust.<\/p>\n<p>Poe haldajal on \u00f5igus mistahes ajal teha e-poe pakutavatesse teenustesse muudatusi. Samuti on Poe haldajal \u00f5igus \u00fchepoolselt muuta kasutajalepingu tingimusi ilma, et tal oleks kohustus sellest Kliendile kirjalikult e-posti teel teatada.<\/p>\n<h3>Tooted ja ostu sooritamine<\/h3>\n<p>Lisa sobivad tooted ostukorvi. Eelnevalt tutvu kindlasti tootekirjeldusega. Soovi korral saab ostukorvi sisu ostukorvi lehel muuta. P\u00e4rast oma andmete sisestamist ning tellimuse kinnitamist ostukorvi sisu enam muuta ei saa.<\/p>\n<p>Kui toode puudub laost ja tellimust ei ole v\u00f5imalik t\u00e4ita, v\u00f5tab e-poe t\u00f6\u00f6taja Kliendiga \u00fchendust hiljemalt 3 (kolme) t\u00f6\u00f6p\u00e4eva jooksul. Sellisel juhul pakutakse v\u00e4lja v\u00f5imalik uus tarneaeg v\u00f5i toote asendamine teise samav\u00e4\u00e4rse tootega, mis on sama hinna ja kvaliteediga. Kui Klient ei ole uute tingimustega n\u00f5us, v\u00f5ib ta vahetusest keelduda ja tellimuse eest makstud raha tagastatakse.<\/p>\n<p>Klient, kes valib v\u00e4lja soovitud tooted, kohustub sisestama tellimuse t\u00e4itmiseks n\u00f5utud andmed (perekonnanimi, eesnimi, kontakt telefon, elektronposti aadress, k\u00e4ttetoimetamise aadress, postiindeks, makseviis jmt).<\/p>\n<p>Klient kohustub esitama t\u00f5esed andmed, mis on vajalikud tellimuse t\u00e4itmiseks. Poe haldaja ei vastuta Kliendi poolt esitatud ebakorrektsetest andmetest tingitud tellimuse mitte t\u00e4itmise v\u00f5i mistahes sellest tulenevate tagaj\u00e4rgede eest.<\/p>\n<h3>Hinnad ja makseviisid<\/h3>\n<p>Poe haldajal on \u00f5igus igal ajal muuta kuvatavaid hindu.<\/p>\n<p>Kui Poe haldaja on e-poes muutnud hindu peale Kliendi poolt tellimuse esitamist ja selle eest tasumist, tarnitakse Kliendile vastavad tooted tellimuse hetkel kehtinud hindadega. Kliendil ei ole \u00f5igust n\u00f5uda hinnavahe kompenseerimist.<\/p>\n<p>Kauba eest tasumiseks on j\u00e4rgmised v\u00f5imalused:<\/p>\n<ul>\n<li>Tasumine arve alusel \u2013 tasumine panga\u00fclekandega arve alusel, mis saadetakse peale tellimuse kinnitamist sinu e-posti aadressile. \u00dclekande tegemisel palun viidata tellimuse numbrile. Juhul kui tellimuse eest ei tasuta arvel n\u00e4idatud kuup\u00e4evaks, on e-poel \u00f5igus tellimus t\u00fchistada ja toode uuesti m\u00fc\u00fcki panna.<\/li>\n<li>PayPal \u2013 peale tellimuse kinnitamist suunatakse sind otse PayPal keskkonda, kus saad kauba eest tasuda sulle sobivas valuutas. Krediitkaardimakseid saab l\u00e4bi PayPal keskkonna teostada ka sealset kontot omamata.<\/li>\n<\/ul>\n<h3>Tarneaeg ja kohaletoimetamine<\/h3>\n<p>E-poes esitatud tellimused vaadatakse l\u00e4bi paari p\u00e4eva jooksul ning k\u00fcsimuste korral v\u00f5etakse ostjaga e-posti teel \u00fchendust. Postitamist vajavad\u00a0tooted\u00a0pannakse teele 2-5 t\u00f6\u00f6p\u00e4eva jooksul peale makse laekumist By lilleliis O\u00dc arveldusarvele.<\/p>\n<p>Kliendil on \u00f5igus valida j\u00e4rgnevate kauba k\u00e4ttesaamisviisi vahel.<\/p>\n<ul>\n<li>Smartpost \u2013 pakk toimetatakse sinu poolt valitud Smartposti pakiautomaati. Paki saabudes saadetakse sulle SMS teavituse ning isikliku uksekoodiga. Paki k\u00e4ttesaamiseks tuleb kood sisestada pakiautomaadi arvutisse.<\/li>\n<li>Omniva pakiautomaat (Post24) \u2013\u00a0pakk toimetatakse sinu poolt valitud Omniva pakiautomaati. Paki saabudes saadetakse sulle SMS teavituse ning isikliku uksekoodiga. Paki k\u00e4ttesaamiseks tuleb kood sisestada pakiautomaadi arvutisse.<\/li>\n<li>Omniva (Eesti Post) \u2013 pakk saadetakse t\u00e4htsaadetisena sinu kodukoha j\u00e4rgsesse postiasutusse.<\/li>\n<\/ul>\n<p>Postitasud paki tellimisel v\u00e4ljapoole Eestit kehtivad erinevad tarnehinnad. Kauba tellimisel v\u00e4ljapoole Euroopa Liitu tuleb tellijal arvestada v\u00f5imalike kaasnevate tollimaksudega, mille klient peab kauba k\u00e4ttesaamisel tasuma oma sihtriigis.<\/p>\n<p>Elektroonilised tooted toimetatakse Kliendini e-posti teel. Tasudes panga\u00fclekandega saadetakse sinu e-posti aadressile tellimuse kinnitusleht koos lingiga allalaetavale failile 24 tunni jooksul makse laekumisest By lilleliis O\u00dc arveldusarvele. Tasudes l\u00e4bi PayPal makses\u00fcsteemi, saadetakse tellimuse kinnitusleht koos lingiga allalaetavale failile automaatselt p\u00e4rast makse l\u00f5petamist.<\/p>\n<p>K\u00f5ik allalaetavate toodete tellimisel tekkivad tarnega seotud probleemid ja k\u00fcsimused lahendatakse e-posti teel.<\/p>\n<h3>Elektrooniliste toodete kasutuslitsents<\/h3>\n<p>Ostes elektroonilise \u00f5petuse, saad \u00f5iguse juurdep\u00e4\u00e4suks failile ning selle uuematele versioonidele. Kaitseks pettuse ja v\u00f5imaliku ebaseadusliku teguviisi eest on faili avamisele ja allalaadimisele seatud 100 korra limiit. Kontakteeru aadressil\u00a0<a href=\"mailto:lilleliis@gmail.com\">lilleliis@gmail.com<\/a>, kui soovid uuendada juurdep\u00e4\u00e4su \u00f5petusele.<\/p>\n<p>Soovitan \u00f5petuse arvutisse v\u00f5i sinu poolt kasutatavasse seadmesse allalaadida. Et v\u00e4ltida tulevikus tekkida v\u00f5ivaid probleeme ja \u00f5petuste kaotsiminekut, soovitan s\u00e4ilitada koopia \u00f5petusest ka m\u00e4lupulgal v\u00f5i CD plaadil.<\/p>\n<h3>Tellimusest taganemine<\/h3>\n<p>Kui Klient soovib tellimuse esitamise j\u00e4rgselt ja enne teenuse osutaja poolset t\u00e4itmist tellimusest taganeda, kohustub ta sellest v\u00f5imalikult kiiresti Poe haldajat kirjalikult teavitama. Kirjalik teade tuleb saata elektronposti aadressil\u00a0<a href=\"mailto:info@loodusand.ee\">lilleliis@gmail.com<\/a>. E-kirja tuleb m\u00e4rkida tellimuse number, millest soovitakse taganeda ning lisada enda kontaktandmed (eesnimi, perekonnanimi, tellimuse esitamise kuup\u00e4ev, kontakttelefon).<\/p>\n<p>Kui taganemisavaldus j\u00f5uab osutajani peale Poe haldaja poolset lepingu t\u00e4itmist, toimub lepingust taganemine vastavalt Kasutuslepingu peat\u00fckile &#8220;Tagastus\u00f5igus&#8221;.<\/p>\n<p>Poe haldaja kannab Kliendile tasutud summa tagasi hiljemalt 30 p\u00e4eva jooksul alates lepingust taganemise soovi k\u00e4tte saamisest. Raha kantakse \u00fcle samale arvelduskontole, millelt toimus selle laekumine Poe haldajale.<\/p>\n<h3>Tagastus\u00f5igus<\/h3>\n<p>E-poest ostetud f\u00fc\u00fcsilistele kaupadele kehtib 14 p\u00e4evane tagastus\u00f5igus.\u00a0Tagastatav toode peab olema puuduseta, t\u00e4iskomplektne, originaalpakendis ja kasutusj\u00e4lgeteta. Tagastamisel kantakse Kliendile raha tagasi hiljemalt 30 p\u00e4eva jooksul toote tagastamisest. Raha kantakse \u00fcle samale arvelduskontole, millelt toimus selle laekumine Poe haldajale. Tagastamisega kaasnevad transpordikulud kannab Klient. Juhul kui peale tagastamist ilmneb, et tagastus ei vasta Kasutuslepingus toodud tingimustele, siis raha ei tagastata.<\/p>\n<p>Tagastus- ja \u00fcmbervahetamis\u00f5igus puudub elektroonilistel toodetel ning kaupadel, mida on muudetud vastavalt kliendi soovidele (lisatud pilt, kiri).<\/p>\n<hr \/>\n[\/vc_column_text][vc_column_text]\n<h2>Privaatsustingimused<\/h2>\n<p>By lilleliis O\u00dc on v\u00f5tnud endale kohustuse kaitsta klientide ja kasutajate privaatsust. Sellest l\u00e4htuvalt on koostatud privaatsuspoliitika p\u00f5him\u00f5tted, mis k\u00e4sitlevad Kliendi andmete kogumist, kasutamist, avaldamist, edastamist ja talletamist. Meie tegevus internetis on koosk\u00f5las k\u00f5igi asjakohaste tegevuste ja vastavate Euroopa Liidu \u00f5igusaktide ja Eesti Vabariigi seadustega.<\/p>\n<h4>Isikuandmete kogumine<\/h4>\n<p>Isikuandmed on andmed, mida By lilleliis O\u00dc kogub \u00fcksikisikuga \u00fchenduse v\u00f5tmiseks. Veebilehe ja e-poe kasutaja annab selge ja teadliku n\u00f5usoleku Poe haldajale enda isikuandmete t\u00f6\u00f6tlemiseks. Andmete kogumine v\u00f5ib toimuda:<\/p>\n<ul>\n<li>ostu v\u00f5i tellimuse sooritamisel meie e-poes<\/li>\n<li>kommentaari v\u00f5i tagasiside j\u00e4tmisel meie kodulehele<\/li>\n<li>uudiskirjaga liitumisel<\/li>\n<\/ul>\n<p>Vastavalt vajadusele v\u00f5ib By lilleliis O\u00dc paluda kodulehe k\u00fclastajalt selliseid\u00a0isikuandmeid nagu nimi, aadress, postiindeks, e-posti aadress, telefoninumber jmt.<\/p>\n<h4>Kogutud isikuandmete kasutamine<\/h4>\n<ul>\n<li>Kogutud isikuandmeid kasutame kauba kohaletoimetamiseks ning Kliendi ees v\u00f5etud kohustuste t\u00e4itmiseks.<\/li>\n<li>Isikuandmed, mis on vajalikud kauba vahendamiseks Kliendile, v\u00f5ib edastada transporditeenust osutavale ettev\u00f5ttele, kes osutab By lilleliis O\u00dc-le teenust ning on lepinguga kohustunud hoidma jagatud teavet konfidentsiaalsena.<\/li>\n<li>Kogutud isikuandmete abil saame teavitada kliente By lilleliis O\u00dc e-poe tooteuudistest, kampaaniatest ja tulevastest s\u00fcndmustest. Klient, kes ei soovi olla meie uudiskirjaloendis, saab ennast adressaatide sihtr\u00fchmast igal ajal ise eemaldada.<\/li>\n<li>Poe haldaja j\u00e4tab endale \u00f5iguse edastada kasutajat puudutavaid andmeid juhul, kui need edastatakse isikule, kes t\u00f6\u00f6tleb andmeid seadusega etten\u00e4htud kohustuse t\u00e4itmiseks ning omab selleks seaduslikku \u00f5igust.<\/li>\n<\/ul>\n<h4>Isikuandmete kaitse<\/h4>\n<p>By lilleliis O\u00dc rakendab k\u00f5iki ettevaatusabin\u00f5usid (sh administratiivsed, tehnilised ja f\u00fc\u00fcsilised meetmed) Kliendi isikuandmete kaitsmiseks. Juurdep\u00e4\u00e4s andmete muutmiseks ja t\u00f6\u00f6tlemiseks on ainult selleks volitatud isikutel.<\/p>\n<p>Kliendil on \u00f5igus kontrollida teda puudutavaid isikuandmeid, samuti neid muuta v\u00f5i k\u00f5rvaldada andmed registrist.<\/p>\n<h4>Turvalisus<\/h4>\n<p>K\u00f5iki By lilleliis O\u00dc kodulehe k\u00fclastamise ja ostude sooritamise k\u00e4igus teatavaks saanud Kliendi isikuandmeid k\u00e4sitletakse kui konfidentsiaalset infot.<\/p>\n<h3>Kasutamistingimused<\/h3>\n<p>Kasutuslepingus toodud tingimustega tutvumine on Kliendile kohustuslik.<\/p>\n<p>Tellimuse esitamisel m\u00e4rkides linnukesega vastavas aknas \u201eKinnitan, et olen tutvunud e-poe kasutamis- ja privaatsustingimustega\u201d, kinnitab Klient, et on tutvunud Kasutuslepingus toodud tingimustega, neist aru saanud ja n\u00f5ustub Kasutuslepingus toodud tingimustega.[\/vc_column_text][\/vc_column][\/vc_row]\n<\/div>","protected":false},"excerpt":{"rendered":"[vc_row][vc_column][vc_column_text] E-poe kasutustingimused By lilleliis O\u00dc, registrikoodiga 12251925, Kressi tee 7, Tallinn, Harju maakond, 11913 (edaspidi Poe haldaja) ja klient, kes vormistab By lilleliis O\u00dc hallatavas e-poes tellimuse ja identifitseerib end sisestades tellimusele oma isikuandmed (edaspidi Klient), on kokku leppinud j\u00e4rgnevates tingimustes. \u00dclds\u00e4tted Lepingupooled juhinduvad omavaheliste suhete reguleerimisel Eesti Vabariigi seadustest ja muudest \u00f5igusaktidest ning [&#8230;]\n","protected":false},"author":3,"featured_media":0,"parent":0,"menu_order":0,"comment_status":"closed","ping_status":"closed","template":"","meta":{"footnotes":""},"class_list":["post-194","page","type-page","status-publish","hentry"],"yoast_head":"<!-- This site is optimized with the Yoast SEO plugin v27.3 - https:\/\/yoast.com\/product\/yoast-seo-wordpress\/ -->\n<title>Kasutus- ja privaatsustingimused | lilleliis<\/title>\n<meta name=\"robots\" content=\"index, follow, max-snippet:-1, max-image-preview:large, max-video-preview:-1\" \/>\n<link rel=\"canonical\" href=\"https:\/\/www.lilleliis.com\/et\/kasutus-ja-privaatsustingimused\/\" \/>\n<meta property=\"og:locale\" content=\"et_EE\" \/>\n<meta property=\"og:type\" content=\"article\" \/>\n<meta property=\"og:title\" content=\"Kasutus- ja privaatsustingimused | lilleliis\" \/>\n<meta property=\"og:description\" content=\"[vc_row][vc_column][vc_column_text] E-poe kasutustingimused By lilleliis O\u00dc, registrikoodiga 12251925, Kressi tee 7, Tallinn, Harju maakond, 11913 (edaspidi Poe haldaja) ja klient, kes vormistab By lilleliis O\u00dc hallatavas e-poes tellimuse ja identifitseerib end sisestades tellimusele oma isikuandmed (edaspidi Klient), on kokku leppinud j\u00e4rgnevates tingimustes. \u00dclds\u00e4tted Lepingupooled juhinduvad omavaheliste suhete reguleerimisel Eesti Vabariigi seadustest ja muudest \u00f5igusaktidest ning [...]\" \/>\n<meta property=\"og:url\" content=\"https:\/\/www.lilleliis.com\/et\/kasutus-ja-privaatsustingimused\/\" \/>\n<meta property=\"og:site_name\" content=\"lilleliis\" \/>\n<meta property=\"article:publisher\" content=\"https:\/\/www.facebook.com\/lilleliis-283266335035799\/\" \/>\n<meta property=\"article:modified_time\" content=\"2020-06-16T10:08:52+00:00\" \/>\n<meta name=\"twitter:card\" content=\"summary_large_image\" \/>\n<meta name=\"twitter:label1\" content=\"Est. reading time\" \/>\n\t<meta name=\"twitter:data1\" content=\"6 minutes\" \/>\n<script type=\"application\/ld+json\" class=\"yoast-schema-graph\">{\"@context\":\"https:\\\/\\\/schema.org\",\"@graph\":[{\"@type\":\"WebPage\",\"@id\":\"https:\\\/\\\/www.lilleliis.com\\\/et\\\/kasutus-ja-privaatsustingimused\\\/\",\"url\":\"https:\\\/\\\/www.lilleliis.com\\\/et\\\/kasutus-ja-privaatsustingimused\\\/\",\"name\":\"Kasutus- ja privaatsustingimused | lilleliis\",\"isPartOf\":{\"@id\":\"https:\\\/\\\/www.lilleliis.com\\\/et\\\/#website\"},\"datePublished\":\"2013-02-17T13:48:27+00:00\",\"dateModified\":\"2020-06-16T10:08:52+00:00\",\"breadcrumb\":{\"@id\":\"https:\\\/\\\/www.lilleliis.com\\\/et\\\/kasutus-ja-privaatsustingimused\\\/#breadcrumb\"},\"inLanguage\":\"et\",\"potentialAction\":[{\"@type\":\"ReadAction\",\"target\":[\"https:\\\/\\\/www.lilleliis.com\\\/et\\\/kasutus-ja-privaatsustingimused\\\/\"]}]},{\"@type\":\"BreadcrumbList\",\"@id\":\"https:\\\/\\\/www.lilleliis.com\\\/et\\\/kasutus-ja-privaatsustingimused\\\/#breadcrumb\",\"itemListElement\":[{\"@type\":\"ListItem\",\"position\":1,\"name\":\"Home\",\"item\":\"https:\\\/\\\/www.lilleliis.com\\\/et\\\/\"},{\"@type\":\"ListItem\",\"position\":2,\"name\":\"Kasutus- ja privaatsustingimused\"}]},{\"@type\":\"WebSite\",\"@id\":\"https:\\\/\\\/www.lilleliis.com\\\/et\\\/#website\",\"url\":\"https:\\\/\\\/www.lilleliis.com\\\/et\\\/\",\"name\":\"lilleliis\",\"description\":\"Amigurumi m\u00e4nguasjad ja mustrid\",\"potentialAction\":[{\"@type\":\"SearchAction\",\"target\":{\"@type\":\"EntryPoint\",\"urlTemplate\":\"https:\\\/\\\/www.lilleliis.com\\\/et\\\/?s={search_term_string}\"},\"query-input\":{\"@type\":\"PropertyValueSpecification\",\"valueRequired\":true,\"valueName\":\"search_term_string\"}}],\"inLanguage\":\"et\"}]}<\/script>\n<!-- \/ Yoast SEO plugin. -->","yoast_head_json":{"title":"Kasutus- ja privaatsustingimused | lilleliis","robots":{"index":"index","follow":"follow","max-snippet":"max-snippet:-1","max-image-preview":"max-image-preview:large","max-video-preview":"max-video-preview:-1"},"canonical":"https:\/\/www.lilleliis.com\/et\/kasutus-ja-privaatsustingimused\/","og_locale":"et_EE","og_type":"article","og_title":"Kasutus- ja privaatsustingimused | lilleliis","og_description":"[vc_row][vc_column][vc_column_text] E-poe kasutustingimused By lilleliis O\u00dc, registrikoodiga 12251925, Kressi tee 7, Tallinn, Harju maakond, 11913 (edaspidi Poe haldaja) ja klient, kes vormistab By lilleliis O\u00dc hallatavas e-poes tellimuse ja identifitseerib end sisestades tellimusele oma isikuandmed (edaspidi Klient), on kokku leppinud j\u00e4rgnevates tingimustes. \u00dclds\u00e4tted Lepingupooled juhinduvad omavaheliste suhete reguleerimisel Eesti Vabariigi seadustest ja muudest \u00f5igusaktidest ning [...]","og_url":"https:\/\/www.lilleliis.com\/et\/kasutus-ja-privaatsustingimused\/","og_site_name":"lilleliis","article_publisher":"https:\/\/www.facebook.com\/lilleliis-283266335035799\/","article_modified_time":"2020-06-16T10:08:52+00:00","twitter_card":"summary_large_image","twitter_misc":{"Est. reading time":"6 minutes"},"schema":{"@context":"https:\/\/schema.org","@graph":[{"@type":"WebPage","@id":"https:\/\/www.lilleliis.com\/et\/kasutus-ja-privaatsustingimused\/","url":"https:\/\/www.lilleliis.com\/et\/kasutus-ja-privaatsustingimused\/","name":"Kasutus- ja privaatsustingimused | lilleliis","isPartOf":{"@id":"https:\/\/www.lilleliis.com\/et\/#website"},"datePublished":"2013-02-17T13:48:27+00:00","dateModified":"2020-06-16T10:08:52+00:00","breadcrumb":{"@id":"https:\/\/www.lilleliis.com\/et\/kasutus-ja-privaatsustingimused\/#breadcrumb"},"inLanguage":"et","potentialAction":[{"@type":"ReadAction","target":["https:\/\/www.lilleliis.com\/et\/kasutus-ja-privaatsustingimused\/"]}]},{"@type":"BreadcrumbList","@id":"https:\/\/www.lilleliis.com\/et\/kasutus-ja-privaatsustingimused\/#breadcrumb","itemListElement":[{"@type":"ListItem","position":1,"name":"Home","item":"https:\/\/www.lilleliis.com\/et\/"},{"@type":"ListItem","position":2,"name":"Kasutus- ja privaatsustingimused"}]},{"@type":"WebSite","@id":"https:\/\/www.lilleliis.com\/et\/#website","url":"https:\/\/www.lilleliis.com\/et\/","name":"lilleliis","description":"Amigurumi m\u00e4nguasjad ja mustrid","potentialAction":[{"@type":"SearchAction","target":{"@type":"EntryPoint","urlTemplate":"https:\/\/www.lilleliis.com\/et\/?s={search_term_string}"},"query-input":{"@type":"PropertyValueSpecification","valueRequired":true,"valueName":"search_term_string"}}],"inLanguage":"et"}]}},"_links":{"self":[{"href":"https:\/\/www.lilleliis.com\/et\/wp-json\/wp\/v2\/pages\/194","targetHints":{"allow":["GET"]}}],"collection":[{"href":"https:\/\/www.lilleliis.com\/et\/wp-json\/wp\/v2\/pages"}],"about":[{"href":"https:\/\/www.lilleliis.com\/et\/wp-json\/wp\/v2\/types\/page"}],"author":[{"embeddable":true,"href":"https:\/\/www.lilleliis.com\/et\/wp-json\/wp\/v2\/users\/3"}],"replies":[{"embeddable":true,"href":"https:\/\/www.lilleliis.com\/et\/wp-json\/wp\/v2\/comments?post=194"}],"version-history":[{"count":17,"href":"https:\/\/www.lilleliis.com\/et\/wp-json\/wp\/v2\/pages\/194\/revisions"}],"predecessor-version":[{"id":52960,"href":"https:\/\/www.lilleliis.com\/et\/wp-json\/wp\/v2\/pages\/194\/revisions\/52960"}],"wp:attachment":[{"href":"https:\/\/www.lilleliis.com\/et\/wp-json\/wp\/v2\/media?parent=194"}],"curies":[{"name":"wp","href":"https:\/\/api.w.org\/{rel}","templated":true}]}}