{"id":3111,"date":"2013-06-10T16:10:41","date_gmt":"2013-06-10T16:10:41","guid":{"rendered":"http:\/\/lilleliis.com\/?page_id=3111"},"modified":"2025-12-15T20:15:16","modified_gmt":"2025-12-15T18:15:16","slug":"angry-birdsi-muts","status":"publish","type":"page","link":"https:\/\/www.lilleliis.com\/et\/amigurumi-mustrid\/angry-birdsi-muts\/","title":{"rendered":"Angry Birds`i m\u00fcts"},"content":{"rendered":"  <div id=\"page-header-1502121154\" class=\"page-header-wrapper\">\n  <div class=\"page-title dark divided-title\">\n\n        <div class=\"page-title-bg\">\n      <div class=\"title-bg fill bg-fill\"\n        data-parallax-container=\".page-title\"\n        data-parallax-background\n        data-parallax=\"-\">\n      <\/div>\n      <div class=\"title-overlay fill\"><\/div>\n    <\/div>\n    \n    <div class=\"page-title-inner container align-center text-center flex-row-col medium-flex-wrap\" >\n              <div class=\"title-wrapper uppercase is-larger flex-col\">\n          <h1 class=\"entry-title mb-0\">\n            Aplikatsioonid Angry Birds`i m\u00fctsile          <\/h1>\n        <\/div>\n                <div class=\"page-title-sub op-7 flex-col\">\n          <p class=\"lead\">lilleliisi heegelmuster<\/p>\n        <\/div>\n                    <div class=\"title-content flex-col\">\n        <div class=\"title-share pt-half pb-half\"><div class=\"social-icons share-icons share-row relative icon-style-outline\" ><a href=\"https:\/\/www.facebook.com\/sharer.php?u=https:\/\/www.lilleliis.com\/et\/amigurumi-mustrid\/angry-birdsi-muts\/\" data-label=\"Facebook\" onclick=\"window.open(this.href,this.title,'width=500,height=500,top=300px,left=300px'); return false;\" target=\"_blank\" class=\"icon button circle is-outline tooltip facebook\" title=\"Share on Facebook\" aria-label=\"Share on Facebook\" rel=\"noopener nofollow\"><i class=\"icon-facebook\" aria-hidden=\"true\"><\/i><\/a><a href=\"mailto:?subject=Angry%20Birds%60i%20m%C3%BCts&body=Check%20this%20out%3A%20https%3A%2F%2Fwww.lilleliis.com%2Fet%2Famigurumi-mustrid%2Fangry-birdsi-muts%2F\" class=\"icon button circle is-outline tooltip email\" title=\"Email to a Friend\" aria-label=\"Email to a Friend\" rel=\"nofollow\"><i class=\"icon-envelop\" aria-hidden=\"true\"><\/i><\/a><a href=\"https:\/\/pinterest.com\/pin\/create\/button?url=https:\/\/www.lilleliis.com\/et\/amigurumi-mustrid\/angry-birdsi-muts\/&media=https:\/\/www.lilleliis.com\/wp-content\/uploads\/2013\/06\/crochet-pattern-angry-birds-hat.jpg&description=Angry%20Birds%60i%20m%C3%BCts\" onclick=\"window.open(this.href,this.title,'width=500,height=500,top=300px,left=300px'); return false;\" target=\"_blank\" class=\"icon button circle is-outline tooltip pinterest\" title=\"Pin on Pinterest\" aria-label=\"Pin on Pinterest\" rel=\"noopener nofollow\"><i class=\"icon-pinterest\" aria-hidden=\"true\"><\/i><\/a><\/div><\/div>      <\/div>\n    <\/div>\n\n     \n<style>\n#page-header-1502121154 .page-title-inner {\n  min-height: 400px;\n}\n#page-header-1502121154 {\n  margin-bottom: 20px;\n}\n#page-header-1502121154 .title-bg {\n  background-image: url(https:\/\/www.lilleliis.com\/wp-content\/uploads\/2017\/10\/angry-birds-crochet-hat-1.jpg);\n}\n<\/style>\n  <\/div>\n  <div class=\"container header-wrapper-divider\"><hr\/><\/div>  <\/div>\n  \n<p>Selle heegeldamise \u00f5petuse j\u00e4rgi saab valmistada Angry Birds`i m\u00fctsile vajalikud aplikatsioonid. M\u00fctsi aluse v\u00f5ib kududa v\u00f5i heegeldada, see v\u00f5ib olla vastavalt vajadusele ja lapse eale k\u00f5rvaklappidega v\u00f5i ilma.<\/p>\n<div class=\"message-box relative\" style=\"padding-top:15px;padding-bottom:15px;\"><div class=\"message-box-bg-image bg-fill fill\" ><\/div><div class=\"message-box-bg-overlay bg-fill fill\" ><\/div><div class=\"container relative\"><div class=\"inner last-reset\">\n<div class=\"row align-middle align-center\"  id=\"row-695145573\">\n\n\t<div id=\"col-152629962\" class=\"col medium-9 small-12 large-9\"  >\n\t\t\t\t<div class=\"col-inner\"  >\n\t\t\t\n\t\t\t\n<p class=\"uppercase\"><span style=\"font-size: 80%;\" data-text-color=\"secondary\">LILLELIISI T\u00d6\u00d6D VALMIVAD ORIGINAALLOOMINGUNA. DISAINIDE KUJUNDAMISELE, \u00d5PETUSTE KIRJUTAMISELE, PILDISTAMISELE JA S\u00d5BRALIKU TEENINDUSE PAKKUMISELE KULUB PALJU AEGA JA ENERGIAT. SEEP\u00c4RAST OLEKS MUL HEA MEEL, KUI VASTUTASUKS \u00d5PETUSE KASUTAMISE EEST LISAKSID TOODETELE V\u00d5I FOTODELE (BLOGIS, FACEBOOKIS V\u00d5I KUS IGANES MUJAL) VIITE MINU KODULEHELE.<\/span><\/p>\n<h5 class=\"uppercase\"><span style=\"font-size: 80%;\" data-text-color=\"secondary\">\u00a9 COPYRIGHT<\/span><br \/><span style=\"font-size: 80%;\" data-text-color=\"secondary\">*SELLE TOOTE DISAIN KUULUB TEMA ALGSETELE LOOJATELE. SEEP\u00c4RAST ON \u00d5PETUS VAID ISIKLIKUKS KASUTAMISEKS JA TOODETE VALMISTAMINE M\u00dc\u00dcGI EESM\u00c4RGIL KEELATUD.<\/span><br \/><span style=\"font-size: 80%;\" data-text-color=\"secondary\">*\u00d5PETUST ON KEELATUD JAGADA V\u00d5I M\u00dc\u00dcA.<\/span><\/h5>\n\t\t<\/div>\n\t\t\t\t\t<\/div>\n\n\t\n\n\t<div id=\"col-1243764772\" class=\"col medium-2 small-12 large-2\"  >\n\t\t\t\t<div class=\"col-inner text-center\"  >\n\t\t\t\n\t\t\t\n<a href=\"https:\/\/www.lilleliis.com\/et\/autorioigused\/\" class=\"button white is-outline\" style=\"border-radius:99px;\">\n\t\t<span>loe l\u00e4hemalt<\/span>\n\t<\/a>\n\n\t\t<\/div>\n\t\t\t\t\t<\/div>\n\n\t\n<\/div>\n<\/div><\/div><\/div>\n\t<div id=\"gap-138250833\" class=\"gap-element clearfix\" style=\"display:block; height:auto;\">\n\t\t\n<style>\n#gap-138250833 {\n  padding-top: 30px;\n}\n<\/style>\n\t<\/div>\n\t\n<div class=\"row row-dashed\"  id=\"row-2109266246\">\n\n\t<div id=\"col-2109700484\" class=\"col medium-4 small-12 large-4\"  >\n\t\t\t\t<div class=\"col-inner\"  >\n\t\t\t\n\t\t\t\n<p><strong>Aplikatsioonide jaoks l\u00e4heb vaja:<\/strong><\/p>\n<ul>\n<li>valget, musta ja oran\u017ei l\u00f5nga (mina kasutasin puuvillast l\u00f5nga Steinbach Wolle\u00a0<i>Capri<\/i>, 50 g \/ 125 m)<\/li>\n<li>heegeln\u00f5ela 3,5 mm<\/li>\n<li>natuke m\u00fctsi p\u00f5hil\u00f5nga ja heegeln\u00f5ela vastavalt selle j\u00e4medusele<\/li>\n<\/ul>\n\t\t<\/div>\n\t\t\t\t\t<\/div>\n\n\t\n\n\t<div id=\"col-1105668523\" class=\"col medium-4 small-12 large-4\"  >\n\t\t\t\t<div class=\"col-inner\"  >\n\t\t\t\n\t\t\t\n<p><strong>Tingm\u00e4rgid:<\/strong><br \/>aass \u2013 aassilmus, ah \u2013 ahelsilmus, ks \u2013 kinnissilmus, x \u2013 korda<\/p>\n<p><strong>Mustrist:<\/strong><\/p>\n<ul>\n<li>\n<h6>DETAILID HEEGELDATAKSE RINGSELT, ILMA RIDU \u00dcHENDAMATA (KUI POLE M\u00c4RGITUD TEISITI).<\/h6>\n<\/li>\n<li>\n<h6>KASUTA SILMUSEM\u00c4RKIJAT V\u00d5I L\u00dcHIKEST L\u00d5NGAJUPPI, ET T\u00c4HISTADA \u00c4RA IGA UUE RINGI ALGUS.<\/h6>\n<\/li>\n<li>\n<h6>J\u00c4TA DETAILI L\u00d5PPU KOKKU\u00d5MBLEMISEKS PIKK L\u00d5NGASABA.<\/h6>\n<\/li>\n<\/ul>\n\t\t<\/div>\n\t\t\t\t\t<\/div>\n\n\t\n\n\t<div id=\"col-127613277\" class=\"col medium-4 small-12 large-4\"  >\n\t\t\t\t<div class=\"col-inner\"  >\n\t\t\t\n\t\t\t\n\t<div class=\"img has-hover x md-x lg-x y md-y lg-y\" id=\"image_1673672091\">\n\t\t<a class=\"image-lightbox lightbox-gallery\" title=\"\" href=\"https:\/\/www.lilleliis.com\/wp-content\/uploads\/2017\/10\/angry-birds-crochet-hat-1-534x800.jpg\">\t\t\t\t\t\t<div class=\"img-inner dark\" style=\"margin:0px 0px 0px 0px;\">\n\t\t\t<img loading=\"lazy\" decoding=\"async\" width=\"534\" height=\"800\" src=\"https:\/\/www.lilleliis.com\/wp-content\/uploads\/2017\/10\/angry-birds-crochet-hat-1-534x800.jpg\" class=\"attachment-large size-large\" alt=\"\" srcset=\"https:\/\/www.lilleliis.com\/wp-content\/uploads\/2017\/10\/angry-birds-crochet-hat-1-534x800.jpg 534w, https:\/\/www.lilleliis.com\/wp-content\/uploads\/2017\/10\/angry-birds-crochet-hat-1-267x400.jpg 267w, https:\/\/www.lilleliis.com\/wp-content\/uploads\/2017\/10\/angry-birds-crochet-hat-1-768x1151.jpg 768w, https:\/\/www.lilleliis.com\/wp-content\/uploads\/2017\/10\/angry-birds-crochet-hat-1-510x764.jpg 510w, https:\/\/www.lilleliis.com\/wp-content\/uploads\/2017\/10\/angry-birds-crochet-hat-1.jpg 1001w\" sizes=\"auto, (max-width: 534px) 100vw, 534px\" \/>\t\t\t\t\t\t\n\t\t\t\t\t<\/div>\n\t\t\t\t\t\t<\/a>\t\t\n<style>\n#image_1673672091 {\n  width: 100%;\n}\n<\/style>\n\t<\/div>\n\t\n\t\t<\/div>\n\t\t\t\t\t<\/div>\n\n\t\n<\/div>\n<div class=\"container section-title-container\" ><h3 class=\"section-title section-title-bold\"><b aria-hidden=\"true\"><\/b><span class=\"section-title-main\" style=\"color:rgb(210, 152, 73);\">SILMAD (TEE 2)<\/span><b aria-hidden=\"true\"><\/b><\/h3><\/div>\n<p>1: Valge. 2 ah. Tee 6 ks heegeln\u00f5elast teise ah-sse.<\/p>\n<p>\u00c4ra rida \u00fchenda, vaid j\u00e4tka spiraalselt!<\/p>\n<p>2: 2 ks igasse ks-sse = 12<\/p>\n<p>3: (1 ks, 2 ks j\u00e4rgmisse ks-sse) 6 x = 18<\/p>\n<p>4: (2 x ks, 2 ks j\u00e4rgmisse ks-sse) 6 x =24<\/p>\n<p>5-7: 1 ks igasse ks-sse<\/p>\n<p>7: (2 ks kokku) 12 x = 12<\/p>\n<div class=\"container section-title-container\" ><h3 class=\"section-title section-title-bold\"><b aria-hidden=\"true\"><\/b><span class=\"section-title-main\" style=\"color:rgb(210, 152, 73);\">SILMATERAD (TEE 2)<\/span><b aria-hidden=\"true\"><\/b><\/h3><\/div>\n<p>Must. 2 ah. Tee 7 ks heegeln\u00f5elast teise ah-sse. Aass esimesse ks-sse.<\/p>\n<p>\u00d5mble silmaterad silmadele kasutades nende k\u00fclge j\u00e4etud musti l\u00f5ngasabasid. Silmaterade asetusest s\u00f5ltub ilme, mille sa linnule annad.<\/p>\n<div class=\"container section-title-container\" ><h3 class=\"section-title section-title-bold\"><b aria-hidden=\"true\"><\/b><span class=\"section-title-main\" style=\"color:rgb(210, 152, 73);\">KULMUD (TEE 2)<\/span><b aria-hidden=\"true\"><\/b><\/h3><\/div>\n<p>1: Must. 16 ah. Alustades heegeln\u00f5elast teisest silmuset tee 1 ks igasse ah-sse = 15 ks<\/p>\n<p>2: Keera. 1 ah. 8 x ks, 7 x aass<\/p>\n<div class=\"container section-title-container\" ><h3 class=\"section-title section-title-bold\"><b aria-hidden=\"true\"><\/b><span class=\"section-title-main\" style=\"color:rgb(210, 152, 73);\">NOKK<\/span><b aria-hidden=\"true\"><\/b><\/h3><\/div>\n<p>1: Oran\u017e. 10 ah. Alustades heegeln\u00f5elast teisest silmuset tee 1 ks igasse ah-sse = 9 ks<\/p>\n<p>2-9: Keera. Alustades teisest ks-st tee 1 ks igasse ks-sse, kuni alles j\u00e4\u00e4b 1 ks<br \/>L\u00f5nga katkestamata \u00e4\u00e4rista kogu detail ks-ga (nurkmistesse silmustesse tee 2 ks).<\/p>\n<div class=\"container section-title-container\" ><h3 class=\"section-title section-title-bold\"><b aria-hidden=\"true\"><\/b><span class=\"section-title-main\" style=\"color:rgb(210, 152, 73);\">HARJATUTT 1<\/span><b aria-hidden=\"true\"><\/b><\/h3><\/div>\n<p>V\u00f5ta m\u00fctsi p\u00f5hil\u00f5ng ja heegeln\u00f5el vastavalt selle j\u00e4medusele.<\/p>\n<p>1: 2 ah. Tee 6 ks heegeln\u00f5elast teise ah-sse<\/p>\n<p>\u00c4ra rida \u00fchenda, vaid j\u00e4tka spiraalselt!<\/p>\n<p>2: 2 ks igasse ks-sse = 12<\/p>\n<p>3: 1 ks igasse ks-sse<\/p>\n<p>4-11: kahanda igal real viimane silmus, kuni alles j\u00e4\u00e4b 4 ks<\/p>\n<div class=\"container section-title-container\" ><h3 class=\"section-title section-title-bold\"><b aria-hidden=\"true\"><\/b><span class=\"section-title-main\" style=\"color:rgb(210, 152, 73);\">HARJATUTT 2<\/span><b aria-hidden=\"true\"><\/b><\/h3><\/div>\n<p>Kasuta sama l\u00f5nga ja heegeln\u00f5ela nagu esimese harjatuti valmistamiseks.<\/p>\n<p>1: 2 ah. Tee 6 ks heegeln\u00f5elast teise ah-sse<\/p>\n<p>\u00c4ra rida \u00fchenda, vaid j\u00e4tka spiraalselt!<\/p>\n<p>2: (1 ks, 2 ks j\u00e4rgmisse ks-sse) 3 x = 9<\/p>\n<p>3: 1 ks igasse ks-sse<\/p>\n<p>4-8: kahanda igal real viimane silmus, kuni alles j\u00e4\u00e4b 4 ks<\/p>\n<p>Kui k\u00f5ik detailid on valmis, s\u00e4ti need prooviks m\u00fctsi peale. Kinni\u00f5mblemist on soovitav alustada kulmudest, paigutades nende vahe eestvaates keskele. Seej\u00e4rel \u00f5mble kohale nokk ja siis silmad. Viimasena \u00f5mble m\u00fctsi tippu kaks harjatutti.<\/p>\n","protected":false},"excerpt":{"rendered":"<p>Selle heegeldamise \u00f5petuse j\u00e4rgi saab valmistada Angry Birds`i m\u00fctsile vajalikud aplikatsioonid. M\u00fctsi aluse v\u00f5ib kududa v\u00f5i heegeldada, see v\u00f5ib olla vastavalt vajadusele ja lapse eale k\u00f5rvaklappidega v\u00f5i ilma. 1: Valge. 2 ah. Tee 6 ks heegeln\u00f5elast teise ah-sse. \u00c4ra rida \u00fchenda, vaid j\u00e4tka spiraalselt! 2: 2 ks igasse ks-sse = 12 3: (1 ks, 2 [&#8230;]\n","protected":false},"author":3,"featured_media":31203,"parent":31200,"menu_order":0,"comment_status":"open","ping_status":"closed","template":"","meta":{"footnotes":""},"class_list":["post-3111","page","type-page","status-publish","has-post-thumbnail","hentry"],"yoast_head":"<!-- This site is optimized with the Yoast SEO plugin v27.3 - https:\/\/yoast.com\/product\/yoast-seo-wordpress\/ -->\n<title>Kuidas heegeldada Angry Birds`i m\u00fctsi | Tasuta k\u00e4sit\u00f6\u00f6 mustrid | lilleliis<\/title>\n<meta name=\"description\" content=\"Heegeldatud m\u00fctsi \u00f5petuse j\u00e4rgi saab valmistada Angry Birds`i m\u00fctsile vajalikud aplikatsioonid. M\u00fctsi aluse v\u00f5ib kududa v\u00f5i heegeldada. Tasuta muster.\" \/>\n<meta name=\"robots\" content=\"index, follow, max-snippet:-1, max-image-preview:large, max-video-preview:-1\" \/>\n<link rel=\"canonical\" href=\"https:\/\/www.lilleliis.com\/et\/amigurumi-mustrid\/angry-birdsi-muts\/\" \/>\n<meta property=\"og:locale\" content=\"et_EE\" \/>\n<meta property=\"og:type\" content=\"article\" \/>\n<meta property=\"og:title\" content=\"Kuidas heegeldada Angry Birds`i m\u00fctsi | Tasuta k\u00e4sit\u00f6\u00f6 mustrid | lilleliis\" \/>\n<meta property=\"og:description\" content=\"Heegeldatud m\u00fctsi \u00f5petuse j\u00e4rgi saab valmistada Angry Birds`i m\u00fctsile vajalikud aplikatsioonid. M\u00fctsi aluse v\u00f5ib kududa v\u00f5i heegeldada. Tasuta muster.\" \/>\n<meta property=\"og:url\" content=\"https:\/\/www.lilleliis.com\/et\/amigurumi-mustrid\/angry-birdsi-muts\/\" \/>\n<meta property=\"og:site_name\" content=\"lilleliis\" \/>\n<meta property=\"article:publisher\" content=\"https:\/\/www.facebook.com\/lilleliis-283266335035799\/\" \/>\n<meta property=\"article:modified_time\" content=\"2025-12-15T18:15:16+00:00\" \/>\n<meta property=\"og:image\" content=\"https:\/\/www.lilleliis.com\/wp-content\/uploads\/2013\/06\/crochet-pattern-angry-birds-hat.jpg\" \/>\n\t<meta property=\"og:image:width\" content=\"400\" \/>\n\t<meta property=\"og:image:height\" content=\"400\" \/>\n\t<meta property=\"og:image:type\" content=\"image\/jpeg\" \/>\n<meta name=\"twitter:card\" content=\"summary_large_image\" \/>\n<meta name=\"twitter:label1\" content=\"Est. reading time\" \/>\n\t<meta name=\"twitter:data1\" content=\"3 minutes\" \/>\n<script type=\"application\/ld+json\" class=\"yoast-schema-graph\">{\"@context\":\"https:\\\/\\\/schema.org\",\"@graph\":[{\"@type\":\"WebPage\",\"@id\":\"https:\\\/\\\/www.lilleliis.com\\\/et\\\/amigurumi-mustrid\\\/angry-birdsi-muts\\\/\",\"url\":\"https:\\\/\\\/www.lilleliis.com\\\/et\\\/amigurumi-mustrid\\\/angry-birdsi-muts\\\/\",\"name\":\"Kuidas heegeldada Angry Birds`i m\u00fctsi | Tasuta k\u00e4sit\u00f6\u00f6 mustrid | lilleliis\",\"isPartOf\":{\"@id\":\"https:\\\/\\\/www.lilleliis.com\\\/et\\\/#website\"},\"primaryImageOfPage\":{\"@id\":\"https:\\\/\\\/www.lilleliis.com\\\/et\\\/amigurumi-mustrid\\\/angry-birdsi-muts\\\/#primaryimage\"},\"image\":{\"@id\":\"https:\\\/\\\/www.lilleliis.com\\\/et\\\/amigurumi-mustrid\\\/angry-birdsi-muts\\\/#primaryimage\"},\"thumbnailUrl\":\"https:\\\/\\\/www.lilleliis.com\\\/wp-content\\\/uploads\\\/2013\\\/06\\\/crochet-pattern-angry-birds-hat.jpg\",\"datePublished\":\"2013-06-10T16:10:41+00:00\",\"dateModified\":\"2025-12-15T18:15:16+00:00\",\"description\":\"Heegeldatud m\u00fctsi \u00f5petuse j\u00e4rgi saab valmistada Angry Birds`i m\u00fctsile vajalikud aplikatsioonid. M\u00fctsi aluse v\u00f5ib kududa v\u00f5i heegeldada. Tasuta muster.\",\"breadcrumb\":{\"@id\":\"https:\\\/\\\/www.lilleliis.com\\\/et\\\/amigurumi-mustrid\\\/angry-birdsi-muts\\\/#breadcrumb\"},\"inLanguage\":\"et\",\"potentialAction\":[{\"@type\":\"ReadAction\",\"target\":[\"https:\\\/\\\/www.lilleliis.com\\\/et\\\/amigurumi-mustrid\\\/angry-birdsi-muts\\\/\"]}]},{\"@type\":\"ImageObject\",\"inLanguage\":\"et\",\"@id\":\"https:\\\/\\\/www.lilleliis.com\\\/et\\\/amigurumi-mustrid\\\/angry-birdsi-muts\\\/#primaryimage\",\"url\":\"https:\\\/\\\/www.lilleliis.com\\\/wp-content\\\/uploads\\\/2013\\\/06\\\/crochet-pattern-angry-birds-hat.jpg\",\"contentUrl\":\"https:\\\/\\\/www.lilleliis.com\\\/wp-content\\\/uploads\\\/2013\\\/06\\\/crochet-pattern-angry-birds-hat.jpg\",\"width\":400,\"height\":400},{\"@type\":\"BreadcrumbList\",\"@id\":\"https:\\\/\\\/www.lilleliis.com\\\/et\\\/amigurumi-mustrid\\\/angry-birdsi-muts\\\/#breadcrumb\",\"itemListElement\":[{\"@type\":\"ListItem\",\"position\":1,\"name\":\"Home\",\"item\":\"https:\\\/\\\/www.lilleliis.com\\\/et\\\/\"},{\"@type\":\"ListItem\",\"position\":2,\"name\":\"Tasuta mustrid\",\"item\":\"https:\\\/\\\/www.lilleliis.com\\\/et\\\/amigurumi-crochet-freebies\\\/\"},{\"@type\":\"ListItem\",\"position\":3,\"name\":\"Angry Birds`i m\u00fcts\"}]},{\"@type\":\"WebSite\",\"@id\":\"https:\\\/\\\/www.lilleliis.com\\\/et\\\/#website\",\"url\":\"https:\\\/\\\/www.lilleliis.com\\\/et\\\/\",\"name\":\"lilleliis\",\"description\":\"Amigurumi m\u00e4nguasjad ja mustrid\",\"potentialAction\":[{\"@type\":\"SearchAction\",\"target\":{\"@type\":\"EntryPoint\",\"urlTemplate\":\"https:\\\/\\\/www.lilleliis.com\\\/et\\\/?s={search_term_string}\"},\"query-input\":{\"@type\":\"PropertyValueSpecification\",\"valueRequired\":true,\"valueName\":\"search_term_string\"}}],\"inLanguage\":\"et\"}]}<\/script>\n<!-- \/ Yoast SEO plugin. -->","yoast_head_json":{"title":"Kuidas heegeldada Angry Birds`i m\u00fctsi | Tasuta k\u00e4sit\u00f6\u00f6 mustrid | lilleliis","description":"Heegeldatud m\u00fctsi \u00f5petuse j\u00e4rgi saab valmistada Angry Birds`i m\u00fctsile vajalikud aplikatsioonid. M\u00fctsi aluse v\u00f5ib kududa v\u00f5i heegeldada. Tasuta muster.","robots":{"index":"index","follow":"follow","max-snippet":"max-snippet:-1","max-image-preview":"max-image-preview:large","max-video-preview":"max-video-preview:-1"},"canonical":"https:\/\/www.lilleliis.com\/et\/amigurumi-mustrid\/angry-birdsi-muts\/","og_locale":"et_EE","og_type":"article","og_title":"Kuidas heegeldada Angry Birds`i m\u00fctsi | Tasuta k\u00e4sit\u00f6\u00f6 mustrid | lilleliis","og_description":"Heegeldatud m\u00fctsi \u00f5petuse j\u00e4rgi saab valmistada Angry Birds`i m\u00fctsile vajalikud aplikatsioonid. M\u00fctsi aluse v\u00f5ib kududa v\u00f5i heegeldada. Tasuta muster.","og_url":"https:\/\/www.lilleliis.com\/et\/amigurumi-mustrid\/angry-birdsi-muts\/","og_site_name":"lilleliis","article_publisher":"https:\/\/www.facebook.com\/lilleliis-283266335035799\/","article_modified_time":"2025-12-15T18:15:16+00:00","og_image":[{"width":400,"height":400,"url":"https:\/\/www.lilleliis.com\/wp-content\/uploads\/2013\/06\/crochet-pattern-angry-birds-hat.jpg","type":"image\/jpeg"}],"twitter_card":"summary_large_image","twitter_misc":{"Est. reading time":"3 minutes"},"schema":{"@context":"https:\/\/schema.org","@graph":[{"@type":"WebPage","@id":"https:\/\/www.lilleliis.com\/et\/amigurumi-mustrid\/angry-birdsi-muts\/","url":"https:\/\/www.lilleliis.com\/et\/amigurumi-mustrid\/angry-birdsi-muts\/","name":"Kuidas heegeldada Angry Birds`i m\u00fctsi | Tasuta k\u00e4sit\u00f6\u00f6 mustrid | lilleliis","isPartOf":{"@id":"https:\/\/www.lilleliis.com\/et\/#website"},"primaryImageOfPage":{"@id":"https:\/\/www.lilleliis.com\/et\/amigurumi-mustrid\/angry-birdsi-muts\/#primaryimage"},"image":{"@id":"https:\/\/www.lilleliis.com\/et\/amigurumi-mustrid\/angry-birdsi-muts\/#primaryimage"},"thumbnailUrl":"https:\/\/www.lilleliis.com\/wp-content\/uploads\/2013\/06\/crochet-pattern-angry-birds-hat.jpg","datePublished":"2013-06-10T16:10:41+00:00","dateModified":"2025-12-15T18:15:16+00:00","description":"Heegeldatud m\u00fctsi \u00f5petuse j\u00e4rgi saab valmistada Angry Birds`i m\u00fctsile vajalikud aplikatsioonid. M\u00fctsi aluse v\u00f5ib kududa v\u00f5i heegeldada. Tasuta muster.","breadcrumb":{"@id":"https:\/\/www.lilleliis.com\/et\/amigurumi-mustrid\/angry-birdsi-muts\/#breadcrumb"},"inLanguage":"et","potentialAction":[{"@type":"ReadAction","target":["https:\/\/www.lilleliis.com\/et\/amigurumi-mustrid\/angry-birdsi-muts\/"]}]},{"@type":"ImageObject","inLanguage":"et","@id":"https:\/\/www.lilleliis.com\/et\/amigurumi-mustrid\/angry-birdsi-muts\/#primaryimage","url":"https:\/\/www.lilleliis.com\/wp-content\/uploads\/2013\/06\/crochet-pattern-angry-birds-hat.jpg","contentUrl":"https:\/\/www.lilleliis.com\/wp-content\/uploads\/2013\/06\/crochet-pattern-angry-birds-hat.jpg","width":400,"height":400},{"@type":"BreadcrumbList","@id":"https:\/\/www.lilleliis.com\/et\/amigurumi-mustrid\/angry-birdsi-muts\/#breadcrumb","itemListElement":[{"@type":"ListItem","position":1,"name":"Home","item":"https:\/\/www.lilleliis.com\/et\/"},{"@type":"ListItem","position":2,"name":"Tasuta mustrid","item":"https:\/\/www.lilleliis.com\/et\/amigurumi-crochet-freebies\/"},{"@type":"ListItem","position":3,"name":"Angry Birds`i m\u00fcts"}]},{"@type":"WebSite","@id":"https:\/\/www.lilleliis.com\/et\/#website","url":"https:\/\/www.lilleliis.com\/et\/","name":"lilleliis","description":"Amigurumi m\u00e4nguasjad ja mustrid","potentialAction":[{"@type":"SearchAction","target":{"@type":"EntryPoint","urlTemplate":"https:\/\/www.lilleliis.com\/et\/?s={search_term_string}"},"query-input":{"@type":"PropertyValueSpecification","valueRequired":true,"valueName":"search_term_string"}}],"inLanguage":"et"}]}},"_links":{"self":[{"href":"https:\/\/www.lilleliis.com\/et\/wp-json\/wp\/v2\/pages\/3111","targetHints":{"allow":["GET"]}}],"collection":[{"href":"https:\/\/www.lilleliis.com\/et\/wp-json\/wp\/v2\/pages"}],"about":[{"href":"https:\/\/www.lilleliis.com\/et\/wp-json\/wp\/v2\/types\/page"}],"author":[{"embeddable":true,"href":"https:\/\/www.lilleliis.com\/et\/wp-json\/wp\/v2\/users\/3"}],"replies":[{"embeddable":true,"href":"https:\/\/www.lilleliis.com\/et\/wp-json\/wp\/v2\/comments?post=3111"}],"version-history":[{"count":14,"href":"https:\/\/www.lilleliis.com\/et\/wp-json\/wp\/v2\/pages\/3111\/revisions"}],"predecessor-version":[{"id":103930,"href":"https:\/\/www.lilleliis.com\/et\/wp-json\/wp\/v2\/pages\/3111\/revisions\/103930"}],"up":[{"embeddable":true,"href":"https:\/\/www.lilleliis.com\/et\/wp-json\/wp\/v2\/pages\/31200"}],"wp:featuredmedia":[{"embeddable":true,"href":"https:\/\/www.lilleliis.com\/et\/wp-json\/wp\/v2\/media\/31203"}],"wp:attachment":[{"href":"https:\/\/www.lilleliis.com\/et\/wp-json\/wp\/v2\/media?parent=3111"}],"curies":[{"name":"wp","href":"https:\/\/api.w.org\/{rel}","templated":true}]}}