{"id":3117,"date":"2013-06-10T16:13:38","date_gmt":"2013-06-10T16:13:38","guid":{"rendered":"http:\/\/lilleliis.com\/?page_id=3117"},"modified":"2018-12-06T12:02:04","modified_gmt":"2018-12-06T12:02:04","slug":"heegeldatud-mommimuts","status":"publish","type":"page","link":"https:\/\/www.lilleliis.com\/et\/amigurumi-mustrid\/heegeldatud-mommimuts\/","title":{"rendered":"Heegeldatud m\u00f5mmim\u00fcts"},"content":{"rendered":"  <div id=\"page-header-1045689617\" class=\"page-header-wrapper\">\n  <div class=\"page-title dark simple-title\">\n\n        <div class=\"page-title-bg\">\n      <div class=\"title-bg fill bg-fill\"\n        data-parallax-container=\".page-title\"\n        data-parallax-background\n        data-parallax=\"-\">\n      <\/div>\n      <div class=\"title-overlay fill\"><\/div>\n    <\/div>\n    \n    <div class=\"page-title-inner container align-center text-center flex-row-col medium-flex-wrap\" >\n              <div class=\"title-wrapper uppercase is-larger flex-col\">\n          <h1 class=\"entry-title mb-0\">\n            heegeldatud m\u00f5mmim\u00fcts          <\/h1>\n        <\/div>\n                <div class=\"page-title-sub op-7 flex-col\">\n          <p class=\"lead\">lilleliisi heegelmuster<\/p>\n        <\/div>\n                    <div class=\"title-content flex-col\">\n        <div class=\"title-breadcrumbs pb-half pt-half\"><nav class=\"woocommerce-breadcrumb breadcrumbs uppercase\" aria-label=\"Breadcrumb\">Esileht<\/nav><\/div>      <\/div>\n    <\/div>\n\n     \n<style>\n#page-header-1045689617 .page-title-inner {\n  min-height: 400px;\n}\n#page-header-1045689617 {\n  margin-bottom: 20px;\n}\n#page-header-1045689617 .title-bg {\n  background-image: url(https:\/\/www.lilleliis.com\/wp-content\/uploads\/2017\/09\/IMG_2009.jpg);\n}\n<\/style>\n  <\/div>\n    <\/div>\n  \n<p>M\u00f5mmim\u00fcts on vahva lisand nii v\u00e4ikese poisi kui t\u00fcdruku talveriietusele. Kui heegeldad m\u00fctsi soojast villasisaldusega l\u00f5ngast, sobib see kandmiseks l\u00e4bi talve.<\/p>\n<p>\u00d5petuse j\u00e4rgi valmib m\u00fcts v\u00e4ikelapsele pea\u00fcmberm\u00f5\u00f5duga 48\u201351 cm. V\u00e4iksema v\u00f5i suurema m\u00fctsi saamiseks kasvata vastavalt v\u00e4hem v\u00f5i rohkem silmuseid. Suurendade silmuste arvu n\u00e4iteks 57le, saate m\u00fctsi pea\u00fcmberm\u00f5\u00f5dule 51-54 cm. Tehes aga 54 asemel 51 silmust, peaks m\u00fcts sobima peasuurusele 45-48 cm. Ka m\u00fctsi s\u00fcgavust on ridu v\u00e4hendades v\u00f5 lisades lihtne muuta. L\u00f5plik suurus s\u00f5ltub siiski heegeldamistugevusest. Seep\u00e4rast proovi m\u00fctsi kindlasti t\u00f6\u00f6 k\u00e4igus lapsele p\u00e4he ja kohanda silmuste arvu selle j\u00e4rgi.<\/p>\n<p>Muster ilmus ka ajakirjas &#8220;Pere ja Kodu&#8221;, oktoober 2012.<\/p>\n\n  \n    <div class=\"row large-columns-4 medium-columns-3 small-columns-2\" >\n  <div class=\"gallery-col col\" data-animate=\"bounceIn\">\n          <div class=\"col-inner\">\n            <a class=\"image-lightbox lightbox-gallery\" href=\"https:\/\/www.lilleliis.com\/wp-content\/uploads\/2017\/09\/IMG_1953-533x800.jpg\" title=\"\">            <div class=\"box has-hover gallery-box box-overlay dark\">\n              <div class=\"box-image image-cover\" style=\"padding-top:100%;\">\n                <img loading=\"lazy\" decoding=\"async\" width=\"267\" height=\"400\" src=\"https:\/\/www.lilleliis.com\/wp-content\/uploads\/2017\/09\/IMG_1953-267x400.jpg\" class=\"attachment-medium size-medium\" alt=\"heegeldatud karum\u00fcts \u00f5petus\" ids=\"43646,43644,43650,43648\" animate=\"bounceIn\" image_height=\"100%\" srcset=\"https:\/\/www.lilleliis.com\/wp-content\/uploads\/2017\/09\/IMG_1953-267x400.jpg 267w, https:\/\/www.lilleliis.com\/wp-content\/uploads\/2017\/09\/IMG_1953-768x1152.jpg 768w, https:\/\/www.lilleliis.com\/wp-content\/uploads\/2017\/09\/IMG_1953-533x800.jpg 533w, https:\/\/www.lilleliis.com\/wp-content\/uploads\/2017\/09\/IMG_1953-510x765.jpg 510w, https:\/\/www.lilleliis.com\/wp-content\/uploads\/2017\/09\/IMG_1953.jpg 1000w\" sizes=\"auto, (max-width: 267px) 100vw, 267px\" \/>                                  <div class=\"overlay fill\"\n                      style=\"background-color: rgba(0,0,0,.15)\">\n                  <\/div>\n                                                              <\/div>\n              <div class=\"box-text text-left\" >\n                 <p><\/p>\n              <\/div>\n            <\/div>\n            <\/a>          <\/div>\n         <\/div><div class=\"gallery-col col\" data-animate=\"bounceIn\">\n          <div class=\"col-inner\">\n            <a class=\"image-lightbox lightbox-gallery\" href=\"https:\/\/www.lilleliis.com\/wp-content\/uploads\/2017\/09\/IMG_2009-1200x800.jpg\" title=\"\">            <div class=\"box has-hover gallery-box box-overlay dark\">\n              <div class=\"box-image image-cover\" style=\"padding-top:100%;\">\n                <img loading=\"lazy\" decoding=\"async\" width=\"600\" height=\"400\" src=\"https:\/\/www.lilleliis.com\/wp-content\/uploads\/2017\/09\/IMG_2009-600x400.jpg\" class=\"attachment-medium size-medium\" alt=\"heegeldatud karum\u00fcts \u00f5petus\" ids=\"43646,43644,43650,43648\" animate=\"bounceIn\" image_height=\"100%\" srcset=\"https:\/\/www.lilleliis.com\/wp-content\/uploads\/2017\/09\/IMG_2009-600x400.jpg 600w, https:\/\/www.lilleliis.com\/wp-content\/uploads\/2017\/09\/IMG_2009-768x512.jpg 768w, https:\/\/www.lilleliis.com\/wp-content\/uploads\/2017\/09\/IMG_2009-1200x800.jpg 1200w, https:\/\/www.lilleliis.com\/wp-content\/uploads\/2017\/09\/IMG_2009-510x340.jpg 510w, https:\/\/www.lilleliis.com\/wp-content\/uploads\/2017\/09\/IMG_2009.jpg 1500w\" sizes=\"auto, (max-width: 600px) 100vw, 600px\" \/>                                  <div class=\"overlay fill\"\n                      style=\"background-color: rgba(0,0,0,.15)\">\n                  <\/div>\n                                                              <\/div>\n              <div class=\"box-text text-left\" >\n                 <p><\/p>\n              <\/div>\n            <\/div>\n            <\/a>          <\/div>\n         <\/div><div class=\"gallery-col col\" data-animate=\"bounceIn\">\n          <div class=\"col-inner\">\n            <a class=\"image-lightbox lightbox-gallery\" href=\"https:\/\/www.lilleliis.com\/wp-content\/uploads\/2017\/09\/IMG_2015-533x800.jpg\" title=\"\">            <div class=\"box has-hover gallery-box box-overlay dark\">\n              <div class=\"box-image image-cover\" style=\"padding-top:100%;\">\n                <img loading=\"lazy\" decoding=\"async\" width=\"267\" height=\"400\" src=\"https:\/\/www.lilleliis.com\/wp-content\/uploads\/2017\/09\/IMG_2015-267x400.jpg\" class=\"attachment-medium size-medium\" alt=\"heegeldatud karum\u00fcts \u00f5petus\" ids=\"43646,43644,43650,43648\" animate=\"bounceIn\" image_height=\"100%\" srcset=\"https:\/\/www.lilleliis.com\/wp-content\/uploads\/2017\/09\/IMG_2015-267x400.jpg 267w, https:\/\/www.lilleliis.com\/wp-content\/uploads\/2017\/09\/IMG_2015-768x1152.jpg 768w, https:\/\/www.lilleliis.com\/wp-content\/uploads\/2017\/09\/IMG_2015-533x800.jpg 533w, https:\/\/www.lilleliis.com\/wp-content\/uploads\/2017\/09\/IMG_2015-510x765.jpg 510w, https:\/\/www.lilleliis.com\/wp-content\/uploads\/2017\/09\/IMG_2015.jpg 1000w\" sizes=\"auto, (max-width: 267px) 100vw, 267px\" \/>                                  <div class=\"overlay fill\"\n                      style=\"background-color: rgba(0,0,0,.15)\">\n                  <\/div>\n                                                              <\/div>\n              <div class=\"box-text text-left\" >\n                 <p><\/p>\n              <\/div>\n            <\/div>\n            <\/a>          <\/div>\n         <\/div><div class=\"gallery-col col\" data-animate=\"bounceIn\">\n          <div class=\"col-inner\">\n            <a class=\"image-lightbox lightbox-gallery\" href=\"https:\/\/www.lilleliis.com\/wp-content\/uploads\/2017\/09\/IMG_1968-533x800.jpg\" title=\"\">            <div class=\"box has-hover gallery-box box-overlay dark\">\n              <div class=\"box-image image-cover\" style=\"padding-top:100%;\">\n                <img loading=\"lazy\" decoding=\"async\" width=\"267\" height=\"400\" src=\"https:\/\/www.lilleliis.com\/wp-content\/uploads\/2017\/09\/IMG_1968-267x400.jpg\" class=\"attachment-medium size-medium\" alt=\"heegeldatud karum\u00fcts \u00f5petus\" ids=\"43646,43644,43650,43648\" animate=\"bounceIn\" image_height=\"100%\" srcset=\"https:\/\/www.lilleliis.com\/wp-content\/uploads\/2017\/09\/IMG_1968-267x400.jpg 267w, https:\/\/www.lilleliis.com\/wp-content\/uploads\/2017\/09\/IMG_1968-768x1152.jpg 768w, https:\/\/www.lilleliis.com\/wp-content\/uploads\/2017\/09\/IMG_1968-533x800.jpg 533w, https:\/\/www.lilleliis.com\/wp-content\/uploads\/2017\/09\/IMG_1968-510x765.jpg 510w, https:\/\/www.lilleliis.com\/wp-content\/uploads\/2017\/09\/IMG_1968.jpg 1000w\" sizes=\"auto, (max-width: 267px) 100vw, 267px\" \/>                                  <div class=\"overlay fill\"\n                      style=\"background-color: rgba(0,0,0,.15)\">\n                  <\/div>\n                                                              <\/div>\n              <div class=\"box-text text-left\" >\n                 <p><\/p>\n              <\/div>\n            <\/div>\n            <\/a>          <\/div>\n         <\/div><\/div>\n<hr \/>\n<p class=\"uppercase\"><span style=\"font-size: 80%;\" data-text-color=\"secondary\">LILLELIISI T\u00d6\u00d6D VALMIVAD ORIGINAALLOOMINGUNA. DISAINIDE KUJUNDAMISELE, \u00d5PETUSTE KIRJUTAMISELE, PILDISTAMISELE JA S\u00d5BRALIKU TEENINDUSE PAKKUMISELE KULUB PALJU AEGA JA ENERGIAT. SEEP\u00c4RAST OLEKS MUL HEA MEEL, KUI VASTUTASUKS \u00d5PETUSE KASUTAMISE EEST LISAKSID TOODETELE V\u00d5I FOTODELE (BLOGIS, FACEBOOKIS V\u00d5I KUS IGANES MUJAL) VIITE MINU KODULEHELE.<\/span><\/p>\n<h5 class=\"uppercase\"><span style=\"font-size: 80%;\" data-text-color=\"secondary\">\u00a9 COPYRIGHT<\/span><br \/>\n<span style=\"font-size: 80%;\" data-text-color=\"secondary\">*VALMIS TOODETE M\u00dc\u00dcMINE ON LUBATUD, KUID ENNE\u00a0<a title=\"Copyright\" href=\"https:\/\/www.lilleliis.com\/et\/copyright\/\">LOE L\u00c4HEMALT TINGIMUSTEST<\/a>.<\/span><br \/>\n<span style=\"font-size: 80%;\" data-text-color=\"secondary\">*\u00d5PETUST ON KEELATUD JAGADA V\u00d5I M\u00dc\u00dcA.<\/span><\/h5>\n<hr \/>\n<p><b>Vaja l\u00e4heb:<\/b><\/p>\n<ul>\n<li>2 tokki heledamat pruuni l\u00f5nga Drops Andes(100 g = 100 m)<\/li>\n<li>tumepruuni l\u00f5nga Drops Andes k\u00f5rvade ja m\u00fctsi serva jaoks, helesinist ja musta koonu jaoks<\/li>\n<li>heegeln\u00f5ela 5 mm<\/li>\n<li>2 n\u00f6\u00f6pi silmadeks<\/li>\n<\/ul>\n<p><b>Tingm\u00e4rgid:<\/b><br \/>\ns \u2013 silmus, aass \u2013 aassilmus, ah \u2013 ahelsilmus, ks \u2013 kinnissilmus, ps \u2013 poolsammas<\/p>\n<hr \/>\n<ul>\n<li>\n<h6>DETAILID HEEGELDATAKSE RINGSELT, ILMA RIDU \u00dcHENDAMATA (KUI POLE M\u00c4RGITUD TEISITI).<\/h6>\n<\/li>\n<li>\n<h6>KASUTA SILMUSEM\u00c4RKIJAT V\u00d5I L\u00dcHIKEST L\u00d5NGAJUPPI, ET T\u00c4HISTADA \u00c4RA IGA UUE RINGI ALGUS.<\/h6>\n<\/li>\n<li>\n<h6>J\u00c4TA DETAILI L\u00d5PPU KOKKU\u00d5MBLEMISEKS PIKK L\u00d5NGASABA.<\/h6>\n<\/li>\n<\/ul>\n<hr \/>\n<h3>\u00d5PETUS<\/h3>\n<p>Alusta heegeldamist pealaelt.<br \/>\n1. rida: tee 2 ah, siis 9 ps heegeln\u00f5elast teise ah-sse<br \/>\n2. rida: heegelda 2 ps igasse ps-sse [18]\n3. rida: (1 ps, siis 2 ps j\u00e4rgmisse ps-sse) 9 korda [27]\n4. rida: (2 ps, siis 2 ps j\u00e4rgmisse ps-sse) 9 korda [36]\n5. rida: (3 ps, siis 2 ps j\u00e4rgmisse ps-sse) 9 korda [45]\n6. rida: (4 ps, siis 2 ps j\u00e4rgmisse ps-sse) 9 korda [54]\n7.\u201318. rida: 1 ps igasse ps-sse<br \/>\nTee reavahe \u00fchtlustamiseks ks kolme j\u00e4rgmisse silmusesse ja siis aass.<br \/>\n\u00c4ra l\u00f5nga katkesta, vaid alusta kohe esimese k\u00f5rvaklapi heegeldamist.<br \/>\n19. rida: 1 ah. Tee samasse silmusesse 1 ks, edasi veel 10 ks.<br \/>\n20. rida: Keera. Heegelda 1 ah. Siis tee j\u00e4rgmisest silmusest alates 10 ks.<br \/>\n21. rida: Keera. Heegelda 1 ah. Siis tee j\u00e4rgmisest silmusest alates 9 ks.<br \/>\n22.\u201330. rida: j\u00e4tka sama s\u00fcsteemi, kuni alles j\u00e4\u00e4b 1 ks.<br \/>\nJ\u00e4ta umbes 10 cm pikkune saba ja katkesta l\u00f5ng.<br \/>\nLeia m\u00fctsi p\u00e4he proovides sobiv koht teisele k\u00f5rvaklapile ja valmista see samal moel, korrates ridu 19-30.<\/p>\n<p><b>\u00c4\u00c4R<\/b><b>\u00a0(tumepruun)<\/b><br \/>\n\u00c4\u00e4rista m\u00fcts tumepruuni l\u00f5ngaga. Alusta kuklaosalt ning liigu kinnissilmustega esimese k\u00f5rvaklapi tippu. Tee sidumispaela jaoks ahelsilmustest kett (u 45 silmust) ning tule m\u00f6\u00f6da seda aassilmustega tagasi. J\u00e4tka kinnissilmustest \u00e4\u00e4ristust \u00fcle m\u00fctsi esiosa teise k\u00f5rvaklapi tipuni. Seal valmista teine sidumispael sarnaselt esimesele. \u00c4\u00e4rista m\u00fcts l\u00f5puni, katkesta l\u00f5ng ning peida k\u00f5ik l\u00f5ngasabad.<\/p>\n<p>J\u00e4rgnevatele detailidele j\u00e4ta pikad l\u00f5ngasabad, et saaksid need hiljem kerge vaevaga m\u00fctsile \u00f5mmelda.<\/p>\n<p><b>K\u00d5RVAD<\/b><b>\u00a0(2 tk, tumepruunid)<\/b><br \/>\n1. rida: tee 2 ah, siis 6 ks heegeln\u00f5elast teise ah-sse.<br \/>\n2. rida: 2 ks igasse ks-sse [12]\n3. rida: (1 ks, siis 2 ks j\u00e4rgmisse ks-sse) 6 korda [18]\n4. rida: (5 ks, siis 2 ks j\u00e4rgmisse ks-sse) 3 korda [21]\n5.\u20138. rida: 1 ks igasse ks-sse<\/p>\n<p><b>KOON<\/b><b>\u00a0(helesinine)<\/b><br \/>\n1. rida: tee 2 ah, siis 6 ks heegeln\u00f5elast teise ah-sse.<br \/>\n2. rida: 2 ks igasse ks-sse [12]\n3. rida: (1 ks, siis 2 ks j\u00e4rgmisse ks-sse) 6 korda [18]\n4. rida: (1 ks, siis 2 ks j\u00e4rgmisse ks-sse) 3 korda. Heegelda 3 ks. (1 ks, 2 ks j\u00e4rgmisse ks-sse) 3 korda. L\u00f5puks tee 3 ks [24]\n5. rida: heegelda 3 ks. (2 ks j\u00e4rgmisse ks-sse, 1 ks) 2 korda. Heegelda 2 ks j\u00e4rgmisse ks-sse ja edasi 7 ks. (2 ks j\u00e4rgmisse ks-sse, 1 ks) 2 korda. Tee 2 ks j\u00e4rgmisse ks-sse. L\u00f5puks heegelda 4 ks [30]\n<p><b>NINA<\/b><b>\u00a0(must)<\/b><br \/>\nTee 2 ah, siis 9 ps heegeln\u00f5elast teise ah-sse. Aass esimesse ps-sse.<\/p>\n<p>\u00d5mble k\u00f5rvad ja koon sobivale kohale. Koonu peale \u00f5mble nina ja tiki l\u00f5ngasabast suu. Kinnita n\u00f6\u00f6bid silmadeks. Peida l\u00f5ngasabad ja m\u00fcts ongi valmis!<\/p>\n","protected":false},"excerpt":{"rendered":"<p>M\u00f5mmim\u00fcts on vahva lisand nii v\u00e4ikese poisi kui t\u00fcdruku talveriietusele. Kui heegeldad m\u00fctsi soojast villasisaldusega l\u00f5ngast, sobib see kandmiseks l\u00e4bi talve. \u00d5petuse j\u00e4rgi valmib m\u00fcts v\u00e4ikelapsele pea\u00fcmberm\u00f5\u00f5duga 48\u201351 cm. V\u00e4iksema v\u00f5i suurema m\u00fctsi saamiseks kasvata vastavalt v\u00e4hem v\u00f5i rohkem silmuseid. Suurendade silmuste arvu n\u00e4iteks 57le, saate m\u00fctsi pea\u00fcmberm\u00f5\u00f5dule 51-54 cm. Tehes aga 54 asemel 51 [&#8230;]\n","protected":false},"author":3,"featured_media":31183,"parent":31200,"menu_order":0,"comment_status":"open","ping_status":"closed","template":"","meta":{"footnotes":""},"class_list":["post-3117","page","type-page","status-publish","has-post-thumbnail","hentry"],"yoast_head":"<!-- This site is optimized with the Yoast SEO plugin v27.3 - https:\/\/yoast.com\/product\/yoast-seo-wordpress\/ -->\n<title>Heegeldatud m\u00f5mmim\u00fcts | Tasuta heegeldamise mustrid | lilleliis<\/title>\n<meta name=\"description\" content=\"Heegelda oma lapsele ise soe ja vahva m\u00f5mmim\u00fcts. Kui heegeldad m\u00fctsi soojast villasisaldusega l\u00f5ngast, sobib see kandmiseks l\u00e4bi talve. Tasuta \u00f5petus.\" \/>\n<meta name=\"robots\" content=\"index, follow, max-snippet:-1, max-image-preview:large, max-video-preview:-1\" \/>\n<link rel=\"canonical\" href=\"https:\/\/www.lilleliis.com\/et\/amigurumi-mustrid\/heegeldatud-mommimuts\/\" \/>\n<meta property=\"og:locale\" content=\"et_EE\" \/>\n<meta property=\"og:type\" content=\"article\" \/>\n<meta property=\"og:title\" content=\"Heegeldatud m\u00f5mmim\u00fcts | Tasuta heegeldamise mustrid | lilleliis\" \/>\n<meta property=\"og:description\" content=\"Heegelda oma lapsele ise soe ja vahva m\u00f5mmim\u00fcts. Kui heegeldad m\u00fctsi soojast villasisaldusega l\u00f5ngast, sobib see kandmiseks l\u00e4bi talve. Tasuta \u00f5petus.\" \/>\n<meta property=\"og:url\" content=\"https:\/\/www.lilleliis.com\/et\/amigurumi-mustrid\/heegeldatud-mommimuts\/\" \/>\n<meta property=\"og:site_name\" content=\"lilleliis\" \/>\n<meta property=\"article:publisher\" content=\"https:\/\/www.facebook.com\/lilleliis-283266335035799\/\" \/>\n<meta property=\"article:modified_time\" content=\"2018-12-06T12:02:04+00:00\" \/>\n<meta property=\"og:image\" content=\"https:\/\/www.lilleliis.com\/wp-content\/uploads\/2015\/03\/heegeldatud-karum\u00fcts-lastele.jpg\" \/>\n\t<meta property=\"og:image:width\" content=\"400\" \/>\n\t<meta property=\"og:image:height\" content=\"400\" \/>\n\t<meta property=\"og:image:type\" content=\"image\/jpeg\" \/>\n<meta name=\"twitter:card\" content=\"summary_large_image\" \/>\n<meta name=\"twitter:label1\" content=\"Est. reading time\" \/>\n\t<meta name=\"twitter:data1\" content=\"3 minutes\" \/>\n<script type=\"application\/ld+json\" class=\"yoast-schema-graph\">{\"@context\":\"https:\\\/\\\/schema.org\",\"@graph\":[{\"@type\":\"WebPage\",\"@id\":\"https:\\\/\\\/www.lilleliis.com\\\/et\\\/amigurumi-mustrid\\\/heegeldatud-mommimuts\\\/\",\"url\":\"https:\\\/\\\/www.lilleliis.com\\\/et\\\/amigurumi-mustrid\\\/heegeldatud-mommimuts\\\/\",\"name\":\"Heegeldatud m\u00f5mmim\u00fcts | Tasuta heegeldamise mustrid | lilleliis\",\"isPartOf\":{\"@id\":\"https:\\\/\\\/www.lilleliis.com\\\/et\\\/#website\"},\"primaryImageOfPage\":{\"@id\":\"https:\\\/\\\/www.lilleliis.com\\\/et\\\/amigurumi-mustrid\\\/heegeldatud-mommimuts\\\/#primaryimage\"},\"image\":{\"@id\":\"https:\\\/\\\/www.lilleliis.com\\\/et\\\/amigurumi-mustrid\\\/heegeldatud-mommimuts\\\/#primaryimage\"},\"thumbnailUrl\":\"https:\\\/\\\/www.lilleliis.com\\\/wp-content\\\/uploads\\\/2015\\\/03\\\/heegeldatud-karum\u00fcts-lastele.jpg\",\"datePublished\":\"2013-06-10T16:13:38+00:00\",\"dateModified\":\"2018-12-06T12:02:04+00:00\",\"description\":\"Heegelda oma lapsele ise soe ja vahva m\u00f5mmim\u00fcts. Kui heegeldad m\u00fctsi soojast villasisaldusega l\u00f5ngast, sobib see kandmiseks l\u00e4bi talve. Tasuta \u00f5petus.\",\"breadcrumb\":{\"@id\":\"https:\\\/\\\/www.lilleliis.com\\\/et\\\/amigurumi-mustrid\\\/heegeldatud-mommimuts\\\/#breadcrumb\"},\"inLanguage\":\"et\",\"potentialAction\":[{\"@type\":\"ReadAction\",\"target\":[\"https:\\\/\\\/www.lilleliis.com\\\/et\\\/amigurumi-mustrid\\\/heegeldatud-mommimuts\\\/\"]}]},{\"@type\":\"ImageObject\",\"inLanguage\":\"et\",\"@id\":\"https:\\\/\\\/www.lilleliis.com\\\/et\\\/amigurumi-mustrid\\\/heegeldatud-mommimuts\\\/#primaryimage\",\"url\":\"https:\\\/\\\/www.lilleliis.com\\\/wp-content\\\/uploads\\\/2015\\\/03\\\/heegeldatud-karum\u00fcts-lastele.jpg\",\"contentUrl\":\"https:\\\/\\\/www.lilleliis.com\\\/wp-content\\\/uploads\\\/2015\\\/03\\\/heegeldatud-karum\u00fcts-lastele.jpg\",\"width\":400,\"height\":400,\"caption\":\"Crochet teddy bear hat\"},{\"@type\":\"BreadcrumbList\",\"@id\":\"https:\\\/\\\/www.lilleliis.com\\\/et\\\/amigurumi-mustrid\\\/heegeldatud-mommimuts\\\/#breadcrumb\",\"itemListElement\":[{\"@type\":\"ListItem\",\"position\":1,\"name\":\"Home\",\"item\":\"https:\\\/\\\/www.lilleliis.com\\\/et\\\/\"},{\"@type\":\"ListItem\",\"position\":2,\"name\":\"Tasuta mustrid\",\"item\":\"https:\\\/\\\/www.lilleliis.com\\\/et\\\/amigurumi-crochet-freebies\\\/\"},{\"@type\":\"ListItem\",\"position\":3,\"name\":\"Heegeldatud m\u00f5mmim\u00fcts\"}]},{\"@type\":\"WebSite\",\"@id\":\"https:\\\/\\\/www.lilleliis.com\\\/et\\\/#website\",\"url\":\"https:\\\/\\\/www.lilleliis.com\\\/et\\\/\",\"name\":\"lilleliis\",\"description\":\"Amigurumi m\u00e4nguasjad ja mustrid\",\"potentialAction\":[{\"@type\":\"SearchAction\",\"target\":{\"@type\":\"EntryPoint\",\"urlTemplate\":\"https:\\\/\\\/www.lilleliis.com\\\/et\\\/?s={search_term_string}\"},\"query-input\":{\"@type\":\"PropertyValueSpecification\",\"valueRequired\":true,\"valueName\":\"search_term_string\"}}],\"inLanguage\":\"et\"}]}<\/script>\n<!-- \/ Yoast SEO plugin. -->","yoast_head_json":{"title":"Heegeldatud m\u00f5mmim\u00fcts | Tasuta heegeldamise mustrid | lilleliis","description":"Heegelda oma lapsele ise soe ja vahva m\u00f5mmim\u00fcts. Kui heegeldad m\u00fctsi soojast villasisaldusega l\u00f5ngast, sobib see kandmiseks l\u00e4bi talve. Tasuta \u00f5petus.","robots":{"index":"index","follow":"follow","max-snippet":"max-snippet:-1","max-image-preview":"max-image-preview:large","max-video-preview":"max-video-preview:-1"},"canonical":"https:\/\/www.lilleliis.com\/et\/amigurumi-mustrid\/heegeldatud-mommimuts\/","og_locale":"et_EE","og_type":"article","og_title":"Heegeldatud m\u00f5mmim\u00fcts | Tasuta heegeldamise mustrid | lilleliis","og_description":"Heegelda oma lapsele ise soe ja vahva m\u00f5mmim\u00fcts. Kui heegeldad m\u00fctsi soojast villasisaldusega l\u00f5ngast, sobib see kandmiseks l\u00e4bi talve. Tasuta \u00f5petus.","og_url":"https:\/\/www.lilleliis.com\/et\/amigurumi-mustrid\/heegeldatud-mommimuts\/","og_site_name":"lilleliis","article_publisher":"https:\/\/www.facebook.com\/lilleliis-283266335035799\/","article_modified_time":"2018-12-06T12:02:04+00:00","og_image":[{"width":400,"height":400,"url":"https:\/\/www.lilleliis.com\/wp-content\/uploads\/2015\/03\/heegeldatud-karum\u00fcts-lastele.jpg","type":"image\/jpeg"}],"twitter_card":"summary_large_image","twitter_misc":{"Est. reading time":"3 minutes"},"schema":{"@context":"https:\/\/schema.org","@graph":[{"@type":"WebPage","@id":"https:\/\/www.lilleliis.com\/et\/amigurumi-mustrid\/heegeldatud-mommimuts\/","url":"https:\/\/www.lilleliis.com\/et\/amigurumi-mustrid\/heegeldatud-mommimuts\/","name":"Heegeldatud m\u00f5mmim\u00fcts | Tasuta heegeldamise mustrid | lilleliis","isPartOf":{"@id":"https:\/\/www.lilleliis.com\/et\/#website"},"primaryImageOfPage":{"@id":"https:\/\/www.lilleliis.com\/et\/amigurumi-mustrid\/heegeldatud-mommimuts\/#primaryimage"},"image":{"@id":"https:\/\/www.lilleliis.com\/et\/amigurumi-mustrid\/heegeldatud-mommimuts\/#primaryimage"},"thumbnailUrl":"https:\/\/www.lilleliis.com\/wp-content\/uploads\/2015\/03\/heegeldatud-karum\u00fcts-lastele.jpg","datePublished":"2013-06-10T16:13:38+00:00","dateModified":"2018-12-06T12:02:04+00:00","description":"Heegelda oma lapsele ise soe ja vahva m\u00f5mmim\u00fcts. Kui heegeldad m\u00fctsi soojast villasisaldusega l\u00f5ngast, sobib see kandmiseks l\u00e4bi talve. Tasuta \u00f5petus.","breadcrumb":{"@id":"https:\/\/www.lilleliis.com\/et\/amigurumi-mustrid\/heegeldatud-mommimuts\/#breadcrumb"},"inLanguage":"et","potentialAction":[{"@type":"ReadAction","target":["https:\/\/www.lilleliis.com\/et\/amigurumi-mustrid\/heegeldatud-mommimuts\/"]}]},{"@type":"ImageObject","inLanguage":"et","@id":"https:\/\/www.lilleliis.com\/et\/amigurumi-mustrid\/heegeldatud-mommimuts\/#primaryimage","url":"https:\/\/www.lilleliis.com\/wp-content\/uploads\/2015\/03\/heegeldatud-karum\u00fcts-lastele.jpg","contentUrl":"https:\/\/www.lilleliis.com\/wp-content\/uploads\/2015\/03\/heegeldatud-karum\u00fcts-lastele.jpg","width":400,"height":400,"caption":"Crochet teddy bear hat"},{"@type":"BreadcrumbList","@id":"https:\/\/www.lilleliis.com\/et\/amigurumi-mustrid\/heegeldatud-mommimuts\/#breadcrumb","itemListElement":[{"@type":"ListItem","position":1,"name":"Home","item":"https:\/\/www.lilleliis.com\/et\/"},{"@type":"ListItem","position":2,"name":"Tasuta mustrid","item":"https:\/\/www.lilleliis.com\/et\/amigurumi-crochet-freebies\/"},{"@type":"ListItem","position":3,"name":"Heegeldatud m\u00f5mmim\u00fcts"}]},{"@type":"WebSite","@id":"https:\/\/www.lilleliis.com\/et\/#website","url":"https:\/\/www.lilleliis.com\/et\/","name":"lilleliis","description":"Amigurumi m\u00e4nguasjad ja mustrid","potentialAction":[{"@type":"SearchAction","target":{"@type":"EntryPoint","urlTemplate":"https:\/\/www.lilleliis.com\/et\/?s={search_term_string}"},"query-input":{"@type":"PropertyValueSpecification","valueRequired":true,"valueName":"search_term_string"}}],"inLanguage":"et"}]}},"_links":{"self":[{"href":"https:\/\/www.lilleliis.com\/et\/wp-json\/wp\/v2\/pages\/3117","targetHints":{"allow":["GET"]}}],"collection":[{"href":"https:\/\/www.lilleliis.com\/et\/wp-json\/wp\/v2\/pages"}],"about":[{"href":"https:\/\/www.lilleliis.com\/et\/wp-json\/wp\/v2\/types\/page"}],"author":[{"embeddable":true,"href":"https:\/\/www.lilleliis.com\/et\/wp-json\/wp\/v2\/users\/3"}],"replies":[{"embeddable":true,"href":"https:\/\/www.lilleliis.com\/et\/wp-json\/wp\/v2\/comments?post=3117"}],"version-history":[{"count":12,"href":"https:\/\/www.lilleliis.com\/et\/wp-json\/wp\/v2\/pages\/3117\/revisions"}],"predecessor-version":[{"id":45388,"href":"https:\/\/www.lilleliis.com\/et\/wp-json\/wp\/v2\/pages\/3117\/revisions\/45388"}],"up":[{"embeddable":true,"href":"https:\/\/www.lilleliis.com\/et\/wp-json\/wp\/v2\/pages\/31200"}],"wp:featuredmedia":[{"embeddable":true,"href":"https:\/\/www.lilleliis.com\/et\/wp-json\/wp\/v2\/media\/31183"}],"wp:attachment":[{"href":"https:\/\/www.lilleliis.com\/et\/wp-json\/wp\/v2\/media?parent=3117"}],"curies":[{"name":"wp","href":"https:\/\/api.w.org\/{rel}","templated":true}]}}