{"id":3120,"date":"2013-06-10T16:17:22","date_gmt":"2013-06-10T16:17:22","guid":{"rendered":"http:\/\/lilleliis.com\/?page_id=3120"},"modified":"2018-12-06T11:45:53","modified_gmt":"2018-12-06T11:45:53","slug":"heegeldatud-maasikamuts","status":"publish","type":"page","link":"https:\/\/www.lilleliis.com\/et\/amigurumi-mustrid\/heegeldatud-maasikamuts\/","title":{"rendered":"Heegeldatud maasikam\u00fcts"},"content":{"rendered":"  <div id=\"page-header-2057337423\" class=\"page-header-wrapper\">\n  <div class=\"page-title dark simple-title\">\n\n        <div class=\"page-title-bg\">\n      <div class=\"title-bg fill bg-fill\"\n        data-parallax-container=\".page-title\"\n        data-parallax-background\n        data-parallax=\"-\">\n      <\/div>\n      <div class=\"title-overlay fill\"><\/div>\n    <\/div>\n    \n    <div class=\"page-title-inner container align-bottom text-center flex-row-col medium-flex-wrap\" >\n              <div class=\"title-wrapper uppercase is-larger flex-col\">\n          <h1 class=\"entry-title mb-0\">\n            heegeldatud maasikam\u00fcts          <\/h1>\n        <\/div>\n                <div class=\"page-title-sub op-7 flex-col\">\n          <p class=\"lead\">lilleliisi heegelmuster<\/p>\n        <\/div>\n                    <div class=\"title-content flex-col\">\n        <div class=\"title-breadcrumbs pb-half pt-half\"><nav class=\"woocommerce-breadcrumb breadcrumbs uppercase\" aria-label=\"Breadcrumb\">Esileht<\/nav><\/div>      <\/div>\n    <\/div>\n\n     \n<style>\n#page-header-2057337423 .page-title-inner {\n  min-height: 400px;\n}\n#page-header-2057337423 {\n  margin-bottom: 20px;\n}\n#page-header-2057337423 .title-bg {\n  background-image: url(https:\/\/www.lilleliis.com\/wp-content\/uploads\/2017\/10\/maasikam\u00fcts-lilleliis-031.jpg);\n}\n<\/style>\n  <\/div>\n    <\/div>\n  \n<p>Heegeldatud m\u00fcts laseb lapse peanahal h\u00e4sti hingata. Suvise m\u00fctsi valmistamiseks sobib\u00a0naturaalne puuvillane v\u00f5i bambusl\u00f5ng.\u00a0Mina kasutasin armastatud puuvillast l\u00f5nga\u00a0<b>Steinbach Wolle Capri<\/b>\u00a0(50 g \/ 125 m). Kui kasutad m\u00f5nda muud l\u00f5nga, j\u00e4lgi et koetihedus oleks sama.<\/p>\n<p>Muster on ilmunud ka ajakirjas &#8220;Naisteleht&#8221;, juuli 2011.<\/p>\n\n  \n    <div class=\"row large-columns-4 medium-columns-3 small-columns-2\" >\n  <div class=\"gallery-col col\" data-animate=\"bounceIn\">\n          <div class=\"col-inner\">\n            <a class=\"image-lightbox lightbox-gallery\" href=\"https:\/\/www.lilleliis.com\/wp-content\/uploads\/2017\/10\/maasikam\u00fcts-lilleliis-031-1200x800.jpg\" title=\"\">            <div class=\"box has-hover gallery-box box-overlay dark\">\n              <div class=\"box-image image-cover\" style=\"padding-top:100%;\">\n                <img loading=\"lazy\" decoding=\"async\" width=\"600\" height=\"400\" src=\"https:\/\/www.lilleliis.com\/wp-content\/uploads\/2017\/10\/maasikam\u00fcts-lilleliis-031-600x400.jpg\" class=\"attachment-medium size-medium\" alt=\"\" ids=\"43920,43922,43924,43918\" animate=\"bounceIn\" image_height=\"100%\" srcset=\"https:\/\/www.lilleliis.com\/wp-content\/uploads\/2017\/10\/maasikam\u00fcts-lilleliis-031-600x400.jpg 600w, https:\/\/www.lilleliis.com\/wp-content\/uploads\/2017\/10\/maasikam\u00fcts-lilleliis-031-768x512.jpg 768w, https:\/\/www.lilleliis.com\/wp-content\/uploads\/2017\/10\/maasikam\u00fcts-lilleliis-031-1200x800.jpg 1200w, https:\/\/www.lilleliis.com\/wp-content\/uploads\/2017\/10\/maasikam\u00fcts-lilleliis-031-510x340.jpg 510w, https:\/\/www.lilleliis.com\/wp-content\/uploads\/2017\/10\/maasikam\u00fcts-lilleliis-031.jpg 1500w\" sizes=\"auto, (max-width: 600px) 100vw, 600px\" \/>                                  <div class=\"overlay fill\"\n                      style=\"background-color: rgba(0,0,0,.15)\">\n                  <\/div>\n                                                              <\/div>\n              <div class=\"box-text text-left\" >\n                 <p><\/p>\n              <\/div>\n            <\/div>\n            <\/a>          <\/div>\n         <\/div><div class=\"gallery-col col\" data-animate=\"bounceIn\">\n          <div class=\"col-inner\">\n            <a class=\"image-lightbox lightbox-gallery\" href=\"https:\/\/www.lilleliis.com\/wp-content\/uploads\/2017\/10\/maasikam\u00fcts-lilleliis-035-533x800.jpg\" title=\"\">            <div class=\"box has-hover gallery-box box-overlay dark\">\n              <div class=\"box-image image-cover\" style=\"padding-top:100%;\">\n                <img loading=\"lazy\" decoding=\"async\" width=\"267\" height=\"400\" src=\"https:\/\/www.lilleliis.com\/wp-content\/uploads\/2017\/10\/maasikam\u00fcts-lilleliis-035-267x400.jpg\" class=\"attachment-medium size-medium\" alt=\"\" ids=\"43920,43922,43924,43918\" animate=\"bounceIn\" image_height=\"100%\" srcset=\"https:\/\/www.lilleliis.com\/wp-content\/uploads\/2017\/10\/maasikam\u00fcts-lilleliis-035-267x400.jpg 267w, https:\/\/www.lilleliis.com\/wp-content\/uploads\/2017\/10\/maasikam\u00fcts-lilleliis-035-768x1152.jpg 768w, https:\/\/www.lilleliis.com\/wp-content\/uploads\/2017\/10\/maasikam\u00fcts-lilleliis-035-533x800.jpg 533w, https:\/\/www.lilleliis.com\/wp-content\/uploads\/2017\/10\/maasikam\u00fcts-lilleliis-035-510x765.jpg 510w, https:\/\/www.lilleliis.com\/wp-content\/uploads\/2017\/10\/maasikam\u00fcts-lilleliis-035.jpg 1000w\" sizes=\"auto, (max-width: 267px) 100vw, 267px\" \/>                                  <div class=\"overlay fill\"\n                      style=\"background-color: rgba(0,0,0,.15)\">\n                  <\/div>\n                                                              <\/div>\n              <div class=\"box-text text-left\" >\n                 <p><\/p>\n              <\/div>\n            <\/div>\n            <\/a>          <\/div>\n         <\/div><div class=\"gallery-col col\" data-animate=\"bounceIn\">\n          <div class=\"col-inner\">\n            <a class=\"image-lightbox lightbox-gallery\" href=\"https:\/\/www.lilleliis.com\/wp-content\/uploads\/2017\/10\/maasikam\u00fcts-lilleliis-040-533x800.jpg\" title=\"\">            <div class=\"box has-hover gallery-box box-overlay dark\">\n              <div class=\"box-image image-cover\" style=\"padding-top:100%;\">\n                <img loading=\"lazy\" decoding=\"async\" width=\"267\" height=\"400\" src=\"https:\/\/www.lilleliis.com\/wp-content\/uploads\/2017\/10\/maasikam\u00fcts-lilleliis-040-267x400.jpg\" class=\"attachment-medium size-medium\" alt=\"\" ids=\"43920,43922,43924,43918\" animate=\"bounceIn\" image_height=\"100%\" srcset=\"https:\/\/www.lilleliis.com\/wp-content\/uploads\/2017\/10\/maasikam\u00fcts-lilleliis-040-267x400.jpg 267w, https:\/\/www.lilleliis.com\/wp-content\/uploads\/2017\/10\/maasikam\u00fcts-lilleliis-040-768x1152.jpg 768w, https:\/\/www.lilleliis.com\/wp-content\/uploads\/2017\/10\/maasikam\u00fcts-lilleliis-040-533x800.jpg 533w, https:\/\/www.lilleliis.com\/wp-content\/uploads\/2017\/10\/maasikam\u00fcts-lilleliis-040-510x765.jpg 510w, https:\/\/www.lilleliis.com\/wp-content\/uploads\/2017\/10\/maasikam\u00fcts-lilleliis-040.jpg 1000w\" sizes=\"auto, (max-width: 267px) 100vw, 267px\" \/>                                  <div class=\"overlay fill\"\n                      style=\"background-color: rgba(0,0,0,.15)\">\n                  <\/div>\n                                                              <\/div>\n              <div class=\"box-text text-left\" >\n                 <p><\/p>\n              <\/div>\n            <\/div>\n            <\/a>          <\/div>\n         <\/div><div class=\"gallery-col col\" data-animate=\"bounceIn\">\n          <div class=\"col-inner\">\n            <a class=\"image-lightbox lightbox-gallery\" href=\"https:\/\/www.lilleliis.com\/wp-content\/uploads\/2017\/10\/maasikam\u00fcts-lilleliis-021-533x800.jpg\" title=\"\">            <div class=\"box has-hover gallery-box box-overlay dark\">\n              <div class=\"box-image image-cover\" style=\"padding-top:100%;\">\n                <img loading=\"lazy\" decoding=\"async\" width=\"267\" height=\"400\" src=\"https:\/\/www.lilleliis.com\/wp-content\/uploads\/2017\/10\/maasikam\u00fcts-lilleliis-021-267x400.jpg\" class=\"attachment-medium size-medium\" alt=\"\" ids=\"43920,43922,43924,43918\" animate=\"bounceIn\" image_height=\"100%\" srcset=\"https:\/\/www.lilleliis.com\/wp-content\/uploads\/2017\/10\/maasikam\u00fcts-lilleliis-021-267x400.jpg 267w, https:\/\/www.lilleliis.com\/wp-content\/uploads\/2017\/10\/maasikam\u00fcts-lilleliis-021-768x1152.jpg 768w, https:\/\/www.lilleliis.com\/wp-content\/uploads\/2017\/10\/maasikam\u00fcts-lilleliis-021-533x800.jpg 533w, https:\/\/www.lilleliis.com\/wp-content\/uploads\/2017\/10\/maasikam\u00fcts-lilleliis-021-510x765.jpg 510w, https:\/\/www.lilleliis.com\/wp-content\/uploads\/2017\/10\/maasikam\u00fcts-lilleliis-021.jpg 1000w\" sizes=\"auto, (max-width: 267px) 100vw, 267px\" \/>                                  <div class=\"overlay fill\"\n                      style=\"background-color: rgba(0,0,0,.15)\">\n                  <\/div>\n                                                              <\/div>\n              <div class=\"box-text text-left\" >\n                 <p><\/p>\n              <\/div>\n            <\/div>\n            <\/a>          <\/div>\n         <\/div><\/div>\n<hr \/>\n<p class=\"uppercase\"><span style=\"font-size: 80%;\" data-text-color=\"secondary\">LILLELIISI T\u00d6\u00d6D VALMIVAD ORIGINAALLOOMINGUNA. DISAINIDE KUJUNDAMISELE, \u00d5PETUSTE KIRJUTAMISELE, PILDISTAMISELE JA S\u00d5BRALIKU TEENINDUSE PAKKUMISELE KULUB PALJU AEGA JA ENERGIAT. SEEP\u00c4RAST OLEKS MUL HEA MEEL, KUI VASTUTASUKS \u00d5PETUSE KASUTAMISE EEST LISAKSID TOODETELE V\u00d5I FOTODELE (BLOGIS, FACEBOOKIS V\u00d5I KUS IGANES MUJAL) VIITE MINU KODULEHELE.<\/span><\/p>\n<h5 class=\"uppercase\"><span style=\"font-size: 80%;\" data-text-color=\"secondary\">\u00a9 COPYRIGHT<\/span><br \/>\n<span style=\"font-size: 80%;\" data-text-color=\"secondary\">*VALMIS TOODETE M\u00dc\u00dcMINE ON LUBATUD, KUID ENNE\u00a0<a title=\"Copyright\" href=\"https:\/\/www.lilleliis.com\/et\/copyright\/\">LOE L\u00c4HEMALT TINGIMUSTEST<\/a>.<\/span><br \/>\n<span style=\"font-size: 80%;\" data-text-color=\"secondary\">*\u00d5PETUST ON KEELATUD JAGADA V\u00d5I M\u00dc\u00dcA.<\/span><\/h5>\n<hr \/>\n<p>Suurus: sobib pea\u00fcmberm\u00f5\u00f5dule 50-54 sentimeetrit (V\u00e4iksema v\u00f5i suurema m\u00fctsi saad, kui kasvatad 11. real vastavalt v\u00e4hem v\u00f5i rohkem silmi. Rea l\u00f5plik silmade arv peab jaguma 3-ga).<\/p>\n<p>Vaja l\u00e4heb: punast l\u00f5nga (umbes 1 tokk), rohelist l\u00f5nga (v\u00e4hem kui pool tokki), heegeln\u00f5ela 3,5mm.<\/p>\n<p>Tingm\u00e4rgid:<br \/>\naass \u2013 aassilmus, ah \u2013 ahelsilmus, ks \u2013 kinnissilmus, ps \u2013 poolsammas, s \u2013 \u00fchekordne sammas, ss \u2013 kahekordne sammas, x \u2013 korda<\/p>\n<p class=\"uppercase\">\u00d5petus<\/p>\n<p>M\u00fctsi heegeldamist alusta varrest. \u00c4ra ridu \u00fchenda, vaid heegelda spiraalselt.<br \/>\n<b>\u00a0<\/b><br \/>\n<b>Rida 1:\u00a0<\/b>Tee rohelisega 2 ah. 6 ks heegeln\u00f5elast teise ah-sse.<br \/>\n<b>Rida 2-7:\u00a0<\/b>1 ks igasse ks-sse. Aass j\u00e4rgmisse ks-sse.<br \/>\nT\u00f6\u00f6 j\u00e4tkub ridades, mille alguses tee 2 ah t\u00f5steks ja l\u00f5pus \u00fchenda aass-ga esimesse s-sse.<br \/>\n<b>Rida 8:<\/b>\u00a02 s igasse ks-sse = 12<br \/>\n<b>Rida 9:<\/b>\u00a02 s igasse s-sse = 24<br \/>\n<b>Rida 10:<\/b>\u00a0[1 s, 2 s j\u00e4rgmisse s-sse] 12 korda = 36<\/p>\n<p>Tee 1 ah. \u00c4ra l\u00f5nga katkesta, vaid j\u00e4ta see t\u00f6\u00f6st paremale poole ootele. Kui m\u00fctsi p\u00f5hiosa on valmis, tuleb sellest veel lehed heegeldada.<\/p>\n<p><b>Rida 11:<\/b>\u00a0K\u00e4esoleval real t\u00f6\u00f6ta ainult tagumiste silmustega. V\u00f5ta punane l\u00f5ng. Vii heegeln\u00f5el l\u00e4bi rea esimese silmuse tagumise aasa ja too l\u00e4bi. Tee 1 ah. [5 x ks, 2 ks j\u00e4rgmisse silmusesse] 6 korda = 42 ks. Aass esimesse ks-sse.<\/p>\n<p>Pealagi on valmis ja algab pitsiline osa. J\u00e4rgnevatel ridadel asenda iga rea esimene sammas 3 ah-ga ja \u00fchenda rida l\u00f5pus 3 ah tippu.<\/p>\n<p><b>Rida 12:<\/b>\u00a0[2 s, 2 ah, 2 s. J\u00e4ta 2 ks vahele] 14 korda.<br \/>\n<b>Rida 13:<\/b>\u00a0Aass j\u00e4rgmisse s-sse. [1 s, 2 s 2 ah-vahesse, 2 ah, 2 s 2 ah-vahesse, 1 s j\u00e4rgmisse s-sse. J\u00e4ta 2 s vahele] 14 korda.<br \/>\n<b>Rida 14-26<\/b>: Aass kahte j\u00e4rgmisse s-sse. [1 s, 2 s 2 ah-vahesse, 2 ah, 2 s 2 ah-vahesse, 1 s j\u00e4rgmisse s-sse. J\u00e4ta 4 s vahele] 14 korda.<br \/>\n<b>Rida 27:\u00a0<\/b>[3 x s, 2 s 2 ah-vahesse, 3 x s] 14 korda.<\/p>\n<p>Viimaseks tee maasikavarrele lehed. Selleks j\u00e4tka t\u00f6\u00f6d rohelise l\u00f5ngaga ja 11. rea eesmiste silmustega.<br \/>\n[1 ah, ps esimesse silmusesse, s j\u00e4rgmisse silmusesse, 2 ss kahte j\u00e4rgmisse silmusesse, s j\u00e4rgmisse silmusesse, ps j\u00e4rgmisse silmusesse, 1 ah, aass j\u00e4rgmisse silmusesse] 6 korda. Viimasel korral tee aass ringi esimesse ah-vahesse.<b>\u00a0<\/b>J\u00e4ta pikk l\u00f5ngasaba, mille abiga saad lehed m\u00f6\u00f6da serva m\u00fctsi k\u00fclge \u00f5mmelda.<\/p>\n","protected":false},"excerpt":{"rendered":"<p>Heegeldatud m\u00fcts laseb lapse peanahal h\u00e4sti hingata. Suvise m\u00fctsi valmistamiseks sobib\u00a0naturaalne puuvillane v\u00f5i bambusl\u00f5ng.\u00a0Mina kasutasin armastatud puuvillast l\u00f5nga\u00a0Steinbach Wolle Capri\u00a0(50 g \/ 125 m). Kui kasutad m\u00f5nda muud l\u00f5nga, j\u00e4lgi et koetihedus oleks sama. Muster on ilmunud ka ajakirjas &#8220;Naisteleht&#8221;, juuli 2011. LILLELIISI T\u00d6\u00d6D VALMIVAD ORIGINAALLOOMINGUNA. DISAINIDE KUJUNDAMISELE, \u00d5PETUSTE KIRJUTAMISELE, PILDISTAMISELE JA S\u00d5BRALIKU TEENINDUSE PAKKUMISELE [&#8230;]\n","protected":false},"author":3,"featured_media":31205,"parent":31200,"menu_order":0,"comment_status":"open","ping_status":"closed","template":"","meta":{"footnotes":""},"class_list":["post-3120","page","type-page","status-publish","has-post-thumbnail","hentry"],"yoast_head":"<!-- This site is optimized with the Yoast SEO plugin v27.3 - https:\/\/yoast.com\/product\/yoast-seo-wordpress\/ -->\n<title>Heegeldatud maasikam\u00fcts | Tasuta k\u00e4sit\u00f6\u00f6 mustrid | lilleliis<\/title>\n<meta name=\"description\" content=\"Heegeldatud maasikam\u00fcts laseb lapse peanahal h\u00e4sti hingata. Suvise m\u00fctsi valmistamiseks sobib naturaalne puuvillane v\u00f5i bambusl\u00f5ng. Tasuta \u00f5petus.\" \/>\n<meta name=\"robots\" content=\"index, follow, max-snippet:-1, max-image-preview:large, max-video-preview:-1\" \/>\n<link rel=\"canonical\" href=\"https:\/\/www.lilleliis.com\/et\/amigurumi-mustrid\/heegeldatud-maasikamuts\/\" \/>\n<meta property=\"og:locale\" content=\"et_EE\" \/>\n<meta property=\"og:type\" content=\"article\" \/>\n<meta property=\"og:title\" content=\"Heegeldatud maasikam\u00fcts | Tasuta k\u00e4sit\u00f6\u00f6 mustrid | lilleliis\" \/>\n<meta property=\"og:description\" content=\"Heegeldatud maasikam\u00fcts laseb lapse peanahal h\u00e4sti hingata. Suvise m\u00fctsi valmistamiseks sobib naturaalne puuvillane v\u00f5i bambusl\u00f5ng. Tasuta \u00f5petus.\" \/>\n<meta property=\"og:url\" content=\"https:\/\/www.lilleliis.com\/et\/amigurumi-mustrid\/heegeldatud-maasikamuts\/\" \/>\n<meta property=\"og:site_name\" content=\"lilleliis\" \/>\n<meta property=\"article:publisher\" content=\"https:\/\/www.facebook.com\/lilleliis-283266335035799\/\" \/>\n<meta property=\"article:modified_time\" content=\"2018-12-06T11:45:53+00:00\" \/>\n<meta property=\"og:image\" content=\"https:\/\/www.lilleliis.com\/wp-content\/uploads\/2013\/06\/heegeldatud-maasikam\u00fcts-tasuta-muster.jpg\" \/>\n\t<meta property=\"og:image:width\" content=\"400\" \/>\n\t<meta property=\"og:image:height\" content=\"400\" \/>\n\t<meta property=\"og:image:type\" content=\"image\/jpeg\" \/>\n<meta name=\"twitter:card\" content=\"summary_large_image\" \/>\n<meta name=\"twitter:label1\" content=\"Est. reading time\" \/>\n\t<meta name=\"twitter:data1\" content=\"3 minutes\" \/>\n<script type=\"application\/ld+json\" class=\"yoast-schema-graph\">{\"@context\":\"https:\\\/\\\/schema.org\",\"@graph\":[{\"@type\":\"WebPage\",\"@id\":\"https:\\\/\\\/www.lilleliis.com\\\/et\\\/amigurumi-mustrid\\\/heegeldatud-maasikamuts\\\/\",\"url\":\"https:\\\/\\\/www.lilleliis.com\\\/et\\\/amigurumi-mustrid\\\/heegeldatud-maasikamuts\\\/\",\"name\":\"Heegeldatud maasikam\u00fcts | Tasuta k\u00e4sit\u00f6\u00f6 mustrid | lilleliis\",\"isPartOf\":{\"@id\":\"https:\\\/\\\/www.lilleliis.com\\\/et\\\/#website\"},\"primaryImageOfPage\":{\"@id\":\"https:\\\/\\\/www.lilleliis.com\\\/et\\\/amigurumi-mustrid\\\/heegeldatud-maasikamuts\\\/#primaryimage\"},\"image\":{\"@id\":\"https:\\\/\\\/www.lilleliis.com\\\/et\\\/amigurumi-mustrid\\\/heegeldatud-maasikamuts\\\/#primaryimage\"},\"thumbnailUrl\":\"https:\\\/\\\/www.lilleliis.com\\\/wp-content\\\/uploads\\\/2013\\\/06\\\/heegeldatud-maasikam\u00fcts-tasuta-muster.jpg\",\"datePublished\":\"2013-06-10T16:17:22+00:00\",\"dateModified\":\"2018-12-06T11:45:53+00:00\",\"description\":\"Heegeldatud maasikam\u00fcts laseb lapse peanahal h\u00e4sti hingata. Suvise m\u00fctsi valmistamiseks sobib naturaalne puuvillane v\u00f5i bambusl\u00f5ng. Tasuta \u00f5petus.\",\"breadcrumb\":{\"@id\":\"https:\\\/\\\/www.lilleliis.com\\\/et\\\/amigurumi-mustrid\\\/heegeldatud-maasikamuts\\\/#breadcrumb\"},\"inLanguage\":\"et\",\"potentialAction\":[{\"@type\":\"ReadAction\",\"target\":[\"https:\\\/\\\/www.lilleliis.com\\\/et\\\/amigurumi-mustrid\\\/heegeldatud-maasikamuts\\\/\"]}]},{\"@type\":\"ImageObject\",\"inLanguage\":\"et\",\"@id\":\"https:\\\/\\\/www.lilleliis.com\\\/et\\\/amigurumi-mustrid\\\/heegeldatud-maasikamuts\\\/#primaryimage\",\"url\":\"https:\\\/\\\/www.lilleliis.com\\\/wp-content\\\/uploads\\\/2013\\\/06\\\/heegeldatud-maasikam\u00fcts-tasuta-muster.jpg\",\"contentUrl\":\"https:\\\/\\\/www.lilleliis.com\\\/wp-content\\\/uploads\\\/2013\\\/06\\\/heegeldatud-maasikam\u00fcts-tasuta-muster.jpg\",\"width\":400,\"height\":400},{\"@type\":\"BreadcrumbList\",\"@id\":\"https:\\\/\\\/www.lilleliis.com\\\/et\\\/amigurumi-mustrid\\\/heegeldatud-maasikamuts\\\/#breadcrumb\",\"itemListElement\":[{\"@type\":\"ListItem\",\"position\":1,\"name\":\"Home\",\"item\":\"https:\\\/\\\/www.lilleliis.com\\\/et\\\/\"},{\"@type\":\"ListItem\",\"position\":2,\"name\":\"Tasuta mustrid\",\"item\":\"https:\\\/\\\/www.lilleliis.com\\\/et\\\/amigurumi-crochet-freebies\\\/\"},{\"@type\":\"ListItem\",\"position\":3,\"name\":\"Heegeldatud maasikam\u00fcts\"}]},{\"@type\":\"WebSite\",\"@id\":\"https:\\\/\\\/www.lilleliis.com\\\/et\\\/#website\",\"url\":\"https:\\\/\\\/www.lilleliis.com\\\/et\\\/\",\"name\":\"lilleliis\",\"description\":\"Amigurumi m\u00e4nguasjad ja mustrid\",\"potentialAction\":[{\"@type\":\"SearchAction\",\"target\":{\"@type\":\"EntryPoint\",\"urlTemplate\":\"https:\\\/\\\/www.lilleliis.com\\\/et\\\/?s={search_term_string}\"},\"query-input\":{\"@type\":\"PropertyValueSpecification\",\"valueRequired\":true,\"valueName\":\"search_term_string\"}}],\"inLanguage\":\"et\"}]}<\/script>\n<!-- \/ Yoast SEO plugin. -->","yoast_head_json":{"title":"Heegeldatud maasikam\u00fcts | Tasuta k\u00e4sit\u00f6\u00f6 mustrid | lilleliis","description":"Heegeldatud maasikam\u00fcts laseb lapse peanahal h\u00e4sti hingata. Suvise m\u00fctsi valmistamiseks sobib naturaalne puuvillane v\u00f5i bambusl\u00f5ng. Tasuta \u00f5petus.","robots":{"index":"index","follow":"follow","max-snippet":"max-snippet:-1","max-image-preview":"max-image-preview:large","max-video-preview":"max-video-preview:-1"},"canonical":"https:\/\/www.lilleliis.com\/et\/amigurumi-mustrid\/heegeldatud-maasikamuts\/","og_locale":"et_EE","og_type":"article","og_title":"Heegeldatud maasikam\u00fcts | Tasuta k\u00e4sit\u00f6\u00f6 mustrid | lilleliis","og_description":"Heegeldatud maasikam\u00fcts laseb lapse peanahal h\u00e4sti hingata. Suvise m\u00fctsi valmistamiseks sobib naturaalne puuvillane v\u00f5i bambusl\u00f5ng. Tasuta \u00f5petus.","og_url":"https:\/\/www.lilleliis.com\/et\/amigurumi-mustrid\/heegeldatud-maasikamuts\/","og_site_name":"lilleliis","article_publisher":"https:\/\/www.facebook.com\/lilleliis-283266335035799\/","article_modified_time":"2018-12-06T11:45:53+00:00","og_image":[{"width":400,"height":400,"url":"https:\/\/www.lilleliis.com\/wp-content\/uploads\/2013\/06\/heegeldatud-maasikam\u00fcts-tasuta-muster.jpg","type":"image\/jpeg"}],"twitter_card":"summary_large_image","twitter_misc":{"Est. reading time":"3 minutes"},"schema":{"@context":"https:\/\/schema.org","@graph":[{"@type":"WebPage","@id":"https:\/\/www.lilleliis.com\/et\/amigurumi-mustrid\/heegeldatud-maasikamuts\/","url":"https:\/\/www.lilleliis.com\/et\/amigurumi-mustrid\/heegeldatud-maasikamuts\/","name":"Heegeldatud maasikam\u00fcts | Tasuta k\u00e4sit\u00f6\u00f6 mustrid | lilleliis","isPartOf":{"@id":"https:\/\/www.lilleliis.com\/et\/#website"},"primaryImageOfPage":{"@id":"https:\/\/www.lilleliis.com\/et\/amigurumi-mustrid\/heegeldatud-maasikamuts\/#primaryimage"},"image":{"@id":"https:\/\/www.lilleliis.com\/et\/amigurumi-mustrid\/heegeldatud-maasikamuts\/#primaryimage"},"thumbnailUrl":"https:\/\/www.lilleliis.com\/wp-content\/uploads\/2013\/06\/heegeldatud-maasikam\u00fcts-tasuta-muster.jpg","datePublished":"2013-06-10T16:17:22+00:00","dateModified":"2018-12-06T11:45:53+00:00","description":"Heegeldatud maasikam\u00fcts laseb lapse peanahal h\u00e4sti hingata. Suvise m\u00fctsi valmistamiseks sobib naturaalne puuvillane v\u00f5i bambusl\u00f5ng. Tasuta \u00f5petus.","breadcrumb":{"@id":"https:\/\/www.lilleliis.com\/et\/amigurumi-mustrid\/heegeldatud-maasikamuts\/#breadcrumb"},"inLanguage":"et","potentialAction":[{"@type":"ReadAction","target":["https:\/\/www.lilleliis.com\/et\/amigurumi-mustrid\/heegeldatud-maasikamuts\/"]}]},{"@type":"ImageObject","inLanguage":"et","@id":"https:\/\/www.lilleliis.com\/et\/amigurumi-mustrid\/heegeldatud-maasikamuts\/#primaryimage","url":"https:\/\/www.lilleliis.com\/wp-content\/uploads\/2013\/06\/heegeldatud-maasikam\u00fcts-tasuta-muster.jpg","contentUrl":"https:\/\/www.lilleliis.com\/wp-content\/uploads\/2013\/06\/heegeldatud-maasikam\u00fcts-tasuta-muster.jpg","width":400,"height":400},{"@type":"BreadcrumbList","@id":"https:\/\/www.lilleliis.com\/et\/amigurumi-mustrid\/heegeldatud-maasikamuts\/#breadcrumb","itemListElement":[{"@type":"ListItem","position":1,"name":"Home","item":"https:\/\/www.lilleliis.com\/et\/"},{"@type":"ListItem","position":2,"name":"Tasuta mustrid","item":"https:\/\/www.lilleliis.com\/et\/amigurumi-crochet-freebies\/"},{"@type":"ListItem","position":3,"name":"Heegeldatud maasikam\u00fcts"}]},{"@type":"WebSite","@id":"https:\/\/www.lilleliis.com\/et\/#website","url":"https:\/\/www.lilleliis.com\/et\/","name":"lilleliis","description":"Amigurumi m\u00e4nguasjad ja mustrid","potentialAction":[{"@type":"SearchAction","target":{"@type":"EntryPoint","urlTemplate":"https:\/\/www.lilleliis.com\/et\/?s={search_term_string}"},"query-input":{"@type":"PropertyValueSpecification","valueRequired":true,"valueName":"search_term_string"}}],"inLanguage":"et"}]}},"_links":{"self":[{"href":"https:\/\/www.lilleliis.com\/et\/wp-json\/wp\/v2\/pages\/3120","targetHints":{"allow":["GET"]}}],"collection":[{"href":"https:\/\/www.lilleliis.com\/et\/wp-json\/wp\/v2\/pages"}],"about":[{"href":"https:\/\/www.lilleliis.com\/et\/wp-json\/wp\/v2\/types\/page"}],"author":[{"embeddable":true,"href":"https:\/\/www.lilleliis.com\/et\/wp-json\/wp\/v2\/users\/3"}],"replies":[{"embeddable":true,"href":"https:\/\/www.lilleliis.com\/et\/wp-json\/wp\/v2\/comments?post=3120"}],"version-history":[{"count":9,"href":"https:\/\/www.lilleliis.com\/et\/wp-json\/wp\/v2\/pages\/3120\/revisions"}],"predecessor-version":[{"id":45399,"href":"https:\/\/www.lilleliis.com\/et\/wp-json\/wp\/v2\/pages\/3120\/revisions\/45399"}],"up":[{"embeddable":true,"href":"https:\/\/www.lilleliis.com\/et\/wp-json\/wp\/v2\/pages\/31200"}],"wp:featuredmedia":[{"embeddable":true,"href":"https:\/\/www.lilleliis.com\/et\/wp-json\/wp\/v2\/media\/31205"}],"wp:attachment":[{"href":"https:\/\/www.lilleliis.com\/et\/wp-json\/wp\/v2\/media?parent=3120"}],"curies":[{"name":"wp","href":"https:\/\/api.w.org\/{rel}","templated":true}]}}