{"id":35127,"date":"2016-03-26T21:13:11","date_gmt":"2016-03-26T21:13:11","guid":{"rendered":"http:\/\/www.lilleliis.com\/et\/?page_id=35127"},"modified":"2025-10-20T11:30:51","modified_gmt":"2025-10-20T08:30:51","slug":"kasitooraamatud","status":"publish","type":"page","link":"https:\/\/www.lilleliis.com\/et\/kasitooraamatud\/","title":{"rendered":"Raamatud"},"content":{"rendered":"<div class=\"text-center\"><div class=\"is-divider divider clearfix\" style=\"margin-top:10px;margin-bottom:10px;max-width:900px;height:0px;\"><\/div><\/div>\n<p>Avasta isetehtud m\u00e4nguasjade v\u00f5lumaailm raamatukaante vahelt. Koost\u00f6\u00f6s kirjastusega Varrak on Mari-Liis Lille v\u00e4lja andnud neli <em>amigurumi<\/em> mustrite raamatut, mis on armastatud nii heegeldajate, kooli\u00f5petajate kui -\u00f5pilaste hulgas. Iga raamat on oman\u00e4oline.<\/p>\n<p><strong>&#8220;V\u00f5luv\u00e4ega m\u00e4nguasjad&#8221;<\/strong> on omamoodi vahva segapuder kaisukatest, nukkudest ja k\u00f5rinatest. Nagu nimigi \u00fctleb, leiab teisest raamatust <strong>&#8220;Kaisuloomakirg&#8221;<\/strong>\u00a0just erinevate pehmete loomade \u00f5petusi. <strong>&#8220;Imeline nukumaailm&#8221;<\/strong> p\u00fchendub nii p\u00e4ris inimestest kui ka fantaasiategelastest inspireeritud nukkudele. Mari-Liisi uusim raamat <strong>&#8220;Unustamatud lapsep\u00f5lvelelud&#8221;<\/strong> toob<span lang=\"IT\"> heegeldajani 22 nostalgilise varjundi ja veidi uutmoodi stiiliga kaisulooma, nukku ja beebilelu.<\/span><\/p>\n<div class=\"text-center\"><div class=\"is-divider divider clearfix\" style=\"margin-top:10px;margin-bottom:10px;max-width:0px;height:0px;\"><\/div><\/div>\n<div class=\"row row-dashed\"  id=\"row-1707614419\">\n\n\t<div id=\"col-1222570992\" class=\"col medium-4 small-12 large-4\"  >\n\t\t\t\t<div class=\"col-inner\"  >\n\t\t\t\n\t\t\t\n\t<div class=\"img has-hover x md-x lg-x y md-y lg-y\" id=\"image_1765648499\">\n\t\t<a class=\"\" href=\"https:\/\/www.lilleliis.com\/et\/kasitooraamatud\/unustamatud-lapsepolvelelud\/\" >\t\t\t\t\t\t<div class=\"img-inner dark\" >\n\t\t\t<img loading=\"lazy\" decoding=\"async\" width=\"591\" height=\"777\" src=\"https:\/\/www.lilleliis.com\/wp-content\/uploads\/2024\/09\/Unustamatud-lapsepolvelelud.webp\" class=\"attachment-large size-large\" alt=\"Unustamatud lapsep\u00f5lvelelud heegeldamine amigurumi raamat\" srcset=\"https:\/\/www.lilleliis.com\/wp-content\/uploads\/2024\/09\/Unustamatud-lapsepolvelelud.webp 591w, https:\/\/www.lilleliis.com\/wp-content\/uploads\/2024\/09\/Unustamatud-lapsepolvelelud-304x400.webp 304w, https:\/\/www.lilleliis.com\/wp-content\/uploads\/2024\/09\/Unustamatud-lapsepolvelelud-510x671.webp 510w\" sizes=\"auto, (max-width: 591px) 100vw, 591px\" \/>\t\t\t\t\t\t\n\t\t\t\t\t<\/div>\n\t\t\t\t\t\t<\/a>\t\t\n<style>\n#image_1765648499 {\n  width: 100%;\n}\n<\/style>\n\t<\/div>\n\t\n<p style=\"text-align: center;\"><a href=\"https:\/\/www.lilleliis.com\/et\/featured_item_category\/raamat-unustamatud-lapsepolvelelud\/\">Vaata galeriid<\/a><\/p>\n<p>\u00a0<\/p>\n\t\t<\/div>\n\t\t\t\t\t<\/div>\n\n\t\n\n\t<div id=\"col-958763\" class=\"col medium-4 small-12 large-4\"  >\n\t\t\t\t<div class=\"col-inner\"  >\n\t\t\t\n\t\t\t\n<p style=\"font-weight: 400;\">Raamatu &#8220;Unustamatud lapsep\u00f5lvelelud&#8221; taotlus on n\u00e4idata <em>amigurumi<\/em> m\u00e4nguasja valmistamise tehnikat v\u00e4rske pilgu l\u00e4bi. Ka kogenud heegeldajal ei tohiks raamatu seltsis igav hakata, kuna uudne stilistika ja huvitav l\u00f5ngavalik pakuvad rohkelt avastamisr\u00f5\u00f5mu ning p\u00f5nevusega sisustatud tunde.<\/p>\n<p style=\"font-weight: 400;\">Raamatust leiad 22 heegeldatud tegelast, kelle hulgas on kaisuloomi, nukke ja m\u00e4nguasju beebidele. K\u00f5ik nad kannavad endas nostalgilist varjundit, justkui p\u00e4rineksid vanavanemate suvila p\u00f6\u00f6ningul asuvast p\u00e4evin\u00e4inud kirstust. Lisaks s\u00f5nadele \u201epehme\u201d ja \u201earmas\u201d v\u00f5iks siinsete tegelaste kohta \u00f6elda ka veider, <em>funky<\/em>, lapik, m\u00e4nguline, <em>vintage<\/em>, karune, kiiksuga.<\/p>\n<p>Ilmunud septembris 2024<\/p>\n\t\t<\/div>\n\t\t\t\t\t<\/div>\n\n\t\n\n\t<div id=\"col-1092656012\" class=\"col medium-4 small-12 large-4\"  >\n\t\t\t\t<div class=\"col-inner\"  >\n\t\t\t\n\t\t\t\n<p style=\"text-align: center;\">KUST OSTA?<\/p>\n<a href=\"https:\/\/rahvaraamat.ee\/p\/unustamatud-lapsepolvelelud-amigurumi-tehnikas-heegeldamine\/1993662\/et?isbn=9789985361344\" target=\"_blank\" class=\"button primary is-underline expand\" rel=\"noopener\" >\n\t\t<span>rahva raamat<\/span>\n\t<\/a>\n\n<a href=\"https:\/\/www.apollo.ee\/unustamatud-lapsepolvelelud.html\" target=\"_blank\" class=\"button primary is-underline expand\" rel=\"noopener\" >\n\t\t<span>APOLLO<\/span>\n\t<\/a>\n\n<a href=\"https:\/\/varrak.ee\/raamat\/unustamatud-lapsepolvelelud\/\" target=\"_blank\" class=\"button primary is-underline expand\" rel=\"noopener\" >\n\t\t<span>kirjastus varrak<\/span>\n\t<\/a>\n\n<a href=\"https:\/\/www.lilleliis.com\/et\/toode\/unustamatud-lapsepolvelelud\/\" class=\"button primary is-underline expand\" >\n\t\t<span>lilleliisi e-pood<\/span>\n\t<\/a>\n\n\t\t<\/div>\n\t\t\t\t\t<\/div>\n\n\t\n<\/div>\n<div class=\"text-center\"><div class=\"is-divider divider clearfix\" style=\"margin-top:2.5em;margin-bottom:2.5em;max-width:900px;height:2px;\"><\/div><\/div>\n<div class=\"row row-dashed\"  id=\"row-1946280551\">\n\n\t<div id=\"col-2115224730\" class=\"col medium-4 small-12 large-4\"  >\n\t\t\t\t<div class=\"col-inner\"  >\n\t\t\t\n\t\t\t\n\t<div class=\"img has-hover x md-x lg-x y md-y lg-y\" id=\"image_1230327115\">\n\t\t<a class=\"\" href=\"https:\/\/www.lilleliis.com\/et\/kasitooraamatud\/imeline-nukumaailm\/\" >\t\t\t\t\t\t<div class=\"img-inner dark\" >\n\t\t\t<img loading=\"lazy\" decoding=\"async\" width=\"595\" height=\"800\" src=\"https:\/\/www.lilleliis.com\/wp-content\/uploads\/2019\/10\/Imeline-nukumaailm-raamat-595x800.jpg\" class=\"attachment-large size-large\" alt=\"Imeline nukumaailm raamat\" srcset=\"https:\/\/www.lilleliis.com\/wp-content\/uploads\/2019\/10\/Imeline-nukumaailm-raamat-595x800.jpg 595w, https:\/\/www.lilleliis.com\/wp-content\/uploads\/2019\/10\/Imeline-nukumaailm-raamat-297x400.jpg 297w, https:\/\/www.lilleliis.com\/wp-content\/uploads\/2019\/10\/Imeline-nukumaailm-raamat-768x1033.jpg 768w, https:\/\/www.lilleliis.com\/wp-content\/uploads\/2019\/10\/Imeline-nukumaailm-raamat-510x686.jpg 510w, https:\/\/www.lilleliis.com\/wp-content\/uploads\/2019\/10\/Imeline-nukumaailm-raamat.jpg 952w\" sizes=\"auto, (max-width: 595px) 100vw, 595px\" \/>\t\t\t\t\t\t\n\t\t\t\t\t<\/div>\n\t\t\t\t\t\t<\/a>\t\t\n<style>\n#image_1230327115 {\n  width: 100%;\n}\n<\/style>\n\t<\/div>\n\t\n<p style=\"text-align: center;\"><a href=\"https:\/\/www.lilleliis.com\/et\/featured_item_category\/raamat-imeline-nukumaailm\/\">Vaata galeriid<\/a><\/p>\n<p>\u00a0<\/p>\n\t\t<\/div>\n\t\t\t\t\t<\/div>\n\n\t\n\n\t<div id=\"col-1728919289\" class=\"col medium-4 small-12 large-4\"  >\n\t\t\t\t<div class=\"col-inner\"  >\n\t\t\t\n\t\t\t\n<p>Isetehtud nukud ei ole lihtsalt nukud &#8211; nad k\u00e4tkevad endas midagi palju enamat, peegeldades maailma, milles elame ja inimesi, keda tunneme. Nukkudel on oma iseloom ja lugu. L\u00e4bi oma k\u00e4te ja s\u00fcdame, j\u00e4tad igasse heegeldatud nukusse ka t\u00fckikese iseendast ja seel\u00e4bi lood maailma erilisemaks paigaks.<\/p>\n<p>Raamatus &#8220;Imeline nukumaailm&#8221; on 15 <em>amigurumi<\/em> tehnikas heegeldatud nukku, mis on inspiratsiooni saanud inimestest meie \u00fcmber. M\u00f5ned neist on justkui p\u00e4ris lapsed, teised aga fantaasiaga v\u00fcrtsitatud ja meenutavad pigem muinasjututegelasi. Kui loed nende lugusid, tunned neis kindlasti \u00e4ra nii iseennast kui oma l\u00e4hedasi.<\/p>\n<p>Ilmunud novembris 2019<\/p>\n\t\t<\/div>\n\t\t\t\t\t<\/div>\n\n\t\n\n\t<div id=\"col-1238515980\" class=\"col medium-4 small-12 large-4\"  >\n\t\t\t\t<div class=\"col-inner\"  >\n\t\t\t\n\t\t\t\n<p style=\"text-align: center;\"><span class=\"fancy-underline\"><strong>KAUPLUSTEST L\u00c4BI M\u00dc\u00dcDUD!<\/strong><\/span><\/p>\n<p style=\"text-align: center;\">VIIMASED EKSAMPLARID SAADAVAL LILLELIISI <a href=\"https:\/\/www.lilleliis.com\/et\/toode\/imeline-nukumaailm\/\">E-POES<\/a><\/p>\n<p>\u00a0<\/p>\n\t\t<\/div>\n\t\t\t\t\t<\/div>\n\n\t\n<\/div>\n<div class=\"text-center\"><div class=\"is-divider divider clearfix\" style=\"margin-top:2.5em;margin-bottom:2.5em;max-width:900px;height:2px;\"><\/div><\/div>\n<div class=\"row row-dashed\"  id=\"row-1361940284\">\n\n\t<div id=\"col-1095058446\" class=\"col medium-4 small-12 large-4\"  >\n\t\t\t\t<div class=\"col-inner\"  >\n\t\t\t\n\t\t\t\n\t<div class=\"img has-hover x md-x lg-x y md-y lg-y\" id=\"image_2138079577\">\n\t\t<a class=\"\" href=\"https:\/\/www.lilleliis.com\/et\/kasitooraamatud\/kaisuloomakirg\/\" >\t\t\t\t\t\t<div class=\"img-inner dark\" >\n\t\t\t<img loading=\"lazy\" decoding=\"async\" width=\"383\" height=\"500\" src=\"https:\/\/www.lilleliis.com\/wp-content\/uploads\/2016\/10\/raamat-kaisuloomakirg.jpg\" class=\"attachment-large size-large\" alt=\"raamat kaisuloomakirg\" srcset=\"https:\/\/www.lilleliis.com\/wp-content\/uploads\/2016\/10\/raamat-kaisuloomakirg.jpg 383w, https:\/\/www.lilleliis.com\/wp-content\/uploads\/2016\/10\/raamat-kaisuloomakirg-306x400.jpg 306w\" sizes=\"auto, (max-width: 383px) 100vw, 383px\" \/>\t\t\t\t\t\t\n\t\t\t\t\t<\/div>\n\t\t\t\t\t\t<\/a>\t\t\n<style>\n#image_2138079577 {\n  width: 100%;\n}\n<\/style>\n\t<\/div>\n\t\n<p style=\"text-align: center;\"><a href=\"https:\/\/www.lilleliis.com\/et\/featured_item_category\/raamat-kaisuloomakirg\/\">Vaata galeriid<\/a><\/p>\n\t\t<\/div>\n\t\t\t\t\t<\/div>\n\n\t\n\n\t<div id=\"col-577423665\" class=\"col medium-4 small-12 large-4\"  >\n\t\t\t\t<div class=\"col-inner\"  >\n\t\t\t\n\t\t\t\n<p>\u201eKaisuloomakirg\u201c on j\u00e4rg lilleliisi esimesele mustriraamatule \u201eV\u00f5luv\u00e4ega m\u00e4nguasjad\u201c, mida on saatnud suur edu nii Eestis kui ka kaugemal.<\/p>\n<p>See raamat kutsub Sind \u00fcles haarama heegeln\u00f5ela, et valmistada lapsele \u00fcks vahva m\u00e4nguasi. Oma k\u00e4te ja s\u00fcdamega tehtul on teine hingus. See miski, mida me ei n\u00e4e, aga tunneme. K\u00fcllap tabab sind juba oma esimese kaisulooma meisterdamise k\u00e4igus pidurdamatu kirg luua \u00fcha uusi ja uusi lelusid!<\/p>\n<p>Raamatust leiad 20 kaisulooma heegeldamise \u00f5petused. Siin on midagi nii poistele kui t\u00fcdrukutele beebidest kuni koolilasteni.<\/p>\n<p>Ilmunud oktoobris 2016 (kordustr\u00fckk 2021)<\/p>\n\t\t<\/div>\n\t\t\t\t\t<\/div>\n\n\t\n\n\t<div id=\"col-304726903\" class=\"col medium-4 small-12 large-4\"  >\n\t\t\t\t<div class=\"col-inner\"  >\n\t\t\t\n\t\t\t\n<p style=\"text-align: center;\"><span class=\"fancy-underline\"><strong>L\u00c4BI M\u00dc\u00dcDUD!<\/strong><\/span><\/p>\n\t<div id=\"gap-1630092826\" class=\"gap-element clearfix\" style=\"display:block; height:auto;\">\n\t\t\n<style>\n#gap-1630092826 {\n  padding-top: 30px;\n}\n<\/style>\n\t<\/div>\n\t\n<p style=\"text-align: center;\">VAATA RAAMATU VIDEOTUTVUSTUST:<\/p>\n<div class=\"video video-fit mb\" style=\"padding-top:56.25%;\"><p><iframe loading=\"lazy\" title=\"&quot;Kaisuloomakirg&quot;\" width=\"1020\" height=\"574\" src=\"https:\/\/www.youtube.com\/embed\/yKHoH45yNIA?feature=oembed\" frameborder=\"0\" allow=\"accelerometer; autoplay; clipboard-write; encrypted-media; gyroscope; picture-in-picture\" allowfullscreen><\/iframe><\/p>\n<\/div>\n\t\t<\/div>\n\t\t\t\t\t<\/div>\n\n\t\n<\/div>\n<div class=\"text-center\"><div class=\"is-divider divider clearfix\" style=\"margin-top:2.5em;margin-bottom:2.5em;max-width:900px;height:2px;\"><\/div><\/div>\n<div class=\"row row-dashed\"  id=\"row-1936312407\">\n\n\t<div id=\"col-1467295192\" class=\"col medium-4 small-12 large-4\"  >\n\t\t\t\t<div class=\"col-inner\"  >\n\t\t\t\n\t\t\t\n\t<div class=\"img has-hover x md-x lg-x y md-y lg-y\" id=\"image_2012061613\">\n\t\t<a class=\"\" href=\"https:\/\/www.lilleliis.com\/et\/kasitooraamatud\/voluvaega-manguasjad\/\" >\t\t\t\t\t\t<div class=\"img-inner dark\" >\n\t\t\t<img loading=\"lazy\" decoding=\"async\" width=\"361\" height=\"500\" src=\"https:\/\/www.lilleliis.com\/wp-content\/uploads\/2014\/05\/voluvaega-manguasjad-raamat-e1428487863269.jpg\" class=\"attachment-large size-large\" alt=\"amigurumi m\u00e4nguasjade heegeldamise raamat\" srcset=\"https:\/\/www.lilleliis.com\/wp-content\/uploads\/2014\/05\/voluvaega-manguasjad-raamat-e1428487863269.jpg 361w, https:\/\/www.lilleliis.com\/wp-content\/uploads\/2014\/05\/voluvaega-manguasjad-raamat-e1428487863269-289x400.jpg 289w\" sizes=\"auto, (max-width: 361px) 100vw, 361px\" \/>\t\t\t\t\t\t\n\t\t\t\t\t<\/div>\n\t\t\t\t\t\t<\/a>\t\t\n<style>\n#image_2012061613 {\n  width: 100%;\n}\n<\/style>\n\t<\/div>\n\t\n<p style=\"text-align: center;\"><a href=\"https:\/\/www.lilleliis.com\/et\/featured_item_category\/raamat-voluvaega-manguasjad\/\">Vaata galeriid<\/a><\/p>\n\t\t<\/div>\n\t\t\t\t\t<\/div>\n\n\t\n\n\t<div id=\"col-571266751\" class=\"col medium-4 small-12 large-4\"  >\n\t\t\t\t<div class=\"col-inner\"  >\n\t\t\t\n\t\t\t\n<p>Raamatust \u201cV\u00f5luv\u00e4ega m\u00e4nguasjad\u201d leiab 20 m\u00e4nguasja heegeldamise juhendid, mis \u00fchendavad endas jaapanip\u00e4rase amigurumi tehnika ja Euroopas armastatud kaisukarutraditsiooni. Siin on suuremaid ja v\u00e4iksemaid, kuid v\u00e4ga lihtsate v\u00f5tetega heegeldatavaid loomi ja nukkusid. Lastest inspireeritud ja lastele m\u00e4ngimiseks loodud.<\/p>\n<p>Raamat sisaldab fotodega illustreeritud \u00fclevaadet vajaminevatest silmustest ja t\u00f6\u00f6v\u00f5tetest ning 20 m\u00e4nguasja \u00f5petust, mis jagunevad kolme raskusastmesse lihtsast keeruliseni.<\/p>\n<p>Ilmunud aprillis 2014, (kordustr\u00fckk 2015, 2016, 2017)<\/p>\n\t\t<\/div>\n\t\t\t\t\t<\/div>\n\n\t\n\n\t<div id=\"col-1401489168\" class=\"col medium-4 small-12 large-4\"  >\n\t\t\t\t<div class=\"col-inner\"  >\n\t\t\t\n\t\t\t\n<p style=\"text-align: center;\"><span class=\"fancy-underline\"><strong>L\u00c4BI M\u00dc\u00dcDUD!<\/strong><\/span><\/p>\n\t\t<\/div>\n\t\t\t\t\t<\/div>\n\n\t\n<\/div>\n<div class=\"text-center\"><div class=\"is-divider divider clearfix\" style=\"margin-top:2.5em;margin-bottom:2.5em;max-width:900px;height:0px;\"><\/div><\/div>\n<p class=\"uppercase\" style=\"text-align: center;\">koost\u00f6\u00f6partnerid raamatute valmimisel<\/p>\n<div class=\"row row-dashed\"  id=\"row-845048861\">\n\n\t<div id=\"col-147731625\" class=\"col medium-6 small-12 large-6\"  >\n\t\t\t\t<div class=\"col-inner\"  >\n\t\t\t\n\t\t\t\n<h2 class=\"uppercase\" style=\"text-align: center;\">KIRJASTUS VARRAK<\/h2>\n\t\t<\/div>\n\t\t\t\t\t<\/div>\n\n\t\n\n\t<div id=\"col-761994327\" class=\"col medium-6 small-12 large-6\"  >\n\t\t\t\t<div class=\"col-inner\"  >\n\t\t\t\n\t\t\t\n<h2 class=\"uppercase\" style=\"text-align: center;\">ANNIKA METSLA<\/h2>\n\t\t<\/div>\n\t\t\t\t\t<\/div>\n\n\t\n<\/div>\n\t<div class=\"img has-hover hidden x md-x lg-x y md-y lg-y\" id=\"image_2122130898\">\n\t\t\t\t\t\t\t\t<div class=\"img-inner image-cover dark\" style=\"padding-top:40%;\">\n\t\t\t<img loading=\"lazy\" decoding=\"async\" width=\"1020\" height=\"574\" src=\"https:\/\/www.lilleliis.com\/wp-content\/uploads\/2024\/03\/Uus-lilleliisi-raamat-2024-1-1400x788.jpg\" class=\"attachment-large size-large\" alt=\"Uus lilleliisi raamat 2024\" srcset=\"https:\/\/www.lilleliis.com\/wp-content\/uploads\/2024\/03\/Uus-lilleliisi-raamat-2024-1-1400x788.jpg 1400w, https:\/\/www.lilleliis.com\/wp-content\/uploads\/2024\/03\/Uus-lilleliisi-raamat-2024-1-711x400.jpg 711w, https:\/\/www.lilleliis.com\/wp-content\/uploads\/2024\/03\/Uus-lilleliisi-raamat-2024-1-768x432.jpg 768w, https:\/\/www.lilleliis.com\/wp-content\/uploads\/2024\/03\/Uus-lilleliisi-raamat-2024-1-510x287.jpg 510w, https:\/\/www.lilleliis.com\/wp-content\/uploads\/2024\/03\/Uus-lilleliisi-raamat-2024-1.jpg 1500w\" sizes=\"auto, (max-width: 1020px) 100vw, 1020px\" \/>\t\t\t\t\t\t\n\t\t\t\t\t<\/div>\n\t\t\t\t\t\t\t\t\n<style>\n#image_2122130898 {\n  width: 100%;\n}\n<\/style>\n\t<\/div>\n\t\n","protected":false},"excerpt":{"rendered":"<p>Avasta isetehtud m\u00e4nguasjade v\u00f5lumaailm raamatukaante vahelt. Koost\u00f6\u00f6s kirjastusega Varrak on Mari-Liis Lille v\u00e4lja andnud neli amigurumi mustrite raamatut, mis on armastatud nii heegeldajate, kooli\u00f5petajate kui -\u00f5pilaste hulgas. Iga raamat on oman\u00e4oline. &#8220;V\u00f5luv\u00e4ega m\u00e4nguasjad&#8221; on omamoodi vahva segapuder kaisukatest, nukkudest ja k\u00f5rinatest. Nagu nimigi \u00fctleb, leiab teisest raamatust &#8220;Kaisuloomakirg&#8221;\u00a0just erinevate pehmete loomade \u00f5petusi. &#8220;Imeline nukumaailm&#8221; p\u00fchendub [&#8230;]\n","protected":false},"author":3,"featured_media":0,"parent":0,"menu_order":0,"comment_status":"closed","ping_status":"closed","template":"","meta":{"footnotes":""},"class_list":["post-35127","page","type-page","status-publish","hentry"],"yoast_head":"<!-- This site is optimized with the Yoast SEO plugin v27.3 - https:\/\/yoast.com\/product\/yoast-seo-wordpress\/ -->\n<title>Lilleliisi m\u00e4nguasjade heegeldamise raamatud | lilleliis<\/title>\n<meta name=\"description\" content=\"Avasta lilleliisi m\u00e4nguasjade heegeldamise raamatud - \u201eV\u00f5luv\u00e4ega m\u00e4nguasjad&quot;, \u201eKaisuloomakirg\u201c ja &quot;Imeline nukumaailm&quot;.\" \/>\n<meta name=\"robots\" content=\"index, follow, max-snippet:-1, max-image-preview:large, max-video-preview:-1\" \/>\n<link rel=\"canonical\" href=\"https:\/\/www.lilleliis.com\/et\/kasitooraamatud\/\" \/>\n<meta property=\"og:locale\" content=\"et_EE\" \/>\n<meta property=\"og:type\" content=\"article\" \/>\n<meta property=\"og:title\" content=\"Lilleliisi m\u00e4nguasjade heegeldamise raamatud | lilleliis\" \/>\n<meta property=\"og:description\" content=\"Avasta lilleliisi m\u00e4nguasjade heegeldamise raamatud - \u201eV\u00f5luv\u00e4ega m\u00e4nguasjad&quot;, \u201eKaisuloomakirg\u201c ja &quot;Imeline nukumaailm&quot;.\" \/>\n<meta property=\"og:url\" content=\"https:\/\/www.lilleliis.com\/et\/kasitooraamatud\/\" \/>\n<meta property=\"og:site_name\" content=\"lilleliis\" \/>\n<meta property=\"article:publisher\" content=\"https:\/\/www.facebook.com\/lilleliis-283266335035799\/\" \/>\n<meta property=\"article:modified_time\" content=\"2025-10-20T08:30:51+00:00\" \/>\n<meta name=\"twitter:card\" content=\"summary_large_image\" \/>\n<meta name=\"twitter:label1\" content=\"Est. reading time\" \/>\n\t<meta name=\"twitter:data1\" content=\"3 minutes\" \/>\n<script type=\"application\/ld+json\" class=\"yoast-schema-graph\">{\"@context\":\"https:\\\/\\\/schema.org\",\"@graph\":[{\"@type\":\"WebPage\",\"@id\":\"https:\\\/\\\/www.lilleliis.com\\\/et\\\/kasitooraamatud\\\/\",\"url\":\"https:\\\/\\\/www.lilleliis.com\\\/et\\\/kasitooraamatud\\\/\",\"name\":\"Lilleliisi m\u00e4nguasjade heegeldamise raamatud | lilleliis\",\"isPartOf\":{\"@id\":\"https:\\\/\\\/www.lilleliis.com\\\/et\\\/#website\"},\"datePublished\":\"2016-03-26T21:13:11+00:00\",\"dateModified\":\"2025-10-20T08:30:51+00:00\",\"description\":\"Avasta lilleliisi m\u00e4nguasjade heegeldamise raamatud - \u201eV\u00f5luv\u00e4ega m\u00e4nguasjad\\\", \u201eKaisuloomakirg\u201c ja \\\"Imeline nukumaailm\\\".\",\"breadcrumb\":{\"@id\":\"https:\\\/\\\/www.lilleliis.com\\\/et\\\/kasitooraamatud\\\/#breadcrumb\"},\"inLanguage\":\"et\",\"potentialAction\":[{\"@type\":\"ReadAction\",\"target\":[\"https:\\\/\\\/www.lilleliis.com\\\/et\\\/kasitooraamatud\\\/\"]}]},{\"@type\":\"BreadcrumbList\",\"@id\":\"https:\\\/\\\/www.lilleliis.com\\\/et\\\/kasitooraamatud\\\/#breadcrumb\",\"itemListElement\":[{\"@type\":\"ListItem\",\"position\":1,\"name\":\"Home\",\"item\":\"https:\\\/\\\/www.lilleliis.com\\\/et\\\/\"},{\"@type\":\"ListItem\",\"position\":2,\"name\":\"Raamatud\"}]},{\"@type\":\"WebSite\",\"@id\":\"https:\\\/\\\/www.lilleliis.com\\\/et\\\/#website\",\"url\":\"https:\\\/\\\/www.lilleliis.com\\\/et\\\/\",\"name\":\"lilleliis\",\"description\":\"Amigurumi m\u00e4nguasjad ja mustrid\",\"potentialAction\":[{\"@type\":\"SearchAction\",\"target\":{\"@type\":\"EntryPoint\",\"urlTemplate\":\"https:\\\/\\\/www.lilleliis.com\\\/et\\\/?s={search_term_string}\"},\"query-input\":{\"@type\":\"PropertyValueSpecification\",\"valueRequired\":true,\"valueName\":\"search_term_string\"}}],\"inLanguage\":\"et\"}]}<\/script>\n<!-- \/ Yoast SEO plugin. -->","yoast_head_json":{"title":"Lilleliisi m\u00e4nguasjade heegeldamise raamatud | lilleliis","description":"Avasta lilleliisi m\u00e4nguasjade heegeldamise raamatud - \u201eV\u00f5luv\u00e4ega m\u00e4nguasjad\", \u201eKaisuloomakirg\u201c ja \"Imeline nukumaailm\".","robots":{"index":"index","follow":"follow","max-snippet":"max-snippet:-1","max-image-preview":"max-image-preview:large","max-video-preview":"max-video-preview:-1"},"canonical":"https:\/\/www.lilleliis.com\/et\/kasitooraamatud\/","og_locale":"et_EE","og_type":"article","og_title":"Lilleliisi m\u00e4nguasjade heegeldamise raamatud | lilleliis","og_description":"Avasta lilleliisi m\u00e4nguasjade heegeldamise raamatud - \u201eV\u00f5luv\u00e4ega m\u00e4nguasjad\", \u201eKaisuloomakirg\u201c ja \"Imeline nukumaailm\".","og_url":"https:\/\/www.lilleliis.com\/et\/kasitooraamatud\/","og_site_name":"lilleliis","article_publisher":"https:\/\/www.facebook.com\/lilleliis-283266335035799\/","article_modified_time":"2025-10-20T08:30:51+00:00","twitter_card":"summary_large_image","twitter_misc":{"Est. reading time":"3 minutes"},"schema":{"@context":"https:\/\/schema.org","@graph":[{"@type":"WebPage","@id":"https:\/\/www.lilleliis.com\/et\/kasitooraamatud\/","url":"https:\/\/www.lilleliis.com\/et\/kasitooraamatud\/","name":"Lilleliisi m\u00e4nguasjade heegeldamise raamatud | lilleliis","isPartOf":{"@id":"https:\/\/www.lilleliis.com\/et\/#website"},"datePublished":"2016-03-26T21:13:11+00:00","dateModified":"2025-10-20T08:30:51+00:00","description":"Avasta lilleliisi m\u00e4nguasjade heegeldamise raamatud - \u201eV\u00f5luv\u00e4ega m\u00e4nguasjad\", \u201eKaisuloomakirg\u201c ja \"Imeline nukumaailm\".","breadcrumb":{"@id":"https:\/\/www.lilleliis.com\/et\/kasitooraamatud\/#breadcrumb"},"inLanguage":"et","potentialAction":[{"@type":"ReadAction","target":["https:\/\/www.lilleliis.com\/et\/kasitooraamatud\/"]}]},{"@type":"BreadcrumbList","@id":"https:\/\/www.lilleliis.com\/et\/kasitooraamatud\/#breadcrumb","itemListElement":[{"@type":"ListItem","position":1,"name":"Home","item":"https:\/\/www.lilleliis.com\/et\/"},{"@type":"ListItem","position":2,"name":"Raamatud"}]},{"@type":"WebSite","@id":"https:\/\/www.lilleliis.com\/et\/#website","url":"https:\/\/www.lilleliis.com\/et\/","name":"lilleliis","description":"Amigurumi m\u00e4nguasjad ja mustrid","potentialAction":[{"@type":"SearchAction","target":{"@type":"EntryPoint","urlTemplate":"https:\/\/www.lilleliis.com\/et\/?s={search_term_string}"},"query-input":{"@type":"PropertyValueSpecification","valueRequired":true,"valueName":"search_term_string"}}],"inLanguage":"et"}]}},"_links":{"self":[{"href":"https:\/\/www.lilleliis.com\/et\/wp-json\/wp\/v2\/pages\/35127","targetHints":{"allow":["GET"]}}],"collection":[{"href":"https:\/\/www.lilleliis.com\/et\/wp-json\/wp\/v2\/pages"}],"about":[{"href":"https:\/\/www.lilleliis.com\/et\/wp-json\/wp\/v2\/types\/page"}],"author":[{"embeddable":true,"href":"https:\/\/www.lilleliis.com\/et\/wp-json\/wp\/v2\/users\/3"}],"replies":[{"embeddable":true,"href":"https:\/\/www.lilleliis.com\/et\/wp-json\/wp\/v2\/comments?post=35127"}],"version-history":[{"count":101,"href":"https:\/\/www.lilleliis.com\/et\/wp-json\/wp\/v2\/pages\/35127\/revisions"}],"predecessor-version":[{"id":102852,"href":"https:\/\/www.lilleliis.com\/et\/wp-json\/wp\/v2\/pages\/35127\/revisions\/102852"}],"wp:attachment":[{"href":"https:\/\/www.lilleliis.com\/et\/wp-json\/wp\/v2\/media?parent=35127"}],"curies":[{"name":"wp","href":"https:\/\/api.w.org\/{rel}","templated":true}]}}