{"id":36457,"date":"2016-08-04T08:10:28","date_gmt":"2016-08-04T08:10:28","guid":{"rendered":"http:\/\/www.lilleliis.com\/et\/?page_id=36457"},"modified":"2022-04-07T12:15:41","modified_gmt":"2022-04-07T09:15:41","slug":"heegeldatud-karuke","status":"publish","type":"page","link":"https:\/\/www.lilleliis.com\/et\/amigurumi-mustrid\/heegeldatud-karuke\/","title":{"rendered":"Alpaka karuke"},"content":{"rendered":"\n  <div id=\"page-header-1602257049\" class=\"page-header-wrapper\">\n  <div class=\"page-title dark divided-title\">\n\n        <div class=\"page-title-bg\">\n      <div class=\"title-bg fill bg-fill\"\n        data-parallax-container=\".page-title\"\n        data-parallax-background\n        data-parallax=\"-\">\n      <\/div>\n      <div class=\"title-overlay fill\"><\/div>\n    <\/div>\n    \n    <div class=\"page-title-inner container align-center text-center flex-row-col medium-flex-wrap\" >\n              <div class=\"title-wrapper uppercase is-larger flex-col\">\n          <h1 class=\"entry-title mb-0\">\n            alpaka karuke          <\/h1>\n        <\/div>\n                <div class=\"page-title-sub op-7 flex-col\">\n          <p class=\"lead\">Tasuta \u00f5petus \u00a9 Mari-Liis Lille<\/p>\n        <\/div>\n                    <div class=\"title-content flex-col\">\n        <div class=\"title-share pt-half pb-half\"><div class=\"social-icons share-icons share-row relative icon-style-outline\" ><a href=\"https:\/\/www.facebook.com\/sharer.php?u=https:\/\/www.lilleliis.com\/et\/amigurumi-mustrid\/heegeldatud-karuke\/\" data-label=\"Facebook\" onclick=\"window.open(this.href,this.title,'width=500,height=500,top=300px,left=300px'); return false;\" target=\"_blank\" class=\"icon button circle is-outline tooltip facebook\" title=\"Share on Facebook\" aria-label=\"Share on Facebook\" rel=\"noopener nofollow\"><i class=\"icon-facebook\" aria-hidden=\"true\"><\/i><\/a><a href=\"mailto:?subject=Alpaka%20karuke&body=Check%20this%20out%3A%20https%3A%2F%2Fwww.lilleliis.com%2Fet%2Famigurumi-mustrid%2Fheegeldatud-karuke%2F\" class=\"icon button circle is-outline tooltip email\" title=\"Email to a Friend\" aria-label=\"Email to a Friend\" rel=\"nofollow\"><i class=\"icon-envelop\" aria-hidden=\"true\"><\/i><\/a><a href=\"https:\/\/pinterest.com\/pin\/create\/button?url=https:\/\/www.lilleliis.com\/et\/amigurumi-mustrid\/heegeldatud-karuke\/&media=https:\/\/www.lilleliis.com\/wp-content\/uploads\/2016\/08\/DSC_2785.jpg&description=Alpaka%20karuke\" onclick=\"window.open(this.href,this.title,'width=500,height=500,top=300px,left=300px'); return false;\" target=\"_blank\" class=\"icon button circle is-outline tooltip pinterest\" title=\"Pin on Pinterest\" aria-label=\"Pin on Pinterest\" rel=\"noopener nofollow\"><i class=\"icon-pinterest\" aria-hidden=\"true\"><\/i><\/a><\/div><\/div>      <\/div>\n    <\/div>\n\n     \n<style>\n#page-header-1602257049 .page-title-inner {\n  min-height: 200px;\n}\n#page-header-1602257049 {\n  margin-bottom: 0px;\n}\n#page-header-1602257049 .title-bg {\n  background-image: url(https:\/\/www.lilleliis.com\/wp-content\/uploads\/2017\/09\/DSC_2780.jpg);\n}\n<\/style>\n  <\/div>\n  <div class=\"container header-wrapper-divider\"><hr\/><\/div>  <\/div>\n  \n\n<p>V\u00e4ike kuid lihtsasti valmiv amigurumi alpaka karuke on imearmas kingitus mistahes vanuses inimesele. Kui heegeldad selle pehmest villast, saad m\u00f5nusalt karvase m\u00f5mmiku.<\/p>\n  <div class=\"banner-grid-wrapper\">\n  <div id=\"banner-grid-194982614\" class=\"banner-grid row row-grid row-small\" data-packery-options=\"\">\n                      \n\n<div class=\"col grid-col large-6 grid-col-1\" ><div class=\"col-inner\">\n\n\t<div class=\"img has-hover x md-x lg-x y md-y lg-y\" id=\"image_1357449454\">\n\t\t<a class=\"image-lightbox lightbox-gallery\" title=\"\" href=\"https:\/\/www.lilleliis.com\/wp-content\/uploads\/2016\/08\/amigurumi-free-teddy-bear-pattern-8.jpg\">\t\t\t\t\t\t<div class=\"img-inner dark\" >\n\t\t\t<img loading=\"lazy\" decoding=\"async\" width=\"333\" height=\"500\" src=\"https:\/\/www.lilleliis.com\/wp-content\/uploads\/2016\/08\/amigurumi-free-teddy-bear-pattern-8.jpg\" class=\"attachment-large size-large\" alt=\"amigurumi alpaka karuke tasuta muster\" srcset=\"https:\/\/www.lilleliis.com\/wp-content\/uploads\/2016\/08\/amigurumi-free-teddy-bear-pattern-8.jpg 333w, https:\/\/www.lilleliis.com\/wp-content\/uploads\/2016\/08\/amigurumi-free-teddy-bear-pattern-8-266x400.jpg 266w\" sizes=\"auto, (max-width: 333px) 100vw, 333px\" \/>\t\t\t\t\t\t\n\t\t\t\t\t<\/div>\n\t\t\t\t\t\t<\/a>\t\t\n<style>\n#image_1357449454 {\n  width: 100%;\n}\n<\/style>\n\t<\/div>\n\t\n\n\n<\/div><\/div>\n<div class=\"col grid-col large-6 grid-col-1-2\" ><div class=\"col-inner\">\n\n\t<div class=\"img has-hover x md-x lg-x y md-y lg-y\" id=\"image_1752053123\">\n\t\t<a class=\"image-lightbox lightbox-gallery\" title=\"\" href=\"https:\/\/www.lilleliis.com\/wp-content\/uploads\/2016\/08\/amigurumi-free-teddy-bear-pattern-2.jpg\">\t\t\t\t\t\t<div class=\"img-inner dark\" >\n\t\t\t<img loading=\"lazy\" decoding=\"async\" width=\"600\" height=\"400\" src=\"https:\/\/www.lilleliis.com\/wp-content\/uploads\/2016\/08\/amigurumi-free-teddy-bear-pattern-2.jpg\" class=\"attachment-large size-large\" alt=\"amigurumi alpaka karuke tasuta muster\" srcset=\"https:\/\/www.lilleliis.com\/wp-content\/uploads\/2016\/08\/amigurumi-free-teddy-bear-pattern-2.jpg 600w, https:\/\/www.lilleliis.com\/wp-content\/uploads\/2016\/08\/amigurumi-free-teddy-bear-pattern-2-510x340.jpg 510w\" sizes=\"auto, (max-width: 600px) 100vw, 600px\" \/>\t\t\t\t\t\t\n\t\t\t\t\t<\/div>\n\t\t\t\t\t\t<\/a>\t\t\n<style>\n#image_1752053123 {\n  width: 100%;\n}\n<\/style>\n\t<\/div>\n\t\n\n\n<\/div><\/div>\n<div class=\"col grid-col large-3 grid-col-1-2\" ><div class=\"col-inner\">\n\n\t<div class=\"img has-hover x md-x lg-x y md-y lg-y\" id=\"image_119253870\">\n\t\t<a class=\"image-lightbox lightbox-gallery\" title=\"\" href=\"https:\/\/www.lilleliis.com\/wp-content\/uploads\/2016\/08\/amigurumi-free-teddy-bear-pattern-7.jpg\">\t\t\t\t\t\t<div class=\"img-inner dark\" >\n\t\t\t<img loading=\"lazy\" decoding=\"async\" width=\"333\" height=\"500\" src=\"https:\/\/www.lilleliis.com\/wp-content\/uploads\/2016\/08\/amigurumi-free-teddy-bear-pattern-7.jpg\" class=\"attachment-large size-large\" alt=\"amigurumi alpaka karuke tasuta muster\" srcset=\"https:\/\/www.lilleliis.com\/wp-content\/uploads\/2016\/08\/amigurumi-free-teddy-bear-pattern-7.jpg 333w, https:\/\/www.lilleliis.com\/wp-content\/uploads\/2016\/08\/amigurumi-free-teddy-bear-pattern-7-266x400.jpg 266w\" sizes=\"auto, (max-width: 333px) 100vw, 333px\" \/>\t\t\t\t\t\t\n\t\t\t\t\t<\/div>\n\t\t\t\t\t\t<\/a>\t\t\n<style>\n#image_119253870 {\n  width: 100%;\n}\n<\/style>\n\t<\/div>\n\t\n\n\n<\/div><\/div>\n<div class=\"col grid-col large-3 grid-col-1-2\" ><div class=\"col-inner\">\n\n\t<div class=\"img has-hover x md-x lg-x y md-y lg-y\" id=\"image_615007494\">\n\t\t<a class=\"image-lightbox lightbox-gallery\" title=\"\" href=\"https:\/\/www.lilleliis.com\/wp-content\/uploads\/2016\/08\/amigurumi-free-teddy-bear-pattern-4.jpg\">\t\t\t\t\t\t<div class=\"img-inner dark\" >\n\t\t\t<img loading=\"lazy\" decoding=\"async\" width=\"333\" height=\"500\" src=\"https:\/\/www.lilleliis.com\/wp-content\/uploads\/2016\/08\/amigurumi-free-teddy-bear-pattern-4.jpg\" class=\"attachment-large size-large\" alt=\"amigurumi alpaka karuke tasuta muster\" srcset=\"https:\/\/www.lilleliis.com\/wp-content\/uploads\/2016\/08\/amigurumi-free-teddy-bear-pattern-4.jpg 333w, https:\/\/www.lilleliis.com\/wp-content\/uploads\/2016\/08\/amigurumi-free-teddy-bear-pattern-4-266x400.jpg 266w\" sizes=\"auto, (max-width: 333px) 100vw, 333px\" \/>\t\t\t\t\t\t\n\t\t\t\t\t<\/div>\n\t\t\t\t\t\t<\/a>\t\t\n<style>\n#image_615007494 {\n  width: 100%;\n}\n<\/style>\n\t<\/div>\n\t\n\n\n<\/div><\/div>\n\n            <\/div>\n    <style>\n    #banner-grid-194982614 .grid-col-1{height: 600px}\n    #banner-grid-194982614 .grid-col-1-2{height: 300px}\n    #banner-grid-194982614 .grid-col-1-3{height:200px}\n    #banner-grid-194982614 .grid-col-2-3{height: 400px}\n    #banner-grid-194982614 .grid-col-1-4{height: 150px}\n    #banner-grid-194982614 .grid-col-3-4{height: 450px}\n\n\n    \n    \n\n  <\/style>\n    <\/div>\n  \n<div class=\"message-box relative\" style=\"padding-top:15px;padding-bottom:15px;\"><div class=\"message-box-bg-image bg-fill fill\" ><\/div><div class=\"message-box-bg-overlay bg-fill fill\" ><\/div><div class=\"container relative\"><div class=\"inner last-reset\">\n\n<div class=\"row align-middle align-center\"  id=\"row-1568590454\">\n\n\n\t<div id=\"col-376792842\" class=\"col medium-9 small-12 large-9\"  >\n\t\t\t\t<div class=\"col-inner\"  >\n\t\t\t\n\t\t\t\n\n<p style=\"margin: 0in; background: #F1F1F1;\"><span style=\"font-size: 10.0pt; font-family: 'Arial',sans-serif; color: #777777;\">LILLELIISI M\u00c4NGUASJAD VALMIVAD ORIGINAALLOOMINGUNA. M\u00c4NGUASJADE KUJUNDAMISELE, \u00d5PETUSTE KIRJUTAMISELE, PILDISTAMISELE JA S\u00d5BRALIKU TEENINDUSE PAKKUMISELE KULUB PALJU AEGA JA ENERGIAT. SEEP\u00c4RAST OLEKS MUL HEA MEEL, KUI VASTUTASUKS \u00d5PETUSE KASUTAMISE EEST LISAKSID TOODETELE V\u00d5I FOTODELE (BLOGIS, FACEBOOKIS V\u00d5I KUS IGANES MUJAL) VIITE MINU KODULEHELE.<\/span><\/p>\n<p>\u00a0<\/p>\n<p style=\"margin: 0in; background: #F1F1F1; box-sizing: border-box; font-variant-ligatures: normal; font-variant-caps: normal; orphans: 2; text-align: start; widows: 2; -webkit-text-stroke-width: 0px; text-decoration-style: initial; text-decoration-color: initial; word-spacing: 0px;\"><span style=\"box-sizing: border-box;\" data-text-color=\"secondary\"><span style=\"font-size: 10.0pt; font-family: 'Arial',sans-serif; color: #777777;\">\u00a9 COPYRIGHT<\/span><\/span><span style=\"font-family: 'Arial',sans-serif; color: #777777;\"><br style=\"box-sizing: border-box;\" \/><\/span><span style=\"font-size: 10.0pt; font-family: 'Arial',sans-serif; color: #777777;\"><span style=\"box-sizing: border-box;\">*VALMIS TOODETE M\u00dc\u00dcMINE ON LUBATUD, KUID ENNE\u00a0LOE L\u00c4HEMALT TINGIMUSTEST.<\/span><\/span><span style=\"font-family: 'Arial',sans-serif; color: #777777;\"><br style=\"box-sizing: border-box;\" \/><\/span><span style=\"font-size: 10.0pt; font-family: 'Arial',sans-serif; color: #777777;\"><span style=\"box-sizing: border-box;\">*\u00d5PETUST ON KEELATUD JAGADA V\u00d5I M\u00dc\u00dcA.<\/span><\/span><\/p>\n\n\t\t<\/div>\n\t\t\t\t\t<\/div>\n\n\t\n\n\t<div id=\"col-1636336540\" class=\"col medium-2 small-12 large-2\"  >\n\t\t\t\t<div class=\"col-inner text-center\"  >\n\t\t\t\n\t\t\t\n\n<a href=\"https:\/\/www.lilleliis.com\/et\/autorioigused\/\" target=\"_blank\" class=\"button white is-outline\" rel=\"noopener\" style=\"border-radius:99px;\">\n\t\t<span>loe l\u00e4hemalt<\/span>\n\t<\/a>\n\n\n\n\t\t<\/div>\n\t\t\t\t\t<\/div>\n\n\t\n\n<\/div>\n\n<\/div><\/div><\/div>\n<div class=\"is-divider divider clearfix\" style=\"height:0px;\"><\/div>\n\n<div class=\"row row-dashed\"  id=\"row-2137309892\">\n\n\n\t<div id=\"col-430267069\" class=\"col medium-4 small-12 large-4\"  >\n\t\t\t\t<div class=\"col-inner\"  >\n\t\t\t\n\t\t\t\n\n<p><strong><u>Vaja l\u00e4heb:<\/u><\/strong><\/p>\n<ul>\n<li>kahte tooni villast l\u00f5nga (nt Albin Promotion\u00a0<em>Alpaka<\/em>: 100% alpakavill; 50 g\/110 m)<\/li>\n<li>puuvillast l\u00f5nga koonu ja nina jaoks (nt Steinbach Wolle\u00a0<em>Capri<\/em>: 100% puuvill; 50 g\/125 m)<\/li>\n<li>3 mm heegeln\u00f5ela<\/li>\n<li>pol\u00fcester kerakiudu<\/li>\n<li>turvasilmi (\u00d8 6mm)<\/li>\n<li>niiti kulmude tikkimiseks<\/li>\n<\/ul>\n\n\t\t<\/div>\n\t\t\t\t\t<\/div>\n\n\t\n\n\t<div id=\"col-550243580\" class=\"col medium-4 small-12 large-4\"  >\n\t\t\t\t<div class=\"col-inner\"  >\n\t\t\t\n\t\t\t\n\n<p><strong>Suurus:<\/strong> 11 cm<\/p>\n<p><strong>Raskusaste:<\/strong> lihtne<\/p>\n<p><strong style=\"color: #555555;\"><u>V\u00f5tted ja l\u00fchendid:<\/u><\/strong><\/p>\n<p>v\u00f5luring, aassilmus (aass), ahelsilmus (ah), kinnissilmus (ks)<\/p>\n\n\t\t<\/div>\n\t\t\t\t\t<\/div>\n\n\t\n\n\t<div id=\"col-1525823613\" class=\"col medium-4 small-12 large-4\"  >\n\t\t\t\t<div class=\"col-inner\"  >\n\t\t\t\n\t\t\t\n\n<p><strong>Mustrist:<\/strong><\/p>\n<ul>\n<li>Detailid heegeldatakse ringselt, ilma ridu \u00fchendamata.<\/li>\n<li>Kasuta silmusem\u00e4rkijat v\u00f5i l\u00fchikest l\u00f5ngajuppi, et t\u00e4histada \u00e4ra iga uue ringi algus.<\/li>\n<li>J\u00e4ta detaili l\u00f5ppu kokku\u00f5mblemiseks pikk l\u00f5ngasaba.<\/li>\n<\/ul>\n\n\t\t<\/div>\n\t\t\t\t\t<\/div>\n\n\t\n\n<\/div>\n<div class=\"is-divider divider clearfix\" style=\"height:0px;\"><\/div>\n\n<p><strong>PEA<\/strong><\/p>\n<p>P\u00f5hitoonis l\u00f5ng.<\/p>\n<p>1: heegelda 6 ks v\u00f5luringi [6]\n<p>2: heegelda 2 ks igasse ks-sse [12]\n<p>3: (1 ks, siis 2 ks j\u00e4rgmisse ks-sse) 6 korda [18]\n<p>4: ( 2 ks, siis 2 ks j\u00e4rgmisse ks-sse) 6 korda [24]\n<p>5: ( 3 ks, siis 2 ks j\u00e4rgmisse ks-sse) 6 korda [30]\n<p>6: ( 4 ks, siis 2 ks j\u00e4rgmisse ks-sse) 6 korda [36]\n<p>7: ( 5 ks, siis 2 ks j\u00e4rgmisse ks-sse) 6 korda [42]\n<p>8-17: 1 ks igasse ks-sse<\/p>\n<p>Kinnita silmad 13. ja 14. rea vahele. Silmade vahekaugus teineteisest peaks olema 10 silmusevahet, lugedes nii, et \u00fcks silm asub 1. vahes ja teine 10. vahes.<\/p>\n<p>18: (5 ks, heegelda 2 ks kokku) 6 korda [36]\n<p>19: (4 ks, heegelda 2 ks kokku) 6 korda [30]\n<p>20: (3 ks, heegelda 2 ks kokku) 6 korda [24]\n<p>21: (2 ks, heegelda 2 ks kokku) 6 korda [18]\n<p>T\u00e4ida pea tihkelt t\u00e4itematerjaliga.<\/p>\n<p>\u00a0<\/p>\n<p><strong>K\u00d5RV (tee 2)<\/strong><\/p>\n<p>Kontrasttoonis l\u00f5ng.<\/p>\n<p>1: heegelda 6 ks v\u00f5luringi [6]\n<p>2: heegelda 2 ks igasse ks-sse [12]\n<p>3-4: 1 ks igasse ks-sse<\/p>\n<p>J\u00e4ta k\u00fclge \u00f5mblemiseks pikk l\u00f5ngasaba.<\/p>\n<p>\u00a0<\/p>\n<p><strong>KOON<\/strong><\/p>\n<p>Kasuta puuvillast l\u00f5nga.<\/p>\n<p>1: heegelda 6 ks v\u00f5luringi [6]\n<p>2: heegelda 2 ks igasse ks-sse [12]\n<p>3: (1 ks, siis 2 ks j\u00e4rgmisse ks-sse) 6 korda [18]\n<p>4: 1 ks igasse ks-sse<\/p>\n<p>J\u00e4ta k\u00fclge \u00f5mblemiseks pikk l\u00f5ngasaba.<\/p>\n<p>\u00a0<\/p>\n<p><strong>NINA<\/strong><\/p>\n<p>Kasuta puuvillast l\u00f5nga.<\/p>\n<p>1: heegelda 6 ks v\u00f5luringi, aass ringi esimesse ks-sse [6]\n<p>\u00a0<\/p>\n<p><strong>KEHA<\/strong><\/p>\n<p>P\u00f5hitoonis l\u00f5ng.<\/p>\n<p>1: heegelda 6 ks v\u00f5luringi [6]\n<p>2: heegelda 2 ks igasse ks-sse [12]\n<p>3: (1 ks, siis 2 ks j\u00e4rgmisse ks-sse) 6 korda [18]\n<p>4: ( 2 ks, siis 2 ks j\u00e4rgmisse ks-sse) 6 korda [24]\n<p>5: ( 3 ks, siis 2 ks j\u00e4rgmisse ks-sse) 6 korda [30]\n<p>6: ( 4 ks, siis 2 ks j\u00e4rgmisse ks-sse) 6 korda [36]\n<p>7: ( 5 ks, siis 2 ks j\u00e4rgmisse ks-sse) 6 korda [42]\n<p>8-11: 1 ks igasse ks-sse<\/p>\n<p>12: (5 ks, heegelda 2 ks kokku) 6 korda [36]\n<p>13: 1 ks igasse ks-sse<\/p>\n<p>14: (4 ks, heegelda 2 ks kokku) 6 korda [30]\n<p>15-16: 1 ks igasse ks-sse<\/p>\n<p>17: (3 ks, heegelda 2 ks kokku) 6 korda [24]\n<p>18-19: 1 ks igasse ks-sse<\/p>\n<p>20: (2 ks, heegelda 2 ks kokku) 6 korda [18]\n<p>J\u00e4ta k\u00fclge \u00f5mblemiseks pikk l\u00f5ngasaba ning t\u00e4ida keha tihkelt t\u00e4itematerjaliga.<\/p>\n<p>\u00a0<\/p>\n<p><strong>K\u00c4PP (tee 2)<\/strong><\/p>\n<p>Alusta kontrasttooniga.<\/p>\n<p>1: heegelda 6 ks v\u00f5luringi [6]\n<p>2: heegelda 2 ks igasse ks-sse [12]\n<p>3: 1 ks igasse ks-sse<\/p>\n<p>J\u00e4tka p\u00f5hitoonis l\u00f5ngaga.<\/p>\n<p>4-6: 1 ks igasse ks-sse<\/p>\n<p>T\u00e4ida k\u00e4pa ots ning lisa j\u00e4rgmiste ridade j\u00e4rel veel pisut t\u00e4idist. Toppimisel v\u00f5id abiks v\u00f5tta heegeln\u00f5ela otsa.<\/p>\n<p>7: (2 ks, heegelda 2 ks kokku) 3 korda [9]\n<p>8-9: 1 ks igasse ks-sse<\/p>\n<p>10: (1 ks, heegelda 2 ks kokku) 3 korda [6]\n<p>11: 1 ks igasse ks-sse<\/p>\n<p>J\u00e4ta k\u00fclge \u00f5mblemiseks pikk l\u00f5ngasaba.<\/p>\n<p>\u00a0<\/p>\n<p><strong>JALG (tee 2)<\/strong><\/p>\n<p>Alusta kontrasttooniga.<\/p>\n<p>1: heegelda 6 ks v\u00f5luringi [6]\n<p>2: heegelda 2 ks igasse ks-sse [12]\n<p>3: (1 ks, siis 2 ks j\u00e4rgmisse ks-sse) 6 korda [18]\n<p>4: 1 ks igasse ks-sse<\/p>\n<p>J\u00e4tka p\u00f5hitoonis l\u00f5ngaga.<\/p>\n<p>5-6: 1 ks igasse ks-sse<\/p>\n<p>7: (1 ks, heegelda 2 ks kokku) 6 korda [12]\n<p>T\u00e4ida jalg t\u00e4itematerjaliga.<\/p>\n<p>8: 1 ks igasse ks-sse<\/p>\n<p>9: (2 ks, heegelda 2 ks kokku) 3 korda [9]\n<p>J\u00e4ta k\u00fclge \u00f5mblemiseks pikk l\u00f5ngasaba.<\/p>\n<p>\u00a0<\/p>\n<p><strong><u>Kokku \u00f5mblemine<\/u><\/strong><br \/>Esmalt tee valmis pea \u2013 \u00f5mble k\u00fclge k\u00f5rvad, koon ja koonu peale nina. Soovi korral tiki kulmud. Seej\u00e4rel \u00f5mble pea ja keha kokku, kasutades keha k\u00fcljes olevat pikka l\u00f5ngasaba. Leia sobiv koht k\u00e4ppadele ja jalgadele ning \u00f5mble k\u00fclge. Kaunista endale meelep\u00e4raselt ning loomake ongi valmis.<\/p>\n<p>\u00a0<\/p>\n<p><strong>SALL<\/strong><\/p>\n<p>Lisaks heegeldasin karule karvasest l\u00f5ngast salli. Selleks tegin paraja pikkusega ahelsilmustest keti ning liikusin keti algusesse tagasi kinnissilmustega.<\/p>\n\n","protected":false},"excerpt":{"rendered":"alpaka karuke Tasuta \u00f5petus \u00a9 Mari-Liis Lille V\u00e4ike kuid lihtsasti valmiv amigurumi alpaka karuke on imearmas kingitus mistahes vanuses inimesele. Kui heegeldad selle pehmest villast, saad m\u00f5nusalt karvase m\u00f5mmiku. LILLELIISI M\u00c4NGUASJAD VALMIVAD ORIGINAALLOOMINGUNA. M\u00c4NGUASJADE KUJUNDAMISELE, \u00d5PETUSTE KIRJUTAMISELE, PILDISTAMISELE JA S\u00d5BRALIKU TEENINDUSE PAKKUMISELE KULUB PALJU AEGA JA ENERGIAT. SEEP\u00c4RAST OLEKS MUL HEA MEEL, KUI VASTUTASUKS \u00d5PETUSE [...]","protected":false},"author":3,"featured_media":36463,"parent":31200,"menu_order":0,"comment_status":"closed","ping_status":"closed","template":"","meta":{"footnotes":""},"class_list":["post-36457","page","type-page","status-publish","has-post-thumbnail","hentry"],"yoast_head":"<!-- This site is optimized with the Yoast SEO plugin v27.3 - https:\/\/yoast.com\/product\/yoast-seo-wordpress\/ -->\n<title>Heegeldatud alpaka karuke | Heegeldatud loomade \u00f5petused | lilleliis<\/title>\n<meta name=\"description\" content=\"Heegelda ise v\u00e4ike karuke, mis on imearmas kingitus mistahes vanuses inimesele. Kui heegeldad selle pehmest alpakavillast, saad m\u00f5nusalt karvase m\u00f5mmiku.\" \/>\n<meta name=\"robots\" content=\"index, follow, max-snippet:-1, max-image-preview:large, max-video-preview:-1\" \/>\n<link rel=\"canonical\" href=\"https:\/\/www.lilleliis.com\/et\/amigurumi-mustrid\/heegeldatud-karuke\/\" \/>\n<meta property=\"og:locale\" content=\"et_EE\" \/>\n<meta property=\"og:type\" content=\"article\" \/>\n<meta property=\"og:title\" content=\"Heegeldatud alpaka karuke | Heegeldatud loomade \u00f5petused | lilleliis\" \/>\n<meta property=\"og:description\" content=\"Heegelda ise v\u00e4ike karuke, mis on imearmas kingitus mistahes vanuses inimesele. Kui heegeldad selle pehmest alpakavillast, saad m\u00f5nusalt karvase m\u00f5mmiku.\" \/>\n<meta property=\"og:url\" content=\"https:\/\/www.lilleliis.com\/et\/amigurumi-mustrid\/heegeldatud-karuke\/\" \/>\n<meta property=\"og:site_name\" content=\"lilleliis\" \/>\n<meta property=\"article:publisher\" content=\"https:\/\/www.facebook.com\/lilleliis-283266335035799\/\" \/>\n<meta property=\"article:modified_time\" content=\"2022-04-07T09:15:41+00:00\" \/>\n<meta property=\"og:image\" content=\"https:\/\/www.lilleliis.com\/wp-content\/uploads\/2016\/08\/DSC_2785.jpg\" \/>\n\t<meta property=\"og:image:width\" content=\"400\" \/>\n\t<meta property=\"og:image:height\" content=\"400\" \/>\n\t<meta property=\"og:image:type\" content=\"image\/jpeg\" \/>\n<meta name=\"twitter:card\" content=\"summary_large_image\" \/>\n<meta name=\"twitter:label1\" content=\"Est. reading time\" \/>\n\t<meta name=\"twitter:data1\" content=\"4 minutes\" \/>\n<script type=\"application\/ld+json\" class=\"yoast-schema-graph\">{\"@context\":\"https:\\\/\\\/schema.org\",\"@graph\":[{\"@type\":\"WebPage\",\"@id\":\"https:\\\/\\\/www.lilleliis.com\\\/et\\\/amigurumi-mustrid\\\/heegeldatud-karuke\\\/\",\"url\":\"https:\\\/\\\/www.lilleliis.com\\\/et\\\/amigurumi-mustrid\\\/heegeldatud-karuke\\\/\",\"name\":\"Heegeldatud alpaka karuke | Heegeldatud loomade \u00f5petused | lilleliis\",\"isPartOf\":{\"@id\":\"https:\\\/\\\/www.lilleliis.com\\\/et\\\/#website\"},\"primaryImageOfPage\":{\"@id\":\"https:\\\/\\\/www.lilleliis.com\\\/et\\\/amigurumi-mustrid\\\/heegeldatud-karuke\\\/#primaryimage\"},\"image\":{\"@id\":\"https:\\\/\\\/www.lilleliis.com\\\/et\\\/amigurumi-mustrid\\\/heegeldatud-karuke\\\/#primaryimage\"},\"thumbnailUrl\":\"https:\\\/\\\/www.lilleliis.com\\\/wp-content\\\/uploads\\\/2016\\\/08\\\/DSC_2785.jpg\",\"datePublished\":\"2016-08-04T08:10:28+00:00\",\"dateModified\":\"2022-04-07T09:15:41+00:00\",\"description\":\"Heegelda ise v\u00e4ike karuke, mis on imearmas kingitus mistahes vanuses inimesele. Kui heegeldad selle pehmest alpakavillast, saad m\u00f5nusalt karvase m\u00f5mmiku.\",\"breadcrumb\":{\"@id\":\"https:\\\/\\\/www.lilleliis.com\\\/et\\\/amigurumi-mustrid\\\/heegeldatud-karuke\\\/#breadcrumb\"},\"inLanguage\":\"et\",\"potentialAction\":[{\"@type\":\"ReadAction\",\"target\":[\"https:\\\/\\\/www.lilleliis.com\\\/et\\\/amigurumi-mustrid\\\/heegeldatud-karuke\\\/\"]}]},{\"@type\":\"ImageObject\",\"inLanguage\":\"et\",\"@id\":\"https:\\\/\\\/www.lilleliis.com\\\/et\\\/amigurumi-mustrid\\\/heegeldatud-karuke\\\/#primaryimage\",\"url\":\"https:\\\/\\\/www.lilleliis.com\\\/wp-content\\\/uploads\\\/2016\\\/08\\\/DSC_2785.jpg\",\"contentUrl\":\"https:\\\/\\\/www.lilleliis.com\\\/wp-content\\\/uploads\\\/2016\\\/08\\\/DSC_2785.jpg\",\"width\":400,\"height\":400,\"caption\":\"Amigurumi alpaka karuke\"},{\"@type\":\"BreadcrumbList\",\"@id\":\"https:\\\/\\\/www.lilleliis.com\\\/et\\\/amigurumi-mustrid\\\/heegeldatud-karuke\\\/#breadcrumb\",\"itemListElement\":[{\"@type\":\"ListItem\",\"position\":1,\"name\":\"Home\",\"item\":\"https:\\\/\\\/www.lilleliis.com\\\/et\\\/\"},{\"@type\":\"ListItem\",\"position\":2,\"name\":\"Tasuta mustrid\",\"item\":\"https:\\\/\\\/www.lilleliis.com\\\/et\\\/amigurumi-crochet-freebies\\\/\"},{\"@type\":\"ListItem\",\"position\":3,\"name\":\"Alpaka karuke\"}]},{\"@type\":\"WebSite\",\"@id\":\"https:\\\/\\\/www.lilleliis.com\\\/et\\\/#website\",\"url\":\"https:\\\/\\\/www.lilleliis.com\\\/et\\\/\",\"name\":\"lilleliis\",\"description\":\"Amigurumi m\u00e4nguasjad ja mustrid\",\"potentialAction\":[{\"@type\":\"SearchAction\",\"target\":{\"@type\":\"EntryPoint\",\"urlTemplate\":\"https:\\\/\\\/www.lilleliis.com\\\/et\\\/?s={search_term_string}\"},\"query-input\":{\"@type\":\"PropertyValueSpecification\",\"valueRequired\":true,\"valueName\":\"search_term_string\"}}],\"inLanguage\":\"et\"}]}<\/script>\n<!-- \/ Yoast SEO plugin. -->","yoast_head_json":{"title":"Heegeldatud alpaka karuke | Heegeldatud loomade \u00f5petused | lilleliis","description":"Heegelda ise v\u00e4ike karuke, mis on imearmas kingitus mistahes vanuses inimesele. Kui heegeldad selle pehmest alpakavillast, saad m\u00f5nusalt karvase m\u00f5mmiku.","robots":{"index":"index","follow":"follow","max-snippet":"max-snippet:-1","max-image-preview":"max-image-preview:large","max-video-preview":"max-video-preview:-1"},"canonical":"https:\/\/www.lilleliis.com\/et\/amigurumi-mustrid\/heegeldatud-karuke\/","og_locale":"et_EE","og_type":"article","og_title":"Heegeldatud alpaka karuke | Heegeldatud loomade \u00f5petused | lilleliis","og_description":"Heegelda ise v\u00e4ike karuke, mis on imearmas kingitus mistahes vanuses inimesele. Kui heegeldad selle pehmest alpakavillast, saad m\u00f5nusalt karvase m\u00f5mmiku.","og_url":"https:\/\/www.lilleliis.com\/et\/amigurumi-mustrid\/heegeldatud-karuke\/","og_site_name":"lilleliis","article_publisher":"https:\/\/www.facebook.com\/lilleliis-283266335035799\/","article_modified_time":"2022-04-07T09:15:41+00:00","og_image":[{"width":400,"height":400,"url":"https:\/\/www.lilleliis.com\/wp-content\/uploads\/2016\/08\/DSC_2785.jpg","type":"image\/jpeg"}],"twitter_card":"summary_large_image","twitter_misc":{"Est. reading time":"4 minutes"},"schema":{"@context":"https:\/\/schema.org","@graph":[{"@type":"WebPage","@id":"https:\/\/www.lilleliis.com\/et\/amigurumi-mustrid\/heegeldatud-karuke\/","url":"https:\/\/www.lilleliis.com\/et\/amigurumi-mustrid\/heegeldatud-karuke\/","name":"Heegeldatud alpaka karuke | Heegeldatud loomade \u00f5petused | lilleliis","isPartOf":{"@id":"https:\/\/www.lilleliis.com\/et\/#website"},"primaryImageOfPage":{"@id":"https:\/\/www.lilleliis.com\/et\/amigurumi-mustrid\/heegeldatud-karuke\/#primaryimage"},"image":{"@id":"https:\/\/www.lilleliis.com\/et\/amigurumi-mustrid\/heegeldatud-karuke\/#primaryimage"},"thumbnailUrl":"https:\/\/www.lilleliis.com\/wp-content\/uploads\/2016\/08\/DSC_2785.jpg","datePublished":"2016-08-04T08:10:28+00:00","dateModified":"2022-04-07T09:15:41+00:00","description":"Heegelda ise v\u00e4ike karuke, mis on imearmas kingitus mistahes vanuses inimesele. Kui heegeldad selle pehmest alpakavillast, saad m\u00f5nusalt karvase m\u00f5mmiku.","breadcrumb":{"@id":"https:\/\/www.lilleliis.com\/et\/amigurumi-mustrid\/heegeldatud-karuke\/#breadcrumb"},"inLanguage":"et","potentialAction":[{"@type":"ReadAction","target":["https:\/\/www.lilleliis.com\/et\/amigurumi-mustrid\/heegeldatud-karuke\/"]}]},{"@type":"ImageObject","inLanguage":"et","@id":"https:\/\/www.lilleliis.com\/et\/amigurumi-mustrid\/heegeldatud-karuke\/#primaryimage","url":"https:\/\/www.lilleliis.com\/wp-content\/uploads\/2016\/08\/DSC_2785.jpg","contentUrl":"https:\/\/www.lilleliis.com\/wp-content\/uploads\/2016\/08\/DSC_2785.jpg","width":400,"height":400,"caption":"Amigurumi alpaka karuke"},{"@type":"BreadcrumbList","@id":"https:\/\/www.lilleliis.com\/et\/amigurumi-mustrid\/heegeldatud-karuke\/#breadcrumb","itemListElement":[{"@type":"ListItem","position":1,"name":"Home","item":"https:\/\/www.lilleliis.com\/et\/"},{"@type":"ListItem","position":2,"name":"Tasuta mustrid","item":"https:\/\/www.lilleliis.com\/et\/amigurumi-crochet-freebies\/"},{"@type":"ListItem","position":3,"name":"Alpaka karuke"}]},{"@type":"WebSite","@id":"https:\/\/www.lilleliis.com\/et\/#website","url":"https:\/\/www.lilleliis.com\/et\/","name":"lilleliis","description":"Amigurumi m\u00e4nguasjad ja mustrid","potentialAction":[{"@type":"SearchAction","target":{"@type":"EntryPoint","urlTemplate":"https:\/\/www.lilleliis.com\/et\/?s={search_term_string}"},"query-input":{"@type":"PropertyValueSpecification","valueRequired":true,"valueName":"search_term_string"}}],"inLanguage":"et"}]}},"_links":{"self":[{"href":"https:\/\/www.lilleliis.com\/et\/wp-json\/wp\/v2\/pages\/36457","targetHints":{"allow":["GET"]}}],"collection":[{"href":"https:\/\/www.lilleliis.com\/et\/wp-json\/wp\/v2\/pages"}],"about":[{"href":"https:\/\/www.lilleliis.com\/et\/wp-json\/wp\/v2\/types\/page"}],"author":[{"embeddable":true,"href":"https:\/\/www.lilleliis.com\/et\/wp-json\/wp\/v2\/users\/3"}],"replies":[{"embeddable":true,"href":"https:\/\/www.lilleliis.com\/et\/wp-json\/wp\/v2\/comments?post=36457"}],"version-history":[{"count":15,"href":"https:\/\/www.lilleliis.com\/et\/wp-json\/wp\/v2\/pages\/36457\/revisions"}],"predecessor-version":[{"id":86039,"href":"https:\/\/www.lilleliis.com\/et\/wp-json\/wp\/v2\/pages\/36457\/revisions\/86039"}],"up":[{"embeddable":true,"href":"https:\/\/www.lilleliis.com\/et\/wp-json\/wp\/v2\/pages\/31200"}],"wp:featuredmedia":[{"embeddable":true,"href":"https:\/\/www.lilleliis.com\/et\/wp-json\/wp\/v2\/media\/36463"}],"wp:attachment":[{"href":"https:\/\/www.lilleliis.com\/et\/wp-json\/wp\/v2\/media?parent=36457"}],"curies":[{"name":"wp","href":"https:\/\/api.w.org\/{rel}","templated":true}]}}