{"id":41116,"date":"2017-05-12T18:24:33","date_gmt":"2017-05-12T18:24:33","guid":{"rendered":"http:\/\/www.lilleliis.com\/tasuta-opetus\/kiisu-miisu\/"},"modified":"2018-12-06T11:57:14","modified_gmt":"2018-12-06T11:57:14","slug":"heegeldatud-kiisu","status":"publish","type":"page","link":"https:\/\/www.lilleliis.com\/et\/amigurumi-mustrid\/heegeldatud-kiisu\/","title":{"rendered":"Kiisu Miisu"},"content":{"rendered":"  <div id=\"page-header-2053383006\" class=\"page-header-wrapper\">\n  <div class=\"page-title dark simple-title\">\n\n        <div class=\"page-title-bg\">\n      <div class=\"title-bg fill bg-fill\"\n        data-parallax-container=\".page-title\"\n        data-parallax-background\n        data-parallax=\"-\">\n      <\/div>\n      <div class=\"title-overlay fill\"><\/div>\n    <\/div>\n    \n    <div class=\"page-title-inner container align-center text-center flex-row-col medium-flex-wrap\" >\n              <div class=\"title-wrapper uppercase is-larger flex-col\">\n          <h1 class=\"entry-title mb-0\">\n            kiisu miisu          <\/h1>\n        <\/div>\n                <div class=\"page-title-sub op-7 flex-col\">\n          <p class=\"lead\">lilleliisi amigurumi \u00f5petus<\/p>\n        <\/div>\n                    <div class=\"title-content flex-col\">\n        <div class=\"title-breadcrumbs pb-half pt-half\"><nav class=\"woocommerce-breadcrumb breadcrumbs uppercase\" aria-label=\"Breadcrumb\">Esileht<\/nav><\/div>      <\/div>\n    <\/div>\n\n     \n<style>\n#page-header-2053383006 .page-title-inner {\n  min-height: 400px;\n}\n#page-header-2053383006 {\n  margin-bottom: 20px;\n}\n#page-header-2053383006 .title-bg {\n  background-image: url(https:\/\/www.lilleliis.com\/wp-content\/uploads\/2017\/09\/DSC_7481.jpg);\n}\n<\/style>\n  <\/div>\n    <\/div>\n  \n<p>Pisikene Kiisu Miisu on umbes 17 sentimeetri pikkune. Tal on maailma armsaim ninan\u00f6ps, vurrud ja k\u00e4pa k\u00fc\u00fcnised. Kass seisab oma saba najal p\u00fcsti.<\/p>\n\n  \n    <div class=\"row large-columns-5 medium-columns-3 small-columns-2\" >\n  <div class=\"gallery-col col\" >\n          <div class=\"col-inner\">\n            <a class=\"image-lightbox lightbox-gallery\" href=\"https:\/\/www.lilleliis.com\/wp-content\/uploads\/2017\/05\/free-amigurumi-cat-pattern-9.jpg\" title=\"\">            <div class=\"box has-hover gallery-box box-overlay dark\">\n              <div class=\"box-image image-cover\" style=\"padding-top:100%;\">\n                <img loading=\"lazy\" decoding=\"async\" width=\"600\" height=\"400\" src=\"https:\/\/www.lilleliis.com\/wp-content\/uploads\/2017\/05\/free-amigurumi-cat-pattern-9-600x400.jpg\" class=\"attachment-medium size-medium\" alt=\"\" ids=\"41105,41093,41095,41099,41089\" columns=\"5\" image_height=\"100%\" srcset=\"https:\/\/www.lilleliis.com\/wp-content\/uploads\/2017\/05\/free-amigurumi-cat-pattern-9.jpg 600w, https:\/\/www.lilleliis.com\/wp-content\/uploads\/2017\/05\/free-amigurumi-cat-pattern-9-510x340.jpg 510w\" sizes=\"auto, (max-width: 600px) 100vw, 600px\" \/>                                  <div class=\"overlay fill\"\n                      style=\"background-color: rgba(0,0,0,.15)\">\n                  <\/div>\n                                                              <\/div>\n              <div class=\"box-text text-left\" >\n                 <p><\/p>\n              <\/div>\n            <\/div>\n            <\/a>          <\/div>\n         <\/div><div class=\"gallery-col col\" >\n          <div class=\"col-inner\">\n            <a class=\"image-lightbox lightbox-gallery\" href=\"https:\/\/www.lilleliis.com\/wp-content\/uploads\/2017\/05\/free-amigurumi-cat-pattern-3.jpg\" title=\"\">            <div class=\"box has-hover gallery-box box-overlay dark\">\n              <div class=\"box-image image-cover\" style=\"padding-top:100%;\">\n                <img loading=\"lazy\" decoding=\"async\" width=\"600\" height=\"400\" src=\"https:\/\/www.lilleliis.com\/wp-content\/uploads\/2017\/05\/free-amigurumi-cat-pattern-3-600x400.jpg\" class=\"attachment-medium size-medium\" alt=\"\" ids=\"41105,41093,41095,41099,41089\" columns=\"5\" image_height=\"100%\" srcset=\"https:\/\/www.lilleliis.com\/wp-content\/uploads\/2017\/05\/free-amigurumi-cat-pattern-3.jpg 600w, https:\/\/www.lilleliis.com\/wp-content\/uploads\/2017\/05\/free-amigurumi-cat-pattern-3-510x340.jpg 510w\" sizes=\"auto, (max-width: 600px) 100vw, 600px\" \/>                                  <div class=\"overlay fill\"\n                      style=\"background-color: rgba(0,0,0,.15)\">\n                  <\/div>\n                                                              <\/div>\n              <div class=\"box-text text-left\" >\n                 <p><\/p>\n              <\/div>\n            <\/div>\n            <\/a>          <\/div>\n         <\/div><div class=\"gallery-col col\" >\n          <div class=\"col-inner\">\n            <a class=\"image-lightbox lightbox-gallery\" href=\"https:\/\/www.lilleliis.com\/wp-content\/uploads\/2017\/05\/free-amigurumi-cat-pattern-4.jpg\" title=\"\">            <div class=\"box has-hover gallery-box box-overlay dark\">\n              <div class=\"box-image image-cover\" style=\"padding-top:100%;\">\n                <img loading=\"lazy\" decoding=\"async\" width=\"266\" height=\"400\" src=\"https:\/\/www.lilleliis.com\/wp-content\/uploads\/2017\/05\/free-amigurumi-cat-pattern-4-266x400.jpg\" class=\"attachment-medium size-medium\" alt=\"\" ids=\"41105,41093,41095,41099,41089\" columns=\"5\" image_height=\"100%\" srcset=\"https:\/\/www.lilleliis.com\/wp-content\/uploads\/2017\/05\/free-amigurumi-cat-pattern-4-266x400.jpg 266w, https:\/\/www.lilleliis.com\/wp-content\/uploads\/2017\/05\/free-amigurumi-cat-pattern-4.jpg 333w\" sizes=\"auto, (max-width: 266px) 100vw, 266px\" \/>                                  <div class=\"overlay fill\"\n                      style=\"background-color: rgba(0,0,0,.15)\">\n                  <\/div>\n                                                              <\/div>\n              <div class=\"box-text text-left\" >\n                 <p><\/p>\n              <\/div>\n            <\/div>\n            <\/a>          <\/div>\n         <\/div><div class=\"gallery-col col\" >\n          <div class=\"col-inner\">\n            <a class=\"image-lightbox lightbox-gallery\" href=\"https:\/\/www.lilleliis.com\/wp-content\/uploads\/2017\/05\/free-amigurumi-cat-pattern-6.jpg\" title=\"\">            <div class=\"box has-hover gallery-box box-overlay dark\">\n              <div class=\"box-image image-cover\" style=\"padding-top:100%;\">\n                <img loading=\"lazy\" decoding=\"async\" width=\"266\" height=\"400\" src=\"https:\/\/www.lilleliis.com\/wp-content\/uploads\/2017\/05\/free-amigurumi-cat-pattern-6-266x400.jpg\" class=\"attachment-medium size-medium\" alt=\"\" ids=\"41105,41093,41095,41099,41089\" columns=\"5\" image_height=\"100%\" srcset=\"https:\/\/www.lilleliis.com\/wp-content\/uploads\/2017\/05\/free-amigurumi-cat-pattern-6-266x400.jpg 266w, https:\/\/www.lilleliis.com\/wp-content\/uploads\/2017\/05\/free-amigurumi-cat-pattern-6.jpg 333w\" sizes=\"auto, (max-width: 266px) 100vw, 266px\" \/>                                  <div class=\"overlay fill\"\n                      style=\"background-color: rgba(0,0,0,.15)\">\n                  <\/div>\n                                                              <\/div>\n              <div class=\"box-text text-left\" >\n                 <p><\/p>\n              <\/div>\n            <\/div>\n            <\/a>          <\/div>\n         <\/div><div class=\"gallery-col col\" >\n          <div class=\"col-inner\">\n            <a class=\"image-lightbox lightbox-gallery\" href=\"https:\/\/www.lilleliis.com\/wp-content\/uploads\/2017\/05\/free-amigurumi-cat-pattern-1.jpg\" title=\"\">            <div class=\"box has-hover gallery-box box-overlay dark\">\n              <div class=\"box-image image-cover\" style=\"padding-top:100%;\">\n                <img loading=\"lazy\" decoding=\"async\" width=\"600\" height=\"400\" src=\"https:\/\/www.lilleliis.com\/wp-content\/uploads\/2017\/05\/free-amigurumi-cat-pattern-1-600x400.jpg\" class=\"attachment-medium size-medium\" alt=\"\" ids=\"41105,41093,41095,41099,41089\" columns=\"5\" image_height=\"100%\" srcset=\"https:\/\/www.lilleliis.com\/wp-content\/uploads\/2017\/05\/free-amigurumi-cat-pattern-1.jpg 600w, https:\/\/www.lilleliis.com\/wp-content\/uploads\/2017\/05\/free-amigurumi-cat-pattern-1-510x340.jpg 510w\" sizes=\"auto, (max-width: 600px) 100vw, 600px\" \/>                                  <div class=\"overlay fill\"\n                      style=\"background-color: rgba(0,0,0,.15)\">\n                  <\/div>\n                                                              <\/div>\n              <div class=\"box-text text-left\" >\n                 <p><\/p>\n              <\/div>\n            <\/div>\n            <\/a>          <\/div>\n         <\/div><\/div>\n<div class=\"text-center\"><div class=\"is-divider divider clearfix\" style=\"max-width:900px;height:1px;\"><\/div><\/div>\n<p class=\"uppercase\"><span style=\"font-size: 80%;\" data-text-color=\"secondary\">LILLELIISI M\u00c4NGUASJAD VALMIVAD ORIGINAALLOOMINGUNA. M\u00c4NGUASJADE KUJUNDAMISELE, \u00d5PETUSTE KIRJUTAMISELE, PILDISTAMISELE JA S\u00d5BRALIKU TEENINDUSE PAKKUMISELE KULUB PALJU AEGA JA ENERGIAT. SEEP\u00c4RAST OLEKS MUL HEA MEEL, KUI VASTUTASUKS \u00d5PETUSE KASUTAMISE EEST LISAKSID TOODETELE V\u00d5I FOTODELE (BLOGIS, FACEBOOKIS V\u00d5I KUI IGANES MUJAL) VIITE MINU KODULEHELE.<\/span><\/p>\n<h5 class=\"uppercase\"><span style=\"font-size: 80%;\" data-text-color=\"secondary\">\u00a9 COPYRIGHT<\/span><br \/>\n<span style=\"font-size: 80%;\" data-text-color=\"secondary\">*VALMIS TOODETE M\u00dc\u00dcMINE ON LUBATUD, KUID ENNE\u00a0<a title=\"Copyright\" href=\"https:\/\/www.lilleliis.com\/et\/autorioigused\/\">LOE L\u00c4HEMALT TINGIMUSTEST<\/a>.<\/span><br \/>\n<span style=\"font-size: 80%;\" data-text-color=\"secondary\">*\u00d5PETUST ON KEELATUD JAGADA V\u00d5I M\u00dc\u00dcA.<\/span><\/h5>\n<div class=\"text-center\"><div class=\"is-divider divider clearfix\" style=\"margin-top:1.5em;margin-bottom:1.5em;max-width:900px;height:1px;\"><\/div><\/div>\n<p><strong>Vaja l\u00e4heb:<\/strong><\/p>\n<ul>\n<li>l\u00f5nga \u2013 mina kasutasin 100% puuvillast Novita Tennessee`d<i>\u00a0<\/i>(100 g \/ 214 m)<\/li>\n<li>heegeln\u00f5ela 3 mm<\/li>\n<li>pol\u00fcester kerakiudu (sobib ka puruks rebitud vatiin v\u00f5i t\u00e4itematerjal m\u00f5ne vana padja seest)<\/li>\n<li>turvasilmi (\u00d8 6 mm)<\/li>\n<li>roosat ja musta niiti nina, vurrude ja k\u00fc\u00fcniste tikkimiseks<\/li>\n<li>satiinpaela<\/li>\n<\/ul>\n<p><strong>Tingm\u00e4rgid:<\/strong><br \/>\nah \u2013 ahelsilmus, ks \u2013 kinnissilmus<\/p>\n<hr \/>\n<ul>\n<li>\n<h6><strong>K\u00d5IK DETAILID HEEGELDATAKSE RINGSELT, ILMA RIDU \u00dcHENDAMATA.<\/strong><\/h6>\n<\/li>\n<li>\n<h6><strong>HEA ON KASUTADA SILMUSEM\u00c4RKIJAT V\u00d5I L\u00dcHIKEST L\u00d5NGAJUPPI, ET T\u00c4HISTADA \u00c4RA IGA UUE RINGI ALGUS.<\/strong><\/h6>\n<\/li>\n<li>\n<h6><strong>KOKKU\u00d5MBLEMISE H\u00d5LBUSTAMISEKS J\u00c4TA IGA DETAILI L\u00d5PPU PIKK L\u00d5NGASABA.<\/strong><\/h6>\n<\/li>\n<\/ul>\n<hr \/>\n<h3>\u00d5PETUS<\/h3>\n<p><b>PEA<\/b><\/p>\n<p>1: Heegelda 6 ks v\u00f5luringi<\/p>\n<p>2: 2 ks igasse ks-sse [12]\n<p>3: (1 ks, siis 2 ks j\u00e4rgmisse ks-sse) 6 korda [18]\n<p>4: ( 2 ks, siis 2 ks j\u00e4rgmisse ks-sse) 6 korda [24]\n<p>5: ( 3 ks, siis 2 ks j\u00e4rgmisse ks-sse) 6 korda [30]\n<p>6: ( 4 ks, siis 2 ks j\u00e4rgmisse ks-sse) 6 korda [36]\n<p>7: ( 5 ks, siis 2 ks j\u00e4rgmisse ks-sse) 6 korda [42]\n<p>8-17: 1 ks igasse ks-sse<\/p>\n<p>Kinnita turvasilmad 11. ja 12. ringi vahele. Silmade vahekaugus teineteisest peaks olema 4 ava, lugedes nii, et \u00fcks silm asub avas nr 1 ja teine avas nr 4.<\/p>\n<p>18: (5 ks, heegelda 2 ks kokku) 6 korda [36]\n<p>19: (4 ks, heegelda 2 ks kokku) 6 korda [30]\n<p>20: (3 ks, heegelda 2 ks kokku) 6 korda [24]\n<p>21: (2 ks, heegelda 2 ks kokku) 6 korda [18]\n<p>T\u00e4ida pea tihkelt t\u00e4itematerjaliga.<\/p>\n<p><b>K\u00d5RV<\/b>\u00a0(tee 2)<\/p>\n<p>1: Heegelda 6 ks v\u00f5luringi<\/p>\n<p>2: (1 ks, siis 2 ks j\u00e4rgmisse ks-sse) 3 korda [9]\n<p>3: 1 ks igasse ks-sse<\/p>\n<p>4: (2 x ks, siis 2 ks j\u00e4rgmisse ks-sse) 3 korda [12]\n<p>5: 1 ks igasse ks-sse<\/p>\n<p>Vajuta k\u00f5rvad lamedaks ja \u00f5mble pea k\u00fclge.<\/p>\n<p>Tiki roosa niidiga nina ja \u00e4\u00e4rista see mustaga. Lisaks tiki vurrud.<\/p>\n<p><b>KEHA<\/b><\/p>\n<p>1: Heegelda 6 ks v\u00f5luringi<\/p>\n<p>2: heegelda 2 ks igasse ks-sse [12]\n<p>3: (1 ks, siis 2 ks j\u00e4rgmisse ks-sse) 6 korda [18]\n<p>4: ( 2 ks, siis 2 ks j\u00e4rgmisse ks-sse) 6 korda [24]\n<p>5: ( 3 ks, siis 2 ks j\u00e4rgmisse ks-sse) 6 korda [30]\n<p>6: ( 4 ks, siis 2 ks j\u00e4rgmisse ks-sse) 6 korda [36]\n<p>7: ( 5 ks, siis 2 ks j\u00e4rgmisse ks-sse) 6 korda [42]\n<p>8-11: 1 ks igasse ks-sse<\/p>\n<p>12: (5 ks, heegelda 2 ks kokku) 6 korda [36]\n<p>13: 1 ks igasse ks-sse<\/p>\n<p>14: (4 ks, heegelda 2 ks kokku) 6 korda [30]\n<p>15-16: 1 ks igasse ks-sse<\/p>\n<p>17: (3 ks, heegelda 2 ks kokku) 6 korda [24]\n<p>18-19: 1 ks igasse ks-sse<\/p>\n<p>20: (2 ks, heegelda 2 ks kokku) 6 korda [18]\n<p>T\u00e4ida keha tihkelt t\u00e4itematerjaliga ja \u00f5mble see peaga kokku.<\/p>\n<p><b>JALG<\/b>\u00a0(tee 2)<\/p>\n<p>1: Heegelda 6 ks v\u00f5luringi<\/p>\n<p>2: heegelda 2 ks igasse ks-sse [12]\n<p>3: (1 ks, siis 2 ks j\u00e4rgmisse ks-sse) 6 korda [18]\n<p>4-7: 1 ks igasse ks-sse<\/p>\n<p>8: (1 ks, heegelda 2 ks kokku) 6 korda [12]\n<p>9-13: 1 ks igasse ks-sse<\/p>\n<p>T\u00e4ida jalg t\u00e4itematerjaliga.<\/p>\n<p>14: (2 ks, heegelda 2 ks kokku) 3 korda [9]\n<p>\u00d5mble jalad keha k\u00fclge. Tiki musta niidiga 4 k\u00fc\u00fcnist.<\/p>\n<p><b>K\u00c4PP<\/b>\u00a0(tee 2)<\/p>\n<p>1:\u00a0Heegelda 6 ks v\u00f5luringi<\/p>\n<p>2: heegelda 2 ks igasse ks-sse [12]\n<p>3-6: 1 ks igasse ks-sse<\/p>\n<p>T\u00e4ida k\u00e4pa ots ning lisa j\u00e4rgmiste ringide j\u00e4rel veel pisut t\u00e4idist. Toppimisel v\u00f5id abiks v\u00f5tta heegeln\u00f5ela otsa.<\/p>\n<p>7: (2 ks, heegelda 2 ks kokku) 3 korda [9]\n<p>8-11: 1 ks igasse ks-sse<\/p>\n<p>12: (1 ks, heegelda 2 ks kokku) 3 korda [6]\n<p>\u00d5mble k\u00e4pad keha k\u00fclge j\u00e4ttes piisavaks ruumi lipsu sidumiseks kaela \u00fcmber.<\/p>\n<p><b>SABA<\/b><\/p>\n<p>1: Heegelda 6 ks v\u00f5luringi<\/p>\n<p>2: (1 ks, siis 2 ks j\u00e4rgmisse ks-sse) 3 korda [9]\n<p>3-6: 1 ks igasse ks-sse<\/p>\n<p>7: 7 x ks, heegelda 2 ks kokku\u00a0[8]\n<p>8-9: 1 ks igasse ks-sse<\/p>\n<p>Pista natuke t\u00e4idist ka sabasse.<\/p>\n<p>10: 6 x ks, heegelda 2 ks kokku\u00a0[7]\n<p>11-12: 1 ks igasse ks-sse<\/p>\n<p>13: 5 x ks, heegelda 2 ks kokku\u00a0[6]\n<p>14-15: 1 ks igasse ks-sse<\/p>\n<p>\u00d5mble saba sobivale kohale kehal.<\/p>\n<p>Tiki naba ja seo kaela pael.<\/p>\n","protected":false},"excerpt":{"rendered":"<p>Pisikene Kiisu Miisu on umbes 17 sentimeetri pikkune. Tal on maailma armsaim ninan\u00f6ps, vurrud ja k\u00e4pa k\u00fc\u00fcnised. Kass seisab oma saba najal p\u00fcsti. LILLELIISI M\u00c4NGUASJAD VALMIVAD ORIGINAALLOOMINGUNA. M\u00c4NGUASJADE KUJUNDAMISELE, \u00d5PETUSTE KIRJUTAMISELE, PILDISTAMISELE JA S\u00d5BRALIKU TEENINDUSE PAKKUMISELE KULUB PALJU AEGA JA ENERGIAT. SEEP\u00c4RAST OLEKS MUL HEA MEEL, KUI VASTUTASUKS \u00d5PETUSE KASUTAMISE EEST LISAKSID TOODETELE V\u00d5I FOTODELE [&#8230;]\n","protected":false},"author":3,"featured_media":41112,"parent":31200,"menu_order":0,"comment_status":"closed","ping_status":"closed","template":"","meta":{"footnotes":""},"class_list":["post-41116","page","type-page","status-publish","has-post-thumbnail","hentry"],"yoast_head":"<!-- This site is optimized with the Yoast SEO plugin v27.3 - https:\/\/yoast.com\/product\/yoast-seo-wordpress\/ -->\n<title>Heegeldatud Kiisu-Miisu | Amigurumi loomade \u00f5petused | lilleliis<\/title>\n<meta name=\"description\" content=\"Heegelda ise 17 cm pikkune Kiisu-Miisu. Tal on maailma armsaim ninan\u00f6ps, vurrud ja k\u00fc\u00fcnised. Kass seisab oma saba najal p\u00fcsti. Tasuta \u00f5petus.\" \/>\n<meta name=\"robots\" content=\"index, follow, max-snippet:-1, max-image-preview:large, max-video-preview:-1\" \/>\n<link rel=\"canonical\" href=\"https:\/\/www.lilleliis.com\/et\/amigurumi-mustrid\/heegeldatud-kiisu\/\" \/>\n<meta property=\"og:locale\" content=\"et_EE\" \/>\n<meta property=\"og:type\" content=\"article\" \/>\n<meta property=\"og:title\" content=\"Heegeldatud Kiisu-Miisu | Amigurumi loomade \u00f5petused | lilleliis\" \/>\n<meta property=\"og:description\" content=\"Heegelda ise 17 cm pikkune Kiisu-Miisu. Tal on maailma armsaim ninan\u00f6ps, vurrud ja k\u00fc\u00fcnised. Kass seisab oma saba najal p\u00fcsti. Tasuta \u00f5petus.\" \/>\n<meta property=\"og:url\" content=\"https:\/\/www.lilleliis.com\/et\/amigurumi-mustrid\/heegeldatud-kiisu\/\" \/>\n<meta property=\"og:site_name\" content=\"lilleliis\" \/>\n<meta property=\"article:publisher\" content=\"https:\/\/www.facebook.com\/lilleliis-283266335035799\/\" \/>\n<meta property=\"article:modified_time\" content=\"2018-12-06T11:57:14+00:00\" \/>\n<meta property=\"og:image\" content=\"https:\/\/www.lilleliis.com\/wp-content\/uploads\/2017\/05\/nosy-kitty.jpg\" \/>\n\t<meta property=\"og:image:width\" content=\"400\" \/>\n\t<meta property=\"og:image:height\" content=\"400\" \/>\n\t<meta property=\"og:image:type\" content=\"image\/jpeg\" \/>\n<meta name=\"twitter:card\" content=\"summary_large_image\" \/>\n<meta name=\"twitter:label1\" content=\"Est. reading time\" \/>\n\t<meta name=\"twitter:data1\" content=\"3 minutes\" \/>\n<script type=\"application\/ld+json\" class=\"yoast-schema-graph\">{\"@context\":\"https:\\\/\\\/schema.org\",\"@graph\":[{\"@type\":\"WebPage\",\"@id\":\"https:\\\/\\\/www.lilleliis.com\\\/et\\\/amigurumi-mustrid\\\/heegeldatud-kiisu\\\/\",\"url\":\"https:\\\/\\\/www.lilleliis.com\\\/et\\\/amigurumi-mustrid\\\/heegeldatud-kiisu\\\/\",\"name\":\"Heegeldatud Kiisu-Miisu | Amigurumi loomade \u00f5petused | lilleliis\",\"isPartOf\":{\"@id\":\"https:\\\/\\\/www.lilleliis.com\\\/et\\\/#website\"},\"primaryImageOfPage\":{\"@id\":\"https:\\\/\\\/www.lilleliis.com\\\/et\\\/amigurumi-mustrid\\\/heegeldatud-kiisu\\\/#primaryimage\"},\"image\":{\"@id\":\"https:\\\/\\\/www.lilleliis.com\\\/et\\\/amigurumi-mustrid\\\/heegeldatud-kiisu\\\/#primaryimage\"},\"thumbnailUrl\":\"https:\\\/\\\/www.lilleliis.com\\\/wp-content\\\/uploads\\\/2017\\\/05\\\/nosy-kitty.jpg\",\"datePublished\":\"2017-05-12T18:24:33+00:00\",\"dateModified\":\"2018-12-06T11:57:14+00:00\",\"description\":\"Heegelda ise 17 cm pikkune Kiisu-Miisu. Tal on maailma armsaim ninan\u00f6ps, vurrud ja k\u00fc\u00fcnised. Kass seisab oma saba najal p\u00fcsti. Tasuta \u00f5petus.\",\"breadcrumb\":{\"@id\":\"https:\\\/\\\/www.lilleliis.com\\\/et\\\/amigurumi-mustrid\\\/heegeldatud-kiisu\\\/#breadcrumb\"},\"inLanguage\":\"et\",\"potentialAction\":[{\"@type\":\"ReadAction\",\"target\":[\"https:\\\/\\\/www.lilleliis.com\\\/et\\\/amigurumi-mustrid\\\/heegeldatud-kiisu\\\/\"]}]},{\"@type\":\"ImageObject\",\"inLanguage\":\"et\",\"@id\":\"https:\\\/\\\/www.lilleliis.com\\\/et\\\/amigurumi-mustrid\\\/heegeldatud-kiisu\\\/#primaryimage\",\"url\":\"https:\\\/\\\/www.lilleliis.com\\\/wp-content\\\/uploads\\\/2017\\\/05\\\/nosy-kitty.jpg\",\"contentUrl\":\"https:\\\/\\\/www.lilleliis.com\\\/wp-content\\\/uploads\\\/2017\\\/05\\\/nosy-kitty.jpg\",\"width\":400,\"height\":400,\"caption\":\"Nosy kitty\"},{\"@type\":\"BreadcrumbList\",\"@id\":\"https:\\\/\\\/www.lilleliis.com\\\/et\\\/amigurumi-mustrid\\\/heegeldatud-kiisu\\\/#breadcrumb\",\"itemListElement\":[{\"@type\":\"ListItem\",\"position\":1,\"name\":\"Home\",\"item\":\"https:\\\/\\\/www.lilleliis.com\\\/et\\\/\"},{\"@type\":\"ListItem\",\"position\":2,\"name\":\"Tasuta mustrid\",\"item\":\"https:\\\/\\\/www.lilleliis.com\\\/et\\\/amigurumi-crochet-freebies\\\/\"},{\"@type\":\"ListItem\",\"position\":3,\"name\":\"Kiisu Miisu\"}]},{\"@type\":\"WebSite\",\"@id\":\"https:\\\/\\\/www.lilleliis.com\\\/et\\\/#website\",\"url\":\"https:\\\/\\\/www.lilleliis.com\\\/et\\\/\",\"name\":\"lilleliis\",\"description\":\"Amigurumi m\u00e4nguasjad ja mustrid\",\"potentialAction\":[{\"@type\":\"SearchAction\",\"target\":{\"@type\":\"EntryPoint\",\"urlTemplate\":\"https:\\\/\\\/www.lilleliis.com\\\/et\\\/?s={search_term_string}\"},\"query-input\":{\"@type\":\"PropertyValueSpecification\",\"valueRequired\":true,\"valueName\":\"search_term_string\"}}],\"inLanguage\":\"et\"}]}<\/script>\n<!-- \/ Yoast SEO plugin. -->","yoast_head_json":{"title":"Heegeldatud Kiisu-Miisu | Amigurumi loomade \u00f5petused | lilleliis","description":"Heegelda ise 17 cm pikkune Kiisu-Miisu. Tal on maailma armsaim ninan\u00f6ps, vurrud ja k\u00fc\u00fcnised. Kass seisab oma saba najal p\u00fcsti. Tasuta \u00f5petus.","robots":{"index":"index","follow":"follow","max-snippet":"max-snippet:-1","max-image-preview":"max-image-preview:large","max-video-preview":"max-video-preview:-1"},"canonical":"https:\/\/www.lilleliis.com\/et\/amigurumi-mustrid\/heegeldatud-kiisu\/","og_locale":"et_EE","og_type":"article","og_title":"Heegeldatud Kiisu-Miisu | Amigurumi loomade \u00f5petused | lilleliis","og_description":"Heegelda ise 17 cm pikkune Kiisu-Miisu. Tal on maailma armsaim ninan\u00f6ps, vurrud ja k\u00fc\u00fcnised. Kass seisab oma saba najal p\u00fcsti. Tasuta \u00f5petus.","og_url":"https:\/\/www.lilleliis.com\/et\/amigurumi-mustrid\/heegeldatud-kiisu\/","og_site_name":"lilleliis","article_publisher":"https:\/\/www.facebook.com\/lilleliis-283266335035799\/","article_modified_time":"2018-12-06T11:57:14+00:00","og_image":[{"width":400,"height":400,"url":"https:\/\/www.lilleliis.com\/wp-content\/uploads\/2017\/05\/nosy-kitty.jpg","type":"image\/jpeg"}],"twitter_card":"summary_large_image","twitter_misc":{"Est. reading time":"3 minutes"},"schema":{"@context":"https:\/\/schema.org","@graph":[{"@type":"WebPage","@id":"https:\/\/www.lilleliis.com\/et\/amigurumi-mustrid\/heegeldatud-kiisu\/","url":"https:\/\/www.lilleliis.com\/et\/amigurumi-mustrid\/heegeldatud-kiisu\/","name":"Heegeldatud Kiisu-Miisu | Amigurumi loomade \u00f5petused | lilleliis","isPartOf":{"@id":"https:\/\/www.lilleliis.com\/et\/#website"},"primaryImageOfPage":{"@id":"https:\/\/www.lilleliis.com\/et\/amigurumi-mustrid\/heegeldatud-kiisu\/#primaryimage"},"image":{"@id":"https:\/\/www.lilleliis.com\/et\/amigurumi-mustrid\/heegeldatud-kiisu\/#primaryimage"},"thumbnailUrl":"https:\/\/www.lilleliis.com\/wp-content\/uploads\/2017\/05\/nosy-kitty.jpg","datePublished":"2017-05-12T18:24:33+00:00","dateModified":"2018-12-06T11:57:14+00:00","description":"Heegelda ise 17 cm pikkune Kiisu-Miisu. Tal on maailma armsaim ninan\u00f6ps, vurrud ja k\u00fc\u00fcnised. Kass seisab oma saba najal p\u00fcsti. Tasuta \u00f5petus.","breadcrumb":{"@id":"https:\/\/www.lilleliis.com\/et\/amigurumi-mustrid\/heegeldatud-kiisu\/#breadcrumb"},"inLanguage":"et","potentialAction":[{"@type":"ReadAction","target":["https:\/\/www.lilleliis.com\/et\/amigurumi-mustrid\/heegeldatud-kiisu\/"]}]},{"@type":"ImageObject","inLanguage":"et","@id":"https:\/\/www.lilleliis.com\/et\/amigurumi-mustrid\/heegeldatud-kiisu\/#primaryimage","url":"https:\/\/www.lilleliis.com\/wp-content\/uploads\/2017\/05\/nosy-kitty.jpg","contentUrl":"https:\/\/www.lilleliis.com\/wp-content\/uploads\/2017\/05\/nosy-kitty.jpg","width":400,"height":400,"caption":"Nosy kitty"},{"@type":"BreadcrumbList","@id":"https:\/\/www.lilleliis.com\/et\/amigurumi-mustrid\/heegeldatud-kiisu\/#breadcrumb","itemListElement":[{"@type":"ListItem","position":1,"name":"Home","item":"https:\/\/www.lilleliis.com\/et\/"},{"@type":"ListItem","position":2,"name":"Tasuta mustrid","item":"https:\/\/www.lilleliis.com\/et\/amigurumi-crochet-freebies\/"},{"@type":"ListItem","position":3,"name":"Kiisu Miisu"}]},{"@type":"WebSite","@id":"https:\/\/www.lilleliis.com\/et\/#website","url":"https:\/\/www.lilleliis.com\/et\/","name":"lilleliis","description":"Amigurumi m\u00e4nguasjad ja mustrid","potentialAction":[{"@type":"SearchAction","target":{"@type":"EntryPoint","urlTemplate":"https:\/\/www.lilleliis.com\/et\/?s={search_term_string}"},"query-input":{"@type":"PropertyValueSpecification","valueRequired":true,"valueName":"search_term_string"}}],"inLanguage":"et"}]}},"_links":{"self":[{"href":"https:\/\/www.lilleliis.com\/et\/wp-json\/wp\/v2\/pages\/41116","targetHints":{"allow":["GET"]}}],"collection":[{"href":"https:\/\/www.lilleliis.com\/et\/wp-json\/wp\/v2\/pages"}],"about":[{"href":"https:\/\/www.lilleliis.com\/et\/wp-json\/wp\/v2\/types\/page"}],"author":[{"embeddable":true,"href":"https:\/\/www.lilleliis.com\/et\/wp-json\/wp\/v2\/users\/3"}],"replies":[{"embeddable":true,"href":"https:\/\/www.lilleliis.com\/et\/wp-json\/wp\/v2\/comments?post=41116"}],"version-history":[{"count":10,"href":"https:\/\/www.lilleliis.com\/et\/wp-json\/wp\/v2\/pages\/41116\/revisions"}],"predecessor-version":[{"id":45393,"href":"https:\/\/www.lilleliis.com\/et\/wp-json\/wp\/v2\/pages\/41116\/revisions\/45393"}],"up":[{"embeddable":true,"href":"https:\/\/www.lilleliis.com\/et\/wp-json\/wp\/v2\/pages\/31200"}],"wp:featuredmedia":[{"embeddable":true,"href":"https:\/\/www.lilleliis.com\/et\/wp-json\/wp\/v2\/media\/41112"}],"wp:attachment":[{"href":"https:\/\/www.lilleliis.com\/et\/wp-json\/wp\/v2\/media?parent=41116"}],"curies":[{"name":"wp","href":"https:\/\/api.w.org\/{rel}","templated":true}]}}