{"id":450,"date":"2013-02-23T19:49:16","date_gmt":"2013-02-23T17:49:16","guid":{"rendered":"http:\/\/lilleliis.com\/?page_id=450"},"modified":"2026-02-09T12:52:51","modified_gmt":"2026-02-09T10:52:51","slug":"autorioigused","status":"publish","type":"page","link":"https:\/\/www.lilleliis.com\/et\/autorioigused\/","title":{"rendered":"Autori\u00f5igused"},"content":{"rendered":"<h2 style=\"text-align: center;\">Autori\u00f5igus \u2013 l\u00fchidalt ja selgelt<\/h2>\n<p style=\"text-align: center;\">K\u00f5ik <strong>lilleliisi<\/strong> heegelmustrid, \u00f5petused, tekstid ja fotod on autori\u00f5igusega kaitstud.<\/p>\n<p style=\"text-align: center;\">K\u00f5ik \u00f5igused kuuluvad lilleliisi disainerile Mari-Liis Lillele.<\/p>\n<p style=\"text-align: center;\">Mustri ostmine v\u00f5i allalaadimine <strong>ei anna<\/strong> \u00f5igust sisu edasi levitada.<\/p>\n<div class=\"text-center\"><div class=\"is-divider divider clearfix\" style=\"max-width:1000px;height:1px;\"><\/div><\/div>\n<div class=\"row row-solid\"  id=\"row-2040184516\">\n\n\t<div id=\"col-735521904\" class=\"col medium-4 small-12 large-4\"  >\n\t\t\t\t<div class=\"col-inner\"  >\n\t\t\t\n\t\t\t\n<h3><span data-text-color=\"primary\">LUBATUD<\/span><\/h3>\n<ul data-spread=\"false\">\n<li><strong>M\u00fc\u00fca k\u00e4sitsi valmistatud esemeid, mis on tehtud minu mustrite j\u00e4rgi<\/strong><\/li>\n<li>Kasutada mustreid isiklikuks otstarbeks ja kingituste valmistamiseks<\/li>\n<li>Jagada pilte oma tehtud t\u00f6\u00f6dest (olen t\u00e4nulik, kui m\u00e4rgid mind \u00f5petuse autorina)<\/li>\n<\/ul>\n\t\t<\/div>\n\t\t\t\t\t<\/div>\n\n\t\n\n\t<div id=\"col-1572741173\" class=\"col medium-4 small-12 large-4\"  >\n\t\t\t\t<div class=\"col-inner\"  >\n\t\t\t\n\t\t\t\n<h3><span data-text-color=\"primary\">EI OLE LUBATUD<\/span><\/h3>\n<ul data-spread=\"false\">\n<li>Mustrite v\u00f5i nende osade kopeerimine ja jagamine<\/li>\n<li>Mustrite edasim\u00fc\u00fck v\u00f5i tasuta jagamine<\/li>\n<li>Mustrite t\u00f5lkimine v\u00f5i avaldamine ilma loata<\/li>\n<li>Mustrite kasutamine masstootmiseks<\/li>\n<li>Minu fotode kasutamine ilma loata<\/li>\n<\/ul>\n\t\t<\/div>\n\t\t\t\t\t<\/div>\n\n\t\n\n\t<div id=\"col-560853234\" class=\"col medium-4 small-12 large-4\"  >\n\t\t\t\t<div class=\"col-inner\"  >\n\t\t\t\n\t\t\t\n<h3><span data-text-color=\"primary\">HEA TEADA<\/span><\/h3>\n<ul data-spread=\"false\">\n<li>Tasuta mustrid on samuti autori\u00f5igusega kaitstud \u2013 kui soovid jagada, palun jaga linki kodulehele<\/li>\n<li>Mustri j\u00e4rgi valmistatud esemete m\u00fc\u00fck toimub m\u00fc\u00fcja omal vastutusel (sh ohutus ja m\u00e4rgistused)<\/li>\n<li>Kui soovid eriluba (nt t\u00f5lkeks v\u00f5i koolituseks), kirjuta: <a href=\"mailto:lilleliis@gmail.com\">lilleliis@gmail.com<\/a><\/li>\n<\/ul>\n\t\t<\/div>\n\t\t\t\t\t<\/div>\n\n\t\n<\/div>\n<div class=\"text-center\"><div class=\"is-divider divider clearfix\" style=\"max-width:1000px;height:1px;\"><\/div><\/div>\n    <div class=\"box has-hover has-hover box-default box-text-bottom\" >\n\n                  <div class=\"box-image \" style=\"width:26%;\">\n           <div class=\"box-image-inner image-cover\" style=\"border-radius:100%;padding-top:100%;\">\n              <img loading=\"lazy\" decoding=\"async\" width=\"1500\" height=\"1000\" src=\"https:\/\/www.lilleliis.com\/wp-content\/uploads\/2022\/03\/Mari-Liis-Lille-3.jpg\" class=\"attachment- size-\" alt=\"Mari-Liis Lille\" srcset=\"https:\/\/www.lilleliis.com\/wp-content\/uploads\/2022\/03\/Mari-Liis-Lille-3.jpg 1500w, https:\/\/www.lilleliis.com\/wp-content\/uploads\/2022\/03\/Mari-Liis-Lille-3-600x400.jpg 600w, https:\/\/www.lilleliis.com\/wp-content\/uploads\/2022\/03\/Mari-Liis-Lille-3-1200x800.jpg 1200w, https:\/\/www.lilleliis.com\/wp-content\/uploads\/2022\/03\/Mari-Liis-Lille-3-768x512.jpg 768w, https:\/\/www.lilleliis.com\/wp-content\/uploads\/2022\/03\/Mari-Liis-Lille-3-510x340.jpg 510w\" sizes=\"auto, (max-width: 1500px) 100vw, 1500px\" \/>                         <\/div>\n          <\/div>\n         \n          <div class=\"box-text text-center\" >\n                <div class=\"box-text-inner\">\n                  <h4 class=\"uppercase\">\n                    <span class=\"person-name\">Mari-Liis Lille<\/span><br\/>\n                    <span class=\"person-title is-small thin-font op-7\">\n                      lilleliisi mustrite autor                    <\/span>\n                  <\/h4>\n\t\t\t\t\t\n<p>Ait\u00e4h, et austad mu t\u00f6\u00f6d!<\/p>\n                <\/div>\n          <\/div>\n    <\/div>\n\n\t\n    \n\n\t<div id=\"text-3066386109\" class=\"text hidden\">\n\t\t\n<p style=\"text-align: center;\"><em>Palun austa minu kui autori \u00f5igusi oma loomingule. Autori\u00f5iguse seadus on vajalik disainerite ja kunstnike t\u00f6\u00f6de ning toimetuleku kaitseks.<\/em><\/p>\n<p style=\"text-align: center;\"><em>T\u00e4nan sind!<\/em><\/p>\n<h2 style=\"text-align: center;\"><span data-text-color=\"secondary\">SA V\u00d5ID M\u00dc\u00dcA VALMISTEHTUD ESEMEID<\/span><\/h2>\n<p><strong>Sul on lubatud m\u00fc\u00fca valmis esemeid, kuid palun arvesta j\u00e4rgnevaga:<\/strong><\/p>\n<ul>\n<li>M\u00fc\u00fca v\u00f5ib vaid tooteid, mis on sinu enda (\u00f5petuse ostja) k\u00e4ega valmistatud.<\/li>\n<li>Toote kirjeldus peab sisaldama viidet autorile ja kodulehele \u2013 Mustri autor Mari-Liis Lille, www.lilleliis.com.<\/li>\n<li>Toodet m\u00fc\u00fces v\u00f5id kasutada vaid omaenda fotosid. Originaalfotode kasutamine lilleliisi kodulehelt on keelatud!<\/li>\n<\/ul>\n<h2 style=\"text-align: center;\"><span data-text-color=\"secondary\">SUL EI OLE LUBATUD M\u00dc\u00dcA \u00d5PETUST<\/span><\/h2>\n<p><strong>\u00d5petuste m\u00fc\u00fcmine ja jagamine on rangelt keelatud.<\/strong><\/p>\n<p>\u00d5petusi ei ole lubatud muuta, t\u00f5lkida ega levitada paberkandjal v\u00f5i elektrooniliselt.<\/p>\n<p>Autorikaitse alla kuuluvad ka k\u00f5ik kodulehel olevad fotod ja tekstid, mida ei tohi ilma autori loata kasutada.<br \/>\n\t\t\t<\/div>\n\t\n","protected":false},"excerpt":{"rendered":"<p>Autori\u00f5igus \u2013 l\u00fchidalt ja selgelt K\u00f5ik lilleliisi heegelmustrid, \u00f5petused, tekstid ja fotod on autori\u00f5igusega kaitstud. K\u00f5ik \u00f5igused kuuluvad lilleliisi disainerile Mari-Liis Lillele. Mustri ostmine v\u00f5i allalaadimine ei anna \u00f5igust sisu edasi levitada.<\/p>\n","protected":false},"author":3,"featured_media":0,"parent":0,"menu_order":0,"comment_status":"closed","ping_status":"closed","template":"","meta":{"footnotes":""},"class_list":["post-450","page","type-page","status-publish","hentry"],"yoast_head":"<!-- This site is optimized with the Yoast SEO plugin v27.3 - https:\/\/yoast.com\/product\/yoast-seo-wordpress\/ -->\n<title>lilleliisi autori\u00f5igused | Mida tohib ja mida mitte?<\/title>\n<meta name=\"description\" content=\"Sellelt lehelt saad teada, kuidas kasutada lilleliisi heegelmustreid nii, et sa autori\u00f5igusi ei riivaks. Ait\u00e4h, et austad mu loomingut.\" \/>\n<meta name=\"robots\" content=\"index, follow, max-snippet:-1, max-image-preview:large, max-video-preview:-1\" \/>\n<link rel=\"canonical\" href=\"https:\/\/www.lilleliis.com\/et\/autorioigused\/\" \/>\n<meta property=\"og:locale\" content=\"et_EE\" \/>\n<meta property=\"og:type\" content=\"article\" \/>\n<meta property=\"og:title\" content=\"lilleliisi autori\u00f5igused | Mida tohib ja mida mitte?\" \/>\n<meta property=\"og:description\" content=\"Sellelt lehelt saad teada, kuidas kasutada lilleliisi heegelmustreid nii, et sa autori\u00f5igusi ei riivaks. Ait\u00e4h, et austad mu loomingut.\" \/>\n<meta property=\"og:url\" content=\"https:\/\/www.lilleliis.com\/et\/autorioigused\/\" \/>\n<meta property=\"og:site_name\" content=\"lilleliis\" \/>\n<meta property=\"article:publisher\" content=\"https:\/\/www.facebook.com\/lilleliis-283266335035799\/\" \/>\n<meta property=\"article:modified_time\" content=\"2026-02-09T10:52:51+00:00\" \/>\n<meta name=\"twitter:card\" content=\"summary_large_image\" \/>\n<meta name=\"twitter:label1\" content=\"Est. reading time\" \/>\n\t<meta name=\"twitter:data1\" content=\"2 minutes\" \/>\n<script type=\"application\/ld+json\" class=\"yoast-schema-graph\">{\"@context\":\"https:\\\/\\\/schema.org\",\"@graph\":[{\"@type\":\"WebPage\",\"@id\":\"https:\\\/\\\/www.lilleliis.com\\\/et\\\/autorioigused\\\/\",\"url\":\"https:\\\/\\\/www.lilleliis.com\\\/et\\\/autorioigused\\\/\",\"name\":\"lilleliisi autori\u00f5igused | Mida tohib ja mida mitte?\",\"isPartOf\":{\"@id\":\"https:\\\/\\\/www.lilleliis.com\\\/et\\\/#website\"},\"datePublished\":\"2013-02-23T17:49:16+00:00\",\"dateModified\":\"2026-02-09T10:52:51+00:00\",\"description\":\"Sellelt lehelt saad teada, kuidas kasutada lilleliisi heegelmustreid nii, et sa autori\u00f5igusi ei riivaks. Ait\u00e4h, et austad mu loomingut.\",\"breadcrumb\":{\"@id\":\"https:\\\/\\\/www.lilleliis.com\\\/et\\\/autorioigused\\\/#breadcrumb\"},\"inLanguage\":\"et\",\"potentialAction\":[{\"@type\":\"ReadAction\",\"target\":[\"https:\\\/\\\/www.lilleliis.com\\\/et\\\/autorioigused\\\/\"]}]},{\"@type\":\"BreadcrumbList\",\"@id\":\"https:\\\/\\\/www.lilleliis.com\\\/et\\\/autorioigused\\\/#breadcrumb\",\"itemListElement\":[{\"@type\":\"ListItem\",\"position\":1,\"name\":\"Home\",\"item\":\"https:\\\/\\\/www.lilleliis.com\\\/et\\\/\"},{\"@type\":\"ListItem\",\"position\":2,\"name\":\"Autori\u00f5igused\"}]},{\"@type\":\"WebSite\",\"@id\":\"https:\\\/\\\/www.lilleliis.com\\\/et\\\/#website\",\"url\":\"https:\\\/\\\/www.lilleliis.com\\\/et\\\/\",\"name\":\"lilleliis\",\"description\":\"Amigurumi m\u00e4nguasjad ja mustrid\",\"potentialAction\":[{\"@type\":\"SearchAction\",\"target\":{\"@type\":\"EntryPoint\",\"urlTemplate\":\"https:\\\/\\\/www.lilleliis.com\\\/et\\\/?s={search_term_string}\"},\"query-input\":{\"@type\":\"PropertyValueSpecification\",\"valueRequired\":true,\"valueName\":\"search_term_string\"}}],\"inLanguage\":\"et\"}]}<\/script>\n<!-- \/ Yoast SEO plugin. -->","yoast_head_json":{"title":"lilleliisi autori\u00f5igused | Mida tohib ja mida mitte?","description":"Sellelt lehelt saad teada, kuidas kasutada lilleliisi heegelmustreid nii, et sa autori\u00f5igusi ei riivaks. Ait\u00e4h, et austad mu loomingut.","robots":{"index":"index","follow":"follow","max-snippet":"max-snippet:-1","max-image-preview":"max-image-preview:large","max-video-preview":"max-video-preview:-1"},"canonical":"https:\/\/www.lilleliis.com\/et\/autorioigused\/","og_locale":"et_EE","og_type":"article","og_title":"lilleliisi autori\u00f5igused | Mida tohib ja mida mitte?","og_description":"Sellelt lehelt saad teada, kuidas kasutada lilleliisi heegelmustreid nii, et sa autori\u00f5igusi ei riivaks. Ait\u00e4h, et austad mu loomingut.","og_url":"https:\/\/www.lilleliis.com\/et\/autorioigused\/","og_site_name":"lilleliis","article_publisher":"https:\/\/www.facebook.com\/lilleliis-283266335035799\/","article_modified_time":"2026-02-09T10:52:51+00:00","twitter_card":"summary_large_image","twitter_misc":{"Est. reading time":"2 minutes"},"schema":{"@context":"https:\/\/schema.org","@graph":[{"@type":"WebPage","@id":"https:\/\/www.lilleliis.com\/et\/autorioigused\/","url":"https:\/\/www.lilleliis.com\/et\/autorioigused\/","name":"lilleliisi autori\u00f5igused | Mida tohib ja mida mitte?","isPartOf":{"@id":"https:\/\/www.lilleliis.com\/et\/#website"},"datePublished":"2013-02-23T17:49:16+00:00","dateModified":"2026-02-09T10:52:51+00:00","description":"Sellelt lehelt saad teada, kuidas kasutada lilleliisi heegelmustreid nii, et sa autori\u00f5igusi ei riivaks. Ait\u00e4h, et austad mu loomingut.","breadcrumb":{"@id":"https:\/\/www.lilleliis.com\/et\/autorioigused\/#breadcrumb"},"inLanguage":"et","potentialAction":[{"@type":"ReadAction","target":["https:\/\/www.lilleliis.com\/et\/autorioigused\/"]}]},{"@type":"BreadcrumbList","@id":"https:\/\/www.lilleliis.com\/et\/autorioigused\/#breadcrumb","itemListElement":[{"@type":"ListItem","position":1,"name":"Home","item":"https:\/\/www.lilleliis.com\/et\/"},{"@type":"ListItem","position":2,"name":"Autori\u00f5igused"}]},{"@type":"WebSite","@id":"https:\/\/www.lilleliis.com\/et\/#website","url":"https:\/\/www.lilleliis.com\/et\/","name":"lilleliis","description":"Amigurumi m\u00e4nguasjad ja mustrid","potentialAction":[{"@type":"SearchAction","target":{"@type":"EntryPoint","urlTemplate":"https:\/\/www.lilleliis.com\/et\/?s={search_term_string}"},"query-input":{"@type":"PropertyValueSpecification","valueRequired":true,"valueName":"search_term_string"}}],"inLanguage":"et"}]}},"_links":{"self":[{"href":"https:\/\/www.lilleliis.com\/et\/wp-json\/wp\/v2\/pages\/450","targetHints":{"allow":["GET"]}}],"collection":[{"href":"https:\/\/www.lilleliis.com\/et\/wp-json\/wp\/v2\/pages"}],"about":[{"href":"https:\/\/www.lilleliis.com\/et\/wp-json\/wp\/v2\/types\/page"}],"author":[{"embeddable":true,"href":"https:\/\/www.lilleliis.com\/et\/wp-json\/wp\/v2\/users\/3"}],"replies":[{"embeddable":true,"href":"https:\/\/www.lilleliis.com\/et\/wp-json\/wp\/v2\/comments?post=450"}],"version-history":[{"count":18,"href":"https:\/\/www.lilleliis.com\/et\/wp-json\/wp\/v2\/pages\/450\/revisions"}],"predecessor-version":[{"id":104388,"href":"https:\/\/www.lilleliis.com\/et\/wp-json\/wp\/v2\/pages\/450\/revisions\/104388"}],"wp:attachment":[{"href":"https:\/\/www.lilleliis.com\/et\/wp-json\/wp\/v2\/media?parent=450"}],"curies":[{"name":"wp","href":"https:\/\/api.w.org\/{rel}","templated":true}]}}