{"id":45193,"date":"2017-11-01T14:43:45","date_gmt":"2017-11-01T14:43:45","guid":{"rendered":"http:\/\/www.lilleliis.com\/etettasuta-opetus\/kutsu-koristi\/"},"modified":"2018-11-30T17:03:49","modified_gmt":"2018-11-30T17:03:49","slug":"heegeldatud-kutsu-koristi","status":"publish","type":"page","link":"https:\/\/www.lilleliis.com\/et\/amigurumi-mustrid\/heegeldatud-kutsu-koristi\/","title":{"rendered":"Kutsu k\u00f5risti"},"content":{"rendered":"  <div id=\"page-header-1587146750\" class=\"page-header-wrapper\">\n  <div class=\"page-title dark simple-title\">\n\n        <div class=\"page-title-bg\">\n      <div class=\"title-bg fill bg-fill\"\n        data-parallax-container=\".page-title\"\n        data-parallax-background\n        data-parallax=\"-\">\n      <\/div>\n      <div class=\"title-overlay fill\"><\/div>\n    <\/div>\n    \n    <div class=\"page-title-inner container align-center text-center flex-row-col medium-flex-wrap\" >\n              <div class=\"title-wrapper uppercase is-xlarge flex-col\">\n          <h1 class=\"entry-title mb-0\">\n            KUTSU K\u00d5RISTI          <\/h1>\n        <\/div>\n                <div class=\"page-title-sub op-7 flex-col\">\n          <p class=\"lead\">lilleliisi amigurumi \u00f5petus<\/p>\n        <\/div>\n                    <div class=\"title-content flex-col\">\n        <div class=\"title-breadcrumbs pb-half pt-half\"><nav class=\"woocommerce-breadcrumb breadcrumbs uppercase\" aria-label=\"Breadcrumb\">Esileht<\/nav><\/div>      <\/div>\n    <\/div>\n\n     \n<style>\n#page-header-1587146750 .page-title-inner {\n  min-height: 400px;\n}\n#page-header-1587146750 {\n  margin-bottom: 20px;\n}\n#page-header-1587146750 .title-bg {\n  background-image: url(https:\/\/www.lilleliis.com\/wp-content\/uploads\/2017\/11\/DSC_1627.jpg);\n}\n<\/style>\n  <\/div>\n    <\/div>\n  \n<p>Armas kutsu k\u00f5risti beebidele. Puuvillasest l\u00f5ngast saad eriti lapse- ja ihus\u00f5braliku m\u00e4nguasja.<\/p>\n<p>Suurus: 19 cm<\/p>\n<p>Raskusaste: lihtne<\/p>\n\n  \n    <div class=\"row large-columns-4 medium-columns-3 small-columns-2\" >\n  <div class=\"gallery-col col\" data-animate=\"bounceIn\">\n          <div class=\"col-inner\">\n            <a class=\"image-lightbox lightbox-gallery\" href=\"https:\/\/www.lilleliis.com\/wp-content\/uploads\/2017\/01\/DSC_1627.jpg\" title=\"\">            <div class=\"box has-hover gallery-box box-overlay dark\">\n              <div class=\"box-image image-cover\" style=\"padding-top:100%;\">\n                <img loading=\"lazy\" decoding=\"async\" width=\"600\" height=\"400\" src=\"https:\/\/www.lilleliis.com\/wp-content\/uploads\/2017\/01\/DSC_1627-600x400.jpg\" class=\"attachment-medium size-medium\" alt=\"\" ids=\"39217,39180,39188,39209\" animate=\"bounceIn\" image_height=\"100%\" srcset=\"https:\/\/www.lilleliis.com\/wp-content\/uploads\/2017\/01\/DSC_1627.jpg 600w, https:\/\/www.lilleliis.com\/wp-content\/uploads\/2017\/01\/DSC_1627-510x340.jpg 510w\" sizes=\"auto, (max-width: 600px) 100vw, 600px\" \/>                                  <div class=\"overlay fill\"\n                      style=\"background-color: rgba(0,0,0,.15)\">\n                  <\/div>\n                                                              <\/div>\n              <div class=\"box-text text-left\" >\n                 <p><\/p>\n              <\/div>\n            <\/div>\n            <\/a>          <\/div>\n         <\/div><div class=\"gallery-col col\" data-animate=\"bounceIn\">\n          <div class=\"col-inner\">\n            <a class=\"image-lightbox lightbox-gallery\" href=\"https:\/\/www.lilleliis.com\/wp-content\/uploads\/2017\/01\/DSC_1512.jpg\" title=\"\">            <div class=\"box has-hover gallery-box box-overlay dark\">\n              <div class=\"box-image image-cover\" style=\"padding-top:100%;\">\n                <img loading=\"lazy\" decoding=\"async\" width=\"600\" height=\"400\" src=\"https:\/\/www.lilleliis.com\/wp-content\/uploads\/2017\/01\/DSC_1512-600x400.jpg\" class=\"attachment-medium size-medium\" alt=\"\" ids=\"39217,39180,39188,39209\" animate=\"bounceIn\" image_height=\"100%\" srcset=\"https:\/\/www.lilleliis.com\/wp-content\/uploads\/2017\/01\/DSC_1512.jpg 600w, https:\/\/www.lilleliis.com\/wp-content\/uploads\/2017\/01\/DSC_1512-510x340.jpg 510w\" sizes=\"auto, (max-width: 600px) 100vw, 600px\" \/>                                  <div class=\"overlay fill\"\n                      style=\"background-color: rgba(0,0,0,.15)\">\n                  <\/div>\n                                                              <\/div>\n              <div class=\"box-text text-left\" >\n                 <p><\/p>\n              <\/div>\n            <\/div>\n            <\/a>          <\/div>\n         <\/div><div class=\"gallery-col col\" data-animate=\"bounceIn\">\n          <div class=\"col-inner\">\n            <a class=\"image-lightbox lightbox-gallery\" href=\"https:\/\/www.lilleliis.com\/wp-content\/uploads\/2017\/01\/DSC_1543.jpg\" title=\"\">            <div class=\"box has-hover gallery-box box-overlay dark\">\n              <div class=\"box-image image-cover\" style=\"padding-top:100%;\">\n                <img loading=\"lazy\" decoding=\"async\" width=\"600\" height=\"400\" src=\"https:\/\/www.lilleliis.com\/wp-content\/uploads\/2017\/01\/DSC_1543-600x400.jpg\" class=\"attachment-medium size-medium\" alt=\"\" ids=\"39217,39180,39188,39209\" animate=\"bounceIn\" image_height=\"100%\" srcset=\"https:\/\/www.lilleliis.com\/wp-content\/uploads\/2017\/01\/DSC_1543.jpg 600w, https:\/\/www.lilleliis.com\/wp-content\/uploads\/2017\/01\/DSC_1543-510x340.jpg 510w\" sizes=\"auto, (max-width: 600px) 100vw, 600px\" \/>                                  <div class=\"overlay fill\"\n                      style=\"background-color: rgba(0,0,0,.15)\">\n                  <\/div>\n                                                              <\/div>\n              <div class=\"box-text text-left\" >\n                 <p><\/p>\n              <\/div>\n            <\/div>\n            <\/a>          <\/div>\n         <\/div><div class=\"gallery-col col\" data-animate=\"bounceIn\">\n          <div class=\"col-inner\">\n            <a class=\"image-lightbox lightbox-gallery\" href=\"https:\/\/www.lilleliis.com\/wp-content\/uploads\/2017\/01\/DSC_1630.jpg\" title=\"\">            <div class=\"box has-hover gallery-box box-overlay dark\">\n              <div class=\"box-image image-cover\" style=\"padding-top:100%;\">\n                <img loading=\"lazy\" decoding=\"async\" width=\"266\" height=\"400\" src=\"https:\/\/www.lilleliis.com\/wp-content\/uploads\/2017\/01\/DSC_1630-266x400.jpg\" class=\"attachment-medium size-medium\" alt=\"\" ids=\"39217,39180,39188,39209\" animate=\"bounceIn\" image_height=\"100%\" srcset=\"https:\/\/www.lilleliis.com\/wp-content\/uploads\/2017\/01\/DSC_1630-266x400.jpg 266w, https:\/\/www.lilleliis.com\/wp-content\/uploads\/2017\/01\/DSC_1630.jpg 333w\" sizes=\"auto, (max-width: 266px) 100vw, 266px\" \/>                                  <div class=\"overlay fill\"\n                      style=\"background-color: rgba(0,0,0,.15)\">\n                  <\/div>\n                                                              <\/div>\n              <div class=\"box-text text-left\" >\n                 <p><\/p>\n              <\/div>\n            <\/div>\n            <\/a>          <\/div>\n         <\/div><\/div>\n<hr \/>\n<p class=\"uppercase\"><span style=\"font-size: 80%;\" data-text-color=\"secondary\">LILLELIISI M\u00c4NGUASJAD VALMIVAD ORIGINAALLOOMINGUNA. M\u00c4NGUASJADE KUJUNDAMISELE, \u00d5PETUSTE KIRJUTAMISELE, PILDISTAMISELE JA S\u00d5BRALIKU TEENINDUSE PAKKUMISELE KULUB PALJU AEGA JA ENERGIAT. SEEP\u00c4RAST OLEKS MUL HEA MEEL, KUI VASTUTASUKS \u00d5PETUSE KASUTAMISE EEST LISAKSID TOODETELE V\u00d5I FOTODELE (BLOGIS, FACEBOOKIS V\u00d5I KUI IGANES MUJAL) VIITE MINU KODULEHELE.<\/span><\/p>\n<h5 class=\"uppercase\"><span style=\"font-size: 80%;\" data-text-color=\"secondary\">\u00a9 COPYRIGHT<\/span><br \/>\n<span style=\"font-size: 80%;\" data-text-color=\"secondary\">*VALMIS TOODETE M\u00dc\u00dcMINE ON LUBATUD, KUID ENNE\u00a0<a title=\"Copyright\" href=\"https:\/\/www.lilleliis.com\/et\/copyright\/\">LOE L\u00c4HEMALT TINGIMUSTEST<\/a>.<\/span><br \/>\n<span style=\"font-size: 80%;\" data-text-color=\"secondary\">*\u00d5PETUST ON KEELATUD JAGADA V\u00d5I M\u00dc\u00dcA.<\/span><\/h5>\n<hr \/>\n<p><strong>Vaja l\u00e4heb:<\/strong><\/p>\n<ul>\n<li>3 tooni l\u00f5nga \u2013 mina kasutasin 100% Pima puuvilla (Katia <em>Pima cotton<\/em><i>; 5<\/i>0 g \/ 105 m)<\/li>\n<li>heegeln\u00f5ela 3 mm<\/li>\n<li>pol\u00fcester kerakiudu (sobib ka puruks rebitud vatiin v\u00f5i t\u00e4itematerjal m\u00f5ne vana padja seest)<\/li>\n<li>turvasilmi (\u00d8 6 mm)<\/li>\n<li>k\u00f5rina sisu<\/li>\n<li>sukan\u00f5ela<\/li>\n<\/ul>\n<p><strong>Tingm\u00e4rgid:<\/strong><br \/>\nah \u2013 ahelsilmus, ks \u2013 kinnissilmus<\/p>\n<hr \/>\n<ul>\n<li>\n<h6><strong>K\u00d5IK DETAILID HEEGELDATAKSE RINGSELT, ILMA RIDU \u00dcHENDAMATA.<\/strong><\/h6>\n<\/li>\n<li>\n<h6><strong>HEA ON KASUTADA SILMUSEM\u00c4RKIJAT V\u00d5I L\u00dcHIKEST L\u00d5NGAJUPPI, ET T\u00c4HISTADA \u00c4RA IGA UUE RINGI ALGUS.<\/strong><\/h6>\n<\/li>\n<li>\n<h6><strong>KOKKU\u00d5MBLEMISE H\u00d5LBUSTAMISEKS J\u00c4TA IGA DETAILI L\u00d5PPU PIKK L\u00d5NGASABA.<\/strong><\/h6>\n<\/li>\n<\/ul>\n<hr \/>\n<p><b>PEA<\/b> (heegelda bee\u017ei l\u00f5ngaga)<\/p>\n<p>1: Heegelda 6 ks v\u00f5luringi<\/p>\n<p>2: 2 ks igasse ks-sse [12]\n<p>3: (1 x ks, 2 ks j\u00e4rgmisse ks-sse) 6 korda [18]\n<p>4: ( 2 x ks, 2 ks j\u00e4rgmisse ks-sse) 6 korda [24]\n<p>5: ( 3 x ks, 2 ks j\u00e4rgmisse ks-sse) 6 korda [30]\n<p>6: ( 4 x ks, 2 ks j\u00e4rgmisse ks-sse) 6 korda [36]\n<p>7: ( 5 x ks, 2 ks j\u00e4rgmisse ks-sse) 6 korda [42]\n<p>8-17: 1 ks igasse ks-sse<\/p>\n<p>Kinnita turvasilmad 9. ja 10. ringi vahele. Silmade vahekaugus teineteisest peaks olema 4 ava, lugedes nii, et \u00fcks silm asub avas nr 1 ja teine avas nr 4.<\/p>\n<p>18: (5 x ks, heegelda 2 ks kokku) 6 korda [36]\n<p>19: (4 x ks, heegelda 2 ks kokku) 6 korda [30]\n<p>20: (3 x ks, heegelda 2 ks kokku) 6 korda [24]\n<p>21: (2 x ks, heegelda 2 ks kokku) 6 korda [18]\n<p>T\u00e4ida pea tihkelt t\u00e4itematerjaliga.<\/p>\n<p><b>K\u00d5RV<\/b>\u00a0(tee 2, tumesinise l\u00f5ngaga)<\/p>\n<p>1: Heegelda 6 ks v\u00f5luringi<\/p>\n<p>2: 2 ks igasse ks-sse [12]\n<p>3-6: 1 ks igasse ks-sse<\/p>\n<p>7: (2 x ks, heegelda 2 ks kokku) 3 korda [9]\n<p>8: 1 ks igasse ks-sse<\/p>\n<p>9: (1 x ks, heegelda 2 ks kokku) 3 korda [6]\n<p><strong>KOON<\/strong> (heegelda helesinise l\u00f5ngaga)<\/p>\n<p>1: Heegelda 6 ks v\u00f5luringi<\/p>\n<p>2: 2 ks igasse ks-sse [12]\n<p>3: (1 x ks, 2 ks j\u00e4rgmisse ks-sse) 6 korda [18]\n<p>4-5: 1 ks igasse ks-sse<\/p>\n<p><strong>NINA<\/strong> (heegelda tumesinise l\u00f5ngaga)<\/p>\n<p>1: Heegelda 6 ks v\u00f5luringi<\/p>\n<p>2-3: 1 ks igasse ks-sse [6]\n<p><strong>K\u00c4EPIDE<\/strong> (alusta bee\u017ei l\u00f5ngaga)<\/p>\n<p>1: Tee 6 ks v\u00f5luringi\u00a0[6]\n<p>2: 2 ks igasse silmusesse\u00a0[12]\n<p>3: (1 x ks, 2 ks j\u00e4rgmisse ks-sse) 6 korda [18]\n<p>4: (2 x ks, 2 ks j\u00e4rgmisse ks-sse) 6 korda [24]\n<p>5: (3 x ks, 2 ks j\u00e4rgmisse ks-sse) 6 korda [30]\n<p>6-8:\u00a01 ks igasse ks-sse<\/p>\n<p>9: (3 x ks, heegelda 2 ks kokku) 6 korda [24]\n<p>10-11:\u00a01 ks igasse ks-sse<\/p>\n<p>12: (2 x ks, heegelda 2 ks kokku) 6 korda [18]\n<p>Siit alustasin triibumustrit. \u00dchtlasi hakka k\u00e4epideme osa ka t\u00e4itma.<\/p>\n<p>13-33:\u00a01 ks igasse ks-sse<\/p>\n<p><strong>KOKKU\u00d5MBLEMINE<\/strong><\/p>\n<p>Esmalt tee valmis pea \u2013 \u00f5mble k\u00fclge k\u00f5rvad, koon ja koonu peale nina. Soovi korral tiki kulmud. Kindlasti \u00e4ra unusta lisada k\u00f5risevat kellukest. Seej\u00e4rel \u00f5mble pea ja k\u00e4epide kokku.<\/p>\n","protected":false},"excerpt":{"rendered":"<p>Armas kutsu k\u00f5risti beebidele. Puuvillasest l\u00f5ngast saad eriti lapse- ja ihus\u00f5braliku m\u00e4nguasja. Suurus: 19 cm Raskusaste: lihtne LILLELIISI M\u00c4NGUASJAD VALMIVAD ORIGINAALLOOMINGUNA. M\u00c4NGUASJADE KUJUNDAMISELE, \u00d5PETUSTE KIRJUTAMISELE, PILDISTAMISELE JA S\u00d5BRALIKU TEENINDUSE PAKKUMISELE KULUB PALJU AEGA JA ENERGIAT. SEEP\u00c4RAST OLEKS MUL HEA MEEL, KUI VASTUTASUKS \u00d5PETUSE KASUTAMISE EEST LISAKSID TOODETELE V\u00d5I FOTODELE (BLOGIS, FACEBOOKIS V\u00d5I KUI IGANES MUJAL) [&#8230;]\n","protected":false},"author":3,"featured_media":39226,"parent":31200,"menu_order":0,"comment_status":"closed","ping_status":"closed","template":"","meta":{"footnotes":""},"class_list":["post-45193","page","type-page","status-publish","has-post-thumbnail","hentry"],"yoast_head":"<!-- This site is optimized with the Yoast SEO plugin v27.3 - https:\/\/yoast.com\/product\/yoast-seo-wordpress\/ -->\n<title>Heegeldatud kutsu k\u00f5risti | Heegeldatud loomade \u00f5petused | lilleliis<\/title>\n<meta name=\"description\" content=\"Heegelda ise armas kutsu k\u00f5risti beebile. Puuvillasest l\u00f5ngast saad eriti lapse- ja ihus\u00f5braliku m\u00e4nguasja. Tasuta \u00f5petus.\" \/>\n<meta name=\"robots\" content=\"index, follow, max-snippet:-1, max-image-preview:large, max-video-preview:-1\" \/>\n<link rel=\"canonical\" href=\"https:\/\/www.lilleliis.com\/et\/amigurumi-mustrid\/heegeldatud-kutsu-koristi\/\" \/>\n<meta property=\"og:locale\" content=\"et_EE\" \/>\n<meta property=\"og:type\" content=\"article\" \/>\n<meta property=\"og:title\" content=\"Heegeldatud kutsu k\u00f5risti | Heegeldatud loomade \u00f5petused | lilleliis\" \/>\n<meta property=\"og:description\" content=\"Heegelda ise armas kutsu k\u00f5risti beebile. Puuvillasest l\u00f5ngast saad eriti lapse- ja ihus\u00f5braliku m\u00e4nguasja. Tasuta \u00f5petus.\" \/>\n<meta property=\"og:url\" content=\"https:\/\/www.lilleliis.com\/et\/amigurumi-mustrid\/heegeldatud-kutsu-koristi\/\" \/>\n<meta property=\"og:site_name\" content=\"lilleliis\" \/>\n<meta property=\"article:publisher\" content=\"https:\/\/www.facebook.com\/lilleliis-283266335035799\/\" \/>\n<meta property=\"article:modified_time\" content=\"2018-11-30T17:03:49+00:00\" \/>\n<meta property=\"og:image\" content=\"https:\/\/www.lilleliis.com\/wp-content\/uploads\/2017\/01\/2.jpg\" \/>\n\t<meta property=\"og:image:width\" content=\"400\" \/>\n\t<meta property=\"og:image:height\" content=\"400\" \/>\n\t<meta property=\"og:image:type\" content=\"image\/jpeg\" \/>\n<meta name=\"twitter:card\" content=\"summary_large_image\" \/>\n<meta name=\"twitter:label1\" content=\"Est. reading time\" \/>\n\t<meta name=\"twitter:data1\" content=\"2 minutes\" \/>\n<script type=\"application\/ld+json\" class=\"yoast-schema-graph\">{\"@context\":\"https:\\\/\\\/schema.org\",\"@graph\":[{\"@type\":\"WebPage\",\"@id\":\"https:\\\/\\\/www.lilleliis.com\\\/et\\\/amigurumi-mustrid\\\/heegeldatud-kutsu-koristi\\\/\",\"url\":\"https:\\\/\\\/www.lilleliis.com\\\/et\\\/amigurumi-mustrid\\\/heegeldatud-kutsu-koristi\\\/\",\"name\":\"Heegeldatud kutsu k\u00f5risti | Heegeldatud loomade \u00f5petused | lilleliis\",\"isPartOf\":{\"@id\":\"https:\\\/\\\/www.lilleliis.com\\\/et\\\/#website\"},\"primaryImageOfPage\":{\"@id\":\"https:\\\/\\\/www.lilleliis.com\\\/et\\\/amigurumi-mustrid\\\/heegeldatud-kutsu-koristi\\\/#primaryimage\"},\"image\":{\"@id\":\"https:\\\/\\\/www.lilleliis.com\\\/et\\\/amigurumi-mustrid\\\/heegeldatud-kutsu-koristi\\\/#primaryimage\"},\"thumbnailUrl\":\"https:\\\/\\\/www.lilleliis.com\\\/wp-content\\\/uploads\\\/2017\\\/01\\\/2.jpg\",\"datePublished\":\"2017-11-01T14:43:45+00:00\",\"dateModified\":\"2018-11-30T17:03:49+00:00\",\"description\":\"Heegelda ise armas kutsu k\u00f5risti beebile. Puuvillasest l\u00f5ngast saad eriti lapse- ja ihus\u00f5braliku m\u00e4nguasja. Tasuta \u00f5petus.\",\"breadcrumb\":{\"@id\":\"https:\\\/\\\/www.lilleliis.com\\\/et\\\/amigurumi-mustrid\\\/heegeldatud-kutsu-koristi\\\/#breadcrumb\"},\"inLanguage\":\"et\",\"potentialAction\":[{\"@type\":\"ReadAction\",\"target\":[\"https:\\\/\\\/www.lilleliis.com\\\/et\\\/amigurumi-mustrid\\\/heegeldatud-kutsu-koristi\\\/\"]}]},{\"@type\":\"ImageObject\",\"inLanguage\":\"et\",\"@id\":\"https:\\\/\\\/www.lilleliis.com\\\/et\\\/amigurumi-mustrid\\\/heegeldatud-kutsu-koristi\\\/#primaryimage\",\"url\":\"https:\\\/\\\/www.lilleliis.com\\\/wp-content\\\/uploads\\\/2017\\\/01\\\/2.jpg\",\"contentUrl\":\"https:\\\/\\\/www.lilleliis.com\\\/wp-content\\\/uploads\\\/2017\\\/01\\\/2.jpg\",\"width\":400,\"height\":400,\"caption\":\"Puppy rattle\"},{\"@type\":\"BreadcrumbList\",\"@id\":\"https:\\\/\\\/www.lilleliis.com\\\/et\\\/amigurumi-mustrid\\\/heegeldatud-kutsu-koristi\\\/#breadcrumb\",\"itemListElement\":[{\"@type\":\"ListItem\",\"position\":1,\"name\":\"Home\",\"item\":\"https:\\\/\\\/www.lilleliis.com\\\/et\\\/\"},{\"@type\":\"ListItem\",\"position\":2,\"name\":\"Tasuta mustrid\",\"item\":\"https:\\\/\\\/www.lilleliis.com\\\/et\\\/amigurumi-crochet-freebies\\\/\"},{\"@type\":\"ListItem\",\"position\":3,\"name\":\"Kutsu k\u00f5risti\"}]},{\"@type\":\"WebSite\",\"@id\":\"https:\\\/\\\/www.lilleliis.com\\\/et\\\/#website\",\"url\":\"https:\\\/\\\/www.lilleliis.com\\\/et\\\/\",\"name\":\"lilleliis\",\"description\":\"Amigurumi m\u00e4nguasjad ja mustrid\",\"potentialAction\":[{\"@type\":\"SearchAction\",\"target\":{\"@type\":\"EntryPoint\",\"urlTemplate\":\"https:\\\/\\\/www.lilleliis.com\\\/et\\\/?s={search_term_string}\"},\"query-input\":{\"@type\":\"PropertyValueSpecification\",\"valueRequired\":true,\"valueName\":\"search_term_string\"}}],\"inLanguage\":\"et\"}]}<\/script>\n<!-- \/ Yoast SEO plugin. -->","yoast_head_json":{"title":"Heegeldatud kutsu k\u00f5risti | Heegeldatud loomade \u00f5petused | lilleliis","description":"Heegelda ise armas kutsu k\u00f5risti beebile. Puuvillasest l\u00f5ngast saad eriti lapse- ja ihus\u00f5braliku m\u00e4nguasja. Tasuta \u00f5petus.","robots":{"index":"index","follow":"follow","max-snippet":"max-snippet:-1","max-image-preview":"max-image-preview:large","max-video-preview":"max-video-preview:-1"},"canonical":"https:\/\/www.lilleliis.com\/et\/amigurumi-mustrid\/heegeldatud-kutsu-koristi\/","og_locale":"et_EE","og_type":"article","og_title":"Heegeldatud kutsu k\u00f5risti | Heegeldatud loomade \u00f5petused | lilleliis","og_description":"Heegelda ise armas kutsu k\u00f5risti beebile. Puuvillasest l\u00f5ngast saad eriti lapse- ja ihus\u00f5braliku m\u00e4nguasja. Tasuta \u00f5petus.","og_url":"https:\/\/www.lilleliis.com\/et\/amigurumi-mustrid\/heegeldatud-kutsu-koristi\/","og_site_name":"lilleliis","article_publisher":"https:\/\/www.facebook.com\/lilleliis-283266335035799\/","article_modified_time":"2018-11-30T17:03:49+00:00","og_image":[{"width":400,"height":400,"url":"https:\/\/www.lilleliis.com\/wp-content\/uploads\/2017\/01\/2.jpg","type":"image\/jpeg"}],"twitter_card":"summary_large_image","twitter_misc":{"Est. reading time":"2 minutes"},"schema":{"@context":"https:\/\/schema.org","@graph":[{"@type":"WebPage","@id":"https:\/\/www.lilleliis.com\/et\/amigurumi-mustrid\/heegeldatud-kutsu-koristi\/","url":"https:\/\/www.lilleliis.com\/et\/amigurumi-mustrid\/heegeldatud-kutsu-koristi\/","name":"Heegeldatud kutsu k\u00f5risti | Heegeldatud loomade \u00f5petused | lilleliis","isPartOf":{"@id":"https:\/\/www.lilleliis.com\/et\/#website"},"primaryImageOfPage":{"@id":"https:\/\/www.lilleliis.com\/et\/amigurumi-mustrid\/heegeldatud-kutsu-koristi\/#primaryimage"},"image":{"@id":"https:\/\/www.lilleliis.com\/et\/amigurumi-mustrid\/heegeldatud-kutsu-koristi\/#primaryimage"},"thumbnailUrl":"https:\/\/www.lilleliis.com\/wp-content\/uploads\/2017\/01\/2.jpg","datePublished":"2017-11-01T14:43:45+00:00","dateModified":"2018-11-30T17:03:49+00:00","description":"Heegelda ise armas kutsu k\u00f5risti beebile. Puuvillasest l\u00f5ngast saad eriti lapse- ja ihus\u00f5braliku m\u00e4nguasja. Tasuta \u00f5petus.","breadcrumb":{"@id":"https:\/\/www.lilleliis.com\/et\/amigurumi-mustrid\/heegeldatud-kutsu-koristi\/#breadcrumb"},"inLanguage":"et","potentialAction":[{"@type":"ReadAction","target":["https:\/\/www.lilleliis.com\/et\/amigurumi-mustrid\/heegeldatud-kutsu-koristi\/"]}]},{"@type":"ImageObject","inLanguage":"et","@id":"https:\/\/www.lilleliis.com\/et\/amigurumi-mustrid\/heegeldatud-kutsu-koristi\/#primaryimage","url":"https:\/\/www.lilleliis.com\/wp-content\/uploads\/2017\/01\/2.jpg","contentUrl":"https:\/\/www.lilleliis.com\/wp-content\/uploads\/2017\/01\/2.jpg","width":400,"height":400,"caption":"Puppy rattle"},{"@type":"BreadcrumbList","@id":"https:\/\/www.lilleliis.com\/et\/amigurumi-mustrid\/heegeldatud-kutsu-koristi\/#breadcrumb","itemListElement":[{"@type":"ListItem","position":1,"name":"Home","item":"https:\/\/www.lilleliis.com\/et\/"},{"@type":"ListItem","position":2,"name":"Tasuta mustrid","item":"https:\/\/www.lilleliis.com\/et\/amigurumi-crochet-freebies\/"},{"@type":"ListItem","position":3,"name":"Kutsu k\u00f5risti"}]},{"@type":"WebSite","@id":"https:\/\/www.lilleliis.com\/et\/#website","url":"https:\/\/www.lilleliis.com\/et\/","name":"lilleliis","description":"Amigurumi m\u00e4nguasjad ja mustrid","potentialAction":[{"@type":"SearchAction","target":{"@type":"EntryPoint","urlTemplate":"https:\/\/www.lilleliis.com\/et\/?s={search_term_string}"},"query-input":{"@type":"PropertyValueSpecification","valueRequired":true,"valueName":"search_term_string"}}],"inLanguage":"et"}]}},"_links":{"self":[{"href":"https:\/\/www.lilleliis.com\/et\/wp-json\/wp\/v2\/pages\/45193","targetHints":{"allow":["GET"]}}],"collection":[{"href":"https:\/\/www.lilleliis.com\/et\/wp-json\/wp\/v2\/pages"}],"about":[{"href":"https:\/\/www.lilleliis.com\/et\/wp-json\/wp\/v2\/types\/page"}],"author":[{"embeddable":true,"href":"https:\/\/www.lilleliis.com\/et\/wp-json\/wp\/v2\/users\/3"}],"replies":[{"embeddable":true,"href":"https:\/\/www.lilleliis.com\/et\/wp-json\/wp\/v2\/comments?post=45193"}],"version-history":[{"count":4,"href":"https:\/\/www.lilleliis.com\/et\/wp-json\/wp\/v2\/pages\/45193\/revisions"}],"predecessor-version":[{"id":45386,"href":"https:\/\/www.lilleliis.com\/et\/wp-json\/wp\/v2\/pages\/45193\/revisions\/45386"}],"up":[{"embeddable":true,"href":"https:\/\/www.lilleliis.com\/et\/wp-json\/wp\/v2\/pages\/31200"}],"wp:featuredmedia":[{"embeddable":true,"href":"https:\/\/www.lilleliis.com\/et\/wp-json\/wp\/v2\/media\/39226"}],"wp:attachment":[{"href":"https:\/\/www.lilleliis.com\/et\/wp-json\/wp\/v2\/media?parent=45193"}],"curies":[{"name":"wp","href":"https:\/\/api.w.org\/{rel}","templated":true}]}}