{"id":46097,"date":"2018-01-03T15:24:05","date_gmt":"2018-01-03T15:24:05","guid":{"rendered":"http:\/\/www.lilleliis.com\/etettasuta-opetus\/munakujuline-kass\/"},"modified":"2018-12-06T11:50:04","modified_gmt":"2018-12-06T11:50:04","slug":"heegeldatud-munakujuline-kass","status":"publish","type":"page","link":"https:\/\/www.lilleliis.com\/et\/amigurumi-mustrid\/heegeldatud-munakujuline-kass\/","title":{"rendered":"Munakujuline kass"},"content":{"rendered":"  <div id=\"page-header-282910956\" class=\"page-header-wrapper\">\n  <div class=\"page-title dark simple-title\">\n\n        <div class=\"page-title-bg\">\n      <div class=\"title-bg fill bg-fill\"\n        data-parallax-container=\".page-title\"\n        data-parallax-background\n        data-parallax=\"-\">\n      <\/div>\n      <div class=\"title-overlay fill\"><\/div>\n    <\/div>\n    \n    <div class=\"page-title-inner container align-center text-center flex-row-col medium-flex-wrap\" >\n              <div class=\"title-wrapper uppercase is-large flex-col\">\n          <h1 class=\"entry-title mb-0\">\n            Munakujuline kass          <\/h1>\n        <\/div>\n                <div class=\"page-title-sub op-7 flex-col\">\n          <p class=\"lead\">lilleliisi amigurumi \u00f5petus<\/p>\n        <\/div>\n                    <div class=\"title-content flex-col\">\n        <div class=\"title-breadcrumbs pb-half pt-half\"><nav class=\"woocommerce-breadcrumb breadcrumbs uppercase\" aria-label=\"Breadcrumb\">Esileht<\/nav><\/div>      <\/div>\n    <\/div>\n\n     \n<style>\n#page-header-282910956 .page-title-inner {\n  min-height: 400px;\n}\n#page-header-282910956 {\n  margin-bottom: 20px;\n}\n#page-header-282910956 .title-bg {\n  background-image: url(https:\/\/www.lilleliis.com\/wp-content\/uploads\/2017\/12\/DSC_5504.jpg);\n}\n<\/style>\n  <\/div>\n    <\/div>\n  \n<p>Imelihtne ja l\u00f5bus munakujuline kass. Tal pole k\u00e4ppasid, kuid see-eest on tal vahva triibuline keha ja uhke pikk saba. Kui pistad sisse metallist v\u00f5i plastimassist k\u00f5rina sisu, saad sellest toreda k\u00f5riseva beebilelu. Suurep\u00e4rane m\u00e4nguasi beebidele ja p\u00e4ris ehtsatele kassidele!<\/p>\n<p>Suurus: 10 cm<\/p>\n<p>Raskusaste: lihtne<\/p>\n\n  \n    <div class=\"row large-columns-5 medium-columns-3 small-columns-2\" >\n  <div class=\"gallery-col col\" data-animate=\"bounceIn\">\n          <div class=\"col-inner\">\n            <a class=\"image-lightbox lightbox-gallery\" href=\"https:\/\/www.lilleliis.com\/wp-content\/uploads\/2017\/12\/DSC_5519-1200x800.jpg\" title=\"\">            <div class=\"box has-hover gallery-box box-overlay dark\">\n              <div class=\"box-image image-cover\" style=\"padding-top:100%;\">\n                <img loading=\"lazy\" decoding=\"async\" width=\"600\" height=\"400\" src=\"https:\/\/www.lilleliis.com\/wp-content\/uploads\/2017\/12\/DSC_5519-600x400.jpg\" class=\"attachment-medium size-medium\" alt=\"\" ids=\"45741,45735,45737,45739,45733\" columns=\"5\" animate=\"bounceIn\" image_height=\"100%\" srcset=\"https:\/\/www.lilleliis.com\/wp-content\/uploads\/2017\/12\/DSC_5519-600x400.jpg 600w, https:\/\/www.lilleliis.com\/wp-content\/uploads\/2017\/12\/DSC_5519-768x512.jpg 768w, https:\/\/www.lilleliis.com\/wp-content\/uploads\/2017\/12\/DSC_5519-1200x800.jpg 1200w, https:\/\/www.lilleliis.com\/wp-content\/uploads\/2017\/12\/DSC_5519-510x340.jpg 510w, https:\/\/www.lilleliis.com\/wp-content\/uploads\/2017\/12\/DSC_5519.jpg 1500w\" sizes=\"auto, (max-width: 600px) 100vw, 600px\" \/>                                  <div class=\"overlay fill\"\n                      style=\"background-color: rgba(0,0,0,.15)\">\n                  <\/div>\n                                                              <\/div>\n              <div class=\"box-text text-left\" >\n                 <p><\/p>\n              <\/div>\n            <\/div>\n            <\/a>          <\/div>\n         <\/div><div class=\"gallery-col col\" data-animate=\"bounceIn\">\n          <div class=\"col-inner\">\n            <a class=\"image-lightbox lightbox-gallery\" href=\"https:\/\/www.lilleliis.com\/wp-content\/uploads\/2017\/12\/DSC_5512-1200x800.jpg\" title=\"\">            <div class=\"box has-hover gallery-box box-overlay dark\">\n              <div class=\"box-image image-cover\" style=\"padding-top:100%;\">\n                <img loading=\"lazy\" decoding=\"async\" width=\"600\" height=\"400\" src=\"https:\/\/www.lilleliis.com\/wp-content\/uploads\/2017\/12\/DSC_5512-600x400.jpg\" class=\"attachment-medium size-medium\" alt=\"\" ids=\"45741,45735,45737,45739,45733\" columns=\"5\" animate=\"bounceIn\" image_height=\"100%\" srcset=\"https:\/\/www.lilleliis.com\/wp-content\/uploads\/2017\/12\/DSC_5512-600x400.jpg 600w, https:\/\/www.lilleliis.com\/wp-content\/uploads\/2017\/12\/DSC_5512-768x512.jpg 768w, https:\/\/www.lilleliis.com\/wp-content\/uploads\/2017\/12\/DSC_5512-1200x800.jpg 1200w, https:\/\/www.lilleliis.com\/wp-content\/uploads\/2017\/12\/DSC_5512-510x340.jpg 510w, https:\/\/www.lilleliis.com\/wp-content\/uploads\/2017\/12\/DSC_5512.jpg 1500w\" sizes=\"auto, (max-width: 600px) 100vw, 600px\" \/>                                  <div class=\"overlay fill\"\n                      style=\"background-color: rgba(0,0,0,.15)\">\n                  <\/div>\n                                                              <\/div>\n              <div class=\"box-text text-left\" >\n                 <p><\/p>\n              <\/div>\n            <\/div>\n            <\/a>          <\/div>\n         <\/div><div class=\"gallery-col col\" data-animate=\"bounceIn\">\n          <div class=\"col-inner\">\n            <a class=\"image-lightbox lightbox-gallery\" href=\"https:\/\/www.lilleliis.com\/wp-content\/uploads\/2017\/12\/DSC_5515-1200x800.jpg\" title=\"\">            <div class=\"box has-hover gallery-box box-overlay dark\">\n              <div class=\"box-image image-cover\" style=\"padding-top:100%;\">\n                <img loading=\"lazy\" decoding=\"async\" width=\"600\" height=\"400\" src=\"https:\/\/www.lilleliis.com\/wp-content\/uploads\/2017\/12\/DSC_5515-600x400.jpg\" class=\"attachment-medium size-medium\" alt=\"\" ids=\"45741,45735,45737,45739,45733\" columns=\"5\" animate=\"bounceIn\" image_height=\"100%\" srcset=\"https:\/\/www.lilleliis.com\/wp-content\/uploads\/2017\/12\/DSC_5515-600x400.jpg 600w, https:\/\/www.lilleliis.com\/wp-content\/uploads\/2017\/12\/DSC_5515-768x512.jpg 768w, https:\/\/www.lilleliis.com\/wp-content\/uploads\/2017\/12\/DSC_5515-1200x800.jpg 1200w, https:\/\/www.lilleliis.com\/wp-content\/uploads\/2017\/12\/DSC_5515-510x340.jpg 510w, https:\/\/www.lilleliis.com\/wp-content\/uploads\/2017\/12\/DSC_5515.jpg 1500w\" sizes=\"auto, (max-width: 600px) 100vw, 600px\" \/>                                  <div class=\"overlay fill\"\n                      style=\"background-color: rgba(0,0,0,.15)\">\n                  <\/div>\n                                                              <\/div>\n              <div class=\"box-text text-left\" >\n                 <p><\/p>\n              <\/div>\n            <\/div>\n            <\/a>          <\/div>\n         <\/div><div class=\"gallery-col col\" data-animate=\"bounceIn\">\n          <div class=\"col-inner\">\n            <a class=\"image-lightbox lightbox-gallery\" href=\"https:\/\/www.lilleliis.com\/wp-content\/uploads\/2017\/12\/DSC_5517-533x800.jpg\" title=\"\">            <div class=\"box has-hover gallery-box box-overlay dark\">\n              <div class=\"box-image image-cover\" style=\"padding-top:100%;\">\n                <img loading=\"lazy\" decoding=\"async\" width=\"267\" height=\"400\" src=\"https:\/\/www.lilleliis.com\/wp-content\/uploads\/2017\/12\/DSC_5517-267x400.jpg\" class=\"attachment-medium size-medium\" alt=\"\" ids=\"45741,45735,45737,45739,45733\" columns=\"5\" animate=\"bounceIn\" image_height=\"100%\" srcset=\"https:\/\/www.lilleliis.com\/wp-content\/uploads\/2017\/12\/DSC_5517-267x400.jpg 267w, https:\/\/www.lilleliis.com\/wp-content\/uploads\/2017\/12\/DSC_5517-768x1152.jpg 768w, https:\/\/www.lilleliis.com\/wp-content\/uploads\/2017\/12\/DSC_5517-533x800.jpg 533w, https:\/\/www.lilleliis.com\/wp-content\/uploads\/2017\/12\/DSC_5517-510x765.jpg 510w, https:\/\/www.lilleliis.com\/wp-content\/uploads\/2017\/12\/DSC_5517.jpg 1000w\" sizes=\"auto, (max-width: 267px) 100vw, 267px\" \/>                                  <div class=\"overlay fill\"\n                      style=\"background-color: rgba(0,0,0,.15)\">\n                  <\/div>\n                                                              <\/div>\n              <div class=\"box-text text-left\" >\n                 <p><\/p>\n              <\/div>\n            <\/div>\n            <\/a>          <\/div>\n         <\/div><div class=\"gallery-col col\" data-animate=\"bounceIn\">\n          <div class=\"col-inner\">\n            <a class=\"image-lightbox lightbox-gallery\" href=\"https:\/\/www.lilleliis.com\/wp-content\/uploads\/2017\/12\/DSC_5504-1200x800.jpg\" title=\"\">            <div class=\"box has-hover gallery-box box-overlay dark\">\n              <div class=\"box-image image-cover\" style=\"padding-top:100%;\">\n                <img loading=\"lazy\" decoding=\"async\" width=\"600\" height=\"400\" src=\"https:\/\/www.lilleliis.com\/wp-content\/uploads\/2017\/12\/DSC_5504-600x400.jpg\" class=\"attachment-medium size-medium\" alt=\"\" ids=\"45741,45735,45737,45739,45733\" columns=\"5\" animate=\"bounceIn\" image_height=\"100%\" srcset=\"https:\/\/www.lilleliis.com\/wp-content\/uploads\/2017\/12\/DSC_5504-600x400.jpg 600w, https:\/\/www.lilleliis.com\/wp-content\/uploads\/2017\/12\/DSC_5504-768x512.jpg 768w, https:\/\/www.lilleliis.com\/wp-content\/uploads\/2017\/12\/DSC_5504-1200x800.jpg 1200w, https:\/\/www.lilleliis.com\/wp-content\/uploads\/2017\/12\/DSC_5504-510x340.jpg 510w, https:\/\/www.lilleliis.com\/wp-content\/uploads\/2017\/12\/DSC_5504.jpg 1500w\" sizes=\"auto, (max-width: 600px) 100vw, 600px\" \/>                                  <div class=\"overlay fill\"\n                      style=\"background-color: rgba(0,0,0,.15)\">\n                  <\/div>\n                                                              <\/div>\n              <div class=\"box-text text-left\" >\n                 <p><\/p>\n              <\/div>\n            <\/div>\n            <\/a>          <\/div>\n         <\/div><\/div>\n<hr \/>\n<p class=\"uppercase\"><span style=\"font-size: 80%;\" data-text-color=\"secondary\">LILLELIISI M\u00c4NGUASJAD VALMIVAD ORIGINAALLOOMINGUNA. M\u00c4NGUASJADE KUJUNDAMISELE, \u00d5PETUSTE KIRJUTAMISELE, PILDISTAMISELE JA S\u00d5BRALIKU TEENINDUSE PAKKUMISELE KULUB PALJU AEGA JA ENERGIAT. SEEP\u00c4RAST OLEKS MUL HEA MEEL, KUI VASTUTASUKS \u00d5PETUSE KASUTAMISE EEST LISAKSID TOODETELE V\u00d5I FOTODELE (BLOGIS, FACEBOOKIS V\u00d5I KUI IGANES MUJAL) VIITE MINU KODULEHELE.<\/span><\/p>\n<h5 class=\"uppercase\"><span style=\"font-size: 80%;\" data-text-color=\"secondary\">\u00a9 COPYRIGHT<\/span><br \/>\n<span style=\"font-size: 80%;\" data-text-color=\"secondary\">*VALMIS TOODETE M\u00dc\u00dcMINE ON LUBATUD, KUID ENNE\u00a0<a title=\"Copyright\" href=\"https:\/\/www.lilleliis.com\/et\/copyright\/\">LOE L\u00c4HEMALT TINGIMUSTEST<\/a>.<\/span><br \/>\n<span style=\"font-size: 80%;\" data-text-color=\"secondary\">*\u00d5PETUST ON KEELATUD JAGADA V\u00d5I M\u00dc\u00dcA.<\/span><\/h5>\n<hr \/>\n<p><strong>Vaja l\u00e4heb:<\/strong><\/p>\n<ul>\n<li>4 tooni l\u00f5nga \u2013 mina kasutasin 100% meriinovilla (BBB Filati\u00a0<em>Full<\/em><i>; 5<\/i>0 g \/ 90 m) &#8211; sinine, kollane, tumeroosa, heleroosa<\/li>\n<li>heegeln\u00f5ela 3 mm<\/li>\n<li>pol\u00fcester kerakiudu (sobib ka puruks rebitud vatiin v\u00f5i t\u00e4itematerjal m\u00f5ne vana padja seest)<\/li>\n<li>turvasilmi (\u00d8 6 mm)<\/li>\n<li>musta iirisniiti vurrude jaoks<\/li>\n<li>sukan\u00f5ela<\/li>\n<\/ul>\n<p><strong>Tingm\u00e4rgid:<\/strong><br \/>\nah \u2013 ahelsilmus, ks \u2013 kinnissilmus<\/p>\n<hr \/>\n<ul>\n<li>\n<h6><strong>K\u00d5IK DETAILID HEEGELDATAKSE RINGSELT, ILMA RIDU \u00dcHENDAMATA.<\/strong><\/h6>\n<\/li>\n<li>\n<h6><strong>HEA ON KASUTADA SILMUSEM\u00c4RKIJAT V\u00d5I L\u00dcHIKEST L\u00d5NGAJUPPI, ET T\u00c4HISTADA \u00c4RA IGA UUE RINGI ALGUS.<\/strong><\/h6>\n<\/li>\n<li>\n<h6><strong>KOKKU\u00d5MBLEMISE H\u00d5LBUSTAMISEKS J\u00c4TA IGA DETAILI L\u00d5PPU PIKK L\u00d5NGASABA.<\/strong><\/h6>\n<\/li>\n<\/ul>\n<hr \/>\n<h6><strong style=\"color: #555555; font-size: 14.4px;\"><u>PEA JA KEHA<\/u><\/strong><\/h6>\n<p>Heegelda \u00fches t\u00fckis \u00fclevalt alla.<\/p>\n<p>1: <strong>Sinine<\/strong>. Heegelda 6 ks v\u00f5luringi\u00a0[6]\n<p>2: 2 ks igasse ks-sse [12]\n<p>3: (1 x ks, 2 ks j\u00e4rgmisse ks-sse) 6 korda [18]\n<p>4: ( 2 x ks, 2 ks j\u00e4rgmisse ks-sse) 6 korda [24]\n<p>5: ( 3 x ks, 2 ks j\u00e4rgmisse ks-sse) 6 korda [30]\n<p>6:\u00a01 ks igasse ks-sse<\/p>\n<p>7: ( 4 x ks, 2 ks j\u00e4rgmisse ks-sse) 6 korda [36]\n<p>8-12: 1 ks igasse ks-sse<\/p>\n<p>13: ( 5 x ks, 2 ks j\u00e4rgmisse ks-sse) 6 korda [42]\n<p>14: 1 ks igasse ks-sse<\/p>\n<p>15: <strong>Kollane<\/strong>. 1 ks igasse ks-sse<\/p>\n<p>16-17: <strong>Sinine<\/strong>. 1 ks igasse ks-sse<\/p>\n<p>Kinnita turvasilmad 7. ja 8. ringi vahele. Silmade vahekaugus teineteisest peaks olema 4 ava, lugedes nii, et \u00fcks silm asub avas nr 1 ja teine avas nr 4. Sulge turvakinnitused t\u00f6\u00f6 sisek\u00fcljelt.<\/p>\n<p>18: ( 6 x ks, 2 ks j\u00e4rgmisse ks-sse) 6 korda [48]\n<p>19: <strong>Tumeroosa<\/strong>. 1 ks igasse ks-sse<\/p>\n<p>20: <b>Sinine<\/b>. 1 ks igasse ks-sse<\/p>\n<p>21: <strong>Hele<\/strong><strong>roosa<\/strong>. 1 ks igasse ks-sse<\/p>\n<p>22-23: <b>Sinine<\/b>. 1 ks igasse ks-sse<\/p>\n<p>24: <b>Kollane<\/b>. 1 ks igasse ks-sse<\/p>\n<p>25: <strong>Sinine<\/strong>. (6 x ks, heegelda 2 ks kokku) 6 korda [42]\n<p>26: (5 x ks, heegelda 2 ks kokku) 6 korda [36]\n<p>T\u00e4ida keha ning lisa t\u00e4itematerjali ka t\u00f6\u00f6 j\u00e4tkudes.<\/p>\n<p>27: (4 x ks, heegelda 2 ks kokku) 6 korda [30]\n<p>28: (3 x ks, heegelda 2 ks kokku) 6 korda [24]\n<p>29: (2 x ks, heegelda 2 ks kokku) 6 korda [18]\n<p>30: (1 x ks, heegelda 2 ks kokku) 6 korda [12]\n<p>31: (Heegelda 2 ks kokku) 6 korda [6]\n<p>J\u00e4ta l\u00f5petamiseks l\u00fchike l\u00f5ngasaba. Sulge ava, viies l\u00f5ng sukan\u00f5ela abiga l\u00e4bi k\u00f5igi kuue silmuse eesmise ava. S\u00f5lmi ja peida l\u00f5ngasabad.<\/p>\n<p><strong><u>K\u00d5RV<\/u><\/strong> (tee 2)<\/p>\n<p>Tee \u00fcks <strong>heleroosa<\/strong> ja teine <strong>tumeroosa<\/strong>.<\/p>\n<p>1: Heegelda 6 ks v\u00f5luringi\u00a0[6]\n<p>2:\u00a0(1 x ks, 2 ks j\u00e4rgmisse ks-sse) 3 korda [9]\n<p>3:\u00a01 ks igasse ks-sse<\/p>\n<p>4: ( 2 x ks, 2 ks j\u00e4rgmisse ks-sse) 3 korda [12]\n<p>5:\u00a01 ks igasse ks-sse<\/p>\n<p>J\u00e4ta \u00f5mblemiseks pikk l\u00f5ngasaba. Vajuta k\u00f5rvad lamedaks ja \u00f5mble pea k\u00fclge, j\u00e4ttes 3 ringi pealael olevast v\u00f5luringist kummalegi poole vabaks.<\/p>\n<p>Tiki\u00a0<strong>tumeroosa<\/strong> l\u00f5ngaga nina ja (musta) niidiga vurrud.<\/p>\n<p><b><u>SABA<\/u><\/b><\/p>\n<p>1: Heegelda 9 ks v\u00f5luringi\u00a0[9]\n<p>2-30:\u00a01 ks igasse ks-sse<\/p>\n<p>Alusta saba t\u00e4itmist juba peale m\u00f5ningate ringide heegeldamist ning j\u00e4tka kuni l\u00f5puni.<\/p>\n<p>J\u00e4ta \u00f5mblemiseks pikk l\u00f5ngasaba. Vajuta saba l\u00f5pp lamedaks ja \u00f5mble m\u00f5ningate pistetega kinni. Kinnita saba keha tagak\u00fcljele, keskele.<\/p>\n","protected":false},"excerpt":{"rendered":"<p>Imelihtne ja l\u00f5bus munakujuline kass. Tal pole k\u00e4ppasid, kuid see-eest on tal vahva triibuline keha ja uhke pikk saba. Kui pistad sisse metallist v\u00f5i plastimassist k\u00f5rina sisu, saad sellest toreda k\u00f5riseva beebilelu. Suurep\u00e4rane m\u00e4nguasi beebidele ja p\u00e4ris ehtsatele kassidele! Suurus: 10 cm Raskusaste: lihtne LILLELIISI M\u00c4NGUASJAD VALMIVAD ORIGINAALLOOMINGUNA. M\u00c4NGUASJADE KUJUNDAMISELE, \u00d5PETUSTE KIRJUTAMISELE, PILDISTAMISELE JA S\u00d5BRALIKU [&#8230;]\n","protected":false},"author":3,"featured_media":46086,"parent":31200,"menu_order":0,"comment_status":"closed","ping_status":"closed","template":"","meta":{"footnotes":""},"class_list":["post-46097","page","type-page","status-publish","has-post-thumbnail","hentry"],"yoast_head":"<!-- This site is optimized with the Yoast SEO plugin v27.3 - https:\/\/yoast.com\/product\/yoast-seo-wordpress\/ -->\n<title>Heegeldatud munakujuline kass | Tasuta k\u00e4sit\u00f6\u00f6 mustrid | lilleliis<\/title>\n<meta name=\"description\" content=\"Heegelda ise lihtne ja l\u00f5bus munakujuline kass. Vahva m\u00e4nguasi beebidele, millest saab k\u00f5rina sisu abil teha ka k\u00f5risti. \u00d5petus on tasuta.\" \/>\n<meta name=\"robots\" content=\"index, follow, max-snippet:-1, max-image-preview:large, max-video-preview:-1\" \/>\n<link rel=\"canonical\" href=\"https:\/\/www.lilleliis.com\/et\/amigurumi-mustrid\/heegeldatud-munakujuline-kass\/\" \/>\n<meta property=\"og:locale\" content=\"et_EE\" \/>\n<meta property=\"og:type\" content=\"article\" \/>\n<meta property=\"og:title\" content=\"Heegeldatud munakujuline kass | Tasuta k\u00e4sit\u00f6\u00f6 mustrid | lilleliis\" \/>\n<meta property=\"og:description\" content=\"Heegelda ise lihtne ja l\u00f5bus munakujuline kass. Vahva m\u00e4nguasi beebidele, millest saab k\u00f5rina sisu abil teha ka k\u00f5risti. \u00d5petus on tasuta.\" \/>\n<meta property=\"og:url\" content=\"https:\/\/www.lilleliis.com\/et\/amigurumi-mustrid\/heegeldatud-munakujuline-kass\/\" \/>\n<meta property=\"og:site_name\" content=\"lilleliis\" \/>\n<meta property=\"article:publisher\" content=\"https:\/\/www.facebook.com\/lilleliis-283266335035799\/\" \/>\n<meta property=\"article:modified_time\" content=\"2018-12-06T11:50:04+00:00\" \/>\n<meta property=\"og:image\" content=\"https:\/\/www.lilleliis.com\/wp-content\/uploads\/2018\/01\/Egg-shaped-cat.jpg\" \/>\n\t<meta property=\"og:image:width\" content=\"400\" \/>\n\t<meta property=\"og:image:height\" content=\"400\" \/>\n\t<meta property=\"og:image:type\" content=\"image\/jpeg\" \/>\n<meta name=\"twitter:card\" content=\"summary_large_image\" \/>\n<meta name=\"twitter:label1\" content=\"Est. reading time\" \/>\n\t<meta name=\"twitter:data1\" content=\"3 minutes\" \/>\n<script type=\"application\/ld+json\" class=\"yoast-schema-graph\">{\"@context\":\"https:\\\/\\\/schema.org\",\"@graph\":[{\"@type\":\"WebPage\",\"@id\":\"https:\\\/\\\/www.lilleliis.com\\\/et\\\/amigurumi-mustrid\\\/heegeldatud-munakujuline-kass\\\/\",\"url\":\"https:\\\/\\\/www.lilleliis.com\\\/et\\\/amigurumi-mustrid\\\/heegeldatud-munakujuline-kass\\\/\",\"name\":\"Heegeldatud munakujuline kass | Tasuta k\u00e4sit\u00f6\u00f6 mustrid | lilleliis\",\"isPartOf\":{\"@id\":\"https:\\\/\\\/www.lilleliis.com\\\/et\\\/#website\"},\"primaryImageOfPage\":{\"@id\":\"https:\\\/\\\/www.lilleliis.com\\\/et\\\/amigurumi-mustrid\\\/heegeldatud-munakujuline-kass\\\/#primaryimage\"},\"image\":{\"@id\":\"https:\\\/\\\/www.lilleliis.com\\\/et\\\/amigurumi-mustrid\\\/heegeldatud-munakujuline-kass\\\/#primaryimage\"},\"thumbnailUrl\":\"https:\\\/\\\/www.lilleliis.com\\\/wp-content\\\/uploads\\\/2018\\\/01\\\/Egg-shaped-cat.jpg\",\"datePublished\":\"2018-01-03T15:24:05+00:00\",\"dateModified\":\"2018-12-06T11:50:04+00:00\",\"description\":\"Heegelda ise lihtne ja l\u00f5bus munakujuline kass. Vahva m\u00e4nguasi beebidele, millest saab k\u00f5rina sisu abil teha ka k\u00f5risti. \u00d5petus on tasuta.\",\"breadcrumb\":{\"@id\":\"https:\\\/\\\/www.lilleliis.com\\\/et\\\/amigurumi-mustrid\\\/heegeldatud-munakujuline-kass\\\/#breadcrumb\"},\"inLanguage\":\"et\",\"potentialAction\":[{\"@type\":\"ReadAction\",\"target\":[\"https:\\\/\\\/www.lilleliis.com\\\/et\\\/amigurumi-mustrid\\\/heegeldatud-munakujuline-kass\\\/\"]}]},{\"@type\":\"ImageObject\",\"inLanguage\":\"et\",\"@id\":\"https:\\\/\\\/www.lilleliis.com\\\/et\\\/amigurumi-mustrid\\\/heegeldatud-munakujuline-kass\\\/#primaryimage\",\"url\":\"https:\\\/\\\/www.lilleliis.com\\\/wp-content\\\/uploads\\\/2018\\\/01\\\/Egg-shaped-cat.jpg\",\"contentUrl\":\"https:\\\/\\\/www.lilleliis.com\\\/wp-content\\\/uploads\\\/2018\\\/01\\\/Egg-shaped-cat.jpg\",\"width\":400,\"height\":400,\"caption\":\"Egg-shaped cat\"},{\"@type\":\"BreadcrumbList\",\"@id\":\"https:\\\/\\\/www.lilleliis.com\\\/et\\\/amigurumi-mustrid\\\/heegeldatud-munakujuline-kass\\\/#breadcrumb\",\"itemListElement\":[{\"@type\":\"ListItem\",\"position\":1,\"name\":\"Home\",\"item\":\"https:\\\/\\\/www.lilleliis.com\\\/et\\\/\"},{\"@type\":\"ListItem\",\"position\":2,\"name\":\"Tasuta mustrid\",\"item\":\"https:\\\/\\\/www.lilleliis.com\\\/et\\\/amigurumi-crochet-freebies\\\/\"},{\"@type\":\"ListItem\",\"position\":3,\"name\":\"Munakujuline kass\"}]},{\"@type\":\"WebSite\",\"@id\":\"https:\\\/\\\/www.lilleliis.com\\\/et\\\/#website\",\"url\":\"https:\\\/\\\/www.lilleliis.com\\\/et\\\/\",\"name\":\"lilleliis\",\"description\":\"Amigurumi m\u00e4nguasjad ja mustrid\",\"potentialAction\":[{\"@type\":\"SearchAction\",\"target\":{\"@type\":\"EntryPoint\",\"urlTemplate\":\"https:\\\/\\\/www.lilleliis.com\\\/et\\\/?s={search_term_string}\"},\"query-input\":{\"@type\":\"PropertyValueSpecification\",\"valueRequired\":true,\"valueName\":\"search_term_string\"}}],\"inLanguage\":\"et\"}]}<\/script>\n<!-- \/ Yoast SEO plugin. -->","yoast_head_json":{"title":"Heegeldatud munakujuline kass | Tasuta k\u00e4sit\u00f6\u00f6 mustrid | lilleliis","description":"Heegelda ise lihtne ja l\u00f5bus munakujuline kass. Vahva m\u00e4nguasi beebidele, millest saab k\u00f5rina sisu abil teha ka k\u00f5risti. \u00d5petus on tasuta.","robots":{"index":"index","follow":"follow","max-snippet":"max-snippet:-1","max-image-preview":"max-image-preview:large","max-video-preview":"max-video-preview:-1"},"canonical":"https:\/\/www.lilleliis.com\/et\/amigurumi-mustrid\/heegeldatud-munakujuline-kass\/","og_locale":"et_EE","og_type":"article","og_title":"Heegeldatud munakujuline kass | Tasuta k\u00e4sit\u00f6\u00f6 mustrid | lilleliis","og_description":"Heegelda ise lihtne ja l\u00f5bus munakujuline kass. Vahva m\u00e4nguasi beebidele, millest saab k\u00f5rina sisu abil teha ka k\u00f5risti. \u00d5petus on tasuta.","og_url":"https:\/\/www.lilleliis.com\/et\/amigurumi-mustrid\/heegeldatud-munakujuline-kass\/","og_site_name":"lilleliis","article_publisher":"https:\/\/www.facebook.com\/lilleliis-283266335035799\/","article_modified_time":"2018-12-06T11:50:04+00:00","og_image":[{"width":400,"height":400,"url":"https:\/\/www.lilleliis.com\/wp-content\/uploads\/2018\/01\/Egg-shaped-cat.jpg","type":"image\/jpeg"}],"twitter_card":"summary_large_image","twitter_misc":{"Est. reading time":"3 minutes"},"schema":{"@context":"https:\/\/schema.org","@graph":[{"@type":"WebPage","@id":"https:\/\/www.lilleliis.com\/et\/amigurumi-mustrid\/heegeldatud-munakujuline-kass\/","url":"https:\/\/www.lilleliis.com\/et\/amigurumi-mustrid\/heegeldatud-munakujuline-kass\/","name":"Heegeldatud munakujuline kass | Tasuta k\u00e4sit\u00f6\u00f6 mustrid | lilleliis","isPartOf":{"@id":"https:\/\/www.lilleliis.com\/et\/#website"},"primaryImageOfPage":{"@id":"https:\/\/www.lilleliis.com\/et\/amigurumi-mustrid\/heegeldatud-munakujuline-kass\/#primaryimage"},"image":{"@id":"https:\/\/www.lilleliis.com\/et\/amigurumi-mustrid\/heegeldatud-munakujuline-kass\/#primaryimage"},"thumbnailUrl":"https:\/\/www.lilleliis.com\/wp-content\/uploads\/2018\/01\/Egg-shaped-cat.jpg","datePublished":"2018-01-03T15:24:05+00:00","dateModified":"2018-12-06T11:50:04+00:00","description":"Heegelda ise lihtne ja l\u00f5bus munakujuline kass. Vahva m\u00e4nguasi beebidele, millest saab k\u00f5rina sisu abil teha ka k\u00f5risti. \u00d5petus on tasuta.","breadcrumb":{"@id":"https:\/\/www.lilleliis.com\/et\/amigurumi-mustrid\/heegeldatud-munakujuline-kass\/#breadcrumb"},"inLanguage":"et","potentialAction":[{"@type":"ReadAction","target":["https:\/\/www.lilleliis.com\/et\/amigurumi-mustrid\/heegeldatud-munakujuline-kass\/"]}]},{"@type":"ImageObject","inLanguage":"et","@id":"https:\/\/www.lilleliis.com\/et\/amigurumi-mustrid\/heegeldatud-munakujuline-kass\/#primaryimage","url":"https:\/\/www.lilleliis.com\/wp-content\/uploads\/2018\/01\/Egg-shaped-cat.jpg","contentUrl":"https:\/\/www.lilleliis.com\/wp-content\/uploads\/2018\/01\/Egg-shaped-cat.jpg","width":400,"height":400,"caption":"Egg-shaped cat"},{"@type":"BreadcrumbList","@id":"https:\/\/www.lilleliis.com\/et\/amigurumi-mustrid\/heegeldatud-munakujuline-kass\/#breadcrumb","itemListElement":[{"@type":"ListItem","position":1,"name":"Home","item":"https:\/\/www.lilleliis.com\/et\/"},{"@type":"ListItem","position":2,"name":"Tasuta mustrid","item":"https:\/\/www.lilleliis.com\/et\/amigurumi-crochet-freebies\/"},{"@type":"ListItem","position":3,"name":"Munakujuline kass"}]},{"@type":"WebSite","@id":"https:\/\/www.lilleliis.com\/et\/#website","url":"https:\/\/www.lilleliis.com\/et\/","name":"lilleliis","description":"Amigurumi m\u00e4nguasjad ja mustrid","potentialAction":[{"@type":"SearchAction","target":{"@type":"EntryPoint","urlTemplate":"https:\/\/www.lilleliis.com\/et\/?s={search_term_string}"},"query-input":{"@type":"PropertyValueSpecification","valueRequired":true,"valueName":"search_term_string"}}],"inLanguage":"et"}]}},"_links":{"self":[{"href":"https:\/\/www.lilleliis.com\/et\/wp-json\/wp\/v2\/pages\/46097","targetHints":{"allow":["GET"]}}],"collection":[{"href":"https:\/\/www.lilleliis.com\/et\/wp-json\/wp\/v2\/pages"}],"about":[{"href":"https:\/\/www.lilleliis.com\/et\/wp-json\/wp\/v2\/types\/page"}],"author":[{"embeddable":true,"href":"https:\/\/www.lilleliis.com\/et\/wp-json\/wp\/v2\/users\/3"}],"replies":[{"embeddable":true,"href":"https:\/\/www.lilleliis.com\/et\/wp-json\/wp\/v2\/comments?post=46097"}],"version-history":[{"count":6,"href":"https:\/\/www.lilleliis.com\/et\/wp-json\/wp\/v2\/pages\/46097\/revisions"}],"predecessor-version":[{"id":51028,"href":"https:\/\/www.lilleliis.com\/et\/wp-json\/wp\/v2\/pages\/46097\/revisions\/51028"}],"up":[{"embeddable":true,"href":"https:\/\/www.lilleliis.com\/et\/wp-json\/wp\/v2\/pages\/31200"}],"wp:featuredmedia":[{"embeddable":true,"href":"https:\/\/www.lilleliis.com\/et\/wp-json\/wp\/v2\/media\/46086"}],"wp:attachment":[{"href":"https:\/\/www.lilleliis.com\/et\/wp-json\/wp\/v2\/media?parent=46097"}],"curies":[{"name":"wp","href":"https:\/\/api.w.org\/{rel}","templated":true}]}}