{"id":48884,"date":"2018-06-09T19:01:09","date_gmt":"2018-06-09T19:01:09","guid":{"rendered":"http:\/\/www.lilleliis.com\/crochet-power-t-sark\/"},"modified":"2018-06-09T19:18:07","modified_gmt":"2018-06-09T19:18:07","slug":"crochet-power-t-sark","status":"publish","type":"page","link":"https:\/\/www.lilleliis.com\/et\/crochet-power-t-sark\/","title":{"rendered":"&#8220;Crochet Power&#8221; T-s\u00e4rk"},"content":{"rendered":"<div class=\"wpb-content-wrapper\">[vc_row][vc_column][vc_column_text]\n<h3 style=\"text-align: center;\">&#8220;CROCHET POWER&#8221; T-S\u00c4RGID TELLIMISEL!<\/h3>\n<h4 style=\"text-align: center;\">S\u00e4rgid l\u00e4hevad t\u00f6\u00f6sse, kui kokku on v\u00e4hemalt 10 tellimust. Vali disain ja kontakteeru alloleva kontaktivormi kaudu.<\/h4>\n[\/vc_column_text][vc_separator][\/vc_column][\/vc_row][vc_row][vc_column width=&#8221;1\/3&#8243;][vc_single_image image=&#8221;48816&#8243; img_size=&#8221;full&#8221; alignment=&#8221;center&#8221; onclick=&#8221;img_link_large&#8221;][\/vc_column][vc_column width=&#8221;1\/3&#8243;][vc_single_image image=&#8221;48820&#8243; img_size=&#8221;full&#8221; alignment=&#8221;center&#8221; onclick=&#8221;img_link_large&#8221;][\/vc_column][vc_column width=&#8221;1\/3&#8243;][vc_column_text]\n<h3 class=\"uppercase\">Esimene kujundus<\/h3>\n<p>Mustal s\u00e4rgil on valge tekst, hallil s\u00e4rgil must tekst.<\/p>\n<p>S\u00e4rgi esik\u00fcljel on tekst:\u00a0&#8220;I`m almost like a normal woman, only with the magical crochet power&#8221;.<\/p>\n<p>Varrukal on lilleliisi logo.<\/p>\n<p>Hind: 18 eurot<\/p>\n<p>Suurused: S, M, L, XL<\/p>\n<p>Anna teada, kui soovid muud suurust v\u00f5i v\u00e4rvi.[\/vc_column_text][\/vc_column][\/vc_row][vc_row][vc_column][vc_separator][\/vc_column][\/vc_row][vc_row][vc_column width=&#8221;1\/3&#8243;][vc_column_text]\n<h3 class=\"uppercase\">TEIne kujundus<\/h3>\n<p>T-s\u00e4rk l\u00f5ngakera ja heegeln\u00f5ela kujutisega, lisaks kiri\u00a0&#8220;A woman with the magical crochet power&#8221;.<\/p>\n<p>Mustal s\u00e4rgil on valge tekst, hallil s\u00e4rgil must tekst.<\/p>\n<p>S\u00e4rgi esik\u00fcljel on tekst, varrukal lilleliisi logo.<\/p>\n<p>Hind: 18 eurot<\/p>\n<p>Suurused: S, M, L, XL<\/p>\n<p>Anna teada, kui soovid muud suurust v\u00f5i v\u00e4rvi.[\/vc_column_text][\/vc_column][vc_column width=&#8221;1\/3&#8243;][vc_single_image image=&#8221;48818&#8243; img_size=&#8221;full&#8221; alignment=&#8221;center&#8221; onclick=&#8221;img_link_large&#8221;][\/vc_column][vc_column width=&#8221;1\/3&#8243;][vc_single_image image=&#8221;48822&#8243; img_size=&#8221;full&#8221; alignment=&#8221;center&#8221; onclick=&#8221;img_link_large&#8221;][\/vc_column][\/vc_row][vc_row][vc_column][vc_column_text]\n<h3>TELLIMISEKS KIRJUTA<\/h3>\n[\/vc_column_text][contact-form-7 id=&#8221;42834&#8243;][\/vc_column][\/vc_row]\n<\/div>","protected":false},"excerpt":{"rendered":"[vc_row][vc_column][vc_column_text] &#8220;CROCHET POWER&#8221; T-S\u00c4RGID TELLIMISEL! S\u00e4rgid l\u00e4hevad t\u00f6\u00f6sse, kui kokku on v\u00e4hemalt 10 tellimust. Vali disain ja kontakteeru alloleva kontaktivormi kaudu. [\/vc_column_text][vc_separator][\/vc_column][\/vc_row][vc_row][vc_column width=&#8221;1\/3&#8243;][vc_single_image image=&#8221;48816&#8243; img_size=&#8221;full&#8221; alignment=&#8221;center&#8221; onclick=&#8221;img_link_large&#8221;][\/vc_column][vc_column width=&#8221;1\/3&#8243;][vc_single_image image=&#8221;48820&#8243; img_size=&#8221;full&#8221; alignment=&#8221;center&#8221; onclick=&#8221;img_link_large&#8221;][\/vc_column][vc_column width=&#8221;1\/3&#8243;][vc_column_text] Esimene kujundus Mustal s\u00e4rgil on valge tekst, hallil s\u00e4rgil must tekst. S\u00e4rgi esik\u00fcljel on tekst:\u00a0&#8220;I`m almost like a normal woman, only with [&#8230;]\n","protected":false},"author":3,"featured_media":0,"parent":0,"menu_order":0,"comment_status":"closed","ping_status":"closed","template":"","meta":{"footnotes":""},"class_list":["post-48884","page","type-page","status-publish","hentry"],"yoast_head":"<!-- This site is optimized with the Yoast SEO plugin v27.3 - https:\/\/yoast.com\/product\/yoast-seo-wordpress\/ -->\n<title>Telli endale &quot;Crochet Power&quot; T-s\u00e4rk - riided t\u00f5elisele heegelf\u00e4nnile<\/title>\n<meta name=\"description\" content=\"Telli endale &quot;Crochet Power&quot; T-s\u00e4rk! Erilise slogani ja kujundusega s\u00e4rgid t\u00f5elisele heegelf\u00e4nnile. Vali disain, suurus ja v\u00e4rv. Loe edasi.\" \/>\n<meta name=\"robots\" content=\"index, follow, max-snippet:-1, max-image-preview:large, max-video-preview:-1\" \/>\n<link rel=\"canonical\" href=\"https:\/\/www.lilleliis.com\/et\/crochet-power-t-sark\/\" \/>\n<meta property=\"og:locale\" content=\"et_EE\" \/>\n<meta property=\"og:type\" content=\"article\" \/>\n<meta property=\"og:title\" content=\"Telli endale &quot;Crochet Power&quot; T-s\u00e4rk - riided t\u00f5elisele heegelf\u00e4nnile\" \/>\n<meta property=\"og:description\" content=\"Telli endale &quot;Crochet Power&quot; T-s\u00e4rk! Erilise slogani ja kujundusega s\u00e4rgid t\u00f5elisele heegelf\u00e4nnile. Vali disain, suurus ja v\u00e4rv. Loe edasi.\" \/>\n<meta property=\"og:url\" content=\"https:\/\/www.lilleliis.com\/et\/crochet-power-t-sark\/\" \/>\n<meta property=\"og:site_name\" content=\"lilleliis\" \/>\n<meta property=\"article:publisher\" content=\"https:\/\/www.facebook.com\/lilleliis-283266335035799\/\" \/>\n<meta property=\"article:modified_time\" content=\"2018-06-09T19:18:07+00:00\" \/>\n<meta name=\"twitter:card\" content=\"summary_large_image\" \/>\n<meta name=\"twitter:label1\" content=\"Est. reading time\" \/>\n\t<meta name=\"twitter:data1\" content=\"1 minute\" \/>\n<script type=\"application\/ld+json\" class=\"yoast-schema-graph\">{\"@context\":\"https:\\\/\\\/schema.org\",\"@graph\":[{\"@type\":\"WebPage\",\"@id\":\"https:\\\/\\\/www.lilleliis.com\\\/et\\\/crochet-power-t-sark\\\/\",\"url\":\"https:\\\/\\\/www.lilleliis.com\\\/et\\\/crochet-power-t-sark\\\/\",\"name\":\"Telli endale \\\"Crochet Power\\\" T-s\u00e4rk - riided t\u00f5elisele heegelf\u00e4nnile\",\"isPartOf\":{\"@id\":\"https:\\\/\\\/www.lilleliis.com\\\/et\\\/#website\"},\"datePublished\":\"2018-06-09T19:01:09+00:00\",\"dateModified\":\"2018-06-09T19:18:07+00:00\",\"description\":\"Telli endale \\\"Crochet Power\\\" T-s\u00e4rk! Erilise slogani ja kujundusega s\u00e4rgid t\u00f5elisele heegelf\u00e4nnile. Vali disain, suurus ja v\u00e4rv. Loe edasi.\",\"breadcrumb\":{\"@id\":\"https:\\\/\\\/www.lilleliis.com\\\/et\\\/crochet-power-t-sark\\\/#breadcrumb\"},\"inLanguage\":\"et\",\"potentialAction\":[{\"@type\":\"ReadAction\",\"target\":[\"https:\\\/\\\/www.lilleliis.com\\\/et\\\/crochet-power-t-sark\\\/\"]}]},{\"@type\":\"BreadcrumbList\",\"@id\":\"https:\\\/\\\/www.lilleliis.com\\\/et\\\/crochet-power-t-sark\\\/#breadcrumb\",\"itemListElement\":[{\"@type\":\"ListItem\",\"position\":1,\"name\":\"Home\",\"item\":\"https:\\\/\\\/www.lilleliis.com\\\/et\\\/\"},{\"@type\":\"ListItem\",\"position\":2,\"name\":\"&#8220;Crochet Power&#8221; T-s\u00e4rk\"}]},{\"@type\":\"WebSite\",\"@id\":\"https:\\\/\\\/www.lilleliis.com\\\/et\\\/#website\",\"url\":\"https:\\\/\\\/www.lilleliis.com\\\/et\\\/\",\"name\":\"lilleliis\",\"description\":\"Amigurumi m\u00e4nguasjad ja mustrid\",\"potentialAction\":[{\"@type\":\"SearchAction\",\"target\":{\"@type\":\"EntryPoint\",\"urlTemplate\":\"https:\\\/\\\/www.lilleliis.com\\\/et\\\/?s={search_term_string}\"},\"query-input\":{\"@type\":\"PropertyValueSpecification\",\"valueRequired\":true,\"valueName\":\"search_term_string\"}}],\"inLanguage\":\"et\"}]}<\/script>\n<!-- \/ Yoast SEO plugin. -->","yoast_head_json":{"title":"Telli endale \"Crochet Power\" T-s\u00e4rk - riided t\u00f5elisele heegelf\u00e4nnile","description":"Telli endale \"Crochet Power\" T-s\u00e4rk! Erilise slogani ja kujundusega s\u00e4rgid t\u00f5elisele heegelf\u00e4nnile. Vali disain, suurus ja v\u00e4rv. Loe edasi.","robots":{"index":"index","follow":"follow","max-snippet":"max-snippet:-1","max-image-preview":"max-image-preview:large","max-video-preview":"max-video-preview:-1"},"canonical":"https:\/\/www.lilleliis.com\/et\/crochet-power-t-sark\/","og_locale":"et_EE","og_type":"article","og_title":"Telli endale \"Crochet Power\" T-s\u00e4rk - riided t\u00f5elisele heegelf\u00e4nnile","og_description":"Telli endale \"Crochet Power\" T-s\u00e4rk! Erilise slogani ja kujundusega s\u00e4rgid t\u00f5elisele heegelf\u00e4nnile. Vali disain, suurus ja v\u00e4rv. Loe edasi.","og_url":"https:\/\/www.lilleliis.com\/et\/crochet-power-t-sark\/","og_site_name":"lilleliis","article_publisher":"https:\/\/www.facebook.com\/lilleliis-283266335035799\/","article_modified_time":"2018-06-09T19:18:07+00:00","twitter_card":"summary_large_image","twitter_misc":{"Est. reading time":"1 minute"},"schema":{"@context":"https:\/\/schema.org","@graph":[{"@type":"WebPage","@id":"https:\/\/www.lilleliis.com\/et\/crochet-power-t-sark\/","url":"https:\/\/www.lilleliis.com\/et\/crochet-power-t-sark\/","name":"Telli endale \"Crochet Power\" T-s\u00e4rk - riided t\u00f5elisele heegelf\u00e4nnile","isPartOf":{"@id":"https:\/\/www.lilleliis.com\/et\/#website"},"datePublished":"2018-06-09T19:01:09+00:00","dateModified":"2018-06-09T19:18:07+00:00","description":"Telli endale \"Crochet Power\" T-s\u00e4rk! Erilise slogani ja kujundusega s\u00e4rgid t\u00f5elisele heegelf\u00e4nnile. Vali disain, suurus ja v\u00e4rv. Loe edasi.","breadcrumb":{"@id":"https:\/\/www.lilleliis.com\/et\/crochet-power-t-sark\/#breadcrumb"},"inLanguage":"et","potentialAction":[{"@type":"ReadAction","target":["https:\/\/www.lilleliis.com\/et\/crochet-power-t-sark\/"]}]},{"@type":"BreadcrumbList","@id":"https:\/\/www.lilleliis.com\/et\/crochet-power-t-sark\/#breadcrumb","itemListElement":[{"@type":"ListItem","position":1,"name":"Home","item":"https:\/\/www.lilleliis.com\/et\/"},{"@type":"ListItem","position":2,"name":"&#8220;Crochet Power&#8221; T-s\u00e4rk"}]},{"@type":"WebSite","@id":"https:\/\/www.lilleliis.com\/et\/#website","url":"https:\/\/www.lilleliis.com\/et\/","name":"lilleliis","description":"Amigurumi m\u00e4nguasjad ja mustrid","potentialAction":[{"@type":"SearchAction","target":{"@type":"EntryPoint","urlTemplate":"https:\/\/www.lilleliis.com\/et\/?s={search_term_string}"},"query-input":{"@type":"PropertyValueSpecification","valueRequired":true,"valueName":"search_term_string"}}],"inLanguage":"et"}]}},"_links":{"self":[{"href":"https:\/\/www.lilleliis.com\/et\/wp-json\/wp\/v2\/pages\/48884","targetHints":{"allow":["GET"]}}],"collection":[{"href":"https:\/\/www.lilleliis.com\/et\/wp-json\/wp\/v2\/pages"}],"about":[{"href":"https:\/\/www.lilleliis.com\/et\/wp-json\/wp\/v2\/types\/page"}],"author":[{"embeddable":true,"href":"https:\/\/www.lilleliis.com\/et\/wp-json\/wp\/v2\/users\/3"}],"replies":[{"embeddable":true,"href":"https:\/\/www.lilleliis.com\/et\/wp-json\/wp\/v2\/comments?post=48884"}],"version-history":[{"count":7,"href":"https:\/\/www.lilleliis.com\/et\/wp-json\/wp\/v2\/pages\/48884\/revisions"}],"predecessor-version":[{"id":48891,"href":"https:\/\/www.lilleliis.com\/et\/wp-json\/wp\/v2\/pages\/48884\/revisions\/48891"}],"wp:attachment":[{"href":"https:\/\/www.lilleliis.com\/et\/wp-json\/wp\/v2\/media?parent=48884"}],"curies":[{"name":"wp","href":"https:\/\/api.w.org\/{rel}","templated":true}]}}