{"id":50353,"date":"2018-10-21T10:47:37","date_gmt":"2018-10-21T10:47:37","guid":{"rendered":"https:\/\/www.lilleliis.com\/etettasuta-opetus\/heegeldatud-kaheksajalg\/"},"modified":"2025-12-09T16:45:24","modified_gmt":"2025-12-09T14:45:24","slug":"heegeldatud-kaheksajalg","status":"publish","type":"page","link":"https:\/\/www.lilleliis.com\/et\/amigurumi-mustrid\/heegeldatud-kaheksajalg\/","title":{"rendered":"Heegeldatud kaheksajalg"},"content":{"rendered":"  <div id=\"page-header-921195386\" class=\"page-header-wrapper\">\n  <div class=\"page-title dark divided-title\">\n\n        <div class=\"page-title-bg\">\n      <div class=\"title-bg fill bg-fill\"\n        data-parallax-container=\".page-title\"\n        data-parallax-background\n        data-parallax=\"-\">\n      <\/div>\n      <div class=\"title-overlay fill\"><\/div>\n    <\/div>\n    \n    <div class=\"page-title-inner container align-center text-center flex-row-col medium-flex-wrap\" >\n              <div class=\"title-wrapper uppercase is-larger flex-col\">\n          <h1 class=\"entry-title mb-0\">\n            heegeldatud kaheksajalg          <\/h1>\n        <\/div>\n                <div class=\"page-title-sub op-7 flex-col\">\n          <p class=\"lead\">Tasuta \u00f5petus<\/p>\n        <\/div>\n                    <div class=\"title-content flex-col\">\n        <div class=\"title-share pt-half pb-half\"><div class=\"social-icons share-icons share-row relative icon-style-outline\" ><a href=\"https:\/\/www.facebook.com\/sharer.php?u=https:\/\/www.lilleliis.com\/et\/amigurumi-mustrid\/heegeldatud-kaheksajalg\/\" data-label=\"Facebook\" onclick=\"window.open(this.href,this.title,'width=500,height=500,top=300px,left=300px'); return false;\" target=\"_blank\" class=\"icon button circle is-outline tooltip facebook\" title=\"Share on Facebook\" aria-label=\"Share on Facebook\" rel=\"noopener nofollow\"><i class=\"icon-facebook\" aria-hidden=\"true\"><\/i><\/a><a href=\"mailto:?subject=Heegeldatud%20kaheksajalg&body=Check%20this%20out%3A%20https%3A%2F%2Fwww.lilleliis.com%2Fet%2Famigurumi-mustrid%2Fheegeldatud-kaheksajalg%2F\" class=\"icon button circle is-outline tooltip email\" title=\"Email to a Friend\" aria-label=\"Email to a Friend\" rel=\"nofollow\"><i class=\"icon-envelop\" aria-hidden=\"true\"><\/i><\/a><a href=\"https:\/\/pinterest.com\/pin\/create\/button?url=https:\/\/www.lilleliis.com\/et\/amigurumi-mustrid\/heegeldatud-kaheksajalg\/&media=https:\/\/www.lilleliis.com\/wp-content\/uploads\/2018\/10\/DSC_6972-1.jpg&description=Heegeldatud%20kaheksajalg\" onclick=\"window.open(this.href,this.title,'width=500,height=500,top=300px,left=300px'); return false;\" target=\"_blank\" class=\"icon button circle is-outline tooltip pinterest\" title=\"Pin on Pinterest\" aria-label=\"Pin on Pinterest\" rel=\"noopener nofollow\"><i class=\"icon-pinterest\" aria-hidden=\"true\"><\/i><\/a><\/div><\/div>      <\/div>\n    <\/div>\n\n     \n<style>\n#page-header-921195386 .page-title-inner {\n  min-height: 500px;\n}\n#page-header-921195386 {\n  margin-bottom: 20px;\n}\n#page-header-921195386 .title-bg {\n  background-image: url(https:\/\/www.lilleliis.com\/wp-content\/uploads\/2018\/10\/DSC_6972.jpg);\n}\n<\/style>\n  <\/div>\n  <div class=\"container header-wrapper-divider\"><hr\/><\/div>  <\/div>\n  \n<p>Siin on minu versioon amigurumi kaheksajalast. Aga tahan teha suure kummarduse inimesele, kes esimest korda leiutas nende keerduvate heegeldatud jalgadega lahenduse. See on nii lihtne ja geniaalne!<\/p>\n<p>Minu kaheksajalg valmib ilma \u00f5mblusteta. Jalad heegeldasin keha k\u00fclge, mis teeb mustri m\u00f5nev\u00f5rra keerulisemaks, aga samas m\u00e4nguasja beebile turvalisemaks. Silmad on samuti just beebi ohutusele m\u00f5eldes tikitud.<\/p>\n<p>Kaheksajala v\u00f5ib valmistada \u00fcleni \u00fches toonis, aga veidi \u00e4gedam j\u00e4\u00e4b, kui satsilise krae jaoks kasutad kontrasttoonis l\u00f5nga. Kolmev\u00e4rviline variant on ka tore &#8211; sel juhul kasuta keha heegeldamiseks \u00fchte, kombitsate heegeldamiseks teist ja krae heegeldamiseks kolmandat tooni.<\/p>\n  <div class=\"banner-grid-wrapper\">\n  <div id=\"banner-grid-699423670\" class=\"banner-grid row row-grid row-small\" data-packery-options=\"\">\n                      \n<div class=\"col grid-col large-6 grid-col-1\" ><div class=\"col-inner\">\n\t<div class=\"img has-hover x md-x lg-x y md-y lg-y\" id=\"image_502321646\">\n\t\t<a class=\"image-lightbox lightbox-gallery\" title=\"\" href=\"https:\/\/www.lilleliis.com\/wp-content\/uploads\/2021\/03\/amigurumi-octopus-free-pattern-533x800.jpg\">\t\t\t\t\t\t<div class=\"img-inner dark\" >\n\t\t\t<img loading=\"lazy\" decoding=\"async\" width=\"533\" height=\"800\" src=\"https:\/\/www.lilleliis.com\/wp-content\/uploads\/2021\/03\/amigurumi-octopus-free-pattern-533x800.jpg\" class=\"attachment-large size-large\" alt=\"heegeldatud kaheksajalg tasuta \u00f5petus\" srcset=\"https:\/\/www.lilleliis.com\/wp-content\/uploads\/2021\/03\/amigurumi-octopus-free-pattern-533x800.jpg 533w, https:\/\/www.lilleliis.com\/wp-content\/uploads\/2021\/03\/amigurumi-octopus-free-pattern-267x400.jpg 267w, https:\/\/www.lilleliis.com\/wp-content\/uploads\/2021\/03\/amigurumi-octopus-free-pattern-768x1152.jpg 768w, https:\/\/www.lilleliis.com\/wp-content\/uploads\/2021\/03\/amigurumi-octopus-free-pattern-510x765.jpg 510w, https:\/\/www.lilleliis.com\/wp-content\/uploads\/2021\/03\/amigurumi-octopus-free-pattern.jpg 853w\" sizes=\"auto, (max-width: 533px) 100vw, 533px\" \/>\t\t\t\t\t\t\n\t\t\t\t\t<\/div>\n\t\t\t\t\t\t<\/a>\t\t\n<style>\n#image_502321646 {\n  width: 100%;\n}\n<\/style>\n\t<\/div>\n\t\n<\/div><\/div>\n<div class=\"col grid-col large-6 grid-col-1-2\" ><div class=\"col-inner\">\n\t<div class=\"img has-hover x md-x lg-x y md-y lg-y\" id=\"image_372170989\">\n\t\t<a class=\"image-lightbox lightbox-gallery\" title=\"\" href=\"https:\/\/www.lilleliis.com\/wp-content\/uploads\/2018\/10\/DSC_6972-1200x800.jpg\">\t\t\t\t\t\t<div class=\"img-inner dark\" >\n\t\t\t<img loading=\"lazy\" decoding=\"async\" width=\"1020\" height=\"680\" src=\"https:\/\/www.lilleliis.com\/wp-content\/uploads\/2018\/10\/DSC_6972-1200x800.jpg\" class=\"attachment-large size-large\" alt=\"amigurumi kaheksajalg muster\" srcset=\"https:\/\/www.lilleliis.com\/wp-content\/uploads\/2018\/10\/DSC_6972-1200x800.jpg 1200w, https:\/\/www.lilleliis.com\/wp-content\/uploads\/2018\/10\/DSC_6972-600x400.jpg 600w, https:\/\/www.lilleliis.com\/wp-content\/uploads\/2018\/10\/DSC_6972-768x512.jpg 768w, https:\/\/www.lilleliis.com\/wp-content\/uploads\/2018\/10\/DSC_6972-510x340.jpg 510w, https:\/\/www.lilleliis.com\/wp-content\/uploads\/2018\/10\/DSC_6972.jpg 1500w\" sizes=\"auto, (max-width: 1020px) 100vw, 1020px\" \/>\t\t\t\t\t\t\n\t\t\t\t\t<\/div>\n\t\t\t\t\t\t<\/a>\t\t\n<style>\n#image_372170989 {\n  width: 100%;\n}\n<\/style>\n\t<\/div>\n\t\n<\/div><\/div>\n<div class=\"col grid-col large-3 grid-col-1-2\" ><div class=\"col-inner\">\n\t<div class=\"img has-hover x md-x lg-x y md-y lg-y\" id=\"image_227430947\">\n\t\t<a class=\"image-lightbox lightbox-gallery\" title=\"\" href=\"https:\/\/www.lilleliis.com\/wp-content\/uploads\/2018\/10\/DSC_7152-533x800.jpg\">\t\t\t\t\t\t<div class=\"img-inner dark\" >\n\t\t\t<img loading=\"lazy\" decoding=\"async\" width=\"533\" height=\"800\" src=\"https:\/\/www.lilleliis.com\/wp-content\/uploads\/2018\/10\/DSC_7152-533x800.jpg\" class=\"attachment-large size-large\" alt=\"heegeldatud kaheksajalg tasuta \u00f5petus\" srcset=\"https:\/\/www.lilleliis.com\/wp-content\/uploads\/2018\/10\/DSC_7152-533x800.jpg 533w, https:\/\/www.lilleliis.com\/wp-content\/uploads\/2018\/10\/DSC_7152-267x400.jpg 267w, https:\/\/www.lilleliis.com\/wp-content\/uploads\/2018\/10\/DSC_7152-768x1152.jpg 768w, https:\/\/www.lilleliis.com\/wp-content\/uploads\/2018\/10\/DSC_7152-510x765.jpg 510w, https:\/\/www.lilleliis.com\/wp-content\/uploads\/2018\/10\/DSC_7152.jpg 1000w\" sizes=\"auto, (max-width: 533px) 100vw, 533px\" \/>\t\t\t\t\t\t\n\t\t\t\t\t<\/div>\n\t\t\t\t\t\t<\/a>\t\t\n<style>\n#image_227430947 {\n  width: 100%;\n}\n<\/style>\n\t<\/div>\n\t\n<\/div><\/div>\n<div class=\"col grid-col large-3 grid-col-1-2\" ><div class=\"col-inner\">\n\t<div class=\"img has-hover x md-x lg-x y md-y lg-y\" id=\"image_682613225\">\n\t\t<a class=\"image-lightbox lightbox-gallery\" title=\"\" href=\"https:\/\/www.lilleliis.com\/wp-content\/uploads\/2018\/10\/DSC_7132-533x800.jpg\">\t\t\t\t\t\t<div class=\"img-inner dark\" >\n\t\t\t<img loading=\"lazy\" decoding=\"async\" width=\"533\" height=\"800\" src=\"https:\/\/www.lilleliis.com\/wp-content\/uploads\/2018\/10\/DSC_7132-533x800.jpg\" class=\"attachment-large size-large\" alt=\"heegeldatud kaheksajalg tasuta \u00f5petus\" srcset=\"https:\/\/www.lilleliis.com\/wp-content\/uploads\/2018\/10\/DSC_7132-533x800.jpg 533w, https:\/\/www.lilleliis.com\/wp-content\/uploads\/2018\/10\/DSC_7132-267x400.jpg 267w, https:\/\/www.lilleliis.com\/wp-content\/uploads\/2018\/10\/DSC_7132-768x1152.jpg 768w, https:\/\/www.lilleliis.com\/wp-content\/uploads\/2018\/10\/DSC_7132-510x765.jpg 510w, https:\/\/www.lilleliis.com\/wp-content\/uploads\/2018\/10\/DSC_7132.jpg 1000w\" sizes=\"auto, (max-width: 533px) 100vw, 533px\" \/>\t\t\t\t\t\t\n\t\t\t\t\t<\/div>\n\t\t\t\t\t\t<\/a>\t\t\n<style>\n#image_682613225 {\n  width: 100%;\n}\n<\/style>\n\t<\/div>\n\t\n<\/div><\/div>\n            <\/div>\n    <style>\n    #banner-grid-699423670 .grid-col-1{height: 600px}\n    #banner-grid-699423670 .grid-col-1-2{height: 300px}\n    #banner-grid-699423670 .grid-col-1-3{height:200px}\n    #banner-grid-699423670 .grid-col-2-3{height: 400px}\n    #banner-grid-699423670 .grid-col-1-4{height: 150px}\n    #banner-grid-699423670 .grid-col-3-4{height: 450px}\n\n\n    \n    \n\n  <\/style>\n    <\/div>\n  \n<div class=\"message-box relative\" style=\"padding-top:15px;padding-bottom:15px;\"><div class=\"message-box-bg-image bg-fill fill\" ><\/div><div class=\"message-box-bg-overlay bg-fill fill\" ><\/div><div class=\"container relative\"><div class=\"inner last-reset\">\n<div class=\"row align-middle align-center\"  id=\"row-175888851\">\n\n\t<div id=\"col-1381800787\" class=\"col medium-9 small-12 large-9\"  >\n\t\t\t\t<div class=\"col-inner\"  >\n\t\t\t\n\t\t\t\n<p style=\"margin: 0in; background: #F1F1F1;\"><span style=\"font-size: 10.0pt; font-family: 'Arial',sans-serif; color: #777777;\">LILLELIISI M\u00c4NGUASJAD VALMIVAD ORIGINAALLOOMINGUNA. M\u00c4NGUASJADE KUJUNDAMISELE, \u00d5PETUSTE KIRJUTAMISELE, PILDISTAMISELE JA S\u00d5BRALIKU TEENINDUSE PAKKUMISELE KULUB PALJU AEGA JA ENERGIAT. SEEP\u00c4RAST OLEKS MUL HEA MEEL, KUI VASTUTASUKS \u00d5PETUSE KASUTAMISE EEST LISAKSID TOODETELE V\u00d5I FOTODELE (BLOGIS, FACEBOOKIS V\u00d5I KUS IGANES MUJAL) VIITE MINU KODULEHELE.\u00a0<\/span><\/p>\n<p style=\"margin: 0in; background: #F1F1F1; box-sizing: border-box; font-variant-ligatures: normal; font-variant-caps: normal; orphans: 2; text-align: start; widows: 2; -webkit-text-stroke-width: 0px; text-decoration-style: initial; text-decoration-color: initial; word-spacing: 0px;\"><span style=\"box-sizing: border-box;\"><span style=\"font-size: 10.0pt; font-family: 'Arial',sans-serif; color: #777777;\">\u00a9 COPYRIGHT<\/span><\/span><span style=\"font-family: 'Arial',sans-serif; color: #777777;\"><br style=\"box-sizing: border-box;\" \/><\/span><span style=\"font-size: 10.0pt; font-family: 'Arial',sans-serif; color: #777777;\"><span style=\"box-sizing: border-box;\">*VALMIS TOODETE M\u00dc\u00dcMINE ON LUBATUD, KUID ENNE\u00a0LOE L\u00c4HEMALT TINGIMUSTEST.<\/span><\/span><span style=\"font-family: 'Arial',sans-serif; color: #777777;\"><br style=\"box-sizing: border-box;\" \/><\/span><span style=\"font-size: 10.0pt; font-family: 'Arial',sans-serif; color: #777777;\"><span style=\"box-sizing: border-box;\">*\u00d5PETUST ON KEELATUD JAGADA V\u00d5I M\u00dc\u00dcA.<\/span><\/span><\/p>\n\t\t<\/div>\n\t\t\t\t\t<\/div>\n\n\t\n\n\t<div id=\"col-498944511\" class=\"col medium-2 small-12 large-2\"  >\n\t\t\t\t<div class=\"col-inner text-center\"  >\n\t\t\t\n\t\t\t\n<a href=\"http:\/\/liis.com\/et\/autorioigused\/\" target=\"_blank\" class=\"button white is-outline\" rel=\"noopener\" style=\"border-radius:99px;\">\n\t\t<span>LOE L\u00c4HEMALT<\/span>\n\t<\/a>\n\n\t\t<\/div>\n\t\t\t\t\t<\/div>\n\n\t\n<\/div>\n<\/div><\/div><\/div>\n<div class=\"is-divider divider clearfix\" style=\"height:0px;\"><\/div>\n<div class=\"row row-dashed\"  id=\"row-2067605594\">\n\n\t<div id=\"col-1756036091\" class=\"col medium-4 small-12 large-4\"  >\n\t\t\t\t<div class=\"col-inner\"  >\n\t\t\t\n\t\t\t\n<p><strong>Vaja l\u00e4heb:<\/strong><\/p>\n<ul>\n<li>puuvillast l\u00f5nga, nt <a href=\"https:\/\/www.lilleliis.com\/et\/toode\/ricorumi-dk\/\">Ricorumi DK<\/a> (25g \/ 57,5m) &#8211; p\u00f5hitoon ja kontrasttoon satsi jaoks<\/li>\n<li>heegeln\u00f5ela j\u00e4medusega 2.5\u00a0 mm<\/li>\n<li>pol\u00fcester t\u00e4idist<\/li>\n<li>musta niiti silmade tikkimiseks<\/li>\n<li>sukan\u00f5ela<\/li>\n<\/ul>\n\t\t<\/div>\n\t\t\t\t\t<\/div>\n\n\t\n\n\t<div id=\"col-958448821\" class=\"col medium-4 small-12 large-4\"  >\n\t\t\t\t<div class=\"col-inner\"  >\n\t\t\t\n\t\t\t\n<p><strong>Suurus:<\/strong> 17 cm<\/p>\n<p><strong>Raskusaste:<\/strong> lihtne+<\/p>\n<p><strong>Tingm\u00e4rgid:<\/strong><br \/>aass \u2013 aassilmus, ah \u2013 ahelsilmus, ks \u2013 kinnissilmus, ps &#8211; poolsammas, s &#8211; \u00fchekordne sammas, x \u2013 korda<\/p>\n<p>\u00a0<\/p>\n\t\t<\/div>\n\t\t\t\t\t<\/div>\n\n\t\n\n\t<div id=\"col-1462414417\" class=\"col medium-4 small-12 large-4\"  >\n\t\t\t\t<div class=\"col-inner\"  >\n\t\t\t\n\t\t\t\n<ul>\n<li>\n<p>DETAILID HEEGELDATAKSE RINGSELT, ILMA RIDU \u00dcHENDAMATA (KUI POLE M\u00c4RGITUD TEISITI).<\/p>\n<\/li>\n<li>\n<p>KASUTA SILMUSEM\u00c4RKIJAT V\u00d5I L\u00dcHIKEST L\u00d5NGAJUPPI, ET T\u00c4HISTADA \u00c4RA IGA UUE RINGI ALGUS.<\/p>\n<\/li>\n<\/ul>\n\t\t<\/div>\n\t\t\t\t\t<\/div>\n\n\t\n<\/div>\n<div class=\"container section-title-container\" ><h3 class=\"section-title section-title-bold\"><b aria-hidden=\"true\"><\/b><span class=\"section-title-main\" >KEHA<\/span><b aria-hidden=\"true\"><\/b><\/h3><\/div>\n<p>Kasuta p\u00f5hitooni. Heegeldatakse \u00fclevalt alla.<\/p>\n<p>1: heegelda 6 ks v\u00f5luringi [6]\n<p>2: heegelda 2 ks igasse ks-sse [12]\n<p>3: (1 ks, siis 2 ks j\u00e4rgmisse ks-sse) 6 korda [18]\n<p>4: ( 2 ks, siis 2 ks j\u00e4rgmisse ks-sse) 6 korda [24]\n<p>5: ( 3 ks, siis 2 ks j\u00e4rgmisse ks-sse) 6 korda [30]\n<p>6: ( 4 ks, siis 2 ks j\u00e4rgmisse ks-sse) 6 korda [36]\n<p>7: ( 5 ks, siis 2 ks j\u00e4rgmisse ks-sse) 6 korda [42]\n<p>8-12: 1 ks igasse ks-sse<\/p>\n<p>13: (5 ks, heegelda 2 ks kokku) 6 korda [36]\n<p>14-15: 1 ks igasse ks-sse<\/p>\n<p>16: (4 ks, heegelda 2 ks kokku) 6 korda [30]\n<p>17-18: 1 ks igasse ks-sse<\/p>\n<p>19: heegeldades ainult tagumistesse aasadesse: (3 x ks, heegelda 2 ks kokku)\u00a06 korda [24]\n<p><strong>NB!<\/strong> Eesmistesse aasadesse heegeldame p\u00e4rastpoole satsi.<\/p>\n<p>\u00c4RA L\u00d5NGA KATKESTA.<\/p>\n<div class=\"container section-title-container\" ><h3 class=\"section-title section-title-bold\"><b aria-hidden=\"true\"><\/b><span class=\"section-title-main\" >KOMBITSAD<\/span><b aria-hidden=\"true\"><\/b><\/h3><\/div>\n<p>N\u00fc\u00fcd heegelda kombitsad. \u00dcks on l\u00fchike, teine pikk. Soovi korral v\u00f5id siin kolmandat tooni l\u00f5nga kasutada.<\/p>\n<p>Kogu j\u00e4rgnev ring heegeldatakse eesmistesse aasadesse. Tagumised aasad j\u00e4\u00e4vad j\u00e4rgmise ringi tarbeks k\u00f5rvale. Hea oleks esimene tagumistest aasadest silmusem\u00e4rkijaga \u00e4ra t\u00e4histada, siis on j\u00e4rgmise ringi algust lihtsam \u00fcles leida.<\/p>\n<p>20: Tee 25 ah. Alustades heegeln\u00f5elast teisest silmusest (2 ks j\u00e4rgmisse ah-sse, 1 ks j\u00e4rgmisse ah-sse) 12 korda, tee ks kolme j\u00e4rgmise silmuse eesmisse aasa.\u00a0Tee 35 ah. Alustades heegeln\u00f5elast teisest silmusest (2 ks j\u00e4rgmisse ah-sse, 1 ks j\u00e4rgmisse ah-sse) 17 korda, tee ks kolme j\u00e4rgmise silmuse eesmisse aasa. Korda juhiseid algusest peale, kokku 4 korda, nii et moodustub 8 kombitsat.<\/p>\n<p>T\u00e4ida keha t\u00e4itematerjaliga.<\/p>\n<p>21: Heegeldades eelmise ringi tagumistesse aasadesse: (1 x ks, heegelda 2 ks kokku) 8 korda\u00a0[16]\n<p>22: (Heegelda 2 ks kokku) 8 korda [8]\n<p>J\u00e4ta pikk l\u00f5ngasaba ja sulge keha alla j\u00e4\u00e4nud ava.<\/p>\n<div class=\"container section-title-container\" ><h3 class=\"section-title section-title-bold\"><b aria-hidden=\"true\"><\/b><span class=\"section-title-main\" >SATSILINE KRAE<\/span><b aria-hidden=\"true\"><\/b><\/h3><\/div>\n<p>Kasuta kontrasttooni. Hoia kaheksajalga tagurpidi ja alusta heegeldamist 19 ringil v\u00e4lja j\u00e4etud silmustesse. Tee 1 ah.\u00a0* Ks + ps samasse silmusesse, 3 x s j\u00e4rgmisse silmusesse, ps + ks j\u00e4rgmisse silmusesse. Korda veel 9 korda * alates, ainult et j\u00e4rgmistel kordades alusta heegeldamist j\u00e4rgmisest silmusest.<\/p>\n<p>Kinnita ja peida l\u00f5ngasabad. Soovi korral tiki n\u00e4gu.<\/p>\n","protected":false},"excerpt":{"rendered":"<p>Siin on minu versioon amigurumi kaheksajalast. Aga tahan teha suure kummarduse inimesele, kes esimest korda leiutas nende keerduvate heegeldatud jalgadega lahenduse. See on nii lihtne ja geniaalne! Minu kaheksajalg valmib ilma \u00f5mblusteta. Jalad heegeldasin keha k\u00fclge, mis teeb mustri m\u00f5nev\u00f5rra keerulisemaks, aga samas m\u00e4nguasja beebile turvalisemaks. Silmad on samuti just beebi ohutusele m\u00f5eldes tikitud. Kaheksajala [&#8230;]\n","protected":false},"author":3,"featured_media":50350,"parent":31200,"menu_order":0,"comment_status":"closed","ping_status":"closed","template":"","meta":{"footnotes":""},"class_list":["post-50353","page","type-page","status-publish","has-post-thumbnail","hentry"],"yoast_head":"<!-- This site is optimized with the Yoast SEO plugin v27.3 - https:\/\/yoast.com\/product\/yoast-seo-wordpress\/ -->\n<title>Heegeldatud kaheksajalg | Heegeldatud loomade \u00f5petused | lilleliis<\/title>\n<meta name=\"robots\" content=\"index, follow, max-snippet:-1, max-image-preview:large, max-video-preview:-1\" \/>\n<link rel=\"canonical\" href=\"https:\/\/www.lilleliis.com\/et\/amigurumi-mustrid\/heegeldatud-kaheksajalg\/\" \/>\n<meta property=\"og:locale\" content=\"et_EE\" \/>\n<meta property=\"og:type\" content=\"article\" \/>\n<meta property=\"og:title\" content=\"Heegeldatud kaheksajalg | Heegeldatud loomade \u00f5petused | lilleliis\" \/>\n<meta property=\"og:description\" content=\"Siin on minu versioon amigurumi kaheksajalast. Aga tahan teha suure kummarduse inimesele, kes esimest korda leiutas nende keerduvate heegeldatud jalgadega lahenduse. See on nii lihtne ja geniaalne! Minu kaheksajalg valmib ilma \u00f5mblusteta. Jalad heegeldasin keha k\u00fclge, mis teeb mustri m\u00f5nev\u00f5rra keerulisemaks, aga samas m\u00e4nguasja beebile turvalisemaks. Silmad on samuti just beebi ohutusele m\u00f5eldes tikitud. Kaheksajala [...]\" \/>\n<meta property=\"og:url\" content=\"https:\/\/www.lilleliis.com\/et\/amigurumi-mustrid\/heegeldatud-kaheksajalg\/\" \/>\n<meta property=\"og:site_name\" content=\"lilleliis\" \/>\n<meta property=\"article:publisher\" content=\"https:\/\/www.facebook.com\/lilleliis-283266335035799\/\" \/>\n<meta property=\"article:modified_time\" content=\"2025-12-09T14:45:24+00:00\" \/>\n<meta property=\"og:image\" content=\"https:\/\/www.lilleliis.com\/wp-content\/uploads\/2018\/10\/DSC_6972-1.jpg\" \/>\n\t<meta property=\"og:image:width\" content=\"400\" \/>\n\t<meta property=\"og:image:height\" content=\"400\" \/>\n\t<meta property=\"og:image:type\" content=\"image\/jpeg\" \/>\n<meta name=\"twitter:card\" content=\"summary_large_image\" \/>\n<meta name=\"twitter:label1\" content=\"Est. reading time\" \/>\n\t<meta name=\"twitter:data1\" content=\"4 minutes\" \/>\n<script type=\"application\/ld+json\" class=\"yoast-schema-graph\">{\"@context\":\"https:\\\/\\\/schema.org\",\"@graph\":[{\"@type\":\"WebPage\",\"@id\":\"https:\\\/\\\/www.lilleliis.com\\\/et\\\/amigurumi-mustrid\\\/heegeldatud-kaheksajalg\\\/\",\"url\":\"https:\\\/\\\/www.lilleliis.com\\\/et\\\/amigurumi-mustrid\\\/heegeldatud-kaheksajalg\\\/\",\"name\":\"Heegeldatud kaheksajalg | Heegeldatud loomade \u00f5petused | lilleliis\",\"isPartOf\":{\"@id\":\"https:\\\/\\\/www.lilleliis.com\\\/et\\\/#website\"},\"primaryImageOfPage\":{\"@id\":\"https:\\\/\\\/www.lilleliis.com\\\/et\\\/amigurumi-mustrid\\\/heegeldatud-kaheksajalg\\\/#primaryimage\"},\"image\":{\"@id\":\"https:\\\/\\\/www.lilleliis.com\\\/et\\\/amigurumi-mustrid\\\/heegeldatud-kaheksajalg\\\/#primaryimage\"},\"thumbnailUrl\":\"https:\\\/\\\/www.lilleliis.com\\\/wp-content\\\/uploads\\\/2018\\\/10\\\/DSC_6972-1.jpg\",\"datePublished\":\"2018-10-21T10:47:37+00:00\",\"dateModified\":\"2025-12-09T14:45:24+00:00\",\"breadcrumb\":{\"@id\":\"https:\\\/\\\/www.lilleliis.com\\\/et\\\/amigurumi-mustrid\\\/heegeldatud-kaheksajalg\\\/#breadcrumb\"},\"inLanguage\":\"et\",\"potentialAction\":[{\"@type\":\"ReadAction\",\"target\":[\"https:\\\/\\\/www.lilleliis.com\\\/et\\\/amigurumi-mustrid\\\/heegeldatud-kaheksajalg\\\/\"]}]},{\"@type\":\"ImageObject\",\"inLanguage\":\"et\",\"@id\":\"https:\\\/\\\/www.lilleliis.com\\\/et\\\/amigurumi-mustrid\\\/heegeldatud-kaheksajalg\\\/#primaryimage\",\"url\":\"https:\\\/\\\/www.lilleliis.com\\\/wp-content\\\/uploads\\\/2018\\\/10\\\/DSC_6972-1.jpg\",\"contentUrl\":\"https:\\\/\\\/www.lilleliis.com\\\/wp-content\\\/uploads\\\/2018\\\/10\\\/DSC_6972-1.jpg\",\"width\":400,\"height\":400,\"caption\":\"Amigurumi kaheksajalg\"},{\"@type\":\"BreadcrumbList\",\"@id\":\"https:\\\/\\\/www.lilleliis.com\\\/et\\\/amigurumi-mustrid\\\/heegeldatud-kaheksajalg\\\/#breadcrumb\",\"itemListElement\":[{\"@type\":\"ListItem\",\"position\":1,\"name\":\"Home\",\"item\":\"https:\\\/\\\/www.lilleliis.com\\\/et\\\/\"},{\"@type\":\"ListItem\",\"position\":2,\"name\":\"Tasuta mustrid\",\"item\":\"https:\\\/\\\/www.lilleliis.com\\\/et\\\/amigurumi-crochet-freebies\\\/\"},{\"@type\":\"ListItem\",\"position\":3,\"name\":\"Heegeldatud kaheksajalg\"}]},{\"@type\":\"WebSite\",\"@id\":\"https:\\\/\\\/www.lilleliis.com\\\/et\\\/#website\",\"url\":\"https:\\\/\\\/www.lilleliis.com\\\/et\\\/\",\"name\":\"lilleliis\",\"description\":\"Amigurumi m\u00e4nguasjad ja mustrid\",\"potentialAction\":[{\"@type\":\"SearchAction\",\"target\":{\"@type\":\"EntryPoint\",\"urlTemplate\":\"https:\\\/\\\/www.lilleliis.com\\\/et\\\/?s={search_term_string}\"},\"query-input\":{\"@type\":\"PropertyValueSpecification\",\"valueRequired\":true,\"valueName\":\"search_term_string\"}}],\"inLanguage\":\"et\"}]}<\/script>\n<!-- \/ Yoast SEO plugin. -->","yoast_head_json":{"title":"Heegeldatud kaheksajalg | Heegeldatud loomade \u00f5petused | lilleliis","robots":{"index":"index","follow":"follow","max-snippet":"max-snippet:-1","max-image-preview":"max-image-preview:large","max-video-preview":"max-video-preview:-1"},"canonical":"https:\/\/www.lilleliis.com\/et\/amigurumi-mustrid\/heegeldatud-kaheksajalg\/","og_locale":"et_EE","og_type":"article","og_title":"Heegeldatud kaheksajalg | Heegeldatud loomade \u00f5petused | lilleliis","og_description":"Siin on minu versioon amigurumi kaheksajalast. Aga tahan teha suure kummarduse inimesele, kes esimest korda leiutas nende keerduvate heegeldatud jalgadega lahenduse. See on nii lihtne ja geniaalne! Minu kaheksajalg valmib ilma \u00f5mblusteta. Jalad heegeldasin keha k\u00fclge, mis teeb mustri m\u00f5nev\u00f5rra keerulisemaks, aga samas m\u00e4nguasja beebile turvalisemaks. Silmad on samuti just beebi ohutusele m\u00f5eldes tikitud. Kaheksajala [...]","og_url":"https:\/\/www.lilleliis.com\/et\/amigurumi-mustrid\/heegeldatud-kaheksajalg\/","og_site_name":"lilleliis","article_publisher":"https:\/\/www.facebook.com\/lilleliis-283266335035799\/","article_modified_time":"2025-12-09T14:45:24+00:00","og_image":[{"width":400,"height":400,"url":"https:\/\/www.lilleliis.com\/wp-content\/uploads\/2018\/10\/DSC_6972-1.jpg","type":"image\/jpeg"}],"twitter_card":"summary_large_image","twitter_misc":{"Est. reading time":"4 minutes"},"schema":{"@context":"https:\/\/schema.org","@graph":[{"@type":"WebPage","@id":"https:\/\/www.lilleliis.com\/et\/amigurumi-mustrid\/heegeldatud-kaheksajalg\/","url":"https:\/\/www.lilleliis.com\/et\/amigurumi-mustrid\/heegeldatud-kaheksajalg\/","name":"Heegeldatud kaheksajalg | Heegeldatud loomade \u00f5petused | lilleliis","isPartOf":{"@id":"https:\/\/www.lilleliis.com\/et\/#website"},"primaryImageOfPage":{"@id":"https:\/\/www.lilleliis.com\/et\/amigurumi-mustrid\/heegeldatud-kaheksajalg\/#primaryimage"},"image":{"@id":"https:\/\/www.lilleliis.com\/et\/amigurumi-mustrid\/heegeldatud-kaheksajalg\/#primaryimage"},"thumbnailUrl":"https:\/\/www.lilleliis.com\/wp-content\/uploads\/2018\/10\/DSC_6972-1.jpg","datePublished":"2018-10-21T10:47:37+00:00","dateModified":"2025-12-09T14:45:24+00:00","breadcrumb":{"@id":"https:\/\/www.lilleliis.com\/et\/amigurumi-mustrid\/heegeldatud-kaheksajalg\/#breadcrumb"},"inLanguage":"et","potentialAction":[{"@type":"ReadAction","target":["https:\/\/www.lilleliis.com\/et\/amigurumi-mustrid\/heegeldatud-kaheksajalg\/"]}]},{"@type":"ImageObject","inLanguage":"et","@id":"https:\/\/www.lilleliis.com\/et\/amigurumi-mustrid\/heegeldatud-kaheksajalg\/#primaryimage","url":"https:\/\/www.lilleliis.com\/wp-content\/uploads\/2018\/10\/DSC_6972-1.jpg","contentUrl":"https:\/\/www.lilleliis.com\/wp-content\/uploads\/2018\/10\/DSC_6972-1.jpg","width":400,"height":400,"caption":"Amigurumi kaheksajalg"},{"@type":"BreadcrumbList","@id":"https:\/\/www.lilleliis.com\/et\/amigurumi-mustrid\/heegeldatud-kaheksajalg\/#breadcrumb","itemListElement":[{"@type":"ListItem","position":1,"name":"Home","item":"https:\/\/www.lilleliis.com\/et\/"},{"@type":"ListItem","position":2,"name":"Tasuta mustrid","item":"https:\/\/www.lilleliis.com\/et\/amigurumi-crochet-freebies\/"},{"@type":"ListItem","position":3,"name":"Heegeldatud kaheksajalg"}]},{"@type":"WebSite","@id":"https:\/\/www.lilleliis.com\/et\/#website","url":"https:\/\/www.lilleliis.com\/et\/","name":"lilleliis","description":"Amigurumi m\u00e4nguasjad ja mustrid","potentialAction":[{"@type":"SearchAction","target":{"@type":"EntryPoint","urlTemplate":"https:\/\/www.lilleliis.com\/et\/?s={search_term_string}"},"query-input":{"@type":"PropertyValueSpecification","valueRequired":true,"valueName":"search_term_string"}}],"inLanguage":"et"}]}},"_links":{"self":[{"href":"https:\/\/www.lilleliis.com\/et\/wp-json\/wp\/v2\/pages\/50353","targetHints":{"allow":["GET"]}}],"collection":[{"href":"https:\/\/www.lilleliis.com\/et\/wp-json\/wp\/v2\/pages"}],"about":[{"href":"https:\/\/www.lilleliis.com\/et\/wp-json\/wp\/v2\/types\/page"}],"author":[{"embeddable":true,"href":"https:\/\/www.lilleliis.com\/et\/wp-json\/wp\/v2\/users\/3"}],"replies":[{"embeddable":true,"href":"https:\/\/www.lilleliis.com\/et\/wp-json\/wp\/v2\/comments?post=50353"}],"version-history":[{"count":9,"href":"https:\/\/www.lilleliis.com\/et\/wp-json\/wp\/v2\/pages\/50353\/revisions"}],"predecessor-version":[{"id":103873,"href":"https:\/\/www.lilleliis.com\/et\/wp-json\/wp\/v2\/pages\/50353\/revisions\/103873"}],"up":[{"embeddable":true,"href":"https:\/\/www.lilleliis.com\/et\/wp-json\/wp\/v2\/pages\/31200"}],"wp:featuredmedia":[{"embeddable":true,"href":"https:\/\/www.lilleliis.com\/et\/wp-json\/wp\/v2\/media\/50350"}],"wp:attachment":[{"href":"https:\/\/www.lilleliis.com\/et\/wp-json\/wp\/v2\/media?parent=50353"}],"curies":[{"name":"wp","href":"https:\/\/api.w.org\/{rel}","templated":true}]}}