{"id":52109,"date":"2019-01-25T13:35:24","date_gmt":"2019-01-25T13:35:24","guid":{"rendered":"https:\/\/www.lilleliis.com\/etettasuta-opetus\/amigurumi-suda\/"},"modified":"2026-02-02T19:16:22","modified_gmt":"2026-02-02T17:16:22","slug":"amigurumi-suda","status":"publish","type":"page","link":"https:\/\/www.lilleliis.com\/et\/amigurumi-mustrid\/amigurumi-suda\/","title":{"rendered":"Amigurumi s\u00fcda"},"content":{"rendered":"  <div id=\"page-header-2050475338\" class=\"page-header-wrapper\">\n  <div class=\"page-title dark divided-title\">\n\n        <div class=\"page-title-bg\">\n      <div class=\"title-bg fill bg-fill\"\n        data-parallax-container=\".page-title\"\n        data-parallax-background\n        data-parallax=\"-\">\n      <\/div>\n      <div class=\"title-overlay fill\"><\/div>\n    <\/div>\n    \n    <div class=\"page-title-inner container align-center text-center flex-row-col medium-flex-wrap\" >\n              <div class=\"title-wrapper uppercase flex-col\">\n          <h1 class=\"entry-title mb-0\">\n            AMIGURUMI S\u00dcDA          <\/h1>\n        <\/div>\n                <div class=\"page-title-sub op-7 flex-col\">\n          <p class=\"lead\">lilleliisi tasuta \u00f5petus<\/p>\n        <\/div>\n                    <div class=\"title-content flex-col\">\n        <div class=\"title-share pt-half pb-half\"><div class=\"social-icons share-icons share-row relative icon-style-outline\" ><a href=\"https:\/\/www.facebook.com\/sharer.php?u=https:\/\/www.lilleliis.com\/et\/amigurumi-mustrid\/amigurumi-suda\/\" data-label=\"Facebook\" onclick=\"window.open(this.href,this.title,'width=500,height=500,top=300px,left=300px'); return false;\" target=\"_blank\" class=\"icon button circle is-outline tooltip facebook\" title=\"Share on Facebook\" aria-label=\"Share on Facebook\" rel=\"noopener nofollow\"><i class=\"icon-facebook\" aria-hidden=\"true\"><\/i><\/a><a href=\"mailto:?subject=Amigurumi%20s%C3%BCda&body=Check%20this%20out%3A%20https%3A%2F%2Fwww.lilleliis.com%2Fet%2Famigurumi-mustrid%2Famigurumi-suda%2F\" class=\"icon button circle is-outline tooltip email\" title=\"Email to a Friend\" aria-label=\"Email to a Friend\" rel=\"nofollow\"><i class=\"icon-envelop\" aria-hidden=\"true\"><\/i><\/a><a href=\"https:\/\/pinterest.com\/pin\/create\/button?url=https:\/\/www.lilleliis.com\/et\/amigurumi-mustrid\/amigurumi-suda\/&media=https:\/\/www.lilleliis.com\/wp-content\/uploads\/2019\/01\/DSC_8377-2.jpg&description=Amigurumi%20s%C3%BCda\" onclick=\"window.open(this.href,this.title,'width=500,height=500,top=300px,left=300px'); return false;\" target=\"_blank\" class=\"icon button circle is-outline tooltip pinterest\" title=\"Pin on Pinterest\" aria-label=\"Pin on Pinterest\" rel=\"noopener nofollow\"><i class=\"icon-pinterest\" aria-hidden=\"true\"><\/i><\/a><\/div><\/div>      <\/div>\n    <\/div>\n\n     \n<style>\n#page-header-2050475338 .page-title-inner {\n  min-height: 400px;\n}\n#page-header-2050475338 {\n  margin-bottom: 0px;\n}\n#page-header-2050475338 .title-bg {\n  background-image: url(https:\/\/www.lilleliis.com\/wp-content\/uploads\/2019\/01\/DSC_8377.jpg);\n}\n<\/style>\n  <\/div>\n  <div class=\"container header-wrapper-divider\"><hr\/><\/div>  <\/div>\n  \n<p data-start=\"137\" data-end=\"359\">Heegelda ise v\u00e4ike amigurumi s\u00fcda, mis sobib s\u00f5brap\u00e4eva kingituseks, ripatsiks, prossiks v\u00f5i pulga otsas isegi pulmatordi kaunistuseks. Heegeldatud\u00a0s\u00fcda on armas viis jagada hoolivust ja edastada erilist s\u00f5numit.<\/p>\n<p data-start=\"364\" data-end=\"594\">Naudi lihtsat ja tasuta veebiversiooni \u00f5petusest v\u00f5i tee valmistamine veelgi mugavamaks ostes amigurumi s\u00fcdame <a href=\"https:\/\/www.lilleliis.com\/et\/toode\/amigurumi-suda-muster\/\">allalaetava PDF \u00f5petuse<\/a>, mis on varustatud samm-sammuliste piltidega ja juhendab sind kogu protsessi v\u00e4ltel.<\/p>\n  <div class=\"banner-grid-wrapper\">\n  <div id=\"banner-grid-858624669\" class=\"banner-grid row row-grid row-small\" data-packery-options=\"\">\n                      \n<div class=\"col grid-col large-6 grid-col-1\" ><div class=\"col-inner\">\n\t<div class=\"img has-hover x md-x lg-x y md-y lg-y\" id=\"image_1225340978\">\n\t\t<a class=\"image-lightbox lightbox-gallery\" title=\"\" href=\"https:\/\/www.lilleliis.com\/wp-content\/uploads\/2019\/01\/DSC_8433-533x800.jpg\">\t\t\t\t\t\t<div class=\"img-inner dark\" >\n\t\t\t<img loading=\"lazy\" decoding=\"async\" width=\"533\" height=\"800\" src=\"https:\/\/www.lilleliis.com\/wp-content\/uploads\/2019\/01\/DSC_8433-533x800.jpg\" class=\"attachment-large size-large\" alt=\"Amigurumi s\u00fcda tasuta \u00f5petus\" srcset=\"https:\/\/www.lilleliis.com\/wp-content\/uploads\/2019\/01\/DSC_8433-533x800.jpg 533w, https:\/\/www.lilleliis.com\/wp-content\/uploads\/2019\/01\/DSC_8433-267x400.jpg 267w, https:\/\/www.lilleliis.com\/wp-content\/uploads\/2019\/01\/DSC_8433-768x1152.jpg 768w, https:\/\/www.lilleliis.com\/wp-content\/uploads\/2019\/01\/DSC_8433-510x765.jpg 510w, https:\/\/www.lilleliis.com\/wp-content\/uploads\/2019\/01\/DSC_8433.jpg 1000w\" sizes=\"auto, (max-width: 533px) 100vw, 533px\" \/>\t\t\t\t\t\t\n\t\t\t\t\t<\/div>\n\t\t\t\t\t\t<\/a>\t\t\n<style>\n#image_1225340978 {\n  width: 100%;\n}\n<\/style>\n\t<\/div>\n\t\n<\/div><\/div>\n<div class=\"col grid-col large-6 grid-col-1-2\" ><div class=\"col-inner\">\n\t<div class=\"img has-hover x md-x lg-x y md-y lg-y\" id=\"image_40240799\">\n\t\t<a class=\"image-lightbox lightbox-gallery\" title=\"\" href=\"https:\/\/www.lilleliis.com\/wp-content\/uploads\/2019\/01\/DSC_8377-1-1200x800.jpg\">\t\t\t\t\t\t<div class=\"img-inner dark\" >\n\t\t\t<img loading=\"lazy\" decoding=\"async\" width=\"1020\" height=\"680\" src=\"https:\/\/www.lilleliis.com\/wp-content\/uploads\/2019\/01\/DSC_8377-1-1200x800.jpg\" class=\"attachment-large size-large\" alt=\"Amigurumi s\u00fcda tasuta \u00f5petus\" srcset=\"https:\/\/www.lilleliis.com\/wp-content\/uploads\/2019\/01\/DSC_8377-1-1200x800.jpg 1200w, https:\/\/www.lilleliis.com\/wp-content\/uploads\/2019\/01\/DSC_8377-1-600x400.jpg 600w, https:\/\/www.lilleliis.com\/wp-content\/uploads\/2019\/01\/DSC_8377-1-768x512.jpg 768w, https:\/\/www.lilleliis.com\/wp-content\/uploads\/2019\/01\/DSC_8377-1-510x340.jpg 510w, https:\/\/www.lilleliis.com\/wp-content\/uploads\/2019\/01\/DSC_8377-1.jpg 1500w\" sizes=\"auto, (max-width: 1020px) 100vw, 1020px\" \/>\t\t\t\t\t\t\n\t\t\t\t\t<\/div>\n\t\t\t\t\t\t<\/a>\t\t\n<style>\n#image_40240799 {\n  width: 100%;\n}\n<\/style>\n\t<\/div>\n\t\n<\/div><\/div>\n<div class=\"col grid-col large-3 grid-col-1-2\" ><div class=\"col-inner\">\n\t<div class=\"img has-hover x md-x lg-x y md-y lg-y\" id=\"image_1311880367\">\n\t\t<a class=\"image-lightbox lightbox-gallery\" title=\"\" href=\"https:\/\/www.lilleliis.com\/wp-content\/uploads\/2018\/01\/DSC_6282-1200x800.jpg\">\t\t\t\t\t\t<div class=\"img-inner dark\" >\n\t\t\t<img loading=\"lazy\" decoding=\"async\" width=\"1020\" height=\"680\" src=\"https:\/\/www.lilleliis.com\/wp-content\/uploads\/2018\/01\/DSC_6282-1200x800.jpg\" class=\"attachment-large size-large\" alt=\"amigurumi hearts on a stick\" srcset=\"https:\/\/www.lilleliis.com\/wp-content\/uploads\/2018\/01\/DSC_6282-1200x800.jpg 1200w, https:\/\/www.lilleliis.com\/wp-content\/uploads\/2018\/01\/DSC_6282-600x400.jpg 600w, https:\/\/www.lilleliis.com\/wp-content\/uploads\/2018\/01\/DSC_6282-768x512.jpg 768w, https:\/\/www.lilleliis.com\/wp-content\/uploads\/2018\/01\/DSC_6282-510x340.jpg 510w, https:\/\/www.lilleliis.com\/wp-content\/uploads\/2018\/01\/DSC_6282.jpg 1500w\" sizes=\"auto, (max-width: 1020px) 100vw, 1020px\" \/>\t\t\t\t\t\t\n\t\t\t\t\t<\/div>\n\t\t\t\t\t\t<\/a>\t\t\n<style>\n#image_1311880367 {\n  width: 100%;\n}\n<\/style>\n\t<\/div>\n\t\n<\/div><\/div>\n<div class=\"col grid-col large-3 grid-col-1-2\" ><div class=\"col-inner\">\n\t<div class=\"img has-hover x md-x lg-x y md-y lg-y\" id=\"image_1791367377\">\n\t\t<a class=\"image-lightbox lightbox-gallery\" title=\"\" href=\"https:\/\/www.lilleliis.com\/wp-content\/uploads\/2019\/01\/DSC_8439-1200x800.jpg\">\t\t\t\t\t\t<div class=\"img-inner dark\" >\n\t\t\t<img loading=\"lazy\" decoding=\"async\" width=\"1020\" height=\"680\" src=\"https:\/\/www.lilleliis.com\/wp-content\/uploads\/2019\/01\/DSC_8439-1200x800.jpg\" class=\"attachment-large size-large\" alt=\"Amigurumi s\u00fcda tasuta \u00f5petus\" srcset=\"https:\/\/www.lilleliis.com\/wp-content\/uploads\/2019\/01\/DSC_8439-1200x800.jpg 1200w, https:\/\/www.lilleliis.com\/wp-content\/uploads\/2019\/01\/DSC_8439-600x400.jpg 600w, https:\/\/www.lilleliis.com\/wp-content\/uploads\/2019\/01\/DSC_8439-768x512.jpg 768w, https:\/\/www.lilleliis.com\/wp-content\/uploads\/2019\/01\/DSC_8439-510x340.jpg 510w, https:\/\/www.lilleliis.com\/wp-content\/uploads\/2019\/01\/DSC_8439.jpg 1500w\" sizes=\"auto, (max-width: 1020px) 100vw, 1020px\" \/>\t\t\t\t\t\t\n\t\t\t\t\t<\/div>\n\t\t\t\t\t\t<\/a>\t\t\n<style>\n#image_1791367377 {\n  width: 100%;\n}\n<\/style>\n\t<\/div>\n\t\n<\/div><\/div>\n            <\/div>\n    <style>\n    #banner-grid-858624669 .grid-col-1{height: 600px}\n    #banner-grid-858624669 .grid-col-1-2{height: 300px}\n    #banner-grid-858624669 .grid-col-1-3{height:200px}\n    #banner-grid-858624669 .grid-col-2-3{height: 400px}\n    #banner-grid-858624669 .grid-col-1-4{height: 150px}\n    #banner-grid-858624669 .grid-col-3-4{height: 450px}\n\n\n    \n    \n\n  <\/style>\n    <\/div>\n  \n<div class=\"message-box relative\" style=\"padding-top:15px;padding-bottom:15px;\"><div class=\"message-box-bg-image bg-fill fill\" ><\/div><div class=\"message-box-bg-overlay bg-fill fill\" ><\/div><div class=\"container relative\"><div class=\"inner last-reset\">\n<div class=\"row align-middle align-center\"  id=\"row-969714892\">\n\n\t<div id=\"col-187629351\" class=\"col medium-9 small-12 large-9\"  >\n\t\t\t\t<div class=\"col-inner\"  >\n\t\t\t\n\t\t\t\n<p style=\"margin: 0in; background: #F1F1F1;\"><span style=\"font-size: 10.0pt; font-family: 'Arial',sans-serif; color: #777777;\">LILLELIISI M\u00c4NGUASJAD VALMIVAD ORIGINAALLOOMINGUNA. M\u00c4NGUASJADE KUJUNDAMISELE, \u00d5PETUSTE KIRJUTAMISELE, PILDISTAMISELE JA S\u00d5BRALIKU TEENINDUSE PAKKUMISELE KULUB PALJU AEGA JA ENERGIAT. SEEP\u00c4RAST OLEKS MUL HEA MEEL, KUI VASTUTASUKS \u00d5PETUSE KASUTAMISE EEST LISAKSID TOODETELE V\u00d5I FOTODELE (BLOGIS, FACEBOOKIS V\u00d5I KUS IGANES MUJAL) VIITE MINU KODULEHELE.&nbsp;<\/span><\/p>\n<p style=\"margin: 0in; background: #F1F1F1; box-sizing: border-box; font-variant-ligatures: normal; font-variant-caps: normal; orphans: 2; text-align: start; widows: 2; -webkit-text-stroke-width: 0px; text-decoration-style: initial; text-decoration-color: initial; word-spacing: 0px;\"><span style=\"box-sizing: border-box;\"><span style=\"font-size: 10.0pt; font-family: 'Arial',sans-serif; color: #777777;\">\u00a9 COPYRIGHT<\/span><\/span><span style=\"font-family: 'Arial',sans-serif; color: #777777;\"><br style=\"box-sizing: border-box;\"><\/span><span style=\"font-size: 10.0pt; font-family: 'Arial',sans-serif; color: #777777;\"><span style=\"box-sizing: border-box;\">*VALMIS TOODETE M\u00dc\u00dcMINE ON LUBATUD, KUID ENNE&nbsp;LOE L\u00c4HEMALT TINGIMUSTEST.<\/span><\/span><span style=\"font-family: 'Arial',sans-serif; color: #777777;\"><br style=\"box-sizing: border-box;\"><\/span><span style=\"font-size: 10.0pt; font-family: 'Arial',sans-serif; color: #777777;\"><span style=\"box-sizing: border-box;\">*\u00d5PETUST ON KEELATUD JAGADA V\u00d5I M\u00dc\u00dcA.<\/span><\/span><\/p>\n\t\t<\/div>\n\t\t\t\t\t<\/div>\n\n\t\n\n\t<div id=\"col-497535843\" class=\"col medium-2 small-12 large-2\"  >\n\t\t\t\t<div class=\"col-inner text-center\"  >\n\t\t\t\n\t\t\t\n<a href=\"https:\/\/www.lilleliis.com\/et\/autorioigused\/\" target=\"_blank\" class=\"button white is-outline\" rel=\"noopener\" style=\"border-radius:99px;\">\n\t\t<span>LOE L\u00c4HEMALT<\/span>\n\t<\/a>\n\n\t\t<\/div>\n\t\t\t\t\t<\/div>\n\n\t\n<\/div>\n<\/div><\/div><\/div>\n<div class=\"is-divider divider clearfix\" style=\"height:0px;\"><\/div>\n<div class=\"row row-dashed\"  id=\"row-463629364\">\n\n\t<div id=\"col-739785767\" class=\"col medium-4 small-12 large-4\"  >\n\t\t\t\t<div class=\"col-inner\"  >\n\t\t\t\n\t\t\t\n<p><strong>Vaja l\u00e4heb:<\/strong><\/p>\n<ul>\n<li>puuvillast l\u00f5nga. Mina kasutasin bambuse ja puuvilla segul\u00f5nga, \u00fchele s\u00fcdamele kulus vaid 8 gr l\u00f5nga. S\u00fcdamete heegeldamiseks sobib h\u00e4sti ka <a href=\"https:\/\/www.lilleliis.com\/et\/toode\/ricorumi-dk\/\">Ricorumi DK<\/a>.<\/li>\n<li>heegeln\u00f5ela j\u00e4medusega 2.5 mm<\/li>\n<li>pol\u00fcester t\u00e4idist<\/li>\n<li>sukan\u00f5ela<\/li>\n<\/ul>\n\t\t<\/div>\n\t\t\t\t\t<\/div>\n\n\t\n\n\t<div id=\"col-1859449626\" class=\"col medium-4 small-12 large-4\"  >\n\t\t\t\t<div class=\"col-inner\"  >\n\t\t\t\n\t\t\t\n<p><strong>Suurus:<\/strong> 6 x 7 cm<\/p>\n<p><strong>Raskusaste:<\/strong> lihtne<\/p>\n<p><strong>Silmused ja tingm\u00e4rgid:<\/strong><\/p>\n<p>v\u00f5luring, aassilmus (aass), ahelsilmus (ah), kinnissilmus (ks), x \u2013 korda<\/p>\n\t\t<\/div>\n\t\t\t\t\t<\/div>\n\n\t\n\n\t<div id=\"col-2077050250\" class=\"col medium-4 small-12 large-4\"  >\n\t\t\t\t<div class=\"col-inner\"  >\n\t\t\t\n\t\t\t\n<p><strong>Mustrist:<\/strong><\/p>\n<ul>\n<li>Detailid heegeldatakse ringselt, ilma ridu \u00fchendamata.<\/li>\n<li>Kasuta silmusem\u00e4rkijat v\u00f5i l\u00fchikest l\u00f5ngajuppi, et t\u00e4histada \u00e4ra iga uue ringi algus.<\/li>\n<\/ul>\n\t\t<\/div>\n\t\t\t\t\t<\/div>\n\n\t\n<\/div>\n<div class=\"container section-title-container\" ><h2 class=\"section-title section-title-bold\"><b aria-hidden=\"true\"><\/b><span class=\"section-title-main\" >S\u00dcDAME HEEGELDAMISE \u00d5PETUS<\/span><b aria-hidden=\"true\"><\/b><\/h2><\/div>\n<p>1: Heegelda 6 ks v\u00f5luringi [6]\n<p>2: 2 ks igasse ks-sse [12]\n<p>3: (1 x ks, 2 ks j\u00e4rgmisse ks-sse) 6 x [18]\n<p>4-5: 1 ks igasse ks-sse<\/p>\n<p>J\u00e4ta l\u00fchike l\u00f5ngasaba ja katkesta l\u00f5ng.\u00a0Valmista teine samasugune detail, korrates ringe 1-5, kuid \u00e4ra selle l\u00f5pus l\u00f5nga katkesta.<\/p>\n<p>6: Heegelda kaks detaili kokku. Esmalt 9 ks k\u00e4esolevalt detaililt, siis 18 ks \u00fcmber k\u00f5rvaleasetatud detaili ja j\u00e4lle 9 ks eelmiselt detaililt. Kokku saab 36 ks. \u00d5mble kokku ka detailide vahele j\u00e4\u00e4nud ava.<\/p>\n<p>7: 1 ks igasse ks-sse<\/p>\n<p>8: (4 x ks, 2 ks kokku) 6 x [30]\n<p>9: 1 ks igasse ks-sse<\/p>\n<p>10: (3 x ks, 2 ks kokku) 6 x [24]\n<p>11: 1 ks igasse ks-sse<\/p>\n<p>12: (2 x ks, 2 ks kokku) 6 x [18]\n<p>13: 1 ks igasse ks-sse<\/p>\n<p>T\u00e4ida s\u00fcda ja lisa pisut t\u00e4itematerjali ka j\u00e4rgmiste ringide j\u00e4rel.<\/p>\n<p>14: (1 x ks, 2 ks kokku) 6 x [12]\n<p>15: 1 ks igasse ks-sse<\/p>\n<p>16: (2 ks kokku) 6 x [6]\n<p>J\u00e4ta detaili sulgemiseks piisava pikkusega l\u00f5ngasaba ja katkesta l\u00f5ng. Vii l\u00f5ng l\u00e4bi k\u00f5igi kuue silmuse eesmise aasa ja t\u00f5mba tugevasti kokku. Kinnita ja peida l\u00f5ngasaba.<\/p>\n<p>NB! Kui soovid s\u00fcdame pulga otsa kinnitada, uuri <a href=\"https:\/\/www.lilleliis.com\/et\/amigurumi-pulga-otsa\/\">seda postitust<\/a>.<\/p>\n\t<div class=\"img has-hover x md-x lg-x y md-y lg-y\" id=\"image_91735253\">\n\t\t\t\t\t\t\t\t<div class=\"img-inner image-cover dark\" style=\"padding-top:400px;\">\n\t\t\t<img loading=\"lazy\" decoding=\"async\" width=\"1020\" height=\"680\" src=\"https:\/\/www.lilleliis.com\/wp-content\/uploads\/2018\/01\/DSC_6320-1200x800.jpg\" class=\"attachment-large size-large\" alt=\"amigurumi hearts on a stick\" srcset=\"https:\/\/www.lilleliis.com\/wp-content\/uploads\/2018\/01\/DSC_6320-1200x800.jpg 1200w, https:\/\/www.lilleliis.com\/wp-content\/uploads\/2018\/01\/DSC_6320-600x400.jpg 600w, https:\/\/www.lilleliis.com\/wp-content\/uploads\/2018\/01\/DSC_6320-768x512.jpg 768w, https:\/\/www.lilleliis.com\/wp-content\/uploads\/2018\/01\/DSC_6320-510x340.jpg 510w, https:\/\/www.lilleliis.com\/wp-content\/uploads\/2018\/01\/DSC_6320.jpg 1500w\" sizes=\"auto, (max-width: 1020px) 100vw, 1020px\" \/>\t\t\t\t\t\t\n\t\t\t\t\t<\/div>\n\t\t\t\t\t\t\t\t\n<style>\n#image_91735253 {\n  width: 100%;\n}\n<\/style>\n\t<\/div>\n\t\n","protected":false},"excerpt":{"rendered":"<p>Heegelda ise v\u00e4ike amigurumi s\u00fcda, mis sobib s\u00f5brap\u00e4eva kingituseks, ripatsiks, prossiks v\u00f5i pulga otsas isegi pulmatordi kaunistuseks. Heegeldatud\u00a0s\u00fcda on armas viis jagada hoolivust ja edastada erilist s\u00f5numit. Naudi lihtsat ja tasuta veebiversiooni \u00f5petusest v\u00f5i tee valmistamine veelgi mugavamaks ostes amigurumi s\u00fcdame allalaetava PDF \u00f5petuse, mis on varustatud samm-sammuliste piltidega ja juhendab sind kogu protsessi v\u00e4ltel. [&#8230;]\n","protected":false},"author":3,"featured_media":52078,"parent":31200,"menu_order":0,"comment_status":"closed","ping_status":"closed","template":"","meta":{"footnotes":""},"class_list":["post-52109","page","type-page","status-publish","has-post-thumbnail","hentry"],"yoast_head":"<!-- This site is optimized with the Yoast SEO plugin v27.3 - https:\/\/yoast.com\/product\/yoast-seo-wordpress\/ -->\n<title>Amigurumi s\u00fcda | Heegelda ise s\u00f5brap\u00e4eva kingitus | lilleliis<\/title>\n<meta name=\"description\" content=\"Heegelda ise armas s\u00fcda, mis sobib s\u00f5brap\u00e4eva kingituseks, ripatsiks v\u00f5i pulga otsas pulmatordi kaunistuseks. Tasuta \u00f5petus on eesti keeles ja imelihtne.\" \/>\n<meta name=\"robots\" content=\"index, follow, max-snippet:-1, max-image-preview:large, max-video-preview:-1\" \/>\n<link rel=\"canonical\" href=\"https:\/\/www.lilleliis.com\/et\/amigurumi-mustrid\/amigurumi-suda\/\" \/>\n<meta property=\"og:locale\" content=\"et_EE\" \/>\n<meta property=\"og:type\" content=\"article\" \/>\n<meta property=\"og:title\" content=\"Amigurumi s\u00fcda | Heegelda ise s\u00f5brap\u00e4eva kingitus | lilleliis\" \/>\n<meta property=\"og:description\" content=\"Heegelda ise armas s\u00fcda, mis sobib s\u00f5brap\u00e4eva kingituseks, ripatsiks v\u00f5i pulga otsas pulmatordi kaunistuseks. Tasuta \u00f5petus on eesti keeles ja imelihtne.\" \/>\n<meta property=\"og:url\" content=\"https:\/\/www.lilleliis.com\/et\/amigurumi-mustrid\/amigurumi-suda\/\" \/>\n<meta property=\"og:site_name\" content=\"lilleliis\" \/>\n<meta property=\"article:publisher\" content=\"https:\/\/www.facebook.com\/lilleliis-283266335035799\/\" \/>\n<meta property=\"article:modified_time\" content=\"2026-02-02T17:16:22+00:00\" \/>\n<meta property=\"og:image\" content=\"https:\/\/www.lilleliis.com\/wp-content\/uploads\/2019\/01\/DSC_8377-2.jpg\" \/>\n\t<meta property=\"og:image:width\" content=\"400\" \/>\n\t<meta property=\"og:image:height\" content=\"400\" \/>\n\t<meta property=\"og:image:type\" content=\"image\/jpeg\" \/>\n<meta name=\"twitter:card\" content=\"summary_large_image\" \/>\n<meta name=\"twitter:label1\" content=\"Est. reading time\" \/>\n\t<meta name=\"twitter:data1\" content=\"3 minutes\" \/>\n<script type=\"application\/ld+json\" class=\"yoast-schema-graph\">{\"@context\":\"https:\\\/\\\/schema.org\",\"@graph\":[{\"@type\":\"WebPage\",\"@id\":\"https:\\\/\\\/www.lilleliis.com\\\/et\\\/amigurumi-mustrid\\\/amigurumi-suda\\\/\",\"url\":\"https:\\\/\\\/www.lilleliis.com\\\/et\\\/amigurumi-mustrid\\\/amigurumi-suda\\\/\",\"name\":\"Amigurumi s\u00fcda | Heegelda ise s\u00f5brap\u00e4eva kingitus | lilleliis\",\"isPartOf\":{\"@id\":\"https:\\\/\\\/www.lilleliis.com\\\/et\\\/#website\"},\"primaryImageOfPage\":{\"@id\":\"https:\\\/\\\/www.lilleliis.com\\\/et\\\/amigurumi-mustrid\\\/amigurumi-suda\\\/#primaryimage\"},\"image\":{\"@id\":\"https:\\\/\\\/www.lilleliis.com\\\/et\\\/amigurumi-mustrid\\\/amigurumi-suda\\\/#primaryimage\"},\"thumbnailUrl\":\"https:\\\/\\\/www.lilleliis.com\\\/wp-content\\\/uploads\\\/2019\\\/01\\\/DSC_8377-2.jpg\",\"datePublished\":\"2019-01-25T13:35:24+00:00\",\"dateModified\":\"2026-02-02T17:16:22+00:00\",\"description\":\"Heegelda ise armas s\u00fcda, mis sobib s\u00f5brap\u00e4eva kingituseks, ripatsiks v\u00f5i pulga otsas pulmatordi kaunistuseks. Tasuta \u00f5petus on eesti keeles ja imelihtne.\",\"breadcrumb\":{\"@id\":\"https:\\\/\\\/www.lilleliis.com\\\/et\\\/amigurumi-mustrid\\\/amigurumi-suda\\\/#breadcrumb\"},\"inLanguage\":\"et\",\"potentialAction\":[{\"@type\":\"ReadAction\",\"target\":[\"https:\\\/\\\/www.lilleliis.com\\\/et\\\/amigurumi-mustrid\\\/amigurumi-suda\\\/\"]}]},{\"@type\":\"ImageObject\",\"inLanguage\":\"et\",\"@id\":\"https:\\\/\\\/www.lilleliis.com\\\/et\\\/amigurumi-mustrid\\\/amigurumi-suda\\\/#primaryimage\",\"url\":\"https:\\\/\\\/www.lilleliis.com\\\/wp-content\\\/uploads\\\/2019\\\/01\\\/DSC_8377-2.jpg\",\"contentUrl\":\"https:\\\/\\\/www.lilleliis.com\\\/wp-content\\\/uploads\\\/2019\\\/01\\\/DSC_8377-2.jpg\",\"width\":400,\"height\":400,\"caption\":\"Amigurumi s\u00fcda tasuta \u00f5petus\"},{\"@type\":\"BreadcrumbList\",\"@id\":\"https:\\\/\\\/www.lilleliis.com\\\/et\\\/amigurumi-mustrid\\\/amigurumi-suda\\\/#breadcrumb\",\"itemListElement\":[{\"@type\":\"ListItem\",\"position\":1,\"name\":\"Home\",\"item\":\"https:\\\/\\\/www.lilleliis.com\\\/et\\\/\"},{\"@type\":\"ListItem\",\"position\":2,\"name\":\"Tasuta mustrid\",\"item\":\"https:\\\/\\\/www.lilleliis.com\\\/et\\\/amigurumi-crochet-freebies\\\/\"},{\"@type\":\"ListItem\",\"position\":3,\"name\":\"Amigurumi s\u00fcda\"}]},{\"@type\":\"WebSite\",\"@id\":\"https:\\\/\\\/www.lilleliis.com\\\/et\\\/#website\",\"url\":\"https:\\\/\\\/www.lilleliis.com\\\/et\\\/\",\"name\":\"lilleliis\",\"description\":\"Amigurumi m\u00e4nguasjad ja mustrid\",\"potentialAction\":[{\"@type\":\"SearchAction\",\"target\":{\"@type\":\"EntryPoint\",\"urlTemplate\":\"https:\\\/\\\/www.lilleliis.com\\\/et\\\/?s={search_term_string}\"},\"query-input\":{\"@type\":\"PropertyValueSpecification\",\"valueRequired\":true,\"valueName\":\"search_term_string\"}}],\"inLanguage\":\"et\"}]}<\/script>\n<!-- \/ Yoast SEO plugin. -->","yoast_head_json":{"title":"Amigurumi s\u00fcda | Heegelda ise s\u00f5brap\u00e4eva kingitus | lilleliis","description":"Heegelda ise armas s\u00fcda, mis sobib s\u00f5brap\u00e4eva kingituseks, ripatsiks v\u00f5i pulga otsas pulmatordi kaunistuseks. Tasuta \u00f5petus on eesti keeles ja imelihtne.","robots":{"index":"index","follow":"follow","max-snippet":"max-snippet:-1","max-image-preview":"max-image-preview:large","max-video-preview":"max-video-preview:-1"},"canonical":"https:\/\/www.lilleliis.com\/et\/amigurumi-mustrid\/amigurumi-suda\/","og_locale":"et_EE","og_type":"article","og_title":"Amigurumi s\u00fcda | Heegelda ise s\u00f5brap\u00e4eva kingitus | lilleliis","og_description":"Heegelda ise armas s\u00fcda, mis sobib s\u00f5brap\u00e4eva kingituseks, ripatsiks v\u00f5i pulga otsas pulmatordi kaunistuseks. Tasuta \u00f5petus on eesti keeles ja imelihtne.","og_url":"https:\/\/www.lilleliis.com\/et\/amigurumi-mustrid\/amigurumi-suda\/","og_site_name":"lilleliis","article_publisher":"https:\/\/www.facebook.com\/lilleliis-283266335035799\/","article_modified_time":"2026-02-02T17:16:22+00:00","og_image":[{"width":400,"height":400,"url":"https:\/\/www.lilleliis.com\/wp-content\/uploads\/2019\/01\/DSC_8377-2.jpg","type":"image\/jpeg"}],"twitter_card":"summary_large_image","twitter_misc":{"Est. reading time":"3 minutes"},"schema":{"@context":"https:\/\/schema.org","@graph":[{"@type":"WebPage","@id":"https:\/\/www.lilleliis.com\/et\/amigurumi-mustrid\/amigurumi-suda\/","url":"https:\/\/www.lilleliis.com\/et\/amigurumi-mustrid\/amigurumi-suda\/","name":"Amigurumi s\u00fcda | Heegelda ise s\u00f5brap\u00e4eva kingitus | lilleliis","isPartOf":{"@id":"https:\/\/www.lilleliis.com\/et\/#website"},"primaryImageOfPage":{"@id":"https:\/\/www.lilleliis.com\/et\/amigurumi-mustrid\/amigurumi-suda\/#primaryimage"},"image":{"@id":"https:\/\/www.lilleliis.com\/et\/amigurumi-mustrid\/amigurumi-suda\/#primaryimage"},"thumbnailUrl":"https:\/\/www.lilleliis.com\/wp-content\/uploads\/2019\/01\/DSC_8377-2.jpg","datePublished":"2019-01-25T13:35:24+00:00","dateModified":"2026-02-02T17:16:22+00:00","description":"Heegelda ise armas s\u00fcda, mis sobib s\u00f5brap\u00e4eva kingituseks, ripatsiks v\u00f5i pulga otsas pulmatordi kaunistuseks. Tasuta \u00f5petus on eesti keeles ja imelihtne.","breadcrumb":{"@id":"https:\/\/www.lilleliis.com\/et\/amigurumi-mustrid\/amigurumi-suda\/#breadcrumb"},"inLanguage":"et","potentialAction":[{"@type":"ReadAction","target":["https:\/\/www.lilleliis.com\/et\/amigurumi-mustrid\/amigurumi-suda\/"]}]},{"@type":"ImageObject","inLanguage":"et","@id":"https:\/\/www.lilleliis.com\/et\/amigurumi-mustrid\/amigurumi-suda\/#primaryimage","url":"https:\/\/www.lilleliis.com\/wp-content\/uploads\/2019\/01\/DSC_8377-2.jpg","contentUrl":"https:\/\/www.lilleliis.com\/wp-content\/uploads\/2019\/01\/DSC_8377-2.jpg","width":400,"height":400,"caption":"Amigurumi s\u00fcda tasuta \u00f5petus"},{"@type":"BreadcrumbList","@id":"https:\/\/www.lilleliis.com\/et\/amigurumi-mustrid\/amigurumi-suda\/#breadcrumb","itemListElement":[{"@type":"ListItem","position":1,"name":"Home","item":"https:\/\/www.lilleliis.com\/et\/"},{"@type":"ListItem","position":2,"name":"Tasuta mustrid","item":"https:\/\/www.lilleliis.com\/et\/amigurumi-crochet-freebies\/"},{"@type":"ListItem","position":3,"name":"Amigurumi s\u00fcda"}]},{"@type":"WebSite","@id":"https:\/\/www.lilleliis.com\/et\/#website","url":"https:\/\/www.lilleliis.com\/et\/","name":"lilleliis","description":"Amigurumi m\u00e4nguasjad ja mustrid","potentialAction":[{"@type":"SearchAction","target":{"@type":"EntryPoint","urlTemplate":"https:\/\/www.lilleliis.com\/et\/?s={search_term_string}"},"query-input":{"@type":"PropertyValueSpecification","valueRequired":true,"valueName":"search_term_string"}}],"inLanguage":"et"}]}},"_links":{"self":[{"href":"https:\/\/www.lilleliis.com\/et\/wp-json\/wp\/v2\/pages\/52109","targetHints":{"allow":["GET"]}}],"collection":[{"href":"https:\/\/www.lilleliis.com\/et\/wp-json\/wp\/v2\/pages"}],"about":[{"href":"https:\/\/www.lilleliis.com\/et\/wp-json\/wp\/v2\/types\/page"}],"author":[{"embeddable":true,"href":"https:\/\/www.lilleliis.com\/et\/wp-json\/wp\/v2\/users\/3"}],"replies":[{"embeddable":true,"href":"https:\/\/www.lilleliis.com\/et\/wp-json\/wp\/v2\/comments?post=52109"}],"version-history":[{"count":12,"href":"https:\/\/www.lilleliis.com\/et\/wp-json\/wp\/v2\/pages\/52109\/revisions"}],"predecessor-version":[{"id":104306,"href":"https:\/\/www.lilleliis.com\/et\/wp-json\/wp\/v2\/pages\/52109\/revisions\/104306"}],"up":[{"embeddable":true,"href":"https:\/\/www.lilleliis.com\/et\/wp-json\/wp\/v2\/pages\/31200"}],"wp:featuredmedia":[{"embeddable":true,"href":"https:\/\/www.lilleliis.com\/et\/wp-json\/wp\/v2\/media\/52078"}],"wp:attachment":[{"href":"https:\/\/www.lilleliis.com\/et\/wp-json\/wp\/v2\/media?parent=52109"}],"curies":[{"name":"wp","href":"https:\/\/api.w.org\/{rel}","templated":true}]}}