{"id":52957,"date":"2019-03-31T09:22:29","date_gmt":"2019-03-31T09:22:29","guid":{"rendered":"https:\/\/www.lilleliis.com\/privaatsustingimused\/"},"modified":"2024-12-10T21:40:11","modified_gmt":"2024-12-10T19:40:11","slug":"privaatsustingimused","status":"publish","type":"page","link":"https:\/\/www.lilleliis.com\/et\/privaatsustingimused\/","title":{"rendered":"Privaatsustingimused"},"content":{"rendered":"<div class=\"wpb-content-wrapper\">[vc_row][vc_column][vc_column_text css=&#8221;&#8221;]<strong>Privaatsuspoliitika<\/strong><\/p>\n<p>Viimati uuendatud: 10. detsember 2024<br \/>\nJ\u00f5ustumiskuup\u00e4ev: 10. detsember 2024<\/p>\n<p>K\u00e4esolev privaatsuspoliitika kirjeldab By lilleliis O\u00dc (aadress: Kressi tee 7, Tallinn, Harjumaa 11913, Eesti; e-post: lilleliis@gmail.com; telefon: +372 5525256) poliitikaid seoses teie teabe kogumise, kasutamise ja avalikustamisega, kui kasutate meie veebisaiti (lilleliis.com) (edaspidi &#8220;teenus&#8221;). Teenusele juurdep\u00e4\u00e4su v\u00f5i selle kasutamisega n\u00f5ustute oma teabe kogumise, kasutamise ja avalikustamisega vastavalt k\u00e4esolevale privaatsuspoliitikale. Kui te sellega ei n\u00f5ustu, palun \u00e4rge kasutage teenust.<\/p>\n<p>Me v\u00f5ime seda privaatsuspoliitikat igal ajal muuta ilma eelneva teavitamiseta ning postitame muudetud privaatsuspoliitika teenusesse. Muudetud poliitika j\u00f5ustub 180 p\u00e4eva p\u00e4rast selle postitamist teenusesse ning teie j\u00e4tkuv juurdep\u00e4\u00e4s teenusele v\u00f5i selle kasutamine p\u00e4rast seda aega t\u00e4hendab teie n\u00f5usolekut muudetud privaatsuspoliitikaga. Seet\u00f5ttu soovitame teil seda lehte perioodiliselt \u00fcle vaadata.<\/p>\n<p><strong>Kogutav teave:<\/strong><\/p>\n<p>Me kogume ja t\u00f6\u00f6tleme teie kohta j\u00e4rgmist isiklikku teavet:<\/p>\n<ul>\n<li>Nimi<\/li>\n<li>E-post<\/li>\n<li>Mobiiltelefon<\/li>\n<li>Aadress<\/li>\n<li>Makseinfo<\/li>\n<\/ul>\n<p><strong>Kuidas me teie teavet kogume:<\/strong><\/p>\n<p>Me kogume\/saame teie kohta teavet j\u00e4rgmistel viisidel:<\/p>\n<ul>\n<li>Kui kasutaja t\u00e4idab registreerimisvormi v\u00f5i esitab muul viisil isiklikku teavet<\/li>\n<li>Suhtleb veebisaidiga<\/li>\n<\/ul>\n<p><strong>Kuidas me teie teavet kasutame:<\/strong><\/p>\n<p>Me kasutame teie kohta kogutud teavet j\u00e4rgmistel eesm\u00e4rkidel:<\/p>\n<ul>\n<li>Turundus\/reklaam<\/li>\n<li>Kasutajakonto loomine<\/li>\n<li>Klienditagasiside kogumine<\/li>\n<li>Makse t\u00f6\u00f6tlemine<\/li>\n<li>Klienditeenindus<\/li>\n<li>Kliendi tellimuse haldamine<\/li>\n<\/ul>\n<p>Kui soovime teie teavet kasutada muul eesm\u00e4rgil, k\u00fcsime teilt n\u00f5usolekut ja kasutame teie teavet ainult p\u00e4rast teie n\u00f5usoleku saamist ning ainult selleks otstarbeks, milleks te n\u00f5usoleku andsite, v\u00e4lja arvatud juhul, kui seadus n\u00f5uab teisiti.<\/p>\n<p><strong>Kuidas me teie teavet jagame:<\/strong><\/p>\n<p>Me ei edasta teie isiklikku teavet kolmandatele isikutele ilma teie n\u00f5usolekuta, v\u00e4lja arvatud piiratud juhtudel, nagu allpool kirjeldatud:<\/p>\n<ul>\n<li>Reklaamiteenus<\/li>\n<li>Anal\u00fc\u00fctika<\/li>\n<\/ul>\n<p>Me n\u00f5uame, et sellised kolmandad isikud kasutaksid neile edastatud isiklikku teavet ainult selleks otstarbeks, milleks see edastati, ning ei s\u00e4ilitaks seda kauem, kui on vajalik nimetatud eesm\u00e4rgi t\u00e4itmiseks.<\/p>\n<p>Me v\u00f5ime avaldada teie isiklikku teavet ka j\u00e4rgmistel juhtudel: (1) et t\u00e4ita kohaldatavat seadust, m\u00e4\u00e4rust, kohtum\u00e4\u00e4rust v\u00f5i muud \u00f5iguslikku protsessi; (2) et j\u00f5ustada teie lepinguid meiega, sealhulgas k\u00e4esolevat privaatsuspoliitikat; v\u00f5i (3) et vastata v\u00e4idetele, et teie teenuse kasutamine rikub kolmanda isiku \u00f5igusi. Kui teenus v\u00f5i meie ettev\u00f5te \u00fchineb v\u00f5i omandatakse teise ettev\u00f5tte poolt, on teie teave \u00fcks varadest, mis uuele omanikule \u00fcle antakse.<\/p>\n<p><strong>Teie teabe s\u00e4ilitamine:<\/strong><\/p>\n<p>Me s\u00e4ilitame teie isiklikku teavet 90 p\u00e4eva kuni 2 aastat p\u00e4rast kasutajakontode mitteaktiivsust v\u00f5i nii kaua, kui on vaja eesm\u00e4rkide t\u00e4itmiseks, milleks see koguti, nagu on \u00fcksikasjalikult kirjeldatud k\u00e4esolevas privaatsuspoliitikas. Me v\u00f5ime teatud teavet s\u00e4ilitada pikema aja jooksul, n\u00e4iteks arvestuse pidamiseks\/vastavusn\u00f5uete t\u00e4itmiseks vastavalt kohaldatavale seadusele v\u00f5i muudel \u00f5igusp\u00e4rastel p\u00f5hjustel, nagu \u00f5iguslike \u00f5iguste j\u00f5ustamine, pettuste ennetamine jne. J\u00e4\u00e4k-anon\u00fc\u00fcmne teave ja koondandmed, mis ei tuvasta teid (otseselt ega kaudselt), v\u00f5idakse s\u00e4ilitada t\u00e4htajatult.<\/p>\n<p><strong>Teie \u00f5igused:<\/strong><\/p>\n<p>S\u00f5ltuvalt kohaldatavast seadusest v\u00f5ib teil olla \u00f5igus p\u00e4\u00e4seda juurde oma isikuandmetele, neid parandada v\u00f5i kustutada, saada koopia oma isikuandmetest, piirata v\u00f5i esitada vastuv\u00e4iteid oma andmete aktiivsele t\u00f6\u00f6tlemisele, paluda meil jagada (edastada) teie isiklikku teavet teisele \u00fcksusele, v\u00f5tta tagasi mis tahes n\u00f5usolek, mille olete andnud meile teie andmete t\u00f6\u00f6tlemiseks, esitada kaebus p\u00e4devale asutusele ja muud \u00f5igused, mis v\u00f5ivad olla asjakohased vastavalt kohaldatavatele seadustele. Nende \u00f5iguste teostamiseks v\u00f5ite kirjutada meile aadressil <a rel=\"noopener\">lilleliis@gmail.com<\/a>. Me vastame teie taotlusele vastavalt kohaldatavale seadusele.<\/p>\n<p>Te v\u00f5ite loobuda otseturunduskommunikatsioonist v\u00f5i profiilianal\u00fc\u00fcsist, mida me teostame turunduseesm\u00e4rkidel, kirjutades meile aadressil <a href=\"mailto:lilleliis@gmail.com\">lilleliis@gmail.com<\/a>.<\/p>\n<p>Pange t\u00e4hele, et kui te ei luba meil koguda v\u00f5i t\u00f6\u00f6delda n\u00f5utavat isiklikku teavet v\u00f5i v\u00f5tate tagasi n\u00f5usoleku seda t\u00f6\u00f6delda vajalikel eesm\u00e4rkidel, ei pruugi teil olla v\u00f5imalik juurde p\u00e4\u00e4seda teenustele, mille jaoks teie teavet k\u00fcsiti.<\/p>\n<p><strong>K\u00fcpsised jne:<\/strong><\/p>\n<p>Lisateabe saamiseks selle kohta, kuidas me neid kasutame ja millised on teie valikud seoses nende j\u00e4lgimistehnoloogiatega, vaadake meie k\u00fcpsiste poliitikat.<\/p>\n<p><strong>Turvalisus:<\/strong><\/p>\n<p>Teie teabe turvalisus on meile oluline ja me kasutame m\u00f5istlikke turvameetmeid, et v\u00e4ltida meie kontrolli all oleva teabe kaotamist, v\u00e4\u00e4rkasutust v\u00f5i volitamata muutmist. Siiski, arvestades kaasnevaid riske, ei saa me tagada absoluutset turvalisust ja seet\u00f5ttu ei saa me garanteerida ega kinnitada \u00fchegi teie poolt meile edastatud teabe turvalisust. Te teete seda omal vastutusel.<\/p>\n<p><strong>Kaebused<\/strong><br \/>\nKui teil on k\u00fcsimusi v\u00f5i muresid seoses teie teabe t\u00f6\u00f6tlemisega, mis on meie valduses, v\u00f5ite saata e-kirja meie aadressil:<br \/>\nBy lilleliis O\u00dc, Kressi tee 7, e-post: <a href=\"mailto:lilleliis@gmail.com\" rel=\"noopener\">lilleliis@gmail.com<\/a>.<br \/>\nMe k\u00e4sitleme teie muresid koosk\u00f5las kehtivate seadustega.[\/vc_column_text][\/vc_column][\/vc_row]\n<\/div>","protected":false},"excerpt":{"rendered":"[vc_row][vc_column][vc_column_text css=&#8221;&#8221;]Privaatsuspoliitika Viimati uuendatud: 10. detsember 2024 J\u00f5ustumiskuup\u00e4ev: 10. detsember 2024 K\u00e4esolev privaatsuspoliitika kirjeldab By lilleliis O\u00dc (aadress: Kressi tee 7, Tallinn, Harjumaa 11913, Eesti; e-post: lilleliis@gmail.com; telefon: +372 5525256) poliitikaid seoses teie teabe kogumise, kasutamise ja avalikustamisega, kui kasutate meie veebisaiti (lilleliis.com) (edaspidi &#8220;teenus&#8221;). Teenusele juurdep\u00e4\u00e4su v\u00f5i selle kasutamisega n\u00f5ustute oma teabe kogumise, kasutamise [&#8230;]\n","protected":false},"author":3,"featured_media":0,"parent":0,"menu_order":0,"comment_status":"closed","ping_status":"closed","template":"","meta":{"footnotes":""},"class_list":["post-52957","page","type-page","status-publish","hentry"],"yoast_head":"<!-- This site is optimized with the Yoast SEO plugin v27.3 - https:\/\/yoast.com\/product\/yoast-seo-wordpress\/ -->\n<title>Privaatsustingimused | lilleliis<\/title>\n<meta name=\"robots\" content=\"index, follow, max-snippet:-1, max-image-preview:large, max-video-preview:-1\" \/>\n<link rel=\"canonical\" href=\"https:\/\/www.lilleliis.com\/et\/privaatsustingimused\/\" \/>\n<meta property=\"og:locale\" content=\"et_EE\" \/>\n<meta property=\"og:type\" content=\"article\" \/>\n<meta property=\"og:title\" content=\"Privaatsustingimused | lilleliis\" \/>\n<meta property=\"og:description\" content=\"[vc_row][vc_column][vc_column_text css=&#8221;&#8221;]Privaatsuspoliitika Viimati uuendatud: 10. detsember 2024 J\u00f5ustumiskuup\u00e4ev: 10. detsember 2024 K\u00e4esolev privaatsuspoliitika kirjeldab By lilleliis O\u00dc (aadress: Kressi tee 7, Tallinn, Harjumaa 11913, Eesti; e-post: lilleliis@gmail.com; telefon: +372 5525256) poliitikaid seoses teie teabe kogumise, kasutamise ja avalikustamisega, kui kasutate meie veebisaiti (lilleliis.com) (edaspidi &#8220;teenus&#8221;). Teenusele juurdep\u00e4\u00e4su v\u00f5i selle kasutamisega n\u00f5ustute oma teabe kogumise, kasutamise [...]\" \/>\n<meta property=\"og:url\" content=\"https:\/\/www.lilleliis.com\/et\/privaatsustingimused\/\" \/>\n<meta property=\"og:site_name\" content=\"lilleliis\" \/>\n<meta property=\"article:publisher\" content=\"https:\/\/www.facebook.com\/lilleliis-283266335035799\/\" \/>\n<meta property=\"article:modified_time\" content=\"2024-12-10T19:40:11+00:00\" \/>\n<meta name=\"twitter:card\" content=\"summary_large_image\" \/>\n<meta name=\"twitter:label1\" content=\"Est. reading time\" \/>\n\t<meta name=\"twitter:data1\" content=\"3 minutes\" \/>\n<script type=\"application\/ld+json\" class=\"yoast-schema-graph\">{\"@context\":\"https:\\\/\\\/schema.org\",\"@graph\":[{\"@type\":\"WebPage\",\"@id\":\"https:\\\/\\\/www.lilleliis.com\\\/et\\\/privaatsustingimused\\\/\",\"url\":\"https:\\\/\\\/www.lilleliis.com\\\/et\\\/privaatsustingimused\\\/\",\"name\":\"Privaatsustingimused | lilleliis\",\"isPartOf\":{\"@id\":\"https:\\\/\\\/www.lilleliis.com\\\/et\\\/#website\"},\"datePublished\":\"2019-03-31T09:22:29+00:00\",\"dateModified\":\"2024-12-10T19:40:11+00:00\",\"breadcrumb\":{\"@id\":\"https:\\\/\\\/www.lilleliis.com\\\/et\\\/privaatsustingimused\\\/#breadcrumb\"},\"inLanguage\":\"et\",\"potentialAction\":[{\"@type\":\"ReadAction\",\"target\":[\"https:\\\/\\\/www.lilleliis.com\\\/et\\\/privaatsustingimused\\\/\"]}]},{\"@type\":\"BreadcrumbList\",\"@id\":\"https:\\\/\\\/www.lilleliis.com\\\/et\\\/privaatsustingimused\\\/#breadcrumb\",\"itemListElement\":[{\"@type\":\"ListItem\",\"position\":1,\"name\":\"Home\",\"item\":\"https:\\\/\\\/www.lilleliis.com\\\/et\\\/\"},{\"@type\":\"ListItem\",\"position\":2,\"name\":\"Privaatsustingimused\"}]},{\"@type\":\"WebSite\",\"@id\":\"https:\\\/\\\/www.lilleliis.com\\\/et\\\/#website\",\"url\":\"https:\\\/\\\/www.lilleliis.com\\\/et\\\/\",\"name\":\"lilleliis\",\"description\":\"Amigurumi m\u00e4nguasjad ja mustrid\",\"potentialAction\":[{\"@type\":\"SearchAction\",\"target\":{\"@type\":\"EntryPoint\",\"urlTemplate\":\"https:\\\/\\\/www.lilleliis.com\\\/et\\\/?s={search_term_string}\"},\"query-input\":{\"@type\":\"PropertyValueSpecification\",\"valueRequired\":true,\"valueName\":\"search_term_string\"}}],\"inLanguage\":\"et\"}]}<\/script>\n<!-- \/ Yoast SEO plugin. -->","yoast_head_json":{"title":"Privaatsustingimused | lilleliis","robots":{"index":"index","follow":"follow","max-snippet":"max-snippet:-1","max-image-preview":"max-image-preview:large","max-video-preview":"max-video-preview:-1"},"canonical":"https:\/\/www.lilleliis.com\/et\/privaatsustingimused\/","og_locale":"et_EE","og_type":"article","og_title":"Privaatsustingimused | lilleliis","og_description":"[vc_row][vc_column][vc_column_text css=&#8221;&#8221;]Privaatsuspoliitika Viimati uuendatud: 10. detsember 2024 J\u00f5ustumiskuup\u00e4ev: 10. detsember 2024 K\u00e4esolev privaatsuspoliitika kirjeldab By lilleliis O\u00dc (aadress: Kressi tee 7, Tallinn, Harjumaa 11913, Eesti; e-post: lilleliis@gmail.com; telefon: +372 5525256) poliitikaid seoses teie teabe kogumise, kasutamise ja avalikustamisega, kui kasutate meie veebisaiti (lilleliis.com) (edaspidi &#8220;teenus&#8221;). Teenusele juurdep\u00e4\u00e4su v\u00f5i selle kasutamisega n\u00f5ustute oma teabe kogumise, kasutamise [...]","og_url":"https:\/\/www.lilleliis.com\/et\/privaatsustingimused\/","og_site_name":"lilleliis","article_publisher":"https:\/\/www.facebook.com\/lilleliis-283266335035799\/","article_modified_time":"2024-12-10T19:40:11+00:00","twitter_card":"summary_large_image","twitter_misc":{"Est. reading time":"3 minutes"},"schema":{"@context":"https:\/\/schema.org","@graph":[{"@type":"WebPage","@id":"https:\/\/www.lilleliis.com\/et\/privaatsustingimused\/","url":"https:\/\/www.lilleliis.com\/et\/privaatsustingimused\/","name":"Privaatsustingimused | lilleliis","isPartOf":{"@id":"https:\/\/www.lilleliis.com\/et\/#website"},"datePublished":"2019-03-31T09:22:29+00:00","dateModified":"2024-12-10T19:40:11+00:00","breadcrumb":{"@id":"https:\/\/www.lilleliis.com\/et\/privaatsustingimused\/#breadcrumb"},"inLanguage":"et","potentialAction":[{"@type":"ReadAction","target":["https:\/\/www.lilleliis.com\/et\/privaatsustingimused\/"]}]},{"@type":"BreadcrumbList","@id":"https:\/\/www.lilleliis.com\/et\/privaatsustingimused\/#breadcrumb","itemListElement":[{"@type":"ListItem","position":1,"name":"Home","item":"https:\/\/www.lilleliis.com\/et\/"},{"@type":"ListItem","position":2,"name":"Privaatsustingimused"}]},{"@type":"WebSite","@id":"https:\/\/www.lilleliis.com\/et\/#website","url":"https:\/\/www.lilleliis.com\/et\/","name":"lilleliis","description":"Amigurumi m\u00e4nguasjad ja mustrid","potentialAction":[{"@type":"SearchAction","target":{"@type":"EntryPoint","urlTemplate":"https:\/\/www.lilleliis.com\/et\/?s={search_term_string}"},"query-input":{"@type":"PropertyValueSpecification","valueRequired":true,"valueName":"search_term_string"}}],"inLanguage":"et"}]}},"_links":{"self":[{"href":"https:\/\/www.lilleliis.com\/et\/wp-json\/wp\/v2\/pages\/52957","targetHints":{"allow":["GET"]}}],"collection":[{"href":"https:\/\/www.lilleliis.com\/et\/wp-json\/wp\/v2\/pages"}],"about":[{"href":"https:\/\/www.lilleliis.com\/et\/wp-json\/wp\/v2\/types\/page"}],"author":[{"embeddable":true,"href":"https:\/\/www.lilleliis.com\/et\/wp-json\/wp\/v2\/users\/3"}],"replies":[{"embeddable":true,"href":"https:\/\/www.lilleliis.com\/et\/wp-json\/wp\/v2\/comments?post=52957"}],"version-history":[{"count":4,"href":"https:\/\/www.lilleliis.com\/et\/wp-json\/wp\/v2\/pages\/52957\/revisions"}],"predecessor-version":[{"id":97615,"href":"https:\/\/www.lilleliis.com\/et\/wp-json\/wp\/v2\/pages\/52957\/revisions\/97615"}],"wp:attachment":[{"href":"https:\/\/www.lilleliis.com\/et\/wp-json\/wp\/v2\/media?parent=52957"}],"curies":[{"name":"wp","href":"https:\/\/api.w.org\/{rel}","templated":true}]}}