{"id":52961,"date":"2019-03-31T10:04:26","date_gmt":"2019-03-31T10:04:26","guid":{"rendered":"https:\/\/www.lilleliis.com\/ostujuhend\/"},"modified":"2022-09-19T17:17:08","modified_gmt":"2022-09-19T14:17:08","slug":"ostujuhend","status":"publish","type":"page","link":"https:\/\/www.lilleliis.com\/et\/ostujuhend\/","title":{"rendered":"Ostujuhend"},"content":{"rendered":"<div class=\"wpb-content-wrapper\">[vc_row][vc_column][vc_column_text]\n<h3>Ostu sooritamine<\/h3>\n<p>Vali lilleliisi eestikeelsest veebipoest v\u00e4lja sobivad tooted ja lisa need ostukorvi. Eelnevalt tutvu kindlasti tootekirjeldusega. Enne tellimuse kinnitamist saab ostukorvi sisu soovi korral muuta ja kustutada.<\/p>\n<p>Transporti vajavatele tellimustele lisatakse kohaletoimetamise tasu, mis s\u00f5ltub sellest, kuhu kaup saadetakse.<\/p>\n<ul>\n<li>Eesti sisesed tellimused \u2013 4 eur<\/li>\n<li>Euroopa Liidu sisesed tellimused \u2013\u00a0 15 eur<\/li>\n<li>Tellimused mujale maailma riikidesse \u2013 35 eur<\/li>\n<\/ul>\n<p>Elektroonilistele toodetele kohaletoimetamise tasu ei lisandu.<\/p>\n<h3>Makse sooritamine<\/h3>\n<p>Kauba eest tasumiseks on j\u00e4rgmised v\u00f5imalused:<\/p>\n<ul>\n<li>Tasumine arve alusel \u2013 tasumine panga\u00fclekandega arve alusel, mis saadetakse peale tellimuse kinnitamist sinu e-posti aadressile. \u00dclekande tegemisel palun viidata tellimuse numbrile. Juhul kui tellimuse eest ei tasuta kuni 3 t\u00f6\u00f6p\u00e4eva jooksul, on e-poel \u00f5igus tellimus t\u00fchistada ja toode uuesti m\u00fc\u00fcki panna.<\/li>\n<li>PayPal \u2013 peale tellimuse kinnitamist suunatakse sind otse PayPal keskkonda, kus saad kauba eest tasuda sulle sobivas valuutas. Krediitkaardimakseid saab l\u00e4bi PayPal keskkonna teostada ka sealset kontot omamata.<\/li>\n<\/ul>\n<h3>F\u00fc\u00fcsiliste toodete kohaletoimetamine<\/h3>\n<p>Postitamist vajavad tooted pannakse teele 2-5 t\u00f6\u00f6p\u00e4eva jooksul peale makse laekumist By lilleliis O\u00dc arveldusarvele.<\/p>\n<p>Kliendil on \u00f5igus valida j\u00e4rgnevate kauba k\u00e4ttesaamisviisi vahel.<\/p>\n<ul>\n<li>Smartpost \u2013 pakk toimetatakse sinu poolt valitud Smartposti pakiautomaati. Paki saabudes saadetakse sulle SMS teavituse ning isikliku uksekoodiga. Paki k\u00e4ttesaamiseks tuleb kood sisestada pakiautomaadi arvutisse.<\/li>\n<li>Omniva pakiautomaat (Post24) \u2013\u00a0pakk toimetatakse sinu poolt valitud Omniva pakiautomaati. Paki saabudes saadetakse sulle SMS teavituse ning isikliku uksekoodiga. Paki k\u00e4ttesaamiseks tuleb kood sisestada pakiautomaadi arvutisse.<\/li>\n<li>Omniva (Eesti Post) \u2013 pakk saadetakse t\u00e4htsaadetisena sinu kodukoha j\u00e4rgsesse postiasutusse.<\/li>\n<\/ul>\n<p>Postitasud paki tellimisel v\u00e4ljapoole Eestit kehtivad erinevad tarnehinnad. Kauba tellimisel v\u00e4ljapoole Euroopa Liitu tuleb tellijal arvestada v\u00f5imalike kaasnevate tollimaksudega, mille klient peab kauba k\u00e4ttesaamisel tasuma oma sihtriigis.<\/p>\n<h3>Elektrooniliste toodete kohaletoimetamine<\/h3>\n<p>Elektroonilised tooted toimetatakse Kliendini e-posti teel. Tasudes panga\u00fclekandega saadetakse sinu e-posti aadressile tellimuse kinnitusleht koos lingiga allalaetavale failile 24 tunni jooksul makse laekumisest By lilleliis O\u00dc arveldusarvele. Tasudes l\u00e4bi PayPal makses\u00fcsteemi, saadetakse tellimuse kinnitusleht koos lingiga allalaetavale failile automaatselt p\u00e4rast makse l\u00f5petamist.<\/p>\n<p>K\u00f5ik allalaetavate toodete tellimisel tekkivad tarnega seotud probleemid ja k\u00fcsimused lahendatakse e-posti teel.<\/p>\n<h3>Tagastus- ja vahetus\u00f5igus<\/h3>\n<p>Kui sa pole oma tellitud tootega rahul, on sul \u00f5igus see 14 p\u00e4eva jooksul tagastada. Selleks v\u00f5ta meiega e-posti teel \u00fchendust.\u00a0Tagastada saab ainult rikkumata ja kasutamata tooteid. Raha tagastame 14 p\u00e4eva jooksul toote k\u00e4ttesaamisest sinu pangakontole.<\/p>\n<p>Tagastamisel tekkiv transpordikulu on kliendi kanda.<\/p>\n<p>Tagastus- ja \u00fcmbervahetamis\u00f5igus puudub elektroonilistel toodetel ning kaupadel, mida on muudetud vastavalt kliendi soovidele (lisatud pilt, kiri).<\/p>\n<h3>Elektrooniliste toodete kasutuslitsents<\/h3>\n<p>Ostes elektroonilise \u00f5petuse, saad \u00f5iguse juurdep\u00e4\u00e4suks failile ning selle uuematele versioonidele. Kaitseks pettuse ja v\u00f5imaliku ebaseadusliku teguviisi eest on faili avamisele ja allalaadimisele seatud 100 korra limiit. Kontakteeru aadressil\u00a0<a href=\"mailto:lilleliis@gmail.com\">lilleliis@gmail.com<\/a>, kui soovid uuendada juurdep\u00e4\u00e4su \u00f5petusele.<\/p>\n<p>Soovitan \u00f5petuse arvutisse v\u00f5i sinu poolt kasutatavasse seadmesse allalaadida. Et v\u00e4ltida tulevikus tekkida v\u00f5ivaid probleeme ja \u00f5petuste kaotsiminekut, soovitan s\u00e4ilitada koopia \u00f5petusest ka m\u00e4lupulgal v\u00f5i CD plaadil.[\/vc_column_text][\/vc_column][\/vc_row]\n<\/div>","protected":false},"excerpt":{"rendered":"[vc_row][vc_column][vc_column_text] Ostu sooritamine Vali lilleliisi eestikeelsest veebipoest v\u00e4lja sobivad tooted ja lisa need ostukorvi. Eelnevalt tutvu kindlasti tootekirjeldusega. Enne tellimuse kinnitamist saab ostukorvi sisu soovi korral muuta ja kustutada. Transporti vajavatele tellimustele lisatakse kohaletoimetamise tasu, mis s\u00f5ltub sellest, kuhu kaup saadetakse. Eesti sisesed tellimused \u2013 4 eur Euroopa Liidu sisesed tellimused \u2013\u00a0 15 eur Tellimused [&#8230;]\n","protected":false},"author":3,"featured_media":0,"parent":0,"menu_order":0,"comment_status":"closed","ping_status":"closed","template":"","meta":{"footnotes":""},"class_list":["post-52961","page","type-page","status-publish","hentry"],"yoast_head":"<!-- This site is optimized with the Yoast SEO plugin v27.3 - https:\/\/yoast.com\/product\/yoast-seo-wordpress\/ -->\n<title>Ostujuhend | lilleliis<\/title>\n<meta name=\"robots\" content=\"index, follow, max-snippet:-1, max-image-preview:large, max-video-preview:-1\" \/>\n<link rel=\"canonical\" href=\"https:\/\/www.lilleliis.com\/et\/ostujuhend\/\" \/>\n<meta property=\"og:locale\" content=\"et_EE\" \/>\n<meta property=\"og:type\" content=\"article\" \/>\n<meta property=\"og:title\" content=\"Ostujuhend | lilleliis\" \/>\n<meta property=\"og:description\" content=\"[vc_row][vc_column][vc_column_text] Ostu sooritamine Vali lilleliisi eestikeelsest veebipoest v\u00e4lja sobivad tooted ja lisa need ostukorvi. Eelnevalt tutvu kindlasti tootekirjeldusega. Enne tellimuse kinnitamist saab ostukorvi sisu soovi korral muuta ja kustutada. Transporti vajavatele tellimustele lisatakse kohaletoimetamise tasu, mis s\u00f5ltub sellest, kuhu kaup saadetakse. Eesti sisesed tellimused \u2013 4 eur Euroopa Liidu sisesed tellimused \u2013\u00a0 15 eur Tellimused [...]\" \/>\n<meta property=\"og:url\" content=\"https:\/\/www.lilleliis.com\/et\/ostujuhend\/\" \/>\n<meta property=\"og:site_name\" content=\"lilleliis\" \/>\n<meta property=\"article:publisher\" content=\"https:\/\/www.facebook.com\/lilleliis-283266335035799\/\" \/>\n<meta property=\"article:modified_time\" content=\"2022-09-19T14:17:08+00:00\" \/>\n<meta name=\"twitter:card\" content=\"summary_large_image\" \/>\n<meta name=\"twitter:label1\" content=\"Est. reading time\" \/>\n\t<meta name=\"twitter:data1\" content=\"2 minutes\" \/>\n<script type=\"application\/ld+json\" class=\"yoast-schema-graph\">{\"@context\":\"https:\\\/\\\/schema.org\",\"@graph\":[{\"@type\":\"WebPage\",\"@id\":\"https:\\\/\\\/www.lilleliis.com\\\/et\\\/ostujuhend\\\/\",\"url\":\"https:\\\/\\\/www.lilleliis.com\\\/et\\\/ostujuhend\\\/\",\"name\":\"Ostujuhend | lilleliis\",\"isPartOf\":{\"@id\":\"https:\\\/\\\/www.lilleliis.com\\\/et\\\/#website\"},\"datePublished\":\"2019-03-31T10:04:26+00:00\",\"dateModified\":\"2022-09-19T14:17:08+00:00\",\"breadcrumb\":{\"@id\":\"https:\\\/\\\/www.lilleliis.com\\\/et\\\/ostujuhend\\\/#breadcrumb\"},\"inLanguage\":\"et\",\"potentialAction\":[{\"@type\":\"ReadAction\",\"target\":[\"https:\\\/\\\/www.lilleliis.com\\\/et\\\/ostujuhend\\\/\"]}]},{\"@type\":\"BreadcrumbList\",\"@id\":\"https:\\\/\\\/www.lilleliis.com\\\/et\\\/ostujuhend\\\/#breadcrumb\",\"itemListElement\":[{\"@type\":\"ListItem\",\"position\":1,\"name\":\"Home\",\"item\":\"https:\\\/\\\/www.lilleliis.com\\\/et\\\/\"},{\"@type\":\"ListItem\",\"position\":2,\"name\":\"Ostujuhend\"}]},{\"@type\":\"WebSite\",\"@id\":\"https:\\\/\\\/www.lilleliis.com\\\/et\\\/#website\",\"url\":\"https:\\\/\\\/www.lilleliis.com\\\/et\\\/\",\"name\":\"lilleliis\",\"description\":\"Amigurumi m\u00e4nguasjad ja mustrid\",\"potentialAction\":[{\"@type\":\"SearchAction\",\"target\":{\"@type\":\"EntryPoint\",\"urlTemplate\":\"https:\\\/\\\/www.lilleliis.com\\\/et\\\/?s={search_term_string}\"},\"query-input\":{\"@type\":\"PropertyValueSpecification\",\"valueRequired\":true,\"valueName\":\"search_term_string\"}}],\"inLanguage\":\"et\"}]}<\/script>\n<!-- \/ Yoast SEO plugin. -->","yoast_head_json":{"title":"Ostujuhend | lilleliis","robots":{"index":"index","follow":"follow","max-snippet":"max-snippet:-1","max-image-preview":"max-image-preview:large","max-video-preview":"max-video-preview:-1"},"canonical":"https:\/\/www.lilleliis.com\/et\/ostujuhend\/","og_locale":"et_EE","og_type":"article","og_title":"Ostujuhend | lilleliis","og_description":"[vc_row][vc_column][vc_column_text] Ostu sooritamine Vali lilleliisi eestikeelsest veebipoest v\u00e4lja sobivad tooted ja lisa need ostukorvi. Eelnevalt tutvu kindlasti tootekirjeldusega. Enne tellimuse kinnitamist saab ostukorvi sisu soovi korral muuta ja kustutada. Transporti vajavatele tellimustele lisatakse kohaletoimetamise tasu, mis s\u00f5ltub sellest, kuhu kaup saadetakse. Eesti sisesed tellimused \u2013 4 eur Euroopa Liidu sisesed tellimused \u2013\u00a0 15 eur Tellimused [...]","og_url":"https:\/\/www.lilleliis.com\/et\/ostujuhend\/","og_site_name":"lilleliis","article_publisher":"https:\/\/www.facebook.com\/lilleliis-283266335035799\/","article_modified_time":"2022-09-19T14:17:08+00:00","twitter_card":"summary_large_image","twitter_misc":{"Est. reading time":"2 minutes"},"schema":{"@context":"https:\/\/schema.org","@graph":[{"@type":"WebPage","@id":"https:\/\/www.lilleliis.com\/et\/ostujuhend\/","url":"https:\/\/www.lilleliis.com\/et\/ostujuhend\/","name":"Ostujuhend | lilleliis","isPartOf":{"@id":"https:\/\/www.lilleliis.com\/et\/#website"},"datePublished":"2019-03-31T10:04:26+00:00","dateModified":"2022-09-19T14:17:08+00:00","breadcrumb":{"@id":"https:\/\/www.lilleliis.com\/et\/ostujuhend\/#breadcrumb"},"inLanguage":"et","potentialAction":[{"@type":"ReadAction","target":["https:\/\/www.lilleliis.com\/et\/ostujuhend\/"]}]},{"@type":"BreadcrumbList","@id":"https:\/\/www.lilleliis.com\/et\/ostujuhend\/#breadcrumb","itemListElement":[{"@type":"ListItem","position":1,"name":"Home","item":"https:\/\/www.lilleliis.com\/et\/"},{"@type":"ListItem","position":2,"name":"Ostujuhend"}]},{"@type":"WebSite","@id":"https:\/\/www.lilleliis.com\/et\/#website","url":"https:\/\/www.lilleliis.com\/et\/","name":"lilleliis","description":"Amigurumi m\u00e4nguasjad ja mustrid","potentialAction":[{"@type":"SearchAction","target":{"@type":"EntryPoint","urlTemplate":"https:\/\/www.lilleliis.com\/et\/?s={search_term_string}"},"query-input":{"@type":"PropertyValueSpecification","valueRequired":true,"valueName":"search_term_string"}}],"inLanguage":"et"}]}},"_links":{"self":[{"href":"https:\/\/www.lilleliis.com\/et\/wp-json\/wp\/v2\/pages\/52961","targetHints":{"allow":["GET"]}}],"collection":[{"href":"https:\/\/www.lilleliis.com\/et\/wp-json\/wp\/v2\/pages"}],"about":[{"href":"https:\/\/www.lilleliis.com\/et\/wp-json\/wp\/v2\/types\/page"}],"author":[{"embeddable":true,"href":"https:\/\/www.lilleliis.com\/et\/wp-json\/wp\/v2\/users\/3"}],"replies":[{"embeddable":true,"href":"https:\/\/www.lilleliis.com\/et\/wp-json\/wp\/v2\/comments?post=52961"}],"version-history":[{"count":5,"href":"https:\/\/www.lilleliis.com\/et\/wp-json\/wp\/v2\/pages\/52961\/revisions"}],"predecessor-version":[{"id":87480,"href":"https:\/\/www.lilleliis.com\/et\/wp-json\/wp\/v2\/pages\/52961\/revisions\/87480"}],"wp:attachment":[{"href":"https:\/\/www.lilleliis.com\/et\/wp-json\/wp\/v2\/media?parent=52961"}],"curies":[{"name":"wp","href":"https:\/\/api.w.org\/{rel}","templated":true}]}}