{"id":7616,"date":"2014-04-03T15:28:20","date_gmt":"2014-04-03T12:28:20","guid":{"rendered":"http:\/\/lilleliis.com\/?page_id=7616"},"modified":"2022-03-10T12:04:37","modified_gmt":"2022-03-10T10:04:37","slug":"kkk","status":"publish","type":"page","link":"https:\/\/www.lilleliis.com\/et\/kkk\/","title":{"rendered":"Korduma kippuvad k\u00fcsimused"},"content":{"rendered":"<div class=\"wpb-content-wrapper\">[vc_row][vc_column width=&#8221;1\/2&#8243;][vc_toggle title=&#8221;Kuidas eritellimust esitada?&#8221;]Kui sinu sooviks on omada v\u00f5i kinkida erilist k\u00e4sit\u00f6\u00f6na valmistatud m\u00e4nguasja, on v\u00f5imalik esitada eritellimus. Oma soovist kirjuta aadressil\u00a0<a href=\"mailto:lilleliis@gmail.com\">lilleliis@gmail.com<\/a>. K\u00f5igist detailidest (tellimise v\u00f5imalikkus, ajagraafik, hind jne) saame t\u00e4psemalt r\u00e4\u00e4kida juba e-posti teel.[\/vc_toggle][vc_toggle title=&#8221;Toodete turvalisusest ja hooldusest&#8221;]Lilleliisi m\u00e4nguasjad valmivad k\u00e4sit\u00f6\u00f6na ning ei vasta tavakaubanduses tuntud turvastandardile. M\u00e4nguasju valmitatakse armastusega, k\u00f5ik pisidetailid kinnitatakse hoolikalt ja v\u00f5imalikult kindlalt. Just t\u00e4nu pisidetailidele (turvasilmad, n\u00f6\u00f6bid, paelad) ei ole hea j\u00e4tta m\u00e4ngivat v\u00e4ikelast j\u00e4relvalveta.<\/p>\n<p>K\u00e4sitsi valmistatud m\u00e4nguasju soovitan <strong>pesta k\u00e4sitsi<\/strong>, kuna nii s\u00e4ilivad l\u00f5nga omadused k\u00f5ige paremini. Pesta v\u00f5iks k\u00e4esoojas vees, kasutades vaid v\u00e4hesel m\u00e4\u00e4ral pesuvahendit. Kindlasti ei tohiks m\u00e4nguasja v\u00e4\u00e4nata, vaid hoopis pigistada kuivaks. Kuivatamiseks aseta ese k\u00e4ter\u00e4tile ja varu kannatust \u2013 vastavalt l\u00f5nga koostisele ja eseme suurusele v\u00f5ib l\u00f5plikuks kuivamiseks kuluda mitu p\u00e4eva.[\/vc_toggle][vc_toggle title=&#8221;Lilleliisi \u00f5petused &#8211; millised need on?&#8221;]Lilleliisi amigurumi ja heegeldamise \u00f5petused on p\u00f5hjalikud, sisaldades samm-sammulist juhendit eseme valmistamiseks ning palju fotosid, et protsess sinu jaoks v\u00f5imalikult lihtsaks muuta. Iga mustri teksti koostamisele, fotomaterjali \u00fcles pildistamisele, kontrollimisele, vigade k\u00f5rvaldamisele ning kolmanda isiku poolt l\u00e4bi testimisele kulub kokku mitmeid n\u00e4dalaid.<\/p>\n<p>Lilleliisi k\u00e4sit\u00f6\u00f6 mustritel on austajaid \u00fcle maailma ning need on saanud palju positiivset tagasisidet.<\/p>\n<p>\u00d5petused on jagatud kolme raskusastmesse:<\/p>\n<p><strong>lihtne <\/strong>\u2013 \u00f5petused, mis on m\u00f5eldud algajatele. Sisaldavad enamasti \u00fcht heegeldamise v\u00f5tet ning ka detailide kokku\u00f5mblemine on lihtne.<\/p>\n<p><strong>keskmine<\/strong> \u2013 \u00f5petused, mis sobivad varasema kogemusega valmistajatele. Lisaks erinevatele silmustele v\u00f5ivad sisaldada ka keerulisemaid v\u00f5tteid kokku\u00f5mblemisel ja viimistlemisel.<\/p>\n<p><strong>keerukas<\/strong> &#8211; n\u00f5udlikud projektid, mis eeldavad kogemusi ja kannatlikkust. Kombineeritud on mitmed erinevad silmused ja muud keerulisemad v\u00f5tted.[\/vc_toggle][vc_toggle title=&#8221;Kas \u00f5petused on eesti keeles?&#8221;]V\u00e4ga paljud \u00f5petused on olemas eesti keeles, aga on ka selliseid, mis on m\u00fc\u00fcgil inglise (v\u00f5i m\u00f5ne muu) keelsena. Toote nime juurde m\u00e4rgitud &#8220;ENG&#8221; t\u00e4histab \u00f5petuse saadavust ainult v\u00f5\u00f5rkeelsena (enamasti inglise).<\/p>\n<p>Enne toote ostukorvi panemist tuleb valida \u00f5petuse keel. Sealt on mugav kontrollida, millises keeles muster olemas on.[\/vc_toggle][\/vc_column][vc_column width=&#8221;1\/2&#8243;][vc_toggle title=&#8221;Vajan \u00f5petuse kasutamisel abi&#8221;]Esmalt soovitan kindlasti uurida <a title=\"Amigurumi ABC\" href=\"https:\/\/www.lilleliis.com\/et\/amigurumi-manguasjade-valmistamine\/\">siinseid postitusi<\/a>, kus on k\u00e4sitletud mitmeid olulisi m\u00e4nguasjade valmistamist puudutavaid teemasid. Kasutades Google`i otsingut leiad rohkelt inglise keelseid abimaterjale nii tekstide kui videode n\u00e4ol.<\/p>\n<p>Kui sealsed teemad sinu k\u00fcsimusele vastust ei anna v\u00f5i sul on konkreetne k\u00fcsimus minu \u00f5petuse kohta, kirjuta mulle e-posti aadressil <a href=\"mailto:lilleliis@gmail.com\">lilleliis@gmail.com<\/a>.[\/vc_toggle][vc_toggle title=&#8221;Otsin lilleliisi raamatuid&#8221;]Kogu raamatutesse puutuv info on leitav <a href=\"https:\/\/www.lilleliis.com\/et\/kasitooraamatud\/\" target=\"_blank\" rel=\"noopener\">siit<\/a>.[\/vc_toggle][vc_toggle title=&#8221;Soovin osta \u00f5petust prinditud kujul&#8221;]Lilleliisi \u00f5petused on saadaval ainult elektroonilise tootena, mille link saadetakse sinu e-posti aadressile automaatselt p\u00e4rast tellimuse eest tasumist. Vastavalt soovile v\u00f5id selle oma arvutisse allalaadida v\u00f5i v\u00e4lja printida.<\/p>\n<p>Kui eelistatud \u00f5petusi paberkujul, uuri l\u00e4hemalt ilmunud <a href=\"https:\/\/www.lilleliis.com\/et\/kasitooraamatud\/\">raamatute<\/a> kohta.[\/vc_toggle][vc_toggle title=&#8221;Kust leida tasuta mustreid?&#8221;]K\u00f5ik minu tasuta amigurumi ja heegeldamise \u00f5petused leiad <a href=\"https:\/\/www.lilleliis.com\/et\/amigurumi-mustrid\/\">siit<\/a>.[\/vc_toggle][\/vc_column][\/vc_row]\n<\/div>","protected":false},"excerpt":{"rendered":"[vc_row][vc_column width=&#8221;1\/2&#8243;][vc_toggle title=&#8221;Kuidas eritellimust esitada?&#8221;]Kui sinu sooviks on omada v\u00f5i kinkida erilist k\u00e4sit\u00f6\u00f6na valmistatud m\u00e4nguasja, on v\u00f5imalik esitada eritellimus. Oma soovist kirjuta aadressil\u00a0lilleliis@gmail.com. K\u00f5igist detailidest (tellimise v\u00f5imalikkus, ajagraafik, hind jne) saame t\u00e4psemalt r\u00e4\u00e4kida juba e-posti teel.[\/vc_toggle][vc_toggle title=&#8221;Toodete turvalisusest ja hooldusest&#8221;]Lilleliisi m\u00e4nguasjad valmivad k\u00e4sit\u00f6\u00f6na ning ei vasta tavakaubanduses tuntud turvastandardile. M\u00e4nguasju valmitatakse armastusega, k\u00f5ik pisidetailid kinnitatakse [&#8230;]\n","protected":false},"author":3,"featured_media":0,"parent":0,"menu_order":0,"comment_status":"closed","ping_status":"closed","template":"","meta":{"footnotes":""},"class_list":["post-7616","page","type-page","status-publish","hentry"],"yoast_head":"<!-- This site is optimized with the Yoast SEO plugin v27.3 - https:\/\/yoast.com\/product\/yoast-seo-wordpress\/ -->\n<title>Korduma kippuvad k\u00fcsimused | lilleliis<\/title>\n<meta name=\"description\" content=\"Korduma kippuvad k\u00fcsimused. Nagu n\u00e4iteks, kuidas e-poest tellimust esitada? Kuidas eritellimust esitada? Kas \u00f5petused on eesti keeles?\" \/>\n<meta name=\"robots\" content=\"index, follow, max-snippet:-1, max-image-preview:large, max-video-preview:-1\" \/>\n<link rel=\"canonical\" href=\"https:\/\/www.lilleliis.com\/et\/kkk\/\" \/>\n<meta property=\"og:locale\" content=\"et_EE\" \/>\n<meta property=\"og:type\" content=\"article\" \/>\n<meta property=\"og:title\" content=\"Korduma kippuvad k\u00fcsimused | lilleliis\" \/>\n<meta property=\"og:description\" content=\"Korduma kippuvad k\u00fcsimused. Nagu n\u00e4iteks, kuidas e-poest tellimust esitada? Kuidas eritellimust esitada? Kas \u00f5petused on eesti keeles?\" \/>\n<meta property=\"og:url\" content=\"https:\/\/www.lilleliis.com\/et\/kkk\/\" \/>\n<meta property=\"og:site_name\" content=\"lilleliis\" \/>\n<meta property=\"article:publisher\" content=\"https:\/\/www.facebook.com\/lilleliis-283266335035799\/\" \/>\n<meta property=\"article:modified_time\" content=\"2022-03-10T10:04:37+00:00\" \/>\n<meta name=\"twitter:card\" content=\"summary_large_image\" \/>\n<meta name=\"twitter:label1\" content=\"Est. reading time\" \/>\n\t<meta name=\"twitter:data1\" content=\"2 minutes\" \/>\n<script type=\"application\/ld+json\" class=\"yoast-schema-graph\">{\"@context\":\"https:\\\/\\\/schema.org\",\"@graph\":[{\"@type\":\"WebPage\",\"@id\":\"https:\\\/\\\/www.lilleliis.com\\\/et\\\/kkk\\\/\",\"url\":\"https:\\\/\\\/www.lilleliis.com\\\/et\\\/kkk\\\/\",\"name\":\"Korduma kippuvad k\u00fcsimused | lilleliis\",\"isPartOf\":{\"@id\":\"https:\\\/\\\/www.lilleliis.com\\\/et\\\/#website\"},\"datePublished\":\"2014-04-03T12:28:20+00:00\",\"dateModified\":\"2022-03-10T10:04:37+00:00\",\"description\":\"Korduma kippuvad k\u00fcsimused. Nagu n\u00e4iteks, kuidas e-poest tellimust esitada? Kuidas eritellimust esitada? Kas \u00f5petused on eesti keeles?\",\"breadcrumb\":{\"@id\":\"https:\\\/\\\/www.lilleliis.com\\\/et\\\/kkk\\\/#breadcrumb\"},\"inLanguage\":\"et\",\"potentialAction\":[{\"@type\":\"ReadAction\",\"target\":[\"https:\\\/\\\/www.lilleliis.com\\\/et\\\/kkk\\\/\"]}]},{\"@type\":\"BreadcrumbList\",\"@id\":\"https:\\\/\\\/www.lilleliis.com\\\/et\\\/kkk\\\/#breadcrumb\",\"itemListElement\":[{\"@type\":\"ListItem\",\"position\":1,\"name\":\"Home\",\"item\":\"https:\\\/\\\/www.lilleliis.com\\\/et\\\/\"},{\"@type\":\"ListItem\",\"position\":2,\"name\":\"Korduma kippuvad k\u00fcsimused\"}]},{\"@type\":\"WebSite\",\"@id\":\"https:\\\/\\\/www.lilleliis.com\\\/et\\\/#website\",\"url\":\"https:\\\/\\\/www.lilleliis.com\\\/et\\\/\",\"name\":\"lilleliis\",\"description\":\"Amigurumi m\u00e4nguasjad ja mustrid\",\"potentialAction\":[{\"@type\":\"SearchAction\",\"target\":{\"@type\":\"EntryPoint\",\"urlTemplate\":\"https:\\\/\\\/www.lilleliis.com\\\/et\\\/?s={search_term_string}\"},\"query-input\":{\"@type\":\"PropertyValueSpecification\",\"valueRequired\":true,\"valueName\":\"search_term_string\"}}],\"inLanguage\":\"et\"}]}<\/script>\n<!-- \/ Yoast SEO plugin. -->","yoast_head_json":{"title":"Korduma kippuvad k\u00fcsimused | lilleliis","description":"Korduma kippuvad k\u00fcsimused. Nagu n\u00e4iteks, kuidas e-poest tellimust esitada? Kuidas eritellimust esitada? Kas \u00f5petused on eesti keeles?","robots":{"index":"index","follow":"follow","max-snippet":"max-snippet:-1","max-image-preview":"max-image-preview:large","max-video-preview":"max-video-preview:-1"},"canonical":"https:\/\/www.lilleliis.com\/et\/kkk\/","og_locale":"et_EE","og_type":"article","og_title":"Korduma kippuvad k\u00fcsimused | lilleliis","og_description":"Korduma kippuvad k\u00fcsimused. Nagu n\u00e4iteks, kuidas e-poest tellimust esitada? Kuidas eritellimust esitada? Kas \u00f5petused on eesti keeles?","og_url":"https:\/\/www.lilleliis.com\/et\/kkk\/","og_site_name":"lilleliis","article_publisher":"https:\/\/www.facebook.com\/lilleliis-283266335035799\/","article_modified_time":"2022-03-10T10:04:37+00:00","twitter_card":"summary_large_image","twitter_misc":{"Est. reading time":"2 minutes"},"schema":{"@context":"https:\/\/schema.org","@graph":[{"@type":"WebPage","@id":"https:\/\/www.lilleliis.com\/et\/kkk\/","url":"https:\/\/www.lilleliis.com\/et\/kkk\/","name":"Korduma kippuvad k\u00fcsimused | lilleliis","isPartOf":{"@id":"https:\/\/www.lilleliis.com\/et\/#website"},"datePublished":"2014-04-03T12:28:20+00:00","dateModified":"2022-03-10T10:04:37+00:00","description":"Korduma kippuvad k\u00fcsimused. Nagu n\u00e4iteks, kuidas e-poest tellimust esitada? Kuidas eritellimust esitada? Kas \u00f5petused on eesti keeles?","breadcrumb":{"@id":"https:\/\/www.lilleliis.com\/et\/kkk\/#breadcrumb"},"inLanguage":"et","potentialAction":[{"@type":"ReadAction","target":["https:\/\/www.lilleliis.com\/et\/kkk\/"]}]},{"@type":"BreadcrumbList","@id":"https:\/\/www.lilleliis.com\/et\/kkk\/#breadcrumb","itemListElement":[{"@type":"ListItem","position":1,"name":"Home","item":"https:\/\/www.lilleliis.com\/et\/"},{"@type":"ListItem","position":2,"name":"Korduma kippuvad k\u00fcsimused"}]},{"@type":"WebSite","@id":"https:\/\/www.lilleliis.com\/et\/#website","url":"https:\/\/www.lilleliis.com\/et\/","name":"lilleliis","description":"Amigurumi m\u00e4nguasjad ja mustrid","potentialAction":[{"@type":"SearchAction","target":{"@type":"EntryPoint","urlTemplate":"https:\/\/www.lilleliis.com\/et\/?s={search_term_string}"},"query-input":{"@type":"PropertyValueSpecification","valueRequired":true,"valueName":"search_term_string"}}],"inLanguage":"et"}]}},"_links":{"self":[{"href":"https:\/\/www.lilleliis.com\/et\/wp-json\/wp\/v2\/pages\/7616","targetHints":{"allow":["GET"]}}],"collection":[{"href":"https:\/\/www.lilleliis.com\/et\/wp-json\/wp\/v2\/pages"}],"about":[{"href":"https:\/\/www.lilleliis.com\/et\/wp-json\/wp\/v2\/types\/page"}],"author":[{"embeddable":true,"href":"https:\/\/www.lilleliis.com\/et\/wp-json\/wp\/v2\/users\/3"}],"replies":[{"embeddable":true,"href":"https:\/\/www.lilleliis.com\/et\/wp-json\/wp\/v2\/comments?post=7616"}],"version-history":[{"count":61,"href":"https:\/\/www.lilleliis.com\/et\/wp-json\/wp\/v2\/pages\/7616\/revisions"}],"predecessor-version":[{"id":85126,"href":"https:\/\/www.lilleliis.com\/et\/wp-json\/wp\/v2\/pages\/7616\/revisions\/85126"}],"wp:attachment":[{"href":"https:\/\/www.lilleliis.com\/et\/wp-json\/wp\/v2\/media?parent=7616"}],"curies":[{"name":"wp","href":"https:\/\/api.w.org\/{rel}","templated":true}]}}