{"id":98267,"date":"2025-01-24T13:06:59","date_gmt":"2025-01-24T11:06:59","guid":{"rendered":"https:\/\/www.lilleliis.com\/?page_id=98267"},"modified":"2025-05-15T12:42:32","modified_gmt":"2025-05-15T09:42:32","slug":"tibatilluke-heegeldatud-karu","status":"publish","type":"page","link":"https:\/\/www.lilleliis.com\/et\/amigurumi-mustrid\/tibatilluke-heegeldatud-karu\/","title":{"rendered":"Tibatilluke heegeldatud karu"},"content":{"rendered":"  <div id=\"page-header-1210927911\" class=\"page-header-wrapper\">\n  <div class=\"page-title dark divided-title\">\n\n        <div class=\"page-title-bg\">\n      <div class=\"title-bg fill bg-fill\"\n        data-parallax-container=\".page-title\"\n        data-parallax-background\n        data-parallax=\"-\">\n      <\/div>\n      <div class=\"title-overlay fill\"><\/div>\n    <\/div>\n    \n    <div class=\"page-title-inner container align-center text-center flex-row-col medium-flex-wrap\" >\n              <div class=\"title-wrapper flex-col\">\n          <h1 class=\"entry-title mb-0\">\n            TIBATILLUKE KARU          <\/h1>\n        <\/div>\n                <div class=\"page-title-sub op-7 flex-col\">\n          <p class=\"lead\">\u00d5petus \u00a9 Mari-Liis Lille<\/p>\n        <\/div>\n                    <div class=\"title-content flex-col\">\n        <div class=\"title-share pt-half pb-half\"><div class=\"social-icons share-icons share-row relative icon-style-outline\" ><a href=\"https:\/\/www.facebook.com\/sharer.php?u=https:\/\/www.lilleliis.com\/et\/amigurumi-mustrid\/tibatilluke-heegeldatud-karu\/\" data-label=\"Facebook\" onclick=\"window.open(this.href,this.title,'width=500,height=500,top=300px,left=300px'); return false;\" target=\"_blank\" class=\"icon button circle is-outline tooltip facebook\" title=\"Share on Facebook\" aria-label=\"Share on Facebook\" rel=\"noopener nofollow\"><i class=\"icon-facebook\" aria-hidden=\"true\"><\/i><\/a><a href=\"mailto:?subject=Tibatilluke%20heegeldatud%20karu&body=Check%20this%20out%3A%20https%3A%2F%2Fwww.lilleliis.com%2Fet%2Famigurumi-mustrid%2Ftibatilluke-heegeldatud-karu%2F\" class=\"icon button circle is-outline tooltip email\" title=\"Email to a Friend\" aria-label=\"Email to a Friend\" rel=\"nofollow\"><i class=\"icon-envelop\" aria-hidden=\"true\"><\/i><\/a><a href=\"https:\/\/pinterest.com\/pin\/create\/button?url=https:\/\/www.lilleliis.com\/et\/amigurumi-mustrid\/tibatilluke-heegeldatud-karu\/&media=https:\/\/www.lilleliis.com\/wp-content\/uploads\/2025\/01\/amigurumi-kursus-vaike-mommik-1-800x800.jpg&description=Tibatilluke%20heegeldatud%20karu\" onclick=\"window.open(this.href,this.title,'width=500,height=500,top=300px,left=300px'); return false;\" target=\"_blank\" class=\"icon button circle is-outline tooltip pinterest\" title=\"Pin on Pinterest\" aria-label=\"Pin on Pinterest\" rel=\"noopener nofollow\"><i class=\"icon-pinterest\" aria-hidden=\"true\"><\/i><\/a><\/div><\/div>      <\/div>\n    <\/div>\n\n     \n<style>\n#page-header-1210927911 .page-title-inner {\n  min-height: 400px;\n}\n#page-header-1210927911 .title-bg {\n  background-image: url(https:\/\/www.lilleliis.com\/wp-content\/uploads\/2025\/01\/DSC_9249.jpg);\n}\n<\/style>\n  <\/div>\n  <div class=\"container header-wrapper-divider\"><hr\/><\/div>  <\/div>\n  \n<p>Tibatilluke karu on nii v\u00e4ike, et mahub ka pisikesse pihku imeh\u00e4sti \u00e4ra. Teda on m\u00f5nus hoida &#8211; see annab hea, turvalise tunde.<\/p>\n<p>Karu sobib h\u00e4sti sinu esimeseks katsetuseks amigurumiga. Detaile tuleb kokku heegeldada \u00fcheksa, aga need k\u00f5ik on \u00fcsna pisikesed ja ka l\u00f5nga kulub neile \u00fcsna v\u00e4he. Samas saab hea ettekujutuse m\u00e4nguasja valmistamisest ja amigurumi peamistest tehnikatest nagu v\u00f5luring, kinnissilmuste heegeldamine, detaili kasvatamine ja kahandamine ning kokku\u00f5mblemine.<\/p>\n<p>Kinkekarpi pistetud karuke on kena ja s\u00fcmboolne kingitus vasts\u00fcndinule. Suurematele karus\u00f5pradele v\u00f5ib ta r\u00f5\u00f5mu tuua v\u00f5tmekimbu k\u00fcljes k\u00f5lkudes. Pisikese karu v\u00f5ib aga heegeldada ka hoopis nukule, kellele saab lemmiklooma kaenlasse s\u00e4ttida.<\/p>\n<div class=\"message-box relative\" style=\"padding-top:15px;padding-bottom:15px;\"><div class=\"message-box-bg-image bg-fill fill\" ><\/div><div class=\"message-box-bg-overlay bg-fill fill\" ><\/div><div class=\"container relative\"><div class=\"inner last-reset\">\n<div class=\"row align-middle align-center\"  id=\"row-404223737\">\n\n\t<div id=\"col-1963946087\" class=\"col medium-9 small-12 large-9\"  >\n\t\t\t\t<div class=\"col-inner\"  >\n\t\t\t\n\t\t\t\n<p style=\"margin: 0in; background: #F1F1F1;\"><span style=\"font-size: 10.0pt; font-family: 'Arial',sans-serif; color: #777777;\">LILLELIISI M\u00c4NGUASJAD VALMIVAD ORIGINAALLOOMINGUNA. M\u00c4NGUASJADE KUJUNDAMISELE, \u00d5PETUSTE KIRJUTAMISELE, PILDISTAMISELE JA S\u00d5BRALIKU TEENINDUSE PAKKUMISELE KULUB PALJU AEGA JA ENERGIAT. SEEP\u00c4RAST OLEKS MUL HEA MEEL, KUI VASTUTASUKS \u00d5PETUSE KASUTAMISE EEST LISAKSID TOODETELE V\u00d5I FOTODELE (BLOGIS, FACEBOOKIS V\u00d5I KUS IGANES MUJAL) VIITE MINU KODULEHELE.<\/span><\/p>\n<p style=\"margin: 0in; background: #F1F1F1; box-sizing: border-box; font-variant-ligatures: normal; font-variant-caps: normal; orphans: 2; text-align: start; widows: 2; -webkit-text-stroke-width: 0px; text-decoration-style: initial; text-decoration-color: initial; word-spacing: 0px;\"><span style=\"box-sizing: border-box;\" data-text-color=\"secondary\"><span style=\"font-size: 10.0pt; font-family: 'Arial',sans-serif; color: #777777;\">\u00a9 COPYRIGHT<\/span><\/span><span style=\"font-family: 'Arial',sans-serif; color: #777777;\"><br style=\"box-sizing: border-box;\" \/><\/span><span style=\"font-size: 10.0pt; font-family: 'Arial',sans-serif; color: #777777;\"><span style=\"box-sizing: border-box;\">*VALMIS TOODETE M\u00dc\u00dcMINE ON LUBATUD, KUID ENNE\u00a0LOE L\u00c4HEMALT TINGIMUSTEST.<\/span><\/span><span style=\"font-family: 'Arial',sans-serif; color: #777777;\"><br style=\"box-sizing: border-box;\" \/><\/span><span style=\"font-size: 10.0pt; font-family: 'Arial',sans-serif; color: #777777;\"><span style=\"box-sizing: border-box;\">*\u00d5PETUST ON KEELATUD JAGADA V\u00d5I M\u00dc\u00dcA.<\/span><\/span><\/p>\n\t\t<\/div>\n\t\t\t\t\t<\/div>\n\n\t\n\n\t<div id=\"col-1379370201\" class=\"col medium-2 small-12 large-2\"  >\n\t\t\t\t<div class=\"col-inner text-center\"  >\n\t\t\t\n\t\t\t\n<a href=\"https:\/\/www.lilleliis.com\/et\/autorioigused\/\" target=\"_blank\" class=\"button white is-outline\" rel=\"noopener\" style=\"border-radius:99px;\">\n\t\t<span>LOE L\u00c4HEMALT<\/span>\n\t<\/a>\n\n\t\t<\/div>\n\t\t\t\t\t<\/div>\n\n\t\n<\/div>\n<\/div><\/div><\/div>\n<div class=\"row row-dashed\"  id=\"row-1829187573\">\n\n\t<div id=\"col-1632921493\" class=\"col medium-4 small-12 large-4\"  >\n\t\t\t\t<div class=\"col-inner\"  >\n\t\t\t\n\t\t\t\n<p><strong>Vaja l\u00e4heb:<\/strong><\/p>\n<ul>\n<li style=\"font-weight: 400;\">puuvillast l\u00f5nga sinu valitud toonis<\/li>\n<li>pisut valget l\u00f5nga koonuks<\/li>\n<li>heegeln\u00f5ela j\u00e4medusega 2,5 mm<\/li>\n<li>m\u00e4nguasja t\u00e4idet<\/li>\n<li>turvasilmi (\u00d8 6 mm)<\/li>\n<li>niiti nina ja suu tikkimiseks<\/li>\n<li>sukan\u00f5ela<\/li>\n<\/ul>\n\t\t<\/div>\n\t\t\t\t\t<\/div>\n\n\t\n\n\t<div id=\"col-338605897\" class=\"col medium-4 small-12 large-4\"  >\n\t\t\t\t<div class=\"col-inner\"  >\n\t\t\t\n\t\t\t\n<p><strong>Suurus:<\/strong> 8 cm<\/p>\n<p><strong>Raskusaste:<\/strong> lihtne<\/p>\n<p><strong>Silmused ja tingm\u00e4rgid:<\/strong><\/p>\n<p>v\u00f5luring, aassilmus (aass), ahelsilmus (ah), kinnissilmus (ks)<\/p>\n\t\t<\/div>\n\t\t\t\t\t<\/div>\n\n\t\n\n\t<div id=\"col-178525019\" class=\"col medium-4 small-12 large-4\"  >\n\t\t\t\t<div class=\"col-inner\"  >\n\t\t\t\n\t\t\t\n<p><strong>Mustrist:<\/strong><\/p>\n<ul>\n<li>Detailid heegeldatakse ringselt, ilma ridu \u00fchendamata.<\/li>\n<li>Kasuta silmusem\u00e4rkijat v\u00f5i l\u00fchikest l\u00f5ngajuppi, et t\u00e4histada \u00e4ra iga uue ringi algus.<\/li>\n<li>J\u00e4ta detaili l\u00f5ppu kokku\u00f5mblemiseks pikk l\u00f5ngasaba.<\/li>\n<\/ul>\n\t\t<\/div>\n\t\t\t\t\t<\/div>\n\n\t\n<\/div>\n<div class=\"container section-title-container\" ><h3 class=\"section-title section-title-bold\"><b aria-hidden=\"true\"><\/b><span class=\"section-title-main\" >PEA<\/span><b aria-hidden=\"true\"><\/b><\/h3><\/div>\n<p style=\"font-weight: 400;\">1: Heegelda 6 ks v\u00f5luringi [6]\n<p style=\"font-weight: 400;\">2: 2 ks igasse ks-sse [12]\n<p style=\"font-weight: 400;\">3: (1 x ks, 2 ks j\u00e4rgmisse ks-sse) 6 korda [18]\n<p style=\"font-weight: 400;\">4: (2 x ks, 2 ks j\u00e4rgmisse ks-sse) 6 korda [24]\n<p style=\"font-weight: 400;\">5: (3 x ks, 2 ks j\u00e4rgmisse ks-sse) 6 korda [30]\n<p style=\"font-weight: 400;\">6\u201311 (6 ringi): 1 ks igasse ks-sse [30]\n<p style=\"font-weight: 400;\">12: (3 x ks, 2 ks kokku) 6 korda [24]\n<p style=\"font-weight: 400;\">Kinnita silmad 9. ja 10. ringi vahele. Silmade vahekaugus peaks olema 8 silmusevahet, lugedes nii, et \u00fcks silm asub 1. vahes ja teine 8. vahes.<\/p>\n<p style=\"font-weight: 400;\">13: (2 x ks, 2 ks kokku) 6 korda [18]\n<p style=\"font-weight: 400;\">14: (1 x ks, 2 ks kokku) 6 korda [12]\n<p style=\"font-weight: 400;\">T\u00e4ida pea.<\/p>\n<div class=\"container section-title-container\" ><h3 class=\"section-title section-title-bold\"><b aria-hidden=\"true\"><\/b><span class=\"section-title-main\" >KOON<\/span><b aria-hidden=\"true\"><\/b><\/h3><\/div>\n<p style=\"font-weight: 400;\">1: <strong>Valge l\u00f5ng. <\/strong>Heegelda 5 ks v\u00f5luringi [5]\n<p style=\"font-weight: 400;\">2: 2 ks igasse ks-sse [10]\n<p style=\"font-weight: 400;\">3: 1 ks igasse ks-sse [10]\n<p style=\"font-weight: 400;\">\u00d5mble koon sobivale kohale. Tiki niidiga nina ja suu.<\/p>\n<div class=\"container section-title-container\" ><h3 class=\"section-title section-title-bold\"><b aria-hidden=\"true\"><\/b><span class=\"section-title-main\" >K\u00d5RV<\/span><b aria-hidden=\"true\"><\/b><\/h3><\/div>\n<p>Heegelda 2 samasugust k\u00f5rva.<\/p>\n<p style=\"font-weight: 400;\">1: Heegelda 10 ks v\u00f5luringi [10]\n<p style=\"font-weight: 400;\">2: 1 ks igasse ks-sse [10]\n<p style=\"font-weight: 400;\">Peida l\u00fchike l\u00f5ngasaba v\u00f5imalikult m\u00e4rkamatult detaili sisse.<\/p>\n<p style=\"font-weight: 400;\">\u00d5mble k\u00f5rvad kohale, pealaelt j\u00e4ta v\u00e4hemalt 3 ringi vabaks.<\/p>\n<div class=\"container section-title-container\" ><h3 class=\"section-title section-title-bold\"><b aria-hidden=\"true\"><\/b><span class=\"section-title-main\" >KEHA<\/span><b aria-hidden=\"true\"><\/b><\/h3><\/div>\n<p style=\"font-weight: 400;\">1: Heegelda 6 ks v\u00f5luringi [6]\n<p style=\"font-weight: 400;\">2: 2 ks igasse ks-sse [12]\n<p style=\"font-weight: 400;\">3: (1 x ks, 2 ks j\u00e4rgmisse ks-sse) 6 korda [18]\n<p style=\"font-weight: 400;\">4: (2 x ks, 2 ks j\u00e4rgmisse ks-sse) 6 korda [24]\n<p style=\"font-weight: 400;\">5\u20137 (3 ringi): 1 ks igasse ks-sse [24]\n<p style=\"font-weight: 400;\">8: (6 x ks, 2 ks kokku) 3 korda [21]\n<p style=\"font-weight: 400;\">9: 1 ks igasse ks-sse [21]\n<p style=\"font-weight: 400;\">10: (5 x ks, 2 ks kokku) 3 korda [18]\n<p style=\"font-weight: 400;\">11: 1 ks igasse ks-sse [18]\n<p style=\"font-weight: 400;\">12: (1 ks, 2 ks kokku) 6 korda [12]\n<p style=\"font-weight: 400;\">T\u00e4ida keha ja \u00f5mble see peaga kokku.<\/p>\n<div class=\"container section-title-container\" ><h3 class=\"section-title section-title-bold\"><b aria-hidden=\"true\"><\/b><span class=\"section-title-main\" >JALG<\/span><b aria-hidden=\"true\"><\/b><\/h3><\/div>\n<p>Heegelda 2 samasugust jalga.<\/p>\n<p style=\"font-weight: 400;\">1: Heegelda 6 ks v\u00f5luringi [6]\n<p style=\"font-weight: 400;\">2: (2 ks igasse ks-sse) 6 korda [12]\n<p style=\"font-weight: 400;\">3: 1 ks igasse ks-sse [12]\n<p style=\"font-weight: 400;\">4: (2 x ks, 2 ks kokku) 3 korda [9]\n<p style=\"font-weight: 400;\">5: 1 ks igasse ks-sse [9]\n<p style=\"font-weight: 400;\">Lisa \u00f5ige pisut t\u00e4itematerjali ainult jala otsa.<\/p>\n<p style=\"font-weight: 400;\">6: (1 x ks, 2 ks kokku) 3 korda [6]\n<p style=\"font-weight: 400;\">7: 1 ks igasse ks-sse [6]\n<div class=\"container section-title-container\" ><h3 class=\"section-title section-title-bold\"><b aria-hidden=\"true\"><\/b><span class=\"section-title-main\" >K\u00c4PP<\/span><b aria-hidden=\"true\"><\/b><\/h3><\/div>\n<p>Heegelda 2 samasugust k\u00e4ppa.<\/p>\n<p style=\"font-weight: 400;\">1: Heegelda 8 ks v\u00f5luringi [8]\n<p style=\"font-weight: 400;\">2\u20133 (2 ringi): 1 ks igasse ks-sse [8]\n<p style=\"font-weight: 400;\">4: (2 x ks, 2 ks kokku) 2 korda [6]\n<p style=\"font-weight: 400;\">5-7 (3 ringi): 1 ks igasse ks-sse [6]\n<p style=\"font-weight: 400;\">Lisa \u00f5ige pisut t\u00e4itematerjali ainult k\u00e4pa otsa.<\/p>\n<p style=\"font-weight: 400;\">\u00d5mble j\u00e4semed kohale.<\/p>\n","protected":false},"excerpt":{"rendered":"<p>Tibatilluke karu on nii v\u00e4ike, et mahub ka pisikesse pihku imeh\u00e4sti \u00e4ra. Teda on m\u00f5nus hoida &#8211; see annab hea, turvalise tunde. Karu sobib h\u00e4sti sinu esimeseks katsetuseks amigurumiga. Detaile tuleb kokku heegeldada \u00fcheksa, aga need k\u00f5ik on \u00fcsna pisikesed ja ka l\u00f5nga kulub neile \u00fcsna v\u00e4he. Samas saab hea ettekujutuse m\u00e4nguasja valmistamisest ja amigurumi [&#8230;]\n","protected":false},"author":3,"featured_media":98205,"parent":31200,"menu_order":0,"comment_status":"closed","ping_status":"closed","template":"","meta":{"footnotes":""},"class_list":["post-98267","page","type-page","status-publish","has-post-thumbnail","hentry"],"yoast_head":"<!-- This site is optimized with the Yoast SEO plugin v27.3 - https:\/\/yoast.com\/product\/yoast-seo-wordpress\/ -->\n<title>Tibatilluke heegeldatud karu | Tasuta \u00f5petus | lilleliis<\/title>\n<meta name=\"description\" content=\"Tibatilluke heegeldatud karu koosneb \u00fcheksast detailist, aga need k\u00f5ik on \u00fcsna pisikesed ja ka l\u00f5nga kulub neile \u00fcsna v\u00e4he. Heegelda ise!\" \/>\n<meta name=\"robots\" content=\"index, follow, max-snippet:-1, max-image-preview:large, max-video-preview:-1\" \/>\n<link rel=\"canonical\" href=\"https:\/\/www.lilleliis.com\/et\/amigurumi-mustrid\/tibatilluke-heegeldatud-karu\/\" \/>\n<meta property=\"og:locale\" content=\"et_EE\" \/>\n<meta property=\"og:type\" content=\"article\" \/>\n<meta property=\"og:title\" content=\"Tibatilluke heegeldatud karu | Tasuta \u00f5petus | lilleliis\" \/>\n<meta property=\"og:description\" content=\"Tibatilluke heegeldatud karu koosneb \u00fcheksast detailist, aga need k\u00f5ik on \u00fcsna pisikesed ja ka l\u00f5nga kulub neile \u00fcsna v\u00e4he. Heegelda ise!\" \/>\n<meta property=\"og:url\" content=\"https:\/\/www.lilleliis.com\/et\/amigurumi-mustrid\/tibatilluke-heegeldatud-karu\/\" \/>\n<meta property=\"og:site_name\" content=\"lilleliis\" \/>\n<meta property=\"article:publisher\" content=\"https:\/\/www.facebook.com\/lilleliis-283266335035799\/\" \/>\n<meta property=\"article:modified_time\" content=\"2025-05-15T09:42:32+00:00\" \/>\n<meta property=\"og:image\" content=\"https:\/\/www.lilleliis.com\/wp-content\/uploads\/2025\/01\/amigurumi-kursus-vaike-mommik-1.jpg\" \/>\n\t<meta property=\"og:image:width\" content=\"1500\" \/>\n\t<meta property=\"og:image:height\" content=\"1500\" \/>\n\t<meta property=\"og:image:type\" content=\"image\/jpeg\" \/>\n<meta name=\"twitter:card\" content=\"summary_large_image\" \/>\n<meta name=\"twitter:label1\" content=\"Est. reading time\" \/>\n\t<meta name=\"twitter:data1\" content=\"4 minutes\" \/>\n<script type=\"application\/ld+json\" class=\"yoast-schema-graph\">{\"@context\":\"https:\\\/\\\/schema.org\",\"@graph\":[{\"@type\":\"WebPage\",\"@id\":\"https:\\\/\\\/www.lilleliis.com\\\/et\\\/amigurumi-mustrid\\\/tibatilluke-heegeldatud-karu\\\/\",\"url\":\"https:\\\/\\\/www.lilleliis.com\\\/et\\\/amigurumi-mustrid\\\/tibatilluke-heegeldatud-karu\\\/\",\"name\":\"Tibatilluke heegeldatud karu | Tasuta \u00f5petus | lilleliis\",\"isPartOf\":{\"@id\":\"https:\\\/\\\/www.lilleliis.com\\\/et\\\/#website\"},\"primaryImageOfPage\":{\"@id\":\"https:\\\/\\\/www.lilleliis.com\\\/et\\\/amigurumi-mustrid\\\/tibatilluke-heegeldatud-karu\\\/#primaryimage\"},\"image\":{\"@id\":\"https:\\\/\\\/www.lilleliis.com\\\/et\\\/amigurumi-mustrid\\\/tibatilluke-heegeldatud-karu\\\/#primaryimage\"},\"thumbnailUrl\":\"https:\\\/\\\/www.lilleliis.com\\\/wp-content\\\/uploads\\\/2025\\\/01\\\/amigurumi-kursus-vaike-mommik-1.jpg\",\"datePublished\":\"2025-01-24T11:06:59+00:00\",\"dateModified\":\"2025-05-15T09:42:32+00:00\",\"description\":\"Tibatilluke heegeldatud karu koosneb \u00fcheksast detailist, aga need k\u00f5ik on \u00fcsna pisikesed ja ka l\u00f5nga kulub neile \u00fcsna v\u00e4he. Heegelda ise!\",\"breadcrumb\":{\"@id\":\"https:\\\/\\\/www.lilleliis.com\\\/et\\\/amigurumi-mustrid\\\/tibatilluke-heegeldatud-karu\\\/#breadcrumb\"},\"inLanguage\":\"et\",\"potentialAction\":[{\"@type\":\"ReadAction\",\"target\":[\"https:\\\/\\\/www.lilleliis.com\\\/et\\\/amigurumi-mustrid\\\/tibatilluke-heegeldatud-karu\\\/\"]}]},{\"@type\":\"ImageObject\",\"inLanguage\":\"et\",\"@id\":\"https:\\\/\\\/www.lilleliis.com\\\/et\\\/amigurumi-mustrid\\\/tibatilluke-heegeldatud-karu\\\/#primaryimage\",\"url\":\"https:\\\/\\\/www.lilleliis.com\\\/wp-content\\\/uploads\\\/2025\\\/01\\\/amigurumi-kursus-vaike-mommik-1.jpg\",\"contentUrl\":\"https:\\\/\\\/www.lilleliis.com\\\/wp-content\\\/uploads\\\/2025\\\/01\\\/amigurumi-kursus-vaike-mommik-1.jpg\",\"width\":1500,\"height\":1500,\"caption\":\"amigurumi kursus v\u00e4ike m\u00f5mmik\"},{\"@type\":\"BreadcrumbList\",\"@id\":\"https:\\\/\\\/www.lilleliis.com\\\/et\\\/amigurumi-mustrid\\\/tibatilluke-heegeldatud-karu\\\/#breadcrumb\",\"itemListElement\":[{\"@type\":\"ListItem\",\"position\":1,\"name\":\"Home\",\"item\":\"https:\\\/\\\/www.lilleliis.com\\\/et\\\/\"},{\"@type\":\"ListItem\",\"position\":2,\"name\":\"Tasuta mustrid\",\"item\":\"https:\\\/\\\/www.lilleliis.com\\\/et\\\/amigurumi-crochet-freebies\\\/\"},{\"@type\":\"ListItem\",\"position\":3,\"name\":\"Tibatilluke heegeldatud karu\"}]},{\"@type\":\"WebSite\",\"@id\":\"https:\\\/\\\/www.lilleliis.com\\\/et\\\/#website\",\"url\":\"https:\\\/\\\/www.lilleliis.com\\\/et\\\/\",\"name\":\"lilleliis\",\"description\":\"Amigurumi m\u00e4nguasjad ja mustrid\",\"potentialAction\":[{\"@type\":\"SearchAction\",\"target\":{\"@type\":\"EntryPoint\",\"urlTemplate\":\"https:\\\/\\\/www.lilleliis.com\\\/et\\\/?s={search_term_string}\"},\"query-input\":{\"@type\":\"PropertyValueSpecification\",\"valueRequired\":true,\"valueName\":\"search_term_string\"}}],\"inLanguage\":\"et\"}]}<\/script>\n<!-- \/ Yoast SEO plugin. -->","yoast_head_json":{"title":"Tibatilluke heegeldatud karu | Tasuta \u00f5petus | lilleliis","description":"Tibatilluke heegeldatud karu koosneb \u00fcheksast detailist, aga need k\u00f5ik on \u00fcsna pisikesed ja ka l\u00f5nga kulub neile \u00fcsna v\u00e4he. Heegelda ise!","robots":{"index":"index","follow":"follow","max-snippet":"max-snippet:-1","max-image-preview":"max-image-preview:large","max-video-preview":"max-video-preview:-1"},"canonical":"https:\/\/www.lilleliis.com\/et\/amigurumi-mustrid\/tibatilluke-heegeldatud-karu\/","og_locale":"et_EE","og_type":"article","og_title":"Tibatilluke heegeldatud karu | Tasuta \u00f5petus | lilleliis","og_description":"Tibatilluke heegeldatud karu koosneb \u00fcheksast detailist, aga need k\u00f5ik on \u00fcsna pisikesed ja ka l\u00f5nga kulub neile \u00fcsna v\u00e4he. Heegelda ise!","og_url":"https:\/\/www.lilleliis.com\/et\/amigurumi-mustrid\/tibatilluke-heegeldatud-karu\/","og_site_name":"lilleliis","article_publisher":"https:\/\/www.facebook.com\/lilleliis-283266335035799\/","article_modified_time":"2025-05-15T09:42:32+00:00","og_image":[{"width":1500,"height":1500,"url":"https:\/\/www.lilleliis.com\/wp-content\/uploads\/2025\/01\/amigurumi-kursus-vaike-mommik-1.jpg","type":"image\/jpeg"}],"twitter_card":"summary_large_image","twitter_misc":{"Est. reading time":"4 minutes"},"schema":{"@context":"https:\/\/schema.org","@graph":[{"@type":"WebPage","@id":"https:\/\/www.lilleliis.com\/et\/amigurumi-mustrid\/tibatilluke-heegeldatud-karu\/","url":"https:\/\/www.lilleliis.com\/et\/amigurumi-mustrid\/tibatilluke-heegeldatud-karu\/","name":"Tibatilluke heegeldatud karu | Tasuta \u00f5petus | lilleliis","isPartOf":{"@id":"https:\/\/www.lilleliis.com\/et\/#website"},"primaryImageOfPage":{"@id":"https:\/\/www.lilleliis.com\/et\/amigurumi-mustrid\/tibatilluke-heegeldatud-karu\/#primaryimage"},"image":{"@id":"https:\/\/www.lilleliis.com\/et\/amigurumi-mustrid\/tibatilluke-heegeldatud-karu\/#primaryimage"},"thumbnailUrl":"https:\/\/www.lilleliis.com\/wp-content\/uploads\/2025\/01\/amigurumi-kursus-vaike-mommik-1.jpg","datePublished":"2025-01-24T11:06:59+00:00","dateModified":"2025-05-15T09:42:32+00:00","description":"Tibatilluke heegeldatud karu koosneb \u00fcheksast detailist, aga need k\u00f5ik on \u00fcsna pisikesed ja ka l\u00f5nga kulub neile \u00fcsna v\u00e4he. Heegelda ise!","breadcrumb":{"@id":"https:\/\/www.lilleliis.com\/et\/amigurumi-mustrid\/tibatilluke-heegeldatud-karu\/#breadcrumb"},"inLanguage":"et","potentialAction":[{"@type":"ReadAction","target":["https:\/\/www.lilleliis.com\/et\/amigurumi-mustrid\/tibatilluke-heegeldatud-karu\/"]}]},{"@type":"ImageObject","inLanguage":"et","@id":"https:\/\/www.lilleliis.com\/et\/amigurumi-mustrid\/tibatilluke-heegeldatud-karu\/#primaryimage","url":"https:\/\/www.lilleliis.com\/wp-content\/uploads\/2025\/01\/amigurumi-kursus-vaike-mommik-1.jpg","contentUrl":"https:\/\/www.lilleliis.com\/wp-content\/uploads\/2025\/01\/amigurumi-kursus-vaike-mommik-1.jpg","width":1500,"height":1500,"caption":"amigurumi kursus v\u00e4ike m\u00f5mmik"},{"@type":"BreadcrumbList","@id":"https:\/\/www.lilleliis.com\/et\/amigurumi-mustrid\/tibatilluke-heegeldatud-karu\/#breadcrumb","itemListElement":[{"@type":"ListItem","position":1,"name":"Home","item":"https:\/\/www.lilleliis.com\/et\/"},{"@type":"ListItem","position":2,"name":"Tasuta mustrid","item":"https:\/\/www.lilleliis.com\/et\/amigurumi-crochet-freebies\/"},{"@type":"ListItem","position":3,"name":"Tibatilluke heegeldatud karu"}]},{"@type":"WebSite","@id":"https:\/\/www.lilleliis.com\/et\/#website","url":"https:\/\/www.lilleliis.com\/et\/","name":"lilleliis","description":"Amigurumi m\u00e4nguasjad ja mustrid","potentialAction":[{"@type":"SearchAction","target":{"@type":"EntryPoint","urlTemplate":"https:\/\/www.lilleliis.com\/et\/?s={search_term_string}"},"query-input":{"@type":"PropertyValueSpecification","valueRequired":true,"valueName":"search_term_string"}}],"inLanguage":"et"}]}},"_links":{"self":[{"href":"https:\/\/www.lilleliis.com\/et\/wp-json\/wp\/v2\/pages\/98267","targetHints":{"allow":["GET"]}}],"collection":[{"href":"https:\/\/www.lilleliis.com\/et\/wp-json\/wp\/v2\/pages"}],"about":[{"href":"https:\/\/www.lilleliis.com\/et\/wp-json\/wp\/v2\/types\/page"}],"author":[{"embeddable":true,"href":"https:\/\/www.lilleliis.com\/et\/wp-json\/wp\/v2\/users\/3"}],"replies":[{"embeddable":true,"href":"https:\/\/www.lilleliis.com\/et\/wp-json\/wp\/v2\/comments?post=98267"}],"version-history":[{"count":25,"href":"https:\/\/www.lilleliis.com\/et\/wp-json\/wp\/v2\/pages\/98267\/revisions"}],"predecessor-version":[{"id":100401,"href":"https:\/\/www.lilleliis.com\/et\/wp-json\/wp\/v2\/pages\/98267\/revisions\/100401"}],"up":[{"embeddable":true,"href":"https:\/\/www.lilleliis.com\/et\/wp-json\/wp\/v2\/pages\/31200"}],"wp:featuredmedia":[{"embeddable":true,"href":"https:\/\/www.lilleliis.com\/et\/wp-json\/wp\/v2\/media\/98205"}],"wp:attachment":[{"href":"https:\/\/www.lilleliis.com\/et\/wp-json\/wp\/v2\/media?parent=98267"}],"curies":[{"name":"wp","href":"https:\/\/api.w.org\/{rel}","templated":true}]}}