{"id":99213,"date":"2025-03-23T16:44:28","date_gmt":"2025-03-23T14:44:28","guid":{"rendered":"https:\/\/www.lilleliis.com\/?page_id=99213"},"modified":"2025-03-23T16:58:50","modified_gmt":"2025-03-23T14:58:50","slug":"heegeldatud-pross-kirsid","status":"publish","type":"page","link":"https:\/\/www.lilleliis.com\/et\/amigurumi-mustrid\/heegeldatud-pross-kirsid\/","title":{"rendered":"Heegeldatud pross &#8211; kirsid"},"content":{"rendered":"  <div id=\"page-header-1748264098\" class=\"page-header-wrapper\">\n  <div class=\"page-title dark divided-title\">\n\n        <div class=\"page-title-bg\">\n      <div class=\"title-bg fill bg-fill\"\n        data-parallax-container=\".page-title\"\n        data-parallax-background\n        data-parallax=\"-\">\n      <\/div>\n      <div class=\"title-overlay fill\"><\/div>\n    <\/div>\n    \n    <div class=\"page-title-inner container align-center text-center flex-row-col medium-flex-wrap\" >\n              <div class=\"title-wrapper uppercase flex-col\">\n          <h1 class=\"entry-title mb-0\">\n            Heegeldatud pross &#8211; kirsid          <\/h1>\n        <\/div>\n                <div class=\"page-title-sub op-7 flex-col\">\n          <p class=\"lead\">Tasuta \u00f5petus \u00a9 Mari-Liis Lille<\/p>\n        <\/div>\n                    <div class=\"title-content flex-col\">\n        <div class=\"title-share pt-half pb-half\"><div class=\"social-icons share-icons share-row relative icon-style-outline\" ><a href=\"https:\/\/www.facebook.com\/sharer.php?u=https:\/\/www.lilleliis.com\/et\/amigurumi-mustrid\/heegeldatud-pross-kirsid\/\" data-label=\"Facebook\" onclick=\"window.open(this.href,this.title,'width=500,height=500,top=300px,left=300px'); return false;\" target=\"_blank\" class=\"icon button circle is-outline tooltip facebook\" title=\"Share on Facebook\" aria-label=\"Share on Facebook\" rel=\"noopener nofollow\"><i class=\"icon-facebook\" aria-hidden=\"true\"><\/i><\/a><a href=\"mailto:?subject=Heegeldatud%20pross%20%26%238211%3B%20kirsid&body=Check%20this%20out%3A%20https%3A%2F%2Fwww.lilleliis.com%2Fet%2Famigurumi-mustrid%2Fheegeldatud-pross-kirsid%2F\" class=\"icon button circle is-outline tooltip email\" title=\"Email to a Friend\" aria-label=\"Email to a Friend\" rel=\"nofollow\"><i class=\"icon-envelop\" aria-hidden=\"true\"><\/i><\/a><a href=\"https:\/\/pinterest.com\/pin\/create\/button?url=https:\/\/www.lilleliis.com\/et\/amigurumi-mustrid\/heegeldatud-pross-kirsid\/&media=https:\/\/www.lilleliis.com\/wp-content\/uploads\/2025\/03\/heegeldatud-pross-kirsid8-800x800.jpg&description=Heegeldatud%20pross%20%26%238211%3B%20kirsid\" onclick=\"window.open(this.href,this.title,'width=500,height=500,top=300px,left=300px'); return false;\" target=\"_blank\" class=\"icon button circle is-outline tooltip pinterest\" title=\"Pin on Pinterest\" aria-label=\"Pin on Pinterest\" rel=\"noopener nofollow\"><i class=\"icon-pinterest\" aria-hidden=\"true\"><\/i><\/a><\/div><\/div>      <\/div>\n    <\/div>\n\n     \n<style>\n#page-header-1748264098 .page-title-inner {\n  min-height: 400px;\n}\n#page-header-1748264098 .title-bg {\n  background-image: url(https:\/\/www.lilleliis.com\/wp-content\/uploads\/2025\/03\/heegeldatud-pross-kirsid4.jpg);\n}\n<\/style>\n  <\/div>\n  <div class=\"container header-wrapper-divider\"><hr\/><\/div>  <\/div>\n  \n<p>Vahva ja veidike naivistlik heegeldatud kirsipross s\u00fcndis Jaapani Kultuuri P\u00e4eval toimuva t\u00f6\u00f6toa tarbeks. Kirsimarjad valmivad amigurumi tehnikas, samas kui lehed heegeldatakse harilikul moel \u00fcmber ahelsilmustest keti.<\/p>\n<p>Esmalt heegeldatakse kaks marja, millele hiljem kinnitatakse lehed koos varrega. Varred \u00f5mmeldakse kokku ja taha kinnitatakse prossin\u00f5el.<\/p>\n<p>Marjade sisse on pandud puidust p\u00e4rlid. Need annavad raskust ja panevad kirsimarjad vallatult k\u00f5lkuma.<\/p>\n<p>Heegeldatud kirsipross v\u00f5ib kaunistada sinu riietust, m\u00fctsi v\u00f5i kotti.<\/p>\n  <div class=\"banner-grid-wrapper\">\n  <div id=\"banner-grid-1968261906\" class=\"banner-grid row row-grid row-small\" data-packery-options=\"\">\n                      \n<div class=\"col grid-col large-4 grid-col-1-3\" ><div class=\"col-inner\">\n\t<div class=\"img has-hover x md-x lg-x y md-y lg-y\" id=\"image_1805236299\">\n\t\t<a class=\"image-lightbox lightbox-gallery\" title=\"\" href=\"https:\/\/www.lilleliis.com\/wp-content\/uploads\/2025\/03\/heegeldatud-pross-kirsid1-1200x800.jpg\">\t\t\t\t\t\t<div class=\"img-inner dark\" >\n\t\t\t<img loading=\"lazy\" decoding=\"async\" width=\"1020\" height=\"680\" src=\"https:\/\/www.lilleliis.com\/wp-content\/uploads\/2025\/03\/heegeldatud-pross-kirsid1-1200x800.jpg\" class=\"attachment-large size-large\" alt=\"heegeldatud pross kirsid\" srcset=\"https:\/\/www.lilleliis.com\/wp-content\/uploads\/2025\/03\/heegeldatud-pross-kirsid1-1200x800.jpg 1200w, https:\/\/www.lilleliis.com\/wp-content\/uploads\/2025\/03\/heegeldatud-pross-kirsid1-600x400.jpg 600w, https:\/\/www.lilleliis.com\/wp-content\/uploads\/2025\/03\/heegeldatud-pross-kirsid1-768x512.jpg 768w, https:\/\/www.lilleliis.com\/wp-content\/uploads\/2025\/03\/heegeldatud-pross-kirsid1-510x340.jpg 510w, https:\/\/www.lilleliis.com\/wp-content\/uploads\/2025\/03\/heegeldatud-pross-kirsid1.jpg 1500w\" sizes=\"auto, (max-width: 1020px) 100vw, 1020px\" \/>\t\t\t\t\t\t\n\t\t\t\t\t<\/div>\n\t\t\t\t\t\t<\/a>\t\t\n<style>\n#image_1805236299 {\n  width: 100%;\n}\n<\/style>\n\t<\/div>\n\t\n<\/div><\/div>\n<div class=\"col grid-col large-8 grid-col-1\" ><div class=\"col-inner\">\n\t<div class=\"img has-hover x md-x lg-x y md-y lg-y\" id=\"image_1871022062\">\n\t\t<a class=\"image-lightbox lightbox-gallery\" title=\"\" href=\"https:\/\/www.lilleliis.com\/wp-content\/uploads\/2025\/03\/crochet-cherry-brooch-600x800.jpg\">\t\t\t\t\t\t<div class=\"img-inner dark\" >\n\t\t\t<img loading=\"lazy\" decoding=\"async\" width=\"600\" height=\"800\" src=\"https:\/\/www.lilleliis.com\/wp-content\/uploads\/2025\/03\/crochet-cherry-brooch-600x800.jpg\" class=\"attachment-large size-large\" alt=\"heegeldatud pross kirsid\" srcset=\"https:\/\/www.lilleliis.com\/wp-content\/uploads\/2025\/03\/crochet-cherry-brooch-600x800.jpg 600w, https:\/\/www.lilleliis.com\/wp-content\/uploads\/2025\/03\/crochet-cherry-brooch-300x400.jpg 300w, https:\/\/www.lilleliis.com\/wp-content\/uploads\/2025\/03\/crochet-cherry-brooch-768x1024.jpg 768w, https:\/\/www.lilleliis.com\/wp-content\/uploads\/2025\/03\/crochet-cherry-brooch-1152x1536.jpg 1152w, https:\/\/www.lilleliis.com\/wp-content\/uploads\/2025\/03\/crochet-cherry-brooch-1536x2048.jpg 1536w, https:\/\/www.lilleliis.com\/wp-content\/uploads\/2025\/03\/crochet-cherry-brooch-510x680.jpg 510w, https:\/\/www.lilleliis.com\/wp-content\/uploads\/2025\/03\/crochet-cherry-brooch-scaled.jpg 1920w\" sizes=\"auto, (max-width: 600px) 100vw, 600px\" \/>\t\t\t\t\t\t\n\t\t\t\t\t<\/div>\n\t\t\t\t\t\t<\/a>\t\t\n<style>\n#image_1871022062 {\n  width: 100%;\n}\n<\/style>\n\t<\/div>\n\t\n<\/div><\/div>\n<div class=\"col grid-col large-4 grid-col-1-3\" ><div class=\"col-inner\">\n\t<div class=\"img has-hover x md-x lg-x y md-y lg-y\" id=\"image_1217408354\">\n\t\t<a class=\"image-lightbox lightbox-gallery\" title=\"\" href=\"https:\/\/www.lilleliis.com\/wp-content\/uploads\/2025\/03\/heegeldatud-pross-kirsid7-533x800.jpg\">\t\t\t\t\t\t<div class=\"img-inner dark\" >\n\t\t\t<img loading=\"lazy\" decoding=\"async\" width=\"533\" height=\"800\" src=\"https:\/\/www.lilleliis.com\/wp-content\/uploads\/2025\/03\/heegeldatud-pross-kirsid7-533x800.jpg\" class=\"attachment-large size-large\" alt=\"heegeldatud pross kirsid\" srcset=\"https:\/\/www.lilleliis.com\/wp-content\/uploads\/2025\/03\/heegeldatud-pross-kirsid7-533x800.jpg 533w, https:\/\/www.lilleliis.com\/wp-content\/uploads\/2025\/03\/heegeldatud-pross-kirsid7-267x400.jpg 267w, https:\/\/www.lilleliis.com\/wp-content\/uploads\/2025\/03\/heegeldatud-pross-kirsid7-768x1152.jpg 768w, https:\/\/www.lilleliis.com\/wp-content\/uploads\/2025\/03\/heegeldatud-pross-kirsid7-510x765.jpg 510w, https:\/\/www.lilleliis.com\/wp-content\/uploads\/2025\/03\/heegeldatud-pross-kirsid7.jpg 1000w\" sizes=\"auto, (max-width: 533px) 100vw, 533px\" \/>\t\t\t\t\t\t\n\t\t\t\t\t<\/div>\n\t\t\t\t\t\t<\/a>\t\t\n<style>\n#image_1217408354 {\n  width: 100%;\n}\n<\/style>\n\t<\/div>\n\t\n<\/div><\/div>\n<div class=\"col grid-col large-4 grid-col-1-3\" ><div class=\"col-inner\">\n\t<div class=\"img has-hover x md-x lg-x y md-y lg-y\" id=\"image_1992699587\">\n\t\t<a class=\"image-lightbox lightbox-gallery\" title=\"\" href=\"https:\/\/www.lilleliis.com\/wp-content\/uploads\/2025\/03\/heegeldatud-pross-kirsid6-533x800.jpg\">\t\t\t\t\t\t<div class=\"img-inner dark\" >\n\t\t\t<img loading=\"lazy\" decoding=\"async\" width=\"533\" height=\"800\" src=\"https:\/\/www.lilleliis.com\/wp-content\/uploads\/2025\/03\/heegeldatud-pross-kirsid6-533x800.jpg\" class=\"attachment-large size-large\" alt=\"heegeldatud pross kirsid\" srcset=\"https:\/\/www.lilleliis.com\/wp-content\/uploads\/2025\/03\/heegeldatud-pross-kirsid6-533x800.jpg 533w, https:\/\/www.lilleliis.com\/wp-content\/uploads\/2025\/03\/heegeldatud-pross-kirsid6-267x400.jpg 267w, https:\/\/www.lilleliis.com\/wp-content\/uploads\/2025\/03\/heegeldatud-pross-kirsid6-768x1152.jpg 768w, https:\/\/www.lilleliis.com\/wp-content\/uploads\/2025\/03\/heegeldatud-pross-kirsid6-510x765.jpg 510w, https:\/\/www.lilleliis.com\/wp-content\/uploads\/2025\/03\/heegeldatud-pross-kirsid6.jpg 1000w\" sizes=\"auto, (max-width: 533px) 100vw, 533px\" \/>\t\t\t\t\t\t\n\t\t\t\t\t<\/div>\n\t\t\t\t\t\t<\/a>\t\t\n<style>\n#image_1992699587 {\n  width: 100%;\n}\n<\/style>\n\t<\/div>\n\t\n<\/div><\/div>\n            <\/div>\n    <style>\n    #banner-grid-1968261906 .grid-col-1{height: 600px}\n    #banner-grid-1968261906 .grid-col-1-2{height: 300px}\n    #banner-grid-1968261906 .grid-col-1-3{height:200px}\n    #banner-grid-1968261906 .grid-col-2-3{height: 400px}\n    #banner-grid-1968261906 .grid-col-1-4{height: 150px}\n    #banner-grid-1968261906 .grid-col-3-4{height: 450px}\n\n\n    \n    \n\n  <\/style>\n    <\/div>\n  \n<div class=\"message-box relative\" style=\"padding-top:15px;padding-bottom:15px;\"><div class=\"message-box-bg-image bg-fill fill\" ><\/div><div class=\"message-box-bg-overlay bg-fill fill\" ><\/div><div class=\"container relative\"><div class=\"inner last-reset\">\n<div class=\"row align-middle align-center\"  id=\"row-301829144\">\n\n\t<div id=\"col-340929421\" class=\"col medium-9 small-12 large-9\"  >\n\t\t\t\t<div class=\"col-inner\"  >\n\t\t\t\n\t\t\t\n<p>K\u00d5IK LILLELIISI T\u00d6\u00d6D ON ORIGINAALLOOMING. DISAINIDE KUJUNDAMISELE, \u00d5PETUSTE KIRJUTAMISELE, PILDISTAMISELE JA S\u00d5BRALIKU TEENINDUSE PAKKUMISELE KULUB PALJU AEGA JA ENERGIAT. SEEP\u00c4RAST OLEKS MUL HEA MEEL, KUI VASTUTASUKS \u00d5PETUSE KASUTAMISE EEST LISAKSID TOODETELE V\u00d5I FOTODELE (BLOGIS, FACEBOOKIS V\u00d5I KUS IGANES MUJAL) VIITE MINU KODULEHELE.<\/p>\n<p>\u00a9 COPYRIGHT &#8211; VALMIS TOODETE M\u00dc\u00dcMINE ON LUBATUD, KUID ENNE LOE L\u00c4HEMALT TINGIMUSTEST.<\/p>\n\t\t<\/div>\n\t\t\t\t\t<\/div>\n\n\t\n\n\t<div id=\"col-99030261\" class=\"col medium-2 small-12 large-2\"  >\n\t\t\t\t<div class=\"col-inner text-center\"  >\n\t\t\t\n\t\t\t\n<a href=\"https:\/\/www.lilleliis.com\/et\/autorioigused\/\" class=\"button white is-outline\" style=\"border-radius:99px;\">\n\t\t<span>Loe l\u00e4hemalt<\/span>\n\t<\/a>\n\n\t\t<\/div>\n\t\t\t\t\t<\/div>\n\n\t\n<\/div>\n<\/div><\/div><\/div>\n<div class=\"row row-dashed\"  id=\"row-1513798454\">\n\n\t<div id=\"col-2000622867\" class=\"col medium-4 small-12 large-4\"  >\n\t\t\t\t<div class=\"col-inner\"  >\n\t\t\t\n\t\t\t\n<p><strong>Vaja l\u00e4heb:<\/strong><\/p>\n<ul>\n<li>v\u00e4ike kogus punases ja rohelises toonis puuvillast baasl\u00f5nga, nt Scheepjes Catona v\u00f5i <a href=\"https:\/\/www.lilleliis.com\/et\/toode\/schachenmayr-catania\/\">Schachenmayr Catania<\/a> (50 g \/ 125 m)<\/li>\n<li>heegeln\u00f5ela 2,5 mm<\/li>\n<li>kahte puidust p\u00e4rlit (15 mm)<\/li>\n<li>suka- ja \u00f5mblusn\u00f5ela<\/li>\n<li>v\u00e4ikest prossin\u00f5ela<\/li>\n<\/ul>\n\t\t<\/div>\n\t\t\t\t\t<\/div>\n\n\t\n\n\t<div id=\"col-724327238\" class=\"col medium-4 small-12 large-4\"  >\n\t\t\t\t<div class=\"col-inner\"  >\n\t\t\t\n\t\t\t\n<p><strong>Raskusaste:<\/strong> lihtne<\/p>\n<p><strong>Silmused ja tingm\u00e4rgid:<\/strong><\/p>\n<p>v\u00f5luring, aassilmus (aass), ahelsilmus (ah), kinnissilmus (ks), poolsammas (ps)<\/p>\n\t\t<\/div>\n\t\t\t\t\t<\/div>\n\n\t\n\n\t<div id=\"col-2008714101\" class=\"col medium-4 small-12 large-4\"  >\n\t\t\t\t<div class=\"col-inner\"  >\n\t\t\t\n\t\t\t\n<p><strong>Mustrist:<\/strong><\/p>\n<ul>\n<li>Kirsid heegeldatakse ringselt, ilma ridu \u00fchendamata. Lehed heegeldatakse \u00fcmber ahelsilmustest keti.<\/li>\n<li>Kasuta silmusem\u00e4rkijat v\u00f5i l\u00fchikest l\u00f5ngajuppi, et t\u00e4histada \u00e4ra iga uue ringi algus.<\/li>\n<li>J\u00e4ta detaili l\u00f5ppu kokku\u00f5mblemiseks pikk l\u00f5ngasaba.<\/li>\n<\/ul>\n\t\t<\/div>\n\t\t\t\t\t<\/div>\n\n\t\n<\/div>\n<div class=\"container section-title-container\" ><h3 class=\"section-title section-title-bold\"><b aria-hidden=\"true\"><\/b><span class=\"section-title-main\" >kirss (tee 2)<\/span><b aria-hidden=\"true\"><\/b><\/h3><\/div>\n<p style=\"font-weight: 400;\">1: Kasuta <strong>punast<\/strong> l\u00f5nga. Heegelda 8 ks v\u00f5luringi [8]\n<p style=\"font-weight: 400;\">2: 2 ks igasse ks-sse [16]\n<p style=\"font-weight: 400;\">3-6 (4 ringi): 1 ks igasse ks-sse [16]\n<p style=\"font-weight: 400;\">Pista puust p\u00e4rl sisse.<\/p>\n<p style=\"font-weight: 400;\">7: (2 ks kokku) 8 korda [8]\n<div>\n<p class=\"Textbody\"><span lang=\"ET\">Augu sulgemiseks vii sukan\u00f5ela taha aetud l\u00f5ng l\u00e4bi k\u00f5igi kaheksa silmuse eesmise aasa ja t\u00f5mba tugevasti kokku. Tee s\u00f5lm ja peida l\u00f5ngasaba marja sisse.<\/span><\/p>\n<\/div>\n<div class=\"container section-title-container\" ><h3 class=\"section-title section-title-bold\"><b aria-hidden=\"true\"><\/b><span class=\"section-title-main\" >leht ja vars (tee 2)<\/span><b aria-hidden=\"true\"><\/b><\/h3><\/div>\n<p style=\"font-weight: 400;\">Kasuta <strong>rohelist<\/strong> l\u00f5nga. Tee 5 ah. Heegelda 3 ps heegeln\u00f5elast teise silmusesse, ps, ks, ks + ah + ks viimasesse ah-sse. J\u00e4tka ahelsilmustest keti teisel k\u00fcljel: ks, ps, 3 x ps esimesse ah-sse, aass esimesse ps-sse.<\/p>\n<p style=\"font-weight: 400;\">Heegelda kohe ka sobiva pikkusega ahelsilmustest vars. J\u00e4ta \u00f5mblemiseks l\u00f5ngasaba ning \u00f5mble kummalegi kirsile saba ja leheke k\u00fclge.<\/p>\n<p style=\"font-weight: 400;\">Aseta kirsid omavahel risti, nii et ristumiskoht j\u00e4\u00e4b lehtede alaserva. \u00d5mble kirsid ristumiskohast kokku. Kinnita sama l\u00f5ngasabaga tagak\u00fcljele ka prossin\u00f5el.<\/p>\n\t<div class=\"img has-hover x md-x lg-x y md-y lg-y\" id=\"image_509235018\">\n\t\t<a class=\"image-lightbox lightbox-gallery\" title=\"\" href=\"https:\/\/www.lilleliis.com\/wp-content\/uploads\/2025\/03\/heegeldatud-pross-kirsid2-1200x800.jpg\">\t\t\t\t\t\t<div class=\"img-inner dark\" >\n\t\t\t<img loading=\"lazy\" decoding=\"async\" width=\"1020\" height=\"680\" src=\"https:\/\/www.lilleliis.com\/wp-content\/uploads\/2025\/03\/heegeldatud-pross-kirsid2-1200x800.jpg\" class=\"attachment-large size-large\" alt=\"heegeldatud pross kirsid\" srcset=\"https:\/\/www.lilleliis.com\/wp-content\/uploads\/2025\/03\/heegeldatud-pross-kirsid2-1200x800.jpg 1200w, https:\/\/www.lilleliis.com\/wp-content\/uploads\/2025\/03\/heegeldatud-pross-kirsid2-600x400.jpg 600w, https:\/\/www.lilleliis.com\/wp-content\/uploads\/2025\/03\/heegeldatud-pross-kirsid2-768x512.jpg 768w, https:\/\/www.lilleliis.com\/wp-content\/uploads\/2025\/03\/heegeldatud-pross-kirsid2-510x340.jpg 510w, https:\/\/www.lilleliis.com\/wp-content\/uploads\/2025\/03\/heegeldatud-pross-kirsid2.jpg 1500w\" sizes=\"auto, (max-width: 1020px) 100vw, 1020px\" \/>\t\t\t\t\t\t\n\t\t\t\t\t<\/div>\n\t\t\t\t\t\t<\/a>\t\t\n<style>\n#image_509235018 {\n  width: 100%;\n}\n<\/style>\n\t<\/div>\n\t\n","protected":false},"excerpt":{"rendered":"<p>Vahva ja veidike naivistlik heegeldatud kirsipross s\u00fcndis Jaapani Kultuuri P\u00e4eval toimuva t\u00f6\u00f6toa tarbeks. Kirsimarjad valmivad amigurumi tehnikas, samas kui lehed heegeldatakse harilikul moel \u00fcmber ahelsilmustest keti. Esmalt heegeldatakse kaks marja, millele hiljem kinnitatakse lehed koos varrega. Varred \u00f5mmeldakse kokku ja taha kinnitatakse prossin\u00f5el. Marjade sisse on pandud puidust p\u00e4rlid. Need annavad raskust ja panevad kirsimarjad [&#8230;]\n","protected":false},"author":3,"featured_media":99230,"parent":31200,"menu_order":0,"comment_status":"closed","ping_status":"closed","template":"","meta":{"footnotes":""},"class_list":["post-99213","page","type-page","status-publish","has-post-thumbnail","hentry"],"yoast_head":"<!-- This site is optimized with the Yoast SEO plugin v27.3 - https:\/\/yoast.com\/product\/yoast-seo-wordpress\/ -->\n<title>Heegeldatud pross - kirsid | Tasuta \u00f5petus | lilleliis<\/title>\n<meta name=\"description\" content=\"Tee ise vahva ja veidike naivistlik heegeldatud kirsipross, mis v\u00f5ib kaunistada sinu riietust, m\u00fctsi v\u00f5i kotti. Lihtne ja kiire projekt!\" \/>\n<meta name=\"robots\" content=\"index, follow, max-snippet:-1, max-image-preview:large, max-video-preview:-1\" \/>\n<link rel=\"canonical\" href=\"https:\/\/www.lilleliis.com\/et\/amigurumi-mustrid\/heegeldatud-pross-kirsid\/\" \/>\n<meta property=\"og:locale\" content=\"et_EE\" \/>\n<meta property=\"og:type\" content=\"article\" \/>\n<meta property=\"og:title\" content=\"Heegeldatud pross - kirsid | Tasuta \u00f5petus | lilleliis\" \/>\n<meta property=\"og:description\" content=\"Tee ise vahva ja veidike naivistlik heegeldatud kirsipross, mis v\u00f5ib kaunistada sinu riietust, m\u00fctsi v\u00f5i kotti. Lihtne ja kiire projekt!\" \/>\n<meta property=\"og:url\" content=\"https:\/\/www.lilleliis.com\/et\/amigurumi-mustrid\/heegeldatud-pross-kirsid\/\" \/>\n<meta property=\"og:site_name\" content=\"lilleliis\" \/>\n<meta property=\"article:publisher\" content=\"https:\/\/www.facebook.com\/lilleliis-283266335035799\/\" \/>\n<meta property=\"article:modified_time\" content=\"2025-03-23T14:58:50+00:00\" \/>\n<meta property=\"og:image\" content=\"https:\/\/www.lilleliis.com\/wp-content\/uploads\/2025\/03\/heegeldatud-pross-kirsid8.jpg\" \/>\n\t<meta property=\"og:image:width\" content=\"1500\" \/>\n\t<meta property=\"og:image:height\" content=\"1500\" \/>\n\t<meta property=\"og:image:type\" content=\"image\/jpeg\" \/>\n<meta name=\"twitter:card\" content=\"summary_large_image\" \/>\n<meta name=\"twitter:label1\" content=\"Est. reading time\" \/>\n\t<meta name=\"twitter:data1\" content=\"3 minutes\" \/>\n<script type=\"application\/ld+json\" class=\"yoast-schema-graph\">{\"@context\":\"https:\\\/\\\/schema.org\",\"@graph\":[{\"@type\":\"WebPage\",\"@id\":\"https:\\\/\\\/www.lilleliis.com\\\/et\\\/amigurumi-mustrid\\\/heegeldatud-pross-kirsid\\\/\",\"url\":\"https:\\\/\\\/www.lilleliis.com\\\/et\\\/amigurumi-mustrid\\\/heegeldatud-pross-kirsid\\\/\",\"name\":\"Heegeldatud pross - kirsid | Tasuta \u00f5petus | lilleliis\",\"isPartOf\":{\"@id\":\"https:\\\/\\\/www.lilleliis.com\\\/et\\\/#website\"},\"primaryImageOfPage\":{\"@id\":\"https:\\\/\\\/www.lilleliis.com\\\/et\\\/amigurumi-mustrid\\\/heegeldatud-pross-kirsid\\\/#primaryimage\"},\"image\":{\"@id\":\"https:\\\/\\\/www.lilleliis.com\\\/et\\\/amigurumi-mustrid\\\/heegeldatud-pross-kirsid\\\/#primaryimage\"},\"thumbnailUrl\":\"https:\\\/\\\/www.lilleliis.com\\\/wp-content\\\/uploads\\\/2025\\\/03\\\/heegeldatud-pross-kirsid8.jpg\",\"datePublished\":\"2025-03-23T14:44:28+00:00\",\"dateModified\":\"2025-03-23T14:58:50+00:00\",\"description\":\"Tee ise vahva ja veidike naivistlik heegeldatud kirsipross, mis v\u00f5ib kaunistada sinu riietust, m\u00fctsi v\u00f5i kotti. Lihtne ja kiire projekt!\",\"breadcrumb\":{\"@id\":\"https:\\\/\\\/www.lilleliis.com\\\/et\\\/amigurumi-mustrid\\\/heegeldatud-pross-kirsid\\\/#breadcrumb\"},\"inLanguage\":\"et\",\"potentialAction\":[{\"@type\":\"ReadAction\",\"target\":[\"https:\\\/\\\/www.lilleliis.com\\\/et\\\/amigurumi-mustrid\\\/heegeldatud-pross-kirsid\\\/\"]}]},{\"@type\":\"ImageObject\",\"inLanguage\":\"et\",\"@id\":\"https:\\\/\\\/www.lilleliis.com\\\/et\\\/amigurumi-mustrid\\\/heegeldatud-pross-kirsid\\\/#primaryimage\",\"url\":\"https:\\\/\\\/www.lilleliis.com\\\/wp-content\\\/uploads\\\/2025\\\/03\\\/heegeldatud-pross-kirsid8.jpg\",\"contentUrl\":\"https:\\\/\\\/www.lilleliis.com\\\/wp-content\\\/uploads\\\/2025\\\/03\\\/heegeldatud-pross-kirsid8.jpg\",\"width\":1500,\"height\":1500,\"caption\":\"heegeldatud pross kirsid\"},{\"@type\":\"BreadcrumbList\",\"@id\":\"https:\\\/\\\/www.lilleliis.com\\\/et\\\/amigurumi-mustrid\\\/heegeldatud-pross-kirsid\\\/#breadcrumb\",\"itemListElement\":[{\"@type\":\"ListItem\",\"position\":1,\"name\":\"Home\",\"item\":\"https:\\\/\\\/www.lilleliis.com\\\/et\\\/\"},{\"@type\":\"ListItem\",\"position\":2,\"name\":\"Tasuta mustrid\",\"item\":\"https:\\\/\\\/www.lilleliis.com\\\/et\\\/amigurumi-crochet-freebies\\\/\"},{\"@type\":\"ListItem\",\"position\":3,\"name\":\"Heegeldatud pross &#8211; kirsid\"}]},{\"@type\":\"WebSite\",\"@id\":\"https:\\\/\\\/www.lilleliis.com\\\/et\\\/#website\",\"url\":\"https:\\\/\\\/www.lilleliis.com\\\/et\\\/\",\"name\":\"lilleliis\",\"description\":\"Amigurumi m\u00e4nguasjad ja mustrid\",\"potentialAction\":[{\"@type\":\"SearchAction\",\"target\":{\"@type\":\"EntryPoint\",\"urlTemplate\":\"https:\\\/\\\/www.lilleliis.com\\\/et\\\/?s={search_term_string}\"},\"query-input\":{\"@type\":\"PropertyValueSpecification\",\"valueRequired\":true,\"valueName\":\"search_term_string\"}}],\"inLanguage\":\"et\"}]}<\/script>\n<!-- \/ Yoast SEO plugin. -->","yoast_head_json":{"title":"Heegeldatud pross - kirsid | Tasuta \u00f5petus | lilleliis","description":"Tee ise vahva ja veidike naivistlik heegeldatud kirsipross, mis v\u00f5ib kaunistada sinu riietust, m\u00fctsi v\u00f5i kotti. Lihtne ja kiire projekt!","robots":{"index":"index","follow":"follow","max-snippet":"max-snippet:-1","max-image-preview":"max-image-preview:large","max-video-preview":"max-video-preview:-1"},"canonical":"https:\/\/www.lilleliis.com\/et\/amigurumi-mustrid\/heegeldatud-pross-kirsid\/","og_locale":"et_EE","og_type":"article","og_title":"Heegeldatud pross - kirsid | Tasuta \u00f5petus | lilleliis","og_description":"Tee ise vahva ja veidike naivistlik heegeldatud kirsipross, mis v\u00f5ib kaunistada sinu riietust, m\u00fctsi v\u00f5i kotti. Lihtne ja kiire projekt!","og_url":"https:\/\/www.lilleliis.com\/et\/amigurumi-mustrid\/heegeldatud-pross-kirsid\/","og_site_name":"lilleliis","article_publisher":"https:\/\/www.facebook.com\/lilleliis-283266335035799\/","article_modified_time":"2025-03-23T14:58:50+00:00","og_image":[{"width":1500,"height":1500,"url":"https:\/\/www.lilleliis.com\/wp-content\/uploads\/2025\/03\/heegeldatud-pross-kirsid8.jpg","type":"image\/jpeg"}],"twitter_card":"summary_large_image","twitter_misc":{"Est. reading time":"3 minutes"},"schema":{"@context":"https:\/\/schema.org","@graph":[{"@type":"WebPage","@id":"https:\/\/www.lilleliis.com\/et\/amigurumi-mustrid\/heegeldatud-pross-kirsid\/","url":"https:\/\/www.lilleliis.com\/et\/amigurumi-mustrid\/heegeldatud-pross-kirsid\/","name":"Heegeldatud pross - kirsid | Tasuta \u00f5petus | lilleliis","isPartOf":{"@id":"https:\/\/www.lilleliis.com\/et\/#website"},"primaryImageOfPage":{"@id":"https:\/\/www.lilleliis.com\/et\/amigurumi-mustrid\/heegeldatud-pross-kirsid\/#primaryimage"},"image":{"@id":"https:\/\/www.lilleliis.com\/et\/amigurumi-mustrid\/heegeldatud-pross-kirsid\/#primaryimage"},"thumbnailUrl":"https:\/\/www.lilleliis.com\/wp-content\/uploads\/2025\/03\/heegeldatud-pross-kirsid8.jpg","datePublished":"2025-03-23T14:44:28+00:00","dateModified":"2025-03-23T14:58:50+00:00","description":"Tee ise vahva ja veidike naivistlik heegeldatud kirsipross, mis v\u00f5ib kaunistada sinu riietust, m\u00fctsi v\u00f5i kotti. Lihtne ja kiire projekt!","breadcrumb":{"@id":"https:\/\/www.lilleliis.com\/et\/amigurumi-mustrid\/heegeldatud-pross-kirsid\/#breadcrumb"},"inLanguage":"et","potentialAction":[{"@type":"ReadAction","target":["https:\/\/www.lilleliis.com\/et\/amigurumi-mustrid\/heegeldatud-pross-kirsid\/"]}]},{"@type":"ImageObject","inLanguage":"et","@id":"https:\/\/www.lilleliis.com\/et\/amigurumi-mustrid\/heegeldatud-pross-kirsid\/#primaryimage","url":"https:\/\/www.lilleliis.com\/wp-content\/uploads\/2025\/03\/heegeldatud-pross-kirsid8.jpg","contentUrl":"https:\/\/www.lilleliis.com\/wp-content\/uploads\/2025\/03\/heegeldatud-pross-kirsid8.jpg","width":1500,"height":1500,"caption":"heegeldatud pross kirsid"},{"@type":"BreadcrumbList","@id":"https:\/\/www.lilleliis.com\/et\/amigurumi-mustrid\/heegeldatud-pross-kirsid\/#breadcrumb","itemListElement":[{"@type":"ListItem","position":1,"name":"Home","item":"https:\/\/www.lilleliis.com\/et\/"},{"@type":"ListItem","position":2,"name":"Tasuta mustrid","item":"https:\/\/www.lilleliis.com\/et\/amigurumi-crochet-freebies\/"},{"@type":"ListItem","position":3,"name":"Heegeldatud pross &#8211; kirsid"}]},{"@type":"WebSite","@id":"https:\/\/www.lilleliis.com\/et\/#website","url":"https:\/\/www.lilleliis.com\/et\/","name":"lilleliis","description":"Amigurumi m\u00e4nguasjad ja mustrid","potentialAction":[{"@type":"SearchAction","target":{"@type":"EntryPoint","urlTemplate":"https:\/\/www.lilleliis.com\/et\/?s={search_term_string}"},"query-input":{"@type":"PropertyValueSpecification","valueRequired":true,"valueName":"search_term_string"}}],"inLanguage":"et"}]}},"_links":{"self":[{"href":"https:\/\/www.lilleliis.com\/et\/wp-json\/wp\/v2\/pages\/99213","targetHints":{"allow":["GET"]}}],"collection":[{"href":"https:\/\/www.lilleliis.com\/et\/wp-json\/wp\/v2\/pages"}],"about":[{"href":"https:\/\/www.lilleliis.com\/et\/wp-json\/wp\/v2\/types\/page"}],"author":[{"embeddable":true,"href":"https:\/\/www.lilleliis.com\/et\/wp-json\/wp\/v2\/users\/3"}],"replies":[{"embeddable":true,"href":"https:\/\/www.lilleliis.com\/et\/wp-json\/wp\/v2\/comments?post=99213"}],"version-history":[{"count":12,"href":"https:\/\/www.lilleliis.com\/et\/wp-json\/wp\/v2\/pages\/99213\/revisions"}],"predecessor-version":[{"id":99245,"href":"https:\/\/www.lilleliis.com\/et\/wp-json\/wp\/v2\/pages\/99213\/revisions\/99245"}],"up":[{"embeddable":true,"href":"https:\/\/www.lilleliis.com\/et\/wp-json\/wp\/v2\/pages\/31200"}],"wp:featuredmedia":[{"embeddable":true,"href":"https:\/\/www.lilleliis.com\/et\/wp-json\/wp\/v2\/media\/99230"}],"wp:attachment":[{"href":"https:\/\/www.lilleliis.com\/et\/wp-json\/wp\/v2\/media?parent=99213"}],"curies":[{"name":"wp","href":"https:\/\/api.w.org\/{rel}","templated":true}]}}