{"id":100178,"date":"2025-05-13T14:28:03","date_gmt":"2025-05-13T11:28:03","guid":{"rendered":"https:\/\/www.lilleliis.com\/?post_type=product&#038;p=100178"},"modified":"2026-04-27T16:22:02","modified_gmt":"2026-04-27T13:22:02","slug":"rico-fashion-alpaca-superfine-heavens","status":"publish","type":"product","link":"https:\/\/www.lilleliis.com\/et\/toode\/rico-fashion-alpaca-superfine-heavens\/","title":{"rendered":"Rico Fashion Alpaca Superfine Heavens Uni &#8211; 50 g \/ 140 m"},"content":{"rendered":"<p>Udupehme Fashion Alpaca Superfine Heavens Saksamaa tootjalt Rico. L\u00f5nga iseloomustavad vol\u00fc\u00fcm, kergus, pehmus.<\/p>\n<p>Valikus kreemikas valge ja sooja tooniga helehall.<\/p>\n<p>Kasuta <a href=\"https:\/\/www.lilleliis.com\/et\/toode\/udusulis-linnupoeg-amigurumi-muster\/\">Udusulis linnupoja<\/a> heegeldamiseks!<\/p>\n<div class=\"is-divider divider clearfix\" ><\/div>\n<h3>Suurus ja materjal<\/h3>\n<p>L\u00f5nga j\u00e4medus: 50g \/ 140m (Bulky, 12 ply)<\/p>\n<p>Materjal: 63% alpakavill, 37% pol\u00fcamiid<\/p>\n<p>Tootja: Saksamaa<\/p>\n<div class=\"is-divider divider clearfix\" ><\/div>\n<h3>Kuidas l\u00f5nga hooldada<\/h3>\n<p>K\u00e4sipesu, max 30\u00b0C \/ kuivata tasapinnal<\/p>\n","protected":false},"excerpt":{"rendered":"<p>Fashion Alpaca Superfine Heavens on udupehme ja kerge alpaka-l\u00f5ng, mis paistab silma oma koheva tekstuuri ja suurep\u00e4rase soojapidavusega. Ideaalne hubaste talviste kudumite loomiseks. Amigurumi puhul sobib teise l\u00f5ngaga kokku heegeldamiseks, et saavutada karvasem tekstuur.<\/p>\n","protected":false},"featured_media":100179,"comment_status":"open","ping_status":"closed","template":"","meta":[],"product_brand":[1563],"product_cat":[708,429],"product_tag":[1589],"class_list":{"0":"post-100178","1":"product","2":"type-product","3":"status-publish","4":"has-post-thumbnail","6":"product_brand-rico-design","7":"product_cat-longad","8":"product_cat-kasitoo-tarvikud","9":"product_tag-villased-longad","10":"pa_rico-fashion-alpaca-colors-001-cream","11":"pa_rico-fashion-alpaca-colors-009-grey","12":"pa_special-features-kohev-tekstuur","13":"pa_yarn-weight-bulky-12-ply","15":"first","16":"instock","17":"sale","18":"taxable","19":"shipping-taxable","20":"purchasable","21":"product-type-variable"},"yoast_head":"<!-- This site is optimized with the Yoast SEO plugin v27.3 - https:\/\/yoast.com\/product\/yoast-seo-wordpress\/ -->\n<title>Rico Fashion Alpaca Superfine Heavens Uni - 50 g \/ 140 m<\/title>\n<meta name=\"description\" content=\"Udupehme Fashion Alpaca Superfine Heavens Udusulis linnupoja heegeldamiseks. Valikus kreemikas valge ja sooja tooniga helehall.\" \/>\n<meta name=\"robots\" content=\"index, follow, max-snippet:-1, max-image-preview:large, max-video-preview:-1\" \/>\n<link rel=\"canonical\" href=\"https:\/\/www.lilleliis.com\/et\/toode\/rico-fashion-alpaca-superfine-heavens\/\" \/>\n<meta property=\"og:locale\" content=\"et_EE\" \/>\n<meta property=\"og:type\" content=\"article\" \/>\n<meta property=\"og:title\" content=\"Rico Fashion Alpaca Superfine Heavens Uni - 50 g \/ 140 m\" \/>\n<meta property=\"og:description\" content=\"Udupehme Fashion Alpaca Superfine Heavens Udusulis linnupoja heegeldamiseks. Valikus kreemikas valge ja sooja tooniga helehall.\" \/>\n<meta property=\"og:url\" content=\"https:\/\/www.lilleliis.com\/et\/toode\/rico-fashion-alpaca-superfine-heavens\/\" \/>\n<meta property=\"og:site_name\" content=\"lilleliis\" \/>\n<meta property=\"article:publisher\" content=\"https:\/\/www.facebook.com\/lilleliis-283266335035799\/\" \/>\n<meta property=\"article:modified_time\" content=\"2026-04-27T13:22:02+00:00\" \/>\n<meta property=\"og:image\" content=\"https:\/\/www.lilleliis.com\/wp-content\/uploads\/2025\/05\/Rico-Fashion-Alpaca-Superfine-Heavens-Uni.jpg\" \/>\n\t<meta property=\"og:image:width\" content=\"1500\" \/>\n\t<meta property=\"og:image:height\" content=\"1500\" \/>\n\t<meta property=\"og:image:type\" content=\"image\/jpeg\" \/>\n<meta name=\"twitter:card\" content=\"summary_large_image\" \/>\n<meta name=\"twitter:label1\" content=\"Est. reading time\" \/>\n\t<meta name=\"twitter:data1\" content=\"1 minute\" \/>\n<script type=\"application\/ld+json\" class=\"yoast-schema-graph\">{\"@context\":\"https:\\\/\\\/schema.org\",\"@graph\":[{\"@type\":\"WebPage\",\"@id\":\"https:\\\/\\\/www.lilleliis.com\\\/et\\\/toode\\\/rico-fashion-alpaca-superfine-heavens\\\/\",\"url\":\"https:\\\/\\\/www.lilleliis.com\\\/et\\\/toode\\\/rico-fashion-alpaca-superfine-heavens\\\/\",\"name\":\"Rico Fashion Alpaca Superfine Heavens Uni - 50 g \\\/ 140 m\",\"isPartOf\":{\"@id\":\"https:\\\/\\\/www.lilleliis.com\\\/et\\\/#website\"},\"primaryImageOfPage\":{\"@id\":\"https:\\\/\\\/www.lilleliis.com\\\/et\\\/toode\\\/rico-fashion-alpaca-superfine-heavens\\\/#primaryimage\"},\"image\":{\"@id\":\"https:\\\/\\\/www.lilleliis.com\\\/et\\\/toode\\\/rico-fashion-alpaca-superfine-heavens\\\/#primaryimage\"},\"thumbnailUrl\":\"https:\\\/\\\/www.lilleliis.com\\\/wp-content\\\/uploads\\\/2025\\\/05\\\/Rico-Fashion-Alpaca-Superfine-Heavens-Uni.jpg\",\"datePublished\":\"2025-05-13T11:28:03+00:00\",\"dateModified\":\"2026-04-27T13:22:02+00:00\",\"description\":\"Udupehme Fashion Alpaca Superfine Heavens Udusulis linnupoja heegeldamiseks. Valikus kreemikas valge ja sooja tooniga helehall.\",\"breadcrumb\":{\"@id\":\"https:\\\/\\\/www.lilleliis.com\\\/et\\\/toode\\\/rico-fashion-alpaca-superfine-heavens\\\/#breadcrumb\"},\"inLanguage\":\"et\",\"potentialAction\":[{\"@type\":\"ReadAction\",\"target\":[\"https:\\\/\\\/www.lilleliis.com\\\/et\\\/toode\\\/rico-fashion-alpaca-superfine-heavens\\\/\"]}]},{\"@type\":\"ImageObject\",\"inLanguage\":\"et\",\"@id\":\"https:\\\/\\\/www.lilleliis.com\\\/et\\\/toode\\\/rico-fashion-alpaca-superfine-heavens\\\/#primaryimage\",\"url\":\"https:\\\/\\\/www.lilleliis.com\\\/wp-content\\\/uploads\\\/2025\\\/05\\\/Rico-Fashion-Alpaca-Superfine-Heavens-Uni.jpg\",\"contentUrl\":\"https:\\\/\\\/www.lilleliis.com\\\/wp-content\\\/uploads\\\/2025\\\/05\\\/Rico-Fashion-Alpaca-Superfine-Heavens-Uni.jpg\",\"width\":1500,\"height\":1500,\"caption\":\"Rico Fashion Alpaca Superfine Heavens Uni\"},{\"@type\":\"BreadcrumbList\",\"@id\":\"https:\\\/\\\/www.lilleliis.com\\\/et\\\/toode\\\/rico-fashion-alpaca-superfine-heavens\\\/#breadcrumb\",\"itemListElement\":[{\"@type\":\"ListItem\",\"position\":1,\"name\":\"Home\",\"item\":\"https:\\\/\\\/www.lilleliis.com\\\/et\\\/\"},{\"@type\":\"ListItem\",\"position\":2,\"name\":\"Pood\",\"item\":\"https:\\\/\\\/www.lilleliis.com\\\/et\\\/shop\\\/\"},{\"@type\":\"ListItem\",\"position\":3,\"name\":\"Rico Fashion Alpaca Superfine Heavens Uni &#8211; 50 g \\\/ 140 m\"}]},{\"@type\":\"WebSite\",\"@id\":\"https:\\\/\\\/www.lilleliis.com\\\/et\\\/#website\",\"url\":\"https:\\\/\\\/www.lilleliis.com\\\/et\\\/\",\"name\":\"lilleliis\",\"description\":\"Amigurumi m\u00e4nguasjad ja mustrid\",\"potentialAction\":[{\"@type\":\"SearchAction\",\"target\":{\"@type\":\"EntryPoint\",\"urlTemplate\":\"https:\\\/\\\/www.lilleliis.com\\\/et\\\/?s={search_term_string}\"},\"query-input\":{\"@type\":\"PropertyValueSpecification\",\"valueRequired\":true,\"valueName\":\"search_term_string\"}}],\"inLanguage\":\"et\"}]}<\/script>\n<!-- \/ Yoast SEO plugin. -->","yoast_head_json":{"title":"Rico Fashion Alpaca Superfine Heavens Uni - 50 g \/ 140 m","description":"Udupehme Fashion Alpaca Superfine Heavens Udusulis linnupoja heegeldamiseks. Valikus kreemikas valge ja sooja tooniga helehall.","robots":{"index":"index","follow":"follow","max-snippet":"max-snippet:-1","max-image-preview":"max-image-preview:large","max-video-preview":"max-video-preview:-1"},"canonical":"https:\/\/www.lilleliis.com\/et\/toode\/rico-fashion-alpaca-superfine-heavens\/","og_locale":"et_EE","og_type":"article","og_title":"Rico Fashion Alpaca Superfine Heavens Uni - 50 g \/ 140 m","og_description":"Udupehme Fashion Alpaca Superfine Heavens Udusulis linnupoja heegeldamiseks. Valikus kreemikas valge ja sooja tooniga helehall.","og_url":"https:\/\/www.lilleliis.com\/et\/toode\/rico-fashion-alpaca-superfine-heavens\/","og_site_name":"lilleliis","article_publisher":"https:\/\/www.facebook.com\/lilleliis-283266335035799\/","article_modified_time":"2026-04-27T13:22:02+00:00","og_image":[{"width":1500,"height":1500,"url":"https:\/\/www.lilleliis.com\/wp-content\/uploads\/2025\/05\/Rico-Fashion-Alpaca-Superfine-Heavens-Uni.jpg","type":"image\/jpeg"}],"twitter_card":"summary_large_image","twitter_misc":{"Est. reading time":"1 minute"},"schema":{"@context":"https:\/\/schema.org","@graph":[{"@type":"WebPage","@id":"https:\/\/www.lilleliis.com\/et\/toode\/rico-fashion-alpaca-superfine-heavens\/","url":"https:\/\/www.lilleliis.com\/et\/toode\/rico-fashion-alpaca-superfine-heavens\/","name":"Rico Fashion Alpaca Superfine Heavens Uni - 50 g \/ 140 m","isPartOf":{"@id":"https:\/\/www.lilleliis.com\/et\/#website"},"primaryImageOfPage":{"@id":"https:\/\/www.lilleliis.com\/et\/toode\/rico-fashion-alpaca-superfine-heavens\/#primaryimage"},"image":{"@id":"https:\/\/www.lilleliis.com\/et\/toode\/rico-fashion-alpaca-superfine-heavens\/#primaryimage"},"thumbnailUrl":"https:\/\/www.lilleliis.com\/wp-content\/uploads\/2025\/05\/Rico-Fashion-Alpaca-Superfine-Heavens-Uni.jpg","datePublished":"2025-05-13T11:28:03+00:00","dateModified":"2026-04-27T13:22:02+00:00","description":"Udupehme Fashion Alpaca Superfine Heavens Udusulis linnupoja heegeldamiseks. Valikus kreemikas valge ja sooja tooniga helehall.","breadcrumb":{"@id":"https:\/\/www.lilleliis.com\/et\/toode\/rico-fashion-alpaca-superfine-heavens\/#breadcrumb"},"inLanguage":"et","potentialAction":[{"@type":"ReadAction","target":["https:\/\/www.lilleliis.com\/et\/toode\/rico-fashion-alpaca-superfine-heavens\/"]}]},{"@type":"ImageObject","inLanguage":"et","@id":"https:\/\/www.lilleliis.com\/et\/toode\/rico-fashion-alpaca-superfine-heavens\/#primaryimage","url":"https:\/\/www.lilleliis.com\/wp-content\/uploads\/2025\/05\/Rico-Fashion-Alpaca-Superfine-Heavens-Uni.jpg","contentUrl":"https:\/\/www.lilleliis.com\/wp-content\/uploads\/2025\/05\/Rico-Fashion-Alpaca-Superfine-Heavens-Uni.jpg","width":1500,"height":1500,"caption":"Rico Fashion Alpaca Superfine Heavens Uni"},{"@type":"BreadcrumbList","@id":"https:\/\/www.lilleliis.com\/et\/toode\/rico-fashion-alpaca-superfine-heavens\/#breadcrumb","itemListElement":[{"@type":"ListItem","position":1,"name":"Home","item":"https:\/\/www.lilleliis.com\/et\/"},{"@type":"ListItem","position":2,"name":"Pood","item":"https:\/\/www.lilleliis.com\/et\/shop\/"},{"@type":"ListItem","position":3,"name":"Rico Fashion Alpaca Superfine Heavens Uni &#8211; 50 g \/ 140 m"}]},{"@type":"WebSite","@id":"https:\/\/www.lilleliis.com\/et\/#website","url":"https:\/\/www.lilleliis.com\/et\/","name":"lilleliis","description":"Amigurumi m\u00e4nguasjad ja mustrid","potentialAction":[{"@type":"SearchAction","target":{"@type":"EntryPoint","urlTemplate":"https:\/\/www.lilleliis.com\/et\/?s={search_term_string}"},"query-input":{"@type":"PropertyValueSpecification","valueRequired":true,"valueName":"search_term_string"}}],"inLanguage":"et"}]}},"_links":{"self":[{"href":"https:\/\/www.lilleliis.com\/et\/wp-json\/wp\/v2\/product\/100178","targetHints":{"allow":["GET"]}}],"collection":[{"href":"https:\/\/www.lilleliis.com\/et\/wp-json\/wp\/v2\/product"}],"about":[{"href":"https:\/\/www.lilleliis.com\/et\/wp-json\/wp\/v2\/types\/product"}],"replies":[{"embeddable":true,"href":"https:\/\/www.lilleliis.com\/et\/wp-json\/wp\/v2\/comments?post=100178"}],"wp:featuredmedia":[{"embeddable":true,"href":"https:\/\/www.lilleliis.com\/et\/wp-json\/wp\/v2\/media\/100179"}],"wp:attachment":[{"href":"https:\/\/www.lilleliis.com\/et\/wp-json\/wp\/v2\/media?parent=100178"}],"wp:term":[{"taxonomy":"product_brand","embeddable":true,"href":"https:\/\/www.lilleliis.com\/et\/wp-json\/wp\/v2\/product_brand?post=100178"},{"taxonomy":"product_cat","embeddable":true,"href":"https:\/\/www.lilleliis.com\/et\/wp-json\/wp\/v2\/product_cat?post=100178"},{"taxonomy":"product_tag","embeddable":true,"href":"https:\/\/www.lilleliis.com\/et\/wp-json\/wp\/v2\/product_tag?post=100178"}],"curies":[{"name":"wp","href":"https:\/\/api.w.org\/{rel}","templated":true}]}}