{"id":100463,"date":"2025-05-21T16:34:39","date_gmt":"2025-05-21T13:34:39","guid":{"rendered":"https:\/\/www.lilleliis.com\/?post_type=product&#038;p=100463"},"modified":"2026-01-08T15:29:19","modified_gmt":"2026-01-08T13:29:19","slug":"heegeldatud-ookull","status":"publish","type":"product","link":"https:\/\/www.lilleliis.com\/et\/toode\/heegeldatud-ookull\/","title":{"rendered":"Heegeldatud \u00f6\u00f6kull"},"content":{"rendered":null,"protected":false},"excerpt":{"rendered":"<p>Heegeldatud \u00f6\u00f6kull on vahva padjasarnane kaisukas. Valmistatud pastelsetes toonides &#8211; hele m\u00fcnditooni roheline, virsikukarva roosa, bee\u017e ja sinepikollane. Kaisukal pole \u00fchtegi k\u00f5va detaili, mis saaks beebile haiget teha.<\/p>\n<p>M\u00e4nguasi on heegeldatud pehmest puuvillasest l\u00f5ngast. T\u00e4iteks olen kasutanud allergiavaba pol\u00fcester kerakiudu.<\/p>\n<p>Autorit\u00f6\u00f6. Disainitud ja k\u00e4sitsi valmistatud meie oma v\u00e4ikeses Eestis.<\/p>\n<div class=\"is-divider divider clearfix\" style=\"max-width:100%;\"><\/div>\n<p>Materjal:<\/p>\n<ul>\n<li>100% puuvillane l\u00f5ng (Oeco-Tex sertifikaadiga)<\/li>\n<li>pol\u00fcester kerakiud t\u00e4idi<\/li>\n<\/ul>\n<p>V\u00e4rv: v\u00e4rviline<\/p>\n<p>Suurus: linnu k\u00f5rgus on umbes 28 cm, tiivad laiali on laius 30 cm<\/p>\n<div class=\"is-divider divider clearfix\" style=\"max-width:100%;\"><\/div>\n<p>\u00c4ra j\u00e4ta beebit m\u00e4ngides kunagi \u00fcksi!<\/p>\n","protected":false},"featured_media":100471,"comment_status":"open","ping_status":"closed","template":"","meta":[],"product_brand":[],"product_cat":[155],"product_tag":[123,377],"class_list":{"0":"post-100463","1":"product","2":"type-product","3":"status-publish","4":"has-post-thumbnail","6":"product_cat-heegeldatud-manguasjad","7":"product_tag-beebidele","8":"product_tag-puuvillast-manguasjad","10":"first","11":"outofstock","12":"taxable","13":"shipping-taxable","14":"purchasable","15":"product-type-simple"},"yoast_head":"<!-- This site is optimized with the Yoast SEO plugin v27.3 - https:\/\/yoast.com\/product\/yoast-seo-wordpress\/ -->\n<title>Heegeldatud \u00f6\u00f6kull | lilleliis<\/title>\n<meta name=\"description\" content=\"Heegeldatud \u00f6\u00f6kull on vahva padjasarnane kaisukas. Valmistatud pastelsetes toonides. Kaisukal pole \u00fchtegi k\u00f5va detaili, mis saaks beebile haiget teha.\" \/>\n<meta name=\"robots\" content=\"index, follow, max-snippet:-1, max-image-preview:large, max-video-preview:-1\" \/>\n<link rel=\"canonical\" href=\"https:\/\/www.lilleliis.com\/et\/toode\/heegeldatud-ookull\/\" \/>\n<meta property=\"og:locale\" content=\"et_EE\" \/>\n<meta property=\"og:type\" content=\"article\" \/>\n<meta property=\"og:title\" content=\"Heegeldatud \u00f6\u00f6kull | lilleliis\" \/>\n<meta property=\"og:description\" content=\"Heegeldatud \u00f6\u00f6kull on vahva padjasarnane kaisukas. Valmistatud pastelsetes toonides. Kaisukal pole \u00fchtegi k\u00f5va detaili, mis saaks beebile haiget teha.\" \/>\n<meta property=\"og:url\" content=\"https:\/\/www.lilleliis.com\/et\/toode\/heegeldatud-ookull\/\" \/>\n<meta property=\"og:site_name\" content=\"lilleliis\" \/>\n<meta property=\"article:publisher\" content=\"https:\/\/www.facebook.com\/lilleliis-283266335035799\/\" \/>\n<meta property=\"article:modified_time\" content=\"2026-01-08T13:29:19+00:00\" \/>\n<meta property=\"og:image\" content=\"https:\/\/www.lilleliis.com\/wp-content\/uploads\/2025\/05\/heegeldatud-ookull5.jpg\" \/>\n\t<meta property=\"og:image:width\" content=\"1000\" \/>\n\t<meta property=\"og:image:height\" content=\"1500\" \/>\n\t<meta property=\"og:image:type\" content=\"image\/jpeg\" \/>\n<meta name=\"twitter:card\" content=\"summary_large_image\" \/>\n<meta name=\"twitter:label1\" content=\"Est. reading time\" \/>\n\t<meta name=\"twitter:data1\" content=\"1 minute\" \/>\n<script type=\"application\/ld+json\" class=\"yoast-schema-graph\">{\"@context\":\"https:\\\/\\\/schema.org\",\"@graph\":[{\"@type\":\"WebPage\",\"@id\":\"https:\\\/\\\/www.lilleliis.com\\\/et\\\/toode\\\/heegeldatud-ookull\\\/\",\"url\":\"https:\\\/\\\/www.lilleliis.com\\\/et\\\/toode\\\/heegeldatud-ookull\\\/\",\"name\":\"Heegeldatud \u00f6\u00f6kull | lilleliis\",\"isPartOf\":{\"@id\":\"https:\\\/\\\/www.lilleliis.com\\\/et\\\/#website\"},\"primaryImageOfPage\":{\"@id\":\"https:\\\/\\\/www.lilleliis.com\\\/et\\\/toode\\\/heegeldatud-ookull\\\/#primaryimage\"},\"image\":{\"@id\":\"https:\\\/\\\/www.lilleliis.com\\\/et\\\/toode\\\/heegeldatud-ookull\\\/#primaryimage\"},\"thumbnailUrl\":\"https:\\\/\\\/www.lilleliis.com\\\/wp-content\\\/uploads\\\/2025\\\/05\\\/heegeldatud-ookull5.jpg\",\"datePublished\":\"2025-05-21T13:34:39+00:00\",\"dateModified\":\"2026-01-08T13:29:19+00:00\",\"description\":\"Heegeldatud \u00f6\u00f6kull on vahva padjasarnane kaisukas. Valmistatud pastelsetes toonides. Kaisukal pole \u00fchtegi k\u00f5va detaili, mis saaks beebile haiget teha.\",\"breadcrumb\":{\"@id\":\"https:\\\/\\\/www.lilleliis.com\\\/et\\\/toode\\\/heegeldatud-ookull\\\/#breadcrumb\"},\"inLanguage\":\"et\",\"potentialAction\":[{\"@type\":\"ReadAction\",\"target\":[\"https:\\\/\\\/www.lilleliis.com\\\/et\\\/toode\\\/heegeldatud-ookull\\\/\"]}]},{\"@type\":\"ImageObject\",\"inLanguage\":\"et\",\"@id\":\"https:\\\/\\\/www.lilleliis.com\\\/et\\\/toode\\\/heegeldatud-ookull\\\/#primaryimage\",\"url\":\"https:\\\/\\\/www.lilleliis.com\\\/wp-content\\\/uploads\\\/2025\\\/05\\\/heegeldatud-ookull5.jpg\",\"contentUrl\":\"https:\\\/\\\/www.lilleliis.com\\\/wp-content\\\/uploads\\\/2025\\\/05\\\/heegeldatud-ookull5.jpg\",\"width\":1000,\"height\":1500,\"caption\":\"heegeldatud \u00f6\u00f6kull\"},{\"@type\":\"BreadcrumbList\",\"@id\":\"https:\\\/\\\/www.lilleliis.com\\\/et\\\/toode\\\/heegeldatud-ookull\\\/#breadcrumb\",\"itemListElement\":[{\"@type\":\"ListItem\",\"position\":1,\"name\":\"Home\",\"item\":\"https:\\\/\\\/www.lilleliis.com\\\/et\\\/\"},{\"@type\":\"ListItem\",\"position\":2,\"name\":\"Pood\",\"item\":\"https:\\\/\\\/www.lilleliis.com\\\/et\\\/shop\\\/\"},{\"@type\":\"ListItem\",\"position\":3,\"name\":\"Heegeldatud \u00f6\u00f6kull\"}]},{\"@type\":\"WebSite\",\"@id\":\"https:\\\/\\\/www.lilleliis.com\\\/et\\\/#website\",\"url\":\"https:\\\/\\\/www.lilleliis.com\\\/et\\\/\",\"name\":\"lilleliis\",\"description\":\"Amigurumi m\u00e4nguasjad ja mustrid\",\"potentialAction\":[{\"@type\":\"SearchAction\",\"target\":{\"@type\":\"EntryPoint\",\"urlTemplate\":\"https:\\\/\\\/www.lilleliis.com\\\/et\\\/?s={search_term_string}\"},\"query-input\":{\"@type\":\"PropertyValueSpecification\",\"valueRequired\":true,\"valueName\":\"search_term_string\"}}],\"inLanguage\":\"et\"}]}<\/script>\n<!-- \/ Yoast SEO plugin. -->","yoast_head_json":{"title":"Heegeldatud \u00f6\u00f6kull | lilleliis","description":"Heegeldatud \u00f6\u00f6kull on vahva padjasarnane kaisukas. Valmistatud pastelsetes toonides. Kaisukal pole \u00fchtegi k\u00f5va detaili, mis saaks beebile haiget teha.","robots":{"index":"index","follow":"follow","max-snippet":"max-snippet:-1","max-image-preview":"max-image-preview:large","max-video-preview":"max-video-preview:-1"},"canonical":"https:\/\/www.lilleliis.com\/et\/toode\/heegeldatud-ookull\/","og_locale":"et_EE","og_type":"article","og_title":"Heegeldatud \u00f6\u00f6kull | lilleliis","og_description":"Heegeldatud \u00f6\u00f6kull on vahva padjasarnane kaisukas. Valmistatud pastelsetes toonides. Kaisukal pole \u00fchtegi k\u00f5va detaili, mis saaks beebile haiget teha.","og_url":"https:\/\/www.lilleliis.com\/et\/toode\/heegeldatud-ookull\/","og_site_name":"lilleliis","article_publisher":"https:\/\/www.facebook.com\/lilleliis-283266335035799\/","article_modified_time":"2026-01-08T13:29:19+00:00","og_image":[{"width":1000,"height":1500,"url":"https:\/\/www.lilleliis.com\/wp-content\/uploads\/2025\/05\/heegeldatud-ookull5.jpg","type":"image\/jpeg"}],"twitter_card":"summary_large_image","twitter_misc":{"Est. reading time":"1 minute"},"schema":{"@context":"https:\/\/schema.org","@graph":[{"@type":"WebPage","@id":"https:\/\/www.lilleliis.com\/et\/toode\/heegeldatud-ookull\/","url":"https:\/\/www.lilleliis.com\/et\/toode\/heegeldatud-ookull\/","name":"Heegeldatud \u00f6\u00f6kull | lilleliis","isPartOf":{"@id":"https:\/\/www.lilleliis.com\/et\/#website"},"primaryImageOfPage":{"@id":"https:\/\/www.lilleliis.com\/et\/toode\/heegeldatud-ookull\/#primaryimage"},"image":{"@id":"https:\/\/www.lilleliis.com\/et\/toode\/heegeldatud-ookull\/#primaryimage"},"thumbnailUrl":"https:\/\/www.lilleliis.com\/wp-content\/uploads\/2025\/05\/heegeldatud-ookull5.jpg","datePublished":"2025-05-21T13:34:39+00:00","dateModified":"2026-01-08T13:29:19+00:00","description":"Heegeldatud \u00f6\u00f6kull on vahva padjasarnane kaisukas. Valmistatud pastelsetes toonides. Kaisukal pole \u00fchtegi k\u00f5va detaili, mis saaks beebile haiget teha.","breadcrumb":{"@id":"https:\/\/www.lilleliis.com\/et\/toode\/heegeldatud-ookull\/#breadcrumb"},"inLanguage":"et","potentialAction":[{"@type":"ReadAction","target":["https:\/\/www.lilleliis.com\/et\/toode\/heegeldatud-ookull\/"]}]},{"@type":"ImageObject","inLanguage":"et","@id":"https:\/\/www.lilleliis.com\/et\/toode\/heegeldatud-ookull\/#primaryimage","url":"https:\/\/www.lilleliis.com\/wp-content\/uploads\/2025\/05\/heegeldatud-ookull5.jpg","contentUrl":"https:\/\/www.lilleliis.com\/wp-content\/uploads\/2025\/05\/heegeldatud-ookull5.jpg","width":1000,"height":1500,"caption":"heegeldatud \u00f6\u00f6kull"},{"@type":"BreadcrumbList","@id":"https:\/\/www.lilleliis.com\/et\/toode\/heegeldatud-ookull\/#breadcrumb","itemListElement":[{"@type":"ListItem","position":1,"name":"Home","item":"https:\/\/www.lilleliis.com\/et\/"},{"@type":"ListItem","position":2,"name":"Pood","item":"https:\/\/www.lilleliis.com\/et\/shop\/"},{"@type":"ListItem","position":3,"name":"Heegeldatud \u00f6\u00f6kull"}]},{"@type":"WebSite","@id":"https:\/\/www.lilleliis.com\/et\/#website","url":"https:\/\/www.lilleliis.com\/et\/","name":"lilleliis","description":"Amigurumi m\u00e4nguasjad ja mustrid","potentialAction":[{"@type":"SearchAction","target":{"@type":"EntryPoint","urlTemplate":"https:\/\/www.lilleliis.com\/et\/?s={search_term_string}"},"query-input":{"@type":"PropertyValueSpecification","valueRequired":true,"valueName":"search_term_string"}}],"inLanguage":"et"}]}},"_links":{"self":[{"href":"https:\/\/www.lilleliis.com\/et\/wp-json\/wp\/v2\/product\/100463","targetHints":{"allow":["GET"]}}],"collection":[{"href":"https:\/\/www.lilleliis.com\/et\/wp-json\/wp\/v2\/product"}],"about":[{"href":"https:\/\/www.lilleliis.com\/et\/wp-json\/wp\/v2\/types\/product"}],"replies":[{"embeddable":true,"href":"https:\/\/www.lilleliis.com\/et\/wp-json\/wp\/v2\/comments?post=100463"}],"wp:featuredmedia":[{"embeddable":true,"href":"https:\/\/www.lilleliis.com\/et\/wp-json\/wp\/v2\/media\/100471"}],"wp:attachment":[{"href":"https:\/\/www.lilleliis.com\/et\/wp-json\/wp\/v2\/media?parent=100463"}],"wp:term":[{"taxonomy":"product_brand","embeddable":true,"href":"https:\/\/www.lilleliis.com\/et\/wp-json\/wp\/v2\/product_brand?post=100463"},{"taxonomy":"product_cat","embeddable":true,"href":"https:\/\/www.lilleliis.com\/et\/wp-json\/wp\/v2\/product_cat?post=100463"},{"taxonomy":"product_tag","embeddable":true,"href":"https:\/\/www.lilleliis.com\/et\/wp-json\/wp\/v2\/product_tag?post=100463"}],"curies":[{"name":"wp","href":"https:\/\/api.w.org\/{rel}","templated":true}]}}