{"id":100482,"date":"2026-03-15T19:17:40","date_gmt":"2026-03-15T17:17:40","guid":{"rendered":"https:\/\/www.lilleliis.com\/?post_type=product&#038;p=100482"},"modified":"2026-04-06T12:00:38","modified_gmt":"2026-04-06T09:00:38","slug":"poluester-kerakiud","status":"publish","type":"product","link":"https:\/\/www.lilleliis.com\/et\/toode\/poluester-kerakiud\/","title":{"rendered":"Pol\u00fcester kerakiud &#8211; m\u00e4nguasjade t\u00e4itematerjal &#8211; 500 g"},"content":{"rendered":"<p>Pol\u00fcester kerakiud on k\u00f5ige parem, kvaliteetsem ja usaldusv\u00e4\u00e4rsem m\u00e4nguasjade t\u00e4itematerjal. Julgen seda k\u00e4si s\u00fcdamel soovitada.<\/p>\n<p>See on allergiavaba ja kergesti pestav materjal.<\/p>\n<p>Kerakiud vetrub m\u00f5nusalt ja n\u00f6 p\u00f5rkab tagasi. See omadus tagab, et m\u00e4nguasjad ei vaju kasutades l\u00f6ssi ja lapikuks, vaid taastavad oma esialgse kuju.<\/p>\n<div class=\"is-divider divider clearfix\" ><\/div>\n<p>V\u00e4rv: s\u00f5ltuvalt partiist on t\u00e4itematerjal vahel valgem, vahel hallim.<\/p>\n<p>Kogus: 500g (pakitud kilesse)<\/p>\n<p>Hooldus: k\u00e4sipesu v\u00f5i \u00f5rn masinpesu programm kuni 40\u00b0<\/p>\n<div class=\"is-divider divider clearfix\" ><\/div>\n<h3>Tarne<\/h3>\n<p>Kerakiu pakk on suur, seep\u00e4rast on pakiautomaadiga tellides maksimum koguseks 1 pakk (500g).<\/p>\n","protected":false},"excerpt":{"rendered":"<p>Kvaliteetne pol\u00fcester kerakiud on pehme, allergiavaba ja h\u00e4sti vormi hoidev t\u00e4itematerjal m\u00e4nguasjadele. Vastupidav ja kergesti pestav t\u00e4idis hoiab kaisuloomad kohevad ka p\u00e4rast pikka kasutamist.<\/p>\n","protected":false},"featured_media":100483,"comment_status":"open","ping_status":"closed","template":"","meta":[],"product_brand":[],"product_cat":[429,1311],"product_tag":[],"class_list":{"0":"post-100482","1":"product","2":"type-product","3":"status-publish","4":"has-post-thumbnail","6":"product_cat-kasitoo-tarvikud","7":"product_cat-taitematerjal","8":"product_shipping_class-taidis","10":"first","11":"instock","12":"sold-individually","13":"taxable","14":"shipping-taxable","15":"purchasable","16":"product-type-simple"},"yoast_head":"<!-- This site is optimized with the Yoast SEO plugin v27.3 - https:\/\/yoast.com\/product\/yoast-seo-wordpress\/ -->\n<title>Pol\u00fcester kerakiud - m\u00e4nguasjade t\u00e4itematerjal - 500 g | lilleliis<\/title>\n<meta name=\"description\" content=\"Pol\u00fcester kerakiud on k\u00f5ige parem, kvaliteetsem ja usaldusv\u00e4\u00e4rsem m\u00e4nguasjade t\u00e4itematerjal. See on allergiavaba ja kergesti pestav materjal.\" \/>\n<meta name=\"robots\" content=\"index, follow, max-snippet:-1, max-image-preview:large, max-video-preview:-1\" \/>\n<link rel=\"canonical\" href=\"https:\/\/www.lilleliis.com\/et\/toode\/poluester-kerakiud\/\" \/>\n<meta property=\"og:locale\" content=\"et_EE\" \/>\n<meta property=\"og:type\" content=\"article\" \/>\n<meta property=\"og:title\" content=\"Pol\u00fcester kerakiud - m\u00e4nguasjade t\u00e4itematerjal - 500 g | lilleliis\" \/>\n<meta property=\"og:description\" content=\"Pol\u00fcester kerakiud on k\u00f5ige parem, kvaliteetsem ja usaldusv\u00e4\u00e4rsem m\u00e4nguasjade t\u00e4itematerjal. See on allergiavaba ja kergesti pestav materjal.\" \/>\n<meta property=\"og:url\" content=\"https:\/\/www.lilleliis.com\/et\/toode\/poluester-kerakiud\/\" \/>\n<meta property=\"og:site_name\" content=\"lilleliis\" \/>\n<meta property=\"article:publisher\" content=\"https:\/\/www.facebook.com\/lilleliis-283266335035799\/\" \/>\n<meta property=\"article:modified_time\" content=\"2026-04-06T09:00:38+00:00\" \/>\n<meta property=\"og:image\" content=\"https:\/\/www.lilleliis.com\/wp-content\/uploads\/2025\/05\/poluester-kerakiud.jpg\" \/>\n\t<meta property=\"og:image:width\" content=\"1000\" \/>\n\t<meta property=\"og:image:height\" content=\"1500\" \/>\n\t<meta property=\"og:image:type\" content=\"image\/jpeg\" \/>\n<meta name=\"twitter:card\" content=\"summary_large_image\" \/>\n<meta name=\"twitter:label1\" content=\"Est. reading time\" \/>\n\t<meta name=\"twitter:data1\" content=\"1 minute\" \/>\n<script type=\"application\/ld+json\" class=\"yoast-schema-graph\">{\"@context\":\"https:\\\/\\\/schema.org\",\"@graph\":[{\"@type\":\"WebPage\",\"@id\":\"https:\\\/\\\/www.lilleliis.com\\\/et\\\/toode\\\/poluester-kerakiud\\\/\",\"url\":\"https:\\\/\\\/www.lilleliis.com\\\/et\\\/toode\\\/poluester-kerakiud\\\/\",\"name\":\"Pol\u00fcester kerakiud - m\u00e4nguasjade t\u00e4itematerjal - 500 g | lilleliis\",\"isPartOf\":{\"@id\":\"https:\\\/\\\/www.lilleliis.com\\\/et\\\/#website\"},\"primaryImageOfPage\":{\"@id\":\"https:\\\/\\\/www.lilleliis.com\\\/et\\\/toode\\\/poluester-kerakiud\\\/#primaryimage\"},\"image\":{\"@id\":\"https:\\\/\\\/www.lilleliis.com\\\/et\\\/toode\\\/poluester-kerakiud\\\/#primaryimage\"},\"thumbnailUrl\":\"https:\\\/\\\/www.lilleliis.com\\\/wp-content\\\/uploads\\\/2025\\\/05\\\/poluester-kerakiud.jpg\",\"datePublished\":\"2026-03-15T17:17:40+00:00\",\"dateModified\":\"2026-04-06T09:00:38+00:00\",\"description\":\"Pol\u00fcester kerakiud on k\u00f5ige parem, kvaliteetsem ja usaldusv\u00e4\u00e4rsem m\u00e4nguasjade t\u00e4itematerjal. See on allergiavaba ja kergesti pestav materjal.\",\"breadcrumb\":{\"@id\":\"https:\\\/\\\/www.lilleliis.com\\\/et\\\/toode\\\/poluester-kerakiud\\\/#breadcrumb\"},\"inLanguage\":\"et\",\"potentialAction\":[{\"@type\":\"ReadAction\",\"target\":[\"https:\\\/\\\/www.lilleliis.com\\\/et\\\/toode\\\/poluester-kerakiud\\\/\"]}]},{\"@type\":\"ImageObject\",\"inLanguage\":\"et\",\"@id\":\"https:\\\/\\\/www.lilleliis.com\\\/et\\\/toode\\\/poluester-kerakiud\\\/#primaryimage\",\"url\":\"https:\\\/\\\/www.lilleliis.com\\\/wp-content\\\/uploads\\\/2025\\\/05\\\/poluester-kerakiud.jpg\",\"contentUrl\":\"https:\\\/\\\/www.lilleliis.com\\\/wp-content\\\/uploads\\\/2025\\\/05\\\/poluester-kerakiud.jpg\",\"width\":1000,\"height\":1500,\"caption\":\"pol\u00fcester kerakiud m\u00e4nguasjade t\u00e4itematerjal\"},{\"@type\":\"BreadcrumbList\",\"@id\":\"https:\\\/\\\/www.lilleliis.com\\\/et\\\/toode\\\/poluester-kerakiud\\\/#breadcrumb\",\"itemListElement\":[{\"@type\":\"ListItem\",\"position\":1,\"name\":\"Home\",\"item\":\"https:\\\/\\\/www.lilleliis.com\\\/et\\\/\"},{\"@type\":\"ListItem\",\"position\":2,\"name\":\"Pood\",\"item\":\"https:\\\/\\\/www.lilleliis.com\\\/et\\\/shop\\\/\"},{\"@type\":\"ListItem\",\"position\":3,\"name\":\"Pol\u00fcester kerakiud &#8211; m\u00e4nguasjade t\u00e4itematerjal &#8211; 500 g\"}]},{\"@type\":\"WebSite\",\"@id\":\"https:\\\/\\\/www.lilleliis.com\\\/et\\\/#website\",\"url\":\"https:\\\/\\\/www.lilleliis.com\\\/et\\\/\",\"name\":\"lilleliis\",\"description\":\"Amigurumi m\u00e4nguasjad ja mustrid\",\"potentialAction\":[{\"@type\":\"SearchAction\",\"target\":{\"@type\":\"EntryPoint\",\"urlTemplate\":\"https:\\\/\\\/www.lilleliis.com\\\/et\\\/?s={search_term_string}\"},\"query-input\":{\"@type\":\"PropertyValueSpecification\",\"valueRequired\":true,\"valueName\":\"search_term_string\"}}],\"inLanguage\":\"et\"}]}<\/script>\n<!-- \/ Yoast SEO plugin. -->","yoast_head_json":{"title":"Pol\u00fcester kerakiud - m\u00e4nguasjade t\u00e4itematerjal - 500 g | lilleliis","description":"Pol\u00fcester kerakiud on k\u00f5ige parem, kvaliteetsem ja usaldusv\u00e4\u00e4rsem m\u00e4nguasjade t\u00e4itematerjal. See on allergiavaba ja kergesti pestav materjal.","robots":{"index":"index","follow":"follow","max-snippet":"max-snippet:-1","max-image-preview":"max-image-preview:large","max-video-preview":"max-video-preview:-1"},"canonical":"https:\/\/www.lilleliis.com\/et\/toode\/poluester-kerakiud\/","og_locale":"et_EE","og_type":"article","og_title":"Pol\u00fcester kerakiud - m\u00e4nguasjade t\u00e4itematerjal - 500 g | lilleliis","og_description":"Pol\u00fcester kerakiud on k\u00f5ige parem, kvaliteetsem ja usaldusv\u00e4\u00e4rsem m\u00e4nguasjade t\u00e4itematerjal. See on allergiavaba ja kergesti pestav materjal.","og_url":"https:\/\/www.lilleliis.com\/et\/toode\/poluester-kerakiud\/","og_site_name":"lilleliis","article_publisher":"https:\/\/www.facebook.com\/lilleliis-283266335035799\/","article_modified_time":"2026-04-06T09:00:38+00:00","og_image":[{"width":1000,"height":1500,"url":"https:\/\/www.lilleliis.com\/wp-content\/uploads\/2025\/05\/poluester-kerakiud.jpg","type":"image\/jpeg"}],"twitter_card":"summary_large_image","twitter_misc":{"Est. reading time":"1 minute"},"schema":{"@context":"https:\/\/schema.org","@graph":[{"@type":"WebPage","@id":"https:\/\/www.lilleliis.com\/et\/toode\/poluester-kerakiud\/","url":"https:\/\/www.lilleliis.com\/et\/toode\/poluester-kerakiud\/","name":"Pol\u00fcester kerakiud - m\u00e4nguasjade t\u00e4itematerjal - 500 g | lilleliis","isPartOf":{"@id":"https:\/\/www.lilleliis.com\/et\/#website"},"primaryImageOfPage":{"@id":"https:\/\/www.lilleliis.com\/et\/toode\/poluester-kerakiud\/#primaryimage"},"image":{"@id":"https:\/\/www.lilleliis.com\/et\/toode\/poluester-kerakiud\/#primaryimage"},"thumbnailUrl":"https:\/\/www.lilleliis.com\/wp-content\/uploads\/2025\/05\/poluester-kerakiud.jpg","datePublished":"2026-03-15T17:17:40+00:00","dateModified":"2026-04-06T09:00:38+00:00","description":"Pol\u00fcester kerakiud on k\u00f5ige parem, kvaliteetsem ja usaldusv\u00e4\u00e4rsem m\u00e4nguasjade t\u00e4itematerjal. See on allergiavaba ja kergesti pestav materjal.","breadcrumb":{"@id":"https:\/\/www.lilleliis.com\/et\/toode\/poluester-kerakiud\/#breadcrumb"},"inLanguage":"et","potentialAction":[{"@type":"ReadAction","target":["https:\/\/www.lilleliis.com\/et\/toode\/poluester-kerakiud\/"]}]},{"@type":"ImageObject","inLanguage":"et","@id":"https:\/\/www.lilleliis.com\/et\/toode\/poluester-kerakiud\/#primaryimage","url":"https:\/\/www.lilleliis.com\/wp-content\/uploads\/2025\/05\/poluester-kerakiud.jpg","contentUrl":"https:\/\/www.lilleliis.com\/wp-content\/uploads\/2025\/05\/poluester-kerakiud.jpg","width":1000,"height":1500,"caption":"pol\u00fcester kerakiud m\u00e4nguasjade t\u00e4itematerjal"},{"@type":"BreadcrumbList","@id":"https:\/\/www.lilleliis.com\/et\/toode\/poluester-kerakiud\/#breadcrumb","itemListElement":[{"@type":"ListItem","position":1,"name":"Home","item":"https:\/\/www.lilleliis.com\/et\/"},{"@type":"ListItem","position":2,"name":"Pood","item":"https:\/\/www.lilleliis.com\/et\/shop\/"},{"@type":"ListItem","position":3,"name":"Pol\u00fcester kerakiud &#8211; m\u00e4nguasjade t\u00e4itematerjal &#8211; 500 g"}]},{"@type":"WebSite","@id":"https:\/\/www.lilleliis.com\/et\/#website","url":"https:\/\/www.lilleliis.com\/et\/","name":"lilleliis","description":"Amigurumi m\u00e4nguasjad ja mustrid","potentialAction":[{"@type":"SearchAction","target":{"@type":"EntryPoint","urlTemplate":"https:\/\/www.lilleliis.com\/et\/?s={search_term_string}"},"query-input":{"@type":"PropertyValueSpecification","valueRequired":true,"valueName":"search_term_string"}}],"inLanguage":"et"}]}},"_links":{"self":[{"href":"https:\/\/www.lilleliis.com\/et\/wp-json\/wp\/v2\/product\/100482","targetHints":{"allow":["GET"]}}],"collection":[{"href":"https:\/\/www.lilleliis.com\/et\/wp-json\/wp\/v2\/product"}],"about":[{"href":"https:\/\/www.lilleliis.com\/et\/wp-json\/wp\/v2\/types\/product"}],"replies":[{"embeddable":true,"href":"https:\/\/www.lilleliis.com\/et\/wp-json\/wp\/v2\/comments?post=100482"}],"wp:featuredmedia":[{"embeddable":true,"href":"https:\/\/www.lilleliis.com\/et\/wp-json\/wp\/v2\/media\/100483"}],"wp:attachment":[{"href":"https:\/\/www.lilleliis.com\/et\/wp-json\/wp\/v2\/media?parent=100482"}],"wp:term":[{"taxonomy":"product_brand","embeddable":true,"href":"https:\/\/www.lilleliis.com\/et\/wp-json\/wp\/v2\/product_brand?post=100482"},{"taxonomy":"product_cat","embeddable":true,"href":"https:\/\/www.lilleliis.com\/et\/wp-json\/wp\/v2\/product_cat?post=100482"},{"taxonomy":"product_tag","embeddable":true,"href":"https:\/\/www.lilleliis.com\/et\/wp-json\/wp\/v2\/product_tag?post=100482"}],"curies":[{"name":"wp","href":"https:\/\/api.w.org\/{rel}","templated":true}]}}