{"id":100562,"date":"2025-05-27T12:06:18","date_gmt":"2025-05-27T09:06:18","guid":{"rendered":"https:\/\/www.lilleliis.com\/?post_type=product&#038;p=100562"},"modified":"2026-04-06T17:31:22","modified_gmt":"2026-04-06T14:31:22","slug":"iirisniit-candy-floss","status":"publish","type":"product","link":"https:\/\/www.lilleliis.com\/et\/toode\/iirisniit-candy-floss\/","title":{"rendered":"Iirisniit Candy Floss &#8211; 20 g"},"content":{"rendered":"<p>Iirisniit Candy Floss sobib amigurumi m\u00e4nguasjade valmistamisel nii n\u00e4o tikkimiseks kui kangast detailide \u00f5mblemiseks. Suuremast rullist jagub kauemaks!<\/p>\n<p>100% orgaaniline niit on tugeva keeruga ja sileda, l\u00e4ikiva pinnaga. Ei katke. Suurep\u00e4rane valik mitmesugusteks tehnikateks nagu tikkimine, sashiko, mikro heegelprojektid (amigurumi, ehted), \u00e4\u00e4repitsid jpm.<\/p>\n<div class=\"is-divider divider clearfix\" ><\/div>\n<h3>Lilleliis soovitab:<\/h3>\n<ul>\n<li>Kasuta musta ja pruune toone, et tikkida nina, suu, ripsmed, kulmud, tedret\u00e4hnid, vurrud ja muud n\u00e4o elemendid.<\/li>\n<li>Roosa tooniga tiki p\u00f5sed v\u00f5i kasutada l\u00f5nga, et \u00f5mmelda k\u00fclge vildiriidest l\u00f5igatud p\u00f5selaigud.<\/li>\n<li>Valget ja bee\u017ei niiti kasuta kangast detailide \u00f5mblemiseks.<\/li>\n<\/ul>\n<div class=\"is-divider divider clearfix\" ><\/div>\n<h3>Suurus ja materjal<\/h3>\n<p>Kaal: 20g<\/p>\n<p>Materjal: 100% orgaaniline puuvill<\/p>\n<p>Tootja: Holland<\/p>\n<div class=\"is-divider divider clearfix\" ><\/div>\n<h3>Kuidas l\u00f5nga hooldada<\/h3>\n<p>Masinpesu, max 40\u00b0C<\/p>\n","protected":false},"excerpt":{"rendered":"<p>Iirisniit Candy Floss on tugev ja sile orgaaniline niit, mis sobib ideaalselt amigurumi n\u00e4odetailide tikkimiseks ning kangast detailide \u00f5mblemiseks. Vastupidav ja l\u00e4ikiva pinnaga niit sobib suurep\u00e4raselt silmade, nina, suu ja teiste v\u00e4ikeste detailide lisamiseks m\u00e4nguasjale.<\/p>\n","protected":false},"featured_media":100524,"comment_status":"open","ping_status":"closed","template":"","meta":[],"product_brand":[1566],"product_cat":[708,429,568],"product_tag":[1595],"class_list":{"0":"post-100562","1":"product","2":"type-product","3":"status-publish","4":"has-post-thumbnail","6":"product_brand-scheepjes","7":"product_cat-longad","8":"product_cat-kasitoo-tarvikud","9":"product_cat-muud-tarvikud","10":"product_tag-iirisniit","11":"pa_candy-floss-colors-106-snow-white","12":"pa_candy-floss-colors-110-jet-black","13":"pa_candy-floss-colors-115-hot-red","14":"pa_candy-floss-colors-192-scarlet","15":"pa_candy-floss-colors-238-powder-pink","16":"pa_candy-floss-colors-408-old-rose","17":"pa_candy-floss-colors-503-hazelnut","18":"pa_candy-floss-colors-505-linen","19":"pa_candy-floss-colors-519-freesia","20":"pa_special-features-kangadetailid","22":"first","23":"instock","24":"taxable","25":"shipping-taxable","26":"purchasable","27":"product-type-variable"},"yoast_head":"<!-- This site is optimized with the Yoast SEO plugin v27.3 - https:\/\/yoast.com\/product\/yoast-seo-wordpress\/ -->\n<title>Iirisniit Candy Floss - 20 g | lilleliis<\/title>\n<meta name=\"description\" content=\"Iirisniit Candy Floss sobib amigurumi m\u00e4nguasjade valmistamisel nii n\u00e4o tikkimiseks kui kangast detailide \u00f5mblemiseks. Suuremast rullist jagub kauemaks!\" \/>\n<meta name=\"robots\" content=\"index, follow, max-snippet:-1, max-image-preview:large, max-video-preview:-1\" \/>\n<link rel=\"canonical\" href=\"https:\/\/www.lilleliis.com\/et\/toode\/iirisniit-candy-floss\/\" \/>\n<meta property=\"og:locale\" content=\"et_EE\" \/>\n<meta property=\"og:type\" content=\"article\" \/>\n<meta property=\"og:title\" content=\"Iirisniit Candy Floss - 20 g | lilleliis\" \/>\n<meta property=\"og:description\" content=\"Iirisniit Candy Floss sobib amigurumi m\u00e4nguasjade valmistamisel nii n\u00e4o tikkimiseks kui kangast detailide \u00f5mblemiseks. Suuremast rullist jagub kauemaks!\" \/>\n<meta property=\"og:url\" content=\"https:\/\/www.lilleliis.com\/et\/toode\/iirisniit-candy-floss\/\" \/>\n<meta property=\"og:site_name\" content=\"lilleliis\" \/>\n<meta property=\"article:publisher\" content=\"https:\/\/www.facebook.com\/lilleliis-283266335035799\/\" \/>\n<meta property=\"article:modified_time\" content=\"2026-04-06T14:31:22+00:00\" \/>\n<meta property=\"og:image\" content=\"https:\/\/www.lilleliis.com\/wp-content\/uploads\/2025\/05\/Candy-Floss-iirisniit.webp\" \/>\n\t<meta property=\"og:image:width\" content=\"1000\" \/>\n\t<meta property=\"og:image:height\" content=\"1000\" \/>\n\t<meta property=\"og:image:type\" content=\"image\/webp\" \/>\n<meta name=\"twitter:card\" content=\"summary_large_image\" \/>\n<meta name=\"twitter:label1\" content=\"Est. reading time\" \/>\n\t<meta name=\"twitter:data1\" content=\"1 minute\" \/>\n<script type=\"application\/ld+json\" class=\"yoast-schema-graph\">{\"@context\":\"https:\\\/\\\/schema.org\",\"@graph\":[{\"@type\":\"WebPage\",\"@id\":\"https:\\\/\\\/www.lilleliis.com\\\/et\\\/toode\\\/iirisniit-candy-floss\\\/\",\"url\":\"https:\\\/\\\/www.lilleliis.com\\\/et\\\/toode\\\/iirisniit-candy-floss\\\/\",\"name\":\"Iirisniit Candy Floss - 20 g | lilleliis\",\"isPartOf\":{\"@id\":\"https:\\\/\\\/www.lilleliis.com\\\/et\\\/#website\"},\"primaryImageOfPage\":{\"@id\":\"https:\\\/\\\/www.lilleliis.com\\\/et\\\/toode\\\/iirisniit-candy-floss\\\/#primaryimage\"},\"image\":{\"@id\":\"https:\\\/\\\/www.lilleliis.com\\\/et\\\/toode\\\/iirisniit-candy-floss\\\/#primaryimage\"},\"thumbnailUrl\":\"https:\\\/\\\/www.lilleliis.com\\\/wp-content\\\/uploads\\\/2025\\\/05\\\/Candy-Floss-iirisniit.webp\",\"datePublished\":\"2025-05-27T09:06:18+00:00\",\"dateModified\":\"2026-04-06T14:31:22+00:00\",\"description\":\"Iirisniit Candy Floss sobib amigurumi m\u00e4nguasjade valmistamisel nii n\u00e4o tikkimiseks kui kangast detailide \u00f5mblemiseks. Suuremast rullist jagub kauemaks!\",\"breadcrumb\":{\"@id\":\"https:\\\/\\\/www.lilleliis.com\\\/et\\\/toode\\\/iirisniit-candy-floss\\\/#breadcrumb\"},\"inLanguage\":\"et\",\"potentialAction\":[{\"@type\":\"ReadAction\",\"target\":[\"https:\\\/\\\/www.lilleliis.com\\\/et\\\/toode\\\/iirisniit-candy-floss\\\/\"]}]},{\"@type\":\"ImageObject\",\"inLanguage\":\"et\",\"@id\":\"https:\\\/\\\/www.lilleliis.com\\\/et\\\/toode\\\/iirisniit-candy-floss\\\/#primaryimage\",\"url\":\"https:\\\/\\\/www.lilleliis.com\\\/wp-content\\\/uploads\\\/2025\\\/05\\\/Candy-Floss-iirisniit.webp\",\"contentUrl\":\"https:\\\/\\\/www.lilleliis.com\\\/wp-content\\\/uploads\\\/2025\\\/05\\\/Candy-Floss-iirisniit.webp\",\"width\":1000,\"height\":1000,\"caption\":\"Candy Floss iirisniit\"},{\"@type\":\"BreadcrumbList\",\"@id\":\"https:\\\/\\\/www.lilleliis.com\\\/et\\\/toode\\\/iirisniit-candy-floss\\\/#breadcrumb\",\"itemListElement\":[{\"@type\":\"ListItem\",\"position\":1,\"name\":\"Home\",\"item\":\"https:\\\/\\\/www.lilleliis.com\\\/et\\\/\"},{\"@type\":\"ListItem\",\"position\":2,\"name\":\"Pood\",\"item\":\"https:\\\/\\\/www.lilleliis.com\\\/et\\\/shop\\\/\"},{\"@type\":\"ListItem\",\"position\":3,\"name\":\"Iirisniit Candy Floss &#8211; 20 g\"}]},{\"@type\":\"WebSite\",\"@id\":\"https:\\\/\\\/www.lilleliis.com\\\/et\\\/#website\",\"url\":\"https:\\\/\\\/www.lilleliis.com\\\/et\\\/\",\"name\":\"lilleliis\",\"description\":\"Amigurumi m\u00e4nguasjad ja mustrid\",\"potentialAction\":[{\"@type\":\"SearchAction\",\"target\":{\"@type\":\"EntryPoint\",\"urlTemplate\":\"https:\\\/\\\/www.lilleliis.com\\\/et\\\/?s={search_term_string}\"},\"query-input\":{\"@type\":\"PropertyValueSpecification\",\"valueRequired\":true,\"valueName\":\"search_term_string\"}}],\"inLanguage\":\"et\"}]}<\/script>\n<!-- \/ Yoast SEO plugin. -->","yoast_head_json":{"title":"Iirisniit Candy Floss - 20 g | lilleliis","description":"Iirisniit Candy Floss sobib amigurumi m\u00e4nguasjade valmistamisel nii n\u00e4o tikkimiseks kui kangast detailide \u00f5mblemiseks. Suuremast rullist jagub kauemaks!","robots":{"index":"index","follow":"follow","max-snippet":"max-snippet:-1","max-image-preview":"max-image-preview:large","max-video-preview":"max-video-preview:-1"},"canonical":"https:\/\/www.lilleliis.com\/et\/toode\/iirisniit-candy-floss\/","og_locale":"et_EE","og_type":"article","og_title":"Iirisniit Candy Floss - 20 g | lilleliis","og_description":"Iirisniit Candy Floss sobib amigurumi m\u00e4nguasjade valmistamisel nii n\u00e4o tikkimiseks kui kangast detailide \u00f5mblemiseks. Suuremast rullist jagub kauemaks!","og_url":"https:\/\/www.lilleliis.com\/et\/toode\/iirisniit-candy-floss\/","og_site_name":"lilleliis","article_publisher":"https:\/\/www.facebook.com\/lilleliis-283266335035799\/","article_modified_time":"2026-04-06T14:31:22+00:00","og_image":[{"width":1000,"height":1000,"url":"https:\/\/www.lilleliis.com\/wp-content\/uploads\/2025\/05\/Candy-Floss-iirisniit.webp","type":"image\/webp"}],"twitter_card":"summary_large_image","twitter_misc":{"Est. reading time":"1 minute"},"schema":{"@context":"https:\/\/schema.org","@graph":[{"@type":"WebPage","@id":"https:\/\/www.lilleliis.com\/et\/toode\/iirisniit-candy-floss\/","url":"https:\/\/www.lilleliis.com\/et\/toode\/iirisniit-candy-floss\/","name":"Iirisniit Candy Floss - 20 g | lilleliis","isPartOf":{"@id":"https:\/\/www.lilleliis.com\/et\/#website"},"primaryImageOfPage":{"@id":"https:\/\/www.lilleliis.com\/et\/toode\/iirisniit-candy-floss\/#primaryimage"},"image":{"@id":"https:\/\/www.lilleliis.com\/et\/toode\/iirisniit-candy-floss\/#primaryimage"},"thumbnailUrl":"https:\/\/www.lilleliis.com\/wp-content\/uploads\/2025\/05\/Candy-Floss-iirisniit.webp","datePublished":"2025-05-27T09:06:18+00:00","dateModified":"2026-04-06T14:31:22+00:00","description":"Iirisniit Candy Floss sobib amigurumi m\u00e4nguasjade valmistamisel nii n\u00e4o tikkimiseks kui kangast detailide \u00f5mblemiseks. Suuremast rullist jagub kauemaks!","breadcrumb":{"@id":"https:\/\/www.lilleliis.com\/et\/toode\/iirisniit-candy-floss\/#breadcrumb"},"inLanguage":"et","potentialAction":[{"@type":"ReadAction","target":["https:\/\/www.lilleliis.com\/et\/toode\/iirisniit-candy-floss\/"]}]},{"@type":"ImageObject","inLanguage":"et","@id":"https:\/\/www.lilleliis.com\/et\/toode\/iirisniit-candy-floss\/#primaryimage","url":"https:\/\/www.lilleliis.com\/wp-content\/uploads\/2025\/05\/Candy-Floss-iirisniit.webp","contentUrl":"https:\/\/www.lilleliis.com\/wp-content\/uploads\/2025\/05\/Candy-Floss-iirisniit.webp","width":1000,"height":1000,"caption":"Candy Floss iirisniit"},{"@type":"BreadcrumbList","@id":"https:\/\/www.lilleliis.com\/et\/toode\/iirisniit-candy-floss\/#breadcrumb","itemListElement":[{"@type":"ListItem","position":1,"name":"Home","item":"https:\/\/www.lilleliis.com\/et\/"},{"@type":"ListItem","position":2,"name":"Pood","item":"https:\/\/www.lilleliis.com\/et\/shop\/"},{"@type":"ListItem","position":3,"name":"Iirisniit Candy Floss &#8211; 20 g"}]},{"@type":"WebSite","@id":"https:\/\/www.lilleliis.com\/et\/#website","url":"https:\/\/www.lilleliis.com\/et\/","name":"lilleliis","description":"Amigurumi m\u00e4nguasjad ja mustrid","potentialAction":[{"@type":"SearchAction","target":{"@type":"EntryPoint","urlTemplate":"https:\/\/www.lilleliis.com\/et\/?s={search_term_string}"},"query-input":{"@type":"PropertyValueSpecification","valueRequired":true,"valueName":"search_term_string"}}],"inLanguage":"et"}]}},"_links":{"self":[{"href":"https:\/\/www.lilleliis.com\/et\/wp-json\/wp\/v2\/product\/100562","targetHints":{"allow":["GET"]}}],"collection":[{"href":"https:\/\/www.lilleliis.com\/et\/wp-json\/wp\/v2\/product"}],"about":[{"href":"https:\/\/www.lilleliis.com\/et\/wp-json\/wp\/v2\/types\/product"}],"replies":[{"embeddable":true,"href":"https:\/\/www.lilleliis.com\/et\/wp-json\/wp\/v2\/comments?post=100562"}],"wp:featuredmedia":[{"embeddable":true,"href":"https:\/\/www.lilleliis.com\/et\/wp-json\/wp\/v2\/media\/100524"}],"wp:attachment":[{"href":"https:\/\/www.lilleliis.com\/et\/wp-json\/wp\/v2\/media?parent=100562"}],"wp:term":[{"taxonomy":"product_brand","embeddable":true,"href":"https:\/\/www.lilleliis.com\/et\/wp-json\/wp\/v2\/product_brand?post=100562"},{"taxonomy":"product_cat","embeddable":true,"href":"https:\/\/www.lilleliis.com\/et\/wp-json\/wp\/v2\/product_cat?post=100562"},{"taxonomy":"product_tag","embeddable":true,"href":"https:\/\/www.lilleliis.com\/et\/wp-json\/wp\/v2\/product_tag?post=100562"}],"curies":[{"name":"wp","href":"https:\/\/api.w.org\/{rel}","templated":true}]}}