{"id":100588,"date":"2025-05-29T15:13:24","date_gmt":"2025-05-29T12:13:24","guid":{"rendered":"https:\/\/www.lilleliis.com\/?post_type=product&#038;p=100588"},"modified":"2026-02-10T13:05:28","modified_gmt":"2026-02-10T11:05:28","slug":"heegeldatud-tudukaru","status":"publish","type":"product","link":"https:\/\/www.lilleliis.com\/et\/toode\/heegeldatud-tudukaru\/","title":{"rendered":"Heegeldatud tudukaru"},"content":{"rendered":null,"protected":false},"excerpt":{"rendered":"<p>Heegeldatud tudukaru on armas kingitus beebile. Pastelsetes toonides m\u00f5mmik on valmistatud pehmest puuvillasest l\u00f5ngast. Karule on selga heegeldatud triibuline pid\u017eaama ja p\u00e4he lontis unem\u00fcts. Riided seljast \u00e4ra ei k\u00e4i. Selline lahendus sobib h\u00e4sti just v\u00e4ikelastele.<\/p>\n<p>Autorit\u00f6\u00f6. Disainitud ja k\u00e4sitsi valmistatud meie oma v\u00e4ikeses Eestis.<\/p>\n<div class=\"is-divider divider clearfix\" style=\"max-width:100%;\"><\/div>\n<p>Materjal:<\/p>\n<ul>\n<li>100% puuvillane l\u00f5ng (Oeco-Tex sertifikaadiga)<\/li>\n<li>t\u00e4idiseks allergiavaba pol\u00fcester kerakiud<\/li>\n<li>turvasilmad<\/li>\n<\/ul>\n<p>V\u00e4rv: bee\u017e, roosa, hall<\/p>\n<p>Suurus: 24 cm<\/p>\n<div class=\"is-divider divider clearfix\" style=\"max-width:100%;\"><\/div>\n<p>\u00c4ra j\u00e4ta beebit m\u00e4ngides kunagi \u00fcksi!<\/p>\n","protected":false},"featured_media":100592,"comment_status":"open","ping_status":"closed","template":"","meta":[],"product_brand":[],"product_cat":[155],"product_tag":[123,377],"class_list":{"0":"post-100588","1":"product","2":"type-product","3":"status-publish","4":"has-post-thumbnail","6":"product_cat-heegeldatud-manguasjad","7":"product_tag-beebidele","8":"product_tag-puuvillast-manguasjad","10":"first","11":"outofstock","12":"taxable","13":"shipping-taxable","14":"purchasable","15":"product-type-simple"},"yoast_head":"<!-- This site is optimized with the Yoast SEO plugin v27.3 - https:\/\/yoast.com\/product\/yoast-seo-wordpress\/ -->\n<title>Heegeldatud tudukaru | lilleliis<\/title>\n<meta name=\"description\" content=\"Heegeldatud tudukaru on armas kingitus beebile. Pastelsetes toonides m\u00f5mmik on valmistatud pehmest puuvillasest l\u00f5ngast. Eesti k\u00e4sit\u00f6\u00f6.\" \/>\n<meta name=\"robots\" content=\"index, follow, max-snippet:-1, max-image-preview:large, max-video-preview:-1\" \/>\n<link rel=\"canonical\" href=\"https:\/\/www.lilleliis.com\/et\/toode\/heegeldatud-tudukaru\/\" \/>\n<meta property=\"og:locale\" content=\"et_EE\" \/>\n<meta property=\"og:type\" content=\"article\" \/>\n<meta property=\"og:title\" content=\"Heegeldatud tudukaru | lilleliis\" \/>\n<meta property=\"og:description\" content=\"Heegeldatud tudukaru on armas kingitus beebile. Pastelsetes toonides m\u00f5mmik on valmistatud pehmest puuvillasest l\u00f5ngast. Eesti k\u00e4sit\u00f6\u00f6.\" \/>\n<meta property=\"og:url\" content=\"https:\/\/www.lilleliis.com\/et\/toode\/heegeldatud-tudukaru\/\" \/>\n<meta property=\"og:site_name\" content=\"lilleliis\" \/>\n<meta property=\"article:publisher\" content=\"https:\/\/www.facebook.com\/lilleliis-283266335035799\/\" \/>\n<meta property=\"article:modified_time\" content=\"2026-02-10T11:05:28+00:00\" \/>\n<meta property=\"og:image\" content=\"https:\/\/www.lilleliis.com\/wp-content\/uploads\/2025\/05\/heegeldatud-tudukaru3.jpg\" \/>\n\t<meta property=\"og:image:width\" content=\"1000\" \/>\n\t<meta property=\"og:image:height\" content=\"1500\" \/>\n\t<meta property=\"og:image:type\" content=\"image\/jpeg\" \/>\n<meta name=\"twitter:card\" content=\"summary_large_image\" \/>\n<meta name=\"twitter:label1\" content=\"Est. reading time\" \/>\n\t<meta name=\"twitter:data1\" content=\"1 minute\" \/>\n<script type=\"application\/ld+json\" class=\"yoast-schema-graph\">{\"@context\":\"https:\\\/\\\/schema.org\",\"@graph\":[{\"@type\":\"WebPage\",\"@id\":\"https:\\\/\\\/www.lilleliis.com\\\/et\\\/toode\\\/heegeldatud-tudukaru\\\/\",\"url\":\"https:\\\/\\\/www.lilleliis.com\\\/et\\\/toode\\\/heegeldatud-tudukaru\\\/\",\"name\":\"Heegeldatud tudukaru | lilleliis\",\"isPartOf\":{\"@id\":\"https:\\\/\\\/www.lilleliis.com\\\/et\\\/#website\"},\"primaryImageOfPage\":{\"@id\":\"https:\\\/\\\/www.lilleliis.com\\\/et\\\/toode\\\/heegeldatud-tudukaru\\\/#primaryimage\"},\"image\":{\"@id\":\"https:\\\/\\\/www.lilleliis.com\\\/et\\\/toode\\\/heegeldatud-tudukaru\\\/#primaryimage\"},\"thumbnailUrl\":\"https:\\\/\\\/www.lilleliis.com\\\/wp-content\\\/uploads\\\/2025\\\/05\\\/heegeldatud-tudukaru3.jpg\",\"datePublished\":\"2025-05-29T12:13:24+00:00\",\"dateModified\":\"2026-02-10T11:05:28+00:00\",\"description\":\"Heegeldatud tudukaru on armas kingitus beebile. Pastelsetes toonides m\u00f5mmik on valmistatud pehmest puuvillasest l\u00f5ngast. Eesti k\u00e4sit\u00f6\u00f6.\",\"breadcrumb\":{\"@id\":\"https:\\\/\\\/www.lilleliis.com\\\/et\\\/toode\\\/heegeldatud-tudukaru\\\/#breadcrumb\"},\"inLanguage\":\"et\",\"potentialAction\":[{\"@type\":\"ReadAction\",\"target\":[\"https:\\\/\\\/www.lilleliis.com\\\/et\\\/toode\\\/heegeldatud-tudukaru\\\/\"]}]},{\"@type\":\"ImageObject\",\"inLanguage\":\"et\",\"@id\":\"https:\\\/\\\/www.lilleliis.com\\\/et\\\/toode\\\/heegeldatud-tudukaru\\\/#primaryimage\",\"url\":\"https:\\\/\\\/www.lilleliis.com\\\/wp-content\\\/uploads\\\/2025\\\/05\\\/heegeldatud-tudukaru3.jpg\",\"contentUrl\":\"https:\\\/\\\/www.lilleliis.com\\\/wp-content\\\/uploads\\\/2025\\\/05\\\/heegeldatud-tudukaru3.jpg\",\"width\":1000,\"height\":1500,\"caption\":\"heegeldatud tudukaru\"},{\"@type\":\"BreadcrumbList\",\"@id\":\"https:\\\/\\\/www.lilleliis.com\\\/et\\\/toode\\\/heegeldatud-tudukaru\\\/#breadcrumb\",\"itemListElement\":[{\"@type\":\"ListItem\",\"position\":1,\"name\":\"Home\",\"item\":\"https:\\\/\\\/www.lilleliis.com\\\/et\\\/\"},{\"@type\":\"ListItem\",\"position\":2,\"name\":\"Pood\",\"item\":\"https:\\\/\\\/www.lilleliis.com\\\/et\\\/shop\\\/\"},{\"@type\":\"ListItem\",\"position\":3,\"name\":\"Heegeldatud tudukaru\"}]},{\"@type\":\"WebSite\",\"@id\":\"https:\\\/\\\/www.lilleliis.com\\\/et\\\/#website\",\"url\":\"https:\\\/\\\/www.lilleliis.com\\\/et\\\/\",\"name\":\"lilleliis\",\"description\":\"Amigurumi m\u00e4nguasjad ja mustrid\",\"potentialAction\":[{\"@type\":\"SearchAction\",\"target\":{\"@type\":\"EntryPoint\",\"urlTemplate\":\"https:\\\/\\\/www.lilleliis.com\\\/et\\\/?s={search_term_string}\"},\"query-input\":{\"@type\":\"PropertyValueSpecification\",\"valueRequired\":true,\"valueName\":\"search_term_string\"}}],\"inLanguage\":\"et\"}]}<\/script>\n<!-- \/ Yoast SEO plugin. -->","yoast_head_json":{"title":"Heegeldatud tudukaru | lilleliis","description":"Heegeldatud tudukaru on armas kingitus beebile. Pastelsetes toonides m\u00f5mmik on valmistatud pehmest puuvillasest l\u00f5ngast. Eesti k\u00e4sit\u00f6\u00f6.","robots":{"index":"index","follow":"follow","max-snippet":"max-snippet:-1","max-image-preview":"max-image-preview:large","max-video-preview":"max-video-preview:-1"},"canonical":"https:\/\/www.lilleliis.com\/et\/toode\/heegeldatud-tudukaru\/","og_locale":"et_EE","og_type":"article","og_title":"Heegeldatud tudukaru | lilleliis","og_description":"Heegeldatud tudukaru on armas kingitus beebile. Pastelsetes toonides m\u00f5mmik on valmistatud pehmest puuvillasest l\u00f5ngast. Eesti k\u00e4sit\u00f6\u00f6.","og_url":"https:\/\/www.lilleliis.com\/et\/toode\/heegeldatud-tudukaru\/","og_site_name":"lilleliis","article_publisher":"https:\/\/www.facebook.com\/lilleliis-283266335035799\/","article_modified_time":"2026-02-10T11:05:28+00:00","og_image":[{"width":1000,"height":1500,"url":"https:\/\/www.lilleliis.com\/wp-content\/uploads\/2025\/05\/heegeldatud-tudukaru3.jpg","type":"image\/jpeg"}],"twitter_card":"summary_large_image","twitter_misc":{"Est. reading time":"1 minute"},"schema":{"@context":"https:\/\/schema.org","@graph":[{"@type":"WebPage","@id":"https:\/\/www.lilleliis.com\/et\/toode\/heegeldatud-tudukaru\/","url":"https:\/\/www.lilleliis.com\/et\/toode\/heegeldatud-tudukaru\/","name":"Heegeldatud tudukaru | lilleliis","isPartOf":{"@id":"https:\/\/www.lilleliis.com\/et\/#website"},"primaryImageOfPage":{"@id":"https:\/\/www.lilleliis.com\/et\/toode\/heegeldatud-tudukaru\/#primaryimage"},"image":{"@id":"https:\/\/www.lilleliis.com\/et\/toode\/heegeldatud-tudukaru\/#primaryimage"},"thumbnailUrl":"https:\/\/www.lilleliis.com\/wp-content\/uploads\/2025\/05\/heegeldatud-tudukaru3.jpg","datePublished":"2025-05-29T12:13:24+00:00","dateModified":"2026-02-10T11:05:28+00:00","description":"Heegeldatud tudukaru on armas kingitus beebile. Pastelsetes toonides m\u00f5mmik on valmistatud pehmest puuvillasest l\u00f5ngast. Eesti k\u00e4sit\u00f6\u00f6.","breadcrumb":{"@id":"https:\/\/www.lilleliis.com\/et\/toode\/heegeldatud-tudukaru\/#breadcrumb"},"inLanguage":"et","potentialAction":[{"@type":"ReadAction","target":["https:\/\/www.lilleliis.com\/et\/toode\/heegeldatud-tudukaru\/"]}]},{"@type":"ImageObject","inLanguage":"et","@id":"https:\/\/www.lilleliis.com\/et\/toode\/heegeldatud-tudukaru\/#primaryimage","url":"https:\/\/www.lilleliis.com\/wp-content\/uploads\/2025\/05\/heegeldatud-tudukaru3.jpg","contentUrl":"https:\/\/www.lilleliis.com\/wp-content\/uploads\/2025\/05\/heegeldatud-tudukaru3.jpg","width":1000,"height":1500,"caption":"heegeldatud tudukaru"},{"@type":"BreadcrumbList","@id":"https:\/\/www.lilleliis.com\/et\/toode\/heegeldatud-tudukaru\/#breadcrumb","itemListElement":[{"@type":"ListItem","position":1,"name":"Home","item":"https:\/\/www.lilleliis.com\/et\/"},{"@type":"ListItem","position":2,"name":"Pood","item":"https:\/\/www.lilleliis.com\/et\/shop\/"},{"@type":"ListItem","position":3,"name":"Heegeldatud tudukaru"}]},{"@type":"WebSite","@id":"https:\/\/www.lilleliis.com\/et\/#website","url":"https:\/\/www.lilleliis.com\/et\/","name":"lilleliis","description":"Amigurumi m\u00e4nguasjad ja mustrid","potentialAction":[{"@type":"SearchAction","target":{"@type":"EntryPoint","urlTemplate":"https:\/\/www.lilleliis.com\/et\/?s={search_term_string}"},"query-input":{"@type":"PropertyValueSpecification","valueRequired":true,"valueName":"search_term_string"}}],"inLanguage":"et"}]}},"_links":{"self":[{"href":"https:\/\/www.lilleliis.com\/et\/wp-json\/wp\/v2\/product\/100588","targetHints":{"allow":["GET"]}}],"collection":[{"href":"https:\/\/www.lilleliis.com\/et\/wp-json\/wp\/v2\/product"}],"about":[{"href":"https:\/\/www.lilleliis.com\/et\/wp-json\/wp\/v2\/types\/product"}],"replies":[{"embeddable":true,"href":"https:\/\/www.lilleliis.com\/et\/wp-json\/wp\/v2\/comments?post=100588"}],"wp:featuredmedia":[{"embeddable":true,"href":"https:\/\/www.lilleliis.com\/et\/wp-json\/wp\/v2\/media\/100592"}],"wp:attachment":[{"href":"https:\/\/www.lilleliis.com\/et\/wp-json\/wp\/v2\/media?parent=100588"}],"wp:term":[{"taxonomy":"product_brand","embeddable":true,"href":"https:\/\/www.lilleliis.com\/et\/wp-json\/wp\/v2\/product_brand?post=100588"},{"taxonomy":"product_cat","embeddable":true,"href":"https:\/\/www.lilleliis.com\/et\/wp-json\/wp\/v2\/product_cat?post=100588"},{"taxonomy":"product_tag","embeddable":true,"href":"https:\/\/www.lilleliis.com\/et\/wp-json\/wp\/v2\/product_tag?post=100588"}],"curies":[{"name":"wp","href":"https:\/\/api.w.org\/{rel}","templated":true}]}}