{"id":100697,"date":"2025-06-03T14:35:32","date_gmt":"2025-06-03T11:35:32","guid":{"rendered":"https:\/\/www.lilleliis.com\/?post_type=product&#038;p=100697"},"modified":"2026-02-10T12:32:33","modified_gmt":"2026-02-10T10:32:33","slug":"bambusest-rongas","status":"publish","type":"product","link":"https:\/\/www.lilleliis.com\/et\/toode\/bambusest-rongas\/","title":{"rendered":"Bambusest r\u00f5ngas beebikarusselli jaoks &#8211; 25cm"},"content":{"rendered":null,"protected":false},"excerpt":{"rendered":"<p data-start=\"64\" data-end=\"284\">Bambusest r\u00f5nga abil saad ise valmistada lihtsa beebikarusselli v\u00f5i m\u00e4ngukaare asenduse. Selleks riputa lelud n\u00f6\u00f6ride abil r\u00f5nga k\u00fclge ning kinnita r\u00f5ngas n\u00f6\u00f6riga m\u00f5ne k\u00f5rgemal asetseva eseme k\u00fclge, et beebi neid n\u00e4eks.<\/p>\n<p data-start=\"286\" data-end=\"362\">Olenevalt suurusest mahub sellele umbes 3\u20139 ise heegeldatud lelu.<\/p>\n<p data-start=\"286\" data-end=\"362\">Bambusest r\u00f5ngast v\u00f5id kasutada veel mitmesugustes k\u00e4sit\u00f6\u00f6projektides, sealhulgas kaunistuste loomisel, p\u00e4rgade ja unen\u00e4op\u00fc\u00fcdjate valmistamisel jmt.<\/p>\n<hr \/>\n<p><span data-text-color=\"primary\">SUURUS JA MATERJAL<\/span><\/p>\n<p>L\u00e4bim\u00f5\u00f5t 25-26 cm, k\u00f5rgus 1 cm, paksus 4 mm.<\/p>\n<p>Materjal: 100% bambus<\/p>\n<hr \/>\n<p><span data-text-color=\"primary\">KUIDAS L\u00d5NGA HOOLDADA<\/span><\/p>\n<p>Puhastada niiske lapiga<\/p>\n","protected":false},"featured_media":100698,"comment_status":"open","ping_status":"closed","template":"","meta":[],"product_brand":[],"product_cat":[429,568],"product_tag":[1602],"class_list":{"0":"post-100697","1":"product","2":"type-product","3":"status-publish","4":"has-post-thumbnail","6":"product_cat-kasitoo-tarvikud","7":"product_cat-muud-tarvikud","8":"product_tag-beebilelude-valmistamine","10":"first","11":"outofstock","12":"taxable","13":"shipping-taxable","14":"purchasable","15":"product-type-simple"},"yoast_head":"<!-- This site is optimized with the Yoast SEO plugin v27.3 - https:\/\/yoast.com\/product\/yoast-seo-wordpress\/ -->\n<title>Bambusest r\u00f5ngas beebikarusselli jaoks - 25cm | lilleliis<\/title>\n<meta name=\"description\" content=\"Bambusest r\u00f5nga abil saad valmistada lihtsa beebikarusselli v\u00f5i m\u00e4ngukaare asenduse. Olenevalt suurusest mahub sellele 3\u20139 ise heegeldatud lelu.\" \/>\n<meta name=\"robots\" content=\"index, follow, max-snippet:-1, max-image-preview:large, max-video-preview:-1\" \/>\n<link rel=\"canonical\" href=\"https:\/\/www.lilleliis.com\/et\/toode\/bambusest-rongas\/\" \/>\n<meta property=\"og:locale\" content=\"et_EE\" \/>\n<meta property=\"og:type\" content=\"article\" \/>\n<meta property=\"og:title\" content=\"Bambusest r\u00f5ngas beebikarusselli jaoks - 25cm | lilleliis\" \/>\n<meta property=\"og:description\" content=\"Bambusest r\u00f5nga abil saad valmistada lihtsa beebikarusselli v\u00f5i m\u00e4ngukaare asenduse. Olenevalt suurusest mahub sellele 3\u20139 ise heegeldatud lelu.\" \/>\n<meta property=\"og:url\" content=\"https:\/\/www.lilleliis.com\/et\/toode\/bambusest-rongas\/\" \/>\n<meta property=\"og:site_name\" content=\"lilleliis\" \/>\n<meta property=\"article:publisher\" content=\"https:\/\/www.facebook.com\/lilleliis-283266335035799\/\" \/>\n<meta property=\"article:modified_time\" content=\"2026-02-10T10:32:33+00:00\" \/>\n<meta property=\"og:image\" content=\"https:\/\/www.lilleliis.com\/wp-content\/uploads\/2025\/06\/bambus-rongas-25-cm.jpg\" \/>\n\t<meta property=\"og:image:width\" content=\"1000\" \/>\n\t<meta property=\"og:image:height\" content=\"1500\" \/>\n\t<meta property=\"og:image:type\" content=\"image\/jpeg\" \/>\n<meta name=\"twitter:card\" content=\"summary_large_image\" \/>\n<meta name=\"twitter:label1\" content=\"Est. reading time\" \/>\n\t<meta name=\"twitter:data1\" content=\"1 minute\" \/>\n<script type=\"application\/ld+json\" class=\"yoast-schema-graph\">{\"@context\":\"https:\\\/\\\/schema.org\",\"@graph\":[{\"@type\":\"WebPage\",\"@id\":\"https:\\\/\\\/www.lilleliis.com\\\/et\\\/toode\\\/bambusest-rongas\\\/\",\"url\":\"https:\\\/\\\/www.lilleliis.com\\\/et\\\/toode\\\/bambusest-rongas\\\/\",\"name\":\"Bambusest r\u00f5ngas beebikarusselli jaoks - 25cm | lilleliis\",\"isPartOf\":{\"@id\":\"https:\\\/\\\/www.lilleliis.com\\\/et\\\/#website\"},\"primaryImageOfPage\":{\"@id\":\"https:\\\/\\\/www.lilleliis.com\\\/et\\\/toode\\\/bambusest-rongas\\\/#primaryimage\"},\"image\":{\"@id\":\"https:\\\/\\\/www.lilleliis.com\\\/et\\\/toode\\\/bambusest-rongas\\\/#primaryimage\"},\"thumbnailUrl\":\"https:\\\/\\\/www.lilleliis.com\\\/wp-content\\\/uploads\\\/2025\\\/06\\\/bambus-rongas-25-cm.jpg\",\"datePublished\":\"2025-06-03T11:35:32+00:00\",\"dateModified\":\"2026-02-10T10:32:33+00:00\",\"description\":\"Bambusest r\u00f5nga abil saad valmistada lihtsa beebikarusselli v\u00f5i m\u00e4ngukaare asenduse. Olenevalt suurusest mahub sellele 3\u20139 ise heegeldatud lelu.\",\"breadcrumb\":{\"@id\":\"https:\\\/\\\/www.lilleliis.com\\\/et\\\/toode\\\/bambusest-rongas\\\/#breadcrumb\"},\"inLanguage\":\"et\",\"potentialAction\":[{\"@type\":\"ReadAction\",\"target\":[\"https:\\\/\\\/www.lilleliis.com\\\/et\\\/toode\\\/bambusest-rongas\\\/\"]}]},{\"@type\":\"ImageObject\",\"inLanguage\":\"et\",\"@id\":\"https:\\\/\\\/www.lilleliis.com\\\/et\\\/toode\\\/bambusest-rongas\\\/#primaryimage\",\"url\":\"https:\\\/\\\/www.lilleliis.com\\\/wp-content\\\/uploads\\\/2025\\\/06\\\/bambus-rongas-25-cm.jpg\",\"contentUrl\":\"https:\\\/\\\/www.lilleliis.com\\\/wp-content\\\/uploads\\\/2025\\\/06\\\/bambus-rongas-25-cm.jpg\",\"width\":1000,\"height\":1500,\"caption\":\"bambus r\u00f5ngas beebikarusselli jaoks\"},{\"@type\":\"BreadcrumbList\",\"@id\":\"https:\\\/\\\/www.lilleliis.com\\\/et\\\/toode\\\/bambusest-rongas\\\/#breadcrumb\",\"itemListElement\":[{\"@type\":\"ListItem\",\"position\":1,\"name\":\"Home\",\"item\":\"https:\\\/\\\/www.lilleliis.com\\\/et\\\/\"},{\"@type\":\"ListItem\",\"position\":2,\"name\":\"Pood\",\"item\":\"https:\\\/\\\/www.lilleliis.com\\\/et\\\/shop\\\/\"},{\"@type\":\"ListItem\",\"position\":3,\"name\":\"Bambusest r\u00f5ngas beebikarusselli jaoks &#8211; 25cm\"}]},{\"@type\":\"WebSite\",\"@id\":\"https:\\\/\\\/www.lilleliis.com\\\/et\\\/#website\",\"url\":\"https:\\\/\\\/www.lilleliis.com\\\/et\\\/\",\"name\":\"lilleliis\",\"description\":\"Amigurumi m\u00e4nguasjad ja mustrid\",\"potentialAction\":[{\"@type\":\"SearchAction\",\"target\":{\"@type\":\"EntryPoint\",\"urlTemplate\":\"https:\\\/\\\/www.lilleliis.com\\\/et\\\/?s={search_term_string}\"},\"query-input\":{\"@type\":\"PropertyValueSpecification\",\"valueRequired\":true,\"valueName\":\"search_term_string\"}}],\"inLanguage\":\"et\"}]}<\/script>\n<!-- \/ Yoast SEO plugin. -->","yoast_head_json":{"title":"Bambusest r\u00f5ngas beebikarusselli jaoks - 25cm | lilleliis","description":"Bambusest r\u00f5nga abil saad valmistada lihtsa beebikarusselli v\u00f5i m\u00e4ngukaare asenduse. Olenevalt suurusest mahub sellele 3\u20139 ise heegeldatud lelu.","robots":{"index":"index","follow":"follow","max-snippet":"max-snippet:-1","max-image-preview":"max-image-preview:large","max-video-preview":"max-video-preview:-1"},"canonical":"https:\/\/www.lilleliis.com\/et\/toode\/bambusest-rongas\/","og_locale":"et_EE","og_type":"article","og_title":"Bambusest r\u00f5ngas beebikarusselli jaoks - 25cm | lilleliis","og_description":"Bambusest r\u00f5nga abil saad valmistada lihtsa beebikarusselli v\u00f5i m\u00e4ngukaare asenduse. Olenevalt suurusest mahub sellele 3\u20139 ise heegeldatud lelu.","og_url":"https:\/\/www.lilleliis.com\/et\/toode\/bambusest-rongas\/","og_site_name":"lilleliis","article_publisher":"https:\/\/www.facebook.com\/lilleliis-283266335035799\/","article_modified_time":"2026-02-10T10:32:33+00:00","og_image":[{"width":1000,"height":1500,"url":"https:\/\/www.lilleliis.com\/wp-content\/uploads\/2025\/06\/bambus-rongas-25-cm.jpg","type":"image\/jpeg"}],"twitter_card":"summary_large_image","twitter_misc":{"Est. reading time":"1 minute"},"schema":{"@context":"https:\/\/schema.org","@graph":[{"@type":"WebPage","@id":"https:\/\/www.lilleliis.com\/et\/toode\/bambusest-rongas\/","url":"https:\/\/www.lilleliis.com\/et\/toode\/bambusest-rongas\/","name":"Bambusest r\u00f5ngas beebikarusselli jaoks - 25cm | lilleliis","isPartOf":{"@id":"https:\/\/www.lilleliis.com\/et\/#website"},"primaryImageOfPage":{"@id":"https:\/\/www.lilleliis.com\/et\/toode\/bambusest-rongas\/#primaryimage"},"image":{"@id":"https:\/\/www.lilleliis.com\/et\/toode\/bambusest-rongas\/#primaryimage"},"thumbnailUrl":"https:\/\/www.lilleliis.com\/wp-content\/uploads\/2025\/06\/bambus-rongas-25-cm.jpg","datePublished":"2025-06-03T11:35:32+00:00","dateModified":"2026-02-10T10:32:33+00:00","description":"Bambusest r\u00f5nga abil saad valmistada lihtsa beebikarusselli v\u00f5i m\u00e4ngukaare asenduse. Olenevalt suurusest mahub sellele 3\u20139 ise heegeldatud lelu.","breadcrumb":{"@id":"https:\/\/www.lilleliis.com\/et\/toode\/bambusest-rongas\/#breadcrumb"},"inLanguage":"et","potentialAction":[{"@type":"ReadAction","target":["https:\/\/www.lilleliis.com\/et\/toode\/bambusest-rongas\/"]}]},{"@type":"ImageObject","inLanguage":"et","@id":"https:\/\/www.lilleliis.com\/et\/toode\/bambusest-rongas\/#primaryimage","url":"https:\/\/www.lilleliis.com\/wp-content\/uploads\/2025\/06\/bambus-rongas-25-cm.jpg","contentUrl":"https:\/\/www.lilleliis.com\/wp-content\/uploads\/2025\/06\/bambus-rongas-25-cm.jpg","width":1000,"height":1500,"caption":"bambus r\u00f5ngas beebikarusselli jaoks"},{"@type":"BreadcrumbList","@id":"https:\/\/www.lilleliis.com\/et\/toode\/bambusest-rongas\/#breadcrumb","itemListElement":[{"@type":"ListItem","position":1,"name":"Home","item":"https:\/\/www.lilleliis.com\/et\/"},{"@type":"ListItem","position":2,"name":"Pood","item":"https:\/\/www.lilleliis.com\/et\/shop\/"},{"@type":"ListItem","position":3,"name":"Bambusest r\u00f5ngas beebikarusselli jaoks &#8211; 25cm"}]},{"@type":"WebSite","@id":"https:\/\/www.lilleliis.com\/et\/#website","url":"https:\/\/www.lilleliis.com\/et\/","name":"lilleliis","description":"Amigurumi m\u00e4nguasjad ja mustrid","potentialAction":[{"@type":"SearchAction","target":{"@type":"EntryPoint","urlTemplate":"https:\/\/www.lilleliis.com\/et\/?s={search_term_string}"},"query-input":{"@type":"PropertyValueSpecification","valueRequired":true,"valueName":"search_term_string"}}],"inLanguage":"et"}]}},"_links":{"self":[{"href":"https:\/\/www.lilleliis.com\/et\/wp-json\/wp\/v2\/product\/100697","targetHints":{"allow":["GET"]}}],"collection":[{"href":"https:\/\/www.lilleliis.com\/et\/wp-json\/wp\/v2\/product"}],"about":[{"href":"https:\/\/www.lilleliis.com\/et\/wp-json\/wp\/v2\/types\/product"}],"replies":[{"embeddable":true,"href":"https:\/\/www.lilleliis.com\/et\/wp-json\/wp\/v2\/comments?post=100697"}],"wp:featuredmedia":[{"embeddable":true,"href":"https:\/\/www.lilleliis.com\/et\/wp-json\/wp\/v2\/media\/100698"}],"wp:attachment":[{"href":"https:\/\/www.lilleliis.com\/et\/wp-json\/wp\/v2\/media?parent=100697"}],"wp:term":[{"taxonomy":"product_brand","embeddable":true,"href":"https:\/\/www.lilleliis.com\/et\/wp-json\/wp\/v2\/product_brand?post=100697"},{"taxonomy":"product_cat","embeddable":true,"href":"https:\/\/www.lilleliis.com\/et\/wp-json\/wp\/v2\/product_cat?post=100697"},{"taxonomy":"product_tag","embeddable":true,"href":"https:\/\/www.lilleliis.com\/et\/wp-json\/wp\/v2\/product_tag?post=100697"}],"curies":[{"name":"wp","href":"https:\/\/api.w.org\/{rel}","templated":true}]}}