{"id":100831,"date":"2025-06-18T12:00:14","date_gmt":"2025-06-18T09:00:14","guid":{"rendered":"https:\/\/www.lilleliis.com\/?post_type=product&#038;p=100831"},"modified":"2026-02-20T11:15:47","modified_gmt":"2026-02-20T09:15:47","slug":"heegelnoel-knitpro","status":"publish","type":"product","link":"https:\/\/www.lilleliis.com\/et\/toode\/heegelnoel-knitpro\/","title":{"rendered":"Heegeln\u00f5el KnitPro &#8211; 2,5 mm"},"content":{"rendered":"<p>Kvaliteetsed KnitPro heegeln\u00f5elad suuruses 2,5 mm. Valikus must-kuld ja roosa-h\u00f5be.<\/p>\n<p>Must heegeln\u00f5el on terasest, roosa heegeln\u00f5el alumiiniumist konksu osaga. M\u00f5lemal on pehme kummine k\u00e4epide.<\/p>\n<div class=\"is-divider divider clearfix\" ><\/div>\n<p>Suurus: 2,5 mm<\/p>\n","protected":false},"excerpt":{"rendered":"<p>Kvaliteetsed ja pehme kummise k\u00e4epidemega KnitPro heegeln\u00f5elad suuruses 2,5 mm. Valikus must-kuld ja roosa-h\u00f5be.<\/p>\n","protected":false},"featured_media":100840,"comment_status":"open","ping_status":"closed","template":"","meta":[],"product_brand":[1568],"product_cat":[982,429],"product_tag":[1585],"class_list":{"0":"post-100831","1":"product","2":"type-product","3":"status-publish","4":"has-post-thumbnail","6":"product_brand-knitpro","7":"product_cat-heegelnoelad-ja-noelad","8":"product_cat-kasitoo-tarvikud","9":"product_tag-heegelnoelad","10":"pa_color-must","11":"pa_color-roosa","13":"first","14":"instock","15":"taxable","16":"shipping-taxable","17":"purchasable","18":"product-type-variable"},"yoast_head":"<!-- This site is optimized with the Yoast SEO plugin v27.3 - https:\/\/yoast.com\/product\/yoast-seo-wordpress\/ -->\n<title>Heegeln\u00f5el KnitPro - 2,5 mm | lilleliis<\/title>\n<meta name=\"description\" content=\"Kvaliteetsed ja pehme kummise k\u00e4epidemega KnitPro heegeln\u00f5elad suuruses 2,5 mm. Valikus must-kuld ja roosa-h\u00f5be.\" \/>\n<meta name=\"robots\" content=\"index, follow, max-snippet:-1, max-image-preview:large, max-video-preview:-1\" \/>\n<link rel=\"canonical\" href=\"https:\/\/www.lilleliis.com\/et\/toode\/heegelnoel-knitpro\/\" \/>\n<meta property=\"og:locale\" content=\"et_EE\" \/>\n<meta property=\"og:type\" content=\"article\" \/>\n<meta property=\"og:title\" content=\"Heegeln\u00f5el KnitPro - 2,5 mm | lilleliis\" \/>\n<meta property=\"og:description\" content=\"Kvaliteetsed ja pehme kummise k\u00e4epidemega KnitPro heegeln\u00f5elad suuruses 2,5 mm. Valikus must-kuld ja roosa-h\u00f5be.\" \/>\n<meta property=\"og:url\" content=\"https:\/\/www.lilleliis.com\/et\/toode\/heegelnoel-knitpro\/\" \/>\n<meta property=\"og:site_name\" content=\"lilleliis\" \/>\n<meta property=\"article:publisher\" content=\"https:\/\/www.facebook.com\/lilleliis-283266335035799\/\" \/>\n<meta property=\"article:modified_time\" content=\"2026-02-20T09:15:47+00:00\" \/>\n<meta property=\"og:image\" content=\"https:\/\/www.lilleliis.com\/wp-content\/uploads\/2025\/06\/heegelnoel-knitpro4.webp\" \/>\n\t<meta property=\"og:image:width\" content=\"700\" \/>\n\t<meta property=\"og:image:height\" content=\"700\" \/>\n\t<meta property=\"og:image:type\" content=\"image\/webp\" \/>\n<meta name=\"twitter:card\" content=\"summary_large_image\" \/>\n<meta name=\"twitter:label1\" content=\"Est. reading time\" \/>\n\t<meta name=\"twitter:data1\" content=\"1 minute\" \/>\n<script type=\"application\/ld+json\" class=\"yoast-schema-graph\">{\"@context\":\"https:\\\/\\\/schema.org\",\"@graph\":[{\"@type\":\"WebPage\",\"@id\":\"https:\\\/\\\/www.lilleliis.com\\\/et\\\/toode\\\/heegelnoel-knitpro\\\/\",\"url\":\"https:\\\/\\\/www.lilleliis.com\\\/et\\\/toode\\\/heegelnoel-knitpro\\\/\",\"name\":\"Heegeln\u00f5el KnitPro - 2,5 mm | lilleliis\",\"isPartOf\":{\"@id\":\"https:\\\/\\\/www.lilleliis.com\\\/et\\\/#website\"},\"primaryImageOfPage\":{\"@id\":\"https:\\\/\\\/www.lilleliis.com\\\/et\\\/toode\\\/heegelnoel-knitpro\\\/#primaryimage\"},\"image\":{\"@id\":\"https:\\\/\\\/www.lilleliis.com\\\/et\\\/toode\\\/heegelnoel-knitpro\\\/#primaryimage\"},\"thumbnailUrl\":\"https:\\\/\\\/www.lilleliis.com\\\/wp-content\\\/uploads\\\/2025\\\/06\\\/heegelnoel-knitpro4.webp\",\"datePublished\":\"2025-06-18T09:00:14+00:00\",\"dateModified\":\"2026-02-20T09:15:47+00:00\",\"description\":\"Kvaliteetsed ja pehme kummise k\u00e4epidemega KnitPro heegeln\u00f5elad suuruses 2,5 mm. Valikus must-kuld ja roosa-h\u00f5be.\",\"breadcrumb\":{\"@id\":\"https:\\\/\\\/www.lilleliis.com\\\/et\\\/toode\\\/heegelnoel-knitpro\\\/#breadcrumb\"},\"inLanguage\":\"et\",\"potentialAction\":[{\"@type\":\"ReadAction\",\"target\":[\"https:\\\/\\\/www.lilleliis.com\\\/et\\\/toode\\\/heegelnoel-knitpro\\\/\"]}]},{\"@type\":\"ImageObject\",\"inLanguage\":\"et\",\"@id\":\"https:\\\/\\\/www.lilleliis.com\\\/et\\\/toode\\\/heegelnoel-knitpro\\\/#primaryimage\",\"url\":\"https:\\\/\\\/www.lilleliis.com\\\/wp-content\\\/uploads\\\/2025\\\/06\\\/heegelnoel-knitpro4.webp\",\"contentUrl\":\"https:\\\/\\\/www.lilleliis.com\\\/wp-content\\\/uploads\\\/2025\\\/06\\\/heegelnoel-knitpro4.webp\",\"width\":700,\"height\":700,\"caption\":\"heegeln\u00f5el knitpro\"},{\"@type\":\"BreadcrumbList\",\"@id\":\"https:\\\/\\\/www.lilleliis.com\\\/et\\\/toode\\\/heegelnoel-knitpro\\\/#breadcrumb\",\"itemListElement\":[{\"@type\":\"ListItem\",\"position\":1,\"name\":\"Home\",\"item\":\"https:\\\/\\\/www.lilleliis.com\\\/et\\\/\"},{\"@type\":\"ListItem\",\"position\":2,\"name\":\"Pood\",\"item\":\"https:\\\/\\\/www.lilleliis.com\\\/et\\\/shop\\\/\"},{\"@type\":\"ListItem\",\"position\":3,\"name\":\"Heegeln\u00f5el KnitPro &#8211; 2,5 mm\"}]},{\"@type\":\"WebSite\",\"@id\":\"https:\\\/\\\/www.lilleliis.com\\\/et\\\/#website\",\"url\":\"https:\\\/\\\/www.lilleliis.com\\\/et\\\/\",\"name\":\"lilleliis\",\"description\":\"Amigurumi m\u00e4nguasjad ja mustrid\",\"potentialAction\":[{\"@type\":\"SearchAction\",\"target\":{\"@type\":\"EntryPoint\",\"urlTemplate\":\"https:\\\/\\\/www.lilleliis.com\\\/et\\\/?s={search_term_string}\"},\"query-input\":{\"@type\":\"PropertyValueSpecification\",\"valueRequired\":true,\"valueName\":\"search_term_string\"}}],\"inLanguage\":\"et\"}]}<\/script>\n<!-- \/ Yoast SEO plugin. -->","yoast_head_json":{"title":"Heegeln\u00f5el KnitPro - 2,5 mm | lilleliis","description":"Kvaliteetsed ja pehme kummise k\u00e4epidemega KnitPro heegeln\u00f5elad suuruses 2,5 mm. Valikus must-kuld ja roosa-h\u00f5be.","robots":{"index":"index","follow":"follow","max-snippet":"max-snippet:-1","max-image-preview":"max-image-preview:large","max-video-preview":"max-video-preview:-1"},"canonical":"https:\/\/www.lilleliis.com\/et\/toode\/heegelnoel-knitpro\/","og_locale":"et_EE","og_type":"article","og_title":"Heegeln\u00f5el KnitPro - 2,5 mm | lilleliis","og_description":"Kvaliteetsed ja pehme kummise k\u00e4epidemega KnitPro heegeln\u00f5elad suuruses 2,5 mm. Valikus must-kuld ja roosa-h\u00f5be.","og_url":"https:\/\/www.lilleliis.com\/et\/toode\/heegelnoel-knitpro\/","og_site_name":"lilleliis","article_publisher":"https:\/\/www.facebook.com\/lilleliis-283266335035799\/","article_modified_time":"2026-02-20T09:15:47+00:00","og_image":[{"width":700,"height":700,"url":"https:\/\/www.lilleliis.com\/wp-content\/uploads\/2025\/06\/heegelnoel-knitpro4.webp","type":"image\/webp"}],"twitter_card":"summary_large_image","twitter_misc":{"Est. reading time":"1 minute"},"schema":{"@context":"https:\/\/schema.org","@graph":[{"@type":"WebPage","@id":"https:\/\/www.lilleliis.com\/et\/toode\/heegelnoel-knitpro\/","url":"https:\/\/www.lilleliis.com\/et\/toode\/heegelnoel-knitpro\/","name":"Heegeln\u00f5el KnitPro - 2,5 mm | lilleliis","isPartOf":{"@id":"https:\/\/www.lilleliis.com\/et\/#website"},"primaryImageOfPage":{"@id":"https:\/\/www.lilleliis.com\/et\/toode\/heegelnoel-knitpro\/#primaryimage"},"image":{"@id":"https:\/\/www.lilleliis.com\/et\/toode\/heegelnoel-knitpro\/#primaryimage"},"thumbnailUrl":"https:\/\/www.lilleliis.com\/wp-content\/uploads\/2025\/06\/heegelnoel-knitpro4.webp","datePublished":"2025-06-18T09:00:14+00:00","dateModified":"2026-02-20T09:15:47+00:00","description":"Kvaliteetsed ja pehme kummise k\u00e4epidemega KnitPro heegeln\u00f5elad suuruses 2,5 mm. Valikus must-kuld ja roosa-h\u00f5be.","breadcrumb":{"@id":"https:\/\/www.lilleliis.com\/et\/toode\/heegelnoel-knitpro\/#breadcrumb"},"inLanguage":"et","potentialAction":[{"@type":"ReadAction","target":["https:\/\/www.lilleliis.com\/et\/toode\/heegelnoel-knitpro\/"]}]},{"@type":"ImageObject","inLanguage":"et","@id":"https:\/\/www.lilleliis.com\/et\/toode\/heegelnoel-knitpro\/#primaryimage","url":"https:\/\/www.lilleliis.com\/wp-content\/uploads\/2025\/06\/heegelnoel-knitpro4.webp","contentUrl":"https:\/\/www.lilleliis.com\/wp-content\/uploads\/2025\/06\/heegelnoel-knitpro4.webp","width":700,"height":700,"caption":"heegeln\u00f5el knitpro"},{"@type":"BreadcrumbList","@id":"https:\/\/www.lilleliis.com\/et\/toode\/heegelnoel-knitpro\/#breadcrumb","itemListElement":[{"@type":"ListItem","position":1,"name":"Home","item":"https:\/\/www.lilleliis.com\/et\/"},{"@type":"ListItem","position":2,"name":"Pood","item":"https:\/\/www.lilleliis.com\/et\/shop\/"},{"@type":"ListItem","position":3,"name":"Heegeln\u00f5el KnitPro &#8211; 2,5 mm"}]},{"@type":"WebSite","@id":"https:\/\/www.lilleliis.com\/et\/#website","url":"https:\/\/www.lilleliis.com\/et\/","name":"lilleliis","description":"Amigurumi m\u00e4nguasjad ja mustrid","potentialAction":[{"@type":"SearchAction","target":{"@type":"EntryPoint","urlTemplate":"https:\/\/www.lilleliis.com\/et\/?s={search_term_string}"},"query-input":{"@type":"PropertyValueSpecification","valueRequired":true,"valueName":"search_term_string"}}],"inLanguage":"et"}]}},"_links":{"self":[{"href":"https:\/\/www.lilleliis.com\/et\/wp-json\/wp\/v2\/product\/100831","targetHints":{"allow":["GET"]}}],"collection":[{"href":"https:\/\/www.lilleliis.com\/et\/wp-json\/wp\/v2\/product"}],"about":[{"href":"https:\/\/www.lilleliis.com\/et\/wp-json\/wp\/v2\/types\/product"}],"replies":[{"embeddable":true,"href":"https:\/\/www.lilleliis.com\/et\/wp-json\/wp\/v2\/comments?post=100831"}],"wp:featuredmedia":[{"embeddable":true,"href":"https:\/\/www.lilleliis.com\/et\/wp-json\/wp\/v2\/media\/100840"}],"wp:attachment":[{"href":"https:\/\/www.lilleliis.com\/et\/wp-json\/wp\/v2\/media?parent=100831"}],"wp:term":[{"taxonomy":"product_brand","embeddable":true,"href":"https:\/\/www.lilleliis.com\/et\/wp-json\/wp\/v2\/product_brand?post=100831"},{"taxonomy":"product_cat","embeddable":true,"href":"https:\/\/www.lilleliis.com\/et\/wp-json\/wp\/v2\/product_cat?post=100831"},{"taxonomy":"product_tag","embeddable":true,"href":"https:\/\/www.lilleliis.com\/et\/wp-json\/wp\/v2\/product_tag?post=100831"}],"curies":[{"name":"wp","href":"https:\/\/api.w.org\/{rel}","templated":true}]}}