{"id":100936,"date":"2025-06-18T16:42:47","date_gmt":"2025-06-18T13:42:47","guid":{"rendered":"https:\/\/www.lilleliis.com\/?post_type=product&#038;p=100936"},"modified":"2026-04-11T19:20:03","modified_gmt":"2026-04-11T16:20:03","slug":"sadelevad-turvasilmad-15mm","status":"publish","type":"product","link":"https:\/\/www.lilleliis.com\/et\/toode\/sadelevad-turvasilmad-15mm\/","title":{"rendered":"S\u00e4delevad \u00fcmara pupilliga turvasilmad &#8211; kuld &#8211; 15mm &#8211; 8 paari"},"content":{"rendered":"<p>S\u00e4delevad \u00fcmara pupilliga turvasilmad m\u00e4nguasjade valmistamiseks. Komplektis 8 paari koos kinnitustega.<\/p>\n<p>Silmad ise on l\u00e4bipaistvad. S\u00e4delus lisatakse eraldi lehekese paigaldamisega silma tagusele. Seega saab neid kasutada kahel moel &#8211; kas koos s\u00e4delusega v\u00f5i lihtsalt l\u00e4bipaistvana.<\/p>\n<p>Silmad suletakse t\u00f6\u00f6 sisek\u00fcljelt spetsiaalsete turvaliste kinnituskl\u00f5psudega, mis tulevad silmadega kaasa.<\/p>\n<div class=\"is-divider divider clearfix\" ><\/div>\n<h3>Suurus ja materjal<\/h3>\n<p>Suurus: 15 mm<\/p>\n<p>V\u00e4rv: kuld<\/p>\n<p>Materjal: plastmass<\/p>\n<div class=\"is-divider divider clearfix\" ><\/div>\n<h3>Kuidas turvasilmi kasutada<\/h3>\n<p>Turvasilmade kinnitamisest saad l\u00e4hemalt lugeda\u00a0<a href=\"https:\/\/www.lilleliis.com\/et\/turvasilmad-manguasjadele\/\" target=\"_blank\" rel=\"noopener\">siin<\/a>.<\/p>\n","protected":false},"excerpt":{"rendered":"<p>15 mm s\u00e4delevad \u00fcmmarguse pupilliga turvasilmad, mis sobivad ideaalselt amigurumi m\u00e4nguasjade valmistamiseks. Komplekt sisaldab 8 paari l\u00e4bipaistvaid silmi koos s\u00e4delevate taustaketaste ja kinnitustega, v\u00f5imaldades kasutada silmi nii s\u00e4delusega kui ka l\u00e4bipaistvana.<\/p>\n","protected":false},"featured_media":100944,"comment_status":"open","ping_status":"closed","template":"","meta":[],"product_brand":[1572],"product_cat":[429,562],"product_tag":[],"class_list":{"0":"post-100936","1":"product","2":"type-product","3":"status-publish","4":"has-post-thumbnail","6":"product_brand-opry","7":"product_cat-kasitoo-tarvikud","8":"product_cat-turvasilmad","9":"pa_color-kuld","11":"first","12":"outofstock","13":"taxable","14":"shipping-taxable","15":"purchasable","16":"product-type-simple"},"yoast_head":"<!-- This site is optimized with the Yoast SEO plugin v27.3 - https:\/\/yoast.com\/product\/yoast-seo-wordpress\/ -->\n<title>S\u00e4delevad \u00fcmara pupilliga turvasilmad - kuld - 15mm - 8 paari | lilleliis<\/title>\n<meta name=\"description\" content=\"S\u00e4delevad \u00fcmara pupilliga turvasilmad 15mm, kuldsed. Kasutatakse heegeldatud m\u00e4nguasjade valmistamisel.\" \/>\n<meta name=\"robots\" content=\"index, follow, max-snippet:-1, max-image-preview:large, max-video-preview:-1\" \/>\n<link rel=\"canonical\" href=\"https:\/\/www.lilleliis.com\/et\/toode\/sadelevad-turvasilmad-15mm\/\" \/>\n<meta property=\"og:locale\" content=\"et_EE\" \/>\n<meta property=\"og:type\" content=\"article\" \/>\n<meta property=\"og:title\" content=\"S\u00e4delevad \u00fcmara pupilliga turvasilmad - kuld - 15mm - 8 paari | lilleliis\" \/>\n<meta property=\"og:description\" content=\"S\u00e4delevad \u00fcmara pupilliga turvasilmad 15mm, kuldsed. Kasutatakse heegeldatud m\u00e4nguasjade valmistamisel.\" \/>\n<meta property=\"og:url\" content=\"https:\/\/www.lilleliis.com\/et\/toode\/sadelevad-turvasilmad-15mm\/\" \/>\n<meta property=\"og:site_name\" content=\"lilleliis\" \/>\n<meta property=\"article:publisher\" content=\"https:\/\/www.facebook.com\/lilleliis-283266335035799\/\" \/>\n<meta property=\"article:modified_time\" content=\"2026-04-11T16:20:03+00:00\" \/>\n<meta property=\"og:image\" content=\"https:\/\/www.lilleliis.com\/wp-content\/uploads\/2025\/06\/Sadelevad-turvasilmad-15mm2.webp\" \/>\n\t<meta property=\"og:image:width\" content=\"1000\" \/>\n\t<meta property=\"og:image:height\" content=\"1000\" \/>\n\t<meta property=\"og:image:type\" content=\"image\/webp\" \/>\n<meta name=\"twitter:card\" content=\"summary_large_image\" \/>\n<meta name=\"twitter:label1\" content=\"Est. reading time\" \/>\n\t<meta name=\"twitter:data1\" content=\"1 minute\" \/>\n<script type=\"application\/ld+json\" class=\"yoast-schema-graph\">{\"@context\":\"https:\\\/\\\/schema.org\",\"@graph\":[{\"@type\":\"WebPage\",\"@id\":\"https:\\\/\\\/www.lilleliis.com\\\/et\\\/toode\\\/sadelevad-turvasilmad-15mm\\\/\",\"url\":\"https:\\\/\\\/www.lilleliis.com\\\/et\\\/toode\\\/sadelevad-turvasilmad-15mm\\\/\",\"name\":\"S\u00e4delevad \u00fcmara pupilliga turvasilmad - kuld - 15mm - 8 paari | lilleliis\",\"isPartOf\":{\"@id\":\"https:\\\/\\\/www.lilleliis.com\\\/et\\\/#website\"},\"primaryImageOfPage\":{\"@id\":\"https:\\\/\\\/www.lilleliis.com\\\/et\\\/toode\\\/sadelevad-turvasilmad-15mm\\\/#primaryimage\"},\"image\":{\"@id\":\"https:\\\/\\\/www.lilleliis.com\\\/et\\\/toode\\\/sadelevad-turvasilmad-15mm\\\/#primaryimage\"},\"thumbnailUrl\":\"https:\\\/\\\/www.lilleliis.com\\\/wp-content\\\/uploads\\\/2025\\\/06\\\/Sadelevad-turvasilmad-15mm2.webp\",\"datePublished\":\"2025-06-18T13:42:47+00:00\",\"dateModified\":\"2026-04-11T16:20:03+00:00\",\"description\":\"S\u00e4delevad \u00fcmara pupilliga turvasilmad 15mm, kuldsed. Kasutatakse heegeldatud m\u00e4nguasjade valmistamisel.\",\"breadcrumb\":{\"@id\":\"https:\\\/\\\/www.lilleliis.com\\\/et\\\/toode\\\/sadelevad-turvasilmad-15mm\\\/#breadcrumb\"},\"inLanguage\":\"et\",\"potentialAction\":[{\"@type\":\"ReadAction\",\"target\":[\"https:\\\/\\\/www.lilleliis.com\\\/et\\\/toode\\\/sadelevad-turvasilmad-15mm\\\/\"]}]},{\"@type\":\"ImageObject\",\"inLanguage\":\"et\",\"@id\":\"https:\\\/\\\/www.lilleliis.com\\\/et\\\/toode\\\/sadelevad-turvasilmad-15mm\\\/#primaryimage\",\"url\":\"https:\\\/\\\/www.lilleliis.com\\\/wp-content\\\/uploads\\\/2025\\\/06\\\/Sadelevad-turvasilmad-15mm2.webp\",\"contentUrl\":\"https:\\\/\\\/www.lilleliis.com\\\/wp-content\\\/uploads\\\/2025\\\/06\\\/Sadelevad-turvasilmad-15mm2.webp\",\"width\":1000,\"height\":1000,\"caption\":\"S\u00e4delevad \u00fcmara pupilliga turvasilmad 15mm\"},{\"@type\":\"BreadcrumbList\",\"@id\":\"https:\\\/\\\/www.lilleliis.com\\\/et\\\/toode\\\/sadelevad-turvasilmad-15mm\\\/#breadcrumb\",\"itemListElement\":[{\"@type\":\"ListItem\",\"position\":1,\"name\":\"Home\",\"item\":\"https:\\\/\\\/www.lilleliis.com\\\/et\\\/\"},{\"@type\":\"ListItem\",\"position\":2,\"name\":\"Pood\",\"item\":\"https:\\\/\\\/www.lilleliis.com\\\/et\\\/shop\\\/\"},{\"@type\":\"ListItem\",\"position\":3,\"name\":\"S\u00e4delevad \u00fcmara pupilliga turvasilmad &#8211; kuld &#8211; 15mm &#8211; 8 paari\"}]},{\"@type\":\"WebSite\",\"@id\":\"https:\\\/\\\/www.lilleliis.com\\\/et\\\/#website\",\"url\":\"https:\\\/\\\/www.lilleliis.com\\\/et\\\/\",\"name\":\"lilleliis\",\"description\":\"Amigurumi m\u00e4nguasjad ja mustrid\",\"potentialAction\":[{\"@type\":\"SearchAction\",\"target\":{\"@type\":\"EntryPoint\",\"urlTemplate\":\"https:\\\/\\\/www.lilleliis.com\\\/et\\\/?s={search_term_string}\"},\"query-input\":{\"@type\":\"PropertyValueSpecification\",\"valueRequired\":true,\"valueName\":\"search_term_string\"}}],\"inLanguage\":\"et\"}]}<\/script>\n<!-- \/ Yoast SEO plugin. -->","yoast_head_json":{"title":"S\u00e4delevad \u00fcmara pupilliga turvasilmad - kuld - 15mm - 8 paari | lilleliis","description":"S\u00e4delevad \u00fcmara pupilliga turvasilmad 15mm, kuldsed. Kasutatakse heegeldatud m\u00e4nguasjade valmistamisel.","robots":{"index":"index","follow":"follow","max-snippet":"max-snippet:-1","max-image-preview":"max-image-preview:large","max-video-preview":"max-video-preview:-1"},"canonical":"https:\/\/www.lilleliis.com\/et\/toode\/sadelevad-turvasilmad-15mm\/","og_locale":"et_EE","og_type":"article","og_title":"S\u00e4delevad \u00fcmara pupilliga turvasilmad - kuld - 15mm - 8 paari | lilleliis","og_description":"S\u00e4delevad \u00fcmara pupilliga turvasilmad 15mm, kuldsed. Kasutatakse heegeldatud m\u00e4nguasjade valmistamisel.","og_url":"https:\/\/www.lilleliis.com\/et\/toode\/sadelevad-turvasilmad-15mm\/","og_site_name":"lilleliis","article_publisher":"https:\/\/www.facebook.com\/lilleliis-283266335035799\/","article_modified_time":"2026-04-11T16:20:03+00:00","og_image":[{"width":1000,"height":1000,"url":"https:\/\/www.lilleliis.com\/wp-content\/uploads\/2025\/06\/Sadelevad-turvasilmad-15mm2.webp","type":"image\/webp"}],"twitter_card":"summary_large_image","twitter_misc":{"Est. reading time":"1 minute"},"schema":{"@context":"https:\/\/schema.org","@graph":[{"@type":"WebPage","@id":"https:\/\/www.lilleliis.com\/et\/toode\/sadelevad-turvasilmad-15mm\/","url":"https:\/\/www.lilleliis.com\/et\/toode\/sadelevad-turvasilmad-15mm\/","name":"S\u00e4delevad \u00fcmara pupilliga turvasilmad - kuld - 15mm - 8 paari | lilleliis","isPartOf":{"@id":"https:\/\/www.lilleliis.com\/et\/#website"},"primaryImageOfPage":{"@id":"https:\/\/www.lilleliis.com\/et\/toode\/sadelevad-turvasilmad-15mm\/#primaryimage"},"image":{"@id":"https:\/\/www.lilleliis.com\/et\/toode\/sadelevad-turvasilmad-15mm\/#primaryimage"},"thumbnailUrl":"https:\/\/www.lilleliis.com\/wp-content\/uploads\/2025\/06\/Sadelevad-turvasilmad-15mm2.webp","datePublished":"2025-06-18T13:42:47+00:00","dateModified":"2026-04-11T16:20:03+00:00","description":"S\u00e4delevad \u00fcmara pupilliga turvasilmad 15mm, kuldsed. Kasutatakse heegeldatud m\u00e4nguasjade valmistamisel.","breadcrumb":{"@id":"https:\/\/www.lilleliis.com\/et\/toode\/sadelevad-turvasilmad-15mm\/#breadcrumb"},"inLanguage":"et","potentialAction":[{"@type":"ReadAction","target":["https:\/\/www.lilleliis.com\/et\/toode\/sadelevad-turvasilmad-15mm\/"]}]},{"@type":"ImageObject","inLanguage":"et","@id":"https:\/\/www.lilleliis.com\/et\/toode\/sadelevad-turvasilmad-15mm\/#primaryimage","url":"https:\/\/www.lilleliis.com\/wp-content\/uploads\/2025\/06\/Sadelevad-turvasilmad-15mm2.webp","contentUrl":"https:\/\/www.lilleliis.com\/wp-content\/uploads\/2025\/06\/Sadelevad-turvasilmad-15mm2.webp","width":1000,"height":1000,"caption":"S\u00e4delevad \u00fcmara pupilliga turvasilmad 15mm"},{"@type":"BreadcrumbList","@id":"https:\/\/www.lilleliis.com\/et\/toode\/sadelevad-turvasilmad-15mm\/#breadcrumb","itemListElement":[{"@type":"ListItem","position":1,"name":"Home","item":"https:\/\/www.lilleliis.com\/et\/"},{"@type":"ListItem","position":2,"name":"Pood","item":"https:\/\/www.lilleliis.com\/et\/shop\/"},{"@type":"ListItem","position":3,"name":"S\u00e4delevad \u00fcmara pupilliga turvasilmad &#8211; kuld &#8211; 15mm &#8211; 8 paari"}]},{"@type":"WebSite","@id":"https:\/\/www.lilleliis.com\/et\/#website","url":"https:\/\/www.lilleliis.com\/et\/","name":"lilleliis","description":"Amigurumi m\u00e4nguasjad ja mustrid","potentialAction":[{"@type":"SearchAction","target":{"@type":"EntryPoint","urlTemplate":"https:\/\/www.lilleliis.com\/et\/?s={search_term_string}"},"query-input":{"@type":"PropertyValueSpecification","valueRequired":true,"valueName":"search_term_string"}}],"inLanguage":"et"}]}},"_links":{"self":[{"href":"https:\/\/www.lilleliis.com\/et\/wp-json\/wp\/v2\/product\/100936","targetHints":{"allow":["GET"]}}],"collection":[{"href":"https:\/\/www.lilleliis.com\/et\/wp-json\/wp\/v2\/product"}],"about":[{"href":"https:\/\/www.lilleliis.com\/et\/wp-json\/wp\/v2\/types\/product"}],"replies":[{"embeddable":true,"href":"https:\/\/www.lilleliis.com\/et\/wp-json\/wp\/v2\/comments?post=100936"}],"wp:featuredmedia":[{"embeddable":true,"href":"https:\/\/www.lilleliis.com\/et\/wp-json\/wp\/v2\/media\/100944"}],"wp:attachment":[{"href":"https:\/\/www.lilleliis.com\/et\/wp-json\/wp\/v2\/media?parent=100936"}],"wp:term":[{"taxonomy":"product_brand","embeddable":true,"href":"https:\/\/www.lilleliis.com\/et\/wp-json\/wp\/v2\/product_brand?post=100936"},{"taxonomy":"product_cat","embeddable":true,"href":"https:\/\/www.lilleliis.com\/et\/wp-json\/wp\/v2\/product_cat?post=100936"},{"taxonomy":"product_tag","embeddable":true,"href":"https:\/\/www.lilleliis.com\/et\/wp-json\/wp\/v2\/product_tag?post=100936"}],"curies":[{"name":"wp","href":"https:\/\/api.w.org\/{rel}","templated":true}]}}