{"id":101119,"date":"2025-12-21T21:42:24","date_gmt":"2025-12-21T19:42:24","guid":{"rendered":"https:\/\/www.lilleliis.com\/?post_type=product&#038;p=101119"},"modified":"2026-03-10T12:34:18","modified_gmt":"2026-03-10T10:34:18","slug":"rico-creative-natur-kanepilong","status":"publish","type":"product","link":"https:\/\/www.lilleliis.com\/et\/toode\/rico-creative-natur-kanepilong\/","title":{"rendered":"Rico Creative Natur kanepil\u00f5ng &#8211; 50g \/ 100m"},"content":{"rendered":"<p data-pm-slice=\"1 1 []\">Creative Natur on h\u00e4sti vormi hoidev naturaalne l\u00f5ng, mis sobib suurep\u00e4raselt dekoratiivsete sisustuselementide valmistamiseks. T\u00e4nu tugevale ja stabiilsele niidile on see ideaalne valik erinevate kodukaunistuste, n\u00e4iteks lillepoti\u00fcmbriste, korvide ja teiste hygge-stiilis projektide loomiseks. L\u00f5nga on mugav t\u00f6\u00f6delda ning tulemus on naturaalne ja stiilne.<\/p>\n<div class=\"is-divider divider clearfix\" ><\/div>\n<h3>Suurus ja j\u00e4medus<\/h3>\n<p>L\u00f5nga j\u00e4medus: 50g \/ 100m (Aran, 10 ply)<\/p>\n<p>Materjal: 100% kanep<\/p>\n<p>Tootja: Saksamaa<\/p>\n<div class=\"is-divider divider clearfix\" ><\/div>\n<h3>Hooldus<\/h3>\n<p>K\u00e4sipesu madalal temperatuuril<\/p>\n","protected":false},"excerpt":{"rendered":"<p data-start=\"216\" data-end=\"399\">Rico Creative Natur kanepil\u00f5ng on 100% naturaalne ja valmistatud puhtast kanepist. L\u00f5nga tekstuur on karune. Sobib suurep\u00e4raselt kodusisustustoodete, n\u00e4iteks heegeldatud korvide ja kottide valmistamiseks.<\/p>\n","protected":false},"featured_media":101189,"comment_status":"open","ping_status":"closed","template":"","meta":[],"product_brand":[1563],"product_cat":[708,429],"product_tag":[1594],"class_list":{"0":"post-101119","1":"product","2":"type-product","3":"status-publish","4":"has-post-thumbnail","6":"product_brand-rico-design","7":"product_cat-longad","8":"product_cat-kasitoo-tarvikud","9":"product_tag-looduslikud-kiud","10":"pa_rico-creative-natur-001-cream","11":"pa_rico-creative-natur-002-light-brown","12":"pa_rico-creative-natur-003-pink","13":"pa_rico-creative-natur-004-mustard","14":"pa_rico-creative-natur-005-blue-grey","15":"pa_rico-creative-natur-006-black","16":"pa_yarn-weight-aran-10-ply","18":"first","19":"instock","20":"taxable","21":"shipping-taxable","22":"purchasable","23":"product-type-variable"},"yoast_head":"<!-- This site is optimized with the Yoast SEO plugin v27.3 - https:\/\/yoast.com\/product\/yoast-seo-wordpress\/ -->\n<title>Rico Creative Natur kanepil\u00f5ng | lilleliis<\/title>\n<meta name=\"description\" content=\"Rico Creative Natur kanepil\u00f5ng on 100% naturaalne ja kvaliteetne l\u00f5ng kodusisustustoodete valmistamiseks, nt korvide ja kottide heegeldamiseks.\" \/>\n<meta name=\"robots\" content=\"index, follow, max-snippet:-1, max-image-preview:large, max-video-preview:-1\" \/>\n<link rel=\"canonical\" href=\"https:\/\/www.lilleliis.com\/et\/toode\/rico-creative-natur-kanepilong\/\" \/>\n<meta property=\"og:locale\" content=\"et_EE\" \/>\n<meta property=\"og:type\" content=\"article\" \/>\n<meta property=\"og:title\" content=\"Rico Creative Natur kanepil\u00f5ng | lilleliis\" \/>\n<meta property=\"og:description\" content=\"Rico Creative Natur kanepil\u00f5ng on 100% naturaalne ja kvaliteetne l\u00f5ng kodusisustustoodete valmistamiseks, nt korvide ja kottide heegeldamiseks.\" \/>\n<meta property=\"og:url\" content=\"https:\/\/www.lilleliis.com\/et\/toode\/rico-creative-natur-kanepilong\/\" \/>\n<meta property=\"og:site_name\" content=\"lilleliis\" \/>\n<meta property=\"article:publisher\" content=\"https:\/\/www.facebook.com\/lilleliis-283266335035799\/\" \/>\n<meta property=\"article:modified_time\" content=\"2026-03-10T10:34:18+00:00\" \/>\n<meta property=\"og:image\" content=\"https:\/\/www.lilleliis.com\/wp-content\/uploads\/2025\/07\/Rico-Creative-Natur-cream-001.jpg\" \/>\n\t<meta property=\"og:image:width\" content=\"1500\" \/>\n\t<meta property=\"og:image:height\" content=\"1500\" \/>\n\t<meta property=\"og:image:type\" content=\"image\/jpeg\" \/>\n<meta name=\"twitter:card\" content=\"summary_large_image\" \/>\n<meta name=\"twitter:label1\" content=\"Est. reading time\" \/>\n\t<meta name=\"twitter:data1\" content=\"1 minute\" \/>\n<script type=\"application\/ld+json\" class=\"yoast-schema-graph\">{\"@context\":\"https:\\\/\\\/schema.org\",\"@graph\":[{\"@type\":\"WebPage\",\"@id\":\"https:\\\/\\\/www.lilleliis.com\\\/et\\\/toode\\\/rico-creative-natur-kanepilong\\\/\",\"url\":\"https:\\\/\\\/www.lilleliis.com\\\/et\\\/toode\\\/rico-creative-natur-kanepilong\\\/\",\"name\":\"Rico Creative Natur kanepil\u00f5ng | lilleliis\",\"isPartOf\":{\"@id\":\"https:\\\/\\\/www.lilleliis.com\\\/et\\\/#website\"},\"primaryImageOfPage\":{\"@id\":\"https:\\\/\\\/www.lilleliis.com\\\/et\\\/toode\\\/rico-creative-natur-kanepilong\\\/#primaryimage\"},\"image\":{\"@id\":\"https:\\\/\\\/www.lilleliis.com\\\/et\\\/toode\\\/rico-creative-natur-kanepilong\\\/#primaryimage\"},\"thumbnailUrl\":\"https:\\\/\\\/www.lilleliis.com\\\/wp-content\\\/uploads\\\/2025\\\/07\\\/Rico-Creative-Natur-cream-001.jpg\",\"datePublished\":\"2025-12-21T19:42:24+00:00\",\"dateModified\":\"2026-03-10T10:34:18+00:00\",\"description\":\"Rico Creative Natur kanepil\u00f5ng on 100% naturaalne ja kvaliteetne l\u00f5ng kodusisustustoodete valmistamiseks, nt korvide ja kottide heegeldamiseks.\",\"breadcrumb\":{\"@id\":\"https:\\\/\\\/www.lilleliis.com\\\/et\\\/toode\\\/rico-creative-natur-kanepilong\\\/#breadcrumb\"},\"inLanguage\":\"et\",\"potentialAction\":[{\"@type\":\"ReadAction\",\"target\":[\"https:\\\/\\\/www.lilleliis.com\\\/et\\\/toode\\\/rico-creative-natur-kanepilong\\\/\"]}]},{\"@type\":\"ImageObject\",\"inLanguage\":\"et\",\"@id\":\"https:\\\/\\\/www.lilleliis.com\\\/et\\\/toode\\\/rico-creative-natur-kanepilong\\\/#primaryimage\",\"url\":\"https:\\\/\\\/www.lilleliis.com\\\/wp-content\\\/uploads\\\/2025\\\/07\\\/Rico-Creative-Natur-cream-001.jpg\",\"contentUrl\":\"https:\\\/\\\/www.lilleliis.com\\\/wp-content\\\/uploads\\\/2025\\\/07\\\/Rico-Creative-Natur-cream-001.jpg\",\"width\":1500,\"height\":1500,\"caption\":\"Rico Creative Natur cream 001\"},{\"@type\":\"BreadcrumbList\",\"@id\":\"https:\\\/\\\/www.lilleliis.com\\\/et\\\/toode\\\/rico-creative-natur-kanepilong\\\/#breadcrumb\",\"itemListElement\":[{\"@type\":\"ListItem\",\"position\":1,\"name\":\"Home\",\"item\":\"https:\\\/\\\/www.lilleliis.com\\\/et\\\/\"},{\"@type\":\"ListItem\",\"position\":2,\"name\":\"Pood\",\"item\":\"https:\\\/\\\/www.lilleliis.com\\\/et\\\/shop\\\/\"},{\"@type\":\"ListItem\",\"position\":3,\"name\":\"Rico Creative Natur kanepil\u00f5ng &#8211; 50g \\\/ 100m\"}]},{\"@type\":\"WebSite\",\"@id\":\"https:\\\/\\\/www.lilleliis.com\\\/et\\\/#website\",\"url\":\"https:\\\/\\\/www.lilleliis.com\\\/et\\\/\",\"name\":\"lilleliis\",\"description\":\"Amigurumi m\u00e4nguasjad ja mustrid\",\"potentialAction\":[{\"@type\":\"SearchAction\",\"target\":{\"@type\":\"EntryPoint\",\"urlTemplate\":\"https:\\\/\\\/www.lilleliis.com\\\/et\\\/?s={search_term_string}\"},\"query-input\":{\"@type\":\"PropertyValueSpecification\",\"valueRequired\":true,\"valueName\":\"search_term_string\"}}],\"inLanguage\":\"et\"}]}<\/script>\n<!-- \/ Yoast SEO plugin. -->","yoast_head_json":{"title":"Rico Creative Natur kanepil\u00f5ng | lilleliis","description":"Rico Creative Natur kanepil\u00f5ng on 100% naturaalne ja kvaliteetne l\u00f5ng kodusisustustoodete valmistamiseks, nt korvide ja kottide heegeldamiseks.","robots":{"index":"index","follow":"follow","max-snippet":"max-snippet:-1","max-image-preview":"max-image-preview:large","max-video-preview":"max-video-preview:-1"},"canonical":"https:\/\/www.lilleliis.com\/et\/toode\/rico-creative-natur-kanepilong\/","og_locale":"et_EE","og_type":"article","og_title":"Rico Creative Natur kanepil\u00f5ng | lilleliis","og_description":"Rico Creative Natur kanepil\u00f5ng on 100% naturaalne ja kvaliteetne l\u00f5ng kodusisustustoodete valmistamiseks, nt korvide ja kottide heegeldamiseks.","og_url":"https:\/\/www.lilleliis.com\/et\/toode\/rico-creative-natur-kanepilong\/","og_site_name":"lilleliis","article_publisher":"https:\/\/www.facebook.com\/lilleliis-283266335035799\/","article_modified_time":"2026-03-10T10:34:18+00:00","og_image":[{"width":1500,"height":1500,"url":"https:\/\/www.lilleliis.com\/wp-content\/uploads\/2025\/07\/Rico-Creative-Natur-cream-001.jpg","type":"image\/jpeg"}],"twitter_card":"summary_large_image","twitter_misc":{"Est. reading time":"1 minute"},"schema":{"@context":"https:\/\/schema.org","@graph":[{"@type":"WebPage","@id":"https:\/\/www.lilleliis.com\/et\/toode\/rico-creative-natur-kanepilong\/","url":"https:\/\/www.lilleliis.com\/et\/toode\/rico-creative-natur-kanepilong\/","name":"Rico Creative Natur kanepil\u00f5ng | lilleliis","isPartOf":{"@id":"https:\/\/www.lilleliis.com\/et\/#website"},"primaryImageOfPage":{"@id":"https:\/\/www.lilleliis.com\/et\/toode\/rico-creative-natur-kanepilong\/#primaryimage"},"image":{"@id":"https:\/\/www.lilleliis.com\/et\/toode\/rico-creative-natur-kanepilong\/#primaryimage"},"thumbnailUrl":"https:\/\/www.lilleliis.com\/wp-content\/uploads\/2025\/07\/Rico-Creative-Natur-cream-001.jpg","datePublished":"2025-12-21T19:42:24+00:00","dateModified":"2026-03-10T10:34:18+00:00","description":"Rico Creative Natur kanepil\u00f5ng on 100% naturaalne ja kvaliteetne l\u00f5ng kodusisustustoodete valmistamiseks, nt korvide ja kottide heegeldamiseks.","breadcrumb":{"@id":"https:\/\/www.lilleliis.com\/et\/toode\/rico-creative-natur-kanepilong\/#breadcrumb"},"inLanguage":"et","potentialAction":[{"@type":"ReadAction","target":["https:\/\/www.lilleliis.com\/et\/toode\/rico-creative-natur-kanepilong\/"]}]},{"@type":"ImageObject","inLanguage":"et","@id":"https:\/\/www.lilleliis.com\/et\/toode\/rico-creative-natur-kanepilong\/#primaryimage","url":"https:\/\/www.lilleliis.com\/wp-content\/uploads\/2025\/07\/Rico-Creative-Natur-cream-001.jpg","contentUrl":"https:\/\/www.lilleliis.com\/wp-content\/uploads\/2025\/07\/Rico-Creative-Natur-cream-001.jpg","width":1500,"height":1500,"caption":"Rico Creative Natur cream 001"},{"@type":"BreadcrumbList","@id":"https:\/\/www.lilleliis.com\/et\/toode\/rico-creative-natur-kanepilong\/#breadcrumb","itemListElement":[{"@type":"ListItem","position":1,"name":"Home","item":"https:\/\/www.lilleliis.com\/et\/"},{"@type":"ListItem","position":2,"name":"Pood","item":"https:\/\/www.lilleliis.com\/et\/shop\/"},{"@type":"ListItem","position":3,"name":"Rico Creative Natur kanepil\u00f5ng &#8211; 50g \/ 100m"}]},{"@type":"WebSite","@id":"https:\/\/www.lilleliis.com\/et\/#website","url":"https:\/\/www.lilleliis.com\/et\/","name":"lilleliis","description":"Amigurumi m\u00e4nguasjad ja mustrid","potentialAction":[{"@type":"SearchAction","target":{"@type":"EntryPoint","urlTemplate":"https:\/\/www.lilleliis.com\/et\/?s={search_term_string}"},"query-input":{"@type":"PropertyValueSpecification","valueRequired":true,"valueName":"search_term_string"}}],"inLanguage":"et"}]}},"_links":{"self":[{"href":"https:\/\/www.lilleliis.com\/et\/wp-json\/wp\/v2\/product\/101119","targetHints":{"allow":["GET"]}}],"collection":[{"href":"https:\/\/www.lilleliis.com\/et\/wp-json\/wp\/v2\/product"}],"about":[{"href":"https:\/\/www.lilleliis.com\/et\/wp-json\/wp\/v2\/types\/product"}],"replies":[{"embeddable":true,"href":"https:\/\/www.lilleliis.com\/et\/wp-json\/wp\/v2\/comments?post=101119"}],"wp:featuredmedia":[{"embeddable":true,"href":"https:\/\/www.lilleliis.com\/et\/wp-json\/wp\/v2\/media\/101189"}],"wp:attachment":[{"href":"https:\/\/www.lilleliis.com\/et\/wp-json\/wp\/v2\/media?parent=101119"}],"wp:term":[{"taxonomy":"product_brand","embeddable":true,"href":"https:\/\/www.lilleliis.com\/et\/wp-json\/wp\/v2\/product_brand?post=101119"},{"taxonomy":"product_cat","embeddable":true,"href":"https:\/\/www.lilleliis.com\/et\/wp-json\/wp\/v2\/product_cat?post=101119"},{"taxonomy":"product_tag","embeddable":true,"href":"https:\/\/www.lilleliis.com\/et\/wp-json\/wp\/v2\/product_tag?post=101119"}],"curies":[{"name":"wp","href":"https:\/\/api.w.org\/{rel}","templated":true}]}}