{"id":101257,"date":"2025-07-18T14:04:15","date_gmt":"2025-07-18T11:04:15","guid":{"rendered":"https:\/\/www.lilleliis.com\/?post_type=product&#038;p=101257"},"modified":"2026-02-17T15:28:53","modified_gmt":"2026-02-17T13:28:53","slug":"ricorumi-glow-in-the-dark-dk","status":"publish","type":"product","link":"https:\/\/www.lilleliis.com\/et\/toode\/ricorumi-glow-in-the-dark-dk\/","title":{"rendered":"Pimedas helendav l\u00f5ng &#8211; Ricorumi Glow In The Dark DK &#8211; 25 g \/ 60 m"},"content":{"rendered":"<p class=\"\" data-start=\"0\" data-end=\"287\">Ricorumi Glow In The Dark helendav l\u00f5ng on saadaval armsas ja praktilises 25 g keras \u2013 just paraja suurusega v\u00e4ikeste heegeldiste ja amigurumide valmistamiseks. P\u00e4eval paistab see tavalise valge l\u00f5ngana, kuid pimedas, nagu ikka, juhtub imesid &#8211; l\u00f5ng hakkab rohekalt helendama.<\/p>\n<p class=\"\" data-start=\"0\" data-end=\"287\">Olgu tegemist beebikarussellide, kaisukate v\u00f5i muude heegeldatud tegelastega \u2013 n\u00fc\u00fcd saavad need s\u00e4rada ka pimedas!<\/p>\n<p data-start=\"0\" data-end=\"287\">\u00dchildub ideaalselt <a href=\"https:\/\/www.lilleliis.com\/et\/toode\/ricorumi-dk\/\">Ricorumi DK<\/a> puuvillase baasl\u00f5ngaga.<\/p>\n<div class=\"is-divider divider clearfix\" ><\/div>\n<h3>Suurus ja materjal<\/h3>\n<p>L\u00f5nga j\u00e4medus: 25g \/ 60m (DK)<\/p>\n<p>Materjal: 100% pol\u00fcester<\/p>\n<p>Tootja: Saksamaa<\/p>\n<p>M\u00e4rkus: vegan<\/p>\n<div class=\"is-divider divider clearfix\" ><\/div>\n<h3>Kuidas l\u00f5nga hooldada<\/h3>\n<p>Tootja soovitab 30\u00b0C \u00f5rn pesu<\/p>\n","protected":false},"excerpt":{"rendered":"<p>Ricorumi Glow In The Dark on pimedas helendav l\u00f5ng, mis sobib ideaalselt v\u00e4ikeste amigurumide ja dekoratiivsete detailide valmistamiseks. P\u00e4eval valge, pimedas rohekalt helendav l\u00f5ng \u00fchildub suurep\u00e4raselt Ricorumi DK puuvillase baasl\u00f5ngaga.<\/p>\n","protected":false},"featured_media":101261,"comment_status":"open","ping_status":"closed","template":"","meta":[],"product_brand":[1563],"product_cat":[708,429],"product_tag":[1581],"class_list":{"0":"post-101257","1":"product","2":"type-product","3":"status-publish","4":"has-post-thumbnail","6":"product_brand-rico-design","7":"product_cat-longad","8":"product_cat-kasitoo-tarvikud","9":"product_tag-helendav-long","10":"pa_color-valge","11":"pa_special-features-helendus","13":"first","14":"instock","15":"taxable","16":"shipping-taxable","17":"purchasable","18":"product-type-simple"},"yoast_head":"<!-- This site is optimized with the Yoast SEO plugin v27.3 - https:\/\/yoast.com\/product\/yoast-seo-wordpress\/ -->\n<title>Ricorumi GLOW IN THE DARK DK | Pimedas helendav l\u00f5ng<\/title>\n<meta name=\"description\" content=\"Pane m\u00e4nguasjad helendama! Ricorumi Glow in the Dark DK on uus ja eriline pimedas helendav l\u00f5ng. L\u00f5nga j\u00e4medus: 25g \/ 60m; koostis: 100% pol\u00fcester.\" \/>\n<meta name=\"robots\" content=\"index, follow, max-snippet:-1, max-image-preview:large, max-video-preview:-1\" \/>\n<link rel=\"canonical\" href=\"https:\/\/www.lilleliis.com\/et\/toode\/ricorumi-glow-in-the-dark-dk\/\" \/>\n<meta property=\"og:locale\" content=\"et_EE\" \/>\n<meta property=\"og:type\" content=\"article\" \/>\n<meta property=\"og:title\" content=\"Ricorumi GLOW IN THE DARK DK | Pimedas helendav l\u00f5ng\" \/>\n<meta property=\"og:description\" content=\"Pane m\u00e4nguasjad helendama! Ricorumi Glow in the Dark DK on uus ja eriline pimedas helendav l\u00f5ng. L\u00f5nga j\u00e4medus: 25g \/ 60m; koostis: 100% pol\u00fcester.\" \/>\n<meta property=\"og:url\" content=\"https:\/\/www.lilleliis.com\/et\/toode\/ricorumi-glow-in-the-dark-dk\/\" \/>\n<meta property=\"og:site_name\" content=\"lilleliis\" \/>\n<meta property=\"article:publisher\" content=\"https:\/\/www.facebook.com\/lilleliis-283266335035799\/\" \/>\n<meta property=\"article:modified_time\" content=\"2026-02-17T13:28:53+00:00\" \/>\n<meta property=\"og:image\" content=\"https:\/\/www.lilleliis.com\/wp-content\/uploads\/2025\/07\/Ricorumi-GLOW-IN-THE-DARK-DK2.jpg\" \/>\n\t<meta property=\"og:image:width\" content=\"1500\" \/>\n\t<meta property=\"og:image:height\" content=\"1500\" \/>\n\t<meta property=\"og:image:type\" content=\"image\/jpeg\" \/>\n<meta name=\"twitter:card\" content=\"summary_large_image\" \/>\n<meta name=\"twitter:label1\" content=\"Est. reading time\" \/>\n\t<meta name=\"twitter:data1\" content=\"1 minute\" \/>\n<script type=\"application\/ld+json\" class=\"yoast-schema-graph\">{\"@context\":\"https:\\\/\\\/schema.org\",\"@graph\":[{\"@type\":\"WebPage\",\"@id\":\"https:\\\/\\\/www.lilleliis.com\\\/et\\\/toode\\\/ricorumi-glow-in-the-dark-dk\\\/\",\"url\":\"https:\\\/\\\/www.lilleliis.com\\\/et\\\/toode\\\/ricorumi-glow-in-the-dark-dk\\\/\",\"name\":\"Ricorumi GLOW IN THE DARK DK | Pimedas helendav l\u00f5ng\",\"isPartOf\":{\"@id\":\"https:\\\/\\\/www.lilleliis.com\\\/et\\\/#website\"},\"primaryImageOfPage\":{\"@id\":\"https:\\\/\\\/www.lilleliis.com\\\/et\\\/toode\\\/ricorumi-glow-in-the-dark-dk\\\/#primaryimage\"},\"image\":{\"@id\":\"https:\\\/\\\/www.lilleliis.com\\\/et\\\/toode\\\/ricorumi-glow-in-the-dark-dk\\\/#primaryimage\"},\"thumbnailUrl\":\"https:\\\/\\\/www.lilleliis.com\\\/wp-content\\\/uploads\\\/2025\\\/07\\\/Ricorumi-GLOW-IN-THE-DARK-DK2.jpg\",\"datePublished\":\"2025-07-18T11:04:15+00:00\",\"dateModified\":\"2026-02-17T13:28:53+00:00\",\"description\":\"Pane m\u00e4nguasjad helendama! Ricorumi Glow in the Dark DK on uus ja eriline pimedas helendav l\u00f5ng. L\u00f5nga j\u00e4medus: 25g \\\/ 60m; koostis: 100% pol\u00fcester.\",\"breadcrumb\":{\"@id\":\"https:\\\/\\\/www.lilleliis.com\\\/et\\\/toode\\\/ricorumi-glow-in-the-dark-dk\\\/#breadcrumb\"},\"inLanguage\":\"et\",\"potentialAction\":[{\"@type\":\"ReadAction\",\"target\":[\"https:\\\/\\\/www.lilleliis.com\\\/et\\\/toode\\\/ricorumi-glow-in-the-dark-dk\\\/\"]}]},{\"@type\":\"ImageObject\",\"inLanguage\":\"et\",\"@id\":\"https:\\\/\\\/www.lilleliis.com\\\/et\\\/toode\\\/ricorumi-glow-in-the-dark-dk\\\/#primaryimage\",\"url\":\"https:\\\/\\\/www.lilleliis.com\\\/wp-content\\\/uploads\\\/2025\\\/07\\\/Ricorumi-GLOW-IN-THE-DARK-DK2.jpg\",\"contentUrl\":\"https:\\\/\\\/www.lilleliis.com\\\/wp-content\\\/uploads\\\/2025\\\/07\\\/Ricorumi-GLOW-IN-THE-DARK-DK2.jpg\",\"width\":1500,\"height\":1500,\"caption\":\"RICO\"},{\"@type\":\"BreadcrumbList\",\"@id\":\"https:\\\/\\\/www.lilleliis.com\\\/et\\\/toode\\\/ricorumi-glow-in-the-dark-dk\\\/#breadcrumb\",\"itemListElement\":[{\"@type\":\"ListItem\",\"position\":1,\"name\":\"Home\",\"item\":\"https:\\\/\\\/www.lilleliis.com\\\/et\\\/\"},{\"@type\":\"ListItem\",\"position\":2,\"name\":\"Pood\",\"item\":\"https:\\\/\\\/www.lilleliis.com\\\/et\\\/shop\\\/\"},{\"@type\":\"ListItem\",\"position\":3,\"name\":\"Pimedas helendav l\u00f5ng &#8211; Ricorumi Glow In The Dark DK &#8211; 25 g \\\/ 60 m\"}]},{\"@type\":\"WebSite\",\"@id\":\"https:\\\/\\\/www.lilleliis.com\\\/et\\\/#website\",\"url\":\"https:\\\/\\\/www.lilleliis.com\\\/et\\\/\",\"name\":\"lilleliis\",\"description\":\"Amigurumi m\u00e4nguasjad ja mustrid\",\"potentialAction\":[{\"@type\":\"SearchAction\",\"target\":{\"@type\":\"EntryPoint\",\"urlTemplate\":\"https:\\\/\\\/www.lilleliis.com\\\/et\\\/?s={search_term_string}\"},\"query-input\":{\"@type\":\"PropertyValueSpecification\",\"valueRequired\":true,\"valueName\":\"search_term_string\"}}],\"inLanguage\":\"et\"}]}<\/script>\n<!-- \/ Yoast SEO plugin. -->","yoast_head_json":{"title":"Ricorumi GLOW IN THE DARK DK | Pimedas helendav l\u00f5ng","description":"Pane m\u00e4nguasjad helendama! Ricorumi Glow in the Dark DK on uus ja eriline pimedas helendav l\u00f5ng. L\u00f5nga j\u00e4medus: 25g \/ 60m; koostis: 100% pol\u00fcester.","robots":{"index":"index","follow":"follow","max-snippet":"max-snippet:-1","max-image-preview":"max-image-preview:large","max-video-preview":"max-video-preview:-1"},"canonical":"https:\/\/www.lilleliis.com\/et\/toode\/ricorumi-glow-in-the-dark-dk\/","og_locale":"et_EE","og_type":"article","og_title":"Ricorumi GLOW IN THE DARK DK | Pimedas helendav l\u00f5ng","og_description":"Pane m\u00e4nguasjad helendama! Ricorumi Glow in the Dark DK on uus ja eriline pimedas helendav l\u00f5ng. L\u00f5nga j\u00e4medus: 25g \/ 60m; koostis: 100% pol\u00fcester.","og_url":"https:\/\/www.lilleliis.com\/et\/toode\/ricorumi-glow-in-the-dark-dk\/","og_site_name":"lilleliis","article_publisher":"https:\/\/www.facebook.com\/lilleliis-283266335035799\/","article_modified_time":"2026-02-17T13:28:53+00:00","og_image":[{"width":1500,"height":1500,"url":"https:\/\/www.lilleliis.com\/wp-content\/uploads\/2025\/07\/Ricorumi-GLOW-IN-THE-DARK-DK2.jpg","type":"image\/jpeg"}],"twitter_card":"summary_large_image","twitter_misc":{"Est. reading time":"1 minute"},"schema":{"@context":"https:\/\/schema.org","@graph":[{"@type":"WebPage","@id":"https:\/\/www.lilleliis.com\/et\/toode\/ricorumi-glow-in-the-dark-dk\/","url":"https:\/\/www.lilleliis.com\/et\/toode\/ricorumi-glow-in-the-dark-dk\/","name":"Ricorumi GLOW IN THE DARK DK | Pimedas helendav l\u00f5ng","isPartOf":{"@id":"https:\/\/www.lilleliis.com\/et\/#website"},"primaryImageOfPage":{"@id":"https:\/\/www.lilleliis.com\/et\/toode\/ricorumi-glow-in-the-dark-dk\/#primaryimage"},"image":{"@id":"https:\/\/www.lilleliis.com\/et\/toode\/ricorumi-glow-in-the-dark-dk\/#primaryimage"},"thumbnailUrl":"https:\/\/www.lilleliis.com\/wp-content\/uploads\/2025\/07\/Ricorumi-GLOW-IN-THE-DARK-DK2.jpg","datePublished":"2025-07-18T11:04:15+00:00","dateModified":"2026-02-17T13:28:53+00:00","description":"Pane m\u00e4nguasjad helendama! Ricorumi Glow in the Dark DK on uus ja eriline pimedas helendav l\u00f5ng. L\u00f5nga j\u00e4medus: 25g \/ 60m; koostis: 100% pol\u00fcester.","breadcrumb":{"@id":"https:\/\/www.lilleliis.com\/et\/toode\/ricorumi-glow-in-the-dark-dk\/#breadcrumb"},"inLanguage":"et","potentialAction":[{"@type":"ReadAction","target":["https:\/\/www.lilleliis.com\/et\/toode\/ricorumi-glow-in-the-dark-dk\/"]}]},{"@type":"ImageObject","inLanguage":"et","@id":"https:\/\/www.lilleliis.com\/et\/toode\/ricorumi-glow-in-the-dark-dk\/#primaryimage","url":"https:\/\/www.lilleliis.com\/wp-content\/uploads\/2025\/07\/Ricorumi-GLOW-IN-THE-DARK-DK2.jpg","contentUrl":"https:\/\/www.lilleliis.com\/wp-content\/uploads\/2025\/07\/Ricorumi-GLOW-IN-THE-DARK-DK2.jpg","width":1500,"height":1500,"caption":"RICO"},{"@type":"BreadcrumbList","@id":"https:\/\/www.lilleliis.com\/et\/toode\/ricorumi-glow-in-the-dark-dk\/#breadcrumb","itemListElement":[{"@type":"ListItem","position":1,"name":"Home","item":"https:\/\/www.lilleliis.com\/et\/"},{"@type":"ListItem","position":2,"name":"Pood","item":"https:\/\/www.lilleliis.com\/et\/shop\/"},{"@type":"ListItem","position":3,"name":"Pimedas helendav l\u00f5ng &#8211; Ricorumi Glow In The Dark DK &#8211; 25 g \/ 60 m"}]},{"@type":"WebSite","@id":"https:\/\/www.lilleliis.com\/et\/#website","url":"https:\/\/www.lilleliis.com\/et\/","name":"lilleliis","description":"Amigurumi m\u00e4nguasjad ja mustrid","potentialAction":[{"@type":"SearchAction","target":{"@type":"EntryPoint","urlTemplate":"https:\/\/www.lilleliis.com\/et\/?s={search_term_string}"},"query-input":{"@type":"PropertyValueSpecification","valueRequired":true,"valueName":"search_term_string"}}],"inLanguage":"et"}]}},"_links":{"self":[{"href":"https:\/\/www.lilleliis.com\/et\/wp-json\/wp\/v2\/product\/101257","targetHints":{"allow":["GET"]}}],"collection":[{"href":"https:\/\/www.lilleliis.com\/et\/wp-json\/wp\/v2\/product"}],"about":[{"href":"https:\/\/www.lilleliis.com\/et\/wp-json\/wp\/v2\/types\/product"}],"replies":[{"embeddable":true,"href":"https:\/\/www.lilleliis.com\/et\/wp-json\/wp\/v2\/comments?post=101257"}],"wp:featuredmedia":[{"embeddable":true,"href":"https:\/\/www.lilleliis.com\/et\/wp-json\/wp\/v2\/media\/101261"}],"wp:attachment":[{"href":"https:\/\/www.lilleliis.com\/et\/wp-json\/wp\/v2\/media?parent=101257"}],"wp:term":[{"taxonomy":"product_brand","embeddable":true,"href":"https:\/\/www.lilleliis.com\/et\/wp-json\/wp\/v2\/product_brand?post=101257"},{"taxonomy":"product_cat","embeddable":true,"href":"https:\/\/www.lilleliis.com\/et\/wp-json\/wp\/v2\/product_cat?post=101257"},{"taxonomy":"product_tag","embeddable":true,"href":"https:\/\/www.lilleliis.com\/et\/wp-json\/wp\/v2\/product_tag?post=101257"}],"curies":[{"name":"wp","href":"https:\/\/api.w.org\/{rel}","templated":true}]}}