{"id":101262,"date":"2025-07-18T22:20:37","date_gmt":"2025-07-18T19:20:37","guid":{"rendered":"https:\/\/www.lilleliis.com\/?post_type=product&#038;p=101262"},"modified":"2026-02-17T15:25:08","modified_gmt":"2026-02-17T13:25:08","slug":"creative-lame-metallik-efektiga-long","status":"publish","type":"product","link":"https:\/\/www.lilleliis.com\/et\/toode\/creative-lame-metallik-efektiga-long\/","title":{"rendered":"Creative Lam\u00e9 metallik efektiga l\u00f5ng &#8211; 25 g"},"content":{"rendered":"<p>Metallik efektiga l\u00f5ng Rico Creative Lam\u00e9 lisab kootud ja heegeldatud esemetele kauni s\u00e4deluse. L\u00f5ng sobib suurep\u00e4raselt nii iseseisvalt kui ka teiste l\u00f5ngadega kokku kudumiseks ning v\u00e4iksemateks dekoratiivseteks projektideks.<\/p>\n<p>H\u00f5bedane ja kuldne toon on see ideaalne valik glamuurse v\u00e4limusega r\u00f5ivaste, aksessuaaride v\u00f5i s\u00e4deleva kodusisustuse loomiseks.<\/p>\n<div class=\"is-divider divider clearfix\" ><\/div>\n<h3>Suurus ja materjal<\/h3>\n<p>L\u00f5nga j\u00e4medus: 25g \/ 135m<\/p>\n<p>Materjal: 62% pol\u00fcester, 38% pol\u00fcamiid<\/p>\n<p>Tootja: Saksamaa<\/p>\n<div class=\"is-divider divider clearfix\" ><\/div>\n<h3>Kuidas l\u00f5nga hooldada<\/h3>\n<p>K\u00e4sipesu, max 30\u00b0C \/ kuivata tasapinnal<\/p>\n","protected":false},"excerpt":{"rendered":"<p>Rico Creative Lam\u00e9 on s\u00e4delev efektl\u00f5ng, mis lisab kudumis- ja heegeldamist\u00f6\u00f6dele kauni l\u00e4ike. Sobib kasutamiseks nii eraldi kui koos teiste l\u00f5ngadega ning on ideaalne dekoratiivsete detailide, aksessuaaride ja kodukaunistuste valmistamiseks. Saadaval kuldses ja h\u00f5bedases toonis.<\/p>\n","protected":false},"featured_media":101270,"comment_status":"open","ping_status":"closed","template":"","meta":[],"product_brand":[1563],"product_cat":[708,429],"product_tag":[],"class_list":{"0":"post-101262","1":"product","2":"type-product","3":"status-publish","4":"has-post-thumbnail","6":"product_brand-rico-design","7":"product_cat-longad","8":"product_cat-kasitoo-tarvikud","9":"pa_ricorumi-lame-colors-001-silver","10":"pa_ricorumi-lame-colors-002-gold","11":"pa_special-features-sadelus","13":"first","14":"instock","15":"sale","16":"taxable","17":"shipping-taxable","18":"purchasable","19":"product-type-variable"},"yoast_head":"<!-- This site is optimized with the Yoast SEO plugin v27.3 - https:\/\/yoast.com\/product\/yoast-seo-wordpress\/ -->\n<title>Creative Lam\u00e9 metallik efektiga l\u00f5ng - 25 g | S\u00e4delev efektl\u00f5ng | lilleliis<\/title>\n<meta name=\"description\" content=\"Metallik efektiga l\u00f5ng Rico Creative Lam\u00e9 lisab kootud ja heegeldatud esemetele kauni s\u00e4deluse. L\u00f5nga j\u00e4medus: 25g \/ 135m.\" \/>\n<meta name=\"robots\" content=\"index, follow, max-snippet:-1, max-image-preview:large, max-video-preview:-1\" \/>\n<link rel=\"canonical\" href=\"https:\/\/www.lilleliis.com\/et\/toode\/creative-lame-metallik-efektiga-long\/\" \/>\n<meta property=\"og:locale\" content=\"et_EE\" \/>\n<meta property=\"og:type\" content=\"article\" \/>\n<meta property=\"og:title\" content=\"Creative Lam\u00e9 metallik efektiga l\u00f5ng - 25 g | S\u00e4delev efektl\u00f5ng | lilleliis\" \/>\n<meta property=\"og:description\" content=\"Metallik efektiga l\u00f5ng Rico Creative Lam\u00e9 lisab kootud ja heegeldatud esemetele kauni s\u00e4deluse. L\u00f5nga j\u00e4medus: 25g \/ 135m.\" \/>\n<meta property=\"og:url\" content=\"https:\/\/www.lilleliis.com\/et\/toode\/creative-lame-metallik-efektiga-long\/\" \/>\n<meta property=\"og:site_name\" content=\"lilleliis\" \/>\n<meta property=\"article:publisher\" content=\"https:\/\/www.facebook.com\/lilleliis-283266335035799\/\" \/>\n<meta property=\"article:modified_time\" content=\"2026-02-17T13:25:08+00:00\" \/>\n<meta property=\"og:image\" content=\"https:\/\/www.lilleliis.com\/wp-content\/uploads\/2025\/07\/Rico-Creative-Lame3.jpg\" \/>\n\t<meta property=\"og:image:width\" content=\"1500\" \/>\n\t<meta property=\"og:image:height\" content=\"1500\" \/>\n\t<meta property=\"og:image:type\" content=\"image\/jpeg\" \/>\n<meta name=\"twitter:card\" content=\"summary_large_image\" \/>\n<meta name=\"twitter:label1\" content=\"Est. reading time\" \/>\n\t<meta name=\"twitter:data1\" content=\"1 minute\" \/>\n<script type=\"application\/ld+json\" class=\"yoast-schema-graph\">{\"@context\":\"https:\\\/\\\/schema.org\",\"@graph\":[{\"@type\":\"WebPage\",\"@id\":\"https:\\\/\\\/www.lilleliis.com\\\/et\\\/toode\\\/creative-lame-metallik-efektiga-long\\\/\",\"url\":\"https:\\\/\\\/www.lilleliis.com\\\/et\\\/toode\\\/creative-lame-metallik-efektiga-long\\\/\",\"name\":\"Creative Lam\u00e9 metallik efektiga l\u00f5ng - 25 g | S\u00e4delev efektl\u00f5ng | lilleliis\",\"isPartOf\":{\"@id\":\"https:\\\/\\\/www.lilleliis.com\\\/et\\\/#website\"},\"primaryImageOfPage\":{\"@id\":\"https:\\\/\\\/www.lilleliis.com\\\/et\\\/toode\\\/creative-lame-metallik-efektiga-long\\\/#primaryimage\"},\"image\":{\"@id\":\"https:\\\/\\\/www.lilleliis.com\\\/et\\\/toode\\\/creative-lame-metallik-efektiga-long\\\/#primaryimage\"},\"thumbnailUrl\":\"https:\\\/\\\/www.lilleliis.com\\\/wp-content\\\/uploads\\\/2025\\\/07\\\/Rico-Creative-Lame3.jpg\",\"datePublished\":\"2025-07-18T19:20:37+00:00\",\"dateModified\":\"2026-02-17T13:25:08+00:00\",\"description\":\"Metallik efektiga l\u00f5ng Rico Creative Lam\u00e9 lisab kootud ja heegeldatud esemetele kauni s\u00e4deluse. L\u00f5nga j\u00e4medus: 25g \\\/ 135m.\",\"breadcrumb\":{\"@id\":\"https:\\\/\\\/www.lilleliis.com\\\/et\\\/toode\\\/creative-lame-metallik-efektiga-long\\\/#breadcrumb\"},\"inLanguage\":\"et\",\"potentialAction\":[{\"@type\":\"ReadAction\",\"target\":[\"https:\\\/\\\/www.lilleliis.com\\\/et\\\/toode\\\/creative-lame-metallik-efektiga-long\\\/\"]}]},{\"@type\":\"ImageObject\",\"inLanguage\":\"et\",\"@id\":\"https:\\\/\\\/www.lilleliis.com\\\/et\\\/toode\\\/creative-lame-metallik-efektiga-long\\\/#primaryimage\",\"url\":\"https:\\\/\\\/www.lilleliis.com\\\/wp-content\\\/uploads\\\/2025\\\/07\\\/Rico-Creative-Lame3.jpg\",\"contentUrl\":\"https:\\\/\\\/www.lilleliis.com\\\/wp-content\\\/uploads\\\/2025\\\/07\\\/Rico-Creative-Lame3.jpg\",\"width\":1500,\"height\":1500,\"caption\":\"Rico Creative Lam\u00e9 metallik efektiga l\u00f5ng\"},{\"@type\":\"BreadcrumbList\",\"@id\":\"https:\\\/\\\/www.lilleliis.com\\\/et\\\/toode\\\/creative-lame-metallik-efektiga-long\\\/#breadcrumb\",\"itemListElement\":[{\"@type\":\"ListItem\",\"position\":1,\"name\":\"Home\",\"item\":\"https:\\\/\\\/www.lilleliis.com\\\/et\\\/\"},{\"@type\":\"ListItem\",\"position\":2,\"name\":\"Pood\",\"item\":\"https:\\\/\\\/www.lilleliis.com\\\/et\\\/shop\\\/\"},{\"@type\":\"ListItem\",\"position\":3,\"name\":\"Creative Lam\u00e9 metallik efektiga l\u00f5ng &#8211; 25 g\"}]},{\"@type\":\"WebSite\",\"@id\":\"https:\\\/\\\/www.lilleliis.com\\\/et\\\/#website\",\"url\":\"https:\\\/\\\/www.lilleliis.com\\\/et\\\/\",\"name\":\"lilleliis\",\"description\":\"Amigurumi m\u00e4nguasjad ja mustrid\",\"potentialAction\":[{\"@type\":\"SearchAction\",\"target\":{\"@type\":\"EntryPoint\",\"urlTemplate\":\"https:\\\/\\\/www.lilleliis.com\\\/et\\\/?s={search_term_string}\"},\"query-input\":{\"@type\":\"PropertyValueSpecification\",\"valueRequired\":true,\"valueName\":\"search_term_string\"}}],\"inLanguage\":\"et\"}]}<\/script>\n<!-- \/ Yoast SEO plugin. -->","yoast_head_json":{"title":"Creative Lam\u00e9 metallik efektiga l\u00f5ng - 25 g | S\u00e4delev efektl\u00f5ng | lilleliis","description":"Metallik efektiga l\u00f5ng Rico Creative Lam\u00e9 lisab kootud ja heegeldatud esemetele kauni s\u00e4deluse. L\u00f5nga j\u00e4medus: 25g \/ 135m.","robots":{"index":"index","follow":"follow","max-snippet":"max-snippet:-1","max-image-preview":"max-image-preview:large","max-video-preview":"max-video-preview:-1"},"canonical":"https:\/\/www.lilleliis.com\/et\/toode\/creative-lame-metallik-efektiga-long\/","og_locale":"et_EE","og_type":"article","og_title":"Creative Lam\u00e9 metallik efektiga l\u00f5ng - 25 g | S\u00e4delev efektl\u00f5ng | lilleliis","og_description":"Metallik efektiga l\u00f5ng Rico Creative Lam\u00e9 lisab kootud ja heegeldatud esemetele kauni s\u00e4deluse. L\u00f5nga j\u00e4medus: 25g \/ 135m.","og_url":"https:\/\/www.lilleliis.com\/et\/toode\/creative-lame-metallik-efektiga-long\/","og_site_name":"lilleliis","article_publisher":"https:\/\/www.facebook.com\/lilleliis-283266335035799\/","article_modified_time":"2026-02-17T13:25:08+00:00","og_image":[{"width":1500,"height":1500,"url":"https:\/\/www.lilleliis.com\/wp-content\/uploads\/2025\/07\/Rico-Creative-Lame3.jpg","type":"image\/jpeg"}],"twitter_card":"summary_large_image","twitter_misc":{"Est. reading time":"1 minute"},"schema":{"@context":"https:\/\/schema.org","@graph":[{"@type":"WebPage","@id":"https:\/\/www.lilleliis.com\/et\/toode\/creative-lame-metallik-efektiga-long\/","url":"https:\/\/www.lilleliis.com\/et\/toode\/creative-lame-metallik-efektiga-long\/","name":"Creative Lam\u00e9 metallik efektiga l\u00f5ng - 25 g | S\u00e4delev efektl\u00f5ng | lilleliis","isPartOf":{"@id":"https:\/\/www.lilleliis.com\/et\/#website"},"primaryImageOfPage":{"@id":"https:\/\/www.lilleliis.com\/et\/toode\/creative-lame-metallik-efektiga-long\/#primaryimage"},"image":{"@id":"https:\/\/www.lilleliis.com\/et\/toode\/creative-lame-metallik-efektiga-long\/#primaryimage"},"thumbnailUrl":"https:\/\/www.lilleliis.com\/wp-content\/uploads\/2025\/07\/Rico-Creative-Lame3.jpg","datePublished":"2025-07-18T19:20:37+00:00","dateModified":"2026-02-17T13:25:08+00:00","description":"Metallik efektiga l\u00f5ng Rico Creative Lam\u00e9 lisab kootud ja heegeldatud esemetele kauni s\u00e4deluse. L\u00f5nga j\u00e4medus: 25g \/ 135m.","breadcrumb":{"@id":"https:\/\/www.lilleliis.com\/et\/toode\/creative-lame-metallik-efektiga-long\/#breadcrumb"},"inLanguage":"et","potentialAction":[{"@type":"ReadAction","target":["https:\/\/www.lilleliis.com\/et\/toode\/creative-lame-metallik-efektiga-long\/"]}]},{"@type":"ImageObject","inLanguage":"et","@id":"https:\/\/www.lilleliis.com\/et\/toode\/creative-lame-metallik-efektiga-long\/#primaryimage","url":"https:\/\/www.lilleliis.com\/wp-content\/uploads\/2025\/07\/Rico-Creative-Lame3.jpg","contentUrl":"https:\/\/www.lilleliis.com\/wp-content\/uploads\/2025\/07\/Rico-Creative-Lame3.jpg","width":1500,"height":1500,"caption":"Rico Creative Lam\u00e9 metallik efektiga l\u00f5ng"},{"@type":"BreadcrumbList","@id":"https:\/\/www.lilleliis.com\/et\/toode\/creative-lame-metallik-efektiga-long\/#breadcrumb","itemListElement":[{"@type":"ListItem","position":1,"name":"Home","item":"https:\/\/www.lilleliis.com\/et\/"},{"@type":"ListItem","position":2,"name":"Pood","item":"https:\/\/www.lilleliis.com\/et\/shop\/"},{"@type":"ListItem","position":3,"name":"Creative Lam\u00e9 metallik efektiga l\u00f5ng &#8211; 25 g"}]},{"@type":"WebSite","@id":"https:\/\/www.lilleliis.com\/et\/#website","url":"https:\/\/www.lilleliis.com\/et\/","name":"lilleliis","description":"Amigurumi m\u00e4nguasjad ja mustrid","potentialAction":[{"@type":"SearchAction","target":{"@type":"EntryPoint","urlTemplate":"https:\/\/www.lilleliis.com\/et\/?s={search_term_string}"},"query-input":{"@type":"PropertyValueSpecification","valueRequired":true,"valueName":"search_term_string"}}],"inLanguage":"et"}]}},"_links":{"self":[{"href":"https:\/\/www.lilleliis.com\/et\/wp-json\/wp\/v2\/product\/101262","targetHints":{"allow":["GET"]}}],"collection":[{"href":"https:\/\/www.lilleliis.com\/et\/wp-json\/wp\/v2\/product"}],"about":[{"href":"https:\/\/www.lilleliis.com\/et\/wp-json\/wp\/v2\/types\/product"}],"replies":[{"embeddable":true,"href":"https:\/\/www.lilleliis.com\/et\/wp-json\/wp\/v2\/comments?post=101262"}],"wp:featuredmedia":[{"embeddable":true,"href":"https:\/\/www.lilleliis.com\/et\/wp-json\/wp\/v2\/media\/101270"}],"wp:attachment":[{"href":"https:\/\/www.lilleliis.com\/et\/wp-json\/wp\/v2\/media?parent=101262"}],"wp:term":[{"taxonomy":"product_brand","embeddable":true,"href":"https:\/\/www.lilleliis.com\/et\/wp-json\/wp\/v2\/product_brand?post=101262"},{"taxonomy":"product_cat","embeddable":true,"href":"https:\/\/www.lilleliis.com\/et\/wp-json\/wp\/v2\/product_cat?post=101262"},{"taxonomy":"product_tag","embeddable":true,"href":"https:\/\/www.lilleliis.com\/et\/wp-json\/wp\/v2\/product_tag?post=101262"}],"curies":[{"name":"wp","href":"https:\/\/api.w.org\/{rel}","templated":true}]}}