{"id":101374,"date":"2026-04-14T10:50:48","date_gmt":"2026-04-14T07:50:48","guid":{"rendered":"https:\/\/www.lilleliis.com\/?post_type=product&#038;p=101374"},"modified":"2026-04-14T11:05:12","modified_gmt":"2026-04-14T08:05:12","slug":"heegeldatud-manguasi-3","status":"publish","type":"product","link":"https:\/\/www.lilleliis.com\/et\/toode\/heegeldatud-manguasi-3\/","title":{"rendered":"Heegeldatud m\u00e4nguasi &#8211; beebi mesilane"},"content":{"rendered":null,"protected":false},"excerpt":{"rendered":"<p>Imearmas v\u00e4ike beebi mesilane, kellel on triibuline keha ja helesinised tiivad. See mesilane on justkui putuka kost\u00fc\u00fcmis laps, kapuutsi alt tikitud juuksed paistmas. Sobib imeliselt h\u00e4sti kingituseks neile lastele, kes armastavad midagi pisikest, mida endaga kaasas kanda.<\/p>\n<p>Mesilase keha alaosasse on peidetud \u00f5ige pisut plastikust raskust\u00e4idist, mis katsudes m\u00f5nusalt krabisev.<\/p>\n<p>Autorit\u00f6\u00f6. Disainitud ja k\u00e4sitsi valmistatud meie oma v\u00e4ikeses Eestis.<\/p>\n<div class=\"is-divider divider clearfix\" style=\"max-width:100%;\"><\/div>\n<p>Materjal:<\/p>\n<ul>\n<li>l\u00f5ng &#8211; 100% orgaaniline puuvill<\/li>\n<li>pol\u00fcester kerakiud t\u00e4idis<\/li>\n<li>pol\u00fcester helmed<\/li>\n<\/ul>\n<p>V\u00e4rv: sinine, pruun, kollane, valge<\/p>\n<p>Pikkus: 14 sentimeetrit<\/p>\n<div class=\"is-divider divider clearfix\" style=\"max-width:100%;\"><\/div>\n<p>M\u00e4nguasjal on kasutatud on pisidetaile. Ole ettevaatlik, kui annad seda m\u00e4ngimiseks v\u00e4ga v\u00e4ikesele lapsele.<\/p>\n","protected":false},"featured_media":101407,"comment_status":"open","ping_status":"closed","template":"","meta":[],"product_brand":[],"product_cat":[155],"product_tag":[123,377],"class_list":{"0":"post-101374","1":"product","2":"type-product","3":"status-publish","4":"has-post-thumbnail","6":"product_cat-heegeldatud-manguasjad","7":"product_tag-beebidele","8":"product_tag-puuvillast-manguasjad","10":"first","11":"instock","12":"taxable","13":"shipping-taxable","14":"purchasable","15":"product-type-simple"},"yoast_head":"<!-- This site is optimized with the Yoast SEO plugin v27.3 - https:\/\/yoast.com\/product\/yoast-seo-wordpress\/ -->\n<title>Heegeldatud m\u00e4nguasi - beebi mesilane | lilleliis<\/title>\n<meta name=\"description\" content=\"Imearmas v\u00e4ike beebi mesilane, kes on justkui putuka kost\u00fc\u00fcmis laps. Heegeldatud orgaanilisest puuvillasest l\u00f5ngast, keha sees veidi krabisevat t\u00e4idet.\" \/>\n<meta name=\"robots\" content=\"index, follow, max-snippet:-1, max-image-preview:large, max-video-preview:-1\" \/>\n<link rel=\"canonical\" href=\"https:\/\/www.lilleliis.com\/et\/toode\/heegeldatud-manguasi-3\/\" \/>\n<meta property=\"og:locale\" content=\"et_EE\" \/>\n<meta property=\"og:type\" content=\"article\" \/>\n<meta property=\"og:title\" content=\"Heegeldatud m\u00e4nguasi - beebi mesilane | lilleliis\" \/>\n<meta property=\"og:description\" content=\"Imearmas v\u00e4ike beebi mesilane, kes on justkui putuka kost\u00fc\u00fcmis laps. Heegeldatud orgaanilisest puuvillasest l\u00f5ngast, keha sees veidi krabisevat t\u00e4idet.\" \/>\n<meta property=\"og:url\" content=\"https:\/\/www.lilleliis.com\/et\/toode\/heegeldatud-manguasi-3\/\" \/>\n<meta property=\"og:site_name\" content=\"lilleliis\" \/>\n<meta property=\"article:publisher\" content=\"https:\/\/www.facebook.com\/lilleliis-283266335035799\/\" \/>\n<meta property=\"article:modified_time\" content=\"2026-04-14T08:05:12+00:00\" \/>\n<meta property=\"og:image\" content=\"https:\/\/www.lilleliis.com\/wp-content\/uploads\/2025\/07\/heegeldatud-mesilane1.jpg\" \/>\n\t<meta property=\"og:image:width\" content=\"1000\" \/>\n\t<meta property=\"og:image:height\" content=\"1500\" \/>\n\t<meta property=\"og:image:type\" content=\"image\/jpeg\" \/>\n<meta name=\"twitter:card\" content=\"summary_large_image\" \/>\n<meta name=\"twitter:label1\" content=\"Est. reading time\" \/>\n\t<meta name=\"twitter:data1\" content=\"1 minute\" \/>\n<script type=\"application\/ld+json\" class=\"yoast-schema-graph\">{\"@context\":\"https:\\\/\\\/schema.org\",\"@graph\":[{\"@type\":\"WebPage\",\"@id\":\"https:\\\/\\\/www.lilleliis.com\\\/et\\\/toode\\\/heegeldatud-manguasi-3\\\/\",\"url\":\"https:\\\/\\\/www.lilleliis.com\\\/et\\\/toode\\\/heegeldatud-manguasi-3\\\/\",\"name\":\"Heegeldatud m\u00e4nguasi - beebi mesilane | lilleliis\",\"isPartOf\":{\"@id\":\"https:\\\/\\\/www.lilleliis.com\\\/et\\\/#website\"},\"primaryImageOfPage\":{\"@id\":\"https:\\\/\\\/www.lilleliis.com\\\/et\\\/toode\\\/heegeldatud-manguasi-3\\\/#primaryimage\"},\"image\":{\"@id\":\"https:\\\/\\\/www.lilleliis.com\\\/et\\\/toode\\\/heegeldatud-manguasi-3\\\/#primaryimage\"},\"thumbnailUrl\":\"https:\\\/\\\/www.lilleliis.com\\\/wp-content\\\/uploads\\\/2025\\\/07\\\/heegeldatud-mesilane1.jpg\",\"datePublished\":\"2026-04-14T07:50:48+00:00\",\"dateModified\":\"2026-04-14T08:05:12+00:00\",\"description\":\"Imearmas v\u00e4ike beebi mesilane, kes on justkui putuka kost\u00fc\u00fcmis laps. Heegeldatud orgaanilisest puuvillasest l\u00f5ngast, keha sees veidi krabisevat t\u00e4idet.\",\"breadcrumb\":{\"@id\":\"https:\\\/\\\/www.lilleliis.com\\\/et\\\/toode\\\/heegeldatud-manguasi-3\\\/#breadcrumb\"},\"inLanguage\":\"et\",\"potentialAction\":[{\"@type\":\"ReadAction\",\"target\":[\"https:\\\/\\\/www.lilleliis.com\\\/et\\\/toode\\\/heegeldatud-manguasi-3\\\/\"]}]},{\"@type\":\"ImageObject\",\"inLanguage\":\"et\",\"@id\":\"https:\\\/\\\/www.lilleliis.com\\\/et\\\/toode\\\/heegeldatud-manguasi-3\\\/#primaryimage\",\"url\":\"https:\\\/\\\/www.lilleliis.com\\\/wp-content\\\/uploads\\\/2025\\\/07\\\/heegeldatud-mesilane1.jpg\",\"contentUrl\":\"https:\\\/\\\/www.lilleliis.com\\\/wp-content\\\/uploads\\\/2025\\\/07\\\/heegeldatud-mesilane1.jpg\",\"width\":1000,\"height\":1500,\"caption\":\"heegeldatud beebi mesilane\"},{\"@type\":\"BreadcrumbList\",\"@id\":\"https:\\\/\\\/www.lilleliis.com\\\/et\\\/toode\\\/heegeldatud-manguasi-3\\\/#breadcrumb\",\"itemListElement\":[{\"@type\":\"ListItem\",\"position\":1,\"name\":\"Home\",\"item\":\"https:\\\/\\\/www.lilleliis.com\\\/et\\\/\"},{\"@type\":\"ListItem\",\"position\":2,\"name\":\"Pood\",\"item\":\"https:\\\/\\\/www.lilleliis.com\\\/et\\\/shop\\\/\"},{\"@type\":\"ListItem\",\"position\":3,\"name\":\"Heegeldatud m\u00e4nguasi &#8211; beebi mesilane\"}]},{\"@type\":\"WebSite\",\"@id\":\"https:\\\/\\\/www.lilleliis.com\\\/et\\\/#website\",\"url\":\"https:\\\/\\\/www.lilleliis.com\\\/et\\\/\",\"name\":\"lilleliis\",\"description\":\"Amigurumi m\u00e4nguasjad ja mustrid\",\"potentialAction\":[{\"@type\":\"SearchAction\",\"target\":{\"@type\":\"EntryPoint\",\"urlTemplate\":\"https:\\\/\\\/www.lilleliis.com\\\/et\\\/?s={search_term_string}\"},\"query-input\":{\"@type\":\"PropertyValueSpecification\",\"valueRequired\":true,\"valueName\":\"search_term_string\"}}],\"inLanguage\":\"et\"}]}<\/script>\n<!-- \/ Yoast SEO plugin. -->","yoast_head_json":{"title":"Heegeldatud m\u00e4nguasi - beebi mesilane | lilleliis","description":"Imearmas v\u00e4ike beebi mesilane, kes on justkui putuka kost\u00fc\u00fcmis laps. Heegeldatud orgaanilisest puuvillasest l\u00f5ngast, keha sees veidi krabisevat t\u00e4idet.","robots":{"index":"index","follow":"follow","max-snippet":"max-snippet:-1","max-image-preview":"max-image-preview:large","max-video-preview":"max-video-preview:-1"},"canonical":"https:\/\/www.lilleliis.com\/et\/toode\/heegeldatud-manguasi-3\/","og_locale":"et_EE","og_type":"article","og_title":"Heegeldatud m\u00e4nguasi - beebi mesilane | lilleliis","og_description":"Imearmas v\u00e4ike beebi mesilane, kes on justkui putuka kost\u00fc\u00fcmis laps. Heegeldatud orgaanilisest puuvillasest l\u00f5ngast, keha sees veidi krabisevat t\u00e4idet.","og_url":"https:\/\/www.lilleliis.com\/et\/toode\/heegeldatud-manguasi-3\/","og_site_name":"lilleliis","article_publisher":"https:\/\/www.facebook.com\/lilleliis-283266335035799\/","article_modified_time":"2026-04-14T08:05:12+00:00","og_image":[{"width":1000,"height":1500,"url":"https:\/\/www.lilleliis.com\/wp-content\/uploads\/2025\/07\/heegeldatud-mesilane1.jpg","type":"image\/jpeg"}],"twitter_card":"summary_large_image","twitter_misc":{"Est. reading time":"1 minute"},"schema":{"@context":"https:\/\/schema.org","@graph":[{"@type":"WebPage","@id":"https:\/\/www.lilleliis.com\/et\/toode\/heegeldatud-manguasi-3\/","url":"https:\/\/www.lilleliis.com\/et\/toode\/heegeldatud-manguasi-3\/","name":"Heegeldatud m\u00e4nguasi - beebi mesilane | lilleliis","isPartOf":{"@id":"https:\/\/www.lilleliis.com\/et\/#website"},"primaryImageOfPage":{"@id":"https:\/\/www.lilleliis.com\/et\/toode\/heegeldatud-manguasi-3\/#primaryimage"},"image":{"@id":"https:\/\/www.lilleliis.com\/et\/toode\/heegeldatud-manguasi-3\/#primaryimage"},"thumbnailUrl":"https:\/\/www.lilleliis.com\/wp-content\/uploads\/2025\/07\/heegeldatud-mesilane1.jpg","datePublished":"2026-04-14T07:50:48+00:00","dateModified":"2026-04-14T08:05:12+00:00","description":"Imearmas v\u00e4ike beebi mesilane, kes on justkui putuka kost\u00fc\u00fcmis laps. Heegeldatud orgaanilisest puuvillasest l\u00f5ngast, keha sees veidi krabisevat t\u00e4idet.","breadcrumb":{"@id":"https:\/\/www.lilleliis.com\/et\/toode\/heegeldatud-manguasi-3\/#breadcrumb"},"inLanguage":"et","potentialAction":[{"@type":"ReadAction","target":["https:\/\/www.lilleliis.com\/et\/toode\/heegeldatud-manguasi-3\/"]}]},{"@type":"ImageObject","inLanguage":"et","@id":"https:\/\/www.lilleliis.com\/et\/toode\/heegeldatud-manguasi-3\/#primaryimage","url":"https:\/\/www.lilleliis.com\/wp-content\/uploads\/2025\/07\/heegeldatud-mesilane1.jpg","contentUrl":"https:\/\/www.lilleliis.com\/wp-content\/uploads\/2025\/07\/heegeldatud-mesilane1.jpg","width":1000,"height":1500,"caption":"heegeldatud beebi mesilane"},{"@type":"BreadcrumbList","@id":"https:\/\/www.lilleliis.com\/et\/toode\/heegeldatud-manguasi-3\/#breadcrumb","itemListElement":[{"@type":"ListItem","position":1,"name":"Home","item":"https:\/\/www.lilleliis.com\/et\/"},{"@type":"ListItem","position":2,"name":"Pood","item":"https:\/\/www.lilleliis.com\/et\/shop\/"},{"@type":"ListItem","position":3,"name":"Heegeldatud m\u00e4nguasi &#8211; beebi mesilane"}]},{"@type":"WebSite","@id":"https:\/\/www.lilleliis.com\/et\/#website","url":"https:\/\/www.lilleliis.com\/et\/","name":"lilleliis","description":"Amigurumi m\u00e4nguasjad ja mustrid","potentialAction":[{"@type":"SearchAction","target":{"@type":"EntryPoint","urlTemplate":"https:\/\/www.lilleliis.com\/et\/?s={search_term_string}"},"query-input":{"@type":"PropertyValueSpecification","valueRequired":true,"valueName":"search_term_string"}}],"inLanguage":"et"}]}},"_links":{"self":[{"href":"https:\/\/www.lilleliis.com\/et\/wp-json\/wp\/v2\/product\/101374","targetHints":{"allow":["GET"]}}],"collection":[{"href":"https:\/\/www.lilleliis.com\/et\/wp-json\/wp\/v2\/product"}],"about":[{"href":"https:\/\/www.lilleliis.com\/et\/wp-json\/wp\/v2\/types\/product"}],"replies":[{"embeddable":true,"href":"https:\/\/www.lilleliis.com\/et\/wp-json\/wp\/v2\/comments?post=101374"}],"wp:featuredmedia":[{"embeddable":true,"href":"https:\/\/www.lilleliis.com\/et\/wp-json\/wp\/v2\/media\/101407"}],"wp:attachment":[{"href":"https:\/\/www.lilleliis.com\/et\/wp-json\/wp\/v2\/media?parent=101374"}],"wp:term":[{"taxonomy":"product_brand","embeddable":true,"href":"https:\/\/www.lilleliis.com\/et\/wp-json\/wp\/v2\/product_brand?post=101374"},{"taxonomy":"product_cat","embeddable":true,"href":"https:\/\/www.lilleliis.com\/et\/wp-json\/wp\/v2\/product_cat?post=101374"},{"taxonomy":"product_tag","embeddable":true,"href":"https:\/\/www.lilleliis.com\/et\/wp-json\/wp\/v2\/product_tag?post=101374"}],"curies":[{"name":"wp","href":"https:\/\/api.w.org\/{rel}","templated":true}]}}