{"id":101495,"date":"2025-08-16T17:33:26","date_gmt":"2025-08-16T14:33:26","guid":{"rendered":"https:\/\/www.lilleliis.com\/?post_type=product&#038;p=101495"},"modified":"2026-02-20T11:03:21","modified_gmt":"2026-02-20T09:03:21","slug":"ergonoomiline-heegelnoel-clover-amour","status":"publish","type":"product","link":"https:\/\/www.lilleliis.com\/et\/toode\/ergonoomiline-heegelnoel-clover-amour\/","title":{"rendered":"Ergonoomiline heegeln\u00f5el &#8211; Clover Amour (8-12 mm)"},"content":{"rendered":"<p>Ergonoomiline heegeln\u00f5el Clover Amour. Cloveri heegeln\u00f5elad on \u00fcle maailma k\u00f5rgelt hinnatud. Valmistatakse Jaapanis.<\/p>\n<p>K\u00e4epide on valmistatud pehmest, libisemiskindlast plastikust, mis v\u00e4hendab k\u00e4te v\u00e4simust ja muudab heegeldamise mugavamaks. N\u00f5ela ots libiseb sujuvalt silmuste vahelt l\u00e4bi ja aitab neid h\u00f5lpsalt \u00fcles korjata.<\/p>\n<p data-start=\"377\" data-end=\"478\">Igal heegeln\u00f5elal on oma v\u00e4rv, t\u00e4nu millele saab erinevaid suuruseid kiiresti ja lihtsalt eristada.<\/p>\n<ul>\n<li data-start=\"480\" data-end=\"528\">\n<p data-start=\"482\" data-end=\"528\"><strong data-start=\"482\" data-end=\"502\">Alumiiniumotsaga<\/strong>: suurused 2.00\u201315.00 mm<\/p>\n<\/li>\n<li data-start=\"529\" data-end=\"571\">\n<p data-start=\"531\" data-end=\"571\"><strong data-start=\"531\" data-end=\"546\">Terasotsaga<\/strong>: suurused 0.60\u20131.75 mm<\/p>\n<\/li>\n<\/ul>\n<div class=\"is-divider divider clearfix\" ><\/div>\n<p>V\u00e4iksemad Clover Soft grip sarja heegeln\u00f5elad <a href=\"https:\/\/www.lilleliis.com\/et\/toode\/ergonoomiline-heegelnoel-clover\/\">leiad siit<\/a>.<\/p>\n","protected":false},"excerpt":{"rendered":"<p>K\u00e4epide on valmistatud pehmest, libisemiskindlast plastikust, mis v\u00e4hendab k\u00e4te v\u00e4simust ja muudab heegeldamise mugavamaks. N\u00f5ela ots libiseb sujuvalt silmuste vahelt l\u00e4bi ja aitab neid h\u00f5lpsalt \u00fcles korjata. Clover heegeln\u00f5elad valmivad Jaapanis ja on \u00fcle maailma k\u00f5rgelt hinnatud!<\/p>\n","protected":false},"featured_media":101504,"comment_status":"open","ping_status":"closed","template":"","meta":[],"product_brand":[1493],"product_cat":[982,429],"product_tag":[1585],"class_list":{"0":"post-101495","1":"product","2":"type-product","3":"status-publish","4":"has-post-thumbnail","6":"product_brand-clover","7":"product_cat-heegelnoelad-ja-noelad","8":"product_cat-kasitoo-tarvikud","9":"product_tag-heegelnoelad","10":"pa_choose-hook-size-10-mm","11":"pa_choose-hook-size-12-mm","12":"pa_choose-hook-size-8-mm","13":"pa_choose-hook-size-9-mm","15":"first","16":"instock","17":"taxable","18":"shipping-taxable","19":"purchasable","20":"product-type-variable"},"yoast_head":"<!-- This site is optimized with the Yoast SEO plugin v27.3 - https:\/\/yoast.com\/product\/yoast-seo-wordpress\/ -->\n<title>Ergonoomiline heegeln\u00f5el - Clover Amour (8-12 mm) | lilleliis<\/title>\n<meta name=\"description\" content=\"Ergonoomiline heegeln\u00f5el Clover Amour. Pehme ja libisemiskindla k\u00e4epidemega Cloveri heegeln\u00f5elad on \u00fcle maailma k\u00f5rgelt hinnatud. Valmistatakse Jaapanis.\" \/>\n<meta name=\"robots\" content=\"index, follow, max-snippet:-1, max-image-preview:large, max-video-preview:-1\" \/>\n<link rel=\"canonical\" href=\"https:\/\/www.lilleliis.com\/et\/toode\/ergonoomiline-heegelnoel-clover-amour\/\" \/>\n<meta property=\"og:locale\" content=\"et_EE\" \/>\n<meta property=\"og:type\" content=\"article\" \/>\n<meta property=\"og:title\" content=\"Ergonoomiline heegeln\u00f5el - Clover Amour (8-12 mm) | lilleliis\" \/>\n<meta property=\"og:description\" content=\"Ergonoomiline heegeln\u00f5el Clover Amour. Pehme ja libisemiskindla k\u00e4epidemega Cloveri heegeln\u00f5elad on \u00fcle maailma k\u00f5rgelt hinnatud. Valmistatakse Jaapanis.\" \/>\n<meta property=\"og:url\" content=\"https:\/\/www.lilleliis.com\/et\/toode\/ergonoomiline-heegelnoel-clover-amour\/\" \/>\n<meta property=\"og:site_name\" content=\"lilleliis\" \/>\n<meta property=\"article:publisher\" content=\"https:\/\/www.facebook.com\/lilleliis-283266335035799\/\" \/>\n<meta property=\"article:modified_time\" content=\"2026-02-20T09:03:21+00:00\" \/>\n<meta property=\"og:image\" content=\"https:\/\/www.lilleliis.com\/wp-content\/uploads\/2025\/08\/Ergonoomiline-heegelnoel-Clover-Amour.webp\" \/>\n\t<meta property=\"og:image:width\" content=\"1000\" \/>\n\t<meta property=\"og:image:height\" content=\"1000\" \/>\n\t<meta property=\"og:image:type\" content=\"image\/webp\" \/>\n<meta name=\"twitter:card\" content=\"summary_large_image\" \/>\n<meta name=\"twitter:label1\" content=\"Est. reading time\" \/>\n\t<meta name=\"twitter:data1\" content=\"1 minute\" \/>\n<script type=\"application\/ld+json\" class=\"yoast-schema-graph\">{\"@context\":\"https:\\\/\\\/schema.org\",\"@graph\":[{\"@type\":\"WebPage\",\"@id\":\"https:\\\/\\\/www.lilleliis.com\\\/et\\\/toode\\\/ergonoomiline-heegelnoel-clover-amour\\\/\",\"url\":\"https:\\\/\\\/www.lilleliis.com\\\/et\\\/toode\\\/ergonoomiline-heegelnoel-clover-amour\\\/\",\"name\":\"Ergonoomiline heegeln\u00f5el - Clover Amour (8-12 mm) | lilleliis\",\"isPartOf\":{\"@id\":\"https:\\\/\\\/www.lilleliis.com\\\/et\\\/#website\"},\"primaryImageOfPage\":{\"@id\":\"https:\\\/\\\/www.lilleliis.com\\\/et\\\/toode\\\/ergonoomiline-heegelnoel-clover-amour\\\/#primaryimage\"},\"image\":{\"@id\":\"https:\\\/\\\/www.lilleliis.com\\\/et\\\/toode\\\/ergonoomiline-heegelnoel-clover-amour\\\/#primaryimage\"},\"thumbnailUrl\":\"https:\\\/\\\/www.lilleliis.com\\\/wp-content\\\/uploads\\\/2025\\\/08\\\/Ergonoomiline-heegelnoel-Clover-Amour.webp\",\"datePublished\":\"2025-08-16T14:33:26+00:00\",\"dateModified\":\"2026-02-20T09:03:21+00:00\",\"description\":\"Ergonoomiline heegeln\u00f5el Clover Amour. Pehme ja libisemiskindla k\u00e4epidemega Cloveri heegeln\u00f5elad on \u00fcle maailma k\u00f5rgelt hinnatud. Valmistatakse Jaapanis.\",\"breadcrumb\":{\"@id\":\"https:\\\/\\\/www.lilleliis.com\\\/et\\\/toode\\\/ergonoomiline-heegelnoel-clover-amour\\\/#breadcrumb\"},\"inLanguage\":\"et\",\"potentialAction\":[{\"@type\":\"ReadAction\",\"target\":[\"https:\\\/\\\/www.lilleliis.com\\\/et\\\/toode\\\/ergonoomiline-heegelnoel-clover-amour\\\/\"]}]},{\"@type\":\"ImageObject\",\"inLanguage\":\"et\",\"@id\":\"https:\\\/\\\/www.lilleliis.com\\\/et\\\/toode\\\/ergonoomiline-heegelnoel-clover-amour\\\/#primaryimage\",\"url\":\"https:\\\/\\\/www.lilleliis.com\\\/wp-content\\\/uploads\\\/2025\\\/08\\\/Ergonoomiline-heegelnoel-Clover-Amour.webp\",\"contentUrl\":\"https:\\\/\\\/www.lilleliis.com\\\/wp-content\\\/uploads\\\/2025\\\/08\\\/Ergonoomiline-heegelnoel-Clover-Amour.webp\",\"width\":1000,\"height\":1000,\"caption\":\"Ergonoomiline heegeln\u00f5el Clover Amour\"},{\"@type\":\"BreadcrumbList\",\"@id\":\"https:\\\/\\\/www.lilleliis.com\\\/et\\\/toode\\\/ergonoomiline-heegelnoel-clover-amour\\\/#breadcrumb\",\"itemListElement\":[{\"@type\":\"ListItem\",\"position\":1,\"name\":\"Home\",\"item\":\"https:\\\/\\\/www.lilleliis.com\\\/et\\\/\"},{\"@type\":\"ListItem\",\"position\":2,\"name\":\"Pood\",\"item\":\"https:\\\/\\\/www.lilleliis.com\\\/et\\\/shop\\\/\"},{\"@type\":\"ListItem\",\"position\":3,\"name\":\"Ergonoomiline heegeln\u00f5el &#8211; Clover Amour (8-12 mm)\"}]},{\"@type\":\"WebSite\",\"@id\":\"https:\\\/\\\/www.lilleliis.com\\\/et\\\/#website\",\"url\":\"https:\\\/\\\/www.lilleliis.com\\\/et\\\/\",\"name\":\"lilleliis\",\"description\":\"Amigurumi m\u00e4nguasjad ja mustrid\",\"potentialAction\":[{\"@type\":\"SearchAction\",\"target\":{\"@type\":\"EntryPoint\",\"urlTemplate\":\"https:\\\/\\\/www.lilleliis.com\\\/et\\\/?s={search_term_string}\"},\"query-input\":{\"@type\":\"PropertyValueSpecification\",\"valueRequired\":true,\"valueName\":\"search_term_string\"}}],\"inLanguage\":\"et\"}]}<\/script>\n<!-- \/ Yoast SEO plugin. -->","yoast_head_json":{"title":"Ergonoomiline heegeln\u00f5el - Clover Amour (8-12 mm) | lilleliis","description":"Ergonoomiline heegeln\u00f5el Clover Amour. Pehme ja libisemiskindla k\u00e4epidemega Cloveri heegeln\u00f5elad on \u00fcle maailma k\u00f5rgelt hinnatud. Valmistatakse Jaapanis.","robots":{"index":"index","follow":"follow","max-snippet":"max-snippet:-1","max-image-preview":"max-image-preview:large","max-video-preview":"max-video-preview:-1"},"canonical":"https:\/\/www.lilleliis.com\/et\/toode\/ergonoomiline-heegelnoel-clover-amour\/","og_locale":"et_EE","og_type":"article","og_title":"Ergonoomiline heegeln\u00f5el - Clover Amour (8-12 mm) | lilleliis","og_description":"Ergonoomiline heegeln\u00f5el Clover Amour. Pehme ja libisemiskindla k\u00e4epidemega Cloveri heegeln\u00f5elad on \u00fcle maailma k\u00f5rgelt hinnatud. Valmistatakse Jaapanis.","og_url":"https:\/\/www.lilleliis.com\/et\/toode\/ergonoomiline-heegelnoel-clover-amour\/","og_site_name":"lilleliis","article_publisher":"https:\/\/www.facebook.com\/lilleliis-283266335035799\/","article_modified_time":"2026-02-20T09:03:21+00:00","og_image":[{"width":1000,"height":1000,"url":"https:\/\/www.lilleliis.com\/wp-content\/uploads\/2025\/08\/Ergonoomiline-heegelnoel-Clover-Amour.webp","type":"image\/webp"}],"twitter_card":"summary_large_image","twitter_misc":{"Est. reading time":"1 minute"},"schema":{"@context":"https:\/\/schema.org","@graph":[{"@type":"WebPage","@id":"https:\/\/www.lilleliis.com\/et\/toode\/ergonoomiline-heegelnoel-clover-amour\/","url":"https:\/\/www.lilleliis.com\/et\/toode\/ergonoomiline-heegelnoel-clover-amour\/","name":"Ergonoomiline heegeln\u00f5el - Clover Amour (8-12 mm) | lilleliis","isPartOf":{"@id":"https:\/\/www.lilleliis.com\/et\/#website"},"primaryImageOfPage":{"@id":"https:\/\/www.lilleliis.com\/et\/toode\/ergonoomiline-heegelnoel-clover-amour\/#primaryimage"},"image":{"@id":"https:\/\/www.lilleliis.com\/et\/toode\/ergonoomiline-heegelnoel-clover-amour\/#primaryimage"},"thumbnailUrl":"https:\/\/www.lilleliis.com\/wp-content\/uploads\/2025\/08\/Ergonoomiline-heegelnoel-Clover-Amour.webp","datePublished":"2025-08-16T14:33:26+00:00","dateModified":"2026-02-20T09:03:21+00:00","description":"Ergonoomiline heegeln\u00f5el Clover Amour. Pehme ja libisemiskindla k\u00e4epidemega Cloveri heegeln\u00f5elad on \u00fcle maailma k\u00f5rgelt hinnatud. Valmistatakse Jaapanis.","breadcrumb":{"@id":"https:\/\/www.lilleliis.com\/et\/toode\/ergonoomiline-heegelnoel-clover-amour\/#breadcrumb"},"inLanguage":"et","potentialAction":[{"@type":"ReadAction","target":["https:\/\/www.lilleliis.com\/et\/toode\/ergonoomiline-heegelnoel-clover-amour\/"]}]},{"@type":"ImageObject","inLanguage":"et","@id":"https:\/\/www.lilleliis.com\/et\/toode\/ergonoomiline-heegelnoel-clover-amour\/#primaryimage","url":"https:\/\/www.lilleliis.com\/wp-content\/uploads\/2025\/08\/Ergonoomiline-heegelnoel-Clover-Amour.webp","contentUrl":"https:\/\/www.lilleliis.com\/wp-content\/uploads\/2025\/08\/Ergonoomiline-heegelnoel-Clover-Amour.webp","width":1000,"height":1000,"caption":"Ergonoomiline heegeln\u00f5el Clover Amour"},{"@type":"BreadcrumbList","@id":"https:\/\/www.lilleliis.com\/et\/toode\/ergonoomiline-heegelnoel-clover-amour\/#breadcrumb","itemListElement":[{"@type":"ListItem","position":1,"name":"Home","item":"https:\/\/www.lilleliis.com\/et\/"},{"@type":"ListItem","position":2,"name":"Pood","item":"https:\/\/www.lilleliis.com\/et\/shop\/"},{"@type":"ListItem","position":3,"name":"Ergonoomiline heegeln\u00f5el &#8211; Clover Amour (8-12 mm)"}]},{"@type":"WebSite","@id":"https:\/\/www.lilleliis.com\/et\/#website","url":"https:\/\/www.lilleliis.com\/et\/","name":"lilleliis","description":"Amigurumi m\u00e4nguasjad ja mustrid","potentialAction":[{"@type":"SearchAction","target":{"@type":"EntryPoint","urlTemplate":"https:\/\/www.lilleliis.com\/et\/?s={search_term_string}"},"query-input":{"@type":"PropertyValueSpecification","valueRequired":true,"valueName":"search_term_string"}}],"inLanguage":"et"}]}},"_links":{"self":[{"href":"https:\/\/www.lilleliis.com\/et\/wp-json\/wp\/v2\/product\/101495","targetHints":{"allow":["GET"]}}],"collection":[{"href":"https:\/\/www.lilleliis.com\/et\/wp-json\/wp\/v2\/product"}],"about":[{"href":"https:\/\/www.lilleliis.com\/et\/wp-json\/wp\/v2\/types\/product"}],"replies":[{"embeddable":true,"href":"https:\/\/www.lilleliis.com\/et\/wp-json\/wp\/v2\/comments?post=101495"}],"wp:featuredmedia":[{"embeddable":true,"href":"https:\/\/www.lilleliis.com\/et\/wp-json\/wp\/v2\/media\/101504"}],"wp:attachment":[{"href":"https:\/\/www.lilleliis.com\/et\/wp-json\/wp\/v2\/media?parent=101495"}],"wp:term":[{"taxonomy":"product_brand","embeddable":true,"href":"https:\/\/www.lilleliis.com\/et\/wp-json\/wp\/v2\/product_brand?post=101495"},{"taxonomy":"product_cat","embeddable":true,"href":"https:\/\/www.lilleliis.com\/et\/wp-json\/wp\/v2\/product_cat?post=101495"},{"taxonomy":"product_tag","embeddable":true,"href":"https:\/\/www.lilleliis.com\/et\/wp-json\/wp\/v2\/product_tag?post=101495"}],"curies":[{"name":"wp","href":"https:\/\/api.w.org\/{rel}","templated":true}]}}