{"id":101635,"date":"2025-08-26T10:56:38","date_gmt":"2025-08-26T07:56:38","guid":{"rendered":"https:\/\/www.lilleliis.com\/?post_type=product&#038;p=101635"},"modified":"2026-02-17T14:51:30","modified_gmt":"2026-02-17T12:51:30","slug":"rico-creative-paper-paberlong","status":"publish","type":"product","link":"https:\/\/www.lilleliis.com\/et\/toode\/rico-creative-paper-paberlong\/","title":{"rendered":"Rico Creative Paper &#8211; paberl\u00f5ng \u2013 50 g \/ 75 m"},"content":{"rendered":"<p data-start=\"0\" data-end=\"315\">Rico Creative Paper on raffia-laadne paberl\u00f5ng, mis on valmistatud 100% paberikiududest. Tugev struktuur teeb l\u00f5ngaga t\u00f6\u00f6tamise lihtsaks, l\u00f5ng s\u00e4ilitab kauni kuju. Ideaalne stiilsete kodutarvikute loomisel, n\u00e4iteks korvide, klaasialuste, s\u00f6\u00f6gialuste v\u00f5i kottide valmistamiseks.<\/p>\n<p data-start=\"199\" data-end=\"502\"><div class=\"is-divider divider clearfix\" ><\/div>\n<h3>Suurus ja materjal<\/h3>\n<p>L\u00f5nga j\u00e4medus: 50g \/ 75m (Bulky, 12 ply)<\/p>\n<p>Materjal: 100% naturaalne paberikiud<\/p>\n<p>Tootja: Saksamaa<\/p>\n<p>Soovituslik heegeln\u00f5ela v\u00f5i varda suurus: 4-5 mm<\/p>\n<div class=\"is-divider divider clearfix\" ><\/div>\n<h3>Hooldus<\/h3>\n<p>K\u00e4sipesu, max 30\u00b0C<\/p>\n","protected":false},"excerpt":{"rendered":"<p>Rico Creative Paper on raffia-laadne paberl\u00f5ng, mis on valmistatud 100% paberikiududest. Sobib stiilsete kodutarvikute heegeldamiseks &#8211; n\u00e4iteks korvide, klaasialuste, s\u00f6\u00f6gialuste v\u00f5i kottide valmistamiseks.<\/p>\n<p data-start=\"699\" data-end=\"888\">\n","protected":false},"featured_media":101616,"comment_status":"open","ping_status":"closed","template":"","meta":[],"product_brand":[1563],"product_cat":[708,429],"product_tag":[1594],"class_list":{"0":"post-101635","1":"product","2":"type-product","3":"status-publish","4":"has-post-thumbnail","6":"product_brand-rico-design","7":"product_cat-longad","8":"product_cat-kasitoo-tarvikud","9":"product_tag-looduslikud-kiud","10":"pa_rico-creative-paper-009-taupe","11":"pa_rico-creative-paper-010-black","12":"pa_rico-creative-paper-011-bast","13":"pa_yarn-weight-bulky-12-ply","15":"first","16":"instock","17":"taxable","18":"shipping-taxable","19":"purchasable","20":"product-type-variable"},"yoast_head":"<!-- This site is optimized with the Yoast SEO plugin v27.3 - https:\/\/yoast.com\/product\/yoast-seo-wordpress\/ -->\n<title>Rico Creative Paper - paberl\u00f5ng \u2013 50 g \/ 75 m | lilleliis<\/title>\n<meta name=\"description\" content=\"Creative Paper on raffia-laadne paberl\u00f5ng, mis on valmistatud 100% paberikiududest. Ideaalne stiilsete kodutarvikute heegeldamiseks.\" \/>\n<meta name=\"robots\" content=\"index, follow, max-snippet:-1, max-image-preview:large, max-video-preview:-1\" \/>\n<link rel=\"canonical\" href=\"https:\/\/www.lilleliis.com\/et\/toode\/rico-creative-paper-paberlong\/\" \/>\n<meta property=\"og:locale\" content=\"et_EE\" \/>\n<meta property=\"og:type\" content=\"article\" \/>\n<meta property=\"og:title\" content=\"Rico Creative Paper - paberl\u00f5ng \u2013 50 g \/ 75 m | lilleliis\" \/>\n<meta property=\"og:description\" content=\"Creative Paper on raffia-laadne paberl\u00f5ng, mis on valmistatud 100% paberikiududest. Ideaalne stiilsete kodutarvikute heegeldamiseks.\" \/>\n<meta property=\"og:url\" content=\"https:\/\/www.lilleliis.com\/et\/toode\/rico-creative-paper-paberlong\/\" \/>\n<meta property=\"og:site_name\" content=\"lilleliis\" \/>\n<meta property=\"article:publisher\" content=\"https:\/\/www.facebook.com\/lilleliis-283266335035799\/\" \/>\n<meta property=\"article:modified_time\" content=\"2026-02-17T12:51:30+00:00\" \/>\n<meta property=\"og:image\" content=\"https:\/\/www.lilleliis.com\/wp-content\/uploads\/2025\/08\/Rico-Creative-Paper-009-Taupe2.jpg\" \/>\n\t<meta property=\"og:image:width\" content=\"1500\" \/>\n\t<meta property=\"og:image:height\" content=\"1499\" \/>\n\t<meta property=\"og:image:type\" content=\"image\/jpeg\" \/>\n<meta name=\"twitter:card\" content=\"summary_large_image\" \/>\n<meta name=\"twitter:label1\" content=\"Est. reading time\" \/>\n\t<meta name=\"twitter:data1\" content=\"1 minute\" \/>\n<script type=\"application\/ld+json\" class=\"yoast-schema-graph\">{\"@context\":\"https:\\\/\\\/schema.org\",\"@graph\":[{\"@type\":\"WebPage\",\"@id\":\"https:\\\/\\\/www.lilleliis.com\\\/et\\\/toode\\\/rico-creative-paper-paberlong\\\/\",\"url\":\"https:\\\/\\\/www.lilleliis.com\\\/et\\\/toode\\\/rico-creative-paper-paberlong\\\/\",\"name\":\"Rico Creative Paper - paberl\u00f5ng \u2013 50 g \\\/ 75 m | lilleliis\",\"isPartOf\":{\"@id\":\"https:\\\/\\\/www.lilleliis.com\\\/et\\\/#website\"},\"primaryImageOfPage\":{\"@id\":\"https:\\\/\\\/www.lilleliis.com\\\/et\\\/toode\\\/rico-creative-paper-paberlong\\\/#primaryimage\"},\"image\":{\"@id\":\"https:\\\/\\\/www.lilleliis.com\\\/et\\\/toode\\\/rico-creative-paper-paberlong\\\/#primaryimage\"},\"thumbnailUrl\":\"https:\\\/\\\/www.lilleliis.com\\\/wp-content\\\/uploads\\\/2025\\\/08\\\/Rico-Creative-Paper-009-Taupe2.jpg\",\"datePublished\":\"2025-08-26T07:56:38+00:00\",\"dateModified\":\"2026-02-17T12:51:30+00:00\",\"description\":\"Creative Paper on raffia-laadne paberl\u00f5ng, mis on valmistatud 100% paberikiududest. Ideaalne stiilsete kodutarvikute heegeldamiseks.\",\"breadcrumb\":{\"@id\":\"https:\\\/\\\/www.lilleliis.com\\\/et\\\/toode\\\/rico-creative-paper-paberlong\\\/#breadcrumb\"},\"inLanguage\":\"et\",\"potentialAction\":[{\"@type\":\"ReadAction\",\"target\":[\"https:\\\/\\\/www.lilleliis.com\\\/et\\\/toode\\\/rico-creative-paper-paberlong\\\/\"]}]},{\"@type\":\"ImageObject\",\"inLanguage\":\"et\",\"@id\":\"https:\\\/\\\/www.lilleliis.com\\\/et\\\/toode\\\/rico-creative-paper-paberlong\\\/#primaryimage\",\"url\":\"https:\\\/\\\/www.lilleliis.com\\\/wp-content\\\/uploads\\\/2025\\\/08\\\/Rico-Creative-Paper-009-Taupe2.jpg\",\"contentUrl\":\"https:\\\/\\\/www.lilleliis.com\\\/wp-content\\\/uploads\\\/2025\\\/08\\\/Rico-Creative-Paper-009-Taupe2.jpg\",\"width\":1500,\"height\":1499,\"caption\":\"Rico Creative Paper 009 Taupe\"},{\"@type\":\"BreadcrumbList\",\"@id\":\"https:\\\/\\\/www.lilleliis.com\\\/et\\\/toode\\\/rico-creative-paper-paberlong\\\/#breadcrumb\",\"itemListElement\":[{\"@type\":\"ListItem\",\"position\":1,\"name\":\"Home\",\"item\":\"https:\\\/\\\/www.lilleliis.com\\\/et\\\/\"},{\"@type\":\"ListItem\",\"position\":2,\"name\":\"Pood\",\"item\":\"https:\\\/\\\/www.lilleliis.com\\\/et\\\/shop\\\/\"},{\"@type\":\"ListItem\",\"position\":3,\"name\":\"Rico Creative Paper &#8211; paberl\u00f5ng \u2013 50 g \\\/ 75 m\"}]},{\"@type\":\"WebSite\",\"@id\":\"https:\\\/\\\/www.lilleliis.com\\\/et\\\/#website\",\"url\":\"https:\\\/\\\/www.lilleliis.com\\\/et\\\/\",\"name\":\"lilleliis\",\"description\":\"Amigurumi m\u00e4nguasjad ja mustrid\",\"potentialAction\":[{\"@type\":\"SearchAction\",\"target\":{\"@type\":\"EntryPoint\",\"urlTemplate\":\"https:\\\/\\\/www.lilleliis.com\\\/et\\\/?s={search_term_string}\"},\"query-input\":{\"@type\":\"PropertyValueSpecification\",\"valueRequired\":true,\"valueName\":\"search_term_string\"}}],\"inLanguage\":\"et\"}]}<\/script>\n<!-- \/ Yoast SEO plugin. -->","yoast_head_json":{"title":"Rico Creative Paper - paberl\u00f5ng \u2013 50 g \/ 75 m | lilleliis","description":"Creative Paper on raffia-laadne paberl\u00f5ng, mis on valmistatud 100% paberikiududest. Ideaalne stiilsete kodutarvikute heegeldamiseks.","robots":{"index":"index","follow":"follow","max-snippet":"max-snippet:-1","max-image-preview":"max-image-preview:large","max-video-preview":"max-video-preview:-1"},"canonical":"https:\/\/www.lilleliis.com\/et\/toode\/rico-creative-paper-paberlong\/","og_locale":"et_EE","og_type":"article","og_title":"Rico Creative Paper - paberl\u00f5ng \u2013 50 g \/ 75 m | lilleliis","og_description":"Creative Paper on raffia-laadne paberl\u00f5ng, mis on valmistatud 100% paberikiududest. Ideaalne stiilsete kodutarvikute heegeldamiseks.","og_url":"https:\/\/www.lilleliis.com\/et\/toode\/rico-creative-paper-paberlong\/","og_site_name":"lilleliis","article_publisher":"https:\/\/www.facebook.com\/lilleliis-283266335035799\/","article_modified_time":"2026-02-17T12:51:30+00:00","og_image":[{"width":1500,"height":1499,"url":"https:\/\/www.lilleliis.com\/wp-content\/uploads\/2025\/08\/Rico-Creative-Paper-009-Taupe2.jpg","type":"image\/jpeg"}],"twitter_card":"summary_large_image","twitter_misc":{"Est. reading time":"1 minute"},"schema":{"@context":"https:\/\/schema.org","@graph":[{"@type":"WebPage","@id":"https:\/\/www.lilleliis.com\/et\/toode\/rico-creative-paper-paberlong\/","url":"https:\/\/www.lilleliis.com\/et\/toode\/rico-creative-paper-paberlong\/","name":"Rico Creative Paper - paberl\u00f5ng \u2013 50 g \/ 75 m | lilleliis","isPartOf":{"@id":"https:\/\/www.lilleliis.com\/et\/#website"},"primaryImageOfPage":{"@id":"https:\/\/www.lilleliis.com\/et\/toode\/rico-creative-paper-paberlong\/#primaryimage"},"image":{"@id":"https:\/\/www.lilleliis.com\/et\/toode\/rico-creative-paper-paberlong\/#primaryimage"},"thumbnailUrl":"https:\/\/www.lilleliis.com\/wp-content\/uploads\/2025\/08\/Rico-Creative-Paper-009-Taupe2.jpg","datePublished":"2025-08-26T07:56:38+00:00","dateModified":"2026-02-17T12:51:30+00:00","description":"Creative Paper on raffia-laadne paberl\u00f5ng, mis on valmistatud 100% paberikiududest. Ideaalne stiilsete kodutarvikute heegeldamiseks.","breadcrumb":{"@id":"https:\/\/www.lilleliis.com\/et\/toode\/rico-creative-paper-paberlong\/#breadcrumb"},"inLanguage":"et","potentialAction":[{"@type":"ReadAction","target":["https:\/\/www.lilleliis.com\/et\/toode\/rico-creative-paper-paberlong\/"]}]},{"@type":"ImageObject","inLanguage":"et","@id":"https:\/\/www.lilleliis.com\/et\/toode\/rico-creative-paper-paberlong\/#primaryimage","url":"https:\/\/www.lilleliis.com\/wp-content\/uploads\/2025\/08\/Rico-Creative-Paper-009-Taupe2.jpg","contentUrl":"https:\/\/www.lilleliis.com\/wp-content\/uploads\/2025\/08\/Rico-Creative-Paper-009-Taupe2.jpg","width":1500,"height":1499,"caption":"Rico Creative Paper 009 Taupe"},{"@type":"BreadcrumbList","@id":"https:\/\/www.lilleliis.com\/et\/toode\/rico-creative-paper-paberlong\/#breadcrumb","itemListElement":[{"@type":"ListItem","position":1,"name":"Home","item":"https:\/\/www.lilleliis.com\/et\/"},{"@type":"ListItem","position":2,"name":"Pood","item":"https:\/\/www.lilleliis.com\/et\/shop\/"},{"@type":"ListItem","position":3,"name":"Rico Creative Paper &#8211; paberl\u00f5ng \u2013 50 g \/ 75 m"}]},{"@type":"WebSite","@id":"https:\/\/www.lilleliis.com\/et\/#website","url":"https:\/\/www.lilleliis.com\/et\/","name":"lilleliis","description":"Amigurumi m\u00e4nguasjad ja mustrid","potentialAction":[{"@type":"SearchAction","target":{"@type":"EntryPoint","urlTemplate":"https:\/\/www.lilleliis.com\/et\/?s={search_term_string}"},"query-input":{"@type":"PropertyValueSpecification","valueRequired":true,"valueName":"search_term_string"}}],"inLanguage":"et"}]}},"_links":{"self":[{"href":"https:\/\/www.lilleliis.com\/et\/wp-json\/wp\/v2\/product\/101635","targetHints":{"allow":["GET"]}}],"collection":[{"href":"https:\/\/www.lilleliis.com\/et\/wp-json\/wp\/v2\/product"}],"about":[{"href":"https:\/\/www.lilleliis.com\/et\/wp-json\/wp\/v2\/types\/product"}],"replies":[{"embeddable":true,"href":"https:\/\/www.lilleliis.com\/et\/wp-json\/wp\/v2\/comments?post=101635"}],"wp:featuredmedia":[{"embeddable":true,"href":"https:\/\/www.lilleliis.com\/et\/wp-json\/wp\/v2\/media\/101616"}],"wp:attachment":[{"href":"https:\/\/www.lilleliis.com\/et\/wp-json\/wp\/v2\/media?parent=101635"}],"wp:term":[{"taxonomy":"product_brand","embeddable":true,"href":"https:\/\/www.lilleliis.com\/et\/wp-json\/wp\/v2\/product_brand?post=101635"},{"taxonomy":"product_cat","embeddable":true,"href":"https:\/\/www.lilleliis.com\/et\/wp-json\/wp\/v2\/product_cat?post=101635"},{"taxonomy":"product_tag","embeddable":true,"href":"https:\/\/www.lilleliis.com\/et\/wp-json\/wp\/v2\/product_tag?post=101635"}],"curies":[{"name":"wp","href":"https:\/\/api.w.org\/{rel}","templated":true}]}}