{"id":10165,"date":"2025-05-23T15:30:20","date_gmt":"2025-05-23T12:30:20","guid":{"rendered":"http:\/\/lilleliis.com\/?post_type=product&#038;p=10165"},"modified":"2025-05-23T15:37:39","modified_gmt":"2025-05-23T12:37:39","slug":"amigurumi-opetus-vaike-elevant","status":"publish","type":"product","link":"https:\/\/www.lilleliis.com\/et\/toode\/amigurumi-opetus-vaike-elevant\/","title":{"rendered":"V\u00e4ike \u00f5nneelevant &#8211; amigurumi muster (eng)"},"content":{"rendered":null,"protected":false},"excerpt":{"rendered":"<p>V\u00e4ike amigurumi elevant hoiab lonti p\u00fcsti. Nimetan teda \u00f5nneelevandiks, kuna Feng Shui kohaselt toob just t\u00f5stetud londiga elevant \u00f5nne. Lisaks s\u00fcmboliseerib elevant v\u00e4\u00e4rikust, lojaalsust, \u00f5nne, arukust, pikaealisust, edasip\u00fc\u00fcdlikkust, v\u00f5imsust, tugevust, edukust.<\/p>\n<p>V\u00e4ikese elevandi jalatallad ja k\u00f5rvad on kaetud kangaga. Ta v\u00f5ib olla pisikeseks m\u00e4nguloomaks lapsele, aga ka v\u00f5tmehoidjaks v\u00f5i s\u00fcmboolseks kingituseks.<\/p>\n<hr \/>\n<p><span data-text-color=\"primary\">MUSTRIST<\/span><\/p>\n<p>Allalaetav ja lihtsasti j\u00e4lgitav k\u00e4sit\u00f6\u00f6 \u00f5petus (PDF fail). Juhend sisaldab samm-sammulist \u00f5petust eseme valmistamiseks ning hulgaliselt abistavaid fotosid.<\/p>\n<p>Keel: inglise, hollandi<\/p>\n<p>\u00d5petuse raskusaste: lihtne<\/p>\n<p>Vajaminevad v\u00f5tted: kinnissilmust, poolsammas<\/p>\n<hr \/>\n<p><span data-text-color=\"primary\">SUURUS JA MATERJAL<\/span><\/p>\n<p>Suurus: 9 cm<\/p>\n<p>Valmistamiseks on kasutatud puuvillast l\u00f5nga ja heegeln\u00f5ela j\u00e4medusega 3,5 mm.<\/p>\n<hr \/>\n<p><span data-text-color=\"primary\">ABI JA COPYRIGHT<\/span><\/p>\n<p>K\u00fcsimuste korral saab abi\u00a0<a href=\"mailto:%20lilleliis@gmail.com\">e-posti teel<\/a>.<\/p>\n<p>\u00d5petuse j\u00e4rgi valmistatud esemeid v\u00f5ib m\u00fc\u00fca. \u00d5petust on keelatud jagada. Autori\u00f5igustega tutvu\u00a0<a href=\"https:\/\/www.lilleliis.com\/et\/autorioigused\/\" target=\"_blank\" rel=\"noopener\">siin<\/a>.<\/p>\n","protected":false},"featured_media":43026,"comment_status":"open","ping_status":"closed","template":"","meta":[],"product_brand":[],"product_cat":[95,125],"product_tag":[],"class_list":{"0":"post-10165","1":"product","2":"type-product","3":"status-publish","4":"has-post-thumbnail","6":"product_cat-amigurumi-opetused","7":"product_cat-looma-mustrid","8":"pa_pattern-language-hollandi","9":"pa_pattern-language-inglise","10":"pa_pattern-skill-level-lihtne","12":"first","13":"instock","14":"sold-individually","15":"taxable","16":"shipping-taxable","17":"purchasable","18":"product-type-variable"},"yoast_head":"<!-- This site is optimized with the Yoast SEO plugin v27.3 - https:\/\/yoast.com\/product\/yoast-seo-wordpress\/ -->\n<title>V\u00e4ike \u00f5nneelevant | Amigurumi elevant | Heegeldamise \u00f5petus | lilleliis<\/title>\n<meta name=\"description\" content=\"Heegelda ise amigurumi \u00f5nne elevant. See v\u00f5ib olla m\u00e4nguloomaks lapsele, aga ka v\u00f5tmehoidjaks v\u00f5i kenaks sisustusdetailiks.\" \/>\n<meta name=\"robots\" content=\"index, follow, max-snippet:-1, max-image-preview:large, max-video-preview:-1\" \/>\n<link rel=\"canonical\" href=\"https:\/\/www.lilleliis.com\/et\/toode\/amigurumi-opetus-vaike-elevant\/\" \/>\n<meta property=\"og:locale\" content=\"et_EE\" \/>\n<meta property=\"og:type\" content=\"article\" \/>\n<meta property=\"og:title\" content=\"V\u00e4ike \u00f5nneelevant | Amigurumi elevant | Heegeldamise \u00f5petus | lilleliis\" \/>\n<meta property=\"og:description\" content=\"Heegelda ise amigurumi \u00f5nne elevant. See v\u00f5ib olla m\u00e4nguloomaks lapsele, aga ka v\u00f5tmehoidjaks v\u00f5i kenaks sisustusdetailiks.\" \/>\n<meta property=\"og:url\" content=\"https:\/\/www.lilleliis.com\/et\/toode\/amigurumi-opetus-vaike-elevant\/\" \/>\n<meta property=\"og:site_name\" content=\"lilleliis\" \/>\n<meta property=\"article:publisher\" content=\"https:\/\/www.facebook.com\/lilleliis-283266335035799\/\" \/>\n<meta property=\"article:modified_time\" content=\"2025-05-23T12:37:39+00:00\" \/>\n<meta property=\"og:image\" content=\"https:\/\/www.lilleliis.com\/wp-content\/uploads\/2014\/10\/tiny-luck-elephant-crochet-pattern-3.jpg\" \/>\n\t<meta property=\"og:image:width\" content=\"1500\" \/>\n\t<meta property=\"og:image:height\" content=\"1000\" \/>\n\t<meta property=\"og:image:type\" content=\"image\/jpeg\" \/>\n<meta name=\"twitter:card\" content=\"summary_large_image\" \/>\n<script type=\"application\/ld+json\" class=\"yoast-schema-graph\">{\"@context\":\"https:\\\/\\\/schema.org\",\"@graph\":[{\"@type\":\"WebPage\",\"@id\":\"https:\\\/\\\/www.lilleliis.com\\\/et\\\/toode\\\/amigurumi-opetus-vaike-elevant\\\/\",\"url\":\"https:\\\/\\\/www.lilleliis.com\\\/et\\\/toode\\\/amigurumi-opetus-vaike-elevant\\\/\",\"name\":\"V\u00e4ike \u00f5nneelevant | Amigurumi elevant | Heegeldamise \u00f5petus | lilleliis\",\"isPartOf\":{\"@id\":\"https:\\\/\\\/www.lilleliis.com\\\/et\\\/#website\"},\"primaryImageOfPage\":{\"@id\":\"https:\\\/\\\/www.lilleliis.com\\\/et\\\/toode\\\/amigurumi-opetus-vaike-elevant\\\/#primaryimage\"},\"image\":{\"@id\":\"https:\\\/\\\/www.lilleliis.com\\\/et\\\/toode\\\/amigurumi-opetus-vaike-elevant\\\/#primaryimage\"},\"thumbnailUrl\":\"https:\\\/\\\/www.lilleliis.com\\\/wp-content\\\/uploads\\\/2014\\\/10\\\/tiny-luck-elephant-crochet-pattern-3.jpg\",\"datePublished\":\"2025-05-23T12:30:20+00:00\",\"dateModified\":\"2025-05-23T12:37:39+00:00\",\"description\":\"Heegelda ise amigurumi \u00f5nne elevant. See v\u00f5ib olla m\u00e4nguloomaks lapsele, aga ka v\u00f5tmehoidjaks v\u00f5i kenaks sisustusdetailiks.\",\"breadcrumb\":{\"@id\":\"https:\\\/\\\/www.lilleliis.com\\\/et\\\/toode\\\/amigurumi-opetus-vaike-elevant\\\/#breadcrumb\"},\"inLanguage\":\"et\",\"potentialAction\":[{\"@type\":\"ReadAction\",\"target\":[\"https:\\\/\\\/www.lilleliis.com\\\/et\\\/toode\\\/amigurumi-opetus-vaike-elevant\\\/\"]}]},{\"@type\":\"ImageObject\",\"inLanguage\":\"et\",\"@id\":\"https:\\\/\\\/www.lilleliis.com\\\/et\\\/toode\\\/amigurumi-opetus-vaike-elevant\\\/#primaryimage\",\"url\":\"https:\\\/\\\/www.lilleliis.com\\\/wp-content\\\/uploads\\\/2014\\\/10\\\/tiny-luck-elephant-crochet-pattern-3.jpg\",\"contentUrl\":\"https:\\\/\\\/www.lilleliis.com\\\/wp-content\\\/uploads\\\/2014\\\/10\\\/tiny-luck-elephant-crochet-pattern-3.jpg\",\"width\":1500,\"height\":1000,\"caption\":\"v\u00e4ike \u00f5nne elevant amigurumi muster\"},{\"@type\":\"BreadcrumbList\",\"@id\":\"https:\\\/\\\/www.lilleliis.com\\\/et\\\/toode\\\/amigurumi-opetus-vaike-elevant\\\/#breadcrumb\",\"itemListElement\":[{\"@type\":\"ListItem\",\"position\":1,\"name\":\"Home\",\"item\":\"https:\\\/\\\/www.lilleliis.com\\\/et\\\/\"},{\"@type\":\"ListItem\",\"position\":2,\"name\":\"Pood\",\"item\":\"https:\\\/\\\/www.lilleliis.com\\\/et\\\/shop\\\/\"},{\"@type\":\"ListItem\",\"position\":3,\"name\":\"V\u00e4ike \u00f5nneelevant &#8211; amigurumi muster (eng)\"}]},{\"@type\":\"WebSite\",\"@id\":\"https:\\\/\\\/www.lilleliis.com\\\/et\\\/#website\",\"url\":\"https:\\\/\\\/www.lilleliis.com\\\/et\\\/\",\"name\":\"lilleliis\",\"description\":\"Amigurumi m\u00e4nguasjad ja mustrid\",\"potentialAction\":[{\"@type\":\"SearchAction\",\"target\":{\"@type\":\"EntryPoint\",\"urlTemplate\":\"https:\\\/\\\/www.lilleliis.com\\\/et\\\/?s={search_term_string}\"},\"query-input\":{\"@type\":\"PropertyValueSpecification\",\"valueRequired\":true,\"valueName\":\"search_term_string\"}}],\"inLanguage\":\"et\"}]}<\/script>\n<!-- \/ Yoast SEO plugin. -->","yoast_head_json":{"title":"V\u00e4ike \u00f5nneelevant | Amigurumi elevant | Heegeldamise \u00f5petus | lilleliis","description":"Heegelda ise amigurumi \u00f5nne elevant. See v\u00f5ib olla m\u00e4nguloomaks lapsele, aga ka v\u00f5tmehoidjaks v\u00f5i kenaks sisustusdetailiks.","robots":{"index":"index","follow":"follow","max-snippet":"max-snippet:-1","max-image-preview":"max-image-preview:large","max-video-preview":"max-video-preview:-1"},"canonical":"https:\/\/www.lilleliis.com\/et\/toode\/amigurumi-opetus-vaike-elevant\/","og_locale":"et_EE","og_type":"article","og_title":"V\u00e4ike \u00f5nneelevant | Amigurumi elevant | Heegeldamise \u00f5petus | lilleliis","og_description":"Heegelda ise amigurumi \u00f5nne elevant. See v\u00f5ib olla m\u00e4nguloomaks lapsele, aga ka v\u00f5tmehoidjaks v\u00f5i kenaks sisustusdetailiks.","og_url":"https:\/\/www.lilleliis.com\/et\/toode\/amigurumi-opetus-vaike-elevant\/","og_site_name":"lilleliis","article_publisher":"https:\/\/www.facebook.com\/lilleliis-283266335035799\/","article_modified_time":"2025-05-23T12:37:39+00:00","og_image":[{"width":1500,"height":1000,"url":"https:\/\/www.lilleliis.com\/wp-content\/uploads\/2014\/10\/tiny-luck-elephant-crochet-pattern-3.jpg","type":"image\/jpeg"}],"twitter_card":"summary_large_image","schema":{"@context":"https:\/\/schema.org","@graph":[{"@type":"WebPage","@id":"https:\/\/www.lilleliis.com\/et\/toode\/amigurumi-opetus-vaike-elevant\/","url":"https:\/\/www.lilleliis.com\/et\/toode\/amigurumi-opetus-vaike-elevant\/","name":"V\u00e4ike \u00f5nneelevant | Amigurumi elevant | Heegeldamise \u00f5petus | lilleliis","isPartOf":{"@id":"https:\/\/www.lilleliis.com\/et\/#website"},"primaryImageOfPage":{"@id":"https:\/\/www.lilleliis.com\/et\/toode\/amigurumi-opetus-vaike-elevant\/#primaryimage"},"image":{"@id":"https:\/\/www.lilleliis.com\/et\/toode\/amigurumi-opetus-vaike-elevant\/#primaryimage"},"thumbnailUrl":"https:\/\/www.lilleliis.com\/wp-content\/uploads\/2014\/10\/tiny-luck-elephant-crochet-pattern-3.jpg","datePublished":"2025-05-23T12:30:20+00:00","dateModified":"2025-05-23T12:37:39+00:00","description":"Heegelda ise amigurumi \u00f5nne elevant. See v\u00f5ib olla m\u00e4nguloomaks lapsele, aga ka v\u00f5tmehoidjaks v\u00f5i kenaks sisustusdetailiks.","breadcrumb":{"@id":"https:\/\/www.lilleliis.com\/et\/toode\/amigurumi-opetus-vaike-elevant\/#breadcrumb"},"inLanguage":"et","potentialAction":[{"@type":"ReadAction","target":["https:\/\/www.lilleliis.com\/et\/toode\/amigurumi-opetus-vaike-elevant\/"]}]},{"@type":"ImageObject","inLanguage":"et","@id":"https:\/\/www.lilleliis.com\/et\/toode\/amigurumi-opetus-vaike-elevant\/#primaryimage","url":"https:\/\/www.lilleliis.com\/wp-content\/uploads\/2014\/10\/tiny-luck-elephant-crochet-pattern-3.jpg","contentUrl":"https:\/\/www.lilleliis.com\/wp-content\/uploads\/2014\/10\/tiny-luck-elephant-crochet-pattern-3.jpg","width":1500,"height":1000,"caption":"v\u00e4ike \u00f5nne elevant amigurumi muster"},{"@type":"BreadcrumbList","@id":"https:\/\/www.lilleliis.com\/et\/toode\/amigurumi-opetus-vaike-elevant\/#breadcrumb","itemListElement":[{"@type":"ListItem","position":1,"name":"Home","item":"https:\/\/www.lilleliis.com\/et\/"},{"@type":"ListItem","position":2,"name":"Pood","item":"https:\/\/www.lilleliis.com\/et\/shop\/"},{"@type":"ListItem","position":3,"name":"V\u00e4ike \u00f5nneelevant &#8211; amigurumi muster (eng)"}]},{"@type":"WebSite","@id":"https:\/\/www.lilleliis.com\/et\/#website","url":"https:\/\/www.lilleliis.com\/et\/","name":"lilleliis","description":"Amigurumi m\u00e4nguasjad ja mustrid","potentialAction":[{"@type":"SearchAction","target":{"@type":"EntryPoint","urlTemplate":"https:\/\/www.lilleliis.com\/et\/?s={search_term_string}"},"query-input":{"@type":"PropertyValueSpecification","valueRequired":true,"valueName":"search_term_string"}}],"inLanguage":"et"}]}},"_links":{"self":[{"href":"https:\/\/www.lilleliis.com\/et\/wp-json\/wp\/v2\/product\/10165","targetHints":{"allow":["GET"]}}],"collection":[{"href":"https:\/\/www.lilleliis.com\/et\/wp-json\/wp\/v2\/product"}],"about":[{"href":"https:\/\/www.lilleliis.com\/et\/wp-json\/wp\/v2\/types\/product"}],"replies":[{"embeddable":true,"href":"https:\/\/www.lilleliis.com\/et\/wp-json\/wp\/v2\/comments?post=10165"}],"wp:featuredmedia":[{"embeddable":true,"href":"https:\/\/www.lilleliis.com\/et\/wp-json\/wp\/v2\/media\/43026"}],"wp:attachment":[{"href":"https:\/\/www.lilleliis.com\/et\/wp-json\/wp\/v2\/media?parent=10165"}],"wp:term":[{"taxonomy":"product_brand","embeddable":true,"href":"https:\/\/www.lilleliis.com\/et\/wp-json\/wp\/v2\/product_brand?post=10165"},{"taxonomy":"product_cat","embeddable":true,"href":"https:\/\/www.lilleliis.com\/et\/wp-json\/wp\/v2\/product_cat?post=10165"},{"taxonomy":"product_tag","embeddable":true,"href":"https:\/\/www.lilleliis.com\/et\/wp-json\/wp\/v2\/product_tag?post=10165"}],"curies":[{"name":"wp","href":"https:\/\/api.w.org\/{rel}","templated":true}]}}