{"id":101713,"date":"2025-09-04T18:29:06","date_gmt":"2025-09-04T15:29:06","guid":{"rendered":"https:\/\/www.lilleliis.com\/?post_type=product&#038;p=101713"},"modified":"2026-03-09T11:12:10","modified_gmt":"2026-03-09T09:12:10","slug":"noopnoelad","status":"publish","type":"product","link":"https:\/\/www.lilleliis.com\/et\/toode\/noopnoelad\/","title":{"rendered":"N\u00f6\u00f6pn\u00f5elad &#8211; 40 tk"},"content":{"rendered":"<p>M\u00f5nusalt pikad n\u00f6\u00f6pn\u00f5elad amigurumi valmistamiseks. Kvaliteetne toode firmalt Prym. 40 n\u00f6\u00f6pn\u00f5ela mugavalt ratta peal ja alati kasutamiseks valmis.<\/p>\n<p>M\u00e4nguasjade valmistamisel kuluvad \u00e4ra just pikemad n\u00f6\u00f6pn\u00f5elad, millega detaile \u00f5mblemise ajal koos hoida.<\/p>\n","protected":false},"excerpt":{"rendered":"<p>M\u00e4nguasjade valmistamisel kuluvad \u00e4ra just pikemad ja suure peaga n\u00f6\u00f6pn\u00f5elad, millega detaile \u00f5mblemise ajal koos hoida. Need 40 kuldse otsaga n\u00f6\u00f6pn\u00f5ela on pikkusega 40 mm.<\/p>\n","protected":false},"featured_media":101714,"comment_status":"open","ping_status":"closed","template":"","meta":[],"product_brand":[1567],"product_cat":[982,429],"product_tag":[1586],"class_list":{"0":"post-101713","1":"product","2":"type-product","3":"status-publish","4":"has-post-thumbnail","6":"product_brand-prym","7":"product_cat-heegelnoelad-ja-noelad","8":"product_cat-kasitoo-tarvikud","9":"product_tag-noelad","11":"first","12":"instock","13":"taxable","14":"shipping-taxable","15":"purchasable","16":"product-type-simple"},"yoast_head":"<!-- This site is optimized with the Yoast SEO plugin v27.3 - https:\/\/yoast.com\/product\/yoast-seo-wordpress\/ -->\n<title>N\u00f6\u00f6pn\u00f5elad - 40 tk | lilleliis<\/title>\n<meta name=\"description\" content=\"M\u00f5nusalt pikad n\u00f6\u00f6pn\u00f5elad amigurumi valmistamiseks. Kvaliteetne toode firmalt Prym. 40 n\u00f6\u00f6pn\u00f5ela mugavalt ratta peal ja alati kasutamiseks valmis.\" \/>\n<meta name=\"robots\" content=\"index, follow, max-snippet:-1, max-image-preview:large, max-video-preview:-1\" \/>\n<link rel=\"canonical\" href=\"https:\/\/www.lilleliis.com\/et\/toode\/noopnoelad\/\" \/>\n<meta property=\"og:locale\" content=\"et_EE\" \/>\n<meta property=\"og:type\" content=\"article\" \/>\n<meta property=\"og:title\" content=\"N\u00f6\u00f6pn\u00f5elad - 40 tk | lilleliis\" \/>\n<meta property=\"og:description\" content=\"M\u00f5nusalt pikad n\u00f6\u00f6pn\u00f5elad amigurumi valmistamiseks. Kvaliteetne toode firmalt Prym. 40 n\u00f6\u00f6pn\u00f5ela mugavalt ratta peal ja alati kasutamiseks valmis.\" \/>\n<meta property=\"og:url\" content=\"https:\/\/www.lilleliis.com\/et\/toode\/noopnoelad\/\" \/>\n<meta property=\"og:site_name\" content=\"lilleliis\" \/>\n<meta property=\"article:publisher\" content=\"https:\/\/www.facebook.com\/lilleliis-283266335035799\/\" \/>\n<meta property=\"article:modified_time\" content=\"2026-03-09T09:12:10+00:00\" \/>\n<meta property=\"og:image\" content=\"https:\/\/www.lilleliis.com\/wp-content\/uploads\/2025\/09\/Noopnoelad.webp\" \/>\n\t<meta property=\"og:image:width\" content=\"1000\" \/>\n\t<meta property=\"og:image:height\" content=\"1000\" \/>\n\t<meta property=\"og:image:type\" content=\"image\/webp\" \/>\n<meta name=\"twitter:card\" content=\"summary_large_image\" \/>\n<meta name=\"twitter:label1\" content=\"Est. reading time\" \/>\n\t<meta name=\"twitter:data1\" content=\"1 minute\" \/>\n<script type=\"application\/ld+json\" class=\"yoast-schema-graph\">{\"@context\":\"https:\\\/\\\/schema.org\",\"@graph\":[{\"@type\":\"WebPage\",\"@id\":\"https:\\\/\\\/www.lilleliis.com\\\/et\\\/toode\\\/noopnoelad\\\/\",\"url\":\"https:\\\/\\\/www.lilleliis.com\\\/et\\\/toode\\\/noopnoelad\\\/\",\"name\":\"N\u00f6\u00f6pn\u00f5elad - 40 tk | lilleliis\",\"isPartOf\":{\"@id\":\"https:\\\/\\\/www.lilleliis.com\\\/et\\\/#website\"},\"primaryImageOfPage\":{\"@id\":\"https:\\\/\\\/www.lilleliis.com\\\/et\\\/toode\\\/noopnoelad\\\/#primaryimage\"},\"image\":{\"@id\":\"https:\\\/\\\/www.lilleliis.com\\\/et\\\/toode\\\/noopnoelad\\\/#primaryimage\"},\"thumbnailUrl\":\"https:\\\/\\\/www.lilleliis.com\\\/wp-content\\\/uploads\\\/2025\\\/09\\\/Noopnoelad.webp\",\"datePublished\":\"2025-09-04T15:29:06+00:00\",\"dateModified\":\"2026-03-09T09:12:10+00:00\",\"description\":\"M\u00f5nusalt pikad n\u00f6\u00f6pn\u00f5elad amigurumi valmistamiseks. Kvaliteetne toode firmalt Prym. 40 n\u00f6\u00f6pn\u00f5ela mugavalt ratta peal ja alati kasutamiseks valmis.\",\"breadcrumb\":{\"@id\":\"https:\\\/\\\/www.lilleliis.com\\\/et\\\/toode\\\/noopnoelad\\\/#breadcrumb\"},\"inLanguage\":\"et\",\"potentialAction\":[{\"@type\":\"ReadAction\",\"target\":[\"https:\\\/\\\/www.lilleliis.com\\\/et\\\/toode\\\/noopnoelad\\\/\"]}]},{\"@type\":\"ImageObject\",\"inLanguage\":\"et\",\"@id\":\"https:\\\/\\\/www.lilleliis.com\\\/et\\\/toode\\\/noopnoelad\\\/#primaryimage\",\"url\":\"https:\\\/\\\/www.lilleliis.com\\\/wp-content\\\/uploads\\\/2025\\\/09\\\/Noopnoelad.webp\",\"contentUrl\":\"https:\\\/\\\/www.lilleliis.com\\\/wp-content\\\/uploads\\\/2025\\\/09\\\/Noopnoelad.webp\",\"width\":1000,\"height\":1000,\"caption\":\"N\u00f6\u00f6pn\u00f5elad\"},{\"@type\":\"BreadcrumbList\",\"@id\":\"https:\\\/\\\/www.lilleliis.com\\\/et\\\/toode\\\/noopnoelad\\\/#breadcrumb\",\"itemListElement\":[{\"@type\":\"ListItem\",\"position\":1,\"name\":\"Home\",\"item\":\"https:\\\/\\\/www.lilleliis.com\\\/et\\\/\"},{\"@type\":\"ListItem\",\"position\":2,\"name\":\"Pood\",\"item\":\"https:\\\/\\\/www.lilleliis.com\\\/et\\\/shop\\\/\"},{\"@type\":\"ListItem\",\"position\":3,\"name\":\"N\u00f6\u00f6pn\u00f5elad &#8211; 40 tk\"}]},{\"@type\":\"WebSite\",\"@id\":\"https:\\\/\\\/www.lilleliis.com\\\/et\\\/#website\",\"url\":\"https:\\\/\\\/www.lilleliis.com\\\/et\\\/\",\"name\":\"lilleliis\",\"description\":\"Amigurumi m\u00e4nguasjad ja mustrid\",\"potentialAction\":[{\"@type\":\"SearchAction\",\"target\":{\"@type\":\"EntryPoint\",\"urlTemplate\":\"https:\\\/\\\/www.lilleliis.com\\\/et\\\/?s={search_term_string}\"},\"query-input\":{\"@type\":\"PropertyValueSpecification\",\"valueRequired\":true,\"valueName\":\"search_term_string\"}}],\"inLanguage\":\"et\"}]}<\/script>\n<!-- \/ Yoast SEO plugin. -->","yoast_head_json":{"title":"N\u00f6\u00f6pn\u00f5elad - 40 tk | lilleliis","description":"M\u00f5nusalt pikad n\u00f6\u00f6pn\u00f5elad amigurumi valmistamiseks. Kvaliteetne toode firmalt Prym. 40 n\u00f6\u00f6pn\u00f5ela mugavalt ratta peal ja alati kasutamiseks valmis.","robots":{"index":"index","follow":"follow","max-snippet":"max-snippet:-1","max-image-preview":"max-image-preview:large","max-video-preview":"max-video-preview:-1"},"canonical":"https:\/\/www.lilleliis.com\/et\/toode\/noopnoelad\/","og_locale":"et_EE","og_type":"article","og_title":"N\u00f6\u00f6pn\u00f5elad - 40 tk | lilleliis","og_description":"M\u00f5nusalt pikad n\u00f6\u00f6pn\u00f5elad amigurumi valmistamiseks. Kvaliteetne toode firmalt Prym. 40 n\u00f6\u00f6pn\u00f5ela mugavalt ratta peal ja alati kasutamiseks valmis.","og_url":"https:\/\/www.lilleliis.com\/et\/toode\/noopnoelad\/","og_site_name":"lilleliis","article_publisher":"https:\/\/www.facebook.com\/lilleliis-283266335035799\/","article_modified_time":"2026-03-09T09:12:10+00:00","og_image":[{"width":1000,"height":1000,"url":"https:\/\/www.lilleliis.com\/wp-content\/uploads\/2025\/09\/Noopnoelad.webp","type":"image\/webp"}],"twitter_card":"summary_large_image","twitter_misc":{"Est. reading time":"1 minute"},"schema":{"@context":"https:\/\/schema.org","@graph":[{"@type":"WebPage","@id":"https:\/\/www.lilleliis.com\/et\/toode\/noopnoelad\/","url":"https:\/\/www.lilleliis.com\/et\/toode\/noopnoelad\/","name":"N\u00f6\u00f6pn\u00f5elad - 40 tk | lilleliis","isPartOf":{"@id":"https:\/\/www.lilleliis.com\/et\/#website"},"primaryImageOfPage":{"@id":"https:\/\/www.lilleliis.com\/et\/toode\/noopnoelad\/#primaryimage"},"image":{"@id":"https:\/\/www.lilleliis.com\/et\/toode\/noopnoelad\/#primaryimage"},"thumbnailUrl":"https:\/\/www.lilleliis.com\/wp-content\/uploads\/2025\/09\/Noopnoelad.webp","datePublished":"2025-09-04T15:29:06+00:00","dateModified":"2026-03-09T09:12:10+00:00","description":"M\u00f5nusalt pikad n\u00f6\u00f6pn\u00f5elad amigurumi valmistamiseks. Kvaliteetne toode firmalt Prym. 40 n\u00f6\u00f6pn\u00f5ela mugavalt ratta peal ja alati kasutamiseks valmis.","breadcrumb":{"@id":"https:\/\/www.lilleliis.com\/et\/toode\/noopnoelad\/#breadcrumb"},"inLanguage":"et","potentialAction":[{"@type":"ReadAction","target":["https:\/\/www.lilleliis.com\/et\/toode\/noopnoelad\/"]}]},{"@type":"ImageObject","inLanguage":"et","@id":"https:\/\/www.lilleliis.com\/et\/toode\/noopnoelad\/#primaryimage","url":"https:\/\/www.lilleliis.com\/wp-content\/uploads\/2025\/09\/Noopnoelad.webp","contentUrl":"https:\/\/www.lilleliis.com\/wp-content\/uploads\/2025\/09\/Noopnoelad.webp","width":1000,"height":1000,"caption":"N\u00f6\u00f6pn\u00f5elad"},{"@type":"BreadcrumbList","@id":"https:\/\/www.lilleliis.com\/et\/toode\/noopnoelad\/#breadcrumb","itemListElement":[{"@type":"ListItem","position":1,"name":"Home","item":"https:\/\/www.lilleliis.com\/et\/"},{"@type":"ListItem","position":2,"name":"Pood","item":"https:\/\/www.lilleliis.com\/et\/shop\/"},{"@type":"ListItem","position":3,"name":"N\u00f6\u00f6pn\u00f5elad &#8211; 40 tk"}]},{"@type":"WebSite","@id":"https:\/\/www.lilleliis.com\/et\/#website","url":"https:\/\/www.lilleliis.com\/et\/","name":"lilleliis","description":"Amigurumi m\u00e4nguasjad ja mustrid","potentialAction":[{"@type":"SearchAction","target":{"@type":"EntryPoint","urlTemplate":"https:\/\/www.lilleliis.com\/et\/?s={search_term_string}"},"query-input":{"@type":"PropertyValueSpecification","valueRequired":true,"valueName":"search_term_string"}}],"inLanguage":"et"}]}},"_links":{"self":[{"href":"https:\/\/www.lilleliis.com\/et\/wp-json\/wp\/v2\/product\/101713","targetHints":{"allow":["GET"]}}],"collection":[{"href":"https:\/\/www.lilleliis.com\/et\/wp-json\/wp\/v2\/product"}],"about":[{"href":"https:\/\/www.lilleliis.com\/et\/wp-json\/wp\/v2\/types\/product"}],"replies":[{"embeddable":true,"href":"https:\/\/www.lilleliis.com\/et\/wp-json\/wp\/v2\/comments?post=101713"}],"wp:featuredmedia":[{"embeddable":true,"href":"https:\/\/www.lilleliis.com\/et\/wp-json\/wp\/v2\/media\/101714"}],"wp:attachment":[{"href":"https:\/\/www.lilleliis.com\/et\/wp-json\/wp\/v2\/media?parent=101713"}],"wp:term":[{"taxonomy":"product_brand","embeddable":true,"href":"https:\/\/www.lilleliis.com\/et\/wp-json\/wp\/v2\/product_brand?post=101713"},{"taxonomy":"product_cat","embeddable":true,"href":"https:\/\/www.lilleliis.com\/et\/wp-json\/wp\/v2\/product_cat?post=101713"},{"taxonomy":"product_tag","embeddable":true,"href":"https:\/\/www.lilleliis.com\/et\/wp-json\/wp\/v2\/product_tag?post=101713"}],"curies":[{"name":"wp","href":"https:\/\/api.w.org\/{rel}","templated":true}]}}