{"id":101736,"date":"2026-04-30T19:55:13","date_gmt":"2026-04-30T16:55:13","guid":{"rendered":"https:\/\/www.lilleliis.com\/?post_type=product&#038;p=101736"},"modified":"2026-04-30T20:11:06","modified_gmt":"2026-04-30T17:11:06","slug":"sadelusega-turvasilmad","status":"publish","type":"product","link":"https:\/\/www.lilleliis.com\/et\/toode\/sadelusega-turvasilmad\/","title":{"rendered":"S\u00e4delusega turvasilmad &#8211; 18 mm &#8211; 10 paari"},"content":{"rendered":"<h3>Suurus ja materjal<\/h3>\n<p>Suurus: 18 mm<\/p>\n<p>V\u00e4rv: mix<\/p>\n<p>Materjal: plastmass<\/p>\n<div class=\"is-divider divider clearfix\"><\/div>\n<h3>Kuidas turvasilmi kasutada?<\/h3>\n<p>Turvasilmade kinnitamisest saad l\u00e4hemalt lugeda <a href=\"https:\/\/www.lilleliis.com\/et\/turvasilmad-manguasjadele\/\" target=\"_blank\" rel=\"noopener\">siin<\/a>.<\/p>\n","protected":false},"excerpt":{"rendered":"<p>S\u00e4delusega turvasilmad m\u00e4nguasjade valmistamiseks. Komplektis on 10 paari silmi, mis suletakse t\u00f6\u00f6 sisek\u00fcljelt spetsiaalsete turvaliste kinnituskl\u00f5psudega (sisalduvad komplektis).<\/p>\n<p>Silmad ise on l\u00e4bipaistvad. S\u00e4delus lisatakse eraldi lehekese paigaldamisega silma tagusele. Seega saab neid kasutada kahel moel \u2013 kas koos s\u00e4delusega v\u00f5i lihtsalt l\u00e4bipaistvana.<\/p>\n","protected":false},"featured_media":106471,"comment_status":"open","ping_status":"closed","template":"","meta":[],"product_brand":[],"product_cat":[429,562],"product_tag":[],"class_list":{"0":"post-101736","1":"product","2":"type-product","3":"status-publish","4":"has-post-thumbnail","6":"product_cat-kasitoo-tarvikud","7":"product_cat-turvasilmad","9":"first","10":"instock","11":"taxable","12":"shipping-taxable","13":"purchasable","14":"product-type-simple"},"yoast_head":"<!-- This site is optimized with the Yoast SEO plugin v27.3 - https:\/\/yoast.com\/product\/yoast-seo-wordpress\/ -->\n<title>S\u00e4delusega turvasilmad - 18 mm - 10 paari | lilleliis<\/title>\n<meta name=\"description\" content=\"S\u00e4delusega turvasilmad m\u00e4nguasjade valmistamiseks. Komplektis on 10 paari silmi, mis suletakse t\u00f6\u00f6 sisek\u00fcljelt turvaliste kinnituskl\u00f5psudega.\" \/>\n<meta name=\"robots\" content=\"index, follow, max-snippet:-1, max-image-preview:large, max-video-preview:-1\" \/>\n<link rel=\"canonical\" href=\"https:\/\/www.lilleliis.com\/et\/toode\/sadelusega-turvasilmad\/\" \/>\n<meta property=\"og:locale\" content=\"et_EE\" \/>\n<meta property=\"og:type\" content=\"article\" \/>\n<meta property=\"og:title\" content=\"S\u00e4delusega turvasilmad - 18 mm - 10 paari | lilleliis\" \/>\n<meta property=\"og:description\" content=\"S\u00e4delusega turvasilmad m\u00e4nguasjade valmistamiseks. Komplektis on 10 paari silmi, mis suletakse t\u00f6\u00f6 sisek\u00fcljelt turvaliste kinnituskl\u00f5psudega.\" \/>\n<meta property=\"og:url\" content=\"https:\/\/www.lilleliis.com\/et\/toode\/sadelusega-turvasilmad\/\" \/>\n<meta property=\"og:site_name\" content=\"lilleliis\" \/>\n<meta property=\"article:publisher\" content=\"https:\/\/www.facebook.com\/lilleliis-283266335035799\/\" \/>\n<meta property=\"article:modified_time\" content=\"2026-04-30T17:11:06+00:00\" \/>\n<meta property=\"og:image\" content=\"https:\/\/www.lilleliis.com\/wp-content\/uploads\/2025\/09\/sadelusega-turvasilmad-manguasjadele1.jpg\" \/>\n\t<meta property=\"og:image:width\" content=\"1000\" \/>\n\t<meta property=\"og:image:height\" content=\"1500\" \/>\n\t<meta property=\"og:image:type\" content=\"image\/jpeg\" \/>\n<meta name=\"twitter:card\" content=\"summary_large_image\" \/>\n<meta name=\"twitter:label1\" content=\"Est. reading time\" \/>\n\t<meta name=\"twitter:data1\" content=\"1 minute\" \/>\n<script type=\"application\/ld+json\" class=\"yoast-schema-graph\">{\"@context\":\"https:\\\/\\\/schema.org\",\"@graph\":[{\"@type\":\"WebPage\",\"@id\":\"https:\\\/\\\/www.lilleliis.com\\\/et\\\/toode\\\/sadelusega-turvasilmad\\\/\",\"url\":\"https:\\\/\\\/www.lilleliis.com\\\/et\\\/toode\\\/sadelusega-turvasilmad\\\/\",\"name\":\"S\u00e4delusega turvasilmad - 18 mm - 10 paari | lilleliis\",\"isPartOf\":{\"@id\":\"https:\\\/\\\/www.lilleliis.com\\\/et\\\/#website\"},\"primaryImageOfPage\":{\"@id\":\"https:\\\/\\\/www.lilleliis.com\\\/et\\\/toode\\\/sadelusega-turvasilmad\\\/#primaryimage\"},\"image\":{\"@id\":\"https:\\\/\\\/www.lilleliis.com\\\/et\\\/toode\\\/sadelusega-turvasilmad\\\/#primaryimage\"},\"thumbnailUrl\":\"https:\\\/\\\/www.lilleliis.com\\\/wp-content\\\/uploads\\\/2025\\\/09\\\/sadelusega-turvasilmad-manguasjadele1.jpg\",\"datePublished\":\"2026-04-30T16:55:13+00:00\",\"dateModified\":\"2026-04-30T17:11:06+00:00\",\"description\":\"S\u00e4delusega turvasilmad m\u00e4nguasjade valmistamiseks. Komplektis on 10 paari silmi, mis suletakse t\u00f6\u00f6 sisek\u00fcljelt turvaliste kinnituskl\u00f5psudega.\",\"breadcrumb\":{\"@id\":\"https:\\\/\\\/www.lilleliis.com\\\/et\\\/toode\\\/sadelusega-turvasilmad\\\/#breadcrumb\"},\"inLanguage\":\"et\",\"potentialAction\":[{\"@type\":\"ReadAction\",\"target\":[\"https:\\\/\\\/www.lilleliis.com\\\/et\\\/toode\\\/sadelusega-turvasilmad\\\/\"]}]},{\"@type\":\"ImageObject\",\"inLanguage\":\"et\",\"@id\":\"https:\\\/\\\/www.lilleliis.com\\\/et\\\/toode\\\/sadelusega-turvasilmad\\\/#primaryimage\",\"url\":\"https:\\\/\\\/www.lilleliis.com\\\/wp-content\\\/uploads\\\/2025\\\/09\\\/sadelusega-turvasilmad-manguasjadele1.jpg\",\"contentUrl\":\"https:\\\/\\\/www.lilleliis.com\\\/wp-content\\\/uploads\\\/2025\\\/09\\\/sadelusega-turvasilmad-manguasjadele1.jpg\",\"width\":1000,\"height\":1500,\"caption\":\"s\u00e4delusega turvasilmad m\u00e4nguasjadele\"},{\"@type\":\"BreadcrumbList\",\"@id\":\"https:\\\/\\\/www.lilleliis.com\\\/et\\\/toode\\\/sadelusega-turvasilmad\\\/#breadcrumb\",\"itemListElement\":[{\"@type\":\"ListItem\",\"position\":1,\"name\":\"Home\",\"item\":\"https:\\\/\\\/www.lilleliis.com\\\/et\\\/\"},{\"@type\":\"ListItem\",\"position\":2,\"name\":\"Pood\",\"item\":\"https:\\\/\\\/www.lilleliis.com\\\/et\\\/shop\\\/\"},{\"@type\":\"ListItem\",\"position\":3,\"name\":\"S\u00e4delusega turvasilmad &#8211; 18 mm &#8211; 10 paari\"}]},{\"@type\":\"WebSite\",\"@id\":\"https:\\\/\\\/www.lilleliis.com\\\/et\\\/#website\",\"url\":\"https:\\\/\\\/www.lilleliis.com\\\/et\\\/\",\"name\":\"lilleliis\",\"description\":\"Amigurumi m\u00e4nguasjad ja mustrid\",\"potentialAction\":[{\"@type\":\"SearchAction\",\"target\":{\"@type\":\"EntryPoint\",\"urlTemplate\":\"https:\\\/\\\/www.lilleliis.com\\\/et\\\/?s={search_term_string}\"},\"query-input\":{\"@type\":\"PropertyValueSpecification\",\"valueRequired\":true,\"valueName\":\"search_term_string\"}}],\"inLanguage\":\"et\"}]}<\/script>\n<!-- \/ Yoast SEO plugin. -->","yoast_head_json":{"title":"S\u00e4delusega turvasilmad - 18 mm - 10 paari | lilleliis","description":"S\u00e4delusega turvasilmad m\u00e4nguasjade valmistamiseks. Komplektis on 10 paari silmi, mis suletakse t\u00f6\u00f6 sisek\u00fcljelt turvaliste kinnituskl\u00f5psudega.","robots":{"index":"index","follow":"follow","max-snippet":"max-snippet:-1","max-image-preview":"max-image-preview:large","max-video-preview":"max-video-preview:-1"},"canonical":"https:\/\/www.lilleliis.com\/et\/toode\/sadelusega-turvasilmad\/","og_locale":"et_EE","og_type":"article","og_title":"S\u00e4delusega turvasilmad - 18 mm - 10 paari | lilleliis","og_description":"S\u00e4delusega turvasilmad m\u00e4nguasjade valmistamiseks. Komplektis on 10 paari silmi, mis suletakse t\u00f6\u00f6 sisek\u00fcljelt turvaliste kinnituskl\u00f5psudega.","og_url":"https:\/\/www.lilleliis.com\/et\/toode\/sadelusega-turvasilmad\/","og_site_name":"lilleliis","article_publisher":"https:\/\/www.facebook.com\/lilleliis-283266335035799\/","article_modified_time":"2026-04-30T17:11:06+00:00","og_image":[{"width":1000,"height":1500,"url":"https:\/\/www.lilleliis.com\/wp-content\/uploads\/2025\/09\/sadelusega-turvasilmad-manguasjadele1.jpg","type":"image\/jpeg"}],"twitter_card":"summary_large_image","twitter_misc":{"Est. reading time":"1 minute"},"schema":{"@context":"https:\/\/schema.org","@graph":[{"@type":"WebPage","@id":"https:\/\/www.lilleliis.com\/et\/toode\/sadelusega-turvasilmad\/","url":"https:\/\/www.lilleliis.com\/et\/toode\/sadelusega-turvasilmad\/","name":"S\u00e4delusega turvasilmad - 18 mm - 10 paari | lilleliis","isPartOf":{"@id":"https:\/\/www.lilleliis.com\/et\/#website"},"primaryImageOfPage":{"@id":"https:\/\/www.lilleliis.com\/et\/toode\/sadelusega-turvasilmad\/#primaryimage"},"image":{"@id":"https:\/\/www.lilleliis.com\/et\/toode\/sadelusega-turvasilmad\/#primaryimage"},"thumbnailUrl":"https:\/\/www.lilleliis.com\/wp-content\/uploads\/2025\/09\/sadelusega-turvasilmad-manguasjadele1.jpg","datePublished":"2026-04-30T16:55:13+00:00","dateModified":"2026-04-30T17:11:06+00:00","description":"S\u00e4delusega turvasilmad m\u00e4nguasjade valmistamiseks. Komplektis on 10 paari silmi, mis suletakse t\u00f6\u00f6 sisek\u00fcljelt turvaliste kinnituskl\u00f5psudega.","breadcrumb":{"@id":"https:\/\/www.lilleliis.com\/et\/toode\/sadelusega-turvasilmad\/#breadcrumb"},"inLanguage":"et","potentialAction":[{"@type":"ReadAction","target":["https:\/\/www.lilleliis.com\/et\/toode\/sadelusega-turvasilmad\/"]}]},{"@type":"ImageObject","inLanguage":"et","@id":"https:\/\/www.lilleliis.com\/et\/toode\/sadelusega-turvasilmad\/#primaryimage","url":"https:\/\/www.lilleliis.com\/wp-content\/uploads\/2025\/09\/sadelusega-turvasilmad-manguasjadele1.jpg","contentUrl":"https:\/\/www.lilleliis.com\/wp-content\/uploads\/2025\/09\/sadelusega-turvasilmad-manguasjadele1.jpg","width":1000,"height":1500,"caption":"s\u00e4delusega turvasilmad m\u00e4nguasjadele"},{"@type":"BreadcrumbList","@id":"https:\/\/www.lilleliis.com\/et\/toode\/sadelusega-turvasilmad\/#breadcrumb","itemListElement":[{"@type":"ListItem","position":1,"name":"Home","item":"https:\/\/www.lilleliis.com\/et\/"},{"@type":"ListItem","position":2,"name":"Pood","item":"https:\/\/www.lilleliis.com\/et\/shop\/"},{"@type":"ListItem","position":3,"name":"S\u00e4delusega turvasilmad &#8211; 18 mm &#8211; 10 paari"}]},{"@type":"WebSite","@id":"https:\/\/www.lilleliis.com\/et\/#website","url":"https:\/\/www.lilleliis.com\/et\/","name":"lilleliis","description":"Amigurumi m\u00e4nguasjad ja mustrid","potentialAction":[{"@type":"SearchAction","target":{"@type":"EntryPoint","urlTemplate":"https:\/\/www.lilleliis.com\/et\/?s={search_term_string}"},"query-input":{"@type":"PropertyValueSpecification","valueRequired":true,"valueName":"search_term_string"}}],"inLanguage":"et"}]}},"_links":{"self":[{"href":"https:\/\/www.lilleliis.com\/et\/wp-json\/wp\/v2\/product\/101736","targetHints":{"allow":["GET"]}}],"collection":[{"href":"https:\/\/www.lilleliis.com\/et\/wp-json\/wp\/v2\/product"}],"about":[{"href":"https:\/\/www.lilleliis.com\/et\/wp-json\/wp\/v2\/types\/product"}],"replies":[{"embeddable":true,"href":"https:\/\/www.lilleliis.com\/et\/wp-json\/wp\/v2\/comments?post=101736"}],"wp:featuredmedia":[{"embeddable":true,"href":"https:\/\/www.lilleliis.com\/et\/wp-json\/wp\/v2\/media\/106471"}],"wp:attachment":[{"href":"https:\/\/www.lilleliis.com\/et\/wp-json\/wp\/v2\/media?parent=101736"}],"wp:term":[{"taxonomy":"product_brand","embeddable":true,"href":"https:\/\/www.lilleliis.com\/et\/wp-json\/wp\/v2\/product_brand?post=101736"},{"taxonomy":"product_cat","embeddable":true,"href":"https:\/\/www.lilleliis.com\/et\/wp-json\/wp\/v2\/product_cat?post=101736"},{"taxonomy":"product_tag","embeddable":true,"href":"https:\/\/www.lilleliis.com\/et\/wp-json\/wp\/v2\/product_tag?post=101736"}],"curies":[{"name":"wp","href":"https:\/\/api.w.org\/{rel}","templated":true}]}}