{"id":101774,"date":"2025-09-06T16:34:21","date_gmt":"2025-09-06T13:34:21","guid":{"rendered":"https:\/\/www.lilleliis.com\/?post_type=product&#038;p=101774"},"modified":"2026-02-26T17:35:12","modified_gmt":"2026-02-26T15:35:12","slug":"tikkimisnoelad","status":"publish","type":"product","link":"https:\/\/www.lilleliis.com\/et\/toode\/tikkimisnoelad\/","title":{"rendered":"Tikkimisn\u00f5elad"},"content":{"rendered":"<p data-start=\"252\" data-end=\"464\">Terava tipuga tikkimisn\u00f5el peenemateks ja t\u00e4psemateks tikkimist\u00f6\u00f6deks. Sobib eriti h\u00e4sti detailseks k\u00e4sitsi tikkimiseks, kus n\u00f5el peab liikuma kergelt ja j\u00e4tma kangasse v\u00f5imalikult v\u00e4ikese j\u00e4lje.<\/p>\n<p data-start=\"466\" data-end=\"694\">Peenelt lihvitud ots l\u00e4bib materjali sujuvalt ning sile pinnakate aitab n\u00f5elal kangast takistusteta l\u00e4bi libiseda. N\u00f5ela pikkus ja tugevus on heas tasakaalus, mis tagab hea juhitavuse &#8211; n\u00f5el ei paindu liigselt ja ei l\u00f5hu kangakiude.<\/p>\n<p data-start=\"696\" data-end=\"817\">N\u00f5ela silma suurus v\u00f5imaldab vajadusel kasutada ka veidi paksemat niiti v\u00f5i peenemat l\u00f5nga.<\/p>\n<p data-start=\"28\" data-end=\"261\">Pakis on kuus n\u00f5ela kolmes erinevas pikkuses.<\/p>\n<p data-start=\"263\" data-end=\"275\">Kasuta seda:<\/p>\n<ul data-start=\"276\" data-end=\"486\">\n<li data-start=\"276\" data-end=\"330\">peendetailide tikkimiseks<\/li>\n<li data-start=\"276\" data-end=\"330\">\n<p data-start=\"278\" data-end=\"330\">kangast v\u00f5i vildiriidest lappide \u00f5mblemiseks amigurumi m\u00e4nguasjadele<\/p>\n<\/li>\n<\/ul>\n<div class=\"is-divider divider clearfix\" ><\/div>\n<p>Materjal: n\u00f5elad on valmistatud karastatud roostevabast terasest<\/p>\n<p>M\u00f5\u00f5dud: 5 cm, 4,5 cm ja 4 cm<\/p>\n<p>Spetsifikatsioon: Nr. 18-22<\/p>\n","protected":false},"excerpt":{"rendered":"<p data-start=\"252\" data-end=\"464\">Terava tipuga tikkimisn\u00f5el peenemateks ja t\u00e4psemateks tikkimist\u00f6\u00f6deks. Sobib eriti h\u00e4sti detailseks k\u00e4sitsi tikkimiseks.\u00a0N\u00f5ela silma suurus v\u00f5imaldab vajadusel kasutada ka veidi paksemat niiti v\u00f5i peenemat l\u00f5nga.<\/p>\n","protected":false},"featured_media":101775,"comment_status":"open","ping_status":"closed","template":"","meta":[],"product_brand":[1567],"product_cat":[982,429],"product_tag":[1586],"class_list":{"0":"post-101774","1":"product","2":"type-product","3":"status-publish","4":"has-post-thumbnail","6":"product_brand-prym","7":"product_cat-heegelnoelad-ja-noelad","8":"product_cat-kasitoo-tarvikud","9":"product_tag-noelad","11":"first","12":"instock","13":"taxable","14":"shipping-taxable","15":"purchasable","16":"product-type-simple"},"yoast_head":"<!-- This site is optimized with the Yoast SEO plugin v27.3 - https:\/\/yoast.com\/product\/yoast-seo-wordpress\/ -->\n<title>Tikkimisn\u00f5el \u2013 terav tikkimisn\u00f5el k\u00e4sitsi tikkimiseks | lilleliis<\/title>\n<meta name=\"description\" content=\"Terava tipuga tikkimisn\u00f5el peeneks k\u00e4sitikkimiseks ja siiditikandiks. Libiseb kergelt l\u00e4bi kanga. Karastatud teras, erinevad suurused.\" \/>\n<meta name=\"robots\" content=\"index, follow, max-snippet:-1, max-image-preview:large, max-video-preview:-1\" \/>\n<link rel=\"canonical\" href=\"https:\/\/www.lilleliis.com\/et\/toode\/tikkimisnoelad\/\" \/>\n<meta property=\"og:locale\" content=\"et_EE\" \/>\n<meta property=\"og:type\" content=\"article\" \/>\n<meta property=\"og:title\" content=\"Tikkimisn\u00f5el \u2013 terav tikkimisn\u00f5el k\u00e4sitsi tikkimiseks | lilleliis\" \/>\n<meta property=\"og:description\" content=\"Terava tipuga tikkimisn\u00f5el peeneks k\u00e4sitikkimiseks ja siiditikandiks. Libiseb kergelt l\u00e4bi kanga. Karastatud teras, erinevad suurused.\" \/>\n<meta property=\"og:url\" content=\"https:\/\/www.lilleliis.com\/et\/toode\/tikkimisnoelad\/\" \/>\n<meta property=\"og:site_name\" content=\"lilleliis\" \/>\n<meta property=\"article:publisher\" content=\"https:\/\/www.facebook.com\/lilleliis-283266335035799\/\" \/>\n<meta property=\"article:modified_time\" content=\"2026-02-26T15:35:12+00:00\" \/>\n<meta property=\"og:image\" content=\"https:\/\/www.lilleliis.com\/wp-content\/uploads\/2025\/09\/Tikkimisnoelad-No-18-221.webp\" \/>\n\t<meta property=\"og:image:width\" content=\"1000\" \/>\n\t<meta property=\"og:image:height\" content=\"1000\" \/>\n\t<meta property=\"og:image:type\" content=\"image\/webp\" \/>\n<meta name=\"twitter:card\" content=\"summary_large_image\" \/>\n<meta name=\"twitter:label1\" content=\"Est. reading time\" \/>\n\t<meta name=\"twitter:data1\" content=\"1 minute\" \/>\n<script type=\"application\/ld+json\" class=\"yoast-schema-graph\">{\"@context\":\"https:\\\/\\\/schema.org\",\"@graph\":[{\"@type\":\"WebPage\",\"@id\":\"https:\\\/\\\/www.lilleliis.com\\\/et\\\/toode\\\/tikkimisnoelad\\\/\",\"url\":\"https:\\\/\\\/www.lilleliis.com\\\/et\\\/toode\\\/tikkimisnoelad\\\/\",\"name\":\"Tikkimisn\u00f5el \u2013 terav tikkimisn\u00f5el k\u00e4sitsi tikkimiseks | lilleliis\",\"isPartOf\":{\"@id\":\"https:\\\/\\\/www.lilleliis.com\\\/et\\\/#website\"},\"primaryImageOfPage\":{\"@id\":\"https:\\\/\\\/www.lilleliis.com\\\/et\\\/toode\\\/tikkimisnoelad\\\/#primaryimage\"},\"image\":{\"@id\":\"https:\\\/\\\/www.lilleliis.com\\\/et\\\/toode\\\/tikkimisnoelad\\\/#primaryimage\"},\"thumbnailUrl\":\"https:\\\/\\\/www.lilleliis.com\\\/wp-content\\\/uploads\\\/2025\\\/09\\\/Tikkimisnoelad-No-18-221.webp\",\"datePublished\":\"2025-09-06T13:34:21+00:00\",\"dateModified\":\"2026-02-26T15:35:12+00:00\",\"description\":\"Terava tipuga tikkimisn\u00f5el peeneks k\u00e4sitikkimiseks ja siiditikandiks. Libiseb kergelt l\u00e4bi kanga. Karastatud teras, erinevad suurused.\",\"breadcrumb\":{\"@id\":\"https:\\\/\\\/www.lilleliis.com\\\/et\\\/toode\\\/tikkimisnoelad\\\/#breadcrumb\"},\"inLanguage\":\"et\",\"potentialAction\":[{\"@type\":\"ReadAction\",\"target\":[\"https:\\\/\\\/www.lilleliis.com\\\/et\\\/toode\\\/tikkimisnoelad\\\/\"]}]},{\"@type\":\"ImageObject\",\"inLanguage\":\"et\",\"@id\":\"https:\\\/\\\/www.lilleliis.com\\\/et\\\/toode\\\/tikkimisnoelad\\\/#primaryimage\",\"url\":\"https:\\\/\\\/www.lilleliis.com\\\/wp-content\\\/uploads\\\/2025\\\/09\\\/Tikkimisnoelad-No-18-221.webp\",\"contentUrl\":\"https:\\\/\\\/www.lilleliis.com\\\/wp-content\\\/uploads\\\/2025\\\/09\\\/Tikkimisnoelad-No-18-221.webp\",\"width\":1000,\"height\":1000,\"caption\":\"Tikkimisn\u00f5elad No 18-22\"},{\"@type\":\"BreadcrumbList\",\"@id\":\"https:\\\/\\\/www.lilleliis.com\\\/et\\\/toode\\\/tikkimisnoelad\\\/#breadcrumb\",\"itemListElement\":[{\"@type\":\"ListItem\",\"position\":1,\"name\":\"Home\",\"item\":\"https:\\\/\\\/www.lilleliis.com\\\/et\\\/\"},{\"@type\":\"ListItem\",\"position\":2,\"name\":\"Pood\",\"item\":\"https:\\\/\\\/www.lilleliis.com\\\/et\\\/shop\\\/\"},{\"@type\":\"ListItem\",\"position\":3,\"name\":\"Tikkimisn\u00f5elad\"}]},{\"@type\":\"WebSite\",\"@id\":\"https:\\\/\\\/www.lilleliis.com\\\/et\\\/#website\",\"url\":\"https:\\\/\\\/www.lilleliis.com\\\/et\\\/\",\"name\":\"lilleliis\",\"description\":\"Amigurumi m\u00e4nguasjad ja mustrid\",\"potentialAction\":[{\"@type\":\"SearchAction\",\"target\":{\"@type\":\"EntryPoint\",\"urlTemplate\":\"https:\\\/\\\/www.lilleliis.com\\\/et\\\/?s={search_term_string}\"},\"query-input\":{\"@type\":\"PropertyValueSpecification\",\"valueRequired\":true,\"valueName\":\"search_term_string\"}}],\"inLanguage\":\"et\"}]}<\/script>\n<!-- \/ Yoast SEO plugin. -->","yoast_head_json":{"title":"Tikkimisn\u00f5el \u2013 terav tikkimisn\u00f5el k\u00e4sitsi tikkimiseks | lilleliis","description":"Terava tipuga tikkimisn\u00f5el peeneks k\u00e4sitikkimiseks ja siiditikandiks. Libiseb kergelt l\u00e4bi kanga. Karastatud teras, erinevad suurused.","robots":{"index":"index","follow":"follow","max-snippet":"max-snippet:-1","max-image-preview":"max-image-preview:large","max-video-preview":"max-video-preview:-1"},"canonical":"https:\/\/www.lilleliis.com\/et\/toode\/tikkimisnoelad\/","og_locale":"et_EE","og_type":"article","og_title":"Tikkimisn\u00f5el \u2013 terav tikkimisn\u00f5el k\u00e4sitsi tikkimiseks | lilleliis","og_description":"Terava tipuga tikkimisn\u00f5el peeneks k\u00e4sitikkimiseks ja siiditikandiks. Libiseb kergelt l\u00e4bi kanga. Karastatud teras, erinevad suurused.","og_url":"https:\/\/www.lilleliis.com\/et\/toode\/tikkimisnoelad\/","og_site_name":"lilleliis","article_publisher":"https:\/\/www.facebook.com\/lilleliis-283266335035799\/","article_modified_time":"2026-02-26T15:35:12+00:00","og_image":[{"width":1000,"height":1000,"url":"https:\/\/www.lilleliis.com\/wp-content\/uploads\/2025\/09\/Tikkimisnoelad-No-18-221.webp","type":"image\/webp"}],"twitter_card":"summary_large_image","twitter_misc":{"Est. reading time":"1 minute"},"schema":{"@context":"https:\/\/schema.org","@graph":[{"@type":"WebPage","@id":"https:\/\/www.lilleliis.com\/et\/toode\/tikkimisnoelad\/","url":"https:\/\/www.lilleliis.com\/et\/toode\/tikkimisnoelad\/","name":"Tikkimisn\u00f5el \u2013 terav tikkimisn\u00f5el k\u00e4sitsi tikkimiseks | lilleliis","isPartOf":{"@id":"https:\/\/www.lilleliis.com\/et\/#website"},"primaryImageOfPage":{"@id":"https:\/\/www.lilleliis.com\/et\/toode\/tikkimisnoelad\/#primaryimage"},"image":{"@id":"https:\/\/www.lilleliis.com\/et\/toode\/tikkimisnoelad\/#primaryimage"},"thumbnailUrl":"https:\/\/www.lilleliis.com\/wp-content\/uploads\/2025\/09\/Tikkimisnoelad-No-18-221.webp","datePublished":"2025-09-06T13:34:21+00:00","dateModified":"2026-02-26T15:35:12+00:00","description":"Terava tipuga tikkimisn\u00f5el peeneks k\u00e4sitikkimiseks ja siiditikandiks. Libiseb kergelt l\u00e4bi kanga. Karastatud teras, erinevad suurused.","breadcrumb":{"@id":"https:\/\/www.lilleliis.com\/et\/toode\/tikkimisnoelad\/#breadcrumb"},"inLanguage":"et","potentialAction":[{"@type":"ReadAction","target":["https:\/\/www.lilleliis.com\/et\/toode\/tikkimisnoelad\/"]}]},{"@type":"ImageObject","inLanguage":"et","@id":"https:\/\/www.lilleliis.com\/et\/toode\/tikkimisnoelad\/#primaryimage","url":"https:\/\/www.lilleliis.com\/wp-content\/uploads\/2025\/09\/Tikkimisnoelad-No-18-221.webp","contentUrl":"https:\/\/www.lilleliis.com\/wp-content\/uploads\/2025\/09\/Tikkimisnoelad-No-18-221.webp","width":1000,"height":1000,"caption":"Tikkimisn\u00f5elad No 18-22"},{"@type":"BreadcrumbList","@id":"https:\/\/www.lilleliis.com\/et\/toode\/tikkimisnoelad\/#breadcrumb","itemListElement":[{"@type":"ListItem","position":1,"name":"Home","item":"https:\/\/www.lilleliis.com\/et\/"},{"@type":"ListItem","position":2,"name":"Pood","item":"https:\/\/www.lilleliis.com\/et\/shop\/"},{"@type":"ListItem","position":3,"name":"Tikkimisn\u00f5elad"}]},{"@type":"WebSite","@id":"https:\/\/www.lilleliis.com\/et\/#website","url":"https:\/\/www.lilleliis.com\/et\/","name":"lilleliis","description":"Amigurumi m\u00e4nguasjad ja mustrid","potentialAction":[{"@type":"SearchAction","target":{"@type":"EntryPoint","urlTemplate":"https:\/\/www.lilleliis.com\/et\/?s={search_term_string}"},"query-input":{"@type":"PropertyValueSpecification","valueRequired":true,"valueName":"search_term_string"}}],"inLanguage":"et"}]}},"_links":{"self":[{"href":"https:\/\/www.lilleliis.com\/et\/wp-json\/wp\/v2\/product\/101774","targetHints":{"allow":["GET"]}}],"collection":[{"href":"https:\/\/www.lilleliis.com\/et\/wp-json\/wp\/v2\/product"}],"about":[{"href":"https:\/\/www.lilleliis.com\/et\/wp-json\/wp\/v2\/types\/product"}],"replies":[{"embeddable":true,"href":"https:\/\/www.lilleliis.com\/et\/wp-json\/wp\/v2\/comments?post=101774"}],"wp:featuredmedia":[{"embeddable":true,"href":"https:\/\/www.lilleliis.com\/et\/wp-json\/wp\/v2\/media\/101775"}],"wp:attachment":[{"href":"https:\/\/www.lilleliis.com\/et\/wp-json\/wp\/v2\/media?parent=101774"}],"wp:term":[{"taxonomy":"product_brand","embeddable":true,"href":"https:\/\/www.lilleliis.com\/et\/wp-json\/wp\/v2\/product_brand?post=101774"},{"taxonomy":"product_cat","embeddable":true,"href":"https:\/\/www.lilleliis.com\/et\/wp-json\/wp\/v2\/product_cat?post=101774"},{"taxonomy":"product_tag","embeddable":true,"href":"https:\/\/www.lilleliis.com\/et\/wp-json\/wp\/v2\/product_tag?post=101774"}],"curies":[{"name":"wp","href":"https:\/\/api.w.org\/{rel}","templated":true}]}}