{"id":101830,"date":"2026-05-01T14:16:02","date_gmt":"2026-05-01T11:16:02","guid":{"rendered":"https:\/\/www.lilleliis.com\/?post_type=product&#038;p=101830"},"modified":"2026-05-01T14:25:15","modified_gmt":"2026-05-01T11:25:15","slug":"umara-pupilliga-turvasilmad","status":"publish","type":"product","link":"https:\/\/www.lilleliis.com\/et\/toode\/umara-pupilliga-turvasilmad\/","title":{"rendered":"\u00dcmara pupilliga turvasilmad m\u00e4nguasjadele &#8211; 3D efektiga &#8211; 10 paari"},"content":{"rendered":"<h3>Suurus ja materjal<\/h3>\n<p>Suurus: 12 v\u00f5i 16 mm<\/p>\n<p>V\u00e4rv: mix<\/p>\n<p>Materjal: plastmass<\/p>\n<div class=\"is-divider divider clearfix\"><\/div>\n<h3>Kuidas turvasilmi kasutada?<\/h3>\n<p>Turvasilmade kinnitamisest saad l\u00e4hemalt lugeda <a href=\"https:\/\/www.lilleliis.com\/et\/turvasilmad-manguasjadele\/\" target=\"_blank\" rel=\"noopener\">siin<\/a>.<\/p>\n","protected":false},"excerpt":{"rendered":"<p>\u00dcmara pupilliga ja 3D efektiga urvasilmad m\u00e4nguasjadele. Komplektis on 10 paari kvaliteetseid turvasilmi koos kinnitustega.<\/p>\n<p>Sobivad heegeldatud, kootud ja \u00f5mmeldud m\u00e4nguasjade valmistamiseks.<\/p>\n<p>Silmad ise on l\u00e4bipaistvad. 3D v\u00e4rviefekt lisatakse eraldi lehekese paigaldamisega silma tagusele. Seega saab neid kasutada kahel moel \u2013 v\u00e4rvilisena v\u00f5i l\u00e4bipaistvana.<\/p>\n","protected":false},"featured_media":106500,"comment_status":"open","ping_status":"closed","template":"","meta":[],"product_brand":[],"product_cat":[429,562],"product_tag":[],"class_list":{"0":"post-101830","1":"product","2":"type-product","3":"status-publish","4":"has-post-thumbnail","6":"product_cat-kasitoo-tarvikud","7":"product_cat-turvasilmad","9":"first","10":"instock","11":"taxable","12":"shipping-taxable","13":"purchasable","14":"product-type-variable"},"yoast_head":"<!-- This site is optimized with the Yoast SEO plugin v27.3 - https:\/\/yoast.com\/product\/yoast-seo-wordpress\/ -->\n<title>\u00dcmara pupilliga turvasilmad | 3D efektiga silmad m\u00e4nguasjadele | lilleliis<\/title>\n<meta name=\"description\" content=\"\u00dcmara pupilliga ja 3D efektiga urvasilmad m\u00e4nguasjadele. Komplektis on 10 paari kvaliteetseid turvasilmi koos kinnitustega. Sobivad heegeldatud m\u00e4nguasjadele.\" \/>\n<meta name=\"robots\" content=\"index, follow, max-snippet:-1, max-image-preview:large, max-video-preview:-1\" \/>\n<link rel=\"canonical\" href=\"https:\/\/www.lilleliis.com\/et\/toode\/umara-pupilliga-turvasilmad\/\" \/>\n<meta property=\"og:locale\" content=\"et_EE\" \/>\n<meta property=\"og:type\" content=\"article\" \/>\n<meta property=\"og:title\" content=\"\u00dcmara pupilliga turvasilmad | 3D efektiga silmad m\u00e4nguasjadele | lilleliis\" \/>\n<meta property=\"og:description\" content=\"\u00dcmara pupilliga ja 3D efektiga urvasilmad m\u00e4nguasjadele. Komplektis on 10 paari kvaliteetseid turvasilmi koos kinnitustega. Sobivad heegeldatud m\u00e4nguasjadele.\" \/>\n<meta property=\"og:url\" content=\"https:\/\/www.lilleliis.com\/et\/toode\/umara-pupilliga-turvasilmad\/\" \/>\n<meta property=\"og:site_name\" content=\"lilleliis\" \/>\n<meta property=\"article:publisher\" content=\"https:\/\/www.facebook.com\/lilleliis-283266335035799\/\" \/>\n<meta property=\"article:modified_time\" content=\"2026-05-01T11:25:15+00:00\" \/>\n<meta property=\"og:image\" content=\"https:\/\/www.lilleliis.com\/wp-content\/uploads\/2025\/09\/Umara-pupilliga-turvasilmad-manguasjadele5.jpg\" \/>\n\t<meta property=\"og:image:width\" content=\"1000\" \/>\n\t<meta property=\"og:image:height\" content=\"1500\" \/>\n\t<meta property=\"og:image:type\" content=\"image\/jpeg\" \/>\n<meta name=\"twitter:card\" content=\"summary_large_image\" \/>\n<meta name=\"twitter:label1\" content=\"Est. reading time\" \/>\n\t<meta name=\"twitter:data1\" content=\"1 minute\" \/>\n<script type=\"application\/ld+json\" class=\"yoast-schema-graph\">{\"@context\":\"https:\\\/\\\/schema.org\",\"@graph\":[{\"@type\":\"WebPage\",\"@id\":\"https:\\\/\\\/www.lilleliis.com\\\/et\\\/toode\\\/umara-pupilliga-turvasilmad\\\/\",\"url\":\"https:\\\/\\\/www.lilleliis.com\\\/et\\\/toode\\\/umara-pupilliga-turvasilmad\\\/\",\"name\":\"\u00dcmara pupilliga turvasilmad | 3D efektiga silmad m\u00e4nguasjadele | lilleliis\",\"isPartOf\":{\"@id\":\"https:\\\/\\\/www.lilleliis.com\\\/et\\\/#website\"},\"primaryImageOfPage\":{\"@id\":\"https:\\\/\\\/www.lilleliis.com\\\/et\\\/toode\\\/umara-pupilliga-turvasilmad\\\/#primaryimage\"},\"image\":{\"@id\":\"https:\\\/\\\/www.lilleliis.com\\\/et\\\/toode\\\/umara-pupilliga-turvasilmad\\\/#primaryimage\"},\"thumbnailUrl\":\"https:\\\/\\\/www.lilleliis.com\\\/wp-content\\\/uploads\\\/2025\\\/09\\\/Umara-pupilliga-turvasilmad-manguasjadele5.jpg\",\"datePublished\":\"2026-05-01T11:16:02+00:00\",\"dateModified\":\"2026-05-01T11:25:15+00:00\",\"description\":\"\u00dcmara pupilliga ja 3D efektiga urvasilmad m\u00e4nguasjadele. Komplektis on 10 paari kvaliteetseid turvasilmi koos kinnitustega. Sobivad heegeldatud m\u00e4nguasjadele.\",\"breadcrumb\":{\"@id\":\"https:\\\/\\\/www.lilleliis.com\\\/et\\\/toode\\\/umara-pupilliga-turvasilmad\\\/#breadcrumb\"},\"inLanguage\":\"et\",\"potentialAction\":[{\"@type\":\"ReadAction\",\"target\":[\"https:\\\/\\\/www.lilleliis.com\\\/et\\\/toode\\\/umara-pupilliga-turvasilmad\\\/\"]}]},{\"@type\":\"ImageObject\",\"inLanguage\":\"et\",\"@id\":\"https:\\\/\\\/www.lilleliis.com\\\/et\\\/toode\\\/umara-pupilliga-turvasilmad\\\/#primaryimage\",\"url\":\"https:\\\/\\\/www.lilleliis.com\\\/wp-content\\\/uploads\\\/2025\\\/09\\\/Umara-pupilliga-turvasilmad-manguasjadele5.jpg\",\"contentUrl\":\"https:\\\/\\\/www.lilleliis.com\\\/wp-content\\\/uploads\\\/2025\\\/09\\\/Umara-pupilliga-turvasilmad-manguasjadele5.jpg\",\"width\":1000,\"height\":1500,\"caption\":\"\u00dcmara pupilliga turvasilmad m\u00e4nguasjadele\"},{\"@type\":\"BreadcrumbList\",\"@id\":\"https:\\\/\\\/www.lilleliis.com\\\/et\\\/toode\\\/umara-pupilliga-turvasilmad\\\/#breadcrumb\",\"itemListElement\":[{\"@type\":\"ListItem\",\"position\":1,\"name\":\"Home\",\"item\":\"https:\\\/\\\/www.lilleliis.com\\\/et\\\/\"},{\"@type\":\"ListItem\",\"position\":2,\"name\":\"Pood\",\"item\":\"https:\\\/\\\/www.lilleliis.com\\\/et\\\/shop\\\/\"},{\"@type\":\"ListItem\",\"position\":3,\"name\":\"\u00dcmara pupilliga turvasilmad m\u00e4nguasjadele &#8211; 3D efektiga &#8211; 10 paari\"}]},{\"@type\":\"WebSite\",\"@id\":\"https:\\\/\\\/www.lilleliis.com\\\/et\\\/#website\",\"url\":\"https:\\\/\\\/www.lilleliis.com\\\/et\\\/\",\"name\":\"lilleliis\",\"description\":\"Amigurumi m\u00e4nguasjad ja mustrid\",\"potentialAction\":[{\"@type\":\"SearchAction\",\"target\":{\"@type\":\"EntryPoint\",\"urlTemplate\":\"https:\\\/\\\/www.lilleliis.com\\\/et\\\/?s={search_term_string}\"},\"query-input\":{\"@type\":\"PropertyValueSpecification\",\"valueRequired\":true,\"valueName\":\"search_term_string\"}}],\"inLanguage\":\"et\"}]}<\/script>\n<!-- \/ Yoast SEO plugin. -->","yoast_head_json":{"title":"\u00dcmara pupilliga turvasilmad | 3D efektiga silmad m\u00e4nguasjadele | lilleliis","description":"\u00dcmara pupilliga ja 3D efektiga urvasilmad m\u00e4nguasjadele. Komplektis on 10 paari kvaliteetseid turvasilmi koos kinnitustega. Sobivad heegeldatud m\u00e4nguasjadele.","robots":{"index":"index","follow":"follow","max-snippet":"max-snippet:-1","max-image-preview":"max-image-preview:large","max-video-preview":"max-video-preview:-1"},"canonical":"https:\/\/www.lilleliis.com\/et\/toode\/umara-pupilliga-turvasilmad\/","og_locale":"et_EE","og_type":"article","og_title":"\u00dcmara pupilliga turvasilmad | 3D efektiga silmad m\u00e4nguasjadele | lilleliis","og_description":"\u00dcmara pupilliga ja 3D efektiga urvasilmad m\u00e4nguasjadele. Komplektis on 10 paari kvaliteetseid turvasilmi koos kinnitustega. Sobivad heegeldatud m\u00e4nguasjadele.","og_url":"https:\/\/www.lilleliis.com\/et\/toode\/umara-pupilliga-turvasilmad\/","og_site_name":"lilleliis","article_publisher":"https:\/\/www.facebook.com\/lilleliis-283266335035799\/","article_modified_time":"2026-05-01T11:25:15+00:00","og_image":[{"width":1000,"height":1500,"url":"https:\/\/www.lilleliis.com\/wp-content\/uploads\/2025\/09\/Umara-pupilliga-turvasilmad-manguasjadele5.jpg","type":"image\/jpeg"}],"twitter_card":"summary_large_image","twitter_misc":{"Est. reading time":"1 minute"},"schema":{"@context":"https:\/\/schema.org","@graph":[{"@type":"WebPage","@id":"https:\/\/www.lilleliis.com\/et\/toode\/umara-pupilliga-turvasilmad\/","url":"https:\/\/www.lilleliis.com\/et\/toode\/umara-pupilliga-turvasilmad\/","name":"\u00dcmara pupilliga turvasilmad | 3D efektiga silmad m\u00e4nguasjadele | lilleliis","isPartOf":{"@id":"https:\/\/www.lilleliis.com\/et\/#website"},"primaryImageOfPage":{"@id":"https:\/\/www.lilleliis.com\/et\/toode\/umara-pupilliga-turvasilmad\/#primaryimage"},"image":{"@id":"https:\/\/www.lilleliis.com\/et\/toode\/umara-pupilliga-turvasilmad\/#primaryimage"},"thumbnailUrl":"https:\/\/www.lilleliis.com\/wp-content\/uploads\/2025\/09\/Umara-pupilliga-turvasilmad-manguasjadele5.jpg","datePublished":"2026-05-01T11:16:02+00:00","dateModified":"2026-05-01T11:25:15+00:00","description":"\u00dcmara pupilliga ja 3D efektiga urvasilmad m\u00e4nguasjadele. Komplektis on 10 paari kvaliteetseid turvasilmi koos kinnitustega. Sobivad heegeldatud m\u00e4nguasjadele.","breadcrumb":{"@id":"https:\/\/www.lilleliis.com\/et\/toode\/umara-pupilliga-turvasilmad\/#breadcrumb"},"inLanguage":"et","potentialAction":[{"@type":"ReadAction","target":["https:\/\/www.lilleliis.com\/et\/toode\/umara-pupilliga-turvasilmad\/"]}]},{"@type":"ImageObject","inLanguage":"et","@id":"https:\/\/www.lilleliis.com\/et\/toode\/umara-pupilliga-turvasilmad\/#primaryimage","url":"https:\/\/www.lilleliis.com\/wp-content\/uploads\/2025\/09\/Umara-pupilliga-turvasilmad-manguasjadele5.jpg","contentUrl":"https:\/\/www.lilleliis.com\/wp-content\/uploads\/2025\/09\/Umara-pupilliga-turvasilmad-manguasjadele5.jpg","width":1000,"height":1500,"caption":"\u00dcmara pupilliga turvasilmad m\u00e4nguasjadele"},{"@type":"BreadcrumbList","@id":"https:\/\/www.lilleliis.com\/et\/toode\/umara-pupilliga-turvasilmad\/#breadcrumb","itemListElement":[{"@type":"ListItem","position":1,"name":"Home","item":"https:\/\/www.lilleliis.com\/et\/"},{"@type":"ListItem","position":2,"name":"Pood","item":"https:\/\/www.lilleliis.com\/et\/shop\/"},{"@type":"ListItem","position":3,"name":"\u00dcmara pupilliga turvasilmad m\u00e4nguasjadele &#8211; 3D efektiga &#8211; 10 paari"}]},{"@type":"WebSite","@id":"https:\/\/www.lilleliis.com\/et\/#website","url":"https:\/\/www.lilleliis.com\/et\/","name":"lilleliis","description":"Amigurumi m\u00e4nguasjad ja mustrid","potentialAction":[{"@type":"SearchAction","target":{"@type":"EntryPoint","urlTemplate":"https:\/\/www.lilleliis.com\/et\/?s={search_term_string}"},"query-input":{"@type":"PropertyValueSpecification","valueRequired":true,"valueName":"search_term_string"}}],"inLanguage":"et"}]}},"_links":{"self":[{"href":"https:\/\/www.lilleliis.com\/et\/wp-json\/wp\/v2\/product\/101830","targetHints":{"allow":["GET"]}}],"collection":[{"href":"https:\/\/www.lilleliis.com\/et\/wp-json\/wp\/v2\/product"}],"about":[{"href":"https:\/\/www.lilleliis.com\/et\/wp-json\/wp\/v2\/types\/product"}],"replies":[{"embeddable":true,"href":"https:\/\/www.lilleliis.com\/et\/wp-json\/wp\/v2\/comments?post=101830"}],"wp:featuredmedia":[{"embeddable":true,"href":"https:\/\/www.lilleliis.com\/et\/wp-json\/wp\/v2\/media\/106500"}],"wp:attachment":[{"href":"https:\/\/www.lilleliis.com\/et\/wp-json\/wp\/v2\/media?parent=101830"}],"wp:term":[{"taxonomy":"product_brand","embeddable":true,"href":"https:\/\/www.lilleliis.com\/et\/wp-json\/wp\/v2\/product_brand?post=101830"},{"taxonomy":"product_cat","embeddable":true,"href":"https:\/\/www.lilleliis.com\/et\/wp-json\/wp\/v2\/product_cat?post=101830"},{"taxonomy":"product_tag","embeddable":true,"href":"https:\/\/www.lilleliis.com\/et\/wp-json\/wp\/v2\/product_tag?post=101830"}],"curies":[{"name":"wp","href":"https:\/\/api.w.org\/{rel}","templated":true}]}}