{"id":102241,"date":"2025-10-02T09:20:26","date_gmt":"2025-10-02T06:20:26","guid":{"rendered":"https:\/\/www.lilleliis.com\/?post_type=product&#038;p=102241"},"modified":"2026-01-08T12:56:43","modified_gmt":"2026-01-08T10:56:43","slug":"heegeldatud-montessori-korin","status":"publish","type":"product","link":"https:\/\/www.lilleliis.com\/et\/toode\/heegeldatud-montessori-korin\/","title":{"rendered":"Heegeldatud Montessori k\u00f5rin kuu"},"content":{"rendered":null,"protected":false},"excerpt":{"rendered":"<p>Heegeldatud Montessori k\u00f5rin kuu on ilus ja teadlik kingitus beebile.<\/p>\n<p>Esimestel elun\u00e4dalatel tajuvad beebid pigem kontraste kui v\u00e4rve. Just selle p\u00e4rast sobivad Montessori meetodi j\u00e4rgi must-valged ja tugevate kontrastidega m\u00e4nguasjad beebidele esimesteks elun\u00e4dalateks k\u00f5ige paremini.<\/p>\n<p>Kuu k\u00f5rinat on mugav puidust r\u00f5ngast haarata ja kuu nurka endale suhu toppida. K\u00f5riseb mahedalt, et beebi t\u00e4helepanu \u00e4ratada, kuid mitte teda liialt ehmatada. K\u00f5rinale annab garantii meie pereliige Paula, kes on sellega m\u00e4nginud esimestest kuudest alates.<\/p>\n<p>M\u00e4nguasi on valmistatud beebi \u00f5rnale nahale sobivast orgaanilisest puuvillasest l\u00f5ngast. T\u00e4iteks olen kasutanud allergiavaba pol\u00fcester kerakiudu.<\/p>\n<p>Autorit\u00f6\u00f6. Disainitud ja k\u00e4sitsi valmistatud meie oma v\u00e4ikeses Eestis.<\/p>\n<div class=\"is-divider divider clearfix\" style=\"max-width:100%;\"><\/div>\n<p>Materjal:<\/p>\n<ul>\n<li>100% puuvill (orgaaniline ehk mahekasvatatud)<\/li>\n<li>pol\u00fcester kerakiud t\u00e4idis<\/li>\n<li>pesukindel plastmassist k\u00f5risti<\/li>\n<li>puidust r\u00f5ngas<\/li>\n<\/ul>\n<p>Suurus: 15 sentimeetrit<\/p>\n<div class=\"is-divider divider clearfix\" style=\"max-width:100%;\"><\/div>\n<p>Olen teinud oma parima, et m\u00e4nguasi oleks beebile turvaline, sellele vaatamata soovitan last m\u00e4ngimisel ajal mitte omapead j\u00e4tta.<\/p>\n","protected":false},"featured_media":102245,"comment_status":"open","ping_status":"closed","template":"","meta":[],"product_brand":[],"product_cat":[155],"product_tag":[123,1518,377],"class_list":{"0":"post-102241","1":"product","2":"type-product","3":"status-publish","4":"has-post-thumbnail","6":"product_cat-heegeldatud-manguasjad","7":"product_tag-beebidele","8":"product_tag-montessori","9":"product_tag-puuvillast-manguasjad","10":"pa_color-must","11":"pa_color-valge","13":"first","14":"instock","15":"taxable","16":"shipping-taxable","17":"purchasable","18":"product-type-variable"},"yoast_head":"<!-- This site is optimized with the Yoast SEO plugin v27.3 - https:\/\/yoast.com\/product\/yoast-seo-wordpress\/ -->\n<title>Heegeldatud Montessori k\u00f5rin kuu | K\u00e4sit\u00f6\u00f6 kingitus | lilleliis<\/title>\n<meta name=\"description\" content=\"Heegeldatud Montessori k\u00f5rin kuu on ilus ja teadlik kingitus beebile. Must-valget m\u00e4nguasja on beebi silmadel hea haarata. K\u00f5riseb mahedalt.\" \/>\n<meta name=\"robots\" content=\"index, follow, max-snippet:-1, max-image-preview:large, max-video-preview:-1\" \/>\n<link rel=\"canonical\" href=\"https:\/\/www.lilleliis.com\/et\/toode\/heegeldatud-montessori-korin\/\" \/>\n<meta property=\"og:locale\" content=\"et_EE\" \/>\n<meta property=\"og:type\" content=\"article\" \/>\n<meta property=\"og:title\" content=\"Heegeldatud Montessori k\u00f5rin kuu | K\u00e4sit\u00f6\u00f6 kingitus | lilleliis\" \/>\n<meta property=\"og:description\" content=\"Heegeldatud Montessori k\u00f5rin kuu on ilus ja teadlik kingitus beebile. Must-valget m\u00e4nguasja on beebi silmadel hea haarata. K\u00f5riseb mahedalt.\" \/>\n<meta property=\"og:url\" content=\"https:\/\/www.lilleliis.com\/et\/toode\/heegeldatud-montessori-korin\/\" \/>\n<meta property=\"og:site_name\" content=\"lilleliis\" \/>\n<meta property=\"article:publisher\" content=\"https:\/\/www.facebook.com\/lilleliis-283266335035799\/\" \/>\n<meta property=\"article:modified_time\" content=\"2026-01-08T10:56:43+00:00\" \/>\n<meta property=\"og:image\" content=\"https:\/\/www.lilleliis.com\/wp-content\/uploads\/2025\/10\/heegeldatud-montessori-korin-kuu2.jpg\" \/>\n\t<meta property=\"og:image:width\" content=\"1000\" \/>\n\t<meta property=\"og:image:height\" content=\"1500\" \/>\n\t<meta property=\"og:image:type\" content=\"image\/jpeg\" \/>\n<meta name=\"twitter:card\" content=\"summary_large_image\" \/>\n<meta name=\"twitter:label1\" content=\"Est. reading time\" \/>\n\t<meta name=\"twitter:data1\" content=\"1 minute\" \/>\n<script type=\"application\/ld+json\" class=\"yoast-schema-graph\">{\"@context\":\"https:\\\/\\\/schema.org\",\"@graph\":[{\"@type\":\"WebPage\",\"@id\":\"https:\\\/\\\/www.lilleliis.com\\\/et\\\/toode\\\/heegeldatud-montessori-korin\\\/\",\"url\":\"https:\\\/\\\/www.lilleliis.com\\\/et\\\/toode\\\/heegeldatud-montessori-korin\\\/\",\"name\":\"Heegeldatud Montessori k\u00f5rin kuu | K\u00e4sit\u00f6\u00f6 kingitus | lilleliis\",\"isPartOf\":{\"@id\":\"https:\\\/\\\/www.lilleliis.com\\\/et\\\/#website\"},\"primaryImageOfPage\":{\"@id\":\"https:\\\/\\\/www.lilleliis.com\\\/et\\\/toode\\\/heegeldatud-montessori-korin\\\/#primaryimage\"},\"image\":{\"@id\":\"https:\\\/\\\/www.lilleliis.com\\\/et\\\/toode\\\/heegeldatud-montessori-korin\\\/#primaryimage\"},\"thumbnailUrl\":\"https:\\\/\\\/www.lilleliis.com\\\/wp-content\\\/uploads\\\/2025\\\/10\\\/heegeldatud-montessori-korin-kuu2.jpg\",\"datePublished\":\"2025-10-02T06:20:26+00:00\",\"dateModified\":\"2026-01-08T10:56:43+00:00\",\"description\":\"Heegeldatud Montessori k\u00f5rin kuu on ilus ja teadlik kingitus beebile. Must-valget m\u00e4nguasja on beebi silmadel hea haarata. K\u00f5riseb mahedalt.\",\"breadcrumb\":{\"@id\":\"https:\\\/\\\/www.lilleliis.com\\\/et\\\/toode\\\/heegeldatud-montessori-korin\\\/#breadcrumb\"},\"inLanguage\":\"et\",\"potentialAction\":[{\"@type\":\"ReadAction\",\"target\":[\"https:\\\/\\\/www.lilleliis.com\\\/et\\\/toode\\\/heegeldatud-montessori-korin\\\/\"]}]},{\"@type\":\"ImageObject\",\"inLanguage\":\"et\",\"@id\":\"https:\\\/\\\/www.lilleliis.com\\\/et\\\/toode\\\/heegeldatud-montessori-korin\\\/#primaryimage\",\"url\":\"https:\\\/\\\/www.lilleliis.com\\\/wp-content\\\/uploads\\\/2025\\\/10\\\/heegeldatud-montessori-korin-kuu2.jpg\",\"contentUrl\":\"https:\\\/\\\/www.lilleliis.com\\\/wp-content\\\/uploads\\\/2025\\\/10\\\/heegeldatud-montessori-korin-kuu2.jpg\",\"width\":1000,\"height\":1500,\"caption\":\"heegeldatud montessori k\u00f5rin kuu\"},{\"@type\":\"BreadcrumbList\",\"@id\":\"https:\\\/\\\/www.lilleliis.com\\\/et\\\/toode\\\/heegeldatud-montessori-korin\\\/#breadcrumb\",\"itemListElement\":[{\"@type\":\"ListItem\",\"position\":1,\"name\":\"Home\",\"item\":\"https:\\\/\\\/www.lilleliis.com\\\/et\\\/\"},{\"@type\":\"ListItem\",\"position\":2,\"name\":\"Pood\",\"item\":\"https:\\\/\\\/www.lilleliis.com\\\/et\\\/shop\\\/\"},{\"@type\":\"ListItem\",\"position\":3,\"name\":\"Heegeldatud Montessori k\u00f5rin kuu\"}]},{\"@type\":\"WebSite\",\"@id\":\"https:\\\/\\\/www.lilleliis.com\\\/et\\\/#website\",\"url\":\"https:\\\/\\\/www.lilleliis.com\\\/et\\\/\",\"name\":\"lilleliis\",\"description\":\"Amigurumi m\u00e4nguasjad ja mustrid\",\"potentialAction\":[{\"@type\":\"SearchAction\",\"target\":{\"@type\":\"EntryPoint\",\"urlTemplate\":\"https:\\\/\\\/www.lilleliis.com\\\/et\\\/?s={search_term_string}\"},\"query-input\":{\"@type\":\"PropertyValueSpecification\",\"valueRequired\":true,\"valueName\":\"search_term_string\"}}],\"inLanguage\":\"et\"}]}<\/script>\n<!-- \/ Yoast SEO plugin. -->","yoast_head_json":{"title":"Heegeldatud Montessori k\u00f5rin kuu | K\u00e4sit\u00f6\u00f6 kingitus | lilleliis","description":"Heegeldatud Montessori k\u00f5rin kuu on ilus ja teadlik kingitus beebile. Must-valget m\u00e4nguasja on beebi silmadel hea haarata. K\u00f5riseb mahedalt.","robots":{"index":"index","follow":"follow","max-snippet":"max-snippet:-1","max-image-preview":"max-image-preview:large","max-video-preview":"max-video-preview:-1"},"canonical":"https:\/\/www.lilleliis.com\/et\/toode\/heegeldatud-montessori-korin\/","og_locale":"et_EE","og_type":"article","og_title":"Heegeldatud Montessori k\u00f5rin kuu | K\u00e4sit\u00f6\u00f6 kingitus | lilleliis","og_description":"Heegeldatud Montessori k\u00f5rin kuu on ilus ja teadlik kingitus beebile. Must-valget m\u00e4nguasja on beebi silmadel hea haarata. K\u00f5riseb mahedalt.","og_url":"https:\/\/www.lilleliis.com\/et\/toode\/heegeldatud-montessori-korin\/","og_site_name":"lilleliis","article_publisher":"https:\/\/www.facebook.com\/lilleliis-283266335035799\/","article_modified_time":"2026-01-08T10:56:43+00:00","og_image":[{"width":1000,"height":1500,"url":"https:\/\/www.lilleliis.com\/wp-content\/uploads\/2025\/10\/heegeldatud-montessori-korin-kuu2.jpg","type":"image\/jpeg"}],"twitter_card":"summary_large_image","twitter_misc":{"Est. reading time":"1 minute"},"schema":{"@context":"https:\/\/schema.org","@graph":[{"@type":"WebPage","@id":"https:\/\/www.lilleliis.com\/et\/toode\/heegeldatud-montessori-korin\/","url":"https:\/\/www.lilleliis.com\/et\/toode\/heegeldatud-montessori-korin\/","name":"Heegeldatud Montessori k\u00f5rin kuu | K\u00e4sit\u00f6\u00f6 kingitus | lilleliis","isPartOf":{"@id":"https:\/\/www.lilleliis.com\/et\/#website"},"primaryImageOfPage":{"@id":"https:\/\/www.lilleliis.com\/et\/toode\/heegeldatud-montessori-korin\/#primaryimage"},"image":{"@id":"https:\/\/www.lilleliis.com\/et\/toode\/heegeldatud-montessori-korin\/#primaryimage"},"thumbnailUrl":"https:\/\/www.lilleliis.com\/wp-content\/uploads\/2025\/10\/heegeldatud-montessori-korin-kuu2.jpg","datePublished":"2025-10-02T06:20:26+00:00","dateModified":"2026-01-08T10:56:43+00:00","description":"Heegeldatud Montessori k\u00f5rin kuu on ilus ja teadlik kingitus beebile. Must-valget m\u00e4nguasja on beebi silmadel hea haarata. K\u00f5riseb mahedalt.","breadcrumb":{"@id":"https:\/\/www.lilleliis.com\/et\/toode\/heegeldatud-montessori-korin\/#breadcrumb"},"inLanguage":"et","potentialAction":[{"@type":"ReadAction","target":["https:\/\/www.lilleliis.com\/et\/toode\/heegeldatud-montessori-korin\/"]}]},{"@type":"ImageObject","inLanguage":"et","@id":"https:\/\/www.lilleliis.com\/et\/toode\/heegeldatud-montessori-korin\/#primaryimage","url":"https:\/\/www.lilleliis.com\/wp-content\/uploads\/2025\/10\/heegeldatud-montessori-korin-kuu2.jpg","contentUrl":"https:\/\/www.lilleliis.com\/wp-content\/uploads\/2025\/10\/heegeldatud-montessori-korin-kuu2.jpg","width":1000,"height":1500,"caption":"heegeldatud montessori k\u00f5rin kuu"},{"@type":"BreadcrumbList","@id":"https:\/\/www.lilleliis.com\/et\/toode\/heegeldatud-montessori-korin\/#breadcrumb","itemListElement":[{"@type":"ListItem","position":1,"name":"Home","item":"https:\/\/www.lilleliis.com\/et\/"},{"@type":"ListItem","position":2,"name":"Pood","item":"https:\/\/www.lilleliis.com\/et\/shop\/"},{"@type":"ListItem","position":3,"name":"Heegeldatud Montessori k\u00f5rin kuu"}]},{"@type":"WebSite","@id":"https:\/\/www.lilleliis.com\/et\/#website","url":"https:\/\/www.lilleliis.com\/et\/","name":"lilleliis","description":"Amigurumi m\u00e4nguasjad ja mustrid","potentialAction":[{"@type":"SearchAction","target":{"@type":"EntryPoint","urlTemplate":"https:\/\/www.lilleliis.com\/et\/?s={search_term_string}"},"query-input":{"@type":"PropertyValueSpecification","valueRequired":true,"valueName":"search_term_string"}}],"inLanguage":"et"}]}},"_links":{"self":[{"href":"https:\/\/www.lilleliis.com\/et\/wp-json\/wp\/v2\/product\/102241","targetHints":{"allow":["GET"]}}],"collection":[{"href":"https:\/\/www.lilleliis.com\/et\/wp-json\/wp\/v2\/product"}],"about":[{"href":"https:\/\/www.lilleliis.com\/et\/wp-json\/wp\/v2\/types\/product"}],"replies":[{"embeddable":true,"href":"https:\/\/www.lilleliis.com\/et\/wp-json\/wp\/v2\/comments?post=102241"}],"wp:featuredmedia":[{"embeddable":true,"href":"https:\/\/www.lilleliis.com\/et\/wp-json\/wp\/v2\/media\/102245"}],"wp:attachment":[{"href":"https:\/\/www.lilleliis.com\/et\/wp-json\/wp\/v2\/media?parent=102241"}],"wp:term":[{"taxonomy":"product_brand","embeddable":true,"href":"https:\/\/www.lilleliis.com\/et\/wp-json\/wp\/v2\/product_brand?post=102241"},{"taxonomy":"product_cat","embeddable":true,"href":"https:\/\/www.lilleliis.com\/et\/wp-json\/wp\/v2\/product_cat?post=102241"},{"taxonomy":"product_tag","embeddable":true,"href":"https:\/\/www.lilleliis.com\/et\/wp-json\/wp\/v2\/product_tag?post=102241"}],"curies":[{"name":"wp","href":"https:\/\/api.w.org\/{rel}","templated":true}]}}