{"id":102294,"date":"2025-10-02T14:15:16","date_gmt":"2025-10-02T11:15:16","guid":{"rendered":"https:\/\/www.lilleliis.com\/?post_type=product&#038;p=102294"},"modified":"2026-01-08T12:56:18","modified_gmt":"2026-01-08T10:56:18","slug":"heegeldatud-nukk-3","status":"publish","type":"product","link":"https:\/\/www.lilleliis.com\/et\/toode\/heegeldatud-nukk-3\/","title":{"rendered":"Heegeldatud nukk &#8211; nutubeebi"},"content":{"rendered":null,"protected":false},"excerpt":{"rendered":"<p>Nutubeebi on armas heegeldatud nukk kingituseks titale v\u00f5i m\u00e4ngimiseks v\u00e4ikelapsele. Nukul on suured roosad vildiriidest p\u00f5sed ja jalga heegeldatud p\u00fcksm\u00e4hkmed. Nukk on istuvas asendis.<\/p>\n<p>Nutubeebi on \u00e4sja nutnud &#8211; tema suunurgad on \u00f5nnetult allapoole ja n\u00e4ol on pisarate j\u00e4rjed. Nuku abil saab \u00f5petada last emotsioone tundma. K\u00f5igil on vahel tuju kurb ja nutt v\u00f5ib peale tulla.<\/p>\n<p>Heegeldatud pehmest ja nahas\u00f5bralikust puuvillasest l\u00f5ngast. T\u00e4iteks allergiavaba kerakiud.<\/p>\n<p>Autorit\u00f6\u00f6. Disainitud ja k\u00e4sitsi valmistatud meie oma v\u00e4ikeses Eestis.<\/p>\n<div class=\"is-divider divider clearfix\" style=\"max-width:100%;\"><\/div>\n<p>Materjal:<\/p>\n<ul>\n<li>l\u00f5ng &#8211; 100% puuvill<\/li>\n<li>pol\u00fcester kerakiud t\u00e4idis<\/li>\n<li>turvasilmad<\/li>\n<li>vildiriie<\/li>\n<\/ul>\n<p>V\u00e4rv: bee\u017e, valge<\/p>\n<p>Pikkus: 16 sentimeetrit<\/p>\n<div class=\"is-divider divider clearfix\" style=\"max-width:100%;\"><\/div>\n<p>M\u00e4nguasjal on kasutatud on pisidetaile (turvasilmad). Ole ettevaatlik, kui annad seda m\u00e4ngimiseks v\u00e4ga v\u00e4ikesele lapsele.<\/p>\n","protected":false},"featured_media":102272,"comment_status":"open","ping_status":"closed","template":"","meta":[],"product_brand":[],"product_cat":[155],"product_tag":[123,377],"class_list":{"0":"post-102294","1":"product","2":"type-product","3":"status-publish","4":"has-post-thumbnail","6":"product_cat-heegeldatud-manguasjad","7":"product_tag-beebidele","8":"product_tag-puuvillast-manguasjad","10":"first","11":"instock","12":"taxable","13":"shipping-taxable","14":"purchasable","15":"product-type-simple"},"yoast_head":"<!-- This site is optimized with the Yoast SEO plugin v27.3 - https:\/\/yoast.com\/product\/yoast-seo-wordpress\/ -->\n<title>Heegeldatud nukk - nutubeebi | lilleliis<\/title>\n<meta name=\"description\" content=\"Heegeldatud nutubeebi on armas kingitus v\u00e4ikelapsele. Nuku abil saab \u00f5petada last emotsioone tundma. K\u00f5igil on vahel tuju kurb ja nutt v\u00f5ib peale tulla.\" \/>\n<meta name=\"robots\" content=\"index, follow, max-snippet:-1, max-image-preview:large, max-video-preview:-1\" \/>\n<link rel=\"canonical\" href=\"https:\/\/www.lilleliis.com\/et\/toode\/heegeldatud-nukk-3\/\" \/>\n<meta property=\"og:locale\" content=\"et_EE\" \/>\n<meta property=\"og:type\" content=\"article\" \/>\n<meta property=\"og:title\" content=\"Heegeldatud nukk - nutubeebi | lilleliis\" \/>\n<meta property=\"og:description\" content=\"Heegeldatud nutubeebi on armas kingitus v\u00e4ikelapsele. Nuku abil saab \u00f5petada last emotsioone tundma. K\u00f5igil on vahel tuju kurb ja nutt v\u00f5ib peale tulla.\" \/>\n<meta property=\"og:url\" content=\"https:\/\/www.lilleliis.com\/et\/toode\/heegeldatud-nukk-3\/\" \/>\n<meta property=\"og:site_name\" content=\"lilleliis\" \/>\n<meta property=\"article:publisher\" content=\"https:\/\/www.facebook.com\/lilleliis-283266335035799\/\" \/>\n<meta property=\"article:modified_time\" content=\"2026-01-08T10:56:18+00:00\" \/>\n<meta property=\"og:image\" content=\"https:\/\/www.lilleliis.com\/wp-content\/uploads\/2025\/10\/heegeldatud-beebi8.jpg\" \/>\n\t<meta property=\"og:image:width\" content=\"1000\" \/>\n\t<meta property=\"og:image:height\" content=\"1500\" \/>\n\t<meta property=\"og:image:type\" content=\"image\/jpeg\" \/>\n<meta name=\"twitter:card\" content=\"summary_large_image\" \/>\n<meta name=\"twitter:label1\" content=\"Est. reading time\" \/>\n\t<meta name=\"twitter:data1\" content=\"1 minute\" \/>\n<script type=\"application\/ld+json\" class=\"yoast-schema-graph\">{\"@context\":\"https:\\\/\\\/schema.org\",\"@graph\":[{\"@type\":\"WebPage\",\"@id\":\"https:\\\/\\\/www.lilleliis.com\\\/et\\\/toode\\\/heegeldatud-nukk-3\\\/\",\"url\":\"https:\\\/\\\/www.lilleliis.com\\\/et\\\/toode\\\/heegeldatud-nukk-3\\\/\",\"name\":\"Heegeldatud nukk - nutubeebi | lilleliis\",\"isPartOf\":{\"@id\":\"https:\\\/\\\/www.lilleliis.com\\\/et\\\/#website\"},\"primaryImageOfPage\":{\"@id\":\"https:\\\/\\\/www.lilleliis.com\\\/et\\\/toode\\\/heegeldatud-nukk-3\\\/#primaryimage\"},\"image\":{\"@id\":\"https:\\\/\\\/www.lilleliis.com\\\/et\\\/toode\\\/heegeldatud-nukk-3\\\/#primaryimage\"},\"thumbnailUrl\":\"https:\\\/\\\/www.lilleliis.com\\\/wp-content\\\/uploads\\\/2025\\\/10\\\/heegeldatud-beebi8.jpg\",\"datePublished\":\"2025-10-02T11:15:16+00:00\",\"dateModified\":\"2026-01-08T10:56:18+00:00\",\"description\":\"Heegeldatud nutubeebi on armas kingitus v\u00e4ikelapsele. Nuku abil saab \u00f5petada last emotsioone tundma. K\u00f5igil on vahel tuju kurb ja nutt v\u00f5ib peale tulla.\",\"breadcrumb\":{\"@id\":\"https:\\\/\\\/www.lilleliis.com\\\/et\\\/toode\\\/heegeldatud-nukk-3\\\/#breadcrumb\"},\"inLanguage\":\"et\",\"potentialAction\":[{\"@type\":\"ReadAction\",\"target\":[\"https:\\\/\\\/www.lilleliis.com\\\/et\\\/toode\\\/heegeldatud-nukk-3\\\/\"]}]},{\"@type\":\"ImageObject\",\"inLanguage\":\"et\",\"@id\":\"https:\\\/\\\/www.lilleliis.com\\\/et\\\/toode\\\/heegeldatud-nukk-3\\\/#primaryimage\",\"url\":\"https:\\\/\\\/www.lilleliis.com\\\/wp-content\\\/uploads\\\/2025\\\/10\\\/heegeldatud-beebi8.jpg\",\"contentUrl\":\"https:\\\/\\\/www.lilleliis.com\\\/wp-content\\\/uploads\\\/2025\\\/10\\\/heegeldatud-beebi8.jpg\",\"width\":1000,\"height\":1500,\"caption\":\"heegeldatud nutubeebi\"},{\"@type\":\"BreadcrumbList\",\"@id\":\"https:\\\/\\\/www.lilleliis.com\\\/et\\\/toode\\\/heegeldatud-nukk-3\\\/#breadcrumb\",\"itemListElement\":[{\"@type\":\"ListItem\",\"position\":1,\"name\":\"Home\",\"item\":\"https:\\\/\\\/www.lilleliis.com\\\/et\\\/\"},{\"@type\":\"ListItem\",\"position\":2,\"name\":\"Pood\",\"item\":\"https:\\\/\\\/www.lilleliis.com\\\/et\\\/shop\\\/\"},{\"@type\":\"ListItem\",\"position\":3,\"name\":\"Heegeldatud nukk &#8211; nutubeebi\"}]},{\"@type\":\"WebSite\",\"@id\":\"https:\\\/\\\/www.lilleliis.com\\\/et\\\/#website\",\"url\":\"https:\\\/\\\/www.lilleliis.com\\\/et\\\/\",\"name\":\"lilleliis\",\"description\":\"Amigurumi m\u00e4nguasjad ja mustrid\",\"potentialAction\":[{\"@type\":\"SearchAction\",\"target\":{\"@type\":\"EntryPoint\",\"urlTemplate\":\"https:\\\/\\\/www.lilleliis.com\\\/et\\\/?s={search_term_string}\"},\"query-input\":{\"@type\":\"PropertyValueSpecification\",\"valueRequired\":true,\"valueName\":\"search_term_string\"}}],\"inLanguage\":\"et\"}]}<\/script>\n<!-- \/ Yoast SEO plugin. -->","yoast_head_json":{"title":"Heegeldatud nukk - nutubeebi | lilleliis","description":"Heegeldatud nutubeebi on armas kingitus v\u00e4ikelapsele. Nuku abil saab \u00f5petada last emotsioone tundma. K\u00f5igil on vahel tuju kurb ja nutt v\u00f5ib peale tulla.","robots":{"index":"index","follow":"follow","max-snippet":"max-snippet:-1","max-image-preview":"max-image-preview:large","max-video-preview":"max-video-preview:-1"},"canonical":"https:\/\/www.lilleliis.com\/et\/toode\/heegeldatud-nukk-3\/","og_locale":"et_EE","og_type":"article","og_title":"Heegeldatud nukk - nutubeebi | lilleliis","og_description":"Heegeldatud nutubeebi on armas kingitus v\u00e4ikelapsele. Nuku abil saab \u00f5petada last emotsioone tundma. K\u00f5igil on vahel tuju kurb ja nutt v\u00f5ib peale tulla.","og_url":"https:\/\/www.lilleliis.com\/et\/toode\/heegeldatud-nukk-3\/","og_site_name":"lilleliis","article_publisher":"https:\/\/www.facebook.com\/lilleliis-283266335035799\/","article_modified_time":"2026-01-08T10:56:18+00:00","og_image":[{"width":1000,"height":1500,"url":"https:\/\/www.lilleliis.com\/wp-content\/uploads\/2025\/10\/heegeldatud-beebi8.jpg","type":"image\/jpeg"}],"twitter_card":"summary_large_image","twitter_misc":{"Est. reading time":"1 minute"},"schema":{"@context":"https:\/\/schema.org","@graph":[{"@type":"WebPage","@id":"https:\/\/www.lilleliis.com\/et\/toode\/heegeldatud-nukk-3\/","url":"https:\/\/www.lilleliis.com\/et\/toode\/heegeldatud-nukk-3\/","name":"Heegeldatud nukk - nutubeebi | lilleliis","isPartOf":{"@id":"https:\/\/www.lilleliis.com\/et\/#website"},"primaryImageOfPage":{"@id":"https:\/\/www.lilleliis.com\/et\/toode\/heegeldatud-nukk-3\/#primaryimage"},"image":{"@id":"https:\/\/www.lilleliis.com\/et\/toode\/heegeldatud-nukk-3\/#primaryimage"},"thumbnailUrl":"https:\/\/www.lilleliis.com\/wp-content\/uploads\/2025\/10\/heegeldatud-beebi8.jpg","datePublished":"2025-10-02T11:15:16+00:00","dateModified":"2026-01-08T10:56:18+00:00","description":"Heegeldatud nutubeebi on armas kingitus v\u00e4ikelapsele. Nuku abil saab \u00f5petada last emotsioone tundma. K\u00f5igil on vahel tuju kurb ja nutt v\u00f5ib peale tulla.","breadcrumb":{"@id":"https:\/\/www.lilleliis.com\/et\/toode\/heegeldatud-nukk-3\/#breadcrumb"},"inLanguage":"et","potentialAction":[{"@type":"ReadAction","target":["https:\/\/www.lilleliis.com\/et\/toode\/heegeldatud-nukk-3\/"]}]},{"@type":"ImageObject","inLanguage":"et","@id":"https:\/\/www.lilleliis.com\/et\/toode\/heegeldatud-nukk-3\/#primaryimage","url":"https:\/\/www.lilleliis.com\/wp-content\/uploads\/2025\/10\/heegeldatud-beebi8.jpg","contentUrl":"https:\/\/www.lilleliis.com\/wp-content\/uploads\/2025\/10\/heegeldatud-beebi8.jpg","width":1000,"height":1500,"caption":"heegeldatud nutubeebi"},{"@type":"BreadcrumbList","@id":"https:\/\/www.lilleliis.com\/et\/toode\/heegeldatud-nukk-3\/#breadcrumb","itemListElement":[{"@type":"ListItem","position":1,"name":"Home","item":"https:\/\/www.lilleliis.com\/et\/"},{"@type":"ListItem","position":2,"name":"Pood","item":"https:\/\/www.lilleliis.com\/et\/shop\/"},{"@type":"ListItem","position":3,"name":"Heegeldatud nukk &#8211; nutubeebi"}]},{"@type":"WebSite","@id":"https:\/\/www.lilleliis.com\/et\/#website","url":"https:\/\/www.lilleliis.com\/et\/","name":"lilleliis","description":"Amigurumi m\u00e4nguasjad ja mustrid","potentialAction":[{"@type":"SearchAction","target":{"@type":"EntryPoint","urlTemplate":"https:\/\/www.lilleliis.com\/et\/?s={search_term_string}"},"query-input":{"@type":"PropertyValueSpecification","valueRequired":true,"valueName":"search_term_string"}}],"inLanguage":"et"}]}},"_links":{"self":[{"href":"https:\/\/www.lilleliis.com\/et\/wp-json\/wp\/v2\/product\/102294","targetHints":{"allow":["GET"]}}],"collection":[{"href":"https:\/\/www.lilleliis.com\/et\/wp-json\/wp\/v2\/product"}],"about":[{"href":"https:\/\/www.lilleliis.com\/et\/wp-json\/wp\/v2\/types\/product"}],"replies":[{"embeddable":true,"href":"https:\/\/www.lilleliis.com\/et\/wp-json\/wp\/v2\/comments?post=102294"}],"wp:featuredmedia":[{"embeddable":true,"href":"https:\/\/www.lilleliis.com\/et\/wp-json\/wp\/v2\/media\/102272"}],"wp:attachment":[{"href":"https:\/\/www.lilleliis.com\/et\/wp-json\/wp\/v2\/media?parent=102294"}],"wp:term":[{"taxonomy":"product_brand","embeddable":true,"href":"https:\/\/www.lilleliis.com\/et\/wp-json\/wp\/v2\/product_brand?post=102294"},{"taxonomy":"product_cat","embeddable":true,"href":"https:\/\/www.lilleliis.com\/et\/wp-json\/wp\/v2\/product_cat?post=102294"},{"taxonomy":"product_tag","embeddable":true,"href":"https:\/\/www.lilleliis.com\/et\/wp-json\/wp\/v2\/product_tag?post=102294"}],"curies":[{"name":"wp","href":"https:\/\/api.w.org\/{rel}","templated":true}]}}