{"id":102295,"date":"2025-10-02T16:22:16","date_gmt":"2025-10-02T13:22:16","guid":{"rendered":"https:\/\/www.lilleliis.com\/?post_type=product&#038;p=102295"},"modified":"2026-02-10T18:58:14","modified_gmt":"2026-02-10T16:58:14","slug":"heegeldatud-manguasi-16","status":"publish","type":"product","link":"https:\/\/www.lilleliis.com\/et\/toode\/heegeldatud-manguasi-16\/","title":{"rendered":"Pehme kaisupart &#8211; lilla"},"content":{"rendered":null,"protected":false},"excerpt":{"rendered":"<p>Pehme ja armas kaisupart lapsele. Pardike on heegeldatud sametiselt pehmest \u0161enill-l\u00f5ngast. Tal on armas nokk ja kaela on seotud ilus t\u00e4ppidega lehv.<\/p>\n<p>Linnu keha p\u00f5hja on pandud natuke raskust\u00e4idist, et see paremini p\u00fcsti seisaks. Raskust\u00e4idis krabiseb p\u00f5nevalt, kui pardikest muljuda.<\/p>\n<p>Autorit\u00f6\u00f6. Disainitud ja k\u00e4sitsi valmistatud meie oma v\u00e4ikeses Eestis.<\/p>\n<div class=\"is-divider divider clearfix\" style=\"max-width:100%;\"><\/div>\n<p>Materjal:<\/p>\n<ul>\n<li>l\u00f5ng &#8211; 100% pol\u00fcester (\u0161enill)<\/li>\n<li>allergiavaba pol\u00fcester kerakiud t\u00e4idis<\/li>\n<li>turvasilmad<\/li>\n<li>plastist raskust\u00e4idis<\/li>\n<li>satiinpael<\/li>\n<\/ul>\n<p>V\u00e4rv: lilla<\/p>\n<p>K\u00f5rgus: 14 cm<\/p>\n<div class=\"is-divider divider clearfix\" style=\"max-width:100%;\"><\/div>\n<p>M\u00e4nguasjal on kasutatud on pisidetaile (turvasilmad). Ole ettevaatlik, kui annad seda m\u00e4ngimiseks v\u00e4ga v\u00e4ikesele lapsele.<\/p>\n","protected":false},"featured_media":102296,"comment_status":"open","ping_status":"closed","template":"","meta":[],"product_brand":[],"product_cat":[155],"product_tag":[123],"class_list":{"0":"post-102295","1":"product","2":"type-product","3":"status-publish","4":"has-post-thumbnail","6":"product_cat-heegeldatud-manguasjad","7":"product_tag-beebidele","9":"first","10":"instock","11":"taxable","12":"shipping-taxable","13":"purchasable","14":"product-type-simple"},"yoast_head":"<!-- This site is optimized with the Yoast SEO plugin v27.3 - https:\/\/yoast.com\/product\/yoast-seo-wordpress\/ -->\n<title>Pehme kaisupart - lilla | Kingitused lastele | lilleliis<\/title>\n<meta name=\"description\" content=\"Pehme ja armas kaisupart lapsele. Pardike on heegeldatud sametiselt pehmest \u0161enill-l\u00f5ngast. Tal on armas nokk ja kaela on seotud ilus t\u00e4ppidega lehv.\" \/>\n<meta name=\"robots\" content=\"index, follow, max-snippet:-1, max-image-preview:large, max-video-preview:-1\" \/>\n<link rel=\"canonical\" href=\"https:\/\/www.lilleliis.com\/et\/toode\/heegeldatud-manguasi-16\/\" \/>\n<meta property=\"og:locale\" content=\"et_EE\" \/>\n<meta property=\"og:type\" content=\"article\" \/>\n<meta property=\"og:title\" content=\"Pehme kaisupart - lilla | Kingitused lastele | lilleliis\" \/>\n<meta property=\"og:description\" content=\"Pehme ja armas kaisupart lapsele. Pardike on heegeldatud sametiselt pehmest \u0161enill-l\u00f5ngast. Tal on armas nokk ja kaela on seotud ilus t\u00e4ppidega lehv.\" \/>\n<meta property=\"og:url\" content=\"https:\/\/www.lilleliis.com\/et\/toode\/heegeldatud-manguasi-16\/\" \/>\n<meta property=\"og:site_name\" content=\"lilleliis\" \/>\n<meta property=\"article:publisher\" content=\"https:\/\/www.facebook.com\/lilleliis-283266335035799\/\" \/>\n<meta property=\"article:modified_time\" content=\"2026-02-10T16:58:14+00:00\" \/>\n<meta property=\"og:image\" content=\"https:\/\/www.lilleliis.com\/wp-content\/uploads\/2025\/10\/pehme-kaisupart1.jpg\" \/>\n\t<meta property=\"og:image:width\" content=\"1000\" \/>\n\t<meta property=\"og:image:height\" content=\"1500\" \/>\n\t<meta property=\"og:image:type\" content=\"image\/jpeg\" \/>\n<meta name=\"twitter:card\" content=\"summary_large_image\" \/>\n<meta name=\"twitter:label1\" content=\"Est. reading time\" \/>\n\t<meta name=\"twitter:data1\" content=\"1 minute\" \/>\n<script type=\"application\/ld+json\" class=\"yoast-schema-graph\">{\"@context\":\"https:\\\/\\\/schema.org\",\"@graph\":[{\"@type\":\"WebPage\",\"@id\":\"https:\\\/\\\/www.lilleliis.com\\\/et\\\/toode\\\/heegeldatud-manguasi-16\\\/\",\"url\":\"https:\\\/\\\/www.lilleliis.com\\\/et\\\/toode\\\/heegeldatud-manguasi-16\\\/\",\"name\":\"Pehme kaisupart - lilla | Kingitused lastele | lilleliis\",\"isPartOf\":{\"@id\":\"https:\\\/\\\/www.lilleliis.com\\\/et\\\/#website\"},\"primaryImageOfPage\":{\"@id\":\"https:\\\/\\\/www.lilleliis.com\\\/et\\\/toode\\\/heegeldatud-manguasi-16\\\/#primaryimage\"},\"image\":{\"@id\":\"https:\\\/\\\/www.lilleliis.com\\\/et\\\/toode\\\/heegeldatud-manguasi-16\\\/#primaryimage\"},\"thumbnailUrl\":\"https:\\\/\\\/www.lilleliis.com\\\/wp-content\\\/uploads\\\/2025\\\/10\\\/pehme-kaisupart1.jpg\",\"datePublished\":\"2025-10-02T13:22:16+00:00\",\"dateModified\":\"2026-02-10T16:58:14+00:00\",\"description\":\"Pehme ja armas kaisupart lapsele. Pardike on heegeldatud sametiselt pehmest \u0161enill-l\u00f5ngast. Tal on armas nokk ja kaela on seotud ilus t\u00e4ppidega lehv.\",\"breadcrumb\":{\"@id\":\"https:\\\/\\\/www.lilleliis.com\\\/et\\\/toode\\\/heegeldatud-manguasi-16\\\/#breadcrumb\"},\"inLanguage\":\"et\",\"potentialAction\":[{\"@type\":\"ReadAction\",\"target\":[\"https:\\\/\\\/www.lilleliis.com\\\/et\\\/toode\\\/heegeldatud-manguasi-16\\\/\"]}]},{\"@type\":\"ImageObject\",\"inLanguage\":\"et\",\"@id\":\"https:\\\/\\\/www.lilleliis.com\\\/et\\\/toode\\\/heegeldatud-manguasi-16\\\/#primaryimage\",\"url\":\"https:\\\/\\\/www.lilleliis.com\\\/wp-content\\\/uploads\\\/2025\\\/10\\\/pehme-kaisupart1.jpg\",\"contentUrl\":\"https:\\\/\\\/www.lilleliis.com\\\/wp-content\\\/uploads\\\/2025\\\/10\\\/pehme-kaisupart1.jpg\",\"width\":1000,\"height\":1500,\"caption\":\"pehme kaisupart\"},{\"@type\":\"BreadcrumbList\",\"@id\":\"https:\\\/\\\/www.lilleliis.com\\\/et\\\/toode\\\/heegeldatud-manguasi-16\\\/#breadcrumb\",\"itemListElement\":[{\"@type\":\"ListItem\",\"position\":1,\"name\":\"Home\",\"item\":\"https:\\\/\\\/www.lilleliis.com\\\/et\\\/\"},{\"@type\":\"ListItem\",\"position\":2,\"name\":\"Pood\",\"item\":\"https:\\\/\\\/www.lilleliis.com\\\/et\\\/shop\\\/\"},{\"@type\":\"ListItem\",\"position\":3,\"name\":\"Pehme kaisupart &#8211; lilla\"}]},{\"@type\":\"WebSite\",\"@id\":\"https:\\\/\\\/www.lilleliis.com\\\/et\\\/#website\",\"url\":\"https:\\\/\\\/www.lilleliis.com\\\/et\\\/\",\"name\":\"lilleliis\",\"description\":\"Amigurumi m\u00e4nguasjad ja mustrid\",\"potentialAction\":[{\"@type\":\"SearchAction\",\"target\":{\"@type\":\"EntryPoint\",\"urlTemplate\":\"https:\\\/\\\/www.lilleliis.com\\\/et\\\/?s={search_term_string}\"},\"query-input\":{\"@type\":\"PropertyValueSpecification\",\"valueRequired\":true,\"valueName\":\"search_term_string\"}}],\"inLanguage\":\"et\"}]}<\/script>\n<!-- \/ Yoast SEO plugin. -->","yoast_head_json":{"title":"Pehme kaisupart - lilla | Kingitused lastele | lilleliis","description":"Pehme ja armas kaisupart lapsele. Pardike on heegeldatud sametiselt pehmest \u0161enill-l\u00f5ngast. Tal on armas nokk ja kaela on seotud ilus t\u00e4ppidega lehv.","robots":{"index":"index","follow":"follow","max-snippet":"max-snippet:-1","max-image-preview":"max-image-preview:large","max-video-preview":"max-video-preview:-1"},"canonical":"https:\/\/www.lilleliis.com\/et\/toode\/heegeldatud-manguasi-16\/","og_locale":"et_EE","og_type":"article","og_title":"Pehme kaisupart - lilla | Kingitused lastele | lilleliis","og_description":"Pehme ja armas kaisupart lapsele. Pardike on heegeldatud sametiselt pehmest \u0161enill-l\u00f5ngast. Tal on armas nokk ja kaela on seotud ilus t\u00e4ppidega lehv.","og_url":"https:\/\/www.lilleliis.com\/et\/toode\/heegeldatud-manguasi-16\/","og_site_name":"lilleliis","article_publisher":"https:\/\/www.facebook.com\/lilleliis-283266335035799\/","article_modified_time":"2026-02-10T16:58:14+00:00","og_image":[{"width":1000,"height":1500,"url":"https:\/\/www.lilleliis.com\/wp-content\/uploads\/2025\/10\/pehme-kaisupart1.jpg","type":"image\/jpeg"}],"twitter_card":"summary_large_image","twitter_misc":{"Est. reading time":"1 minute"},"schema":{"@context":"https:\/\/schema.org","@graph":[{"@type":"WebPage","@id":"https:\/\/www.lilleliis.com\/et\/toode\/heegeldatud-manguasi-16\/","url":"https:\/\/www.lilleliis.com\/et\/toode\/heegeldatud-manguasi-16\/","name":"Pehme kaisupart - lilla | Kingitused lastele | lilleliis","isPartOf":{"@id":"https:\/\/www.lilleliis.com\/et\/#website"},"primaryImageOfPage":{"@id":"https:\/\/www.lilleliis.com\/et\/toode\/heegeldatud-manguasi-16\/#primaryimage"},"image":{"@id":"https:\/\/www.lilleliis.com\/et\/toode\/heegeldatud-manguasi-16\/#primaryimage"},"thumbnailUrl":"https:\/\/www.lilleliis.com\/wp-content\/uploads\/2025\/10\/pehme-kaisupart1.jpg","datePublished":"2025-10-02T13:22:16+00:00","dateModified":"2026-02-10T16:58:14+00:00","description":"Pehme ja armas kaisupart lapsele. Pardike on heegeldatud sametiselt pehmest \u0161enill-l\u00f5ngast. Tal on armas nokk ja kaela on seotud ilus t\u00e4ppidega lehv.","breadcrumb":{"@id":"https:\/\/www.lilleliis.com\/et\/toode\/heegeldatud-manguasi-16\/#breadcrumb"},"inLanguage":"et","potentialAction":[{"@type":"ReadAction","target":["https:\/\/www.lilleliis.com\/et\/toode\/heegeldatud-manguasi-16\/"]}]},{"@type":"ImageObject","inLanguage":"et","@id":"https:\/\/www.lilleliis.com\/et\/toode\/heegeldatud-manguasi-16\/#primaryimage","url":"https:\/\/www.lilleliis.com\/wp-content\/uploads\/2025\/10\/pehme-kaisupart1.jpg","contentUrl":"https:\/\/www.lilleliis.com\/wp-content\/uploads\/2025\/10\/pehme-kaisupart1.jpg","width":1000,"height":1500,"caption":"pehme kaisupart"},{"@type":"BreadcrumbList","@id":"https:\/\/www.lilleliis.com\/et\/toode\/heegeldatud-manguasi-16\/#breadcrumb","itemListElement":[{"@type":"ListItem","position":1,"name":"Home","item":"https:\/\/www.lilleliis.com\/et\/"},{"@type":"ListItem","position":2,"name":"Pood","item":"https:\/\/www.lilleliis.com\/et\/shop\/"},{"@type":"ListItem","position":3,"name":"Pehme kaisupart &#8211; lilla"}]},{"@type":"WebSite","@id":"https:\/\/www.lilleliis.com\/et\/#website","url":"https:\/\/www.lilleliis.com\/et\/","name":"lilleliis","description":"Amigurumi m\u00e4nguasjad ja mustrid","potentialAction":[{"@type":"SearchAction","target":{"@type":"EntryPoint","urlTemplate":"https:\/\/www.lilleliis.com\/et\/?s={search_term_string}"},"query-input":{"@type":"PropertyValueSpecification","valueRequired":true,"valueName":"search_term_string"}}],"inLanguage":"et"}]}},"_links":{"self":[{"href":"https:\/\/www.lilleliis.com\/et\/wp-json\/wp\/v2\/product\/102295","targetHints":{"allow":["GET"]}}],"collection":[{"href":"https:\/\/www.lilleliis.com\/et\/wp-json\/wp\/v2\/product"}],"about":[{"href":"https:\/\/www.lilleliis.com\/et\/wp-json\/wp\/v2\/types\/product"}],"replies":[{"embeddable":true,"href":"https:\/\/www.lilleliis.com\/et\/wp-json\/wp\/v2\/comments?post=102295"}],"wp:featuredmedia":[{"embeddable":true,"href":"https:\/\/www.lilleliis.com\/et\/wp-json\/wp\/v2\/media\/102296"}],"wp:attachment":[{"href":"https:\/\/www.lilleliis.com\/et\/wp-json\/wp\/v2\/media?parent=102295"}],"wp:term":[{"taxonomy":"product_brand","embeddable":true,"href":"https:\/\/www.lilleliis.com\/et\/wp-json\/wp\/v2\/product_brand?post=102295"},{"taxonomy":"product_cat","embeddable":true,"href":"https:\/\/www.lilleliis.com\/et\/wp-json\/wp\/v2\/product_cat?post=102295"},{"taxonomy":"product_tag","embeddable":true,"href":"https:\/\/www.lilleliis.com\/et\/wp-json\/wp\/v2\/product_tag?post=102295"}],"curies":[{"name":"wp","href":"https:\/\/api.w.org\/{rel}","templated":true}]}}