{"id":102829,"date":"2025-10-16T16:20:33","date_gmt":"2025-10-16T13:20:33","guid":{"rendered":"https:\/\/www.lilleliis.com\/?post_type=product&#038;p=102829"},"modified":"2026-01-08T15:17:36","modified_gmt":"2026-01-08T13:17:36","slug":"heegeldatud-piparkoogipoiss","status":"publish","type":"product","link":"https:\/\/www.lilleliis.com\/et\/toode\/heegeldatud-piparkoogipoiss\/","title":{"rendered":"Heegeldatud piparkoogipoiss"},"content":{"rendered":null,"protected":false},"excerpt":{"rendered":"<p>Heegeldatud piparkoogipoiss on tore j\u00f5ulukingitus lapsele v\u00f5i armas v\u00e4ike meene sussi sisse pistmiseks.<\/p>\n<p>Piparkoogipoisi karamellipruuni keha oleks justkui roosa ja valge glasuuriga kaunistatud ja seej\u00e4rel \u0161okolaadipuruga \u00fcle puistatud. Peas on tal suur vahva kirss, mis muudab ta l\u00f5busaks ja r\u00f5\u00f5msav\u00e4rviliseks.<\/p>\n<p>See v\u00e4ike armas m\u00e4nguasi on heegeldatud puuvillasest l\u00f5ngast.<\/p>\n<p>Autorit\u00f6\u00f6. Disainitud ja k\u00e4sitsi valmistatud meie oma v\u00e4ikeses Eestis.<\/p>\n<div class=\"is-divider divider clearfix\" style=\"max-width:100%;\"><\/div>\n<p>Materjal:<\/p>\n<ul>\n<li>l\u00f5ng \u2013 100% puuvill<\/li>\n<li>allergiavaba pol\u00fcester kerakiud t\u00e4idis<\/li>\n<li>turvasilmad<\/li>\n<li>klaashelmed<\/li>\n<\/ul>\n<p>V\u00e4rv: karamellipruun<\/p>\n<p>K\u00f5rgus: 15 cm<\/p>\n<div class=\"is-divider divider clearfix\" style=\"max-width:100%;\"><\/div>\n<p>M\u00e4nguasjal on kasutatud pisidetaile (turvasilmad, helmed). Ole ettevaatlik, kui annad seda m\u00e4ngimiseks v\u00e4ga v\u00e4ikesele lapsele.<\/p>\n","protected":false},"featured_media":81770,"comment_status":"open","ping_status":"closed","template":"","meta":[],"product_brand":[],"product_cat":[155],"product_tag":[339,377],"class_list":{"0":"post-102829","1":"product","2":"type-product","3":"status-publish","4":"has-post-thumbnail","6":"product_cat-heegeldatud-manguasjad","7":"product_tag-joulud","8":"product_tag-puuvillast-manguasjad","10":"first","11":"outofstock","12":"taxable","13":"shipping-taxable","14":"purchasable","15":"product-type-simple"},"yoast_head":"<!-- This site is optimized with the Yoast SEO plugin v27.3 - https:\/\/yoast.com\/product\/yoast-seo-wordpress\/ -->\n<title>Heegeldatud piparkoogipoiss | J\u00f5ulukingitused lastele<\/title>\n<meta name=\"description\" content=\"Heegeldatud piparkoogipoiss on tore j\u00f5ulukingitus lapsele v\u00f5i armas v\u00e4ike meene sussi sisse pistmiseks. Puuvillasest l\u00f5ngast, valmistatud k\u00e4sit\u00f6\u00f6na.\" \/>\n<meta name=\"robots\" content=\"index, follow, max-snippet:-1, max-image-preview:large, max-video-preview:-1\" \/>\n<link rel=\"canonical\" href=\"https:\/\/www.lilleliis.com\/et\/toode\/heegeldatud-piparkoogipoiss\/\" \/>\n<meta property=\"og:locale\" content=\"et_EE\" \/>\n<meta property=\"og:type\" content=\"article\" \/>\n<meta property=\"og:title\" content=\"Heegeldatud piparkoogipoiss | J\u00f5ulukingitused lastele\" \/>\n<meta property=\"og:description\" content=\"Heegeldatud piparkoogipoiss on tore j\u00f5ulukingitus lapsele v\u00f5i armas v\u00e4ike meene sussi sisse pistmiseks. Puuvillasest l\u00f5ngast, valmistatud k\u00e4sit\u00f6\u00f6na.\" \/>\n<meta property=\"og:url\" content=\"https:\/\/www.lilleliis.com\/et\/toode\/heegeldatud-piparkoogipoiss\/\" \/>\n<meta property=\"og:site_name\" content=\"lilleliis\" \/>\n<meta property=\"article:publisher\" content=\"https:\/\/www.facebook.com\/lilleliis-283266335035799\/\" \/>\n<meta property=\"article:modified_time\" content=\"2026-01-08T13:17:36+00:00\" \/>\n<meta property=\"og:image\" content=\"https:\/\/www.lilleliis.com\/wp-content\/uploads\/2021\/11\/amigurumi-gingerbread-man-13.jpg\" \/>\n\t<meta property=\"og:image:width\" content=\"854\" \/>\n\t<meta property=\"og:image:height\" content=\"1280\" \/>\n\t<meta property=\"og:image:type\" content=\"image\/jpeg\" \/>\n<meta name=\"twitter:card\" content=\"summary_large_image\" \/>\n<meta name=\"twitter:label1\" content=\"Est. reading time\" \/>\n\t<meta name=\"twitter:data1\" content=\"1 minute\" \/>\n<script type=\"application\/ld+json\" class=\"yoast-schema-graph\">{\"@context\":\"https:\\\/\\\/schema.org\",\"@graph\":[{\"@type\":\"WebPage\",\"@id\":\"https:\\\/\\\/www.lilleliis.com\\\/et\\\/toode\\\/heegeldatud-piparkoogipoiss\\\/\",\"url\":\"https:\\\/\\\/www.lilleliis.com\\\/et\\\/toode\\\/heegeldatud-piparkoogipoiss\\\/\",\"name\":\"Heegeldatud piparkoogipoiss | J\u00f5ulukingitused lastele\",\"isPartOf\":{\"@id\":\"https:\\\/\\\/www.lilleliis.com\\\/et\\\/#website\"},\"primaryImageOfPage\":{\"@id\":\"https:\\\/\\\/www.lilleliis.com\\\/et\\\/toode\\\/heegeldatud-piparkoogipoiss\\\/#primaryimage\"},\"image\":{\"@id\":\"https:\\\/\\\/www.lilleliis.com\\\/et\\\/toode\\\/heegeldatud-piparkoogipoiss\\\/#primaryimage\"},\"thumbnailUrl\":\"https:\\\/\\\/www.lilleliis.com\\\/wp-content\\\/uploads\\\/2021\\\/11\\\/amigurumi-gingerbread-man-13.jpg\",\"datePublished\":\"2025-10-16T13:20:33+00:00\",\"dateModified\":\"2026-01-08T13:17:36+00:00\",\"description\":\"Heegeldatud piparkoogipoiss on tore j\u00f5ulukingitus lapsele v\u00f5i armas v\u00e4ike meene sussi sisse pistmiseks. Puuvillasest l\u00f5ngast, valmistatud k\u00e4sit\u00f6\u00f6na.\",\"breadcrumb\":{\"@id\":\"https:\\\/\\\/www.lilleliis.com\\\/et\\\/toode\\\/heegeldatud-piparkoogipoiss\\\/#breadcrumb\"},\"inLanguage\":\"et\",\"potentialAction\":[{\"@type\":\"ReadAction\",\"target\":[\"https:\\\/\\\/www.lilleliis.com\\\/et\\\/toode\\\/heegeldatud-piparkoogipoiss\\\/\"]}]},{\"@type\":\"ImageObject\",\"inLanguage\":\"et\",\"@id\":\"https:\\\/\\\/www.lilleliis.com\\\/et\\\/toode\\\/heegeldatud-piparkoogipoiss\\\/#primaryimage\",\"url\":\"https:\\\/\\\/www.lilleliis.com\\\/wp-content\\\/uploads\\\/2021\\\/11\\\/amigurumi-gingerbread-man-13.jpg\",\"contentUrl\":\"https:\\\/\\\/www.lilleliis.com\\\/wp-content\\\/uploads\\\/2021\\\/11\\\/amigurumi-gingerbread-man-13.jpg\",\"width\":854,\"height\":1280,\"caption\":\"amigurumi piparkoogimees\"},{\"@type\":\"BreadcrumbList\",\"@id\":\"https:\\\/\\\/www.lilleliis.com\\\/et\\\/toode\\\/heegeldatud-piparkoogipoiss\\\/#breadcrumb\",\"itemListElement\":[{\"@type\":\"ListItem\",\"position\":1,\"name\":\"Home\",\"item\":\"https:\\\/\\\/www.lilleliis.com\\\/et\\\/\"},{\"@type\":\"ListItem\",\"position\":2,\"name\":\"Pood\",\"item\":\"https:\\\/\\\/www.lilleliis.com\\\/et\\\/shop\\\/\"},{\"@type\":\"ListItem\",\"position\":3,\"name\":\"Heegeldatud piparkoogipoiss\"}]},{\"@type\":\"WebSite\",\"@id\":\"https:\\\/\\\/www.lilleliis.com\\\/et\\\/#website\",\"url\":\"https:\\\/\\\/www.lilleliis.com\\\/et\\\/\",\"name\":\"lilleliis\",\"description\":\"Amigurumi m\u00e4nguasjad ja mustrid\",\"potentialAction\":[{\"@type\":\"SearchAction\",\"target\":{\"@type\":\"EntryPoint\",\"urlTemplate\":\"https:\\\/\\\/www.lilleliis.com\\\/et\\\/?s={search_term_string}\"},\"query-input\":{\"@type\":\"PropertyValueSpecification\",\"valueRequired\":true,\"valueName\":\"search_term_string\"}}],\"inLanguage\":\"et\"}]}<\/script>\n<!-- \/ Yoast SEO plugin. -->","yoast_head_json":{"title":"Heegeldatud piparkoogipoiss | J\u00f5ulukingitused lastele","description":"Heegeldatud piparkoogipoiss on tore j\u00f5ulukingitus lapsele v\u00f5i armas v\u00e4ike meene sussi sisse pistmiseks. Puuvillasest l\u00f5ngast, valmistatud k\u00e4sit\u00f6\u00f6na.","robots":{"index":"index","follow":"follow","max-snippet":"max-snippet:-1","max-image-preview":"max-image-preview:large","max-video-preview":"max-video-preview:-1"},"canonical":"https:\/\/www.lilleliis.com\/et\/toode\/heegeldatud-piparkoogipoiss\/","og_locale":"et_EE","og_type":"article","og_title":"Heegeldatud piparkoogipoiss | J\u00f5ulukingitused lastele","og_description":"Heegeldatud piparkoogipoiss on tore j\u00f5ulukingitus lapsele v\u00f5i armas v\u00e4ike meene sussi sisse pistmiseks. Puuvillasest l\u00f5ngast, valmistatud k\u00e4sit\u00f6\u00f6na.","og_url":"https:\/\/www.lilleliis.com\/et\/toode\/heegeldatud-piparkoogipoiss\/","og_site_name":"lilleliis","article_publisher":"https:\/\/www.facebook.com\/lilleliis-283266335035799\/","article_modified_time":"2026-01-08T13:17:36+00:00","og_image":[{"width":854,"height":1280,"url":"https:\/\/www.lilleliis.com\/wp-content\/uploads\/2021\/11\/amigurumi-gingerbread-man-13.jpg","type":"image\/jpeg"}],"twitter_card":"summary_large_image","twitter_misc":{"Est. reading time":"1 minute"},"schema":{"@context":"https:\/\/schema.org","@graph":[{"@type":"WebPage","@id":"https:\/\/www.lilleliis.com\/et\/toode\/heegeldatud-piparkoogipoiss\/","url":"https:\/\/www.lilleliis.com\/et\/toode\/heegeldatud-piparkoogipoiss\/","name":"Heegeldatud piparkoogipoiss | J\u00f5ulukingitused lastele","isPartOf":{"@id":"https:\/\/www.lilleliis.com\/et\/#website"},"primaryImageOfPage":{"@id":"https:\/\/www.lilleliis.com\/et\/toode\/heegeldatud-piparkoogipoiss\/#primaryimage"},"image":{"@id":"https:\/\/www.lilleliis.com\/et\/toode\/heegeldatud-piparkoogipoiss\/#primaryimage"},"thumbnailUrl":"https:\/\/www.lilleliis.com\/wp-content\/uploads\/2021\/11\/amigurumi-gingerbread-man-13.jpg","datePublished":"2025-10-16T13:20:33+00:00","dateModified":"2026-01-08T13:17:36+00:00","description":"Heegeldatud piparkoogipoiss on tore j\u00f5ulukingitus lapsele v\u00f5i armas v\u00e4ike meene sussi sisse pistmiseks. Puuvillasest l\u00f5ngast, valmistatud k\u00e4sit\u00f6\u00f6na.","breadcrumb":{"@id":"https:\/\/www.lilleliis.com\/et\/toode\/heegeldatud-piparkoogipoiss\/#breadcrumb"},"inLanguage":"et","potentialAction":[{"@type":"ReadAction","target":["https:\/\/www.lilleliis.com\/et\/toode\/heegeldatud-piparkoogipoiss\/"]}]},{"@type":"ImageObject","inLanguage":"et","@id":"https:\/\/www.lilleliis.com\/et\/toode\/heegeldatud-piparkoogipoiss\/#primaryimage","url":"https:\/\/www.lilleliis.com\/wp-content\/uploads\/2021\/11\/amigurumi-gingerbread-man-13.jpg","contentUrl":"https:\/\/www.lilleliis.com\/wp-content\/uploads\/2021\/11\/amigurumi-gingerbread-man-13.jpg","width":854,"height":1280,"caption":"amigurumi piparkoogimees"},{"@type":"BreadcrumbList","@id":"https:\/\/www.lilleliis.com\/et\/toode\/heegeldatud-piparkoogipoiss\/#breadcrumb","itemListElement":[{"@type":"ListItem","position":1,"name":"Home","item":"https:\/\/www.lilleliis.com\/et\/"},{"@type":"ListItem","position":2,"name":"Pood","item":"https:\/\/www.lilleliis.com\/et\/shop\/"},{"@type":"ListItem","position":3,"name":"Heegeldatud piparkoogipoiss"}]},{"@type":"WebSite","@id":"https:\/\/www.lilleliis.com\/et\/#website","url":"https:\/\/www.lilleliis.com\/et\/","name":"lilleliis","description":"Amigurumi m\u00e4nguasjad ja mustrid","potentialAction":[{"@type":"SearchAction","target":{"@type":"EntryPoint","urlTemplate":"https:\/\/www.lilleliis.com\/et\/?s={search_term_string}"},"query-input":{"@type":"PropertyValueSpecification","valueRequired":true,"valueName":"search_term_string"}}],"inLanguage":"et"}]}},"_links":{"self":[{"href":"https:\/\/www.lilleliis.com\/et\/wp-json\/wp\/v2\/product\/102829","targetHints":{"allow":["GET"]}}],"collection":[{"href":"https:\/\/www.lilleliis.com\/et\/wp-json\/wp\/v2\/product"}],"about":[{"href":"https:\/\/www.lilleliis.com\/et\/wp-json\/wp\/v2\/types\/product"}],"replies":[{"embeddable":true,"href":"https:\/\/www.lilleliis.com\/et\/wp-json\/wp\/v2\/comments?post=102829"}],"wp:featuredmedia":[{"embeddable":true,"href":"https:\/\/www.lilleliis.com\/et\/wp-json\/wp\/v2\/media\/81770"}],"wp:attachment":[{"href":"https:\/\/www.lilleliis.com\/et\/wp-json\/wp\/v2\/media?parent=102829"}],"wp:term":[{"taxonomy":"product_brand","embeddable":true,"href":"https:\/\/www.lilleliis.com\/et\/wp-json\/wp\/v2\/product_brand?post=102829"},{"taxonomy":"product_cat","embeddable":true,"href":"https:\/\/www.lilleliis.com\/et\/wp-json\/wp\/v2\/product_cat?post=102829"},{"taxonomy":"product_tag","embeddable":true,"href":"https:\/\/www.lilleliis.com\/et\/wp-json\/wp\/v2\/product_tag?post=102829"}],"curies":[{"name":"wp","href":"https:\/\/api.w.org\/{rel}","templated":true}]}}