{"id":102887,"date":"2025-10-25T19:07:03","date_gmt":"2025-10-25T16:07:03","guid":{"rendered":"https:\/\/www.lilleliis.com\/?post_type=product&#038;p=102887"},"modified":"2026-02-10T18:30:51","modified_gmt":"2026-02-10T16:30:51","slug":"seinapilt-lastetuppa-hiired","status":"publish","type":"product","link":"https:\/\/www.lilleliis.com\/et\/toode\/seinapilt-lastetuppa-hiired\/","title":{"rendered":"Seinapilt lastetuppa &#8211; Hiired"},"content":{"rendered":null,"protected":false},"excerpt":{"rendered":"<p style=\"font-weight: 400;\">Seinapilt lastetuppa &#8220;Hiired&#8221; &#8211; Annika Metsla foto<\/p>\n<p style=\"font-weight: 400;\">Unikaalsed seinapildid lastetuppa on s\u00fcndinud fotograaf Annika Metsla ja m\u00e4nguasja disainer Mari-Liis Lille koost\u00f6\u00f6st. Aastal 2024 valmis nende kahe naise koost\u00f6\u00f6s k\u00e4sit\u00f6\u00f6raamat &#8220;Unustamatud lapsep\u00f5lvelelud&#8221;, mille fotomaterjal tundus n\u00f5nda inspireeriv, et lisaks raamatule s\u00fcndis sari seinapilte ja postkaarte.<\/p>\n<p style=\"font-weight: 400;\">&#8220;Hiired&#8221; on \u00fcks k\u00e4sit\u00f6\u00f6raamatu &#8220;Unustamatud lapsep\u00f5lvelelud&#8221; imelistest fotodest.<\/p>\n<p>Raamitud seinapilt muudab lastetoa armsaks ja hubaseks. Kasuta \u00fcksikuna v\u00f5i moodusta piltidest seeria. Riputa seinale v\u00f5i aseta riiulile.<\/p>\n<p>Fotod on prinditud k\u00f5rgekvaliteetsele <em>Fine Art<\/em> paberile, mis vastab ka k\u00f5ige n\u00f5udlikuma fotos\u00f5bra ootustele.<\/p>\n<p>Pilt tuleb koos raami ja paspartuuga. Soovi korral v\u00f5id kasutada ka kaitseklaasi, mis on peidetud pildi ja raami vahele.<\/p>\n<p style=\"font-weight: 400;\"><div class=\"is-divider divider clearfix\" style=\"max-width:100%;\"><\/div>\n<p style=\"font-weight: 400;\"><span data-text-color=\"primary\">SUURUS<\/span><\/p>\n<p style=\"font-weight: 400;\">H\u00f5bedane raam: 33,5 x 33,5 cm<\/p>\n<p style=\"font-weight: 400;\">Foto suurus: 18,5 x 18,5 cm<\/p>\n<p style=\"font-weight: 400;\"><span data-text-color=\"primary\">MATERJAL<\/span><\/p>\n<p style=\"font-weight: 400;\">Raam &#8211; alumiinium, epoks\u00fc-\/pol\u00fcesterpulberkate, anodeeritud<\/p>\n<p style=\"font-weight: 400;\">Kaitseklaas &#8211; pol\u00fcst\u00fcreenplast<\/p>\n<p style=\"font-weight: 400;\">Tagaplaat &#8211; puitkiudplaat<\/p>\n<p style=\"font-weight: 400;\">Paspartuu &#8211; paber<\/p>\n<p style=\"font-weight: 400;\"><span data-text-color=\"primary\">HOOLDUS<\/span><\/p>\n<p style=\"font-weight: 400;\">Puhasta tolmuharjaga<\/p>\n<p style=\"font-weight: 400;\"><span data-text-color=\"primary\">LISAINFO<\/span><\/p>\n<p style=\"font-weight: 400;\">K\u00f5iki pilte saab eritellimusel valmistada ka suurema v\u00f5i v\u00e4iksemana, muuta raami kuju, v\u00e4rvi jmt. Oma m\u00f5tetest kirjuta meile julgelt: <a href=\"mailto:lilleliis@gmail.com\">lilleliis@gmail.com<\/a><\/p>\n","protected":false},"featured_media":102889,"comment_status":"open","ping_status":"closed","template":"","meta":[],"product_brand":[],"product_cat":[1134],"product_tag":[1606],"class_list":{"0":"post-102887","1":"product","2":"type-product","3":"status-publish","4":"has-post-thumbnail","6":"product_cat-fotokunst","7":"product_tag-lastetuppa","9":"first","10":"instock","11":"taxable","12":"shipping-taxable","13":"purchasable","14":"product-type-simple"},"yoast_head":"<!-- This site is optimized with the Yoast SEO plugin v27.3 - https:\/\/yoast.com\/product\/yoast-seo-wordpress\/ -->\n<title>Seinapilt lastetuppa - Hiired | Kingitus lapsele<\/title>\n<meta name=\"description\" content=\"Seinapilt lastetuppa on ilus kingitus lapsele. Pildil on armsad heegeldatud hiired. Pildid on s\u00fcndinud disainer Mari-Liis Lille ja fotograaf Annika Metsla koost\u00f6\u00f6s.\" \/>\n<meta name=\"robots\" content=\"index, follow, max-snippet:-1, max-image-preview:large, max-video-preview:-1\" \/>\n<link rel=\"canonical\" href=\"https:\/\/www.lilleliis.com\/et\/toode\/seinapilt-lastetuppa-hiired\/\" \/>\n<meta property=\"og:locale\" content=\"et_EE\" \/>\n<meta property=\"og:type\" content=\"article\" \/>\n<meta property=\"og:title\" content=\"Seinapilt lastetuppa - Hiired | Kingitus lapsele\" \/>\n<meta property=\"og:description\" content=\"Seinapilt lastetuppa on ilus kingitus lapsele. Pildil on armsad heegeldatud hiired. Pildid on s\u00fcndinud disainer Mari-Liis Lille ja fotograaf Annika Metsla koost\u00f6\u00f6s.\" \/>\n<meta property=\"og:url\" content=\"https:\/\/www.lilleliis.com\/et\/toode\/seinapilt-lastetuppa-hiired\/\" \/>\n<meta property=\"og:site_name\" content=\"lilleliis\" \/>\n<meta property=\"article:publisher\" content=\"https:\/\/www.facebook.com\/lilleliis-283266335035799\/\" \/>\n<meta property=\"article:modified_time\" content=\"2026-02-10T16:30:51+00:00\" \/>\n<meta property=\"og:image\" content=\"https:\/\/www.lilleliis.com\/wp-content\/uploads\/2025\/10\/Seinapilt-lastetuppa-hiired1.jpg\" \/>\n\t<meta property=\"og:image:width\" content=\"1000\" \/>\n\t<meta property=\"og:image:height\" content=\"1500\" \/>\n\t<meta property=\"og:image:type\" content=\"image\/jpeg\" \/>\n<meta name=\"twitter:card\" content=\"summary_large_image\" \/>\n<meta name=\"twitter:label1\" content=\"Est. reading time\" \/>\n\t<meta name=\"twitter:data1\" content=\"1 minute\" \/>\n<script type=\"application\/ld+json\" class=\"yoast-schema-graph\">{\"@context\":\"https:\\\/\\\/schema.org\",\"@graph\":[{\"@type\":\"WebPage\",\"@id\":\"https:\\\/\\\/www.lilleliis.com\\\/et\\\/toode\\\/seinapilt-lastetuppa-hiired\\\/\",\"url\":\"https:\\\/\\\/www.lilleliis.com\\\/et\\\/toode\\\/seinapilt-lastetuppa-hiired\\\/\",\"name\":\"Seinapilt lastetuppa - Hiired | Kingitus lapsele\",\"isPartOf\":{\"@id\":\"https:\\\/\\\/www.lilleliis.com\\\/et\\\/#website\"},\"primaryImageOfPage\":{\"@id\":\"https:\\\/\\\/www.lilleliis.com\\\/et\\\/toode\\\/seinapilt-lastetuppa-hiired\\\/#primaryimage\"},\"image\":{\"@id\":\"https:\\\/\\\/www.lilleliis.com\\\/et\\\/toode\\\/seinapilt-lastetuppa-hiired\\\/#primaryimage\"},\"thumbnailUrl\":\"https:\\\/\\\/www.lilleliis.com\\\/wp-content\\\/uploads\\\/2025\\\/10\\\/Seinapilt-lastetuppa-hiired1.jpg\",\"datePublished\":\"2025-10-25T16:07:03+00:00\",\"dateModified\":\"2026-02-10T16:30:51+00:00\",\"description\":\"Seinapilt lastetuppa on ilus kingitus lapsele. Pildil on armsad heegeldatud hiired. Pildid on s\u00fcndinud disainer Mari-Liis Lille ja fotograaf Annika Metsla koost\u00f6\u00f6s.\",\"breadcrumb\":{\"@id\":\"https:\\\/\\\/www.lilleliis.com\\\/et\\\/toode\\\/seinapilt-lastetuppa-hiired\\\/#breadcrumb\"},\"inLanguage\":\"et\",\"potentialAction\":[{\"@type\":\"ReadAction\",\"target\":[\"https:\\\/\\\/www.lilleliis.com\\\/et\\\/toode\\\/seinapilt-lastetuppa-hiired\\\/\"]}]},{\"@type\":\"ImageObject\",\"inLanguage\":\"et\",\"@id\":\"https:\\\/\\\/www.lilleliis.com\\\/et\\\/toode\\\/seinapilt-lastetuppa-hiired\\\/#primaryimage\",\"url\":\"https:\\\/\\\/www.lilleliis.com\\\/wp-content\\\/uploads\\\/2025\\\/10\\\/Seinapilt-lastetuppa-hiired1.jpg\",\"contentUrl\":\"https:\\\/\\\/www.lilleliis.com\\\/wp-content\\\/uploads\\\/2025\\\/10\\\/Seinapilt-lastetuppa-hiired1.jpg\",\"width\":1000,\"height\":1500,\"caption\":\"Seinapilt lastetuppa hiired\"},{\"@type\":\"BreadcrumbList\",\"@id\":\"https:\\\/\\\/www.lilleliis.com\\\/et\\\/toode\\\/seinapilt-lastetuppa-hiired\\\/#breadcrumb\",\"itemListElement\":[{\"@type\":\"ListItem\",\"position\":1,\"name\":\"Home\",\"item\":\"https:\\\/\\\/www.lilleliis.com\\\/et\\\/\"},{\"@type\":\"ListItem\",\"position\":2,\"name\":\"Pood\",\"item\":\"https:\\\/\\\/www.lilleliis.com\\\/et\\\/shop\\\/\"},{\"@type\":\"ListItem\",\"position\":3,\"name\":\"Seinapilt lastetuppa &#8211; Hiired\"}]},{\"@type\":\"WebSite\",\"@id\":\"https:\\\/\\\/www.lilleliis.com\\\/et\\\/#website\",\"url\":\"https:\\\/\\\/www.lilleliis.com\\\/et\\\/\",\"name\":\"lilleliis\",\"description\":\"Amigurumi m\u00e4nguasjad ja mustrid\",\"potentialAction\":[{\"@type\":\"SearchAction\",\"target\":{\"@type\":\"EntryPoint\",\"urlTemplate\":\"https:\\\/\\\/www.lilleliis.com\\\/et\\\/?s={search_term_string}\"},\"query-input\":{\"@type\":\"PropertyValueSpecification\",\"valueRequired\":true,\"valueName\":\"search_term_string\"}}],\"inLanguage\":\"et\"}]}<\/script>\n<!-- \/ Yoast SEO plugin. -->","yoast_head_json":{"title":"Seinapilt lastetuppa - Hiired | Kingitus lapsele","description":"Seinapilt lastetuppa on ilus kingitus lapsele. Pildil on armsad heegeldatud hiired. Pildid on s\u00fcndinud disainer Mari-Liis Lille ja fotograaf Annika Metsla koost\u00f6\u00f6s.","robots":{"index":"index","follow":"follow","max-snippet":"max-snippet:-1","max-image-preview":"max-image-preview:large","max-video-preview":"max-video-preview:-1"},"canonical":"https:\/\/www.lilleliis.com\/et\/toode\/seinapilt-lastetuppa-hiired\/","og_locale":"et_EE","og_type":"article","og_title":"Seinapilt lastetuppa - Hiired | Kingitus lapsele","og_description":"Seinapilt lastetuppa on ilus kingitus lapsele. Pildil on armsad heegeldatud hiired. Pildid on s\u00fcndinud disainer Mari-Liis Lille ja fotograaf Annika Metsla koost\u00f6\u00f6s.","og_url":"https:\/\/www.lilleliis.com\/et\/toode\/seinapilt-lastetuppa-hiired\/","og_site_name":"lilleliis","article_publisher":"https:\/\/www.facebook.com\/lilleliis-283266335035799\/","article_modified_time":"2026-02-10T16:30:51+00:00","og_image":[{"width":1000,"height":1500,"url":"https:\/\/www.lilleliis.com\/wp-content\/uploads\/2025\/10\/Seinapilt-lastetuppa-hiired1.jpg","type":"image\/jpeg"}],"twitter_card":"summary_large_image","twitter_misc":{"Est. reading time":"1 minute"},"schema":{"@context":"https:\/\/schema.org","@graph":[{"@type":"WebPage","@id":"https:\/\/www.lilleliis.com\/et\/toode\/seinapilt-lastetuppa-hiired\/","url":"https:\/\/www.lilleliis.com\/et\/toode\/seinapilt-lastetuppa-hiired\/","name":"Seinapilt lastetuppa - Hiired | Kingitus lapsele","isPartOf":{"@id":"https:\/\/www.lilleliis.com\/et\/#website"},"primaryImageOfPage":{"@id":"https:\/\/www.lilleliis.com\/et\/toode\/seinapilt-lastetuppa-hiired\/#primaryimage"},"image":{"@id":"https:\/\/www.lilleliis.com\/et\/toode\/seinapilt-lastetuppa-hiired\/#primaryimage"},"thumbnailUrl":"https:\/\/www.lilleliis.com\/wp-content\/uploads\/2025\/10\/Seinapilt-lastetuppa-hiired1.jpg","datePublished":"2025-10-25T16:07:03+00:00","dateModified":"2026-02-10T16:30:51+00:00","description":"Seinapilt lastetuppa on ilus kingitus lapsele. Pildil on armsad heegeldatud hiired. Pildid on s\u00fcndinud disainer Mari-Liis Lille ja fotograaf Annika Metsla koost\u00f6\u00f6s.","breadcrumb":{"@id":"https:\/\/www.lilleliis.com\/et\/toode\/seinapilt-lastetuppa-hiired\/#breadcrumb"},"inLanguage":"et","potentialAction":[{"@type":"ReadAction","target":["https:\/\/www.lilleliis.com\/et\/toode\/seinapilt-lastetuppa-hiired\/"]}]},{"@type":"ImageObject","inLanguage":"et","@id":"https:\/\/www.lilleliis.com\/et\/toode\/seinapilt-lastetuppa-hiired\/#primaryimage","url":"https:\/\/www.lilleliis.com\/wp-content\/uploads\/2025\/10\/Seinapilt-lastetuppa-hiired1.jpg","contentUrl":"https:\/\/www.lilleliis.com\/wp-content\/uploads\/2025\/10\/Seinapilt-lastetuppa-hiired1.jpg","width":1000,"height":1500,"caption":"Seinapilt lastetuppa hiired"},{"@type":"BreadcrumbList","@id":"https:\/\/www.lilleliis.com\/et\/toode\/seinapilt-lastetuppa-hiired\/#breadcrumb","itemListElement":[{"@type":"ListItem","position":1,"name":"Home","item":"https:\/\/www.lilleliis.com\/et\/"},{"@type":"ListItem","position":2,"name":"Pood","item":"https:\/\/www.lilleliis.com\/et\/shop\/"},{"@type":"ListItem","position":3,"name":"Seinapilt lastetuppa &#8211; Hiired"}]},{"@type":"WebSite","@id":"https:\/\/www.lilleliis.com\/et\/#website","url":"https:\/\/www.lilleliis.com\/et\/","name":"lilleliis","description":"Amigurumi m\u00e4nguasjad ja mustrid","potentialAction":[{"@type":"SearchAction","target":{"@type":"EntryPoint","urlTemplate":"https:\/\/www.lilleliis.com\/et\/?s={search_term_string}"},"query-input":{"@type":"PropertyValueSpecification","valueRequired":true,"valueName":"search_term_string"}}],"inLanguage":"et"}]}},"_links":{"self":[{"href":"https:\/\/www.lilleliis.com\/et\/wp-json\/wp\/v2\/product\/102887","targetHints":{"allow":["GET"]}}],"collection":[{"href":"https:\/\/www.lilleliis.com\/et\/wp-json\/wp\/v2\/product"}],"about":[{"href":"https:\/\/www.lilleliis.com\/et\/wp-json\/wp\/v2\/types\/product"}],"replies":[{"embeddable":true,"href":"https:\/\/www.lilleliis.com\/et\/wp-json\/wp\/v2\/comments?post=102887"}],"wp:featuredmedia":[{"embeddable":true,"href":"https:\/\/www.lilleliis.com\/et\/wp-json\/wp\/v2\/media\/102889"}],"wp:attachment":[{"href":"https:\/\/www.lilleliis.com\/et\/wp-json\/wp\/v2\/media?parent=102887"}],"wp:term":[{"taxonomy":"product_brand","embeddable":true,"href":"https:\/\/www.lilleliis.com\/et\/wp-json\/wp\/v2\/product_brand?post=102887"},{"taxonomy":"product_cat","embeddable":true,"href":"https:\/\/www.lilleliis.com\/et\/wp-json\/wp\/v2\/product_cat?post=102887"},{"taxonomy":"product_tag","embeddable":true,"href":"https:\/\/www.lilleliis.com\/et\/wp-json\/wp\/v2\/product_tag?post=102887"}],"curies":[{"name":"wp","href":"https:\/\/api.w.org\/{rel}","templated":true}]}}