{"id":103031,"date":"2025-11-04T12:05:08","date_gmt":"2025-11-04T10:05:08","guid":{"rendered":"https:\/\/www.lilleliis.com\/?post_type=product&#038;p=103031"},"modified":"2026-03-20T21:05:27","modified_gmt":"2026-03-20T19:05:27","slug":"umbrikukass-amigurumi-opetus","status":"publish","type":"product","link":"https:\/\/www.lilleliis.com\/et\/toode\/umbrikukass-amigurumi-opetus\/","title":{"rendered":"Amigurumi kassi \u00f5petus &#8211; \u00dcmbrikukass"},"content":{"rendered":"<h3>Mustrist<\/h3>\n<p>Allalaetav ja lihtsasti j\u00e4lgitav k\u00e4sit\u00f6\u00f6 \u00f5petus (PDF fail). 16-lehek\u00fcljeline juhend sisaldab samm-sammulist \u00f5petust ning hulgaliselt fotosid, mis muudavad valmistamise protsessi nauditavaks.<\/p>\n<p>Keel: eesti, inglise<\/p>\n<p>\u00d5petuse raskusaste: keskmine<\/p>\n<p>Vajaminevad v\u00f5tted: kinnissilmust, poolsammas<\/p>\n<div class=\"is-divider divider clearfix\" ><\/div>\n<h3>Suurus ja materjal<\/h3>\n<p>Suurus: 25 cm<\/p>\n<p>Valmistamiseks on kasutatud \u0161enill-l\u00f5nga ja puuvillast l\u00f5nga ning heegeln\u00f5elu j\u00e4medusega 2,5 mm ja 4 mm.<\/p>\n<div class=\"is-divider divider clearfix\" ><\/div>\n<h3>Abi ja copyright<\/h3>\n<p>K\u00fcsimuste korral saab abi\u00a0<a href=\"mailto:%20lilleliis@gmail.com\">e-posti teel<\/a>.<\/p>\n<p>\u00d5petuse j\u00e4rgi valmistatud esemeid v\u00f5ib m\u00fc\u00fca. \u00d5petust on keelatud jagada. Autori\u00f5igustega tutvu\u00a0<a href=\"https:\/\/www.lilleliis.com\/et\/autorioigused\/\" target=\"_blank\" rel=\"noopener\">siin<\/a>.<\/p>\n","protected":false},"excerpt":{"rendered":"<p data-start=\"0\" data-end=\"191\">\u00dcmbrikukass on uskumatult pehme. See on loodud spetsiaalselt <a href=\"https:\/\/www.lilleliis.com\/et\/toode\/chenillove-senill-long\/\">\u0161enill-l\u00f5ngale<\/a> ja sellel on vahva ristk\u00fclikukujuline keha, mis meenutab \u00fcmbrikku &#8211; just sealt tulenebki tema naljakas nimi!<\/p>\n<p data-start=\"193\" data-end=\"327\">Kassist on kaks varianti, kes oskaks vaid \u00f6elda, kumb on teisest armsam! V\u00f5id heegeldada \u00fchev\u00e4rvilise kassi s\u00fcdamega k\u00f5hul v\u00f5i triibulise kassi.<\/p>\n<p data-start=\"329\" data-end=\"481\">Kassi heegeldamiseks vajad vaid kahte tokki sametiselt pehmet \u0161enill-l\u00f5nga, veidi puuvilla, 12 mm turvasilmi ja t\u00fckikest puuvillast kangast.<\/p>\n<p data-start=\"483\" data-end=\"563\" data-is-last-node=\"\" data-is-only-node=\"\">\u00dcmbrikukassi\u00a0muster sobib suurep\u00e4raselt kesktasemel heegeldajatele.<\/p>\n","protected":false},"featured_media":103042,"comment_status":"open","ping_status":"closed","template":"","meta":[],"product_brand":[],"product_cat":[95,125],"product_tag":[],"class_list":{"0":"post-103031","1":"product","2":"type-product","3":"status-publish","4":"has-post-thumbnail","6":"product_cat-amigurumi-opetused","7":"product_cat-looma-mustrid","8":"pa_pattern-language-eesti","9":"pa_pattern-language-inglise","10":"pa_pattern-skill-level-keskmine","12":"first","13":"instock","14":"sold-individually","15":"taxable","16":"shipping-taxable","17":"purchasable","18":"product-type-variable"},"yoast_head":"<!-- This site is optimized with the Yoast SEO plugin v27.3 - https:\/\/yoast.com\/product\/yoast-seo-wordpress\/ -->\n<title>Amigurumi kassi \u00f5petus - \u00dcmbrikukass | lilleliis<\/title>\n<meta name=\"description\" content=\"\u00dcmbrikukass on uskumatult pehme. See on loodud spetsiaalselt \u0161enill-l\u00f5ngale ja sellel on vahva ristk\u00fclikukujuline keha, mis meenutab \u00fcmbrikku.\" \/>\n<meta name=\"robots\" content=\"index, follow, max-snippet:-1, max-image-preview:large, max-video-preview:-1\" \/>\n<link rel=\"canonical\" href=\"https:\/\/www.lilleliis.com\/et\/toode\/umbrikukass-amigurumi-opetus\/\" \/>\n<meta property=\"og:locale\" content=\"et_EE\" \/>\n<meta property=\"og:type\" content=\"article\" \/>\n<meta property=\"og:title\" content=\"Amigurumi kassi \u00f5petus - \u00dcmbrikukass | lilleliis\" \/>\n<meta property=\"og:description\" content=\"\u00dcmbrikukass on uskumatult pehme. See on loodud spetsiaalselt \u0161enill-l\u00f5ngale ja sellel on vahva ristk\u00fclikukujuline keha, mis meenutab \u00fcmbrikku.\" \/>\n<meta property=\"og:url\" content=\"https:\/\/www.lilleliis.com\/et\/toode\/umbrikukass-amigurumi-opetus\/\" \/>\n<meta property=\"og:site_name\" content=\"lilleliis\" \/>\n<meta property=\"article:publisher\" content=\"https:\/\/www.facebook.com\/lilleliis-283266335035799\/\" \/>\n<meta property=\"article:modified_time\" content=\"2026-03-20T19:05:27+00:00\" \/>\n<meta property=\"og:image\" content=\"https:\/\/www.lilleliis.com\/wp-content\/uploads\/2025\/11\/the-envelope-cat-amigurumi-pattern.jpg\" \/>\n\t<meta property=\"og:image:width\" content=\"1000\" \/>\n\t<meta property=\"og:image:height\" content=\"1500\" \/>\n\t<meta property=\"og:image:type\" content=\"image\/jpeg\" \/>\n<meta name=\"twitter:card\" content=\"summary_large_image\" \/>\n<meta name=\"twitter:label1\" content=\"Est. reading time\" \/>\n\t<meta name=\"twitter:data1\" content=\"1 minute\" \/>\n<script type=\"application\/ld+json\" class=\"yoast-schema-graph\">{\"@context\":\"https:\\\/\\\/schema.org\",\"@graph\":[{\"@type\":\"WebPage\",\"@id\":\"https:\\\/\\\/www.lilleliis.com\\\/et\\\/toode\\\/umbrikukass-amigurumi-opetus\\\/\",\"url\":\"https:\\\/\\\/www.lilleliis.com\\\/et\\\/toode\\\/umbrikukass-amigurumi-opetus\\\/\",\"name\":\"Amigurumi kassi \u00f5petus - \u00dcmbrikukass | lilleliis\",\"isPartOf\":{\"@id\":\"https:\\\/\\\/www.lilleliis.com\\\/et\\\/#website\"},\"primaryImageOfPage\":{\"@id\":\"https:\\\/\\\/www.lilleliis.com\\\/et\\\/toode\\\/umbrikukass-amigurumi-opetus\\\/#primaryimage\"},\"image\":{\"@id\":\"https:\\\/\\\/www.lilleliis.com\\\/et\\\/toode\\\/umbrikukass-amigurumi-opetus\\\/#primaryimage\"},\"thumbnailUrl\":\"https:\\\/\\\/www.lilleliis.com\\\/wp-content\\\/uploads\\\/2025\\\/11\\\/the-envelope-cat-amigurumi-pattern.jpg\",\"datePublished\":\"2025-11-04T10:05:08+00:00\",\"dateModified\":\"2026-03-20T19:05:27+00:00\",\"description\":\"\u00dcmbrikukass on uskumatult pehme. See on loodud spetsiaalselt \u0161enill-l\u00f5ngale ja sellel on vahva ristk\u00fclikukujuline keha, mis meenutab \u00fcmbrikku.\",\"breadcrumb\":{\"@id\":\"https:\\\/\\\/www.lilleliis.com\\\/et\\\/toode\\\/umbrikukass-amigurumi-opetus\\\/#breadcrumb\"},\"inLanguage\":\"et\",\"potentialAction\":[{\"@type\":\"ReadAction\",\"target\":[\"https:\\\/\\\/www.lilleliis.com\\\/et\\\/toode\\\/umbrikukass-amigurumi-opetus\\\/\"]}]},{\"@type\":\"ImageObject\",\"inLanguage\":\"et\",\"@id\":\"https:\\\/\\\/www.lilleliis.com\\\/et\\\/toode\\\/umbrikukass-amigurumi-opetus\\\/#primaryimage\",\"url\":\"https:\\\/\\\/www.lilleliis.com\\\/wp-content\\\/uploads\\\/2025\\\/11\\\/the-envelope-cat-amigurumi-pattern.jpg\",\"contentUrl\":\"https:\\\/\\\/www.lilleliis.com\\\/wp-content\\\/uploads\\\/2025\\\/11\\\/the-envelope-cat-amigurumi-pattern.jpg\",\"width\":1000,\"height\":1500,\"caption\":\"\u00dcmbrikukass amigurumi \u00f5petus\"},{\"@type\":\"BreadcrumbList\",\"@id\":\"https:\\\/\\\/www.lilleliis.com\\\/et\\\/toode\\\/umbrikukass-amigurumi-opetus\\\/#breadcrumb\",\"itemListElement\":[{\"@type\":\"ListItem\",\"position\":1,\"name\":\"Home\",\"item\":\"https:\\\/\\\/www.lilleliis.com\\\/et\\\/\"},{\"@type\":\"ListItem\",\"position\":2,\"name\":\"Pood\",\"item\":\"https:\\\/\\\/www.lilleliis.com\\\/et\\\/shop\\\/\"},{\"@type\":\"ListItem\",\"position\":3,\"name\":\"Amigurumi kassi \u00f5petus &#8211; \u00dcmbrikukass\"}]},{\"@type\":\"WebSite\",\"@id\":\"https:\\\/\\\/www.lilleliis.com\\\/et\\\/#website\",\"url\":\"https:\\\/\\\/www.lilleliis.com\\\/et\\\/\",\"name\":\"lilleliis\",\"description\":\"Amigurumi m\u00e4nguasjad ja mustrid\",\"potentialAction\":[{\"@type\":\"SearchAction\",\"target\":{\"@type\":\"EntryPoint\",\"urlTemplate\":\"https:\\\/\\\/www.lilleliis.com\\\/et\\\/?s={search_term_string}\"},\"query-input\":{\"@type\":\"PropertyValueSpecification\",\"valueRequired\":true,\"valueName\":\"search_term_string\"}}],\"inLanguage\":\"et\"}]}<\/script>\n<!-- \/ Yoast SEO plugin. -->","yoast_head_json":{"title":"Amigurumi kassi \u00f5petus - \u00dcmbrikukass | lilleliis","description":"\u00dcmbrikukass on uskumatult pehme. See on loodud spetsiaalselt \u0161enill-l\u00f5ngale ja sellel on vahva ristk\u00fclikukujuline keha, mis meenutab \u00fcmbrikku.","robots":{"index":"index","follow":"follow","max-snippet":"max-snippet:-1","max-image-preview":"max-image-preview:large","max-video-preview":"max-video-preview:-1"},"canonical":"https:\/\/www.lilleliis.com\/et\/toode\/umbrikukass-amigurumi-opetus\/","og_locale":"et_EE","og_type":"article","og_title":"Amigurumi kassi \u00f5petus - \u00dcmbrikukass | lilleliis","og_description":"\u00dcmbrikukass on uskumatult pehme. See on loodud spetsiaalselt \u0161enill-l\u00f5ngale ja sellel on vahva ristk\u00fclikukujuline keha, mis meenutab \u00fcmbrikku.","og_url":"https:\/\/www.lilleliis.com\/et\/toode\/umbrikukass-amigurumi-opetus\/","og_site_name":"lilleliis","article_publisher":"https:\/\/www.facebook.com\/lilleliis-283266335035799\/","article_modified_time":"2026-03-20T19:05:27+00:00","og_image":[{"width":1000,"height":1500,"url":"https:\/\/www.lilleliis.com\/wp-content\/uploads\/2025\/11\/the-envelope-cat-amigurumi-pattern.jpg","type":"image\/jpeg"}],"twitter_card":"summary_large_image","twitter_misc":{"Est. reading time":"1 minute"},"schema":{"@context":"https:\/\/schema.org","@graph":[{"@type":"WebPage","@id":"https:\/\/www.lilleliis.com\/et\/toode\/umbrikukass-amigurumi-opetus\/","url":"https:\/\/www.lilleliis.com\/et\/toode\/umbrikukass-amigurumi-opetus\/","name":"Amigurumi kassi \u00f5petus - \u00dcmbrikukass | lilleliis","isPartOf":{"@id":"https:\/\/www.lilleliis.com\/et\/#website"},"primaryImageOfPage":{"@id":"https:\/\/www.lilleliis.com\/et\/toode\/umbrikukass-amigurumi-opetus\/#primaryimage"},"image":{"@id":"https:\/\/www.lilleliis.com\/et\/toode\/umbrikukass-amigurumi-opetus\/#primaryimage"},"thumbnailUrl":"https:\/\/www.lilleliis.com\/wp-content\/uploads\/2025\/11\/the-envelope-cat-amigurumi-pattern.jpg","datePublished":"2025-11-04T10:05:08+00:00","dateModified":"2026-03-20T19:05:27+00:00","description":"\u00dcmbrikukass on uskumatult pehme. See on loodud spetsiaalselt \u0161enill-l\u00f5ngale ja sellel on vahva ristk\u00fclikukujuline keha, mis meenutab \u00fcmbrikku.","breadcrumb":{"@id":"https:\/\/www.lilleliis.com\/et\/toode\/umbrikukass-amigurumi-opetus\/#breadcrumb"},"inLanguage":"et","potentialAction":[{"@type":"ReadAction","target":["https:\/\/www.lilleliis.com\/et\/toode\/umbrikukass-amigurumi-opetus\/"]}]},{"@type":"ImageObject","inLanguage":"et","@id":"https:\/\/www.lilleliis.com\/et\/toode\/umbrikukass-amigurumi-opetus\/#primaryimage","url":"https:\/\/www.lilleliis.com\/wp-content\/uploads\/2025\/11\/the-envelope-cat-amigurumi-pattern.jpg","contentUrl":"https:\/\/www.lilleliis.com\/wp-content\/uploads\/2025\/11\/the-envelope-cat-amigurumi-pattern.jpg","width":1000,"height":1500,"caption":"\u00dcmbrikukass amigurumi \u00f5petus"},{"@type":"BreadcrumbList","@id":"https:\/\/www.lilleliis.com\/et\/toode\/umbrikukass-amigurumi-opetus\/#breadcrumb","itemListElement":[{"@type":"ListItem","position":1,"name":"Home","item":"https:\/\/www.lilleliis.com\/et\/"},{"@type":"ListItem","position":2,"name":"Pood","item":"https:\/\/www.lilleliis.com\/et\/shop\/"},{"@type":"ListItem","position":3,"name":"Amigurumi kassi \u00f5petus &#8211; \u00dcmbrikukass"}]},{"@type":"WebSite","@id":"https:\/\/www.lilleliis.com\/et\/#website","url":"https:\/\/www.lilleliis.com\/et\/","name":"lilleliis","description":"Amigurumi m\u00e4nguasjad ja mustrid","potentialAction":[{"@type":"SearchAction","target":{"@type":"EntryPoint","urlTemplate":"https:\/\/www.lilleliis.com\/et\/?s={search_term_string}"},"query-input":{"@type":"PropertyValueSpecification","valueRequired":true,"valueName":"search_term_string"}}],"inLanguage":"et"}]}},"_links":{"self":[{"href":"https:\/\/www.lilleliis.com\/et\/wp-json\/wp\/v2\/product\/103031","targetHints":{"allow":["GET"]}}],"collection":[{"href":"https:\/\/www.lilleliis.com\/et\/wp-json\/wp\/v2\/product"}],"about":[{"href":"https:\/\/www.lilleliis.com\/et\/wp-json\/wp\/v2\/types\/product"}],"replies":[{"embeddable":true,"href":"https:\/\/www.lilleliis.com\/et\/wp-json\/wp\/v2\/comments?post=103031"}],"wp:featuredmedia":[{"embeddable":true,"href":"https:\/\/www.lilleliis.com\/et\/wp-json\/wp\/v2\/media\/103042"}],"wp:attachment":[{"href":"https:\/\/www.lilleliis.com\/et\/wp-json\/wp\/v2\/media?parent=103031"}],"wp:term":[{"taxonomy":"product_brand","embeddable":true,"href":"https:\/\/www.lilleliis.com\/et\/wp-json\/wp\/v2\/product_brand?post=103031"},{"taxonomy":"product_cat","embeddable":true,"href":"https:\/\/www.lilleliis.com\/et\/wp-json\/wp\/v2\/product_cat?post=103031"},{"taxonomy":"product_tag","embeddable":true,"href":"https:\/\/www.lilleliis.com\/et\/wp-json\/wp\/v2\/product_tag?post=103031"}],"curies":[{"name":"wp","href":"https:\/\/api.w.org\/{rel}","templated":true}]}}