{"id":103317,"date":"2025-11-16T17:10:44","date_gmt":"2025-11-16T15:10:44","guid":{"rendered":"https:\/\/www.lilleliis.com\/?post_type=product&#038;p=103317"},"modified":"2025-11-16T17:27:34","modified_gmt":"2025-11-16T15:27:34","slug":"heegeldatud-kuuseehted-joulupuu-2","status":"publish","type":"product","link":"https:\/\/www.lilleliis.com\/et\/toode\/heegeldatud-kuuseehted-joulupuu-2\/","title":{"rendered":"Heegeldatud kuuseehted, j\u00f5ulupuu 6tk &#8211; burgundia"},"content":{"rendered":null,"protected":false},"excerpt":{"rendered":"<p>J\u00f5ulupuu kujulised heegeldatud kuuseehted burgundia punastes toonides, luksusliku kulla lisandiga. Ainulaadsed, k\u00e4sitsi valmistatud kodukaunistused. Komplekt sisaldab 6 ehet.<\/p>\n<p>Loo p\u00fchadeks oma koju eriline meeleolu. 2025 j\u00f5ulutrendid sosistavad, et moes on burgundia punased ja kohvipruuni toonid. Sellest inspireerituna on s\u00fcndinud ka minu selle aasta j\u00f5uluehete komplektid.<\/p>\n<p>Eesti k\u00e4sit\u00f6\u00f6.<\/p>\n<div class=\"is-divider divider clearfix\" style=\"max-width:100%;\"><\/div>\n<p>Materjal:<\/p>\n<ul>\n<li>puu on heegeldatud kerge l\u00e4ikega 100% puuvillasest l\u00f5ngast<\/li>\n<li>kuldne jalg: 62% pol\u00fcester, 38% pol\u00fcamiid<\/li>\n<li>riputamiseks naturaalset tooni niit<\/li>\n<li>kaunistuseks p\u00f6\u00f6gipuust p\u00e4rl<\/li>\n<\/ul>\n<p>Suurus: 5 x 7 cm<\/p>\n<p>V\u00e4rv: erinevad<\/p>\n","protected":false},"featured_media":103290,"comment_status":"open","ping_status":"closed","template":"","meta":[],"product_brand":[],"product_cat":[155],"product_tag":[339,1606],"class_list":{"0":"post-103317","1":"product","2":"type-product","3":"status-publish","4":"has-post-thumbnail","6":"product_cat-heegeldatud-manguasjad","7":"product_tag-joulud","8":"product_tag-lastetuppa","10":"first","11":"instock","12":"taxable","13":"shipping-taxable","14":"purchasable","15":"product-type-simple"},"yoast_head":"<!-- This site is optimized with the Yoast SEO plugin v27.3 - https:\/\/yoast.com\/product\/yoast-seo-wordpress\/ -->\n<title>Heegeldatud kuuseehted, j\u00f5ulupuu 6tk - burgundia | lilleliis<\/title>\n<meta name=\"description\" content=\"J\u00f5ulupuu kujulised heegeldatud kuuseehted burgundia punastes toonides. Ainulaadsed, k\u00e4sitsi valmistatud kodukaunistused. Komplekt sisaldab 6 ehet.\" \/>\n<meta name=\"robots\" content=\"index, follow, max-snippet:-1, max-image-preview:large, max-video-preview:-1\" \/>\n<link rel=\"canonical\" href=\"https:\/\/www.lilleliis.com\/et\/toode\/heegeldatud-kuuseehted-joulupuu-2\/\" \/>\n<meta property=\"og:locale\" content=\"et_EE\" \/>\n<meta property=\"og:type\" content=\"article\" \/>\n<meta property=\"og:title\" content=\"Heegeldatud kuuseehted, j\u00f5ulupuu 6tk - burgundia | lilleliis\" \/>\n<meta property=\"og:description\" content=\"J\u00f5ulupuu kujulised heegeldatud kuuseehted burgundia punastes toonides. Ainulaadsed, k\u00e4sitsi valmistatud kodukaunistused. Komplekt sisaldab 6 ehet.\" \/>\n<meta property=\"og:url\" content=\"https:\/\/www.lilleliis.com\/et\/toode\/heegeldatud-kuuseehted-joulupuu-2\/\" \/>\n<meta property=\"og:site_name\" content=\"lilleliis\" \/>\n<meta property=\"article:publisher\" content=\"https:\/\/www.facebook.com\/lilleliis-283266335035799\/\" \/>\n<meta property=\"article:modified_time\" content=\"2025-11-16T15:27:34+00:00\" \/>\n<meta property=\"og:image\" content=\"https:\/\/www.lilleliis.com\/wp-content\/uploads\/2025\/11\/heegeldatud-kuusepuud3.jpg\" \/>\n\t<meta property=\"og:image:width\" content=\"1000\" \/>\n\t<meta property=\"og:image:height\" content=\"1500\" \/>\n\t<meta property=\"og:image:type\" content=\"image\/jpeg\" \/>\n<meta name=\"twitter:card\" content=\"summary_large_image\" \/>\n<meta name=\"twitter:label1\" content=\"Est. reading time\" \/>\n\t<meta name=\"twitter:data1\" content=\"1 minute\" \/>\n<script type=\"application\/ld+json\" class=\"yoast-schema-graph\">{\"@context\":\"https:\\\/\\\/schema.org\",\"@graph\":[{\"@type\":\"WebPage\",\"@id\":\"https:\\\/\\\/www.lilleliis.com\\\/et\\\/toode\\\/heegeldatud-kuuseehted-joulupuu-2\\\/\",\"url\":\"https:\\\/\\\/www.lilleliis.com\\\/et\\\/toode\\\/heegeldatud-kuuseehted-joulupuu-2\\\/\",\"name\":\"Heegeldatud kuuseehted, j\u00f5ulupuu 6tk - burgundia | lilleliis\",\"isPartOf\":{\"@id\":\"https:\\\/\\\/www.lilleliis.com\\\/et\\\/#website\"},\"primaryImageOfPage\":{\"@id\":\"https:\\\/\\\/www.lilleliis.com\\\/et\\\/toode\\\/heegeldatud-kuuseehted-joulupuu-2\\\/#primaryimage\"},\"image\":{\"@id\":\"https:\\\/\\\/www.lilleliis.com\\\/et\\\/toode\\\/heegeldatud-kuuseehted-joulupuu-2\\\/#primaryimage\"},\"thumbnailUrl\":\"https:\\\/\\\/www.lilleliis.com\\\/wp-content\\\/uploads\\\/2025\\\/11\\\/heegeldatud-kuusepuud3.jpg\",\"datePublished\":\"2025-11-16T15:10:44+00:00\",\"dateModified\":\"2025-11-16T15:27:34+00:00\",\"description\":\"J\u00f5ulupuu kujulised heegeldatud kuuseehted burgundia punastes toonides. Ainulaadsed, k\u00e4sitsi valmistatud kodukaunistused. Komplekt sisaldab 6 ehet.\",\"breadcrumb\":{\"@id\":\"https:\\\/\\\/www.lilleliis.com\\\/et\\\/toode\\\/heegeldatud-kuuseehted-joulupuu-2\\\/#breadcrumb\"},\"inLanguage\":\"et\",\"potentialAction\":[{\"@type\":\"ReadAction\",\"target\":[\"https:\\\/\\\/www.lilleliis.com\\\/et\\\/toode\\\/heegeldatud-kuuseehted-joulupuu-2\\\/\"]}]},{\"@type\":\"ImageObject\",\"inLanguage\":\"et\",\"@id\":\"https:\\\/\\\/www.lilleliis.com\\\/et\\\/toode\\\/heegeldatud-kuuseehted-joulupuu-2\\\/#primaryimage\",\"url\":\"https:\\\/\\\/www.lilleliis.com\\\/wp-content\\\/uploads\\\/2025\\\/11\\\/heegeldatud-kuusepuud3.jpg\",\"contentUrl\":\"https:\\\/\\\/www.lilleliis.com\\\/wp-content\\\/uploads\\\/2025\\\/11\\\/heegeldatud-kuusepuud3.jpg\",\"width\":1000,\"height\":1500,\"caption\":\"heegeldatud kuusepuud j\u00f5ulukaunistus\"},{\"@type\":\"BreadcrumbList\",\"@id\":\"https:\\\/\\\/www.lilleliis.com\\\/et\\\/toode\\\/heegeldatud-kuuseehted-joulupuu-2\\\/#breadcrumb\",\"itemListElement\":[{\"@type\":\"ListItem\",\"position\":1,\"name\":\"Home\",\"item\":\"https:\\\/\\\/www.lilleliis.com\\\/et\\\/\"},{\"@type\":\"ListItem\",\"position\":2,\"name\":\"Pood\",\"item\":\"https:\\\/\\\/www.lilleliis.com\\\/et\\\/shop\\\/\"},{\"@type\":\"ListItem\",\"position\":3,\"name\":\"Heegeldatud kuuseehted, j\u00f5ulupuu 6tk &#8211; burgundia\"}]},{\"@type\":\"WebSite\",\"@id\":\"https:\\\/\\\/www.lilleliis.com\\\/et\\\/#website\",\"url\":\"https:\\\/\\\/www.lilleliis.com\\\/et\\\/\",\"name\":\"lilleliis\",\"description\":\"Amigurumi m\u00e4nguasjad ja mustrid\",\"potentialAction\":[{\"@type\":\"SearchAction\",\"target\":{\"@type\":\"EntryPoint\",\"urlTemplate\":\"https:\\\/\\\/www.lilleliis.com\\\/et\\\/?s={search_term_string}\"},\"query-input\":{\"@type\":\"PropertyValueSpecification\",\"valueRequired\":true,\"valueName\":\"search_term_string\"}}],\"inLanguage\":\"et\"}]}<\/script>\n<!-- \/ Yoast SEO plugin. -->","yoast_head_json":{"title":"Heegeldatud kuuseehted, j\u00f5ulupuu 6tk - burgundia | lilleliis","description":"J\u00f5ulupuu kujulised heegeldatud kuuseehted burgundia punastes toonides. Ainulaadsed, k\u00e4sitsi valmistatud kodukaunistused. Komplekt sisaldab 6 ehet.","robots":{"index":"index","follow":"follow","max-snippet":"max-snippet:-1","max-image-preview":"max-image-preview:large","max-video-preview":"max-video-preview:-1"},"canonical":"https:\/\/www.lilleliis.com\/et\/toode\/heegeldatud-kuuseehted-joulupuu-2\/","og_locale":"et_EE","og_type":"article","og_title":"Heegeldatud kuuseehted, j\u00f5ulupuu 6tk - burgundia | lilleliis","og_description":"J\u00f5ulupuu kujulised heegeldatud kuuseehted burgundia punastes toonides. Ainulaadsed, k\u00e4sitsi valmistatud kodukaunistused. Komplekt sisaldab 6 ehet.","og_url":"https:\/\/www.lilleliis.com\/et\/toode\/heegeldatud-kuuseehted-joulupuu-2\/","og_site_name":"lilleliis","article_publisher":"https:\/\/www.facebook.com\/lilleliis-283266335035799\/","article_modified_time":"2025-11-16T15:27:34+00:00","og_image":[{"width":1000,"height":1500,"url":"https:\/\/www.lilleliis.com\/wp-content\/uploads\/2025\/11\/heegeldatud-kuusepuud3.jpg","type":"image\/jpeg"}],"twitter_card":"summary_large_image","twitter_misc":{"Est. reading time":"1 minute"},"schema":{"@context":"https:\/\/schema.org","@graph":[{"@type":"WebPage","@id":"https:\/\/www.lilleliis.com\/et\/toode\/heegeldatud-kuuseehted-joulupuu-2\/","url":"https:\/\/www.lilleliis.com\/et\/toode\/heegeldatud-kuuseehted-joulupuu-2\/","name":"Heegeldatud kuuseehted, j\u00f5ulupuu 6tk - burgundia | lilleliis","isPartOf":{"@id":"https:\/\/www.lilleliis.com\/et\/#website"},"primaryImageOfPage":{"@id":"https:\/\/www.lilleliis.com\/et\/toode\/heegeldatud-kuuseehted-joulupuu-2\/#primaryimage"},"image":{"@id":"https:\/\/www.lilleliis.com\/et\/toode\/heegeldatud-kuuseehted-joulupuu-2\/#primaryimage"},"thumbnailUrl":"https:\/\/www.lilleliis.com\/wp-content\/uploads\/2025\/11\/heegeldatud-kuusepuud3.jpg","datePublished":"2025-11-16T15:10:44+00:00","dateModified":"2025-11-16T15:27:34+00:00","description":"J\u00f5ulupuu kujulised heegeldatud kuuseehted burgundia punastes toonides. Ainulaadsed, k\u00e4sitsi valmistatud kodukaunistused. Komplekt sisaldab 6 ehet.","breadcrumb":{"@id":"https:\/\/www.lilleliis.com\/et\/toode\/heegeldatud-kuuseehted-joulupuu-2\/#breadcrumb"},"inLanguage":"et","potentialAction":[{"@type":"ReadAction","target":["https:\/\/www.lilleliis.com\/et\/toode\/heegeldatud-kuuseehted-joulupuu-2\/"]}]},{"@type":"ImageObject","inLanguage":"et","@id":"https:\/\/www.lilleliis.com\/et\/toode\/heegeldatud-kuuseehted-joulupuu-2\/#primaryimage","url":"https:\/\/www.lilleliis.com\/wp-content\/uploads\/2025\/11\/heegeldatud-kuusepuud3.jpg","contentUrl":"https:\/\/www.lilleliis.com\/wp-content\/uploads\/2025\/11\/heegeldatud-kuusepuud3.jpg","width":1000,"height":1500,"caption":"heegeldatud kuusepuud j\u00f5ulukaunistus"},{"@type":"BreadcrumbList","@id":"https:\/\/www.lilleliis.com\/et\/toode\/heegeldatud-kuuseehted-joulupuu-2\/#breadcrumb","itemListElement":[{"@type":"ListItem","position":1,"name":"Home","item":"https:\/\/www.lilleliis.com\/et\/"},{"@type":"ListItem","position":2,"name":"Pood","item":"https:\/\/www.lilleliis.com\/et\/shop\/"},{"@type":"ListItem","position":3,"name":"Heegeldatud kuuseehted, j\u00f5ulupuu 6tk &#8211; burgundia"}]},{"@type":"WebSite","@id":"https:\/\/www.lilleliis.com\/et\/#website","url":"https:\/\/www.lilleliis.com\/et\/","name":"lilleliis","description":"Amigurumi m\u00e4nguasjad ja mustrid","potentialAction":[{"@type":"SearchAction","target":{"@type":"EntryPoint","urlTemplate":"https:\/\/www.lilleliis.com\/et\/?s={search_term_string}"},"query-input":{"@type":"PropertyValueSpecification","valueRequired":true,"valueName":"search_term_string"}}],"inLanguage":"et"}]}},"_links":{"self":[{"href":"https:\/\/www.lilleliis.com\/et\/wp-json\/wp\/v2\/product\/103317","targetHints":{"allow":["GET"]}}],"collection":[{"href":"https:\/\/www.lilleliis.com\/et\/wp-json\/wp\/v2\/product"}],"about":[{"href":"https:\/\/www.lilleliis.com\/et\/wp-json\/wp\/v2\/types\/product"}],"replies":[{"embeddable":true,"href":"https:\/\/www.lilleliis.com\/et\/wp-json\/wp\/v2\/comments?post=103317"}],"wp:featuredmedia":[{"embeddable":true,"href":"https:\/\/www.lilleliis.com\/et\/wp-json\/wp\/v2\/media\/103290"}],"wp:attachment":[{"href":"https:\/\/www.lilleliis.com\/et\/wp-json\/wp\/v2\/media?parent=103317"}],"wp:term":[{"taxonomy":"product_brand","embeddable":true,"href":"https:\/\/www.lilleliis.com\/et\/wp-json\/wp\/v2\/product_brand?post=103317"},{"taxonomy":"product_cat","embeddable":true,"href":"https:\/\/www.lilleliis.com\/et\/wp-json\/wp\/v2\/product_cat?post=103317"},{"taxonomy":"product_tag","embeddable":true,"href":"https:\/\/www.lilleliis.com\/et\/wp-json\/wp\/v2\/product_tag?post=103317"}],"curies":[{"name":"wp","href":"https:\/\/api.w.org\/{rel}","templated":true}]}}