{"id":103340,"date":"2025-11-17T18:23:06","date_gmt":"2025-11-17T16:23:06","guid":{"rendered":"https:\/\/www.lilleliis.com\/?post_type=product&#038;p=103340"},"modified":"2026-02-10T18:56:49","modified_gmt":"2026-02-10T16:56:49","slug":"heegeldatud-sober-tammetoru-2","status":"publish","type":"product","link":"https:\/\/www.lilleliis.com\/et\/toode\/heegeldatud-sober-tammetoru-2\/","title":{"rendered":"S\u00f5ber tammet\u00f5ru"},"content":{"rendered":null,"protected":false},"excerpt":{"rendered":"<p>See siin on s\u00f5ber tammet\u00f5ru. Inspireeritud \u00fchest minu enda lapsep\u00f5lvekogemusest, kui reisil olles sai parimaks s\u00f5braks ja kaaslaseks kastanimuna.<\/p>\n<p>S\u00f5ber tammet\u00f5ru ei ole nukk ega kaisukas, see ei k\u00f5rise ja seda ei saa riputada. See ongi lihtsalt v\u00e4ike armas tegelane, keda k\u00e4es hoida, taskusse pista ja kalliks pidada.<\/p>\n<p>M\u00f5eldud lastele, kellele meeldivad v\u00e4ikesed asjad, millesse kiinduda.<\/p>\n<p>Autorit\u00f6\u00f6. Disainitud ja k\u00e4sitsi valmistatud meie oma v\u00e4ikeses Eestis.<\/p>\n<div class=\"is-divider divider clearfix\" style=\"max-width:100%;\"><\/div>\n<p>Materjal:<\/p>\n<ul>\n<li>l\u00f5ng \u2013 100% orgaaniline puuvill<\/li>\n<li>pol\u00fcester kerakiud t\u00e4idis<\/li>\n<li>turvasilmad<\/li>\n<\/ul>\n<p>V\u00e4rv: pruun, roheline<\/p>\n<p>Pikkus: 9 sentimeetrit<\/p>\n<div class=\"is-divider divider clearfix\" style=\"max-width:100%;\"><\/div>\n<p>M\u00e4nguasjal on kasutatud on pisidetaile (turvasilmad). Ole ettevaatlik, kui annad seda m\u00e4ngimiseks v\u00e4ga v\u00e4ikesele lapsele.<\/p>\n","protected":false},"featured_media":103326,"comment_status":"open","ping_status":"closed","template":"","meta":[],"product_brand":[],"product_cat":[155],"product_tag":[377],"class_list":{"0":"post-103340","1":"product","2":"type-product","3":"status-publish","4":"has-post-thumbnail","6":"product_cat-heegeldatud-manguasjad","7":"product_tag-puuvillast-manguasjad","9":"first","10":"instock","11":"taxable","12":"shipping-taxable","13":"purchasable","14":"product-type-simple"},"yoast_head":"<!-- This site is optimized with the Yoast SEO plugin v27.3 - https:\/\/yoast.com\/product\/yoast-seo-wordpress\/ -->\n<title>S\u00f5ber tammet\u00f5ru | lilleliis<\/title>\n<meta name=\"description\" content=\"See siin on s\u00f5ber tammet\u00f5ru. V\u00e4ike armas tegelane, keda k\u00e4es hoida, taskusse pista ja kalliks pidada. Valmistatud k\u00e4sit\u00f6\u00f6na.\" \/>\n<meta name=\"robots\" content=\"index, follow, max-snippet:-1, max-image-preview:large, max-video-preview:-1\" \/>\n<link rel=\"canonical\" href=\"https:\/\/www.lilleliis.com\/et\/toode\/heegeldatud-sober-tammetoru-2\/\" \/>\n<meta property=\"og:locale\" content=\"et_EE\" \/>\n<meta property=\"og:type\" content=\"article\" \/>\n<meta property=\"og:title\" content=\"S\u00f5ber tammet\u00f5ru | lilleliis\" \/>\n<meta property=\"og:description\" content=\"See siin on s\u00f5ber tammet\u00f5ru. V\u00e4ike armas tegelane, keda k\u00e4es hoida, taskusse pista ja kalliks pidada. Valmistatud k\u00e4sit\u00f6\u00f6na.\" \/>\n<meta property=\"og:url\" content=\"https:\/\/www.lilleliis.com\/et\/toode\/heegeldatud-sober-tammetoru-2\/\" \/>\n<meta property=\"og:site_name\" content=\"lilleliis\" \/>\n<meta property=\"article:publisher\" content=\"https:\/\/www.facebook.com\/lilleliis-283266335035799\/\" \/>\n<meta property=\"article:modified_time\" content=\"2026-02-10T16:56:49+00:00\" \/>\n<meta property=\"og:image\" content=\"https:\/\/www.lilleliis.com\/wp-content\/uploads\/2025\/11\/heegeldatud-sober-tammetoru2.jpg\" \/>\n\t<meta property=\"og:image:width\" content=\"1000\" \/>\n\t<meta property=\"og:image:height\" content=\"1500\" \/>\n\t<meta property=\"og:image:type\" content=\"image\/jpeg\" \/>\n<meta name=\"twitter:card\" content=\"summary_large_image\" \/>\n<meta name=\"twitter:label1\" content=\"Est. reading time\" \/>\n\t<meta name=\"twitter:data1\" content=\"1 minute\" \/>\n<script type=\"application\/ld+json\" class=\"yoast-schema-graph\">{\"@context\":\"https:\\\/\\\/schema.org\",\"@graph\":[{\"@type\":\"WebPage\",\"@id\":\"https:\\\/\\\/www.lilleliis.com\\\/et\\\/toode\\\/heegeldatud-sober-tammetoru-2\\\/\",\"url\":\"https:\\\/\\\/www.lilleliis.com\\\/et\\\/toode\\\/heegeldatud-sober-tammetoru-2\\\/\",\"name\":\"S\u00f5ber tammet\u00f5ru | lilleliis\",\"isPartOf\":{\"@id\":\"https:\\\/\\\/www.lilleliis.com\\\/et\\\/#website\"},\"primaryImageOfPage\":{\"@id\":\"https:\\\/\\\/www.lilleliis.com\\\/et\\\/toode\\\/heegeldatud-sober-tammetoru-2\\\/#primaryimage\"},\"image\":{\"@id\":\"https:\\\/\\\/www.lilleliis.com\\\/et\\\/toode\\\/heegeldatud-sober-tammetoru-2\\\/#primaryimage\"},\"thumbnailUrl\":\"https:\\\/\\\/www.lilleliis.com\\\/wp-content\\\/uploads\\\/2025\\\/11\\\/heegeldatud-sober-tammetoru2.jpg\",\"datePublished\":\"2025-11-17T16:23:06+00:00\",\"dateModified\":\"2026-02-10T16:56:49+00:00\",\"description\":\"See siin on s\u00f5ber tammet\u00f5ru. V\u00e4ike armas tegelane, keda k\u00e4es hoida, taskusse pista ja kalliks pidada. Valmistatud k\u00e4sit\u00f6\u00f6na.\",\"breadcrumb\":{\"@id\":\"https:\\\/\\\/www.lilleliis.com\\\/et\\\/toode\\\/heegeldatud-sober-tammetoru-2\\\/#breadcrumb\"},\"inLanguage\":\"et\",\"potentialAction\":[{\"@type\":\"ReadAction\",\"target\":[\"https:\\\/\\\/www.lilleliis.com\\\/et\\\/toode\\\/heegeldatud-sober-tammetoru-2\\\/\"]}]},{\"@type\":\"ImageObject\",\"inLanguage\":\"et\",\"@id\":\"https:\\\/\\\/www.lilleliis.com\\\/et\\\/toode\\\/heegeldatud-sober-tammetoru-2\\\/#primaryimage\",\"url\":\"https:\\\/\\\/www.lilleliis.com\\\/wp-content\\\/uploads\\\/2025\\\/11\\\/heegeldatud-sober-tammetoru2.jpg\",\"contentUrl\":\"https:\\\/\\\/www.lilleliis.com\\\/wp-content\\\/uploads\\\/2025\\\/11\\\/heegeldatud-sober-tammetoru2.jpg\",\"width\":1000,\"height\":1500,\"caption\":\"heegeldatud s\u00f5ber tammet\u00f5ru\"},{\"@type\":\"BreadcrumbList\",\"@id\":\"https:\\\/\\\/www.lilleliis.com\\\/et\\\/toode\\\/heegeldatud-sober-tammetoru-2\\\/#breadcrumb\",\"itemListElement\":[{\"@type\":\"ListItem\",\"position\":1,\"name\":\"Home\",\"item\":\"https:\\\/\\\/www.lilleliis.com\\\/et\\\/\"},{\"@type\":\"ListItem\",\"position\":2,\"name\":\"Pood\",\"item\":\"https:\\\/\\\/www.lilleliis.com\\\/et\\\/shop\\\/\"},{\"@type\":\"ListItem\",\"position\":3,\"name\":\"S\u00f5ber tammet\u00f5ru\"}]},{\"@type\":\"WebSite\",\"@id\":\"https:\\\/\\\/www.lilleliis.com\\\/et\\\/#website\",\"url\":\"https:\\\/\\\/www.lilleliis.com\\\/et\\\/\",\"name\":\"lilleliis\",\"description\":\"Amigurumi m\u00e4nguasjad ja mustrid\",\"potentialAction\":[{\"@type\":\"SearchAction\",\"target\":{\"@type\":\"EntryPoint\",\"urlTemplate\":\"https:\\\/\\\/www.lilleliis.com\\\/et\\\/?s={search_term_string}\"},\"query-input\":{\"@type\":\"PropertyValueSpecification\",\"valueRequired\":true,\"valueName\":\"search_term_string\"}}],\"inLanguage\":\"et\"}]}<\/script>\n<!-- \/ Yoast SEO plugin. -->","yoast_head_json":{"title":"S\u00f5ber tammet\u00f5ru | lilleliis","description":"See siin on s\u00f5ber tammet\u00f5ru. V\u00e4ike armas tegelane, keda k\u00e4es hoida, taskusse pista ja kalliks pidada. Valmistatud k\u00e4sit\u00f6\u00f6na.","robots":{"index":"index","follow":"follow","max-snippet":"max-snippet:-1","max-image-preview":"max-image-preview:large","max-video-preview":"max-video-preview:-1"},"canonical":"https:\/\/www.lilleliis.com\/et\/toode\/heegeldatud-sober-tammetoru-2\/","og_locale":"et_EE","og_type":"article","og_title":"S\u00f5ber tammet\u00f5ru | lilleliis","og_description":"See siin on s\u00f5ber tammet\u00f5ru. V\u00e4ike armas tegelane, keda k\u00e4es hoida, taskusse pista ja kalliks pidada. Valmistatud k\u00e4sit\u00f6\u00f6na.","og_url":"https:\/\/www.lilleliis.com\/et\/toode\/heegeldatud-sober-tammetoru-2\/","og_site_name":"lilleliis","article_publisher":"https:\/\/www.facebook.com\/lilleliis-283266335035799\/","article_modified_time":"2026-02-10T16:56:49+00:00","og_image":[{"width":1000,"height":1500,"url":"https:\/\/www.lilleliis.com\/wp-content\/uploads\/2025\/11\/heegeldatud-sober-tammetoru2.jpg","type":"image\/jpeg"}],"twitter_card":"summary_large_image","twitter_misc":{"Est. reading time":"1 minute"},"schema":{"@context":"https:\/\/schema.org","@graph":[{"@type":"WebPage","@id":"https:\/\/www.lilleliis.com\/et\/toode\/heegeldatud-sober-tammetoru-2\/","url":"https:\/\/www.lilleliis.com\/et\/toode\/heegeldatud-sober-tammetoru-2\/","name":"S\u00f5ber tammet\u00f5ru | lilleliis","isPartOf":{"@id":"https:\/\/www.lilleliis.com\/et\/#website"},"primaryImageOfPage":{"@id":"https:\/\/www.lilleliis.com\/et\/toode\/heegeldatud-sober-tammetoru-2\/#primaryimage"},"image":{"@id":"https:\/\/www.lilleliis.com\/et\/toode\/heegeldatud-sober-tammetoru-2\/#primaryimage"},"thumbnailUrl":"https:\/\/www.lilleliis.com\/wp-content\/uploads\/2025\/11\/heegeldatud-sober-tammetoru2.jpg","datePublished":"2025-11-17T16:23:06+00:00","dateModified":"2026-02-10T16:56:49+00:00","description":"See siin on s\u00f5ber tammet\u00f5ru. V\u00e4ike armas tegelane, keda k\u00e4es hoida, taskusse pista ja kalliks pidada. Valmistatud k\u00e4sit\u00f6\u00f6na.","breadcrumb":{"@id":"https:\/\/www.lilleliis.com\/et\/toode\/heegeldatud-sober-tammetoru-2\/#breadcrumb"},"inLanguage":"et","potentialAction":[{"@type":"ReadAction","target":["https:\/\/www.lilleliis.com\/et\/toode\/heegeldatud-sober-tammetoru-2\/"]}]},{"@type":"ImageObject","inLanguage":"et","@id":"https:\/\/www.lilleliis.com\/et\/toode\/heegeldatud-sober-tammetoru-2\/#primaryimage","url":"https:\/\/www.lilleliis.com\/wp-content\/uploads\/2025\/11\/heegeldatud-sober-tammetoru2.jpg","contentUrl":"https:\/\/www.lilleliis.com\/wp-content\/uploads\/2025\/11\/heegeldatud-sober-tammetoru2.jpg","width":1000,"height":1500,"caption":"heegeldatud s\u00f5ber tammet\u00f5ru"},{"@type":"BreadcrumbList","@id":"https:\/\/www.lilleliis.com\/et\/toode\/heegeldatud-sober-tammetoru-2\/#breadcrumb","itemListElement":[{"@type":"ListItem","position":1,"name":"Home","item":"https:\/\/www.lilleliis.com\/et\/"},{"@type":"ListItem","position":2,"name":"Pood","item":"https:\/\/www.lilleliis.com\/et\/shop\/"},{"@type":"ListItem","position":3,"name":"S\u00f5ber tammet\u00f5ru"}]},{"@type":"WebSite","@id":"https:\/\/www.lilleliis.com\/et\/#website","url":"https:\/\/www.lilleliis.com\/et\/","name":"lilleliis","description":"Amigurumi m\u00e4nguasjad ja mustrid","potentialAction":[{"@type":"SearchAction","target":{"@type":"EntryPoint","urlTemplate":"https:\/\/www.lilleliis.com\/et\/?s={search_term_string}"},"query-input":{"@type":"PropertyValueSpecification","valueRequired":true,"valueName":"search_term_string"}}],"inLanguage":"et"}]}},"_links":{"self":[{"href":"https:\/\/www.lilleliis.com\/et\/wp-json\/wp\/v2\/product\/103340","targetHints":{"allow":["GET"]}}],"collection":[{"href":"https:\/\/www.lilleliis.com\/et\/wp-json\/wp\/v2\/product"}],"about":[{"href":"https:\/\/www.lilleliis.com\/et\/wp-json\/wp\/v2\/types\/product"}],"replies":[{"embeddable":true,"href":"https:\/\/www.lilleliis.com\/et\/wp-json\/wp\/v2\/comments?post=103340"}],"wp:featuredmedia":[{"embeddable":true,"href":"https:\/\/www.lilleliis.com\/et\/wp-json\/wp\/v2\/media\/103326"}],"wp:attachment":[{"href":"https:\/\/www.lilleliis.com\/et\/wp-json\/wp\/v2\/media?parent=103340"}],"wp:term":[{"taxonomy":"product_brand","embeddable":true,"href":"https:\/\/www.lilleliis.com\/et\/wp-json\/wp\/v2\/product_brand?post=103340"},{"taxonomy":"product_cat","embeddable":true,"href":"https:\/\/www.lilleliis.com\/et\/wp-json\/wp\/v2\/product_cat?post=103340"},{"taxonomy":"product_tag","embeddable":true,"href":"https:\/\/www.lilleliis.com\/et\/wp-json\/wp\/v2\/product_tag?post=103340"}],"curies":[{"name":"wp","href":"https:\/\/api.w.org\/{rel}","templated":true}]}}