{"id":103960,"date":"2025-12-16T11:34:50","date_gmt":"2025-12-16T09:34:50","guid":{"rendered":"https:\/\/www.lilleliis.com\/?post_type=product&#038;p=103960"},"modified":"2026-02-10T18:55:38","modified_gmt":"2026-02-10T16:55:38","slug":"kasitoo-kuuseehted-2","status":"publish","type":"product","link":"https:\/\/www.lilleliis.com\/et\/toode\/kasitoo-kuuseehted-2\/","title":{"rendered":"K\u00e4sit\u00f6\u00f6 kuuseehted lind &#8211; sinine"},"content":{"rendered":null,"protected":false},"excerpt":{"rendered":"<p data-start=\"120\" data-end=\"406\">Kui otsid v\u00e4ikest ja armsat kingitust emale, vanaemale, s\u00f5brale v\u00f5i t\u00f6\u00f6kaaslasele, sobib see heegeldatud lind imeh\u00e4sti. Kaunis k\u00e4sit\u00f6\u00f6na valminud kuuseehe on heegeldatud kodumaise rasvatihase j\u00e4rgi, kuid kasutades siniseid ja pruune toone.<\/p>\n<p data-start=\"408\" data-end=\"528\">Linnul on riputamiseks must satiinpael, mis sulandub kuuse tumedamatesse toonidesse ja laseb ehtel kaunilt esile t\u00f5usta.<\/p>\n<p data-start=\"530\" data-end=\"579\">Valmistatud hoole ja armastusega \u2013 Eesti k\u00e4sit\u00f6\u00f6.<\/p>\n<div class=\"is-divider divider clearfix\" style=\"max-width:100%;\"><\/div>\n<p>Materjal:<\/p>\n<ul>\n<li>100% puuvill<\/li>\n<li>t\u00e4iteks pol\u00fcester kerakiud<\/li>\n<li>turvasilmad<\/li>\n<li>satiinpael<\/li>\n<\/ul>\n<p>Suurus: heegeldatud lind ilma riputuspaelata on umbkaudu 7 x 8 cm<\/p>\n","protected":false},"featured_media":103944,"comment_status":"open","ping_status":"closed","template":"","meta":[],"product_brand":[],"product_cat":[155],"product_tag":[339,1606],"class_list":{"0":"post-103960","1":"product","2":"type-product","3":"status-publish","4":"has-post-thumbnail","6":"product_cat-heegeldatud-manguasjad","7":"product_tag-joulud","8":"product_tag-lastetuppa","10":"first","11":"instock","12":"taxable","13":"shipping-taxable","14":"purchasable","15":"product-type-simple"},"yoast_head":"<!-- This site is optimized with the Yoast SEO plugin v27.3 - https:\/\/yoast.com\/product\/yoast-seo-wordpress\/ -->\n<title>K\u00e4sit\u00f6\u00f6 kuuseehted lind - sinine | lilleliis<\/title>\n<meta name=\"description\" content=\"Kui otsid v\u00e4ikest ja armsat kingitust emale, vanaemale, s\u00f5brale v\u00f5i t\u00f6\u00f6kaaslasele, sobib see heegeldatud lind imeh\u00e4sti. Eesti k\u00e4sit\u00f6\u00f6.\" \/>\n<meta name=\"robots\" content=\"index, follow, max-snippet:-1, max-image-preview:large, max-video-preview:-1\" \/>\n<link rel=\"canonical\" href=\"https:\/\/www.lilleliis.com\/et\/toode\/kasitoo-kuuseehted-2\/\" \/>\n<meta property=\"og:locale\" content=\"et_EE\" \/>\n<meta property=\"og:type\" content=\"article\" \/>\n<meta property=\"og:title\" content=\"K\u00e4sit\u00f6\u00f6 kuuseehted lind - sinine | lilleliis\" \/>\n<meta property=\"og:description\" content=\"Kui otsid v\u00e4ikest ja armsat kingitust emale, vanaemale, s\u00f5brale v\u00f5i t\u00f6\u00f6kaaslasele, sobib see heegeldatud lind imeh\u00e4sti. Eesti k\u00e4sit\u00f6\u00f6.\" \/>\n<meta property=\"og:url\" content=\"https:\/\/www.lilleliis.com\/et\/toode\/kasitoo-kuuseehted-2\/\" \/>\n<meta property=\"og:site_name\" content=\"lilleliis\" \/>\n<meta property=\"article:publisher\" content=\"https:\/\/www.facebook.com\/lilleliis-283266335035799\/\" \/>\n<meta property=\"article:modified_time\" content=\"2026-02-10T16:55:38+00:00\" \/>\n<meta property=\"og:image\" content=\"https:\/\/www.lilleliis.com\/wp-content\/uploads\/2025\/12\/kasitoo-kuuseehted-lind2.jpg\" \/>\n\t<meta property=\"og:image:width\" content=\"1000\" \/>\n\t<meta property=\"og:image:height\" content=\"1500\" \/>\n\t<meta property=\"og:image:type\" content=\"image\/jpeg\" \/>\n<meta name=\"twitter:card\" content=\"summary_large_image\" \/>\n<meta name=\"twitter:label1\" content=\"Est. reading time\" \/>\n\t<meta name=\"twitter:data1\" content=\"1 minute\" \/>\n<script type=\"application\/ld+json\" class=\"yoast-schema-graph\">{\"@context\":\"https:\\\/\\\/schema.org\",\"@graph\":[{\"@type\":\"WebPage\",\"@id\":\"https:\\\/\\\/www.lilleliis.com\\\/et\\\/toode\\\/kasitoo-kuuseehted-2\\\/\",\"url\":\"https:\\\/\\\/www.lilleliis.com\\\/et\\\/toode\\\/kasitoo-kuuseehted-2\\\/\",\"name\":\"K\u00e4sit\u00f6\u00f6 kuuseehted lind - sinine | lilleliis\",\"isPartOf\":{\"@id\":\"https:\\\/\\\/www.lilleliis.com\\\/et\\\/#website\"},\"primaryImageOfPage\":{\"@id\":\"https:\\\/\\\/www.lilleliis.com\\\/et\\\/toode\\\/kasitoo-kuuseehted-2\\\/#primaryimage\"},\"image\":{\"@id\":\"https:\\\/\\\/www.lilleliis.com\\\/et\\\/toode\\\/kasitoo-kuuseehted-2\\\/#primaryimage\"},\"thumbnailUrl\":\"https:\\\/\\\/www.lilleliis.com\\\/wp-content\\\/uploads\\\/2025\\\/12\\\/kasitoo-kuuseehted-lind2.jpg\",\"datePublished\":\"2025-12-16T09:34:50+00:00\",\"dateModified\":\"2026-02-10T16:55:38+00:00\",\"description\":\"Kui otsid v\u00e4ikest ja armsat kingitust emale, vanaemale, s\u00f5brale v\u00f5i t\u00f6\u00f6kaaslasele, sobib see heegeldatud lind imeh\u00e4sti. Eesti k\u00e4sit\u00f6\u00f6.\",\"breadcrumb\":{\"@id\":\"https:\\\/\\\/www.lilleliis.com\\\/et\\\/toode\\\/kasitoo-kuuseehted-2\\\/#breadcrumb\"},\"inLanguage\":\"et\",\"potentialAction\":[{\"@type\":\"ReadAction\",\"target\":[\"https:\\\/\\\/www.lilleliis.com\\\/et\\\/toode\\\/kasitoo-kuuseehted-2\\\/\"]}]},{\"@type\":\"ImageObject\",\"inLanguage\":\"et\",\"@id\":\"https:\\\/\\\/www.lilleliis.com\\\/et\\\/toode\\\/kasitoo-kuuseehted-2\\\/#primaryimage\",\"url\":\"https:\\\/\\\/www.lilleliis.com\\\/wp-content\\\/uploads\\\/2025\\\/12\\\/kasitoo-kuuseehted-lind2.jpg\",\"contentUrl\":\"https:\\\/\\\/www.lilleliis.com\\\/wp-content\\\/uploads\\\/2025\\\/12\\\/kasitoo-kuuseehted-lind2.jpg\",\"width\":1000,\"height\":1500,\"caption\":\"k\u00e4sit\u00f6\u00f6 kuuseehted lind\"},{\"@type\":\"BreadcrumbList\",\"@id\":\"https:\\\/\\\/www.lilleliis.com\\\/et\\\/toode\\\/kasitoo-kuuseehted-2\\\/#breadcrumb\",\"itemListElement\":[{\"@type\":\"ListItem\",\"position\":1,\"name\":\"Home\",\"item\":\"https:\\\/\\\/www.lilleliis.com\\\/et\\\/\"},{\"@type\":\"ListItem\",\"position\":2,\"name\":\"Pood\",\"item\":\"https:\\\/\\\/www.lilleliis.com\\\/et\\\/shop\\\/\"},{\"@type\":\"ListItem\",\"position\":3,\"name\":\"K\u00e4sit\u00f6\u00f6 kuuseehted lind &#8211; sinine\"}]},{\"@type\":\"WebSite\",\"@id\":\"https:\\\/\\\/www.lilleliis.com\\\/et\\\/#website\",\"url\":\"https:\\\/\\\/www.lilleliis.com\\\/et\\\/\",\"name\":\"lilleliis\",\"description\":\"Amigurumi m\u00e4nguasjad ja mustrid\",\"potentialAction\":[{\"@type\":\"SearchAction\",\"target\":{\"@type\":\"EntryPoint\",\"urlTemplate\":\"https:\\\/\\\/www.lilleliis.com\\\/et\\\/?s={search_term_string}\"},\"query-input\":{\"@type\":\"PropertyValueSpecification\",\"valueRequired\":true,\"valueName\":\"search_term_string\"}}],\"inLanguage\":\"et\"}]}<\/script>\n<!-- \/ Yoast SEO plugin. -->","yoast_head_json":{"title":"K\u00e4sit\u00f6\u00f6 kuuseehted lind - sinine | lilleliis","description":"Kui otsid v\u00e4ikest ja armsat kingitust emale, vanaemale, s\u00f5brale v\u00f5i t\u00f6\u00f6kaaslasele, sobib see heegeldatud lind imeh\u00e4sti. Eesti k\u00e4sit\u00f6\u00f6.","robots":{"index":"index","follow":"follow","max-snippet":"max-snippet:-1","max-image-preview":"max-image-preview:large","max-video-preview":"max-video-preview:-1"},"canonical":"https:\/\/www.lilleliis.com\/et\/toode\/kasitoo-kuuseehted-2\/","og_locale":"et_EE","og_type":"article","og_title":"K\u00e4sit\u00f6\u00f6 kuuseehted lind - sinine | lilleliis","og_description":"Kui otsid v\u00e4ikest ja armsat kingitust emale, vanaemale, s\u00f5brale v\u00f5i t\u00f6\u00f6kaaslasele, sobib see heegeldatud lind imeh\u00e4sti. Eesti k\u00e4sit\u00f6\u00f6.","og_url":"https:\/\/www.lilleliis.com\/et\/toode\/kasitoo-kuuseehted-2\/","og_site_name":"lilleliis","article_publisher":"https:\/\/www.facebook.com\/lilleliis-283266335035799\/","article_modified_time":"2026-02-10T16:55:38+00:00","og_image":[{"width":1000,"height":1500,"url":"https:\/\/www.lilleliis.com\/wp-content\/uploads\/2025\/12\/kasitoo-kuuseehted-lind2.jpg","type":"image\/jpeg"}],"twitter_card":"summary_large_image","twitter_misc":{"Est. reading time":"1 minute"},"schema":{"@context":"https:\/\/schema.org","@graph":[{"@type":"WebPage","@id":"https:\/\/www.lilleliis.com\/et\/toode\/kasitoo-kuuseehted-2\/","url":"https:\/\/www.lilleliis.com\/et\/toode\/kasitoo-kuuseehted-2\/","name":"K\u00e4sit\u00f6\u00f6 kuuseehted lind - sinine | lilleliis","isPartOf":{"@id":"https:\/\/www.lilleliis.com\/et\/#website"},"primaryImageOfPage":{"@id":"https:\/\/www.lilleliis.com\/et\/toode\/kasitoo-kuuseehted-2\/#primaryimage"},"image":{"@id":"https:\/\/www.lilleliis.com\/et\/toode\/kasitoo-kuuseehted-2\/#primaryimage"},"thumbnailUrl":"https:\/\/www.lilleliis.com\/wp-content\/uploads\/2025\/12\/kasitoo-kuuseehted-lind2.jpg","datePublished":"2025-12-16T09:34:50+00:00","dateModified":"2026-02-10T16:55:38+00:00","description":"Kui otsid v\u00e4ikest ja armsat kingitust emale, vanaemale, s\u00f5brale v\u00f5i t\u00f6\u00f6kaaslasele, sobib see heegeldatud lind imeh\u00e4sti. Eesti k\u00e4sit\u00f6\u00f6.","breadcrumb":{"@id":"https:\/\/www.lilleliis.com\/et\/toode\/kasitoo-kuuseehted-2\/#breadcrumb"},"inLanguage":"et","potentialAction":[{"@type":"ReadAction","target":["https:\/\/www.lilleliis.com\/et\/toode\/kasitoo-kuuseehted-2\/"]}]},{"@type":"ImageObject","inLanguage":"et","@id":"https:\/\/www.lilleliis.com\/et\/toode\/kasitoo-kuuseehted-2\/#primaryimage","url":"https:\/\/www.lilleliis.com\/wp-content\/uploads\/2025\/12\/kasitoo-kuuseehted-lind2.jpg","contentUrl":"https:\/\/www.lilleliis.com\/wp-content\/uploads\/2025\/12\/kasitoo-kuuseehted-lind2.jpg","width":1000,"height":1500,"caption":"k\u00e4sit\u00f6\u00f6 kuuseehted lind"},{"@type":"BreadcrumbList","@id":"https:\/\/www.lilleliis.com\/et\/toode\/kasitoo-kuuseehted-2\/#breadcrumb","itemListElement":[{"@type":"ListItem","position":1,"name":"Home","item":"https:\/\/www.lilleliis.com\/et\/"},{"@type":"ListItem","position":2,"name":"Pood","item":"https:\/\/www.lilleliis.com\/et\/shop\/"},{"@type":"ListItem","position":3,"name":"K\u00e4sit\u00f6\u00f6 kuuseehted lind &#8211; sinine"}]},{"@type":"WebSite","@id":"https:\/\/www.lilleliis.com\/et\/#website","url":"https:\/\/www.lilleliis.com\/et\/","name":"lilleliis","description":"Amigurumi m\u00e4nguasjad ja mustrid","potentialAction":[{"@type":"SearchAction","target":{"@type":"EntryPoint","urlTemplate":"https:\/\/www.lilleliis.com\/et\/?s={search_term_string}"},"query-input":{"@type":"PropertyValueSpecification","valueRequired":true,"valueName":"search_term_string"}}],"inLanguage":"et"}]}},"_links":{"self":[{"href":"https:\/\/www.lilleliis.com\/et\/wp-json\/wp\/v2\/product\/103960","targetHints":{"allow":["GET"]}}],"collection":[{"href":"https:\/\/www.lilleliis.com\/et\/wp-json\/wp\/v2\/product"}],"about":[{"href":"https:\/\/www.lilleliis.com\/et\/wp-json\/wp\/v2\/types\/product"}],"replies":[{"embeddable":true,"href":"https:\/\/www.lilleliis.com\/et\/wp-json\/wp\/v2\/comments?post=103960"}],"wp:featuredmedia":[{"embeddable":true,"href":"https:\/\/www.lilleliis.com\/et\/wp-json\/wp\/v2\/media\/103944"}],"wp:attachment":[{"href":"https:\/\/www.lilleliis.com\/et\/wp-json\/wp\/v2\/media?parent=103960"}],"wp:term":[{"taxonomy":"product_brand","embeddable":true,"href":"https:\/\/www.lilleliis.com\/et\/wp-json\/wp\/v2\/product_brand?post=103960"},{"taxonomy":"product_cat","embeddable":true,"href":"https:\/\/www.lilleliis.com\/et\/wp-json\/wp\/v2\/product_cat?post=103960"},{"taxonomy":"product_tag","embeddable":true,"href":"https:\/\/www.lilleliis.com\/et\/wp-json\/wp\/v2\/product_tag?post=103960"}],"curies":[{"name":"wp","href":"https:\/\/api.w.org\/{rel}","templated":true}]}}