{"id":104159,"date":"2026-01-12T16:28:58","date_gmt":"2026-01-12T14:28:58","guid":{"rendered":"https:\/\/www.lilleliis.com\/?post_type=product&#038;p=104159"},"modified":"2026-01-12T16:30:54","modified_gmt":"2026-01-12T14:30:54","slug":"unenaopuudja-rongas","status":"publish","type":"product","link":"https:\/\/www.lilleliis.com\/et\/toode\/unenaopuudja-rongas\/","title":{"rendered":"Unen\u00e4op\u00fc\u00fcdja r\u00f5ngas, 25 cm"},"content":{"rendered":null,"protected":false},"excerpt":{"rendered":"<p>Metallist unen\u00e4op\u00fc\u00fcdja r\u00f5ngas on tugev ja vastupidav ning sobib ideaalselt unen\u00e4op\u00fc\u00fcdja valmistamiseks. R\u00f5ngaid saab kasutada ka makramee taimealuste, heegeldatud lambikuplite ja mitmesuguste teiste k\u00e4sit\u00f6\u00f6projektide valmistamisel.<\/p>\n<p>H\u00f5bedav\u00e4rvi r\u00f5ngas on valmistatud 2 mm paksusest roostevabast terasest ning on saadaval l\u00e4bim\u00f5\u00f5duga 25 cm.<\/p>\n","protected":false},"featured_media":104160,"comment_status":"open","ping_status":"closed","template":"","meta":[],"product_brand":[1572],"product_cat":[429,568],"product_tag":[],"class_list":{"0":"post-104159","1":"product","2":"type-product","3":"status-publish","4":"has-post-thumbnail","6":"product_brand-opry","7":"product_cat-kasitoo-tarvikud","8":"product_cat-muud-tarvikud","10":"first","11":"instock","12":"taxable","13":"shipping-taxable","14":"purchasable","15":"product-type-simple"},"yoast_head":"<!-- This site is optimized with the Yoast SEO plugin v27.3 - https:\/\/yoast.com\/product\/yoast-seo-wordpress\/ -->\n<title>Unen\u00e4op\u00fc\u00fcdja r\u00f5ngas, 25 cm | lilleliis<\/title>\n<meta name=\"description\" content=\"Metallr\u00f5ngas unen\u00e4op\u00fc\u00fcdja valmistamiseks. H\u00f5bedav\u00e4rvi r\u00f5ngas on valmistatud 2 mm paksusest roostevabast terasest ning on saadaval l\u00e4bim\u00f5\u00f5duga 25 cm.\" \/>\n<meta name=\"robots\" content=\"index, follow, max-snippet:-1, max-image-preview:large, max-video-preview:-1\" \/>\n<link rel=\"canonical\" href=\"https:\/\/www.lilleliis.com\/et\/toode\/unenaopuudja-rongas\/\" \/>\n<meta property=\"og:locale\" content=\"et_EE\" \/>\n<meta property=\"og:type\" content=\"article\" \/>\n<meta property=\"og:title\" content=\"Unen\u00e4op\u00fc\u00fcdja r\u00f5ngas, 25 cm | lilleliis\" \/>\n<meta property=\"og:description\" content=\"Metallr\u00f5ngas unen\u00e4op\u00fc\u00fcdja valmistamiseks. H\u00f5bedav\u00e4rvi r\u00f5ngas on valmistatud 2 mm paksusest roostevabast terasest ning on saadaval l\u00e4bim\u00f5\u00f5duga 25 cm.\" \/>\n<meta property=\"og:url\" content=\"https:\/\/www.lilleliis.com\/et\/toode\/unenaopuudja-rongas\/\" \/>\n<meta property=\"og:site_name\" content=\"lilleliis\" \/>\n<meta property=\"article:publisher\" content=\"https:\/\/www.facebook.com\/lilleliis-283266335035799\/\" \/>\n<meta property=\"article:modified_time\" content=\"2026-01-12T14:30:54+00:00\" \/>\n<meta property=\"og:image\" content=\"https:\/\/www.lilleliis.com\/wp-content\/uploads\/2026\/01\/unenaopuudja-rongad-metall.jpg.webp\" \/>\n\t<meta property=\"og:image:width\" content=\"583\" \/>\n\t<meta property=\"og:image:height\" content=\"583\" \/>\n\t<meta property=\"og:image:type\" content=\"image\/webp\" \/>\n<meta name=\"twitter:card\" content=\"summary_large_image\" \/>\n<meta name=\"twitter:label1\" content=\"Est. reading time\" \/>\n\t<meta name=\"twitter:data1\" content=\"1 minute\" \/>\n<script type=\"application\/ld+json\" class=\"yoast-schema-graph\">{\"@context\":\"https:\\\/\\\/schema.org\",\"@graph\":[{\"@type\":\"WebPage\",\"@id\":\"https:\\\/\\\/www.lilleliis.com\\\/et\\\/toode\\\/unenaopuudja-rongas\\\/\",\"url\":\"https:\\\/\\\/www.lilleliis.com\\\/et\\\/toode\\\/unenaopuudja-rongas\\\/\",\"name\":\"Unen\u00e4op\u00fc\u00fcdja r\u00f5ngas, 25 cm | lilleliis\",\"isPartOf\":{\"@id\":\"https:\\\/\\\/www.lilleliis.com\\\/et\\\/#website\"},\"primaryImageOfPage\":{\"@id\":\"https:\\\/\\\/www.lilleliis.com\\\/et\\\/toode\\\/unenaopuudja-rongas\\\/#primaryimage\"},\"image\":{\"@id\":\"https:\\\/\\\/www.lilleliis.com\\\/et\\\/toode\\\/unenaopuudja-rongas\\\/#primaryimage\"},\"thumbnailUrl\":\"https:\\\/\\\/www.lilleliis.com\\\/wp-content\\\/uploads\\\/2026\\\/01\\\/unenaopuudja-rongad-metall.jpg.webp\",\"datePublished\":\"2026-01-12T14:28:58+00:00\",\"dateModified\":\"2026-01-12T14:30:54+00:00\",\"description\":\"Metallr\u00f5ngas unen\u00e4op\u00fc\u00fcdja valmistamiseks. H\u00f5bedav\u00e4rvi r\u00f5ngas on valmistatud 2 mm paksusest roostevabast terasest ning on saadaval l\u00e4bim\u00f5\u00f5duga 25 cm.\",\"breadcrumb\":{\"@id\":\"https:\\\/\\\/www.lilleliis.com\\\/et\\\/toode\\\/unenaopuudja-rongas\\\/#breadcrumb\"},\"inLanguage\":\"et\",\"potentialAction\":[{\"@type\":\"ReadAction\",\"target\":[\"https:\\\/\\\/www.lilleliis.com\\\/et\\\/toode\\\/unenaopuudja-rongas\\\/\"]}]},{\"@type\":\"ImageObject\",\"inLanguage\":\"et\",\"@id\":\"https:\\\/\\\/www.lilleliis.com\\\/et\\\/toode\\\/unenaopuudja-rongas\\\/#primaryimage\",\"url\":\"https:\\\/\\\/www.lilleliis.com\\\/wp-content\\\/uploads\\\/2026\\\/01\\\/unenaopuudja-rongad-metall.jpg.webp\",\"contentUrl\":\"https:\\\/\\\/www.lilleliis.com\\\/wp-content\\\/uploads\\\/2026\\\/01\\\/unenaopuudja-rongad-metall.jpg.webp\",\"width\":583,\"height\":583,\"caption\":\"unen\u00e4op\u00fc\u00fcdja r\u00f5ngad metall\"},{\"@type\":\"BreadcrumbList\",\"@id\":\"https:\\\/\\\/www.lilleliis.com\\\/et\\\/toode\\\/unenaopuudja-rongas\\\/#breadcrumb\",\"itemListElement\":[{\"@type\":\"ListItem\",\"position\":1,\"name\":\"Home\",\"item\":\"https:\\\/\\\/www.lilleliis.com\\\/et\\\/\"},{\"@type\":\"ListItem\",\"position\":2,\"name\":\"Pood\",\"item\":\"https:\\\/\\\/www.lilleliis.com\\\/et\\\/shop\\\/\"},{\"@type\":\"ListItem\",\"position\":3,\"name\":\"Unen\u00e4op\u00fc\u00fcdja r\u00f5ngas, 25 cm\"}]},{\"@type\":\"WebSite\",\"@id\":\"https:\\\/\\\/www.lilleliis.com\\\/et\\\/#website\",\"url\":\"https:\\\/\\\/www.lilleliis.com\\\/et\\\/\",\"name\":\"lilleliis\",\"description\":\"Amigurumi m\u00e4nguasjad ja mustrid\",\"potentialAction\":[{\"@type\":\"SearchAction\",\"target\":{\"@type\":\"EntryPoint\",\"urlTemplate\":\"https:\\\/\\\/www.lilleliis.com\\\/et\\\/?s={search_term_string}\"},\"query-input\":{\"@type\":\"PropertyValueSpecification\",\"valueRequired\":true,\"valueName\":\"search_term_string\"}}],\"inLanguage\":\"et\"}]}<\/script>\n<!-- \/ Yoast SEO plugin. -->","yoast_head_json":{"title":"Unen\u00e4op\u00fc\u00fcdja r\u00f5ngas, 25 cm | lilleliis","description":"Metallr\u00f5ngas unen\u00e4op\u00fc\u00fcdja valmistamiseks. H\u00f5bedav\u00e4rvi r\u00f5ngas on valmistatud 2 mm paksusest roostevabast terasest ning on saadaval l\u00e4bim\u00f5\u00f5duga 25 cm.","robots":{"index":"index","follow":"follow","max-snippet":"max-snippet:-1","max-image-preview":"max-image-preview:large","max-video-preview":"max-video-preview:-1"},"canonical":"https:\/\/www.lilleliis.com\/et\/toode\/unenaopuudja-rongas\/","og_locale":"et_EE","og_type":"article","og_title":"Unen\u00e4op\u00fc\u00fcdja r\u00f5ngas, 25 cm | lilleliis","og_description":"Metallr\u00f5ngas unen\u00e4op\u00fc\u00fcdja valmistamiseks. H\u00f5bedav\u00e4rvi r\u00f5ngas on valmistatud 2 mm paksusest roostevabast terasest ning on saadaval l\u00e4bim\u00f5\u00f5duga 25 cm.","og_url":"https:\/\/www.lilleliis.com\/et\/toode\/unenaopuudja-rongas\/","og_site_name":"lilleliis","article_publisher":"https:\/\/www.facebook.com\/lilleliis-283266335035799\/","article_modified_time":"2026-01-12T14:30:54+00:00","og_image":[{"width":583,"height":583,"url":"https:\/\/www.lilleliis.com\/wp-content\/uploads\/2026\/01\/unenaopuudja-rongad-metall.jpg.webp","type":"image\/webp"}],"twitter_card":"summary_large_image","twitter_misc":{"Est. reading time":"1 minute"},"schema":{"@context":"https:\/\/schema.org","@graph":[{"@type":"WebPage","@id":"https:\/\/www.lilleliis.com\/et\/toode\/unenaopuudja-rongas\/","url":"https:\/\/www.lilleliis.com\/et\/toode\/unenaopuudja-rongas\/","name":"Unen\u00e4op\u00fc\u00fcdja r\u00f5ngas, 25 cm | lilleliis","isPartOf":{"@id":"https:\/\/www.lilleliis.com\/et\/#website"},"primaryImageOfPage":{"@id":"https:\/\/www.lilleliis.com\/et\/toode\/unenaopuudja-rongas\/#primaryimage"},"image":{"@id":"https:\/\/www.lilleliis.com\/et\/toode\/unenaopuudja-rongas\/#primaryimage"},"thumbnailUrl":"https:\/\/www.lilleliis.com\/wp-content\/uploads\/2026\/01\/unenaopuudja-rongad-metall.jpg.webp","datePublished":"2026-01-12T14:28:58+00:00","dateModified":"2026-01-12T14:30:54+00:00","description":"Metallr\u00f5ngas unen\u00e4op\u00fc\u00fcdja valmistamiseks. H\u00f5bedav\u00e4rvi r\u00f5ngas on valmistatud 2 mm paksusest roostevabast terasest ning on saadaval l\u00e4bim\u00f5\u00f5duga 25 cm.","breadcrumb":{"@id":"https:\/\/www.lilleliis.com\/et\/toode\/unenaopuudja-rongas\/#breadcrumb"},"inLanguage":"et","potentialAction":[{"@type":"ReadAction","target":["https:\/\/www.lilleliis.com\/et\/toode\/unenaopuudja-rongas\/"]}]},{"@type":"ImageObject","inLanguage":"et","@id":"https:\/\/www.lilleliis.com\/et\/toode\/unenaopuudja-rongas\/#primaryimage","url":"https:\/\/www.lilleliis.com\/wp-content\/uploads\/2026\/01\/unenaopuudja-rongad-metall.jpg.webp","contentUrl":"https:\/\/www.lilleliis.com\/wp-content\/uploads\/2026\/01\/unenaopuudja-rongad-metall.jpg.webp","width":583,"height":583,"caption":"unen\u00e4op\u00fc\u00fcdja r\u00f5ngad metall"},{"@type":"BreadcrumbList","@id":"https:\/\/www.lilleliis.com\/et\/toode\/unenaopuudja-rongas\/#breadcrumb","itemListElement":[{"@type":"ListItem","position":1,"name":"Home","item":"https:\/\/www.lilleliis.com\/et\/"},{"@type":"ListItem","position":2,"name":"Pood","item":"https:\/\/www.lilleliis.com\/et\/shop\/"},{"@type":"ListItem","position":3,"name":"Unen\u00e4op\u00fc\u00fcdja r\u00f5ngas, 25 cm"}]},{"@type":"WebSite","@id":"https:\/\/www.lilleliis.com\/et\/#website","url":"https:\/\/www.lilleliis.com\/et\/","name":"lilleliis","description":"Amigurumi m\u00e4nguasjad ja mustrid","potentialAction":[{"@type":"SearchAction","target":{"@type":"EntryPoint","urlTemplate":"https:\/\/www.lilleliis.com\/et\/?s={search_term_string}"},"query-input":{"@type":"PropertyValueSpecification","valueRequired":true,"valueName":"search_term_string"}}],"inLanguage":"et"}]}},"_links":{"self":[{"href":"https:\/\/www.lilleliis.com\/et\/wp-json\/wp\/v2\/product\/104159","targetHints":{"allow":["GET"]}}],"collection":[{"href":"https:\/\/www.lilleliis.com\/et\/wp-json\/wp\/v2\/product"}],"about":[{"href":"https:\/\/www.lilleliis.com\/et\/wp-json\/wp\/v2\/types\/product"}],"replies":[{"embeddable":true,"href":"https:\/\/www.lilleliis.com\/et\/wp-json\/wp\/v2\/comments?post=104159"}],"wp:featuredmedia":[{"embeddable":true,"href":"https:\/\/www.lilleliis.com\/et\/wp-json\/wp\/v2\/media\/104160"}],"wp:attachment":[{"href":"https:\/\/www.lilleliis.com\/et\/wp-json\/wp\/v2\/media?parent=104159"}],"wp:term":[{"taxonomy":"product_brand","embeddable":true,"href":"https:\/\/www.lilleliis.com\/et\/wp-json\/wp\/v2\/product_brand?post=104159"},{"taxonomy":"product_cat","embeddable":true,"href":"https:\/\/www.lilleliis.com\/et\/wp-json\/wp\/v2\/product_cat?post=104159"},{"taxonomy":"product_tag","embeddable":true,"href":"https:\/\/www.lilleliis.com\/et\/wp-json\/wp\/v2\/product_tag?post=104159"}],"curies":[{"name":"wp","href":"https:\/\/api.w.org\/{rel}","templated":true}]}}