{"id":104165,"date":"2026-01-12T16:50:19","date_gmt":"2026-01-12T14:50:19","guid":{"rendered":"https:\/\/www.lilleliis.com\/?post_type=product&#038;p=104165"},"modified":"2026-02-26T17:35:12","modified_gmt":"2026-02-26T15:35:12","slug":"tikkimisraam","status":"publish","type":"product","link":"https:\/\/www.lilleliis.com\/et\/toode\/tikkimisraam\/","title":{"rendered":"Tikkimisraam, 29 cm"},"content":{"rendered":null,"protected":false},"excerpt":{"rendered":"<p>Hoia kangas alati ideaalselt pingul! See puidust tikkimisraam sobib k\u00e4sitsi tikkimiseks, aga ka viltimise v\u00f5i punch-needle projektide jaoks. Metallist pingutuskeermega kruvi tagab, et raam p\u00fcsib kindlalt paigal ja t\u00f6\u00f6 sujub vaevata.<\/p>\n<p>Tikkimisraam on valmistatud vastupidavast puidust ning saadaval l\u00e4bim\u00f5\u00f5duga 29 cm.<\/p>\n","protected":false},"featured_media":104166,"comment_status":"open","ping_status":"closed","template":"","meta":[],"product_brand":[1572],"product_cat":[429,568],"product_tag":[],"class_list":{"0":"post-104165","1":"product","2":"type-product","3":"status-publish","4":"has-post-thumbnail","6":"product_brand-opry","7":"product_cat-kasitoo-tarvikud","8":"product_cat-muud-tarvikud","10":"first","11":"instock","12":"taxable","13":"shipping-taxable","14":"purchasable","15":"product-type-simple"},"yoast_head":"<!-- This site is optimized with the Yoast SEO plugin v27.3 - https:\/\/yoast.com\/product\/yoast-seo-wordpress\/ -->\n<title>Tikkimisraam, 29 cm | lilleliis<\/title>\n<meta name=\"description\" content=\"Puidust tikkimisraam sobib k\u00e4sitsi tikkimiseks, aga ka viltimise v\u00f5i punch-needle projektide jaoks. Saadaval l\u00e4bim\u00f5\u00f5duga 29 cm.\" \/>\n<meta name=\"robots\" content=\"index, follow, max-snippet:-1, max-image-preview:large, max-video-preview:-1\" \/>\n<link rel=\"canonical\" href=\"https:\/\/www.lilleliis.com\/et\/toode\/tikkimisraam\/\" \/>\n<meta property=\"og:locale\" content=\"et_EE\" \/>\n<meta property=\"og:type\" content=\"article\" \/>\n<meta property=\"og:title\" content=\"Tikkimisraam, 29 cm | lilleliis\" \/>\n<meta property=\"og:description\" content=\"Puidust tikkimisraam sobib k\u00e4sitsi tikkimiseks, aga ka viltimise v\u00f5i punch-needle projektide jaoks. Saadaval l\u00e4bim\u00f5\u00f5duga 29 cm.\" \/>\n<meta property=\"og:url\" content=\"https:\/\/www.lilleliis.com\/et\/toode\/tikkimisraam\/\" \/>\n<meta property=\"og:site_name\" content=\"lilleliis\" \/>\n<meta property=\"article:publisher\" content=\"https:\/\/www.facebook.com\/lilleliis-283266335035799\/\" \/>\n<meta property=\"article:modified_time\" content=\"2026-02-26T15:35:12+00:00\" \/>\n<meta property=\"og:image\" content=\"https:\/\/www.lilleliis.com\/wp-content\/uploads\/2026\/01\/tikkimisraam1.jpg.webp\" \/>\n\t<meta property=\"og:image:width\" content=\"583\" \/>\n\t<meta property=\"og:image:height\" content=\"583\" \/>\n\t<meta property=\"og:image:type\" content=\"image\/webp\" \/>\n<meta name=\"twitter:card\" content=\"summary_large_image\" \/>\n<meta name=\"twitter:label1\" content=\"Est. reading time\" \/>\n\t<meta name=\"twitter:data1\" content=\"1 minute\" \/>\n<script type=\"application\/ld+json\" class=\"yoast-schema-graph\">{\"@context\":\"https:\\\/\\\/schema.org\",\"@graph\":[{\"@type\":\"WebPage\",\"@id\":\"https:\\\/\\\/www.lilleliis.com\\\/et\\\/toode\\\/tikkimisraam\\\/\",\"url\":\"https:\\\/\\\/www.lilleliis.com\\\/et\\\/toode\\\/tikkimisraam\\\/\",\"name\":\"Tikkimisraam, 29 cm | lilleliis\",\"isPartOf\":{\"@id\":\"https:\\\/\\\/www.lilleliis.com\\\/et\\\/#website\"},\"primaryImageOfPage\":{\"@id\":\"https:\\\/\\\/www.lilleliis.com\\\/et\\\/toode\\\/tikkimisraam\\\/#primaryimage\"},\"image\":{\"@id\":\"https:\\\/\\\/www.lilleliis.com\\\/et\\\/toode\\\/tikkimisraam\\\/#primaryimage\"},\"thumbnailUrl\":\"https:\\\/\\\/www.lilleliis.com\\\/wp-content\\\/uploads\\\/2026\\\/01\\\/tikkimisraam1.jpg.webp\",\"datePublished\":\"2026-01-12T14:50:19+00:00\",\"dateModified\":\"2026-02-26T15:35:12+00:00\",\"description\":\"Puidust tikkimisraam sobib k\u00e4sitsi tikkimiseks, aga ka viltimise v\u00f5i punch-needle projektide jaoks. Saadaval l\u00e4bim\u00f5\u00f5duga 29 cm.\",\"breadcrumb\":{\"@id\":\"https:\\\/\\\/www.lilleliis.com\\\/et\\\/toode\\\/tikkimisraam\\\/#breadcrumb\"},\"inLanguage\":\"et\",\"potentialAction\":[{\"@type\":\"ReadAction\",\"target\":[\"https:\\\/\\\/www.lilleliis.com\\\/et\\\/toode\\\/tikkimisraam\\\/\"]}]},{\"@type\":\"ImageObject\",\"inLanguage\":\"et\",\"@id\":\"https:\\\/\\\/www.lilleliis.com\\\/et\\\/toode\\\/tikkimisraam\\\/#primaryimage\",\"url\":\"https:\\\/\\\/www.lilleliis.com\\\/wp-content\\\/uploads\\\/2026\\\/01\\\/tikkimisraam1.jpg.webp\",\"contentUrl\":\"https:\\\/\\\/www.lilleliis.com\\\/wp-content\\\/uploads\\\/2026\\\/01\\\/tikkimisraam1.jpg.webp\",\"width\":583,\"height\":583,\"caption\":\"tikkimisraam\"},{\"@type\":\"BreadcrumbList\",\"@id\":\"https:\\\/\\\/www.lilleliis.com\\\/et\\\/toode\\\/tikkimisraam\\\/#breadcrumb\",\"itemListElement\":[{\"@type\":\"ListItem\",\"position\":1,\"name\":\"Home\",\"item\":\"https:\\\/\\\/www.lilleliis.com\\\/et\\\/\"},{\"@type\":\"ListItem\",\"position\":2,\"name\":\"Pood\",\"item\":\"https:\\\/\\\/www.lilleliis.com\\\/et\\\/shop\\\/\"},{\"@type\":\"ListItem\",\"position\":3,\"name\":\"Tikkimisraam, 29 cm\"}]},{\"@type\":\"WebSite\",\"@id\":\"https:\\\/\\\/www.lilleliis.com\\\/et\\\/#website\",\"url\":\"https:\\\/\\\/www.lilleliis.com\\\/et\\\/\",\"name\":\"lilleliis\",\"description\":\"Amigurumi m\u00e4nguasjad ja mustrid\",\"potentialAction\":[{\"@type\":\"SearchAction\",\"target\":{\"@type\":\"EntryPoint\",\"urlTemplate\":\"https:\\\/\\\/www.lilleliis.com\\\/et\\\/?s={search_term_string}\"},\"query-input\":{\"@type\":\"PropertyValueSpecification\",\"valueRequired\":true,\"valueName\":\"search_term_string\"}}],\"inLanguage\":\"et\"}]}<\/script>\n<!-- \/ Yoast SEO plugin. -->","yoast_head_json":{"title":"Tikkimisraam, 29 cm | lilleliis","description":"Puidust tikkimisraam sobib k\u00e4sitsi tikkimiseks, aga ka viltimise v\u00f5i punch-needle projektide jaoks. Saadaval l\u00e4bim\u00f5\u00f5duga 29 cm.","robots":{"index":"index","follow":"follow","max-snippet":"max-snippet:-1","max-image-preview":"max-image-preview:large","max-video-preview":"max-video-preview:-1"},"canonical":"https:\/\/www.lilleliis.com\/et\/toode\/tikkimisraam\/","og_locale":"et_EE","og_type":"article","og_title":"Tikkimisraam, 29 cm | lilleliis","og_description":"Puidust tikkimisraam sobib k\u00e4sitsi tikkimiseks, aga ka viltimise v\u00f5i punch-needle projektide jaoks. Saadaval l\u00e4bim\u00f5\u00f5duga 29 cm.","og_url":"https:\/\/www.lilleliis.com\/et\/toode\/tikkimisraam\/","og_site_name":"lilleliis","article_publisher":"https:\/\/www.facebook.com\/lilleliis-283266335035799\/","article_modified_time":"2026-02-26T15:35:12+00:00","og_image":[{"width":583,"height":583,"url":"https:\/\/www.lilleliis.com\/wp-content\/uploads\/2026\/01\/tikkimisraam1.jpg.webp","type":"image\/webp"}],"twitter_card":"summary_large_image","twitter_misc":{"Est. reading time":"1 minute"},"schema":{"@context":"https:\/\/schema.org","@graph":[{"@type":"WebPage","@id":"https:\/\/www.lilleliis.com\/et\/toode\/tikkimisraam\/","url":"https:\/\/www.lilleliis.com\/et\/toode\/tikkimisraam\/","name":"Tikkimisraam, 29 cm | lilleliis","isPartOf":{"@id":"https:\/\/www.lilleliis.com\/et\/#website"},"primaryImageOfPage":{"@id":"https:\/\/www.lilleliis.com\/et\/toode\/tikkimisraam\/#primaryimage"},"image":{"@id":"https:\/\/www.lilleliis.com\/et\/toode\/tikkimisraam\/#primaryimage"},"thumbnailUrl":"https:\/\/www.lilleliis.com\/wp-content\/uploads\/2026\/01\/tikkimisraam1.jpg.webp","datePublished":"2026-01-12T14:50:19+00:00","dateModified":"2026-02-26T15:35:12+00:00","description":"Puidust tikkimisraam sobib k\u00e4sitsi tikkimiseks, aga ka viltimise v\u00f5i punch-needle projektide jaoks. Saadaval l\u00e4bim\u00f5\u00f5duga 29 cm.","breadcrumb":{"@id":"https:\/\/www.lilleliis.com\/et\/toode\/tikkimisraam\/#breadcrumb"},"inLanguage":"et","potentialAction":[{"@type":"ReadAction","target":["https:\/\/www.lilleliis.com\/et\/toode\/tikkimisraam\/"]}]},{"@type":"ImageObject","inLanguage":"et","@id":"https:\/\/www.lilleliis.com\/et\/toode\/tikkimisraam\/#primaryimage","url":"https:\/\/www.lilleliis.com\/wp-content\/uploads\/2026\/01\/tikkimisraam1.jpg.webp","contentUrl":"https:\/\/www.lilleliis.com\/wp-content\/uploads\/2026\/01\/tikkimisraam1.jpg.webp","width":583,"height":583,"caption":"tikkimisraam"},{"@type":"BreadcrumbList","@id":"https:\/\/www.lilleliis.com\/et\/toode\/tikkimisraam\/#breadcrumb","itemListElement":[{"@type":"ListItem","position":1,"name":"Home","item":"https:\/\/www.lilleliis.com\/et\/"},{"@type":"ListItem","position":2,"name":"Pood","item":"https:\/\/www.lilleliis.com\/et\/shop\/"},{"@type":"ListItem","position":3,"name":"Tikkimisraam, 29 cm"}]},{"@type":"WebSite","@id":"https:\/\/www.lilleliis.com\/et\/#website","url":"https:\/\/www.lilleliis.com\/et\/","name":"lilleliis","description":"Amigurumi m\u00e4nguasjad ja mustrid","potentialAction":[{"@type":"SearchAction","target":{"@type":"EntryPoint","urlTemplate":"https:\/\/www.lilleliis.com\/et\/?s={search_term_string}"},"query-input":{"@type":"PropertyValueSpecification","valueRequired":true,"valueName":"search_term_string"}}],"inLanguage":"et"}]}},"_links":{"self":[{"href":"https:\/\/www.lilleliis.com\/et\/wp-json\/wp\/v2\/product\/104165","targetHints":{"allow":["GET"]}}],"collection":[{"href":"https:\/\/www.lilleliis.com\/et\/wp-json\/wp\/v2\/product"}],"about":[{"href":"https:\/\/www.lilleliis.com\/et\/wp-json\/wp\/v2\/types\/product"}],"replies":[{"embeddable":true,"href":"https:\/\/www.lilleliis.com\/et\/wp-json\/wp\/v2\/comments?post=104165"}],"wp:featuredmedia":[{"embeddable":true,"href":"https:\/\/www.lilleliis.com\/et\/wp-json\/wp\/v2\/media\/104166"}],"wp:attachment":[{"href":"https:\/\/www.lilleliis.com\/et\/wp-json\/wp\/v2\/media?parent=104165"}],"wp:term":[{"taxonomy":"product_brand","embeddable":true,"href":"https:\/\/www.lilleliis.com\/et\/wp-json\/wp\/v2\/product_brand?post=104165"},{"taxonomy":"product_cat","embeddable":true,"href":"https:\/\/www.lilleliis.com\/et\/wp-json\/wp\/v2\/product_cat?post=104165"},{"taxonomy":"product_tag","embeddable":true,"href":"https:\/\/www.lilleliis.com\/et\/wp-json\/wp\/v2\/product_tag?post=104165"}],"curies":[{"name":"wp","href":"https:\/\/api.w.org\/{rel}","templated":true}]}}